{"id":128287,"date":"2023-05-14T13:48:36","date_gmt":"2023-05-14T13:48:36","guid":{"rendered":"http:\/\/talkpal.ai\/kiinan-kielioppi\/"},"modified":"2025-06-17T16:40:04","modified_gmt":"2025-06-17T16:40:04","slug":"kiinan-kielioppi","status":"publish","type":"page","link":"https:\/\/talkpal.ai\/fi\/kiinan-kielioppi\/","title":{"rendered":"Kiinan kielioppi"},"content":{"rendered":"\r\n\r\n\r\n<section class=\"languageChallengeSection\">\r\n    <div class=\"languageInfoWrapper\">\r\n        \r\n        <h1>Kiinan kielioppi<\/h1>\r\n        <p>Vahvista kiinan kielen taitoasi oppimalla keskeiset kielioppirakenteet ja k\u00e4ytt\u00f6tavat. Aloita kiinan kieliopin parantaminen jo t\u00e4n\u00e4\u00e4n ja kommunikoi luottavaisin mielin!<\/p>\r\n\r\n                            <a class=\"getStartedHidden\" href=\"https:\/\/app.talkpal.ai\/fi\/signup?lng=\">Aloita<\/a>\r\n        \r\n    <\/div>\r\n\r\n    <figure>\r\n    <img decoding=\"async\" width=\"768\" height=\"768\" src=\"https:\/\/talkpal.ai\/wp-content\/uploads\/2023\/06\/chinese-768x768.png\" class=\"languageImage no-lazy\" alt=\"Default alt text\" fetchpriority=\"high\" sizes=\"(max-width: 768px) 150px, 768px\" srcset=\"https:\/\/talkpal.ai\/wp-content\/uploads\/2023\/06\/chinese-768x768.png 768w, https:\/\/talkpal.ai\/wp-content\/uploads\/2023\/06\/chinese-300x300.png 300w\" \/>\r\n    \r\n\r\n    <\/figure>\r\n\r\n            <a class=\"getStartedVisible\" href=\"https:\/\/app.talkpal.ai\/fi\/signup?lng=\">Aloita<\/a>\r\n    \r\n<\/section>\r\n        <section class=\"grammarSection\">\r\n            <div class=\"grammarLinks\">\r\n                <a href=\"https:\/\/talkpal.ai\/fi\/language\/adjektiivit-kiinan-kielioppi\/\">Adjektiivit <\/a><a href=\"https:\/\/talkpal.ai\/fi\/language\/adverbit-kiinan-kielioppi\/\">Adverbit <\/a><a href=\"https:\/\/talkpal.ai\/fi\/language\/aikamuodot-kiinan-kielioppi\/\">Aikamuodot <\/a><a href=\"https:\/\/talkpal.ai\/fi\/language\/artikkelit-kiinan-kielioppi\/\">Artikkelit <\/a><a href=\"https:\/\/talkpal.ai\/fi\/language\/lauserakenne-kiinan-kielioppi\/\">Lauserakenne <\/a><a href=\"https:\/\/talkpal.ai\/fi\/language\/prepositiot-kiinan-kielioppi\/\">Prepositiot <\/a><a href=\"https:\/\/talkpal.ai\/fi\/language\/pronominit-kiinan-kielioppi\/\">Pronominit <\/a><a href=\"https:\/\/talkpal.ai\/fi\/language\/substantiivit-kiinan-kielioppi\/\">Substantiivit <\/a><a href=\"https:\/\/talkpal.ai\/fi\/language\/verbit-kiinan-kielioppi\/\">Verbit <\/a>            <\/div>\r\n        <\/section>\r\n    <section class=\"promotionalBanner\">\r\n    <p class=\"promotionalText\">Tehokkain tapa oppia kielt\u00e4<\/p>\r\n    <a class=\"promotionalLink\" href=\"https:\/\/app.talkpal.ai\/fi\/signup?lng=\">Kokeile Talkpal ilmaiseksi<\/a>\r\n<\/section>\n<div class=\"wp-block-group pageContainerStyle\"><div class=\"wp-block-group__inner-container is-layout-constrained wp-block-group-is-layout-constrained\">\n<h2 class=\"wp-block-heading\" id=\"h-chinese-grammar-the-key-to-mastering-mandarin\">Kiinan kielioppi: avain mandariinin hallintaan<\/h2>\n\n\n\n<p>Oletko kunnianhimoinen kielenoppija, joka on asettanut tavoitteekseen mandariinikiinan hallinnan? Jos n\u00e4in on, onnittelut! Kiinan kielen torjunta on loistava tapa laajentaa globaalia ajattelutapaasi, olla yhteydess\u00e4 monenlaisiin puhujiin ja haastaa itsesi \u00e4lyllisesti. Kuitenkin 1,2 miljardia \u00e4idinkielen\u00e4\u00e4n puhuvaa ja kielij\u00e4rjestelm\u00e4, joka eroaa suuresti l\u00e4nsimaisista kielist\u00e4, <a href=\"https:\/\/talkpal.ai\/fi\/grammar\/aspect-kiinan-kielioppi\/\">kiinan kielioppi<\/a> voi tuntua melko pelottavalta. \u00c4l\u00e4 pelk\u00e4\u00e4! Lue t\u00e4st\u00e4 aloittelijoille suunnattu kiinan kieliopin pikakurssi, joka on sek\u00e4 mukaansatempaava ett\u00e4 informatiivinen.<\/p>\n\n\n\n<p><strong>Ensinn\u00e4kin: unohda se, mit\u00e4 tied\u00e4t eurooppalaisista kielist\u00e4!<\/strong><\/p>\n\n\n\n<p>Yksi merkitt\u00e4v\u00e4 syy siihen, ett\u00e4 <a href=\"https:\/\/talkpal.ai\/fi\/grammar\/aspect-kiinan-kielioppi\/\">kiinan kielioppi<\/a> pelottaa kieltenopiskelijoita, on se, ett\u00e4 se eroaa radikaalisti &#8221;subjekti-verbi-objekti&#8221;-rakenteesta, johon olemme tottuneet esimerkiksi englannin, espanjan <a href=\"https:\/\/talkpal.ai\/learn-thai\/\">tai<\/a> ranskan kieliss\u00e4. Ved\u00e4 siis syv\u00e4\u00e4n henke\u00e4 ja sukelletaan kielis\u00e4\u00e4nt\u00f6jen ja -k\u00e4sitteiden aivan uuteen universumiin!<\/p>\n\n\n\n<h3 class=\"wp-block-heading\" id=\"h-1-word-order-is-king\">1. Sanaj\u00e4rjestys on kuningas<\/h3>\n\n\n\n<p>Vaikka kiinan kieliopissa ei ole aikamuotoja, verbien taivutuksia tai monikkoja, oikea lauserakenne on ensiarvoisen t\u00e4rke\u00e4. Joten miten oikea sanaj\u00e4rjestys saavutetaan? Useimmissa tapauksissa seuraa yksinkertaisesti &#8221;subjekti-verbi-objekti&#8221; -mallia (samanlainen kuin <a href=\"https:\/\/talkpal.ai\/learn-english-with-ai\/\">englanti<\/a>). Esimerkiksi:<\/p>\n\n\n\n<p><a href=\"https:\/\/talkpal.ai\/learn-english-with-ai\/\">Englanti<\/a>: Rakastan sinua.<br\/>Kiina: \u6211\u7231\u4f60\u3002 W\u01d2 \u00e0i n\u01d0.<\/p>\n\n\n\n<p>On olemassa monimutkaisempia rakenteita, mutta vahvan perustan kehitt\u00e4minen tekee niist\u00e4 helpommin ymm\u00e4rrett\u00e4vi\u00e4, kun edistyt.<\/p>\n\n\n\n<h3 class=\"wp-block-heading\" id=\"h-2-particles-particles-everywhere\">2. Hiukkasia, hiukkasia kaikkialla!<\/h3>\n\n\n\n<p>Kiinan kieliopissa hiukkasilla on kriittinen rooli merkityksen v\u00e4litt\u00e4misess\u00e4. Yksi yleisimmist\u00e4 partikkeleista on &#8221;\u4e86 (le)&#8221;, joka ilmaisee suoritetun toiminnon. Esimerkiksi:<\/p>\n\n\n\n<p>\u6211\u5403\u4e86\u3002W\u01d2 ch\u012b le. &#8211; &#8221;Olen sy\u00f6nyt.&#8221;<\/p>\n\n\n\n<p>Toinen yleinen partikkeli on &#8221;\u5427 (ba)&#8221;, joka muuttaa lausuman ehdotukseksi tai kysymykseksi:<\/p>\n\n\n\n<p>\u8d70\u5427\uff01Z\u01d2u ba! &#8211; &#8221;Menn\u00e4\u00e4n!&#8221;<\/p>\n\n\n\n<p>Eri hiukkasten toimintojen ymm\u00e4rt\u00e4minen on avain kiinan kieliopin vivahteiden hallintaan.<\/p>\n\n\n\n<h3 class=\"wp-block-heading\" id=\"h-3-measure-words-quality-not-quantity\">3. Mittaa sanat: laatu, ei m\u00e4\u00e4r\u00e4<\/h3>\n\n\n\n<p>Kiinaksi substantiivit eiv\u00e4t ole monikossa. Sen sijaan he k\u00e4ytt\u00e4v\u00e4t mittasanoja (tunnetaan my\u00f6s luokittelijoina) ilmaisemaan m\u00e4\u00e4r\u00e4\u00e4. Mittaussanat lis\u00e4t\u00e4\u00e4n numeron ja substantiivin v\u00e4liin. Esimerkiksi:<\/p>\n\n\n\n<p>\u4e00\u672c\u4e66 &#8211; Y\u012b b\u011bn <a href=\"https:\/\/talkpal.ai\/locations\/language-courses-in-shu\/\">sh\u016b<\/a> &#8211; &#8221;yksi kirja&#8221;<\/p>\n\n\n\n<p>Huomaa, ett\u00e4 \u672c (b\u011bn) on k\u00e4yt\u00f6ss\u00e4 kirjojen mittasanana. Eri substantiivit vaativat eri mittasanoja, ja vaikka t\u00e4m\u00e4 saattaa aluksi tuntua h\u00e4mment\u00e4v\u00e4lt\u00e4, se muuttuu harjoituksen my\u00f6t\u00e4 luonnolliseksi.<\/p>\n\n\n\n<h3 class=\"wp-block-heading\" id=\"h-4-the-magic-of-compound-words\">4. Yhdyssanojen taika<\/h3>\n\n\n\n<p>Kiina on t\u00e4ynn\u00e4 yhdyssanoja, jotka muodostetaan yhdist\u00e4m\u00e4ll\u00e4 kaksi tai useampia merkkej\u00e4. T\u00e4m\u00e4 ei ainoastaan yksinkertaista sanaston oppimista, vaan mahdollistaa my\u00f6s el\u00e4v\u00e4n kuvan ja kontekstin. Esimerkiksi:<\/p>\n\n\n\n<p>\u706b\u8f66 &#8211; Hu\u01d2ch\u0113 &#8211; &#8221;juna&#8221; (kirjaimellisesti: &#8221;paloauto&#8221;).<br\/>\u7535\u8bdd &#8211; Di\u00e0nhu\u00e0 &#8211; &#8221;puhelin&#8221; (kirjaimellisesti: &#8221;s\u00e4hk\u00f6inen puhe&#8221;)<\/p>\n\n\n\n<p>Kun ymm\u00e4rr\u00e4t yksitt\u00e4isten merkkien merkityksen, voit helposti p\u00e4\u00e4tell\u00e4 sellaisten yhdyssanojen merkityksen, joita et ole koskaan ennen kohdannut.<\/p>\n\n\n\n<h3 class=\"wp-block-heading\" id=\"h-5-no-tenses-no-problem\">5. Ei aikamuotoja? Ei h\u00e4t\u00e4\u00e4!<\/h3>\n\n\n\n<p>Yksi kiinan virkist\u00e4vimmist\u00e4 puolista on verbien taivutusten puute eri aikamuodoissa. Mutta miten ilmaiset aikaa? Yksinkertainen! Lis\u00e4\u00e4 vain sanat, jotka osoittavat aikataulun, kuten:<\/p>\n\n\n\n<p>\u6628\u5929 &#8211; Zu\u00f3ti\u0101n &#8211; &#8221;eilinen&#8221;<br\/>\u660e\u5929 &#8211; M\u00edngti\u0101n &#8211; &#8221;huomenna&#8221;<\/p>\n\n\n\n<p><strong>Esimerkiksi:<\/strong><\/p>\n\n\n\n<p>\u6211\u6628\u5929\u5403\u4e86\u996d\u3002W\u01d2 zu\u00f3ti\u0101n ch\u012b le f\u00e0n. &#8211; &#8221;S\u00f6in eilen ruokaa.&#8221;<br\/>\u6211\u660e\u5929\u5403\u996d\u3002W\u01d2 m\u00edngti\u0101n ch\u012b f\u00e0n. &#8211; &#8221;Sy\u00f6n ruokaa huomenna.&#8221;<\/p>\n\n\n\n<p>Onnittelen! Olet ottanut ensimm\u00e4iset askeleet kohti kiinan kieliopin hallintaa. Muista: harjoitus tekee mestarin. \u00c4l\u00e4 siis kaihda uusien kielioppirakenteiden tutkimista, keskustelua \u00e4idinkielisten puhujien kanssa ja perustan vahvistamista. Mandariinin kieli odottaa sinua &#8211; hyv\u00e4\u00e4 oppimista!<\/p>\n<\/div><\/div>\n\r\n<section class=\"learnNavigationSection\">\r\n            \r\n        <a href=\"https:\/\/talkpal.ai\/fi\/opi-kiinaa\/\">\r\n            <div class=\"learnNavigationWrapper\">\r\n                <div class=\"learnNavigationContent\">\r\n                    <img decoding=\"async\" src=\"https:\/\/talkpal.ai\/wp-content\/uploads\/2024\/08\/Chinese.jpg\" alt=\"Chinese Flag\u00a0\">\r\n                    <div>\r\n                        <h4>Tietoja kiinan oppimisesta<\/h4>\r\n                        <p>Tutustu kiinan kielioppiin.<\/p>\r\n                    <\/div>\r\n                <\/div>\r\n            <\/div>\r\n        <\/a>\r\n\r\n        \r\n        <a href=\"https:\/\/talkpal.ai\/fi\/kiinan-kielioppiharjoitukset\/\">\r\n            <div class=\"learnNavigationWrapper\">\r\n                <div class=\"learnNavigationContent\">\r\n                    <img decoding=\"async\" src=\"https:\/\/talkpal.ai\/wp-content\/uploads\/2024\/08\/Chinese.jpg\" alt=\"Chinese Flag\u00a0\">\r\n                    <div>\r\n                        <h4>Kiinan kielioppi Harjoitus<\/h4>\r\n                        <p>Harjoittele kiinan kielioppia.<\/p>\r\n                    <\/div>\r\n                <\/div>\r\n            <\/div>\r\n        <\/a>\r\n\r\n        \r\n        <a href=\"https:\/\/talkpal.ai\/vocabulary_language\/chinese\/\">\r\n            <div class=\"learnNavigationWrapper\">\r\n                <div class=\"learnNavigationContent\">\r\n                    <img decoding=\"async\" src=\"https:\/\/talkpal.ai\/wp-content\/uploads\/2024\/08\/Chinese.jpg\" alt=\"Chinese Flag\u00a0\">\r\n                    <div>\r\n                        <h4>Kiinan sanastoa<\/h4>\r\n                        <p>Laajenna kiinalaista sanavarastoasi.<\/p>\r\n                    <\/div>\r\n                <\/div>\r\n            <\/div>\r\n        <\/a>\r\n\r\n            <\/section>","protected":false},"excerpt":{"rendered":"<p>Kiinan kielioppi: avain mandariinin hallintaan Oletko kunnianhimoinen kielenoppija, joka on asettanut tavoitteekseen mandariinikiinan hallinnan? Jos n\u00e4in on, onnittelut! Kiinan kielen torjunta on loistava tapa laajentaa globaalia ajattelutapaasi, olla yhteydess\u00e4 monenlaisiin puhujiin ja haastaa itsesi \u00e4lyllisesti. Kuitenkin 1,2 miljardia \u00e4idinkielen\u00e4\u00e4n puhuvaa ja kielij\u00e4rjestelm\u00e4, joka eroaa suuresti l\u00e4nsimaisista kielist\u00e4, kiinan kielioppi voi tuntua melko pelottavalta. \u00c4l\u00e4 pelk\u00e4\u00e4! [&hellip;]<\/p>\n","protected":false},"author":1,"featured_media":11557,"parent":0,"menu_order":0,"comment_status":"closed","ping_status":"closed","template":"LearningContentPage.php","meta":{"_acf_changed":false,"footnotes":""},"class_list":["post-128287","page","type-page","status-publish","has-post-thumbnail","hentry"],"acf":[],"yoast_head":"<!-- This site is optimized with the Yoast SEO Premium plugin v27.2 (Yoast SEO v27.2) - https:\/\/yoast.com\/product\/yoast-seo-premium-wordpress\/ -->\n<title>Kiinan kielioppi - Talkpal<\/title>\n<meta name=\"description\" content=\"Avaa kiinan kieliopin salaisuudet ymm\u00e4rt\u00e4\u00e4ksesi paremmin kiinan kielt\u00e4 ja kulttuuria.\" \/>\n<meta name=\"robots\" content=\"index, follow, max-snippet:-1, max-image-preview:large, max-video-preview:-1\" \/>\n<link rel=\"canonical\" href=\"https:\/\/talkpal.ai\/fi\/kiinan-kielioppi\/\" \/>\n<meta property=\"og:locale\" content=\"fi_FI\" \/>\n<meta property=\"og:type\" content=\"article\" \/>\n<meta property=\"og:title\" content=\"Kiinan kielioppi\" \/>\n<meta property=\"og:description\" content=\"Kiinan kielioppi: avain mandariinin hallintaan Oletko kunnianhimoinen kielenoppija, joka on asettanut tavoitteekseen mandariinikiinan hallinnan? Jos n\u00e4in\" \/>\n<meta property=\"og:url\" content=\"https:\/\/talkpal.ai\/fi\/kiinan-kielioppi\/\" \/>\n<meta property=\"og:site_name\" content=\"Talkpal\" \/>\n<meta property=\"article:publisher\" content=\"https:\/\/www.facebook.com\/profile.php?id=100090733639311\" \/>\n<meta property=\"article:modified_time\" content=\"2025-06-17T16:40:04+00:00\" \/>\n<meta property=\"og:image\" content=\"https:\/\/talkpal.ai\/wp-content\/uploads\/2023\/04\/china.png\" \/>\n\t<meta property=\"og:image:width\" content=\"512\" \/>\n\t<meta property=\"og:image:height\" content=\"512\" \/>\n\t<meta property=\"og:image:type\" content=\"image\/png\" \/>\n<meta name=\"twitter:card\" content=\"summary_large_image\" \/>\n<meta name=\"twitter:site\" content=\"@talkpalai\" \/>\n<meta name=\"twitter:label1\" content=\"Arvioitu lukuaika\" \/>\n\t<meta name=\"twitter:data1\" content=\"2 minuuttia\" \/>\n<script type=\"application\/ld+json\" class=\"yoast-schema-graph\">{\"@context\":\"https:\/\/schema.org\",\"@graph\":[{\"@type\":\"WebPage\",\"@id\":\"https:\/\/talkpal.ai\/fi\/kiinan-kielioppi\/\",\"url\":\"https:\/\/talkpal.ai\/fi\/kiinan-kielioppi\/\",\"name\":\"Kiinan kielioppi - Talkpal\",\"isPartOf\":{\"@id\":\"https:\/\/talkpal.ai\/fi\/#website\"},\"primaryImageOfPage\":{\"@id\":\"https:\/\/talkpal.ai\/fi\/kiinan-kielioppi\/#primaryimage\"},\"image\":{\"@id\":\"https:\/\/talkpal.ai\/fi\/kiinan-kielioppi\/#primaryimage\"},\"thumbnailUrl\":\"https:\/\/talkpal.ai\/wp-content\/uploads\/2023\/04\/china.png\",\"datePublished\":\"2023-05-14T13:48:36+00:00\",\"dateModified\":\"2025-06-17T16:40:04+00:00\",\"description\":\"Avaa kiinan kieliopin salaisuudet ymm\u00e4rt\u00e4\u00e4ksesi paremmin kiinan kielt\u00e4 ja kulttuuria.\",\"breadcrumb\":{\"@id\":\"https:\/\/talkpal.ai\/fi\/kiinan-kielioppi\/#breadcrumb\"},\"inLanguage\":\"fi\",\"potentialAction\":[{\"@type\":\"ReadAction\",\"target\":[\"https:\/\/talkpal.ai\/fi\/kiinan-kielioppi\/\"]}]},{\"@type\":\"ImageObject\",\"inLanguage\":\"fi\",\"@id\":\"https:\/\/talkpal.ai\/fi\/kiinan-kielioppi\/#primaryimage\",\"url\":\"https:\/\/talkpal.ai\/wp-content\/uploads\/2023\/04\/china.png\",\"contentUrl\":\"https:\/\/talkpal.ai\/wp-content\/uploads\/2023\/04\/china.png\",\"width\":512,\"height\":512},{\"@type\":\"BreadcrumbList\",\"@id\":\"https:\/\/talkpal.ai\/fi\/kiinan-kielioppi\/#breadcrumb\",\"itemListElement\":[{\"@type\":\"ListItem\",\"position\":1,\"name\":\"Homepage\",\"item\":\"https:\/\/talkpal.ai\/fi\/\"},{\"@type\":\"ListItem\",\"position\":2,\"name\":\"Kiinan kielioppi\"}]},{\"@type\":\"WebSite\",\"@id\":\"https:\/\/talkpal.ai\/fi\/#website\",\"url\":\"https:\/\/talkpal.ai\/fi\/\",\"name\":\"Talkpal\",\"description\":\"AI Language Learning\",\"publisher\":{\"@id\":\"https:\/\/talkpal.ai\/fi\/#organization\"},\"alternateName\":\"Talkpal AI\",\"potentialAction\":[{\"@type\":\"SearchAction\",\"target\":{\"@type\":\"EntryPoint\",\"urlTemplate\":\"https:\/\/talkpal.ai\/fi\/?s={search_term_string}\"},\"query-input\":{\"@type\":\"PropertyValueSpecification\",\"valueRequired\":true,\"valueName\":\"search_term_string\"}}],\"inLanguage\":\"fi\"},{\"@type\":\"Organization\",\"@id\":\"https:\/\/talkpal.ai\/fi\/#organization\",\"name\":\"Talkpal, Inc.\",\"alternateName\":\"Talkpal AI\",\"url\":\"https:\/\/talkpal.ai\/fi\/\",\"logo\":{\"@type\":\"ImageObject\",\"inLanguage\":\"fi\",\"@id\":\"https:\/\/talkpal.ai\/fi\/#\/schema\/logo\/image\/\",\"url\":\"https:\/\/talkpal.ai\/wp-content\/uploads\/2024\/03\/Talkpal-Logo-Icon.png\",\"contentUrl\":\"https:\/\/talkpal.ai\/wp-content\/uploads\/2024\/03\/Talkpal-Logo-Icon.png\",\"width\":2880,\"height\":2880,\"caption\":\"Talkpal, Inc.\"},\"image\":{\"@id\":\"https:\/\/talkpal.ai\/fi\/#\/schema\/logo\/image\/\"},\"sameAs\":[\"https:\/\/www.facebook.com\/profile.php?id=100090733639311\",\"https:\/\/x.com\/talkpalai\",\"https:\/\/www.linkedin.com\/company\/talkpal\/\",\"https:\/\/www.youtube.com\/@TalkPal\/\",\"https:\/\/www.tiktok.com\/@talkpal\",\"https:\/\/www.instagram.com\/talkpal_ai\/\",\"https:\/\/www.crunchbase.com\/organization\/talkpal-9cde\",\"https:\/\/www.g2.com\/products\/talkpal-for-business\/\",\"https:\/\/www.trustpilot.com\/review\/talkpal.ai\",\"https:\/\/www.capterra.com\/p\/10006800\/TalkPal\/\"],\"description\":\"Talkpal is a language learning web and mobile education app, powered by the latest AI technologies, that provides engaging experiences to its customers in many different languages to help them improve their language skills. Users can chat about unlimited amount of topics with the app and use other modes to practice their language learning.\",\"email\":\"support@talkpal.ai\",\"legalName\":\"Talkpal, Inc.\",\"foundingDate\":\"2023-04-03\",\"duns\":\"118989042\",\"numberOfEmployees\":{\"@type\":\"QuantitativeValue\",\"minValue\":\"11\",\"maxValue\":\"50\"},\"publishingPrinciples\":\"https:\/\/talkpal.ai\/publishing-principles\/\",\"actionableFeedbackPolicy\":\"https:\/\/talkpal.ai\/actionable-feedback-policy\/\",\"correctionsPolicy\":\"https:\/\/talkpal.ai\/corrections-policy\/\",\"ethicsPolicy\":\"https:\/\/talkpal.ai\/ethics-policy\/\",\"diversityPolicy\":\"https:\/\/talkpal.ai\/diversity-policy\/\",\"diversityStaffingReport\":\"https:\/\/talkpal.ai\/diversity-policy\/\"}]}<\/script>\n<!-- \/ Yoast SEO Premium plugin. -->","yoast_head_json":{"title":"Kiinan kielioppi - Talkpal","description":"Avaa kiinan kieliopin salaisuudet ymm\u00e4rt\u00e4\u00e4ksesi paremmin kiinan kielt\u00e4 ja kulttuuria.","robots":{"index":"index","follow":"follow","max-snippet":"max-snippet:-1","max-image-preview":"max-image-preview:large","max-video-preview":"max-video-preview:-1"},"canonical":"https:\/\/talkpal.ai\/fi\/kiinan-kielioppi\/","og_locale":"fi_FI","og_type":"article","og_title":"Kiinan kielioppi","og_description":"Kiinan kielioppi: avain mandariinin hallintaan Oletko kunnianhimoinen kielenoppija, joka on asettanut tavoitteekseen mandariinikiinan hallinnan? Jos n\u00e4in","og_url":"https:\/\/talkpal.ai\/fi\/kiinan-kielioppi\/","og_site_name":"Talkpal","article_publisher":"https:\/\/www.facebook.com\/profile.php?id=100090733639311","article_modified_time":"2025-06-17T16:40:04+00:00","og_image":[{"width":512,"height":512,"url":"https:\/\/talkpal.ai\/wp-content\/uploads\/2023\/04\/china.png","type":"image\/png"}],"twitter_card":"summary_large_image","twitter_site":"@talkpalai","twitter_misc":{"Arvioitu lukuaika":"2 minuuttia"},"schema":{"@context":"https:\/\/schema.org","@graph":[{"@type":"WebPage","@id":"https:\/\/talkpal.ai\/fi\/kiinan-kielioppi\/","url":"https:\/\/talkpal.ai\/fi\/kiinan-kielioppi\/","name":"Kiinan kielioppi - Talkpal","isPartOf":{"@id":"https:\/\/talkpal.ai\/fi\/#website"},"primaryImageOfPage":{"@id":"https:\/\/talkpal.ai\/fi\/kiinan-kielioppi\/#primaryimage"},"image":{"@id":"https:\/\/talkpal.ai\/fi\/kiinan-kielioppi\/#primaryimage"},"thumbnailUrl":"https:\/\/talkpal.ai\/wp-content\/uploads\/2023\/04\/china.png","datePublished":"2023-05-14T13:48:36+00:00","dateModified":"2025-06-17T16:40:04+00:00","description":"Avaa kiinan kieliopin salaisuudet ymm\u00e4rt\u00e4\u00e4ksesi paremmin kiinan kielt\u00e4 ja kulttuuria.","breadcrumb":{"@id":"https:\/\/talkpal.ai\/fi\/kiinan-kielioppi\/#breadcrumb"},"inLanguage":"fi","potentialAction":[{"@type":"ReadAction","target":["https:\/\/talkpal.ai\/fi\/kiinan-kielioppi\/"]}]},{"@type":"ImageObject","inLanguage":"fi","@id":"https:\/\/talkpal.ai\/fi\/kiinan-kielioppi\/#primaryimage","url":"https:\/\/talkpal.ai\/wp-content\/uploads\/2023\/04\/china.png","contentUrl":"https:\/\/talkpal.ai\/wp-content\/uploads\/2023\/04\/china.png","width":512,"height":512},{"@type":"BreadcrumbList","@id":"https:\/\/talkpal.ai\/fi\/kiinan-kielioppi\/#breadcrumb","itemListElement":[{"@type":"ListItem","position":1,"name":"Homepage","item":"https:\/\/talkpal.ai\/fi\/"},{"@type":"ListItem","position":2,"name":"Kiinan kielioppi"}]},{"@type":"WebSite","@id":"https:\/\/talkpal.ai\/fi\/#website","url":"https:\/\/talkpal.ai\/fi\/","name":"Talkpal","description":"AI Language Learning","publisher":{"@id":"https:\/\/talkpal.ai\/fi\/#organization"},"alternateName":"Talkpal AI","potentialAction":[{"@type":"SearchAction","target":{"@type":"EntryPoint","urlTemplate":"https:\/\/talkpal.ai\/fi\/?s={search_term_string}"},"query-input":{"@type":"PropertyValueSpecification","valueRequired":true,"valueName":"search_term_string"}}],"inLanguage":"fi"},{"@type":"Organization","@id":"https:\/\/talkpal.ai\/fi\/#organization","name":"Talkpal, Inc.","alternateName":"Talkpal AI","url":"https:\/\/talkpal.ai\/fi\/","logo":{"@type":"ImageObject","inLanguage":"fi","@id":"https:\/\/talkpal.ai\/fi\/#\/schema\/logo\/image\/","url":"https:\/\/talkpal.ai\/wp-content\/uploads\/2024\/03\/Talkpal-Logo-Icon.png","contentUrl":"https:\/\/talkpal.ai\/wp-content\/uploads\/2024\/03\/Talkpal-Logo-Icon.png","width":2880,"height":2880,"caption":"Talkpal, Inc."},"image":{"@id":"https:\/\/talkpal.ai\/fi\/#\/schema\/logo\/image\/"},"sameAs":["https:\/\/www.facebook.com\/profile.php?id=100090733639311","https:\/\/x.com\/talkpalai","https:\/\/www.linkedin.com\/company\/talkpal\/","https:\/\/www.youtube.com\/@TalkPal\/","https:\/\/www.tiktok.com\/@talkpal","https:\/\/www.instagram.com\/talkpal_ai\/","https:\/\/www.crunchbase.com\/organization\/talkpal-9cde","https:\/\/www.g2.com\/products\/talkpal-for-business\/","https:\/\/www.trustpilot.com\/review\/talkpal.ai","https:\/\/www.capterra.com\/p\/10006800\/TalkPal\/"],"description":"Talkpal is a language learning web and mobile education app, powered by the latest AI technologies, that provides engaging experiences to its customers in many different languages to help them improve their language skills. Users can chat about unlimited amount of topics with the app and use other modes to practice their language learning.","email":"support@talkpal.ai","legalName":"Talkpal, Inc.","foundingDate":"2023-04-03","duns":"118989042","numberOfEmployees":{"@type":"QuantitativeValue","minValue":"11","maxValue":"50"},"publishingPrinciples":"https:\/\/talkpal.ai\/publishing-principles\/","actionableFeedbackPolicy":"https:\/\/talkpal.ai\/actionable-feedback-policy\/","correctionsPolicy":"https:\/\/talkpal.ai\/corrections-policy\/","ethicsPolicy":"https:\/\/talkpal.ai\/ethics-policy\/","diversityPolicy":"https:\/\/talkpal.ai\/diversity-policy\/","diversityStaffingReport":"https:\/\/talkpal.ai\/diversity-policy\/"}]}},"_links":{"self":[{"href":"https:\/\/talkpal.ai\/fi\/wp-json\/wp\/v2\/pages\/128287","targetHints":{"allow":["GET"]}}],"collection":[{"href":"https:\/\/talkpal.ai\/fi\/wp-json\/wp\/v2\/pages"}],"about":[{"href":"https:\/\/talkpal.ai\/fi\/wp-json\/wp\/v2\/types\/page"}],"author":[{"embeddable":true,"href":"https:\/\/talkpal.ai\/fi\/wp-json\/wp\/v2\/users\/1"}],"replies":[{"embeddable":true,"href":"https:\/\/talkpal.ai\/fi\/wp-json\/wp\/v2\/comments?post=128287"}],"version-history":[{"count":0,"href":"https:\/\/talkpal.ai\/fi\/wp-json\/wp\/v2\/pages\/128287\/revisions"}],"wp:featuredmedia":[{"embeddable":true,"href":"https:\/\/talkpal.ai\/fi\/wp-json\/wp\/v2\/media\/11557"}],"wp:attachment":[{"href":"https:\/\/talkpal.ai\/fi\/wp-json\/wp\/v2\/media?parent=128287"}],"curies":[{"name":"wp","href":"https:\/\/api.w.org\/{rel}","templated":true}]}}