{"id":127863,"date":"2023-05-14T13:43:38","date_gmt":"2023-05-14T13:43:38","guid":{"rendered":"http:\/\/talkpal.ai\/arabian-kielioppi\/"},"modified":"2025-05-21T11:48:47","modified_gmt":"2025-05-21T11:48:47","slug":"arabian-kielioppi","status":"publish","type":"page","link":"https:\/\/talkpal.ai\/fi\/arabian-kielioppi\/","title":{"rendered":"Arabian kielioppi"},"content":{"rendered":"\r\n\r\n\r\n<section class=\"languageChallengeSection\">\r\n    <div class=\"languageInfoWrapper\">\r\n        \r\n        <h1>Arabian kielioppi<\/h1>\r\n        <p>Paranna arabian taitojasi tutustumalla keskeisiin kielioppik\u00e4sitteisiin ja selkeisiin, vaiheittaisiin selityksiin. Aloita arabian kieliopin hallinta nyt ja kommunikoi sujuvammin ja varmemmin!<\/p>\r\n\r\n                            <a class=\"getStartedHidden\" href=\"https:\/\/app.talkpal.ai\/fi\/signup?lng=\">Aloita<\/a>\r\n        \r\n    <\/div>\r\n\r\n    <figure>\r\n    <img decoding=\"async\" width=\"768\" height=\"768\" src=\"https:\/\/talkpal.ai\/wp-content\/uploads\/2023\/06\/arabic-768x768.png\" class=\"languageImage no-lazy\" alt=\"Default alt text\" fetchpriority=\"high\" sizes=\"(max-width: 768px) 150px, 768px\" srcset=\"https:\/\/talkpal.ai\/wp-content\/uploads\/2023\/06\/arabic-768x768.png 768w, https:\/\/talkpal.ai\/wp-content\/uploads\/2023\/06\/arabic-300x300.png 300w\" \/>\r\n    \r\n\r\n    <\/figure>\r\n\r\n            <a class=\"getStartedVisible\" href=\"https:\/\/app.talkpal.ai\/fi\/signup?lng=\">Aloita<\/a>\r\n    \r\n<\/section>\r\n        <section class=\"grammarSection\">\r\n            <div class=\"grammarLinks\">\r\n                <a href=\"https:\/\/talkpal.ai\/fi\/language\/adjektiivit-arabian-kielioppi\/\">Adjektiivit <\/a><a href=\"https:\/\/talkpal.ai\/fi\/language\/adverbit-arabian-kielioppi\/\">Adverbit <\/a><a href=\"https:\/\/talkpal.ai\/fi\/language\/aikamuodot-konjunktiivi-arabian-kielioppi\/\">Aikamuodot Konjunktiivi <\/a><a href=\"https:\/\/talkpal.ai\/fi\/language\/aikamuotojen-vertailu-arabian-kielioppi\/\">Aikamuotojen vertailu <\/a><a href=\"https:\/\/talkpal.ai\/fi\/language\/artikkelit-arabian-kielioppi\/\">Artikkelit <\/a><a href=\"https:\/\/talkpal.ai\/fi\/language\/idaafa-genetiivinen-rakenne-arabian-kielioppi\/\">Idaafa (genetiivinen rakenne) <\/a><a href=\"https:\/\/talkpal.ai\/fi\/language\/indikatiiviset-aikamuodot-arabian-kielioppi\/\">Indikatiiviset aikamuodot <\/a><a href=\"https:\/\/talkpal.ai\/fi\/language\/lauserakenne-arabian-kielioppi\/\">Lauserakenne <\/a><a href=\"https:\/\/talkpal.ai\/fi\/language\/maaraiset-ja-epamaaraiset-artikkelit-arabian-kielioppi\/\">M\u00e4\u00e4r\u00e4iset ja ep\u00e4m\u00e4\u00e4r\u00e4iset artikkelit <\/a><a href=\"https:\/\/talkpal.ai\/fi\/language\/nimelliset-ja-sanalliset-lauseet-arabian-kielioppi\/\">Nimelliset ja sanalliset lauseet <\/a><a href=\"https:\/\/talkpal.ai\/fi\/language\/prepositiot-arabian-kielioppi\/\">Prepositiot <\/a><a href=\"https:\/\/talkpal.ai\/fi\/language\/pronominit-arabian-kielioppi\/\">Pronominit <\/a><a href=\"https:\/\/talkpal.ai\/fi\/language\/subjekti-ja-predikaatti-arabian-kielioppi\/\">Subjekti ja predikaatti <\/a><a href=\"https:\/\/talkpal.ai\/fi\/language\/substantiivit-arabian-kielioppi\/\">Substantiivit <\/a><a href=\"https:\/\/talkpal.ai\/fi\/language\/verbit-arabian-kielioppi\/\">Verbit <\/a>            <\/div>\r\n        <\/section>\r\n    <section class=\"promotionalBanner\">\r\n    <p class=\"promotionalText\">Tehokkain tapa oppia kielt\u00e4<\/p>\r\n    <a class=\"promotionalLink\" href=\"https:\/\/app.talkpal.ai\/fi\/signup?lng=\">Kokeile Talkpal ilmaiseksi<\/a>\r\n<\/section>\n<div class=\"wp-block-group pageContainerStyle\"><div class=\"wp-block-group__inner-container is-layout-constrained wp-block-group-is-layout-constrained\">\n<h2 class=\"wp-block-heading\" id=\"h-the-intricacies-of-arabic-grammar-a-journey-through-its-roots-and-beauty\">Arabian kieliopin monimutkaisuus: matka sen juurien ja kauneuden l\u00e4pi<\/h2>\n\n\n\n<p><strong>Muistatko, kun aloitit englannin kieliopin oppimisen?<\/strong>  Loputtomilta tuntuvat s\u00e4\u00e4nn\u00f6t, poikkeukset ja terminologiat ovat saattaneet saada sinut tuntemaan olosi ajoittain hukkua. Jos harkitset arabian kielen opiskelua, voit olla varma, ett\u00e4 sill\u00e4 on my\u00f6s ainutlaatuinen ja monimutkainen kielioppij\u00e4rjestelm\u00e4. L\u00e4hdet\u00e4\u00e4n siis lyhyelle mutta valaisevalle matkalle arabian kieliopin juurien ja kauneuden pariin.<\/p>\n\n\n\n<p>Aluksi selvitet\u00e4\u00e4n joitakin <strong>keskeisi\u00e4 eroja arabian ja englannin kieliopin v\u00e4lill\u00e4<\/strong>. Arabian kieless\u00e4 sanat jaetaan kolmeen luokkaan: substantiivit, verbit ja partikkelit. Toisin kuin <a href=\"https:\/\/talkpal.ai\/learn-english-with-ai\/\">englanti<\/a>, arabialaiset sanat seuraavat juurij\u00e4rjestelm\u00e4\u00e4, mik\u00e4 tarkoittaa, ett\u00e4 voit j\u00e4ljitt\u00e4\u00e4 sanan ydinmerkityksen tunnistamalla sen juuren. T\u00e4m\u00e4 juurij\u00e4rjestelm\u00e4 antaa arabialle poikkeuksellisen syvyyden ja rikkauden. Uskomaton asia arabian kieliopissa on sen riippuvuus kuvioista, joiden avulla puhujat voivat usein luoda uusia sanoja seuraamalla tiettyj\u00e4 rakenteita.<\/p>\n\n\n\n<p><strong>Arabian kielioppi<\/strong> on my\u00f6s <strong>sukupuolittunut kiel<\/strong>i, mik\u00e4 tarkoittaa, ett\u00e4 substantiiveilla ja adjektiiveilla on sukupuolisidonnaiset muodot. Tiesitk\u00f6, ett\u00e4 arabialla on jopa kaksoismuoto yksikk\u00f6- ja monikkomuotojen lis\u00e4ksi? Se on totta! Arabialaista kaksoismuotoa k\u00e4ytet\u00e4\u00e4n osoittamaan pareja, kuten silm\u00e4t, k\u00e4det <a href=\"https:\/\/talkpal.ai\/learn-thai\/\">tai<\/a> vanhemmat. Se lis\u00e4\u00e4 ylim\u00e4\u00e4r\u00e4isen spesifisyyskerroksen, joka englannin kielest\u00e4 puuttuu.<\/p>\n\n\n\n<p>Puhutaan nyt <strong>arabian kielen verbikonjugaatiosta<\/strong>, joka on itsess\u00e4\u00e4n aivan uusi maailma. Arabialaiset verbit perustuvat juurij\u00e4rjestelm\u00e4\u00e4n, joka koostuu yleens\u00e4 kolmesta ydinkonsonantista. Juuri m\u00e4\u00e4ritt\u00e4\u00e4 verbin perusmerkityksen, ja vokaalikuvioita lis\u00e4\u00e4m\u00e4ll\u00e4 luodaan verbist\u00e4 erilaisia muotoja, jotka ilmaisevat erilaisia merkityksi\u00e4 ja aikamuotoja. Esimerkiksi juuren vokaalien muuttaminen voi muuttaa menneisyyden aikamuodon nykyiseksi tai muuttaa aktiivisen verbin passiiviseksi. Aika h\u00e4mm\u00e4stytt\u00e4v\u00e4\u00e4, eik\u00f6?<\/p>\n\n\n\n<p>Viel\u00e4 yksi kiehtova n\u00e4k\u00f6kohta arabian kieliopissa, josta meid\u00e4n on puhuttava, on <strong>ehdottomuus<\/strong>. Englannissa k\u00e4yt\u00e4mme sanaa &#8221;the&#8221; ilmaisemaan, ett\u00e4 substantiivi on m\u00e4\u00e4r\u00e4inen. Arabian kieless\u00e4 t\u00e4m\u00e4 k\u00e4site on sis\u00e4llytetty kieleen pienen partikkelin &#8221;Al-&#8221; avulla, joka lis\u00e4t\u00e4\u00e4n sanan alkuun. Kun substantiivia edelt\u00e4\u00e4 &#8221;Al-&#8221;, se muuttuu lopulliseksi ilman muita m\u00e4\u00e4ritteit\u00e4. Sen sijaan, ett\u00e4 sanoisit arabiaksi &#8221;talo on suuri&#8221;, sanoisit &#8221;Al-baytu kabir&#8221;, jossa &#8221;Al-baytu&#8221; tarkoittaa &#8221;taloa&#8221;.<\/p>\n\n\n\n<p><strong>Keskusteleva arabia<\/strong> on dynaamisempi ja sujuvampi kuin muodollinen arabia, kuten mink\u00e4 tahansa kielen tapauksessa. Arabian kieliopin perusperiaatteiden hallitseminen on kuitenkin edelleen v\u00e4ltt\u00e4m\u00e4t\u00f6nt\u00e4 kielen ymm\u00e4rt\u00e4miseksi ja arvostamiseksi. Kun opit juurimallit, sukupuolimuodot ja verbitaivutukset, on paljon helpompaa tunnistaa ja oppia uusia sanoja.<\/p>\n\n\n\n<p><strong>Arabian kieliopin oppiminen<\/strong> voi aluksi tuntua pelottavalta, mutta sinnikkyydell\u00e4 ja omistautumisella pystyt arvostamaan t\u00e4m\u00e4n monimutkaisen kielen kauneutta. Aivan kuten monimutkaisen palapelin ratkaiseminen tai salatun koodin tulkitseminen, palkinto on tyydytyksess\u00e4 avata arabian kielen mysteerit ja uppoutua sen rikkaaseen kulttuuriin, historiaan ja kirjallisuuteen. Joten, mit\u00e4 sin\u00e4 odotat? Sukella arabian kieliopin lumoavaan maailmaan ja l\u00f6yd\u00e4 sen todellinen olemus itse.<\/p>\n<\/div><\/div>\n\r\n<section class=\"learnNavigationSection\">\r\n            \r\n        <a href=\"https:\/\/talkpal.ai\/fi\/opi-arabiaa\/\">\r\n            <div class=\"learnNavigationWrapper\">\r\n                <div class=\"learnNavigationContent\">\r\n                    <img decoding=\"async\" src=\"https:\/\/talkpal.ai\/wp-content\/uploads\/2024\/08\/Arabic.jpg\" alt=\"Arabic Flag\">\r\n                    <div>\r\n                        <h4>Tietoa arabian oppimisesta<\/h4>\r\n                        <p>Tutustu arabian kielioppiin.<\/p>\r\n                    <\/div>\r\n                <\/div>\r\n            <\/div>\r\n        <\/a>\r\n\r\n        \r\n        <a href=\"https:\/\/talkpal.ai\/fi\/arabian-kielioppiharjoitukset\/\">\r\n            <div class=\"learnNavigationWrapper\">\r\n                <div class=\"learnNavigationContent\">\r\n                    <img decoding=\"async\" src=\"https:\/\/talkpal.ai\/wp-content\/uploads\/2024\/08\/Arabic.jpg\" alt=\"Arabic Flag\">\r\n                    <div>\r\n                        <h4>Arabian kielioppi Harjoitus<\/h4>\r\n                        <p>Harjoittele arabian kielioppia.<\/p>\r\n                    <\/div>\r\n                <\/div>\r\n            <\/div>\r\n        <\/a>\r\n\r\n        \r\n        <a href=\"https:\/\/talkpal.ai\/vocabulary_language\/arabic\/\">\r\n            <div class=\"learnNavigationWrapper\">\r\n                <div class=\"learnNavigationContent\">\r\n                    <img decoding=\"async\" src=\"https:\/\/talkpal.ai\/wp-content\/uploads\/2024\/08\/Arabic.jpg\" alt=\"Arabic Flag\">\r\n                    <div>\r\n                        <h4>Arabian sanasto<\/h4>\r\n                        <p>Laajenna arabian kielen sanavarastoasi.<\/p>\r\n                    <\/div>\r\n                <\/div>\r\n            <\/div>\r\n        <\/a>\r\n\r\n            <\/section>","protected":false},"excerpt":{"rendered":"<p>Arabian kieliopin monimutkaisuus: matka sen juurien ja kauneuden l\u00e4pi Muistatko, kun aloitit englannin kieliopin oppimisen? Loputtomilta tuntuvat s\u00e4\u00e4nn\u00f6t, poikkeukset ja terminologiat ovat saattaneet saada sinut tuntemaan olosi ajoittain hukkua. Jos harkitset arabian kielen opiskelua, voit olla varma, ett\u00e4 sill\u00e4 on my\u00f6s ainutlaatuinen ja monimutkainen kielioppij\u00e4rjestelm\u00e4. L\u00e4hdet\u00e4\u00e4n siis lyhyelle mutta valaisevalle matkalle arabian kieliopin juurien ja [&hellip;]<\/p>\n","protected":false},"author":1,"featured_media":11550,"parent":0,"menu_order":0,"comment_status":"closed","ping_status":"closed","template":"LearningContentPage.php","meta":{"_acf_changed":false,"footnotes":""},"class_list":["post-127863","page","type-page","status-publish","has-post-thumbnail","hentry"],"acf":[],"yoast_head":"<!-- This site is optimized with the Yoast SEO Premium plugin v27.2 (Yoast SEO v27.2) - https:\/\/yoast.com\/product\/yoast-seo-premium-wordpress\/ -->\n<title>Arabian kielioppi - Talkpal<\/title>\n<meta name=\"description\" content=\"Tutustu arabian kieliopin kiemuroihin ja sen ainutlaatuiseen rakenteeseen verrattuna englannin kielioppiin.\" \/>\n<meta name=\"robots\" content=\"index, follow, max-snippet:-1, max-image-preview:large, max-video-preview:-1\" \/>\n<link rel=\"canonical\" href=\"https:\/\/talkpal.ai\/fi\/arabian-kielioppi\/\" \/>\n<meta property=\"og:locale\" content=\"fi_FI\" \/>\n<meta property=\"og:type\" content=\"article\" \/>\n<meta property=\"og:title\" content=\"Arabian kielioppi\" \/>\n<meta property=\"og:description\" content=\"Arabian kieliopin monimutkaisuus: matka sen juurien ja kauneuden l\u00e4pi Muistatko, kun aloitit englannin kieliopin oppimisen? Loputtomilta tuntuvat s\u00e4\u00e4nn\u00f6t,\" \/>\n<meta property=\"og:url\" content=\"https:\/\/talkpal.ai\/fi\/arabian-kielioppi\/\" \/>\n<meta property=\"og:site_name\" content=\"Talkpal\" \/>\n<meta property=\"article:publisher\" content=\"https:\/\/www.facebook.com\/profile.php?id=100090733639311\" \/>\n<meta property=\"article:modified_time\" content=\"2025-05-21T11:48:47+00:00\" \/>\n<meta property=\"og:image\" content=\"https:\/\/talkpal.ai\/wp-content\/uploads\/2023\/04\/arabic-united-arab-emirates.png\" \/>\n\t<meta property=\"og:image:width\" content=\"512\" \/>\n\t<meta property=\"og:image:height\" content=\"512\" \/>\n\t<meta property=\"og:image:type\" content=\"image\/png\" \/>\n<meta name=\"twitter:card\" content=\"summary_large_image\" \/>\n<meta name=\"twitter:site\" content=\"@talkpalai\" \/>\n<meta name=\"twitter:label1\" content=\"Arvioitu lukuaika\" \/>\n\t<meta name=\"twitter:data1\" content=\"2 minuuttia\" \/>\n<script type=\"application\/ld+json\" class=\"yoast-schema-graph\">{\"@context\":\"https:\/\/schema.org\",\"@graph\":[{\"@type\":\"WebPage\",\"@id\":\"https:\/\/talkpal.ai\/fi\/arabian-kielioppi\/\",\"url\":\"https:\/\/talkpal.ai\/fi\/arabian-kielioppi\/\",\"name\":\"Arabian kielioppi - Talkpal\",\"isPartOf\":{\"@id\":\"https:\/\/talkpal.ai\/fi\/#website\"},\"primaryImageOfPage\":{\"@id\":\"https:\/\/talkpal.ai\/fi\/arabian-kielioppi\/#primaryimage\"},\"image\":{\"@id\":\"https:\/\/talkpal.ai\/fi\/arabian-kielioppi\/#primaryimage\"},\"thumbnailUrl\":\"https:\/\/talkpal.ai\/wp-content\/uploads\/2023\/04\/arabic-united-arab-emirates.png\",\"datePublished\":\"2023-05-14T13:43:38+00:00\",\"dateModified\":\"2025-05-21T11:48:47+00:00\",\"description\":\"Tutustu arabian kieliopin kiemuroihin ja sen ainutlaatuiseen rakenteeseen verrattuna englannin kielioppiin.\",\"breadcrumb\":{\"@id\":\"https:\/\/talkpal.ai\/fi\/arabian-kielioppi\/#breadcrumb\"},\"inLanguage\":\"fi\",\"potentialAction\":[{\"@type\":\"ReadAction\",\"target\":[\"https:\/\/talkpal.ai\/fi\/arabian-kielioppi\/\"]}]},{\"@type\":\"ImageObject\",\"inLanguage\":\"fi\",\"@id\":\"https:\/\/talkpal.ai\/fi\/arabian-kielioppi\/#primaryimage\",\"url\":\"https:\/\/talkpal.ai\/wp-content\/uploads\/2023\/04\/arabic-united-arab-emirates.png\",\"contentUrl\":\"https:\/\/talkpal.ai\/wp-content\/uploads\/2023\/04\/arabic-united-arab-emirates.png\",\"width\":512,\"height\":512},{\"@type\":\"BreadcrumbList\",\"@id\":\"https:\/\/talkpal.ai\/fi\/arabian-kielioppi\/#breadcrumb\",\"itemListElement\":[{\"@type\":\"ListItem\",\"position\":1,\"name\":\"Homepage\",\"item\":\"https:\/\/talkpal.ai\/fi\/\"},{\"@type\":\"ListItem\",\"position\":2,\"name\":\"Arabian kielioppi\"}]},{\"@type\":\"WebSite\",\"@id\":\"https:\/\/talkpal.ai\/fi\/#website\",\"url\":\"https:\/\/talkpal.ai\/fi\/\",\"name\":\"Talkpal\",\"description\":\"AI Language Learning\",\"publisher\":{\"@id\":\"https:\/\/talkpal.ai\/fi\/#organization\"},\"alternateName\":\"Talkpal AI\",\"potentialAction\":[{\"@type\":\"SearchAction\",\"target\":{\"@type\":\"EntryPoint\",\"urlTemplate\":\"https:\/\/talkpal.ai\/fi\/?s={search_term_string}\"},\"query-input\":{\"@type\":\"PropertyValueSpecification\",\"valueRequired\":true,\"valueName\":\"search_term_string\"}}],\"inLanguage\":\"fi\"},{\"@type\":\"Organization\",\"@id\":\"https:\/\/talkpal.ai\/fi\/#organization\",\"name\":\"Talkpal, Inc.\",\"alternateName\":\"Talkpal AI\",\"url\":\"https:\/\/talkpal.ai\/fi\/\",\"logo\":{\"@type\":\"ImageObject\",\"inLanguage\":\"fi\",\"@id\":\"https:\/\/talkpal.ai\/fi\/#\/schema\/logo\/image\/\",\"url\":\"https:\/\/talkpal.ai\/wp-content\/uploads\/2024\/03\/Talkpal-Logo-Icon.png\",\"contentUrl\":\"https:\/\/talkpal.ai\/wp-content\/uploads\/2024\/03\/Talkpal-Logo-Icon.png\",\"width\":2880,\"height\":2880,\"caption\":\"Talkpal, Inc.\"},\"image\":{\"@id\":\"https:\/\/talkpal.ai\/fi\/#\/schema\/logo\/image\/\"},\"sameAs\":[\"https:\/\/www.facebook.com\/profile.php?id=100090733639311\",\"https:\/\/x.com\/talkpalai\",\"https:\/\/www.linkedin.com\/company\/talkpal\/\",\"https:\/\/www.youtube.com\/@TalkPal\/\",\"https:\/\/www.tiktok.com\/@talkpal\",\"https:\/\/www.instagram.com\/talkpal_ai\/\",\"https:\/\/www.crunchbase.com\/organization\/talkpal-9cde\",\"https:\/\/www.g2.com\/products\/talkpal-for-business\/\",\"https:\/\/www.trustpilot.com\/review\/talkpal.ai\",\"https:\/\/www.capterra.com\/p\/10006800\/TalkPal\/\"],\"description\":\"Talkpal is a language learning web and mobile education app, powered by the latest AI technologies, that provides engaging experiences to its customers in many different languages to help them improve their language skills. Users can chat about unlimited amount of topics with the app and use other modes to practice their language learning.\",\"email\":\"support@talkpal.ai\",\"legalName\":\"Talkpal, Inc.\",\"foundingDate\":\"2023-04-03\",\"duns\":\"118989042\",\"numberOfEmployees\":{\"@type\":\"QuantitativeValue\",\"minValue\":\"11\",\"maxValue\":\"50\"},\"publishingPrinciples\":\"https:\/\/talkpal.ai\/publishing-principles\/\",\"actionableFeedbackPolicy\":\"https:\/\/talkpal.ai\/actionable-feedback-policy\/\",\"correctionsPolicy\":\"https:\/\/talkpal.ai\/corrections-policy\/\",\"ethicsPolicy\":\"https:\/\/talkpal.ai\/ethics-policy\/\",\"diversityPolicy\":\"https:\/\/talkpal.ai\/diversity-policy\/\",\"diversityStaffingReport\":\"https:\/\/talkpal.ai\/diversity-policy\/\"}]}<\/script>\n<!-- \/ Yoast SEO Premium plugin. -->","yoast_head_json":{"title":"Arabian kielioppi - Talkpal","description":"Tutustu arabian kieliopin kiemuroihin ja sen ainutlaatuiseen rakenteeseen verrattuna englannin kielioppiin.","robots":{"index":"index","follow":"follow","max-snippet":"max-snippet:-1","max-image-preview":"max-image-preview:large","max-video-preview":"max-video-preview:-1"},"canonical":"https:\/\/talkpal.ai\/fi\/arabian-kielioppi\/","og_locale":"fi_FI","og_type":"article","og_title":"Arabian kielioppi","og_description":"Arabian kieliopin monimutkaisuus: matka sen juurien ja kauneuden l\u00e4pi Muistatko, kun aloitit englannin kieliopin oppimisen? Loputtomilta tuntuvat s\u00e4\u00e4nn\u00f6t,","og_url":"https:\/\/talkpal.ai\/fi\/arabian-kielioppi\/","og_site_name":"Talkpal","article_publisher":"https:\/\/www.facebook.com\/profile.php?id=100090733639311","article_modified_time":"2025-05-21T11:48:47+00:00","og_image":[{"width":512,"height":512,"url":"https:\/\/talkpal.ai\/wp-content\/uploads\/2023\/04\/arabic-united-arab-emirates.png","type":"image\/png"}],"twitter_card":"summary_large_image","twitter_site":"@talkpalai","twitter_misc":{"Arvioitu lukuaika":"2 minuuttia"},"schema":{"@context":"https:\/\/schema.org","@graph":[{"@type":"WebPage","@id":"https:\/\/talkpal.ai\/fi\/arabian-kielioppi\/","url":"https:\/\/talkpal.ai\/fi\/arabian-kielioppi\/","name":"Arabian kielioppi - Talkpal","isPartOf":{"@id":"https:\/\/talkpal.ai\/fi\/#website"},"primaryImageOfPage":{"@id":"https:\/\/talkpal.ai\/fi\/arabian-kielioppi\/#primaryimage"},"image":{"@id":"https:\/\/talkpal.ai\/fi\/arabian-kielioppi\/#primaryimage"},"thumbnailUrl":"https:\/\/talkpal.ai\/wp-content\/uploads\/2023\/04\/arabic-united-arab-emirates.png","datePublished":"2023-05-14T13:43:38+00:00","dateModified":"2025-05-21T11:48:47+00:00","description":"Tutustu arabian kieliopin kiemuroihin ja sen ainutlaatuiseen rakenteeseen verrattuna englannin kielioppiin.","breadcrumb":{"@id":"https:\/\/talkpal.ai\/fi\/arabian-kielioppi\/#breadcrumb"},"inLanguage":"fi","potentialAction":[{"@type":"ReadAction","target":["https:\/\/talkpal.ai\/fi\/arabian-kielioppi\/"]}]},{"@type":"ImageObject","inLanguage":"fi","@id":"https:\/\/talkpal.ai\/fi\/arabian-kielioppi\/#primaryimage","url":"https:\/\/talkpal.ai\/wp-content\/uploads\/2023\/04\/arabic-united-arab-emirates.png","contentUrl":"https:\/\/talkpal.ai\/wp-content\/uploads\/2023\/04\/arabic-united-arab-emirates.png","width":512,"height":512},{"@type":"BreadcrumbList","@id":"https:\/\/talkpal.ai\/fi\/arabian-kielioppi\/#breadcrumb","itemListElement":[{"@type":"ListItem","position":1,"name":"Homepage","item":"https:\/\/talkpal.ai\/fi\/"},{"@type":"ListItem","position":2,"name":"Arabian kielioppi"}]},{"@type":"WebSite","@id":"https:\/\/talkpal.ai\/fi\/#website","url":"https:\/\/talkpal.ai\/fi\/","name":"Talkpal","description":"AI Language Learning","publisher":{"@id":"https:\/\/talkpal.ai\/fi\/#organization"},"alternateName":"Talkpal AI","potentialAction":[{"@type":"SearchAction","target":{"@type":"EntryPoint","urlTemplate":"https:\/\/talkpal.ai\/fi\/?s={search_term_string}"},"query-input":{"@type":"PropertyValueSpecification","valueRequired":true,"valueName":"search_term_string"}}],"inLanguage":"fi"},{"@type":"Organization","@id":"https:\/\/talkpal.ai\/fi\/#organization","name":"Talkpal, Inc.","alternateName":"Talkpal AI","url":"https:\/\/talkpal.ai\/fi\/","logo":{"@type":"ImageObject","inLanguage":"fi","@id":"https:\/\/talkpal.ai\/fi\/#\/schema\/logo\/image\/","url":"https:\/\/talkpal.ai\/wp-content\/uploads\/2024\/03\/Talkpal-Logo-Icon.png","contentUrl":"https:\/\/talkpal.ai\/wp-content\/uploads\/2024\/03\/Talkpal-Logo-Icon.png","width":2880,"height":2880,"caption":"Talkpal, Inc."},"image":{"@id":"https:\/\/talkpal.ai\/fi\/#\/schema\/logo\/image\/"},"sameAs":["https:\/\/www.facebook.com\/profile.php?id=100090733639311","https:\/\/x.com\/talkpalai","https:\/\/www.linkedin.com\/company\/talkpal\/","https:\/\/www.youtube.com\/@TalkPal\/","https:\/\/www.tiktok.com\/@talkpal","https:\/\/www.instagram.com\/talkpal_ai\/","https:\/\/www.crunchbase.com\/organization\/talkpal-9cde","https:\/\/www.g2.com\/products\/talkpal-for-business\/","https:\/\/www.trustpilot.com\/review\/talkpal.ai","https:\/\/www.capterra.com\/p\/10006800\/TalkPal\/"],"description":"Talkpal is a language learning web and mobile education app, powered by the latest AI technologies, that provides engaging experiences to its customers in many different languages to help them improve their language skills. Users can chat about unlimited amount of topics with the app and use other modes to practice their language learning.","email":"support@talkpal.ai","legalName":"Talkpal, Inc.","foundingDate":"2023-04-03","duns":"118989042","numberOfEmployees":{"@type":"QuantitativeValue","minValue":"11","maxValue":"50"},"publishingPrinciples":"https:\/\/talkpal.ai\/publishing-principles\/","actionableFeedbackPolicy":"https:\/\/talkpal.ai\/actionable-feedback-policy\/","correctionsPolicy":"https:\/\/talkpal.ai\/corrections-policy\/","ethicsPolicy":"https:\/\/talkpal.ai\/ethics-policy\/","diversityPolicy":"https:\/\/talkpal.ai\/diversity-policy\/","diversityStaffingReport":"https:\/\/talkpal.ai\/diversity-policy\/"}]}},"_links":{"self":[{"href":"https:\/\/talkpal.ai\/fi\/wp-json\/wp\/v2\/pages\/127863","targetHints":{"allow":["GET"]}}],"collection":[{"href":"https:\/\/talkpal.ai\/fi\/wp-json\/wp\/v2\/pages"}],"about":[{"href":"https:\/\/talkpal.ai\/fi\/wp-json\/wp\/v2\/types\/page"}],"author":[{"embeddable":true,"href":"https:\/\/talkpal.ai\/fi\/wp-json\/wp\/v2\/users\/1"}],"replies":[{"embeddable":true,"href":"https:\/\/talkpal.ai\/fi\/wp-json\/wp\/v2\/comments?post=127863"}],"version-history":[{"count":0,"href":"https:\/\/talkpal.ai\/fi\/wp-json\/wp\/v2\/pages\/127863\/revisions"}],"wp:featuredmedia":[{"embeddable":true,"href":"https:\/\/talkpal.ai\/fi\/wp-json\/wp\/v2\/media\/11550"}],"wp:attachment":[{"href":"https:\/\/talkpal.ai\/fi\/wp-json\/wp\/v2\/media?parent=127863"}],"curies":[{"name":"wp","href":"https:\/\/api.w.org\/{rel}","templated":true}]}}