{"id":998173,"date":"2023-10-09T10:03:45","date_gmt":"2023-10-09T10:03:45","guid":{"rendered":"https:\/\/talkpal.ai\/tellimuse-haldamise-juhised\/"},"modified":"2025-07-12T09:48:01","modified_gmt":"2025-07-12T09:48:01","slug":"tellimuse-haldamise-juhised","status":"publish","type":"page","link":"https:\/\/talkpal.ai\/et\/tellimuse-haldamise-juhised\/","title":{"rendered":"Tellimuse haldamise juhised"},"content":{"rendered":"\n<p>Saate oma tellimusi hallata meie App Store&#8217;i (Apple <a href=\"https:\/\/talkpal.ai\/es\/descargar-la-aplicacion-talkpal-para-android-e-ios\/\">iOS<\/a>), Google Play (Android) v\u00f5i veebisaidi rakendustes.<\/p>\n\n<h2 class=\"wp-block-heading\" id=\"h-app-store-apple-ios\">App Store (Apple iOS)<\/h2>\n\n<p>Pange t\u00e4hele: peate oma Apple&#8217;i tellimuse v\u00f5i prooviperioodi t\u00fchistama v\u00e4hemalt 24 tundi enne selle l\u00f5ppemist. Kui t\u00fchistate selle viimasel p\u00e4eval, uueneb see automaatselt.<\/p>\n\n<p>Et t\u00fchistada oma <a href=\"https:\/\/talkpal.ai\/ko\/ai-%ec%96%b8%ec%96%b4-%ea%b5%90%ec%82%ac\/\">Talkpal<\/a> tellimus App Store&#8217;i kaudu, j\u00e4rgige iOS-seadmes j\u00e4rgmisi samme:<\/p>\n\n<p><strong>Samm 1<\/strong> &#8211; Avage rakendus Seaded.<\/p>\n\n<p><strong>Samm 2<\/strong> &#8211; valige oma Apple ID, mis asub lehe \u00fclaosas.<\/p>\n\n<p><strong>Samm 3<\/strong> &#8211; valige &#8220;View Apple ID&#8221;<\/p>\n\n<p><strong>4. samm<\/strong> &#8211; minnakse jaotisele &#8220;Tellimused&#8221; ja valige see, mida soovite t\u00fchistada.<\/p>\n\n<p><strong>Samm 5<\/strong> &#8211; Koputage nuppu &#8220;T\u00fchista tellimus&#8221;.<\/p>\n\n<h2 class=\"wp-block-heading\" id=\"h-google-play-android\">Google Play (Android)<\/h2>\n\n<p><b>Samm 1<\/b> &#8211; navigeerige oma Android-seadmes Google Play&#8217;s oma tellimuste juurde.<\/p>\n\n<p><b>2. samm<\/b> &#8211; valige tellimus, mille soovite t\u00fchistada.<\/p>\n\n<p><b>Samm 3<\/b> &#8211; vajutage nuppu T\u00fchista tellimus.<\/p>\n\n<h2 class=\"wp-block-heading\" id=\"h-website\">Veebileht<\/h2>\n\n<p><b>Samm 1<\/b> &#8211; Mine oma konto lehele.<\/p>\n\n<p><b>2. samm<\/b> &#8211; kerige allapoole jaotisele &#8220;Tellimus&#8221;.<\/p>\n\n<p><b>3. samm<\/b> &#8211; kl\u00f5psake nupule &#8220;T\u00fchista tellimus&#8221;.<\/p>\n","protected":false},"excerpt":{"rendered":"<p>Saate oma tellimusi hallata meie App Store&#8217;i (Apple iOS), Google Play (Android) v\u00f5i veebisaidi rakendustes. App Store (Apple iOS) Pange t\u00e4hele: peate oma Apple&#8217;i tellimuse v\u00f5i prooviperioodi t\u00fchistama v\u00e4hemalt 24 tundi enne selle l\u00f5ppemist. Kui t\u00fchistate selle viimasel p\u00e4eval, uueneb see automaatselt. Et t\u00fchistada oma Talkpal tellimus App Store&#8217;i kaudu, j\u00e4rgige iOS-seadmes j\u00e4rgmisi samme: Samm [&hellip;]<\/p>\n","protected":false},"author":10,"featured_media":197952,"parent":0,"menu_order":0,"comment_status":"closed","ping_status":"closed","template":"","meta":{"_acf_changed":false,"footnotes":""},"class_list":["post-998173","page","type-page","status-publish","has-post-thumbnail","hentry"],"acf":[],"yoast_head":"<!-- This site is optimized with the Yoast SEO Premium plugin v27.2 (Yoast SEO v27.2) - https:\/\/yoast.com\/product\/yoast-seo-premium-wordpress\/ -->\n<title>Tellimuse haldamise juhised - Talkpal<\/title>\n<meta name=\"description\" content=\"J\u00e4rgige neid tellimuste haldamise juhiseid, et tellimusi Apple&#039;i v\u00f5i Google Play rakendustes h\u00f5lpsalt t\u00fchistada.\" \/>\n<meta name=\"robots\" content=\"index, follow, max-snippet:-1, max-image-preview:large, max-video-preview:-1\" \/>\n<link rel=\"canonical\" href=\"https:\/\/talkpal.ai\/et\/tellimuse-haldamise-juhised\/\" \/>\n<meta property=\"og:locale\" content=\"et_EE\" \/>\n<meta property=\"og:type\" content=\"article\" \/>\n<meta property=\"og:title\" content=\"Tellimuse haldamise juhised\" \/>\n<meta property=\"og:description\" content=\"Saate oma tellimusi hallata meie App Store&#039;i (Apple iOS), Google Play (Android) v\u00f5i veebisaidi rakendustes. App Store (Apple iOS) Pange t\u00e4hele: peate oma\" \/>\n<meta property=\"og:url\" content=\"https:\/\/talkpal.ai\/et\/tellimuse-haldamise-juhised\/\" \/>\n<meta property=\"og:site_name\" content=\"Talkpal\" \/>\n<meta property=\"article:publisher\" content=\"https:\/\/www.facebook.com\/profile.php?id=100090733639311\" \/>\n<meta property=\"article:modified_time\" content=\"2025-07-12T09:48:01+00:00\" \/>\n<meta property=\"og:image\" content=\"https:\/\/talkpal.ai\/wp-content\/uploads\/2024\/03\/Talkpal-Logo-Icon.png\" \/>\n\t<meta property=\"og:image:width\" content=\"5000\" \/>\n\t<meta property=\"og:image:height\" content=\"5000\" \/>\n\t<meta property=\"og:image:type\" content=\"image\/png\" \/>\n<meta name=\"twitter:card\" content=\"summary_large_image\" \/>\n<meta name=\"twitter:site\" content=\"@talkpalai\" \/>\n<meta name=\"twitter:label1\" content=\"Est. reading time\" \/>\n\t<meta name=\"twitter:data1\" content=\"1 minut\" \/>\n<script type=\"application\/ld+json\" class=\"yoast-schema-graph\">{\"@context\":\"https:\/\/schema.org\",\"@graph\":[{\"@type\":\"WebPage\",\"@id\":\"https:\/\/talkpal.ai\/et\/tellimuse-haldamise-juhised\/\",\"url\":\"https:\/\/talkpal.ai\/et\/tellimuse-haldamise-juhised\/\",\"name\":\"Tellimuse haldamise juhised - Talkpal\",\"isPartOf\":{\"@id\":\"https:\/\/talkpal.ai\/et\/#website\"},\"primaryImageOfPage\":{\"@id\":\"https:\/\/talkpal.ai\/et\/tellimuse-haldamise-juhised\/#primaryimage\"},\"image\":{\"@id\":\"https:\/\/talkpal.ai\/et\/tellimuse-haldamise-juhised\/#primaryimage\"},\"thumbnailUrl\":\"https:\/\/talkpal.ai\/wp-content\/uploads\/2024\/03\/Talkpal-Logo-Icon.png\",\"datePublished\":\"2023-10-09T10:03:45+00:00\",\"dateModified\":\"2025-07-12T09:48:01+00:00\",\"description\":\"J\u00e4rgige neid tellimuste haldamise juhiseid, et tellimusi Apple'i v\u00f5i Google Play rakendustes h\u00f5lpsalt t\u00fchistada.\",\"breadcrumb\":{\"@id\":\"https:\/\/talkpal.ai\/et\/tellimuse-haldamise-juhised\/#breadcrumb\"},\"inLanguage\":\"et\",\"potentialAction\":[{\"@type\":\"ReadAction\",\"target\":[\"https:\/\/talkpal.ai\/et\/tellimuse-haldamise-juhised\/\"]}]},{\"@type\":\"ImageObject\",\"inLanguage\":\"et\",\"@id\":\"https:\/\/talkpal.ai\/et\/tellimuse-haldamise-juhised\/#primaryimage\",\"url\":\"https:\/\/talkpal.ai\/wp-content\/uploads\/2024\/03\/Talkpal-Logo-Icon.png\",\"contentUrl\":\"https:\/\/talkpal.ai\/wp-content\/uploads\/2024\/03\/Talkpal-Logo-Icon.png\",\"width\":5000,\"height\":5000,\"caption\":\"Talkpali logo\"},{\"@type\":\"BreadcrumbList\",\"@id\":\"https:\/\/talkpal.ai\/et\/tellimuse-haldamise-juhised\/#breadcrumb\",\"itemListElement\":[{\"@type\":\"ListItem\",\"position\":1,\"name\":\"Homepage\",\"item\":\"https:\/\/talkpal.ai\/et\/\"},{\"@type\":\"ListItem\",\"position\":2,\"name\":\"Tellimuse haldamise juhised\"}]},{\"@type\":\"WebSite\",\"@id\":\"https:\/\/talkpal.ai\/et\/#website\",\"url\":\"https:\/\/talkpal.ai\/et\/\",\"name\":\"Talkpal\",\"description\":\"AI Language Learning\",\"publisher\":{\"@id\":\"https:\/\/talkpal.ai\/et\/#organization\"},\"alternateName\":\"Talkpal AI\",\"potentialAction\":[{\"@type\":\"SearchAction\",\"target\":{\"@type\":\"EntryPoint\",\"urlTemplate\":\"https:\/\/talkpal.ai\/et\/?s={search_term_string}\"},\"query-input\":{\"@type\":\"PropertyValueSpecification\",\"valueRequired\":true,\"valueName\":\"search_term_string\"}}],\"inLanguage\":\"et\"},{\"@type\":\"Organization\",\"@id\":\"https:\/\/talkpal.ai\/et\/#organization\",\"name\":\"Talkpal, Inc.\",\"alternateName\":\"Talkpal AI\",\"url\":\"https:\/\/talkpal.ai\/et\/\",\"logo\":{\"@type\":\"ImageObject\",\"inLanguage\":\"et\",\"@id\":\"https:\/\/talkpal.ai\/et\/#\/schema\/logo\/image\/\",\"url\":\"https:\/\/talkpal.ai\/wp-content\/uploads\/2024\/03\/Talkpal-Logo-Icon.png\",\"contentUrl\":\"https:\/\/talkpal.ai\/wp-content\/uploads\/2024\/03\/Talkpal-Logo-Icon.png\",\"width\":2880,\"height\":2880,\"caption\":\"Talkpal, Inc.\"},\"image\":{\"@id\":\"https:\/\/talkpal.ai\/et\/#\/schema\/logo\/image\/\"},\"sameAs\":[\"https:\/\/www.facebook.com\/profile.php?id=100090733639311\",\"https:\/\/x.com\/talkpalai\",\"https:\/\/www.linkedin.com\/company\/talkpal\/\",\"https:\/\/www.youtube.com\/@TalkPal\/\",\"https:\/\/www.tiktok.com\/@talkpal\",\"https:\/\/www.instagram.com\/talkpal_ai\/\",\"https:\/\/www.crunchbase.com\/organization\/talkpal-9cde\",\"https:\/\/www.g2.com\/products\/talkpal-for-business\/\",\"https:\/\/www.trustpilot.com\/review\/talkpal.ai\",\"https:\/\/www.capterra.com\/p\/10006800\/TalkPal\/\"],\"description\":\"Talkpal is a language learning web and mobile education app, powered by the latest AI technologies, that provides engaging experiences to its customers in many different languages to help them improve their language skills. Users can chat about unlimited amount of topics with the app and use other modes to practice their language learning.\",\"email\":\"support@talkpal.ai\",\"legalName\":\"Talkpal, Inc.\",\"foundingDate\":\"2023-04-03\",\"duns\":\"118989042\",\"numberOfEmployees\":{\"@type\":\"QuantitativeValue\",\"minValue\":\"11\",\"maxValue\":\"50\"},\"publishingPrinciples\":\"https:\/\/talkpal.ai\/publishing-principles\/\",\"actionableFeedbackPolicy\":\"https:\/\/talkpal.ai\/actionable-feedback-policy\/\",\"correctionsPolicy\":\"https:\/\/talkpal.ai\/corrections-policy\/\",\"ethicsPolicy\":\"https:\/\/talkpal.ai\/ethics-policy\/\",\"diversityPolicy\":\"https:\/\/talkpal.ai\/diversity-policy\/\",\"diversityStaffingReport\":\"https:\/\/talkpal.ai\/diversity-policy\/\"}]}<\/script>\n<!-- \/ Yoast SEO Premium plugin. -->","yoast_head_json":{"title":"Tellimuse haldamise juhised - Talkpal","description":"J\u00e4rgige neid tellimuste haldamise juhiseid, et tellimusi Apple'i v\u00f5i Google Play rakendustes h\u00f5lpsalt t\u00fchistada.","robots":{"index":"index","follow":"follow","max-snippet":"max-snippet:-1","max-image-preview":"max-image-preview:large","max-video-preview":"max-video-preview:-1"},"canonical":"https:\/\/talkpal.ai\/et\/tellimuse-haldamise-juhised\/","og_locale":"et_EE","og_type":"article","og_title":"Tellimuse haldamise juhised","og_description":"Saate oma tellimusi hallata meie App Store'i (Apple iOS), Google Play (Android) v\u00f5i veebisaidi rakendustes. App Store (Apple iOS) Pange t\u00e4hele: peate oma","og_url":"https:\/\/talkpal.ai\/et\/tellimuse-haldamise-juhised\/","og_site_name":"Talkpal","article_publisher":"https:\/\/www.facebook.com\/profile.php?id=100090733639311","article_modified_time":"2025-07-12T09:48:01+00:00","og_image":[{"width":5000,"height":5000,"url":"https:\/\/talkpal.ai\/wp-content\/uploads\/2024\/03\/Talkpal-Logo-Icon.png","type":"image\/png"}],"twitter_card":"summary_large_image","twitter_site":"@talkpalai","twitter_misc":{"Est. reading time":"1 minut"},"schema":{"@context":"https:\/\/schema.org","@graph":[{"@type":"WebPage","@id":"https:\/\/talkpal.ai\/et\/tellimuse-haldamise-juhised\/","url":"https:\/\/talkpal.ai\/et\/tellimuse-haldamise-juhised\/","name":"Tellimuse haldamise juhised - Talkpal","isPartOf":{"@id":"https:\/\/talkpal.ai\/et\/#website"},"primaryImageOfPage":{"@id":"https:\/\/talkpal.ai\/et\/tellimuse-haldamise-juhised\/#primaryimage"},"image":{"@id":"https:\/\/talkpal.ai\/et\/tellimuse-haldamise-juhised\/#primaryimage"},"thumbnailUrl":"https:\/\/talkpal.ai\/wp-content\/uploads\/2024\/03\/Talkpal-Logo-Icon.png","datePublished":"2023-10-09T10:03:45+00:00","dateModified":"2025-07-12T09:48:01+00:00","description":"J\u00e4rgige neid tellimuste haldamise juhiseid, et tellimusi Apple'i v\u00f5i Google Play rakendustes h\u00f5lpsalt t\u00fchistada.","breadcrumb":{"@id":"https:\/\/talkpal.ai\/et\/tellimuse-haldamise-juhised\/#breadcrumb"},"inLanguage":"et","potentialAction":[{"@type":"ReadAction","target":["https:\/\/talkpal.ai\/et\/tellimuse-haldamise-juhised\/"]}]},{"@type":"ImageObject","inLanguage":"et","@id":"https:\/\/talkpal.ai\/et\/tellimuse-haldamise-juhised\/#primaryimage","url":"https:\/\/talkpal.ai\/wp-content\/uploads\/2024\/03\/Talkpal-Logo-Icon.png","contentUrl":"https:\/\/talkpal.ai\/wp-content\/uploads\/2024\/03\/Talkpal-Logo-Icon.png","width":5000,"height":5000,"caption":"Talkpali logo"},{"@type":"BreadcrumbList","@id":"https:\/\/talkpal.ai\/et\/tellimuse-haldamise-juhised\/#breadcrumb","itemListElement":[{"@type":"ListItem","position":1,"name":"Homepage","item":"https:\/\/talkpal.ai\/et\/"},{"@type":"ListItem","position":2,"name":"Tellimuse haldamise juhised"}]},{"@type":"WebSite","@id":"https:\/\/talkpal.ai\/et\/#website","url":"https:\/\/talkpal.ai\/et\/","name":"Talkpal","description":"AI Language Learning","publisher":{"@id":"https:\/\/talkpal.ai\/et\/#organization"},"alternateName":"Talkpal AI","potentialAction":[{"@type":"SearchAction","target":{"@type":"EntryPoint","urlTemplate":"https:\/\/talkpal.ai\/et\/?s={search_term_string}"},"query-input":{"@type":"PropertyValueSpecification","valueRequired":true,"valueName":"search_term_string"}}],"inLanguage":"et"},{"@type":"Organization","@id":"https:\/\/talkpal.ai\/et\/#organization","name":"Talkpal, Inc.","alternateName":"Talkpal AI","url":"https:\/\/talkpal.ai\/et\/","logo":{"@type":"ImageObject","inLanguage":"et","@id":"https:\/\/talkpal.ai\/et\/#\/schema\/logo\/image\/","url":"https:\/\/talkpal.ai\/wp-content\/uploads\/2024\/03\/Talkpal-Logo-Icon.png","contentUrl":"https:\/\/talkpal.ai\/wp-content\/uploads\/2024\/03\/Talkpal-Logo-Icon.png","width":2880,"height":2880,"caption":"Talkpal, Inc."},"image":{"@id":"https:\/\/talkpal.ai\/et\/#\/schema\/logo\/image\/"},"sameAs":["https:\/\/www.facebook.com\/profile.php?id=100090733639311","https:\/\/x.com\/talkpalai","https:\/\/www.linkedin.com\/company\/talkpal\/","https:\/\/www.youtube.com\/@TalkPal\/","https:\/\/www.tiktok.com\/@talkpal","https:\/\/www.instagram.com\/talkpal_ai\/","https:\/\/www.crunchbase.com\/organization\/talkpal-9cde","https:\/\/www.g2.com\/products\/talkpal-for-business\/","https:\/\/www.trustpilot.com\/review\/talkpal.ai","https:\/\/www.capterra.com\/p\/10006800\/TalkPal\/"],"description":"Talkpal is a language learning web and mobile education app, powered by the latest AI technologies, that provides engaging experiences to its customers in many different languages to help them improve their language skills. Users can chat about unlimited amount of topics with the app and use other modes to practice their language learning.","email":"support@talkpal.ai","legalName":"Talkpal, Inc.","foundingDate":"2023-04-03","duns":"118989042","numberOfEmployees":{"@type":"QuantitativeValue","minValue":"11","maxValue":"50"},"publishingPrinciples":"https:\/\/talkpal.ai\/publishing-principles\/","actionableFeedbackPolicy":"https:\/\/talkpal.ai\/actionable-feedback-policy\/","correctionsPolicy":"https:\/\/talkpal.ai\/corrections-policy\/","ethicsPolicy":"https:\/\/talkpal.ai\/ethics-policy\/","diversityPolicy":"https:\/\/talkpal.ai\/diversity-policy\/","diversityStaffingReport":"https:\/\/talkpal.ai\/diversity-policy\/"}]}},"_links":{"self":[{"href":"https:\/\/talkpal.ai\/et\/wp-json\/wp\/v2\/pages\/998173","targetHints":{"allow":["GET"]}}],"collection":[{"href":"https:\/\/talkpal.ai\/et\/wp-json\/wp\/v2\/pages"}],"about":[{"href":"https:\/\/talkpal.ai\/et\/wp-json\/wp\/v2\/types\/page"}],"author":[{"embeddable":true,"href":"https:\/\/talkpal.ai\/et\/wp-json\/wp\/v2\/users\/10"}],"replies":[{"embeddable":true,"href":"https:\/\/talkpal.ai\/et\/wp-json\/wp\/v2\/comments?post=998173"}],"version-history":[{"count":0,"href":"https:\/\/talkpal.ai\/et\/wp-json\/wp\/v2\/pages\/998173\/revisions"}],"wp:featuredmedia":[{"embeddable":true,"href":"https:\/\/talkpal.ai\/et\/wp-json\/wp\/v2\/media\/197952"}],"wp:attachment":[{"href":"https:\/\/talkpal.ai\/et\/wp-json\/wp\/v2\/media?parent=998173"}],"curies":[{"name":"wp","href":"https:\/\/api.w.org\/{rel}","templated":true}]}}