{"id":92945,"date":"2023-12-05T11:40:43","date_gmt":"2023-12-05T11:40:43","guid":{"rendered":"http:\/\/talkpal.ai\/saksa-keele-tunnistused\/"},"modified":"2026-01-07T15:05:58","modified_gmt":"2026-01-07T15:05:58","slug":"saksa-keele-tunnistused","status":"publish","type":"page","link":"https:\/\/talkpal.ai\/et\/saksa-keele-tunnistused\/","title":{"rendered":"Saksa keele tunnistused"},"content":{"rendered":"\r\n\r\n\r\n<section class=\"languageChallengeSection\">\r\n    <div class=\"languageInfoWrapper\">\r\n        \r\n        <h1>Saksa keele tunnistused<\/h1>\r\n        <p>Talkpal on tehisintellekti loodud keele\u00f5pperakendus, mis aitab kasutajatel nendeks inglise keele eksamiteks valmistuda. Keskendudes peamiselt r\u00e4\u00e4kimis- ja kuulamisoskuse parandamisele, pakub Talkpal realistlikke interaktiivseid vestlusi ja h\u00e4\u00e4lduspraktikat. Selle tehisintellekti olemus v\u00f5imaldab isikup\u00e4rastatud tagasisidet, aidates kasutajatel m\u00f5ista oma edusamme ja valdkondi, mida parandada. Saksa keele oskust hinnatakse sageli mitme eksami abil, nagu TestDaF, Goethe-Zertifikat, DSH, \u00d6SD ja telc. Need eksamid annavad hinnangu mitte-emakeelena k\u00f5neleja v\u00f5imetele saksa keeles ja neid tunnustatakse laialdaselt ametlike keeletunnistustena. Igal testil on spetsiifilised omadused, mis eristavad seda teistest keeleoskuse taseme, rakenduste kasutamise ja punktis\u00fcsteemi poolest.<\/p>\r\n\r\n                \r\n    <\/div>\r\n\r\n    <figure>\r\n    <img decoding=\"async\" width=\"768\" height=\"768\" src=\"https:\/\/talkpal.ai\/wp-content\/uploads\/2026\/01\/group-with-phone-in-circle-768x768.webp\" class=\"languageImage no-lazy\" alt=\"Default alt text\" fetchpriority=\"high\" sizes=\"(max-width: 768px) 150px, 768px\" srcset=\"https:\/\/talkpal.ai\/wp-content\/uploads\/2026\/01\/group-with-phone-in-circle-768x768.webp 768w, https:\/\/talkpal.ai\/wp-content\/uploads\/2026\/01\/group-with-phone-in-circle-300x300.webp 300w\" \/>\r\n    \r\n\r\n    <\/figure>\r\n\r\n    \r\n<\/section>\n<div class=\"wp-block-group pageContainerStyle\"><div class=\"wp-block-group__inner-container is-layout-constrained wp-block-group-is-layout-constrained\">\n<h2 class=\"wp-block-heading\" id=\"h-german-language-certificates\">Saksa keele tunnistused<\/h2>\n\n\n\r\n                    <div class=\"methodWraper\">\r\n            <div class=\"methodContent\">\r\n                <img decoding=\"async\" src=\"https:\/\/talkpal.ai\/wp-content\/uploads\/2025\/05\/check_icon.png\" alt=\"Checkmark Icon\">\r\n                <h3>TestDaF:<\/h3>\r\n            <\/div>\r\n            <p>TestDaF (Test Deutsch als Fremdsprache): See on standardiseeritud test, mis on m\u00f5eldud saksa keele v\u00e4lis\u00f5ppijatele, kes kavatsevad Saksamaal \u00f5ppida v\u00f5i uurimist\u00f6\u00f6d teha. Eksam testib kandidaadi oskusi k\u00f5igis neljas keele\u00f5ppe aspektis &#8211; lugemine, kirjutamine, kuulamine ja r\u00e4\u00e4kimine.<\/p>\r\n        <\/div>\r\n                    <div class=\"methodWraper\">\r\n            <div class=\"methodContent\">\r\n                <img decoding=\"async\" src=\"https:\/\/talkpal.ai\/wp-content\/uploads\/2025\/05\/check_icon.png\" alt=\"Checkmark Icon\">\r\n                <h3>Goethe-Zertifikat:<\/h3>\r\n            <\/div>\r\n            <p>Goethe-Zertifikat tunnustatakse kogu maailmas, Goethe-Zertifikati testil on mitu erinevat taset, mis sobivad erinevate \u00f5ppijate oskuste tasemega. See jaguneb veel kuueks mooduliks: A1 (algaja), A2, B1, B2, C1 ja C2 (parem).<\/p>\r\n        <\/div>\r\n                    <div class=\"methodWraper\">\r\n            <div class=\"methodContent\">\r\n                <img decoding=\"async\" src=\"https:\/\/talkpal.ai\/wp-content\/uploads\/2025\/05\/check_icon.png\" alt=\"Checkmark Icon\">\r\n                <h3>DSH:<\/h3>\r\n            <\/div>\r\n            <p>DSH (Deutsche Sprachpr\u00fcfung f\u00fcr den Hochschulzugang): See eksam on suunatud neile, kes soovivad \u00f5ppida Saksa \u00fclikoolis ja peavad n\u00e4itama oma keeleoskust. DSH-d pakutakse tavaliselt \u00fclikoolide kaudu ja l\u00e4bitud hinne on tavaliselt \u00fcsna k\u00f5rge.<\/p>\r\n        <\/div>\r\n                    <div class=\"methodWraper\">\r\n            <div class=\"methodContent\">\r\n                <img decoding=\"async\" src=\"https:\/\/talkpal.ai\/wp-content\/uploads\/2025\/05\/check_icon.png\" alt=\"Checkmark Icon\">\r\n                <h3>\u00d6SD:<\/h3>\r\n            <\/div>\r\n            <p>\u00d6SD (\u00d6sterreichisches Sprachdiplom Deutsch): \u00d6SD sertifikaat on rahvusvaheliselt tunnustatud t\u00f5end saksa keele oskuse kohta. Erinevate eksamitega, mis vastavad erinevatele keeleoskuse tasemetele, on see \u00f5ppijate seas populaarne valik, mille eesm\u00e4rk on saksa keele lai m\u00f5istmine.<\/p>\r\n        <\/div>\r\n                    <div class=\"methodWraper\">\r\n            <div class=\"methodContent\">\r\n                <img decoding=\"async\" src=\"https:\/\/talkpal.ai\/wp-content\/uploads\/2025\/05\/check_icon.png\" alt=\"Checkmark Icon\">\r\n                <h3>telc:<\/h3>\r\n            <\/div>\r\n            <p>telc (Euroopa keeletunnistused): See on veel \u00fcks rahvusvaheline standardiseeritud keeleoskuse uurimise s\u00fcsteem. telc pakub sertifikaate k\u00f5igile tasemetele, vahemikus A1 kuni C2. Keskendutakse igap\u00e4evaelule ja t\u00f6\u00f6koha stsenaariumidele, muutes sertifikaadi eriti kasulikuks neile, kes otsivad t\u00f6\u00f6d saksa keelt k\u00f5nelevates riikides.<\/p>\r\n        <\/div>\r\n    <\/div><\/div>\n","protected":false},"excerpt":{"rendered":"<p>Saksa keele tunnistused<\/p>\n","protected":false},"author":8,"featured_media":75607,"parent":0,"menu_order":0,"comment_status":"closed","ping_status":"closed","template":"simpleContentPage.php","meta":{"_acf_changed":false,"footnotes":""},"class_list":["post-92945","page","type-page","status-publish","has-post-thumbnail","hentry"],"acf":[],"yoast_head":"<!-- This site is optimized with the Yoast SEO Premium plugin v27.2 (Yoast SEO v27.2) - https:\/\/yoast.com\/product\/yoast-seo-premium-wordpress\/ -->\n<title>Saksa keele tunnistused - Talkpal<\/title>\n<meta name=\"description\" content=\"Teenige tunnustatud saksa keele tunnistusi - kinnitage oma oskusi ja kiirendage oma karj\u00e4\u00e4ri!\" \/>\n<meta name=\"robots\" content=\"index, follow, max-snippet:-1, max-image-preview:large, max-video-preview:-1\" \/>\n<link rel=\"canonical\" href=\"https:\/\/talkpal.ai\/et\/saksa-keele-tunnistused\/\" \/>\n<meta property=\"og:locale\" content=\"et_EE\" \/>\n<meta property=\"og:type\" content=\"article\" \/>\n<meta property=\"og:title\" content=\"Saksa keele tunnistused\" \/>\n<meta property=\"og:description\" content=\"Saksa keele tunnistused\" \/>\n<meta property=\"og:url\" content=\"https:\/\/talkpal.ai\/et\/saksa-keele-tunnistused\/\" \/>\n<meta property=\"og:site_name\" content=\"Talkpal\" \/>\n<meta property=\"article:publisher\" content=\"https:\/\/www.facebook.com\/profile.php?id=100090733639311\" \/>\n<meta property=\"article:modified_time\" content=\"2026-01-07T15:05:58+00:00\" \/>\n<meta property=\"og:image\" content=\"https:\/\/talkpal.ai\/wp-content\/uploads\/2023\/03\/germany.png\" \/>\n\t<meta property=\"og:image:width\" content=\"512\" \/>\n\t<meta property=\"og:image:height\" content=\"512\" \/>\n\t<meta property=\"og:image:type\" content=\"image\/png\" \/>\n<meta name=\"twitter:card\" content=\"summary_large_image\" \/>\n<meta name=\"twitter:site\" content=\"@talkpalai\" \/>\n<script type=\"application\/ld+json\" class=\"yoast-schema-graph\">{\"@context\":\"https:\/\/schema.org\",\"@graph\":[{\"@type\":\"WebPage\",\"@id\":\"https:\/\/talkpal.ai\/et\/saksa-keele-tunnistused\/\",\"url\":\"https:\/\/talkpal.ai\/et\/saksa-keele-tunnistused\/\",\"name\":\"Saksa keele tunnistused - Talkpal\",\"isPartOf\":{\"@id\":\"https:\/\/talkpal.ai\/et\/#website\"},\"primaryImageOfPage\":{\"@id\":\"https:\/\/talkpal.ai\/et\/saksa-keele-tunnistused\/#primaryimage\"},\"image\":{\"@id\":\"https:\/\/talkpal.ai\/et\/saksa-keele-tunnistused\/#primaryimage\"},\"thumbnailUrl\":\"https:\/\/talkpal.ai\/wp-content\/uploads\/2023\/03\/germany.png\",\"datePublished\":\"2023-12-05T11:40:43+00:00\",\"dateModified\":\"2026-01-07T15:05:58+00:00\",\"description\":\"Teenige tunnustatud saksa keele tunnistusi - kinnitage oma oskusi ja kiirendage oma karj\u00e4\u00e4ri!\",\"breadcrumb\":{\"@id\":\"https:\/\/talkpal.ai\/et\/saksa-keele-tunnistused\/#breadcrumb\"},\"inLanguage\":\"et\",\"potentialAction\":[{\"@type\":\"ReadAction\",\"target\":[\"https:\/\/talkpal.ai\/et\/saksa-keele-tunnistused\/\"]}]},{\"@type\":\"ImageObject\",\"inLanguage\":\"et\",\"@id\":\"https:\/\/talkpal.ai\/et\/saksa-keele-tunnistused\/#primaryimage\",\"url\":\"https:\/\/talkpal.ai\/wp-content\/uploads\/2023\/03\/germany.png\",\"contentUrl\":\"https:\/\/talkpal.ai\/wp-content\/uploads\/2023\/03\/germany.png\",\"width\":512,\"height\":512,\"caption\":\"TalkPal AI learn German\"},{\"@type\":\"BreadcrumbList\",\"@id\":\"https:\/\/talkpal.ai\/et\/saksa-keele-tunnistused\/#breadcrumb\",\"itemListElement\":[{\"@type\":\"ListItem\",\"position\":1,\"name\":\"Homepage\",\"item\":\"https:\/\/talkpal.ai\/et\/\"},{\"@type\":\"ListItem\",\"position\":2,\"name\":\"Saksa keele tunnistused\"}]},{\"@type\":\"WebSite\",\"@id\":\"https:\/\/talkpal.ai\/et\/#website\",\"url\":\"https:\/\/talkpal.ai\/et\/\",\"name\":\"Talkpal\",\"description\":\"AI Language Learning\",\"publisher\":{\"@id\":\"https:\/\/talkpal.ai\/et\/#organization\"},\"alternateName\":\"Talkpal AI\",\"potentialAction\":[{\"@type\":\"SearchAction\",\"target\":{\"@type\":\"EntryPoint\",\"urlTemplate\":\"https:\/\/talkpal.ai\/et\/?s={search_term_string}\"},\"query-input\":{\"@type\":\"PropertyValueSpecification\",\"valueRequired\":true,\"valueName\":\"search_term_string\"}}],\"inLanguage\":\"et\"},{\"@type\":\"Organization\",\"@id\":\"https:\/\/talkpal.ai\/et\/#organization\",\"name\":\"Talkpal, Inc.\",\"alternateName\":\"Talkpal AI\",\"url\":\"https:\/\/talkpal.ai\/et\/\",\"logo\":{\"@type\":\"ImageObject\",\"inLanguage\":\"et\",\"@id\":\"https:\/\/talkpal.ai\/et\/#\/schema\/logo\/image\/\",\"url\":\"https:\/\/talkpal.ai\/wp-content\/uploads\/2024\/03\/Talkpal-Logo-Icon.png\",\"contentUrl\":\"https:\/\/talkpal.ai\/wp-content\/uploads\/2024\/03\/Talkpal-Logo-Icon.png\",\"width\":2880,\"height\":2880,\"caption\":\"Talkpal, Inc.\"},\"image\":{\"@id\":\"https:\/\/talkpal.ai\/et\/#\/schema\/logo\/image\/\"},\"sameAs\":[\"https:\/\/www.facebook.com\/profile.php?id=100090733639311\",\"https:\/\/x.com\/talkpalai\",\"https:\/\/www.linkedin.com\/company\/talkpal\/\",\"https:\/\/www.youtube.com\/@TalkPal\/\",\"https:\/\/www.tiktok.com\/@talkpal\",\"https:\/\/www.instagram.com\/talkpal_ai\/\",\"https:\/\/www.crunchbase.com\/organization\/talkpal-9cde\",\"https:\/\/www.g2.com\/products\/talkpal-for-business\/\",\"https:\/\/www.trustpilot.com\/review\/talkpal.ai\",\"https:\/\/www.capterra.com\/p\/10006800\/TalkPal\/\"],\"description\":\"Talkpal is a language learning web and mobile education app, powered by the latest AI technologies, that provides engaging experiences to its customers in many different languages to help them improve their language skills. Users can chat about unlimited amount of topics with the app and use other modes to practice their language learning.\",\"email\":\"support@talkpal.ai\",\"legalName\":\"Talkpal, Inc.\",\"foundingDate\":\"2023-04-03\",\"duns\":\"118989042\",\"numberOfEmployees\":{\"@type\":\"QuantitativeValue\",\"minValue\":\"11\",\"maxValue\":\"50\"},\"publishingPrinciples\":\"https:\/\/talkpal.ai\/publishing-principles\/\",\"actionableFeedbackPolicy\":\"https:\/\/talkpal.ai\/actionable-feedback-policy\/\",\"correctionsPolicy\":\"https:\/\/talkpal.ai\/corrections-policy\/\",\"ethicsPolicy\":\"https:\/\/talkpal.ai\/ethics-policy\/\",\"diversityPolicy\":\"https:\/\/talkpal.ai\/diversity-policy\/\",\"diversityStaffingReport\":\"https:\/\/talkpal.ai\/diversity-policy\/\"}]}<\/script>\n<!-- \/ Yoast SEO Premium plugin. -->","yoast_head_json":{"title":"Saksa keele tunnistused - Talkpal","description":"Teenige tunnustatud saksa keele tunnistusi - kinnitage oma oskusi ja kiirendage oma karj\u00e4\u00e4ri!","robots":{"index":"index","follow":"follow","max-snippet":"max-snippet:-1","max-image-preview":"max-image-preview:large","max-video-preview":"max-video-preview:-1"},"canonical":"https:\/\/talkpal.ai\/et\/saksa-keele-tunnistused\/","og_locale":"et_EE","og_type":"article","og_title":"Saksa keele tunnistused","og_description":"Saksa keele tunnistused","og_url":"https:\/\/talkpal.ai\/et\/saksa-keele-tunnistused\/","og_site_name":"Talkpal","article_publisher":"https:\/\/www.facebook.com\/profile.php?id=100090733639311","article_modified_time":"2026-01-07T15:05:58+00:00","og_image":[{"width":512,"height":512,"url":"https:\/\/talkpal.ai\/wp-content\/uploads\/2023\/03\/germany.png","type":"image\/png"}],"twitter_card":"summary_large_image","twitter_site":"@talkpalai","schema":{"@context":"https:\/\/schema.org","@graph":[{"@type":"WebPage","@id":"https:\/\/talkpal.ai\/et\/saksa-keele-tunnistused\/","url":"https:\/\/talkpal.ai\/et\/saksa-keele-tunnistused\/","name":"Saksa keele tunnistused - Talkpal","isPartOf":{"@id":"https:\/\/talkpal.ai\/et\/#website"},"primaryImageOfPage":{"@id":"https:\/\/talkpal.ai\/et\/saksa-keele-tunnistused\/#primaryimage"},"image":{"@id":"https:\/\/talkpal.ai\/et\/saksa-keele-tunnistused\/#primaryimage"},"thumbnailUrl":"https:\/\/talkpal.ai\/wp-content\/uploads\/2023\/03\/germany.png","datePublished":"2023-12-05T11:40:43+00:00","dateModified":"2026-01-07T15:05:58+00:00","description":"Teenige tunnustatud saksa keele tunnistusi - kinnitage oma oskusi ja kiirendage oma karj\u00e4\u00e4ri!","breadcrumb":{"@id":"https:\/\/talkpal.ai\/et\/saksa-keele-tunnistused\/#breadcrumb"},"inLanguage":"et","potentialAction":[{"@type":"ReadAction","target":["https:\/\/talkpal.ai\/et\/saksa-keele-tunnistused\/"]}]},{"@type":"ImageObject","inLanguage":"et","@id":"https:\/\/talkpal.ai\/et\/saksa-keele-tunnistused\/#primaryimage","url":"https:\/\/talkpal.ai\/wp-content\/uploads\/2023\/03\/germany.png","contentUrl":"https:\/\/talkpal.ai\/wp-content\/uploads\/2023\/03\/germany.png","width":512,"height":512,"caption":"TalkPal AI learn German"},{"@type":"BreadcrumbList","@id":"https:\/\/talkpal.ai\/et\/saksa-keele-tunnistused\/#breadcrumb","itemListElement":[{"@type":"ListItem","position":1,"name":"Homepage","item":"https:\/\/talkpal.ai\/et\/"},{"@type":"ListItem","position":2,"name":"Saksa keele tunnistused"}]},{"@type":"WebSite","@id":"https:\/\/talkpal.ai\/et\/#website","url":"https:\/\/talkpal.ai\/et\/","name":"Talkpal","description":"AI Language Learning","publisher":{"@id":"https:\/\/talkpal.ai\/et\/#organization"},"alternateName":"Talkpal AI","potentialAction":[{"@type":"SearchAction","target":{"@type":"EntryPoint","urlTemplate":"https:\/\/talkpal.ai\/et\/?s={search_term_string}"},"query-input":{"@type":"PropertyValueSpecification","valueRequired":true,"valueName":"search_term_string"}}],"inLanguage":"et"},{"@type":"Organization","@id":"https:\/\/talkpal.ai\/et\/#organization","name":"Talkpal, Inc.","alternateName":"Talkpal AI","url":"https:\/\/talkpal.ai\/et\/","logo":{"@type":"ImageObject","inLanguage":"et","@id":"https:\/\/talkpal.ai\/et\/#\/schema\/logo\/image\/","url":"https:\/\/talkpal.ai\/wp-content\/uploads\/2024\/03\/Talkpal-Logo-Icon.png","contentUrl":"https:\/\/talkpal.ai\/wp-content\/uploads\/2024\/03\/Talkpal-Logo-Icon.png","width":2880,"height":2880,"caption":"Talkpal, Inc."},"image":{"@id":"https:\/\/talkpal.ai\/et\/#\/schema\/logo\/image\/"},"sameAs":["https:\/\/www.facebook.com\/profile.php?id=100090733639311","https:\/\/x.com\/talkpalai","https:\/\/www.linkedin.com\/company\/talkpal\/","https:\/\/www.youtube.com\/@TalkPal\/","https:\/\/www.tiktok.com\/@talkpal","https:\/\/www.instagram.com\/talkpal_ai\/","https:\/\/www.crunchbase.com\/organization\/talkpal-9cde","https:\/\/www.g2.com\/products\/talkpal-for-business\/","https:\/\/www.trustpilot.com\/review\/talkpal.ai","https:\/\/www.capterra.com\/p\/10006800\/TalkPal\/"],"description":"Talkpal is a language learning web and mobile education app, powered by the latest AI technologies, that provides engaging experiences to its customers in many different languages to help them improve their language skills. Users can chat about unlimited amount of topics with the app and use other modes to practice their language learning.","email":"support@talkpal.ai","legalName":"Talkpal, Inc.","foundingDate":"2023-04-03","duns":"118989042","numberOfEmployees":{"@type":"QuantitativeValue","minValue":"11","maxValue":"50"},"publishingPrinciples":"https:\/\/talkpal.ai\/publishing-principles\/","actionableFeedbackPolicy":"https:\/\/talkpal.ai\/actionable-feedback-policy\/","correctionsPolicy":"https:\/\/talkpal.ai\/corrections-policy\/","ethicsPolicy":"https:\/\/talkpal.ai\/ethics-policy\/","diversityPolicy":"https:\/\/talkpal.ai\/diversity-policy\/","diversityStaffingReport":"https:\/\/talkpal.ai\/diversity-policy\/"}]}},"_links":{"self":[{"href":"https:\/\/talkpal.ai\/et\/wp-json\/wp\/v2\/pages\/92945","targetHints":{"allow":["GET"]}}],"collection":[{"href":"https:\/\/talkpal.ai\/et\/wp-json\/wp\/v2\/pages"}],"about":[{"href":"https:\/\/talkpal.ai\/et\/wp-json\/wp\/v2\/types\/page"}],"author":[{"embeddable":true,"href":"https:\/\/talkpal.ai\/et\/wp-json\/wp\/v2\/users\/8"}],"replies":[{"embeddable":true,"href":"https:\/\/talkpal.ai\/et\/wp-json\/wp\/v2\/comments?post=92945"}],"version-history":[{"count":0,"href":"https:\/\/talkpal.ai\/et\/wp-json\/wp\/v2\/pages\/92945\/revisions"}],"wp:featuredmedia":[{"embeddable":true,"href":"https:\/\/talkpal.ai\/et\/wp-json\/wp\/v2\/media\/75607"}],"wp:attachment":[{"href":"https:\/\/talkpal.ai\/et\/wp-json\/wp\/v2\/media?parent=92945"}],"curies":[{"name":"wp","href":"https:\/\/api.w.org\/{rel}","templated":true}]}}