{"id":92064,"date":"2023-06-14T13:25:23","date_gmt":"2023-06-14T13:25:23","guid":{"rendered":"http:\/\/talkpal.ai\/inglise-keele-grammatika-harjutused\/"},"modified":"2025-12-17T16:35:57","modified_gmt":"2025-12-17T16:35:57","slug":"inglise-keele-grammatika-harjutused","status":"publish","type":"page","link":"https:\/\/talkpal.ai\/et\/inglise-keele-grammatika-harjutused\/","title":{"rendered":"Inglise keele grammatika harjutused"},"content":{"rendered":"\r\n\r\n\r\n<section class=\"languageChallengeSection\">\r\n    <div class=\"languageInfoWrapper\">\r\n        \r\n        <h1>Inglise keele grammatika harjutused<\/h1>\r\n        <p>Tahad suurendada oma enesekindlust <a href=\"https:\/\/talkpal.ai\/learn-english\/\">inglise<\/a> keeles? Grammatikaharjutuste tegemine on suurep\u00e4rane v\u00f5imalus parandada oma arusaamist grammatikareeglitest, kasutada verbe \u00f5igesti ja laiendada oma s\u00f5navara. Alusta t\u00f6\u00f6d oma <a href=\"https:\/\/talkpal.ai\/learn-english\/\">inglise<\/a> keele grammatikaga juba t\u00e4na ja n\u00e4ed, kuidas sinu oskused ja keeleoskus kasvavad <a href=\"https:\/\/talkpal.ai\/locations\/language-courses-in-iga\/\">iga<\/a> harjutusega!\n\n<\/p>\r\n\r\n                            <a class=\"getStartedHidden\" href=\"https:\/\/app.talkpal.ai\/et\/signup?lng=\">Alusta<\/a>\r\n        \r\n    <\/div>\r\n\r\n    <figure>\r\n    <img decoding=\"async\" width=\"768\" height=\"768\" src=\"https:\/\/talkpal.ai\/wp-content\/uploads\/2023\/06\/English-768x768.png\" class=\"languageImage no-lazy\" alt=\"Language learning for improved multitasking\" fetchpriority=\"high\" sizes=\"(max-width: 768px) 150px, 768px\" srcset=\"https:\/\/talkpal.ai\/wp-content\/uploads\/2023\/06\/English-768x768.png 768w, https:\/\/talkpal.ai\/wp-content\/uploads\/2023\/06\/English-300x300.png 300w\" \/>\r\n    \r\n\r\n    <\/figure>\r\n\r\n            <a class=\"getStartedVisible\" href=\"https:\/\/app.talkpal.ai\/et\/signup?lng=\">Alusta<\/a>\r\n    \r\n<\/section>\r\n\r\n\r\n<!-- <section class=\"grammarSection\">\r\n    <div class=\"grammarLinks\">\r\n        <a href=\"https:\/\/talkpal.ai\/et\/exercise_language\/ajavormid-inglise-keele-grammatika\/\">Ajavormid <\/a><a href=\"https:\/\/talkpal.ai\/et\/exercise_language\/ajavormide-vordlus-inglise-keele-grammatika\/\">Ajavormide v\u00f5rdlus \u2013 inglise keele grammatika<\/a><a href=\"https:\/\/talkpal.ai\/et\/exercise_language\/artiklid-inglise-keele-grammatika\/\">Artiklid <\/a><a href=\"https:\/\/talkpal.ai\/et\/exercise_language\/asesonad-maarajad-inglise-keele-grammatika\/\">Ases\u00f5nad\/m\u00e4\u00e4rajad <\/a><a href=\"https:\/\/talkpal.ai\/et\/exercise_language\/eessonad-inglise-keele-grammatika\/\">Eess\u00f5nad <\/a><a href=\"https:\/\/talkpal.ai\/et\/exercise_language\/laused-inglise-keele-grammatika\/\">Laused <\/a><a href=\"https:\/\/talkpal.ai\/et\/exercise_language\/maarsonad-inglise-keele-grammatika\/\">M\u00e4\u00e4rs\u00f5nad <\/a><a href=\"https:\/\/talkpal.ai\/et\/exercise_language\/nimisonad-inglise-keele-grammatika\/\">Nimis\u00f5nad <\/a><a href=\"https:\/\/talkpal.ai\/et\/exercise_language\/omadussonad-inglise-keele-grammatika\/\">Omaduss\u00f5nad <\/a><a href=\"https:\/\/talkpal.ai\/et\/exercise_language\/tegusonad-inglise-keele-grammatika\/\">Tegus\u00f5nad <\/a><a href=\"https:\/\/talkpal.ai\/et\/exercise_language\/tingimused-inglise-keele-grammatika\/\">Tingimused <\/a>    <\/div>\r\n<\/section> -->\r\n\r\n\r\n\r\n\r\n        <section class=\"grammarSection\">\r\n            <div class=\"grammarLinks\">\r\n                <a href=\"https:\/\/talkpal.ai\/et\/exercise_language\/ajavormid-inglise-keele-grammatika\/\">Ajavormid <\/a><a href=\"https:\/\/talkpal.ai\/et\/exercise_language\/ajavormide-vordlus-inglise-keele-grammatika\/\">Ajavormide v\u00f5rdlus \u2013 inglise keele grammatika<\/a><a href=\"https:\/\/talkpal.ai\/et\/exercise_language\/artiklid-inglise-keele-grammatika\/\">Artiklid <\/a><a href=\"https:\/\/talkpal.ai\/et\/exercise_language\/asesonad-maarajad-inglise-keele-grammatika\/\">Ases\u00f5nad\/m\u00e4\u00e4rajad <\/a><a href=\"https:\/\/talkpal.ai\/et\/exercise_language\/eessonad-inglise-keele-grammatika\/\">Eess\u00f5nad <\/a><a href=\"https:\/\/talkpal.ai\/et\/exercise_language\/laused-inglise-keele-grammatika\/\">Laused <\/a><a href=\"https:\/\/talkpal.ai\/et\/exercise_language\/maarsonad-inglise-keele-grammatika\/\">M\u00e4\u00e4rs\u00f5nad <\/a><a href=\"https:\/\/talkpal.ai\/et\/exercise_language\/nimisonad-inglise-keele-grammatika\/\">Nimis\u00f5nad <\/a><a href=\"https:\/\/talkpal.ai\/et\/exercise_language\/omadussonad-inglise-keele-grammatika\/\">Omaduss\u00f5nad <\/a><a href=\"https:\/\/talkpal.ai\/et\/exercise_language\/tegusonad-inglise-keele-grammatika\/\">Tegus\u00f5nad <\/a><a href=\"https:\/\/talkpal.ai\/et\/exercise_language\/tingimused-inglise-keele-grammatika\/\">Tingimused <\/a>            <\/div>\r\n        <\/section>\r\n<section class=\"promotionalBanner\">\r\n    <p class=\"promotionalText\">K\u00f5ige t\u00f5husam viis keele \u00f5ppimiseks<\/p>\r\n    <a class=\"promotionalLink\" href=\"https:\/\/app.talkpal.ai\/et\/signup?lng=\">Proovige Talkpal tasuta<\/a>\r\n<\/section>\n<div class=\"wp-block-group pageContainerStyle\"><div class=\"wp-block-group__inner-container is-layout-constrained wp-block-group-is-layout-constrained\">\n<h2 class=\"wp-block-heading\" id=\"h-english-grammar-topics\">Inglise keele grammatika teemad<\/h2>\n\n\n\n<p><a href=\"https:\/\/talkpal.ai\/et\/grammar\/abitegusonad-inglise-keele-grammatikas\/\">Inglise keele grammatika<\/a> on reeglite ja juhiste kogum, mis m\u00e4\u00e4rab inglise keele struktuuri. See v\u00f5imaldab meil \u00fcksteisega selgelt ja t\u00f5husalt suhelda. Inglise keele \u00f5ppimisel on <a href=\"https:\/\/talkpal.ai\/greek-grammar\/\">grammatika<\/a> m\u00f5istmine tugeva lugemis-, kirjutamis- ja r\u00e4\u00e4kimisoskuse arendamiseks h\u00e4davajalik. See teekond h\u00f5lmab grammatika erinevaid komponente, nagu omaduss\u00f5nad, m\u00e4\u00e4rs\u00f5nad, artiklid, tingimused, nimis\u00f5nad, eess\u00f5nad, ases\u00f5nad\/m\u00e4\u00e4rajad, laused, pingeline v\u00f5rdlus, ajavormid ja tegus\u00f5nad. Uurime k\u00f5iki neid teemasid soovituslikus j\u00e4rjekorras, et muuta inglise keele grammatika <a href=\"https:\/\/talkpal.ai\/et\/oppimine\/\">\u00f5ppimine<\/a> t\u00f5husamaks ja nauditavamaks.<\/p>\n\n\n\n<h3 class=\"wp-block-heading\" id=\"h-1-nouns\">1. Nimis\u00f5nad:<\/h3>\n\n\n\n<p>Nimis\u00f5nad on inglise keele grammatika k\u00f5ige p\u00f5hilisemad ehitusplokid. Need on s\u00f5nad, mis esindavad inimesi, kohti, asju v\u00f5i ideid. Nimis\u00f5nade m\u00f5istmine on oluline lausete moodustamiseks ja t\u00e4henduse edastamiseks keeles.<\/p>\n\n\n\n<h3 class=\"wp-block-heading\" id=\"h-2-pronouns-determiners\">2. Ases\u00f5nad\/m\u00e4\u00e4rajad:<\/h3>\n\n\n\n<p>Kui olete nimis\u00f5nadest aru saanud, on j\u00e4rgmine samm ases\u00f5nade ja m\u00e4\u00e4rajate tundma\u00f5ppimine. Ases\u00f5nad asendavad nimis\u00f5nad lauses, et v\u00e4ltida kordusi, samas kui m\u00e4\u00e4rajad annavad teavet nimis\u00f5na kohta, n\u00e4iteks kogus v\u00f5i valdus.<\/p>\n\n\n\n<h3 class=\"wp-block-heading\" id=\"h-3-verbs\">3. Tegus\u00f5nad:<\/h3>\n\n\n\n<p>Tegus\u00f5nad on tegevuss\u00f5nad, mis v\u00e4ljendavad seda, mida nimis\u00f5na teeb v\u00f5i kogeb. Need on iga lause oluline osa ja nende toimimise m\u00f5istmine on selgete ja l\u00fchikeste avalduste loomiseks h\u00e4davajalik.<\/p>\n\n\n\n<h3 class=\"wp-block-heading\" id=\"h-4-adjectives\">4. Omaduss\u00f5nad:<\/h3>\n\n\n\n<p>Omaduss\u00f5nad kirjeldavad v\u00f5i muudavad nimis\u00f5nu, <a href=\"https:\/\/talkpal.ai\/locations\/language-courses-in-andes\/\">andes<\/a> rohkem teavet nende omaduste v\u00f5i omaduste kohta. Omaduss\u00f5nade t\u00f5husa kasutamise \u00f5ppimine suurendab teie v\u00f5imet inglise keeles suhelda.<\/p>\n\n\n\n<h3 class=\"wp-block-heading\" id=\"h-5-adverbs\">5. M\u00e4\u00e4rs\u00f5nad:<\/h3>\n\n\n\n<p>M\u00e4\u00e4rs\u00f5nad sarnanevad omaduss\u00f5nadega, kuid muudavad tegus\u00f5nu, omaduss\u00f5nu v\u00f5i muid m\u00e4\u00e4rs\u00f5nu. Nad kirjeldavad sageli, kuidas, millal v\u00f5i kus tegevus toimub. Teades, kuidas kasutada m\u00e4\u00e4rs\u00f5nu, lisab teie inglise keele suhtlusele s\u00fcgavust ja \u00fcksikasju.<\/p>\n\n\n\n<h3 class=\"wp-block-heading\" id=\"h-6-prepositions\">6. Eess\u00f5nad:<\/h3>\n\n\n\n<p>Eess\u00f5nad on s\u00f5nad, mis n\u00e4itavad seost nimis\u00f5nade, ases\u00f5nade ja teiste s\u00f5nade vahel lauses. Need aitavad pakkuda konteksti, n\u00e4iteks asukohta, aega v\u00f5i suunda.<\/p>\n\n\n\n<h3 class=\"wp-block-heading\" id=\"h-7-articles\">7. Artiklid:<\/h3>\n\n\n\n<p>Artiklid on teatud t\u00fc\u00fcpi m\u00e4\u00e4rajad, mis m\u00e4\u00e4ravad, kas nimis\u00f5na on kindel v\u00f5i m\u00e4\u00e4ramata. Need on olulised \u00f5ige lause moodustamiseks ja aitavad selgitada avalduse t\u00e4hendust.<\/p>\n\n\n\n<h3 class=\"wp-block-heading\" id=\"h-8-tenses\">8. Ajavormid:<\/h3>\n\n\n\n<p>Ajad n\u00e4itavad tegevuse v\u00f5i olemise oleku aega. Inglise keele erinevate ajavormide \u00f5ppimine v\u00f5imaldab teil end t\u00e4pselt v\u00e4ljendada, olenemata sellest, kas r\u00e4\u00e4gite minevikust, olevikust v\u00f5i tulevikust.<\/p>\n\n\n\n<h3 class=\"wp-block-heading\" id=\"h-9-tense-comparison\">9. Pingeline v\u00f5rdlus:<\/h3>\n\n\n\n<p>Pingelise v\u00f5rdluse m\u00f5istmine on oluline tegevuste v\u00f5i olekute v\u00f5rdlemiseks erinevates ajavahemikes. See oskus aitab teil edastada keerulisi ideid ja arendada inglise keele grammatika paremat m\u00f5istmist.<\/p>\n\n\n\n<h3 class=\"wp-block-heading\" id=\"h-10-sentences\">10. Laused:<\/h3>\n\n\n\n<p>Laused on inglise keeles kirjaliku ja suulise suhtluse alus. Tuginedes oma teadmistele nimis\u00f5nade, tegus\u00f5nade ja muude grammatikakomponentide kohta, v\u00f5imaldab lauseehituse tundma\u00f5ppimine teil oma m\u00f5tteid keeles t\u00f5husalt edasi anda.<\/p>\n\n\n\n<h3 class=\"wp-block-heading\" id=\"h-11-conditionals\">11. Tingimused:<\/h3>\n\n\n\n<p>Tingimuslikud laused on laused, mis v\u00e4ljendavad seisundit ja selle v\u00f5imalikku tagaj\u00e4rge. Need on inglise keele grammatika arenenud aspekt, mis aitab teil v\u00e4ljendada h\u00fcpoteetilisi olukordi ja keerulisi ideid.<\/p>\n<\/div><\/div>\n\r\n<section class=\"learnNavigationSection\">\r\n            \r\n        <a href=\"https:\/\/talkpal.ai\/et\/opi-inglise-keelt\/\">\r\n            <div class=\"learnNavigationWrapper\">\r\n                <div class=\"learnNavigationContent\">\r\n                    <img decoding=\"async\" src=\"https:\/\/talkpal.ai\/wp-content\/uploads\/2024\/08\/English.jpg\" alt=\"English Flag\">\r\n                    <div>\r\n                        <h4>Inglise keele \u00f5ppimise kohta<\/h4>\r\n                        <p>Uuri k\u00f5ike inglise keele grammatika kohta.<\/p>\r\n                    <\/div>\r\n                <\/div>\r\n            <\/div>\r\n        <\/a>\r\n\r\n        \r\n        <a href=\"https:\/\/talkpal.ai\/et\/inglise-keele-grammatika\/\">\r\n            <div class=\"learnNavigationWrapper\">\r\n                <div class=\"learnNavigationContent\">\r\n                    <img decoding=\"async\" src=\"https:\/\/talkpal.ai\/wp-content\/uploads\/2024\/08\/English.jpg\" alt=\"English Flag\">\r\n                    <div>\r\n                        <h4>Inglise keele grammatika tunnid<\/h4>\r\n                        <p>Harjutage inglise keelt grammatika.<\/p>\r\n                    <\/div>\r\n                <\/div>\r\n            <\/div>\r\n        <\/a>\r\n\r\n        \r\n        <a href=\"https:\/\/talkpal.ai\/vocabulary_language\/english\/\">\r\n            <div class=\"learnNavigationWrapper\">\r\n                <div class=\"learnNavigationContent\">\r\n                    <img decoding=\"async\" src=\"https:\/\/talkpal.ai\/wp-content\/uploads\/2024\/08\/English.jpg\" alt=\"English Flag\">\r\n                    <div>\r\n                        <h4>Inglise keele s\u00f5navara<\/h4>\r\n                        <p>Laiendage oma inglise keele s\u00f5navara.<\/p>\r\n                    <\/div>\r\n                <\/div>\r\n            <\/div>\r\n        <\/a>\r\n\r\n            <\/section>","protected":false},"excerpt":{"rendered":"<p>Inglise keele grammatika teemad Inglise keele grammatika on reeglite ja juhiste kogum, mis m\u00e4\u00e4rab inglise keele struktuuri. See v\u00f5imaldab meil \u00fcksteisega selgelt ja t\u00f5husalt suhelda. Inglise keele \u00f5ppimisel on grammatika m\u00f5istmine tugeva lugemis-, kirjutamis- ja r\u00e4\u00e4kimisoskuse arendamiseks h\u00e4davajalik. See teekond h\u00f5lmab grammatika erinevaid komponente, nagu omaduss\u00f5nad, m\u00e4\u00e4rs\u00f5nad, artiklid, tingimused, nimis\u00f5nad, eess\u00f5nad, ases\u00f5nad\/m\u00e4\u00e4rajad, laused, pingeline v\u00f5rdlus, [&hellip;]<\/p>\n","protected":false},"author":1,"featured_media":64429,"parent":0,"menu_order":0,"comment_status":"closed","ping_status":"closed","template":"LearningContentPage.php","meta":{"_acf_changed":false,"footnotes":""},"class_list":["post-92064","page","type-page","status-publish","has-post-thumbnail","hentry"],"acf":[],"yoast_head":"<!-- This site is optimized with the Yoast SEO Premium plugin v27.2 (Yoast SEO v27.2) - https:\/\/yoast.com\/product\/yoast-seo-premium-wordpress\/ -->\n<title>Inglise keele grammatika harjutused - Talkpal<\/title>\n<meta name=\"description\" content=\"Parandage oma inglise keele oskust t\u00f5husate Talkpal&#039;s grammatika harjutuste abil. Parandage oma keeleoskust kohe!\" \/>\n<meta name=\"robots\" content=\"index, follow, max-snippet:-1, max-image-preview:large, max-video-preview:-1\" \/>\n<link rel=\"canonical\" href=\"https:\/\/talkpal.ai\/et\/inglise-keele-grammatika-harjutused\/\" \/>\n<meta property=\"og:locale\" content=\"et_EE\" \/>\n<meta property=\"og:type\" content=\"article\" \/>\n<meta property=\"og:title\" content=\"Inglise keele grammatika harjutused\" \/>\n<meta property=\"og:description\" content=\"Inglise keele grammatika teemad Inglise keele grammatika on reeglite ja juhiste kogum, mis m\u00e4\u00e4rab inglise keele struktuuri. See v\u00f5imaldab meil \u00fcksteisega\" \/>\n<meta property=\"og:url\" content=\"https:\/\/talkpal.ai\/et\/inglise-keele-grammatika-harjutused\/\" \/>\n<meta property=\"og:site_name\" content=\"Talkpal\" \/>\n<meta property=\"article:publisher\" content=\"https:\/\/www.facebook.com\/profile.php?id=100090733639311\" \/>\n<meta property=\"article:modified_time\" content=\"2025-12-17T16:35:57+00:00\" \/>\n<meta property=\"og:image\" content=\"https:\/\/talkpal.ai\/wp-content\/uploads\/2023\/03\/united-kingdom.png\" \/>\n\t<meta property=\"og:image:width\" content=\"512\" \/>\n\t<meta property=\"og:image:height\" content=\"512\" \/>\n\t<meta property=\"og:image:type\" content=\"image\/png\" \/>\n<meta name=\"twitter:card\" content=\"summary_large_image\" \/>\n<meta name=\"twitter:site\" content=\"@talkpalai\" \/>\n<meta name=\"twitter:label1\" content=\"Est. reading time\" \/>\n\t<meta name=\"twitter:data1\" content=\"2 minutit\" \/>\n<script type=\"application\/ld+json\" class=\"yoast-schema-graph\">{\"@context\":\"https:\/\/schema.org\",\"@graph\":[{\"@type\":\"WebPage\",\"@id\":\"https:\/\/talkpal.ai\/et\/inglise-keele-grammatika-harjutused\/\",\"url\":\"https:\/\/talkpal.ai\/et\/inglise-keele-grammatika-harjutused\/\",\"name\":\"Inglise keele grammatika harjutused - Talkpal\",\"isPartOf\":{\"@id\":\"https:\/\/talkpal.ai\/et\/#website\"},\"primaryImageOfPage\":{\"@id\":\"https:\/\/talkpal.ai\/et\/inglise-keele-grammatika-harjutused\/#primaryimage\"},\"image\":{\"@id\":\"https:\/\/talkpal.ai\/et\/inglise-keele-grammatika-harjutused\/#primaryimage\"},\"thumbnailUrl\":\"https:\/\/talkpal.ai\/wp-content\/uploads\/2023\/03\/united-kingdom.png\",\"datePublished\":\"2023-06-14T13:25:23+00:00\",\"dateModified\":\"2025-12-17T16:35:57+00:00\",\"description\":\"Parandage oma inglise keele oskust t\u00f5husate Talkpal's grammatika harjutuste abil. Parandage oma keeleoskust kohe!\",\"breadcrumb\":{\"@id\":\"https:\/\/talkpal.ai\/et\/inglise-keele-grammatika-harjutused\/#breadcrumb\"},\"inLanguage\":\"et\",\"potentialAction\":[{\"@type\":\"ReadAction\",\"target\":[\"https:\/\/talkpal.ai\/et\/inglise-keele-grammatika-harjutused\/\"]}]},{\"@type\":\"ImageObject\",\"inLanguage\":\"et\",\"@id\":\"https:\/\/talkpal.ai\/et\/inglise-keele-grammatika-harjutused\/#primaryimage\",\"url\":\"https:\/\/talkpal.ai\/wp-content\/uploads\/2023\/03\/united-kingdom.png\",\"contentUrl\":\"https:\/\/talkpal.ai\/wp-content\/uploads\/2023\/03\/united-kingdom.png\",\"width\":512,\"height\":512,\"caption\":\"TalkPal AI learn English\"},{\"@type\":\"BreadcrumbList\",\"@id\":\"https:\/\/talkpal.ai\/et\/inglise-keele-grammatika-harjutused\/#breadcrumb\",\"itemListElement\":[{\"@type\":\"ListItem\",\"position\":1,\"name\":\"Homepage\",\"item\":\"https:\/\/talkpal.ai\/et\/\"},{\"@type\":\"ListItem\",\"position\":2,\"name\":\"Inglise keele grammatika harjutused\"}]},{\"@type\":\"WebSite\",\"@id\":\"https:\/\/talkpal.ai\/et\/#website\",\"url\":\"https:\/\/talkpal.ai\/et\/\",\"name\":\"Talkpal\",\"description\":\"AI Language Learning\",\"publisher\":{\"@id\":\"https:\/\/talkpal.ai\/et\/#organization\"},\"alternateName\":\"Talkpal AI\",\"potentialAction\":[{\"@type\":\"SearchAction\",\"target\":{\"@type\":\"EntryPoint\",\"urlTemplate\":\"https:\/\/talkpal.ai\/et\/?s={search_term_string}\"},\"query-input\":{\"@type\":\"PropertyValueSpecification\",\"valueRequired\":true,\"valueName\":\"search_term_string\"}}],\"inLanguage\":\"et\"},{\"@type\":\"Organization\",\"@id\":\"https:\/\/talkpal.ai\/et\/#organization\",\"name\":\"Talkpal, Inc.\",\"alternateName\":\"Talkpal AI\",\"url\":\"https:\/\/talkpal.ai\/et\/\",\"logo\":{\"@type\":\"ImageObject\",\"inLanguage\":\"et\",\"@id\":\"https:\/\/talkpal.ai\/et\/#\/schema\/logo\/image\/\",\"url\":\"https:\/\/talkpal.ai\/wp-content\/uploads\/2024\/03\/Talkpal-Logo-Icon.png\",\"contentUrl\":\"https:\/\/talkpal.ai\/wp-content\/uploads\/2024\/03\/Talkpal-Logo-Icon.png\",\"width\":2880,\"height\":2880,\"caption\":\"Talkpal, Inc.\"},\"image\":{\"@id\":\"https:\/\/talkpal.ai\/et\/#\/schema\/logo\/image\/\"},\"sameAs\":[\"https:\/\/www.facebook.com\/profile.php?id=100090733639311\",\"https:\/\/x.com\/talkpalai\",\"https:\/\/www.linkedin.com\/company\/talkpal\/\",\"https:\/\/www.youtube.com\/@TalkPal\/\",\"https:\/\/www.tiktok.com\/@talkpal\",\"https:\/\/www.instagram.com\/talkpal_ai\/\",\"https:\/\/www.crunchbase.com\/organization\/talkpal-9cde\",\"https:\/\/www.g2.com\/products\/talkpal-for-business\/\",\"https:\/\/www.trustpilot.com\/review\/talkpal.ai\",\"https:\/\/www.capterra.com\/p\/10006800\/TalkPal\/\"],\"description\":\"Talkpal is a language learning web and mobile education app, powered by the latest AI technologies, that provides engaging experiences to its customers in many different languages to help them improve their language skills. Users can chat about unlimited amount of topics with the app and use other modes to practice their language learning.\",\"email\":\"support@talkpal.ai\",\"legalName\":\"Talkpal, Inc.\",\"foundingDate\":\"2023-04-03\",\"duns\":\"118989042\",\"numberOfEmployees\":{\"@type\":\"QuantitativeValue\",\"minValue\":\"11\",\"maxValue\":\"50\"},\"publishingPrinciples\":\"https:\/\/talkpal.ai\/publishing-principles\/\",\"actionableFeedbackPolicy\":\"https:\/\/talkpal.ai\/actionable-feedback-policy\/\",\"correctionsPolicy\":\"https:\/\/talkpal.ai\/corrections-policy\/\",\"ethicsPolicy\":\"https:\/\/talkpal.ai\/ethics-policy\/\",\"diversityPolicy\":\"https:\/\/talkpal.ai\/diversity-policy\/\",\"diversityStaffingReport\":\"https:\/\/talkpal.ai\/diversity-policy\/\"}]}<\/script>\n<!-- \/ Yoast SEO Premium plugin. -->","yoast_head_json":{"title":"Inglise keele grammatika harjutused - Talkpal","description":"Parandage oma inglise keele oskust t\u00f5husate Talkpal's grammatika harjutuste abil. Parandage oma keeleoskust kohe!","robots":{"index":"index","follow":"follow","max-snippet":"max-snippet:-1","max-image-preview":"max-image-preview:large","max-video-preview":"max-video-preview:-1"},"canonical":"https:\/\/talkpal.ai\/et\/inglise-keele-grammatika-harjutused\/","og_locale":"et_EE","og_type":"article","og_title":"Inglise keele grammatika harjutused","og_description":"Inglise keele grammatika teemad Inglise keele grammatika on reeglite ja juhiste kogum, mis m\u00e4\u00e4rab inglise keele struktuuri. See v\u00f5imaldab meil \u00fcksteisega","og_url":"https:\/\/talkpal.ai\/et\/inglise-keele-grammatika-harjutused\/","og_site_name":"Talkpal","article_publisher":"https:\/\/www.facebook.com\/profile.php?id=100090733639311","article_modified_time":"2025-12-17T16:35:57+00:00","og_image":[{"width":512,"height":512,"url":"https:\/\/talkpal.ai\/wp-content\/uploads\/2023\/03\/united-kingdom.png","type":"image\/png"}],"twitter_card":"summary_large_image","twitter_site":"@talkpalai","twitter_misc":{"Est. reading time":"2 minutit"},"schema":{"@context":"https:\/\/schema.org","@graph":[{"@type":"WebPage","@id":"https:\/\/talkpal.ai\/et\/inglise-keele-grammatika-harjutused\/","url":"https:\/\/talkpal.ai\/et\/inglise-keele-grammatika-harjutused\/","name":"Inglise keele grammatika harjutused - Talkpal","isPartOf":{"@id":"https:\/\/talkpal.ai\/et\/#website"},"primaryImageOfPage":{"@id":"https:\/\/talkpal.ai\/et\/inglise-keele-grammatika-harjutused\/#primaryimage"},"image":{"@id":"https:\/\/talkpal.ai\/et\/inglise-keele-grammatika-harjutused\/#primaryimage"},"thumbnailUrl":"https:\/\/talkpal.ai\/wp-content\/uploads\/2023\/03\/united-kingdom.png","datePublished":"2023-06-14T13:25:23+00:00","dateModified":"2025-12-17T16:35:57+00:00","description":"Parandage oma inglise keele oskust t\u00f5husate Talkpal's grammatika harjutuste abil. Parandage oma keeleoskust kohe!","breadcrumb":{"@id":"https:\/\/talkpal.ai\/et\/inglise-keele-grammatika-harjutused\/#breadcrumb"},"inLanguage":"et","potentialAction":[{"@type":"ReadAction","target":["https:\/\/talkpal.ai\/et\/inglise-keele-grammatika-harjutused\/"]}]},{"@type":"ImageObject","inLanguage":"et","@id":"https:\/\/talkpal.ai\/et\/inglise-keele-grammatika-harjutused\/#primaryimage","url":"https:\/\/talkpal.ai\/wp-content\/uploads\/2023\/03\/united-kingdom.png","contentUrl":"https:\/\/talkpal.ai\/wp-content\/uploads\/2023\/03\/united-kingdom.png","width":512,"height":512,"caption":"TalkPal AI learn English"},{"@type":"BreadcrumbList","@id":"https:\/\/talkpal.ai\/et\/inglise-keele-grammatika-harjutused\/#breadcrumb","itemListElement":[{"@type":"ListItem","position":1,"name":"Homepage","item":"https:\/\/talkpal.ai\/et\/"},{"@type":"ListItem","position":2,"name":"Inglise keele grammatika harjutused"}]},{"@type":"WebSite","@id":"https:\/\/talkpal.ai\/et\/#website","url":"https:\/\/talkpal.ai\/et\/","name":"Talkpal","description":"AI Language Learning","publisher":{"@id":"https:\/\/talkpal.ai\/et\/#organization"},"alternateName":"Talkpal AI","potentialAction":[{"@type":"SearchAction","target":{"@type":"EntryPoint","urlTemplate":"https:\/\/talkpal.ai\/et\/?s={search_term_string}"},"query-input":{"@type":"PropertyValueSpecification","valueRequired":true,"valueName":"search_term_string"}}],"inLanguage":"et"},{"@type":"Organization","@id":"https:\/\/talkpal.ai\/et\/#organization","name":"Talkpal, Inc.","alternateName":"Talkpal AI","url":"https:\/\/talkpal.ai\/et\/","logo":{"@type":"ImageObject","inLanguage":"et","@id":"https:\/\/talkpal.ai\/et\/#\/schema\/logo\/image\/","url":"https:\/\/talkpal.ai\/wp-content\/uploads\/2024\/03\/Talkpal-Logo-Icon.png","contentUrl":"https:\/\/talkpal.ai\/wp-content\/uploads\/2024\/03\/Talkpal-Logo-Icon.png","width":2880,"height":2880,"caption":"Talkpal, Inc."},"image":{"@id":"https:\/\/talkpal.ai\/et\/#\/schema\/logo\/image\/"},"sameAs":["https:\/\/www.facebook.com\/profile.php?id=100090733639311","https:\/\/x.com\/talkpalai","https:\/\/www.linkedin.com\/company\/talkpal\/","https:\/\/www.youtube.com\/@TalkPal\/","https:\/\/www.tiktok.com\/@talkpal","https:\/\/www.instagram.com\/talkpal_ai\/","https:\/\/www.crunchbase.com\/organization\/talkpal-9cde","https:\/\/www.g2.com\/products\/talkpal-for-business\/","https:\/\/www.trustpilot.com\/review\/talkpal.ai","https:\/\/www.capterra.com\/p\/10006800\/TalkPal\/"],"description":"Talkpal is a language learning web and mobile education app, powered by the latest AI technologies, that provides engaging experiences to its customers in many different languages to help them improve their language skills. Users can chat about unlimited amount of topics with the app and use other modes to practice their language learning.","email":"support@talkpal.ai","legalName":"Talkpal, Inc.","foundingDate":"2023-04-03","duns":"118989042","numberOfEmployees":{"@type":"QuantitativeValue","minValue":"11","maxValue":"50"},"publishingPrinciples":"https:\/\/talkpal.ai\/publishing-principles\/","actionableFeedbackPolicy":"https:\/\/talkpal.ai\/actionable-feedback-policy\/","correctionsPolicy":"https:\/\/talkpal.ai\/corrections-policy\/","ethicsPolicy":"https:\/\/talkpal.ai\/ethics-policy\/","diversityPolicy":"https:\/\/talkpal.ai\/diversity-policy\/","diversityStaffingReport":"https:\/\/talkpal.ai\/diversity-policy\/"}]}},"_links":{"self":[{"href":"https:\/\/talkpal.ai\/et\/wp-json\/wp\/v2\/pages\/92064","targetHints":{"allow":["GET"]}}],"collection":[{"href":"https:\/\/talkpal.ai\/et\/wp-json\/wp\/v2\/pages"}],"about":[{"href":"https:\/\/talkpal.ai\/et\/wp-json\/wp\/v2\/types\/page"}],"author":[{"embeddable":true,"href":"https:\/\/talkpal.ai\/et\/wp-json\/wp\/v2\/users\/1"}],"replies":[{"embeddable":true,"href":"https:\/\/talkpal.ai\/et\/wp-json\/wp\/v2\/comments?post=92064"}],"version-history":[{"count":0,"href":"https:\/\/talkpal.ai\/et\/wp-json\/wp\/v2\/pages\/92064\/revisions"}],"wp:featuredmedia":[{"embeddable":true,"href":"https:\/\/talkpal.ai\/et\/wp-json\/wp\/v2\/media\/64429"}],"wp:attachment":[{"href":"https:\/\/talkpal.ai\/et\/wp-json\/wp\/v2\/media?parent=92064"}],"curies":[{"name":"wp","href":"https:\/\/api.w.org\/{rel}","templated":true}]}}