{"id":91868,"date":"2023-03-25T16:57:06","date_gmt":"2023-03-25T16:57:06","guid":{"rendered":"http:\/\/talkpal.ai\/inglise-keele-grammatika\/"},"modified":"2025-05-22T19:28:01","modified_gmt":"2025-05-22T19:28:01","slug":"inglise-keele-grammatika","status":"publish","type":"page","link":"https:\/\/talkpal.ai\/et\/inglise-keele-grammatika\/","title":{"rendered":"Inglise keele grammatika"},"content":{"rendered":"\r\n\r\n\r\n<section class=\"languageChallengeSection\">\r\n    <div class=\"languageInfoWrapper\">\r\n        \r\n        <h1>Inglise keele grammatika<\/h1>\r\n        <p>Kas olete valmis alustama <a href=\"https:\/\/talkpal.ai\/learn-english\/\">inglise<\/a> keele \u00f5ppimist? Vaid pisut grammatikat ja m\u00f5ned uued s\u00f5nad, siis hakkate kohe vestlema ja suhtlema inimestega \u00fcle kogu maailma. Sukeldu sisse ja teeme <a href=\"https:\/\/talkpal.ai\/learn-english\/\">inglise<\/a> keele \u00f5ppimise l\u00f5busaks ja lihtsaks &#8211; sinu teekond keeleoskuseni algab juba t\u00e4na!\n\n<\/p>\r\n\r\n                            <a class=\"getStartedHidden\" href=\"https:\/\/app.talkpal.ai\/et\/signup?lng=\">Alusta<\/a>\r\n        \r\n    <\/div>\r\n\r\n    <figure>\r\n    <img decoding=\"async\" width=\"768\" height=\"768\" src=\"https:\/\/talkpal.ai\/wp-content\/uploads\/2023\/06\/English-768x768.png\" class=\"languageImage no-lazy\" alt=\"Language learning for improved multitasking\" fetchpriority=\"high\" sizes=\"(max-width: 768px) 150px, 768px\" srcset=\"https:\/\/talkpal.ai\/wp-content\/uploads\/2023\/06\/English-768x768.png 768w, https:\/\/talkpal.ai\/wp-content\/uploads\/2023\/06\/English-300x300.png 300w\" \/>\r\n    \r\n\r\n    <\/figure>\r\n\r\n            <a class=\"getStartedVisible\" href=\"https:\/\/app.talkpal.ai\/et\/signup?lng=\">Alusta<\/a>\r\n    \r\n<\/section>\r\n        <section class=\"grammarSection\">\r\n            <div class=\"grammarLinks\">\r\n                <a href=\"https:\/\/talkpal.ai\/et\/language\/ajavormid-inglise-keele-grammatika\/\">Ajavormid <\/a><a href=\"https:\/\/talkpal.ai\/et\/language\/artiklid-inglise-keele-grammatika\/\">Artiklid <\/a><a href=\"https:\/\/talkpal.ai\/et\/language\/asesonad-maarajad-inglise-keele-grammatika\/\">Ases\u00f5nad\/m\u00e4\u00e4rajad <\/a><a href=\"https:\/\/talkpal.ai\/et\/language\/eessonad-inglise-keele-grammatika\/\">Eess\u00f5nad <\/a><a href=\"https:\/\/talkpal.ai\/et\/language\/laused-inglise-keele-grammatika\/\">Laused <\/a><a href=\"https:\/\/talkpal.ai\/et\/language\/maarsonad-inglise-keele-grammatika\/\">M\u00e4\u00e4rs\u00f5nad <\/a><a href=\"https:\/\/talkpal.ai\/et\/language\/nimisonad-inglise-keele-grammatika\/\">Nimis\u00f5nad <\/a><a href=\"https:\/\/talkpal.ai\/et\/language\/omadussonad-inglise-keele-grammatika\/\">Omaduss\u00f5nad <\/a><a href=\"https:\/\/talkpal.ai\/et\/language\/tegusonad-inglise-keele-grammatika\/\">Tegus\u00f5nad <\/a><a href=\"https:\/\/talkpal.ai\/et\/language\/tingimused-inglise-keele-grammatika\/\">Tingimused <\/a>            <\/div>\r\n        <\/section>\r\n    <section class=\"promotionalBanner\">\r\n    <p class=\"promotionalText\">K\u00f5ige t\u00f5husam viis keele \u00f5ppimiseks<\/p>\r\n    <a class=\"promotionalLink\" href=\"https:\/\/app.talkpal.ai\/et\/signup?lng=\">Proovige Talkpal tasuta<\/a>\r\n<\/section>\n<div class=\"wp-block-group pageContainerStyle\"><div class=\"wp-block-group__inner-container is-layout-constrained wp-block-group-is-layout-constrained\">\n<h2 class=\"wp-block-heading\" id=\"h-the-importance-of-english-grammar-a-guide-to-mastering-the-rules-and-principles\">Inglise keele grammatika t\u00e4htsus: juhend reeglite ja p\u00f5him\u00f5tete omandamiseks<\/h2>\n\n\n\n<p>Kuna <a href=\"https:\/\/talkpal.ai\/learn-english-with-ai\/\">inglise keel<\/a> on \u00fcks tuntumaid keeli, mida r\u00e4\u00e4gitakse kogu maailmas, ei ole \u00fcllatav, et inimesed soovivad parandada oma keeleoskust ja -oskust. Inglise keele valdamise \u00fcks oluline aspekt on selle <a href=\"https:\/\/talkpal.ai\/greek-grammar\/\">grammatika<\/a> m\u00f5istmine. Aga miks on grammatika nii oluline ja kuidas me saame seda t\u00f5husalt \u00f5ppida? Selles artiklis tutvustame <a href=\"https:\/\/talkpal.ai\/et\/grammar\/abitegusonad-inglise-keele-grammatikas\/\">inglise keele grammatika<\/a> t\u00e4htsust, arutame selle p\u00f5hiprintsiipe ja jagame m\u00f5ningaid praktilisi n\u00e4pun\u00e4iteid oma oskuste lihvimiseks.<\/p>\n\n\n\n<h3 class=\"wp-block-heading\" id=\"h-the-role-of-grammar-in-the-english-language\">Grammatika roll inglise keeles:<\/h3>\n\n\n\n<p>Mis on siis nii suur asi grammatikas? P\u00f5him\u00f5tteliselt on grammatika <a href=\"https:\/\/talkpal.ai\/locations\/language-courses-in-iga\/\">iga<\/a> keele ehituskivid &#8211; see on reeglite ja p\u00f5him\u00f5tete kogum, mis reguleerib, kuidas me kasutame s\u00f5nu, et moodustada m\u00f5testatud lauseid. Neid reegleid j\u00e4rgides saame tagada selge suhtluse ja v\u00e4ltida arusaamatusi. Kujutage ette, et proovite s\u00fc\u00fca valmistada ilma retsepti j\u00e4rgimata &#8211; l\u00f5pptulemus v\u00f5ib olla ebameeldiv! Samamoodi v\u00f5ib grammatika unarusse j\u00e4tmine meie igap\u00e4evases k\u00f5nes ja kirjutamises p\u00f5hjustada segadust ja v\u00e4\u00e4rt\u00f5lgendusi.<\/p>\n\n\n\n<h3 class=\"wp-block-heading\" id=\"h-key-principles-of-english-grammar\">Inglise keele grammatika peamised p\u00f5him\u00f5tted:<\/h3>\n\n\n\n<p>Kuigi <a href=\"https:\/\/talkpal.ai\/et\/grammar\/abitegusonad-inglise-keele-grammatikas\/\">inglise keele grammatika<\/a> h\u00f5lmab suurt hulka reegleid, on m\u00f5ned peamised p\u00f5him\u00f5tted, mida peaksite teadma:<\/p>\n\n\n\n<p><strong>1. K\u00f5ne osad:<\/strong> Need on rollid, mida s\u00f5nad lauses m\u00e4ngivad. S\u00f5ltuvalt nende funktsioonist v\u00f5ib s\u00f5nu liigitada nimis\u00f5nadeks, ases\u00f5nadeks, tegus\u00f5nadeks, omaduss\u00f5nadeks, m\u00e4\u00e4rs\u00f5nadeks, eess\u00f5nadeks, sides\u00f5nadeks v\u00f5i interjektsioonideks.<\/p>\n\n\n\n<p>2. Ajavormid<strong>: Ajavormid<\/strong> n\u00e4itavad tegevuste aega v\u00f5i olemise seisundeid. Need liigitatakse minevikku, olevikku ja tulevikku, kusjuures igal ajavormil on neli aspekti &#8211; lihtne, progresseeruv, perfekt ja perfektiivne progresseeruv.<\/p>\n\n\n\n<p><strong>3. Subjekti-verbi kokkulepe:<\/strong> Sisuliselt peavad subjekt (nimis\u00f5na v\u00f5i ases\u00f5na) ja tegus\u00f5na lauses kokku leppima arvuliselt \u2013 ainsuses v\u00f5i mitmuses. N\u00e4iteks &#8220;Ta loeb raamatut&#8221; ja &#8220;Nad loevad raamatuid&#8221; on m\u00f5lemad grammatiliselt korrektsed.<\/p>\n\n\n\n<p><strong>4. Lauseehitus:<\/strong> H\u00e4sti struktureeritud lause koosneb subjektist, tegus\u00f5nast ja sageli objektist. Laused v\u00f5ivad olla lihtsad (\u00fcks s\u00f5ltumatu klausel), liitlause (kaks v\u00f5i enam s\u00f5ltumatut klauslit) v\u00f5i keerulised (\u00fcks s\u00f5ltumatu klausel ja \u00fcks v\u00f5i mitu s\u00f5ltuvat klauslit).<\/p>\n\n\n\n<p><strong>5. Kirjavahem\u00e4rgid: Kirjavahem\u00e4rgid<\/strong> , nagu komad, punktid ja semikoolonid, on kirjakeele korraldamisel ja selgitamisel kriitilise t\u00e4htsusega. \u00d5ige kirjavahem\u00e4rk tagab, et teie ideed edastatakse t\u00e4pselt ja sidusalt.<\/p>\n\n\n\n<h3 class=\"wp-block-heading\" id=\"h-tips-to-improve-your-english-grammar\">N\u00f5uanded inglise keele grammatika parandamiseks:<\/h3>\n\n\n\n<p>N\u00fc\u00fcd, kui me oleme arutanud inglise keele grammatika p\u00f5hialuseid, uurime m\u00f5ningaid t\u00f5husaid viise, kuidas oma oskusi lihvida:<\/p>\n\n\n\n<p><strong>1. Lugege regulaarselt:<\/strong> lugemine on suurep\u00e4rane viis \u00f5ige grammatika sisestamiseks. Mida rohkem puutute kokku h\u00e4sti kirjutatud artiklite, raamatute v\u00f5i esseedega, seda paremini m\u00f5istate reegleid ja struktuure.<\/p>\n\n\n\n<p><strong>2. Harjutage kirjutamist:<\/strong> Regulaarne kirjutamine v\u00f5imaldab teil rakendada oma grammatikateadmisi ja tuvastada valdkondi, kus vajate parandamist. Kaaluge oma kirjutamisoskuste arendamiseks p\u00e4eviku pidamist v\u00f5i ajaveebi alustamist.<\/p>\n\n\n\n<p><strong>3. Uurige grammatikaressursse: hankige<\/strong> k\u00e4tte m\u00f5ned mainekad grammatikaraamatud, veebisaidid v\u00f5i rakendused, et reeglitest paremini aru saada. Nende materjalide regulaarne \u00fclevaatamine aitab teie teadmisi kinnistada.<\/p>\n\n\n\n<p><strong>4. Tagasiside otsimine:<\/strong> suhelge teistega, et saada konstruktiivset kriitikat oma kirjaliku ja suulise inglise keele kohta. See v\u00f5ib toimuda veebifoorumite, keelevahetusr\u00fchmade v\u00f5i inglise keelt valdavate s\u00f5prade ja kolleegide kaudu.<\/p>\n\n\n\n<p><strong>5. Ole kannatlik ja p\u00fcsiv:<\/strong> grammatika <a href=\"https:\/\/talkpal.ai\/et\/oppimine\/\">\u00f5ppimine<\/a> on j\u00e4rkj\u00e4rguline protsess, mis n\u00f5uab aega ja vaeva. J\u00e4\u00e4ge p\u00fchendunuks, j\u00e4tkake harjutamist ja t\u00e4histage oma edusamme.<\/p>\n\n\n\n<h3 class=\"wp-block-heading\" id=\"h-conclusion\">J\u00e4reldus:<\/h3>\n\n\n\n<p>Inglise keele grammatika valdamine on oluline h\u00fcppelaud teel sujuvuse poole. Kui m\u00f5istate selle t\u00e4htsust, tutvute peamiste p\u00f5him\u00f5tetega ja harjutate seda aktiivselt, siis oskate peagi seda keelt v\u00e4ga h\u00e4sti. Pea meeles, et Rooma ei ole ehitatud \u00fche p\u00e4evaga &#8211; seega ole kannatlik, l\u00f5butsege ja nautige teekonda laitmatu grammatika poole!<\/p>\n<\/div><\/div>\n\r\n<section class=\"learnNavigationSection\">\r\n            \r\n        <a href=\"https:\/\/talkpal.ai\/et\/opi-inglise-keelt\/\">\r\n            <div class=\"learnNavigationWrapper\">\r\n                <div class=\"learnNavigationContent\">\r\n                    <img decoding=\"async\" src=\"https:\/\/talkpal.ai\/wp-content\/uploads\/2024\/08\/English.jpg\" alt=\"English Flag\">\r\n                    <div>\r\n                        <h4>Inglise keele \u00f5ppimise kohta<\/h4>\r\n                        <p>Uuri k\u00f5ike inglise keele grammatika kohta.<\/p>\r\n                    <\/div>\r\n                <\/div>\r\n            <\/div>\r\n        <\/a>\r\n\r\n        \r\n        <a href=\"https:\/\/talkpal.ai\/et\/inglise-keele-grammatika-harjutused\/\">\r\n            <div class=\"learnNavigationWrapper\">\r\n                <div class=\"learnNavigationContent\">\r\n                    <img decoding=\"async\" src=\"https:\/\/talkpal.ai\/wp-content\/uploads\/2024\/08\/English.jpg\" alt=\"English Flag\">\r\n                    <div>\r\n                        <h4>Inglise keele grammatika harjutused<\/h4>\r\n                        <p>Harjutage inglise keelt grammatika.<\/p>\r\n                    <\/div>\r\n                <\/div>\r\n            <\/div>\r\n        <\/a>\r\n\r\n        \r\n        <a href=\"https:\/\/talkpal.ai\/vocabulary_language\/english\/\">\r\n            <div class=\"learnNavigationWrapper\">\r\n                <div class=\"learnNavigationContent\">\r\n                    <img decoding=\"async\" src=\"https:\/\/talkpal.ai\/wp-content\/uploads\/2024\/08\/English.jpg\" alt=\"English Flag\">\r\n                    <div>\r\n                        <h4>Inglise keele s\u00f5navara<\/h4>\r\n                        <p>Laiendage oma inglise keele s\u00f5navara.<\/p>\r\n                    <\/div>\r\n                <\/div>\r\n            <\/div>\r\n        <\/a>\r\n\r\n            <\/section>","protected":false},"excerpt":{"rendered":"<p>Inglise keele grammatika t\u00e4htsus: juhend reeglite ja p\u00f5him\u00f5tete omandamiseks Kuna inglise keel on \u00fcks tuntumaid keeli, mida r\u00e4\u00e4gitakse kogu maailmas, ei ole \u00fcllatav, et inimesed soovivad parandada oma keeleoskust ja -oskust. Inglise keele valdamise \u00fcks oluline aspekt on selle grammatika m\u00f5istmine. Aga miks on grammatika nii oluline ja kuidas me saame seda t\u00f5husalt \u00f5ppida? Selles [&hellip;]<\/p>\n","protected":false},"author":1,"featured_media":64429,"parent":0,"menu_order":0,"comment_status":"closed","ping_status":"closed","template":"LearningContentPage.php","meta":{"_acf_changed":false,"footnotes":""},"class_list":["post-91868","page","type-page","status-publish","has-post-thumbnail","hentry"],"acf":[],"yoast_head":"<!-- This site is optimized with the Yoast SEO Premium plugin v27.2 (Yoast SEO v27.2) - https:\/\/yoast.com\/product\/yoast-seo-premium-wordpress\/ -->\n<title>Inglise keele grammatika - Talkpal<\/title>\n<meta name=\"description\" content=\"Parandage oma inglise keele grammatikaoskusi vaevata koos Talkpaltehisintellektiga keele\u00f5pperakendusega.\" \/>\n<meta name=\"robots\" content=\"index, follow, max-snippet:-1, max-image-preview:large, max-video-preview:-1\" \/>\n<link rel=\"canonical\" href=\"https:\/\/talkpal.ai\/et\/inglise-keele-grammatika\/\" \/>\n<meta property=\"og:locale\" content=\"et_EE\" \/>\n<meta property=\"og:type\" content=\"article\" \/>\n<meta property=\"og:title\" content=\"Inglise keele grammatika\" \/>\n<meta property=\"og:description\" content=\"Inglise keele grammatika t\u00e4htsus: juhend reeglite ja p\u00f5him\u00f5tete omandamiseks Kuna inglise keel on \u00fcks tuntumaid keeli, mida r\u00e4\u00e4gitakse kogu maailmas, ei\" \/>\n<meta property=\"og:url\" content=\"https:\/\/talkpal.ai\/et\/inglise-keele-grammatika\/\" \/>\n<meta property=\"og:site_name\" content=\"Talkpal\" \/>\n<meta property=\"article:publisher\" content=\"https:\/\/www.facebook.com\/profile.php?id=100090733639311\" \/>\n<meta property=\"article:modified_time\" content=\"2025-05-22T19:28:01+00:00\" \/>\n<meta property=\"og:image\" content=\"https:\/\/talkpal.ai\/wp-content\/uploads\/2023\/03\/united-kingdom.png\" \/>\n\t<meta property=\"og:image:width\" content=\"512\" \/>\n\t<meta property=\"og:image:height\" content=\"512\" \/>\n\t<meta property=\"og:image:type\" content=\"image\/png\" \/>\n<meta name=\"twitter:card\" content=\"summary_large_image\" \/>\n<meta name=\"twitter:site\" content=\"@talkpalai\" \/>\n<meta name=\"twitter:label1\" content=\"Est. reading time\" \/>\n\t<meta name=\"twitter:data1\" content=\"3 minutit\" \/>\n<script type=\"application\/ld+json\" class=\"yoast-schema-graph\">{\"@context\":\"https:\/\/schema.org\",\"@graph\":[{\"@type\":\"WebPage\",\"@id\":\"https:\/\/talkpal.ai\/et\/inglise-keele-grammatika\/\",\"url\":\"https:\/\/talkpal.ai\/et\/inglise-keele-grammatika\/\",\"name\":\"Inglise keele grammatika - Talkpal\",\"isPartOf\":{\"@id\":\"https:\/\/talkpal.ai\/et\/#website\"},\"primaryImageOfPage\":{\"@id\":\"https:\/\/talkpal.ai\/et\/inglise-keele-grammatika\/#primaryimage\"},\"image\":{\"@id\":\"https:\/\/talkpal.ai\/et\/inglise-keele-grammatika\/#primaryimage\"},\"thumbnailUrl\":\"https:\/\/talkpal.ai\/wp-content\/uploads\/2023\/03\/united-kingdom.png\",\"datePublished\":\"2023-03-25T16:57:06+00:00\",\"dateModified\":\"2025-05-22T19:28:01+00:00\",\"description\":\"Parandage oma inglise keele grammatikaoskusi vaevata koos Talkpaltehisintellektiga keele\u00f5pperakendusega.\",\"breadcrumb\":{\"@id\":\"https:\/\/talkpal.ai\/et\/inglise-keele-grammatika\/#breadcrumb\"},\"inLanguage\":\"et\",\"potentialAction\":[{\"@type\":\"ReadAction\",\"target\":[\"https:\/\/talkpal.ai\/et\/inglise-keele-grammatika\/\"]}]},{\"@type\":\"ImageObject\",\"inLanguage\":\"et\",\"@id\":\"https:\/\/talkpal.ai\/et\/inglise-keele-grammatika\/#primaryimage\",\"url\":\"https:\/\/talkpal.ai\/wp-content\/uploads\/2023\/03\/united-kingdom.png\",\"contentUrl\":\"https:\/\/talkpal.ai\/wp-content\/uploads\/2023\/03\/united-kingdom.png\",\"width\":512,\"height\":512,\"caption\":\"TalkPal AI learn English\"},{\"@type\":\"BreadcrumbList\",\"@id\":\"https:\/\/talkpal.ai\/et\/inglise-keele-grammatika\/#breadcrumb\",\"itemListElement\":[{\"@type\":\"ListItem\",\"position\":1,\"name\":\"Homepage\",\"item\":\"https:\/\/talkpal.ai\/et\/\"},{\"@type\":\"ListItem\",\"position\":2,\"name\":\"Inglise keele grammatika\"}]},{\"@type\":\"WebSite\",\"@id\":\"https:\/\/talkpal.ai\/et\/#website\",\"url\":\"https:\/\/talkpal.ai\/et\/\",\"name\":\"Talkpal\",\"description\":\"AI Language Learning\",\"publisher\":{\"@id\":\"https:\/\/talkpal.ai\/et\/#organization\"},\"alternateName\":\"Talkpal AI\",\"potentialAction\":[{\"@type\":\"SearchAction\",\"target\":{\"@type\":\"EntryPoint\",\"urlTemplate\":\"https:\/\/talkpal.ai\/et\/?s={search_term_string}\"},\"query-input\":{\"@type\":\"PropertyValueSpecification\",\"valueRequired\":true,\"valueName\":\"search_term_string\"}}],\"inLanguage\":\"et\"},{\"@type\":\"Organization\",\"@id\":\"https:\/\/talkpal.ai\/et\/#organization\",\"name\":\"Talkpal, Inc.\",\"alternateName\":\"Talkpal AI\",\"url\":\"https:\/\/talkpal.ai\/et\/\",\"logo\":{\"@type\":\"ImageObject\",\"inLanguage\":\"et\",\"@id\":\"https:\/\/talkpal.ai\/et\/#\/schema\/logo\/image\/\",\"url\":\"https:\/\/talkpal.ai\/wp-content\/uploads\/2024\/03\/Talkpal-Logo-Icon.png\",\"contentUrl\":\"https:\/\/talkpal.ai\/wp-content\/uploads\/2024\/03\/Talkpal-Logo-Icon.png\",\"width\":2880,\"height\":2880,\"caption\":\"Talkpal, Inc.\"},\"image\":{\"@id\":\"https:\/\/talkpal.ai\/et\/#\/schema\/logo\/image\/\"},\"sameAs\":[\"https:\/\/www.facebook.com\/profile.php?id=100090733639311\",\"https:\/\/x.com\/talkpalai\",\"https:\/\/www.linkedin.com\/company\/talkpal\/\",\"https:\/\/www.youtube.com\/@TalkPal\/\",\"https:\/\/www.tiktok.com\/@talkpal\",\"https:\/\/www.instagram.com\/talkpal_ai\/\",\"https:\/\/www.crunchbase.com\/organization\/talkpal-9cde\",\"https:\/\/www.g2.com\/products\/talkpal-for-business\/\",\"https:\/\/www.trustpilot.com\/review\/talkpal.ai\",\"https:\/\/www.capterra.com\/p\/10006800\/TalkPal\/\"],\"description\":\"Talkpal is a language learning web and mobile education app, powered by the latest AI technologies, that provides engaging experiences to its customers in many different languages to help them improve their language skills. Users can chat about unlimited amount of topics with the app and use other modes to practice their language learning.\",\"email\":\"support@talkpal.ai\",\"legalName\":\"Talkpal, Inc.\",\"foundingDate\":\"2023-04-03\",\"duns\":\"118989042\",\"numberOfEmployees\":{\"@type\":\"QuantitativeValue\",\"minValue\":\"11\",\"maxValue\":\"50\"},\"publishingPrinciples\":\"https:\/\/talkpal.ai\/publishing-principles\/\",\"actionableFeedbackPolicy\":\"https:\/\/talkpal.ai\/actionable-feedback-policy\/\",\"correctionsPolicy\":\"https:\/\/talkpal.ai\/corrections-policy\/\",\"ethicsPolicy\":\"https:\/\/talkpal.ai\/ethics-policy\/\",\"diversityPolicy\":\"https:\/\/talkpal.ai\/diversity-policy\/\",\"diversityStaffingReport\":\"https:\/\/talkpal.ai\/diversity-policy\/\"}]}<\/script>\n<!-- \/ Yoast SEO Premium plugin. -->","yoast_head_json":{"title":"Inglise keele grammatika - Talkpal","description":"Parandage oma inglise keele grammatikaoskusi vaevata koos Talkpaltehisintellektiga keele\u00f5pperakendusega.","robots":{"index":"index","follow":"follow","max-snippet":"max-snippet:-1","max-image-preview":"max-image-preview:large","max-video-preview":"max-video-preview:-1"},"canonical":"https:\/\/talkpal.ai\/et\/inglise-keele-grammatika\/","og_locale":"et_EE","og_type":"article","og_title":"Inglise keele grammatika","og_description":"Inglise keele grammatika t\u00e4htsus: juhend reeglite ja p\u00f5him\u00f5tete omandamiseks Kuna inglise keel on \u00fcks tuntumaid keeli, mida r\u00e4\u00e4gitakse kogu maailmas, ei","og_url":"https:\/\/talkpal.ai\/et\/inglise-keele-grammatika\/","og_site_name":"Talkpal","article_publisher":"https:\/\/www.facebook.com\/profile.php?id=100090733639311","article_modified_time":"2025-05-22T19:28:01+00:00","og_image":[{"width":512,"height":512,"url":"https:\/\/talkpal.ai\/wp-content\/uploads\/2023\/03\/united-kingdom.png","type":"image\/png"}],"twitter_card":"summary_large_image","twitter_site":"@talkpalai","twitter_misc":{"Est. reading time":"3 minutit"},"schema":{"@context":"https:\/\/schema.org","@graph":[{"@type":"WebPage","@id":"https:\/\/talkpal.ai\/et\/inglise-keele-grammatika\/","url":"https:\/\/talkpal.ai\/et\/inglise-keele-grammatika\/","name":"Inglise keele grammatika - Talkpal","isPartOf":{"@id":"https:\/\/talkpal.ai\/et\/#website"},"primaryImageOfPage":{"@id":"https:\/\/talkpal.ai\/et\/inglise-keele-grammatika\/#primaryimage"},"image":{"@id":"https:\/\/talkpal.ai\/et\/inglise-keele-grammatika\/#primaryimage"},"thumbnailUrl":"https:\/\/talkpal.ai\/wp-content\/uploads\/2023\/03\/united-kingdom.png","datePublished":"2023-03-25T16:57:06+00:00","dateModified":"2025-05-22T19:28:01+00:00","description":"Parandage oma inglise keele grammatikaoskusi vaevata koos Talkpaltehisintellektiga keele\u00f5pperakendusega.","breadcrumb":{"@id":"https:\/\/talkpal.ai\/et\/inglise-keele-grammatika\/#breadcrumb"},"inLanguage":"et","potentialAction":[{"@type":"ReadAction","target":["https:\/\/talkpal.ai\/et\/inglise-keele-grammatika\/"]}]},{"@type":"ImageObject","inLanguage":"et","@id":"https:\/\/talkpal.ai\/et\/inglise-keele-grammatika\/#primaryimage","url":"https:\/\/talkpal.ai\/wp-content\/uploads\/2023\/03\/united-kingdom.png","contentUrl":"https:\/\/talkpal.ai\/wp-content\/uploads\/2023\/03\/united-kingdom.png","width":512,"height":512,"caption":"TalkPal AI learn English"},{"@type":"BreadcrumbList","@id":"https:\/\/talkpal.ai\/et\/inglise-keele-grammatika\/#breadcrumb","itemListElement":[{"@type":"ListItem","position":1,"name":"Homepage","item":"https:\/\/talkpal.ai\/et\/"},{"@type":"ListItem","position":2,"name":"Inglise keele grammatika"}]},{"@type":"WebSite","@id":"https:\/\/talkpal.ai\/et\/#website","url":"https:\/\/talkpal.ai\/et\/","name":"Talkpal","description":"AI Language Learning","publisher":{"@id":"https:\/\/talkpal.ai\/et\/#organization"},"alternateName":"Talkpal AI","potentialAction":[{"@type":"SearchAction","target":{"@type":"EntryPoint","urlTemplate":"https:\/\/talkpal.ai\/et\/?s={search_term_string}"},"query-input":{"@type":"PropertyValueSpecification","valueRequired":true,"valueName":"search_term_string"}}],"inLanguage":"et"},{"@type":"Organization","@id":"https:\/\/talkpal.ai\/et\/#organization","name":"Talkpal, Inc.","alternateName":"Talkpal AI","url":"https:\/\/talkpal.ai\/et\/","logo":{"@type":"ImageObject","inLanguage":"et","@id":"https:\/\/talkpal.ai\/et\/#\/schema\/logo\/image\/","url":"https:\/\/talkpal.ai\/wp-content\/uploads\/2024\/03\/Talkpal-Logo-Icon.png","contentUrl":"https:\/\/talkpal.ai\/wp-content\/uploads\/2024\/03\/Talkpal-Logo-Icon.png","width":2880,"height":2880,"caption":"Talkpal, Inc."},"image":{"@id":"https:\/\/talkpal.ai\/et\/#\/schema\/logo\/image\/"},"sameAs":["https:\/\/www.facebook.com\/profile.php?id=100090733639311","https:\/\/x.com\/talkpalai","https:\/\/www.linkedin.com\/company\/talkpal\/","https:\/\/www.youtube.com\/@TalkPal\/","https:\/\/www.tiktok.com\/@talkpal","https:\/\/www.instagram.com\/talkpal_ai\/","https:\/\/www.crunchbase.com\/organization\/talkpal-9cde","https:\/\/www.g2.com\/products\/talkpal-for-business\/","https:\/\/www.trustpilot.com\/review\/talkpal.ai","https:\/\/www.capterra.com\/p\/10006800\/TalkPal\/"],"description":"Talkpal is a language learning web and mobile education app, powered by the latest AI technologies, that provides engaging experiences to its customers in many different languages to help them improve their language skills. Users can chat about unlimited amount of topics with the app and use other modes to practice their language learning.","email":"support@talkpal.ai","legalName":"Talkpal, Inc.","foundingDate":"2023-04-03","duns":"118989042","numberOfEmployees":{"@type":"QuantitativeValue","minValue":"11","maxValue":"50"},"publishingPrinciples":"https:\/\/talkpal.ai\/publishing-principles\/","actionableFeedbackPolicy":"https:\/\/talkpal.ai\/actionable-feedback-policy\/","correctionsPolicy":"https:\/\/talkpal.ai\/corrections-policy\/","ethicsPolicy":"https:\/\/talkpal.ai\/ethics-policy\/","diversityPolicy":"https:\/\/talkpal.ai\/diversity-policy\/","diversityStaffingReport":"https:\/\/talkpal.ai\/diversity-policy\/"}]}},"_links":{"self":[{"href":"https:\/\/talkpal.ai\/et\/wp-json\/wp\/v2\/pages\/91868","targetHints":{"allow":["GET"]}}],"collection":[{"href":"https:\/\/talkpal.ai\/et\/wp-json\/wp\/v2\/pages"}],"about":[{"href":"https:\/\/talkpal.ai\/et\/wp-json\/wp\/v2\/types\/page"}],"author":[{"embeddable":true,"href":"https:\/\/talkpal.ai\/et\/wp-json\/wp\/v2\/users\/1"}],"replies":[{"embeddable":true,"href":"https:\/\/talkpal.ai\/et\/wp-json\/wp\/v2\/comments?post=91868"}],"version-history":[{"count":0,"href":"https:\/\/talkpal.ai\/et\/wp-json\/wp\/v2\/pages\/91868\/revisions"}],"wp:featuredmedia":[{"embeddable":true,"href":"https:\/\/talkpal.ai\/et\/wp-json\/wp\/v2\/media\/64429"}],"wp:attachment":[{"href":"https:\/\/talkpal.ai\/et\/wp-json\/wp\/v2\/media?parent=91868"}],"curies":[{"name":"wp","href":"https:\/\/api.w.org\/{rel}","templated":true}]}}