{"id":74988,"date":"2023-05-14T14:01:53","date_gmt":"2023-05-14T14:01:53","guid":{"rendered":"http:\/\/talkpal.ai\/eesti-keele-grammatika\/"},"modified":"2025-12-13T15:31:54","modified_gmt":"2025-12-13T15:31:54","slug":"eesti-keele-grammatika","status":"publish","type":"page","link":"https:\/\/talkpal.ai\/et\/eesti-keele-grammatika\/","title":{"rendered":"Eesti keele grammatika"},"content":{"rendered":"\r\n\r\n\r\n<section class=\"languageChallengeSection\">\r\n    <div class=\"languageInfoWrapper\">\r\n        \r\n        <h1>Eesti keele grammatika<\/h1>\r\n        <p>M\u00f5tled <a href=\"https:\/\/talkpal.ai\/learn-estonian\/\">eesti<\/a> keele \u00f5ppimisele? Astuge sisse <a href=\"https:\/\/talkpal.ai\/et\/c-keele-algtoed-ja-parimad-oppemeetodid-eestis\/\">eesti keele grammatika<\/a> maailma, kus aglutinatsioon, h\u00e4\u00e4likuharmoonia ja suur hulk substantiivi juhtumeid loovad t\u00f5eliselt erip\u00e4rase keelekogemuse. Alustage uurimist juba t\u00e4na &#8211; <a href=\"https:\/\/talkpal.ai\/et\/c-keele-algtoed-ja-parimad-oppemeetodid-eestis\/\">eesti keele grammatika<\/a> omandamine mitte ainult ei suurenda teie keeleoskust, vaid \u00fchendab teid ka Eesti rikkaliku kultuuri ja ajalooga!<\/p>\r\n\r\n                            <a class=\"getStartedHidden\" href=\"https:\/\/app.talkpal.ai\/et\/signup?lng=\">Alusta<\/a>\r\n        \r\n    <\/div>\r\n\r\n    <figure>\r\n    <img decoding=\"async\" width=\"768\" height=\"768\" src=\"https:\/\/talkpal.ai\/wp-content\/uploads\/2023\/06\/Estonian-768x768.png\" class=\"languageImage no-lazy\" alt=\"Secret tricks of language learning\" fetchpriority=\"high\" sizes=\"(max-width: 768px) 150px, 768px\" srcset=\"https:\/\/talkpal.ai\/wp-content\/uploads\/2023\/06\/Estonian-768x768.png 768w, https:\/\/talkpal.ai\/wp-content\/uploads\/2023\/06\/Estonian-300x300.png 300w\" \/>\r\n    \r\n\r\n    <\/figure>\r\n\r\n            <a class=\"getStartedVisible\" href=\"https:\/\/app.talkpal.ai\/et\/signup?lng=\">Alusta<\/a>\r\n    \r\n<\/section>\r\n<section class=\"promotionalBanner\">\r\n    <p class=\"promotionalText\">K\u00f5ige t\u00f5husam viis keele \u00f5ppimiseks<\/p>\r\n    <a class=\"promotionalLink\" href=\"https:\/\/app.talkpal.ai\/et\/signup?lng=\">Proovige Talkpal tasuta<\/a>\r\n<\/section>\n<div class=\"wp-block-group pageContainerStyle\"><div class=\"wp-block-group__inner-container is-layout-constrained wp-block-group-is-layout-constrained\">\n<h2 class=\"wp-block-heading\" id=\"h-estonian-grammar-the-gateway-to-a-unique-language-journey\">Eesti keele grammatika: v\u00e4rav unikaalsele keeleteekonnale<\/h2>\n\n\n\n<p>Tere tulemast eesti p\u00f5nevasse maailma! Enam kui miljoni emakeelena k\u00f5nelejaga eesti keel pakub ainulaadset v\u00f5imalust avardada oma keelelist silmaringi ja avastada elavat kultuuri. Kuigi eesti keele <a href=\"https:\/\/talkpal.ai\/greek-grammar\/\">grammatika<\/a> keerukus v\u00f5ib esmapilgul tunduda hirmutav, on see s\u00f5bralik algajale m\u00f5eldud k\u00e4siraamat selleks, et lihtsal ja kaasahaaraval viisil <a href=\"https:\/\/talkpal.ai\/locations\/language-courses-in-lahti\/\">lahti<\/a> seletada eesti keele grammatika alused.<\/p>\n\n\n\n<h3 class=\"wp-block-heading\" id=\"h-1-embracing-the-estonian-alphabet\">1. Eesti t\u00e4hestiku omaksv\u00f5tmine<\/h3>\n\n\n\n<p>Teekond eesti keele omandamiseni algab t\u00e4hestikust. Eesti keeles kasutatakse ladina t\u00e4hestikku, millele on lisatud \u00fcheksa erim\u00e4rki: \u00c4, \u00d6, \u00dc, \u00d5, \u0160, \u017d ja nende v\u00e4iket\u00e4hed. Nende tegelastega tutvumine loob tugeva aluse sinu eestikeelsele \u00f5pikogemusele.<\/p>\n\n\n\n<h3 class=\"wp-block-heading\" id=\"h-2-getting-a-grip-on-estonian-nouns\">2. Eesti nimis\u00f5nade haaramine<\/h3>\n\n\n\n<p>Erinevalt paljudest Euroopa keeltest ei tee eesti keel vahet mehelikul ja naiselikul sool. Nimis\u00f5nad liigitatakse selle asemel kas ainsuseks v\u00f5i mitmuseks ja igal nimis\u00f5nal on 14 juhtumit. Kuigi see v\u00f5ib tunduda \u00fcle j\u00f5u k\u00e4iv, on oluline m\u00f5ista, et nimis\u00f5nade morfoloogiline struktuur on \u00fcsna korrap\u00e4rane, mis muudab \u00f5ppimise lihtsamaks. Alustuseks keskenduge k\u00f5ige tavalisemate juhtumite omandamisele: nominatiivne, genitiivne ja partitiivne.<\/p>\n\n\n\n<h3 class=\"wp-block-heading\" id=\"h-3-conquering-estonian-verb-conjugation\">3. Eesti verbi konjugatsiooni vallutamine<\/h3>\n\n\n\n<p>Eesti verbid on konjugeeritud pinge, isiku ja arvu alusel. On ainult kolm ajastust: olevik, minevik (kodeeritud mineviku osalise poolt) ja tulevik (v\u00e4ljendatud verbi praeguse pingelise vormiga koos tulevase abivahendiga).<\/p>\n\n\n\n<p>Siin on n\u00e4iteks verbi &#8220;lugema&#8221; (lugema) liits\u00f5nad:<\/p>\n\n\n\n<p><strong>&#8211; Kohal: Ma loen (ma loen)<\/strong><\/p>\n\n\n\n<p><strong>&#8211; Minevikus: Ma lugesin (ma lugesin\/ olen lugenud)<\/strong><\/p>\n\n\n\n<p><strong>&#8211; Tulevik: Ma loen raamatuid (ma loen raamatuid).<\/strong><\/p>\n\n\n\n<h3 class=\"wp-block-heading\" id=\"h-4-unraveling-the-mystery-of-estonian-pronouns\">4. Eesti ases\u00f5nade saladuse lahti harutamine<\/h3>\n\n\n\n<p>Eestikeelsed ases\u00f5nad asendavad nimis\u00f5nu ning muudavad k\u00f5ne sujuvamaks ja d\u00fcnaamilisemaks. Keskenduge isiklike ja omastavate ases\u00f5nade \u00f5ppimisele:<\/p>\n\n\n\n<p><strong>&#8211; Isikupronomenid: mina (mina), sina (sina, mitteametlik), tema (tema), meie (me), teie (teie, mitmuses\/formaalses), nemad (nad).<\/strong><\/p>\n\n\n\n<p><strong>&#8211; Possessiivpronoomenid: minu (minu), sinu (sinu, mitteametlik), tema (tema), meie (meie), teie (teie, mitmuses\/formaalses), nende (nende).<\/strong><\/p>\n\n\n\n<h3 class=\"wp-block-heading\" id=\"h-5-no-articles-no-problem\">5. Pole artikleid, pole probleemi!<\/h3>\n\n\n\n<p>Eesti keel ei kasuta kindlaid ega m\u00e4\u00e4ramatuid artikleid, mis v\u00f5imaldavad kergendatult hingata. N\u00e4iteks:<\/p>\n\n\n\n<p><strong>&#8211; Koer &#8211; &#8220;koer&#8221; v\u00f5i &#8220;koer&#8221;.<\/strong><\/p>\n\n\n\n<p><strong>&#8211; Maja &#8211; &#8220;maja&#8221; v\u00f5i &#8220;maja&#8221;.<\/strong><\/p>\n\n\n\n<p>Eesti keele grammatika omandamine on p\u00f5nev ja rikastav protsess, mis avab uksed rikkalikule kultuurikogemusele. Pidage meeles, et harjutamine on v\u00f5tmet\u00e4htsusega, nii et sukelduge eesti keele grammatikasse, suhelge emakeelena k\u00f5nelejatega ja looge oma keeleteekonnale tugev vundament. Edu! (\u00d5nn kaasa!)<\/p>\n<\/div><\/div>\n\r\n<section class=\"learnNavigationSection\">\r\n            \r\n        <a href=\"https:\/\/talkpal.ai\/et\/oppige-eesti-keelt\/\">\r\n            <div class=\"learnNavigationWrapper\">\r\n                <div class=\"learnNavigationContent\">\r\n                    <img decoding=\"async\" src=\"https:\/\/talkpal.ai\/wp-content\/uploads\/2024\/08\/Estonian.jpg\" alt=\"Estonian Flag\">\r\n                    <div>\r\n                        <h4>Eesti keele \u00f5ppimisest<\/h4>\r\n                        <p>Uuri k\u00f5ike eesti keele kohta grammatika.<\/p>\r\n                    <\/div>\r\n                <\/div>\r\n            <\/div>\r\n        <\/a>\r\n\r\n        \r\n        <a href=\"https:\/\/talkpal.ai\/et\/eesti-keele-grammatika-harjutused\/\">\r\n            <div class=\"learnNavigationWrapper\">\r\n                <div class=\"learnNavigationContent\">\r\n                    <img decoding=\"async\" src=\"https:\/\/talkpal.ai\/wp-content\/uploads\/2024\/08\/Estonian.jpg\" alt=\"Estonian Flag\">\r\n                    <div>\r\n                        <h4>Eesti keele grammatika harjutus<\/h4>\r\n                        <p>Harjuta eesti keelt grammatika.<\/p>\r\n                    <\/div>\r\n                <\/div>\r\n            <\/div>\r\n        <\/a>\r\n\r\n        \r\n        <a href=\"https:\/\/talkpal.ai\/vocabulary_language\/estonian\/\">\r\n            <div class=\"learnNavigationWrapper\">\r\n                <div class=\"learnNavigationContent\">\r\n                    <img decoding=\"async\" src=\"https:\/\/talkpal.ai\/wp-content\/uploads\/2024\/08\/Estonian.jpg\" alt=\"Estonian Flag\">\r\n                    <div>\r\n                        <h4>Eesti keele s\u00f5navara<\/h4>\r\n                        <p>Laiendage oma eesti keele s\u00f5navara.<\/p>\r\n                    <\/div>\r\n                <\/div>\r\n            <\/div>\r\n        <\/a>\r\n\r\n            <\/section>","protected":false},"excerpt":{"rendered":"<p>Eesti keele grammatika: v\u00e4rav unikaalsele keeleteekonnale Tere tulemast eesti p\u00f5nevasse maailma! Enam kui miljoni emakeelena k\u00f5nelejaga eesti keel pakub ainulaadset v\u00f5imalust avardada oma keelelist silmaringi ja avastada elavat kultuuri. Kuigi eesti keele grammatika keerukus v\u00f5ib esmapilgul tunduda hirmutav, on see s\u00f5bralik algajale m\u00f5eldud k\u00e4siraamat selleks, et lihtsal ja kaasahaaraval viisil lahti seletada eesti keele grammatika [&hellip;]<\/p>\n","protected":false},"author":1,"featured_media":64132,"parent":0,"menu_order":0,"comment_status":"closed","ping_status":"closed","template":"LearningContentPage.php","meta":{"_acf_changed":false,"footnotes":""},"class_list":["post-74988","page","type-page","status-publish","has-post-thumbnail","hentry"],"acf":[],"yoast_head":"<!-- This site is optimized with the Yoast SEO Premium plugin v27.2 (Yoast SEO v27.2) - https:\/\/yoast.com\/product\/yoast-seo-premium-wordpress\/ -->\n<title>Eesti keele grammatika - Talkpal<\/title>\n<meta name=\"description\" content=\"Tutvuge eesti keele grammatika p\u00f5hikontseptsioonidega, sealhulgas juhtude, verbide, lauseehituse, h\u00e4\u00e4lduse ja n\u00e4pun\u00e4idetega.\" \/>\n<meta name=\"robots\" content=\"index, follow, max-snippet:-1, max-image-preview:large, max-video-preview:-1\" \/>\n<link rel=\"canonical\" href=\"https:\/\/talkpal.ai\/et\/eesti-keele-grammatika\/\" \/>\n<meta property=\"og:locale\" content=\"et_EE\" \/>\n<meta property=\"og:type\" content=\"article\" \/>\n<meta property=\"og:title\" content=\"Eesti keele grammatika\" \/>\n<meta property=\"og:description\" content=\"Eesti keele grammatika: v\u00e4rav unikaalsele keeleteekonnale Tere tulemast eesti p\u00f5nevasse maailma! Enam kui miljoni emakeelena k\u00f5nelejaga eesti keel pakub\" \/>\n<meta property=\"og:url\" content=\"https:\/\/talkpal.ai\/et\/eesti-keele-grammatika\/\" \/>\n<meta property=\"og:site_name\" content=\"Talkpal\" \/>\n<meta property=\"article:publisher\" content=\"https:\/\/www.facebook.com\/profile.php?id=100090733639311\" \/>\n<meta property=\"article:modified_time\" content=\"2025-12-13T15:31:54+00:00\" \/>\n<meta property=\"og:image\" content=\"https:\/\/talkpal.ai\/wp-content\/uploads\/2023\/05\/estonia.png\" \/>\n\t<meta property=\"og:image:width\" content=\"512\" \/>\n\t<meta property=\"og:image:height\" content=\"512\" \/>\n\t<meta property=\"og:image:type\" content=\"image\/png\" \/>\n<meta name=\"twitter:card\" content=\"summary_large_image\" \/>\n<meta name=\"twitter:site\" content=\"@talkpalai\" \/>\n<meta name=\"twitter:label1\" content=\"Est. reading time\" \/>\n\t<meta name=\"twitter:data1\" content=\"2 minutit\" \/>\n<script type=\"application\/ld+json\" class=\"yoast-schema-graph\">{\"@context\":\"https:\/\/schema.org\",\"@graph\":[{\"@type\":\"WebPage\",\"@id\":\"https:\/\/talkpal.ai\/et\/eesti-keele-grammatika\/\",\"url\":\"https:\/\/talkpal.ai\/et\/eesti-keele-grammatika\/\",\"name\":\"Eesti keele grammatika - Talkpal\",\"isPartOf\":{\"@id\":\"https:\/\/talkpal.ai\/et\/#website\"},\"primaryImageOfPage\":{\"@id\":\"https:\/\/talkpal.ai\/et\/eesti-keele-grammatika\/#primaryimage\"},\"image\":{\"@id\":\"https:\/\/talkpal.ai\/et\/eesti-keele-grammatika\/#primaryimage\"},\"thumbnailUrl\":\"https:\/\/talkpal.ai\/wp-content\/uploads\/2023\/05\/estonia.png\",\"datePublished\":\"2023-05-14T14:01:53+00:00\",\"dateModified\":\"2025-12-13T15:31:54+00:00\",\"description\":\"Tutvuge eesti keele grammatika p\u00f5hikontseptsioonidega, sealhulgas juhtude, verbide, lauseehituse, h\u00e4\u00e4lduse ja n\u00e4pun\u00e4idetega.\",\"breadcrumb\":{\"@id\":\"https:\/\/talkpal.ai\/et\/eesti-keele-grammatika\/#breadcrumb\"},\"inLanguage\":\"et\",\"potentialAction\":[{\"@type\":\"ReadAction\",\"target\":[\"https:\/\/talkpal.ai\/et\/eesti-keele-grammatika\/\"]}]},{\"@type\":\"ImageObject\",\"inLanguage\":\"et\",\"@id\":\"https:\/\/talkpal.ai\/et\/eesti-keele-grammatika\/#primaryimage\",\"url\":\"https:\/\/talkpal.ai\/wp-content\/uploads\/2023\/05\/estonia.png\",\"contentUrl\":\"https:\/\/talkpal.ai\/wp-content\/uploads\/2023\/05\/estonia.png\",\"width\":512,\"height\":512},{\"@type\":\"BreadcrumbList\",\"@id\":\"https:\/\/talkpal.ai\/et\/eesti-keele-grammatika\/#breadcrumb\",\"itemListElement\":[{\"@type\":\"ListItem\",\"position\":1,\"name\":\"Homepage\",\"item\":\"https:\/\/talkpal.ai\/et\/\"},{\"@type\":\"ListItem\",\"position\":2,\"name\":\"Eesti keele grammatika\"}]},{\"@type\":\"WebSite\",\"@id\":\"https:\/\/talkpal.ai\/et\/#website\",\"url\":\"https:\/\/talkpal.ai\/et\/\",\"name\":\"Talkpal\",\"description\":\"AI Language Learning\",\"publisher\":{\"@id\":\"https:\/\/talkpal.ai\/et\/#organization\"},\"alternateName\":\"Talkpal AI\",\"potentialAction\":[{\"@type\":\"SearchAction\",\"target\":{\"@type\":\"EntryPoint\",\"urlTemplate\":\"https:\/\/talkpal.ai\/et\/?s={search_term_string}\"},\"query-input\":{\"@type\":\"PropertyValueSpecification\",\"valueRequired\":true,\"valueName\":\"search_term_string\"}}],\"inLanguage\":\"et\"},{\"@type\":\"Organization\",\"@id\":\"https:\/\/talkpal.ai\/et\/#organization\",\"name\":\"Talkpal, Inc.\",\"alternateName\":\"Talkpal AI\",\"url\":\"https:\/\/talkpal.ai\/et\/\",\"logo\":{\"@type\":\"ImageObject\",\"inLanguage\":\"et\",\"@id\":\"https:\/\/talkpal.ai\/et\/#\/schema\/logo\/image\/\",\"url\":\"https:\/\/talkpal.ai\/wp-content\/uploads\/2024\/03\/Talkpal-Logo-Icon.png\",\"contentUrl\":\"https:\/\/talkpal.ai\/wp-content\/uploads\/2024\/03\/Talkpal-Logo-Icon.png\",\"width\":2880,\"height\":2880,\"caption\":\"Talkpal, Inc.\"},\"image\":{\"@id\":\"https:\/\/talkpal.ai\/et\/#\/schema\/logo\/image\/\"},\"sameAs\":[\"https:\/\/www.facebook.com\/profile.php?id=100090733639311\",\"https:\/\/x.com\/talkpalai\",\"https:\/\/www.linkedin.com\/company\/talkpal\/\",\"https:\/\/www.youtube.com\/@TalkPal\/\",\"https:\/\/www.tiktok.com\/@talkpal\",\"https:\/\/www.instagram.com\/talkpal_ai\/\",\"https:\/\/www.crunchbase.com\/organization\/talkpal-9cde\",\"https:\/\/www.g2.com\/products\/talkpal-for-business\/\",\"https:\/\/www.trustpilot.com\/review\/talkpal.ai\",\"https:\/\/www.capterra.com\/p\/10006800\/TalkPal\/\"],\"description\":\"Talkpal is a language learning web and mobile education app, powered by the latest AI technologies, that provides engaging experiences to its customers in many different languages to help them improve their language skills. Users can chat about unlimited amount of topics with the app and use other modes to practice their language learning.\",\"email\":\"support@talkpal.ai\",\"legalName\":\"Talkpal, Inc.\",\"foundingDate\":\"2023-04-03\",\"duns\":\"118989042\",\"numberOfEmployees\":{\"@type\":\"QuantitativeValue\",\"minValue\":\"11\",\"maxValue\":\"50\"},\"publishingPrinciples\":\"https:\/\/talkpal.ai\/publishing-principles\/\",\"actionableFeedbackPolicy\":\"https:\/\/talkpal.ai\/actionable-feedback-policy\/\",\"correctionsPolicy\":\"https:\/\/talkpal.ai\/corrections-policy\/\",\"ethicsPolicy\":\"https:\/\/talkpal.ai\/ethics-policy\/\",\"diversityPolicy\":\"https:\/\/talkpal.ai\/diversity-policy\/\",\"diversityStaffingReport\":\"https:\/\/talkpal.ai\/diversity-policy\/\"}]}<\/script>\n<!-- \/ Yoast SEO Premium plugin. -->","yoast_head_json":{"title":"Eesti keele grammatika - Talkpal","description":"Tutvuge eesti keele grammatika p\u00f5hikontseptsioonidega, sealhulgas juhtude, verbide, lauseehituse, h\u00e4\u00e4lduse ja n\u00e4pun\u00e4idetega.","robots":{"index":"index","follow":"follow","max-snippet":"max-snippet:-1","max-image-preview":"max-image-preview:large","max-video-preview":"max-video-preview:-1"},"canonical":"https:\/\/talkpal.ai\/et\/eesti-keele-grammatika\/","og_locale":"et_EE","og_type":"article","og_title":"Eesti keele grammatika","og_description":"Eesti keele grammatika: v\u00e4rav unikaalsele keeleteekonnale Tere tulemast eesti p\u00f5nevasse maailma! Enam kui miljoni emakeelena k\u00f5nelejaga eesti keel pakub","og_url":"https:\/\/talkpal.ai\/et\/eesti-keele-grammatika\/","og_site_name":"Talkpal","article_publisher":"https:\/\/www.facebook.com\/profile.php?id=100090733639311","article_modified_time":"2025-12-13T15:31:54+00:00","og_image":[{"width":512,"height":512,"url":"https:\/\/talkpal.ai\/wp-content\/uploads\/2023\/05\/estonia.png","type":"image\/png"}],"twitter_card":"summary_large_image","twitter_site":"@talkpalai","twitter_misc":{"Est. reading time":"2 minutit"},"schema":{"@context":"https:\/\/schema.org","@graph":[{"@type":"WebPage","@id":"https:\/\/talkpal.ai\/et\/eesti-keele-grammatika\/","url":"https:\/\/talkpal.ai\/et\/eesti-keele-grammatika\/","name":"Eesti keele grammatika - Talkpal","isPartOf":{"@id":"https:\/\/talkpal.ai\/et\/#website"},"primaryImageOfPage":{"@id":"https:\/\/talkpal.ai\/et\/eesti-keele-grammatika\/#primaryimage"},"image":{"@id":"https:\/\/talkpal.ai\/et\/eesti-keele-grammatika\/#primaryimage"},"thumbnailUrl":"https:\/\/talkpal.ai\/wp-content\/uploads\/2023\/05\/estonia.png","datePublished":"2023-05-14T14:01:53+00:00","dateModified":"2025-12-13T15:31:54+00:00","description":"Tutvuge eesti keele grammatika p\u00f5hikontseptsioonidega, sealhulgas juhtude, verbide, lauseehituse, h\u00e4\u00e4lduse ja n\u00e4pun\u00e4idetega.","breadcrumb":{"@id":"https:\/\/talkpal.ai\/et\/eesti-keele-grammatika\/#breadcrumb"},"inLanguage":"et","potentialAction":[{"@type":"ReadAction","target":["https:\/\/talkpal.ai\/et\/eesti-keele-grammatika\/"]}]},{"@type":"ImageObject","inLanguage":"et","@id":"https:\/\/talkpal.ai\/et\/eesti-keele-grammatika\/#primaryimage","url":"https:\/\/talkpal.ai\/wp-content\/uploads\/2023\/05\/estonia.png","contentUrl":"https:\/\/talkpal.ai\/wp-content\/uploads\/2023\/05\/estonia.png","width":512,"height":512},{"@type":"BreadcrumbList","@id":"https:\/\/talkpal.ai\/et\/eesti-keele-grammatika\/#breadcrumb","itemListElement":[{"@type":"ListItem","position":1,"name":"Homepage","item":"https:\/\/talkpal.ai\/et\/"},{"@type":"ListItem","position":2,"name":"Eesti keele grammatika"}]},{"@type":"WebSite","@id":"https:\/\/talkpal.ai\/et\/#website","url":"https:\/\/talkpal.ai\/et\/","name":"Talkpal","description":"AI Language Learning","publisher":{"@id":"https:\/\/talkpal.ai\/et\/#organization"},"alternateName":"Talkpal AI","potentialAction":[{"@type":"SearchAction","target":{"@type":"EntryPoint","urlTemplate":"https:\/\/talkpal.ai\/et\/?s={search_term_string}"},"query-input":{"@type":"PropertyValueSpecification","valueRequired":true,"valueName":"search_term_string"}}],"inLanguage":"et"},{"@type":"Organization","@id":"https:\/\/talkpal.ai\/et\/#organization","name":"Talkpal, Inc.","alternateName":"Talkpal AI","url":"https:\/\/talkpal.ai\/et\/","logo":{"@type":"ImageObject","inLanguage":"et","@id":"https:\/\/talkpal.ai\/et\/#\/schema\/logo\/image\/","url":"https:\/\/talkpal.ai\/wp-content\/uploads\/2024\/03\/Talkpal-Logo-Icon.png","contentUrl":"https:\/\/talkpal.ai\/wp-content\/uploads\/2024\/03\/Talkpal-Logo-Icon.png","width":2880,"height":2880,"caption":"Talkpal, Inc."},"image":{"@id":"https:\/\/talkpal.ai\/et\/#\/schema\/logo\/image\/"},"sameAs":["https:\/\/www.facebook.com\/profile.php?id=100090733639311","https:\/\/x.com\/talkpalai","https:\/\/www.linkedin.com\/company\/talkpal\/","https:\/\/www.youtube.com\/@TalkPal\/","https:\/\/www.tiktok.com\/@talkpal","https:\/\/www.instagram.com\/talkpal_ai\/","https:\/\/www.crunchbase.com\/organization\/talkpal-9cde","https:\/\/www.g2.com\/products\/talkpal-for-business\/","https:\/\/www.trustpilot.com\/review\/talkpal.ai","https:\/\/www.capterra.com\/p\/10006800\/TalkPal\/"],"description":"Talkpal is a language learning web and mobile education app, powered by the latest AI technologies, that provides engaging experiences to its customers in many different languages to help them improve their language skills. Users can chat about unlimited amount of topics with the app and use other modes to practice their language learning.","email":"support@talkpal.ai","legalName":"Talkpal, Inc.","foundingDate":"2023-04-03","duns":"118989042","numberOfEmployees":{"@type":"QuantitativeValue","minValue":"11","maxValue":"50"},"publishingPrinciples":"https:\/\/talkpal.ai\/publishing-principles\/","actionableFeedbackPolicy":"https:\/\/talkpal.ai\/actionable-feedback-policy\/","correctionsPolicy":"https:\/\/talkpal.ai\/corrections-policy\/","ethicsPolicy":"https:\/\/talkpal.ai\/ethics-policy\/","diversityPolicy":"https:\/\/talkpal.ai\/diversity-policy\/","diversityStaffingReport":"https:\/\/talkpal.ai\/diversity-policy\/"}]}},"_links":{"self":[{"href":"https:\/\/talkpal.ai\/et\/wp-json\/wp\/v2\/pages\/74988","targetHints":{"allow":["GET"]}}],"collection":[{"href":"https:\/\/talkpal.ai\/et\/wp-json\/wp\/v2\/pages"}],"about":[{"href":"https:\/\/talkpal.ai\/et\/wp-json\/wp\/v2\/types\/page"}],"author":[{"embeddable":true,"href":"https:\/\/talkpal.ai\/et\/wp-json\/wp\/v2\/users\/1"}],"replies":[{"embeddable":true,"href":"https:\/\/talkpal.ai\/et\/wp-json\/wp\/v2\/comments?post=74988"}],"version-history":[{"count":0,"href":"https:\/\/talkpal.ai\/et\/wp-json\/wp\/v2\/pages\/74988\/revisions"}],"wp:featuredmedia":[{"embeddable":true,"href":"https:\/\/talkpal.ai\/et\/wp-json\/wp\/v2\/media\/64132"}],"wp:attachment":[{"href":"https:\/\/talkpal.ai\/et\/wp-json\/wp\/v2\/media?parent=74988"}],"curies":[{"name":"wp","href":"https:\/\/api.w.org\/{rel}","templated":true}]}}