{"id":74984,"date":"2023-06-16T13:25:56","date_gmt":"2023-06-16T13:25:56","guid":{"rendered":"http:\/\/talkpal.ai\/eesti-keele-grammatika-harjutused\/"},"modified":"2025-12-17T15:58:17","modified_gmt":"2025-12-17T15:58:17","slug":"eesti-keele-grammatika-harjutused","status":"publish","type":"page","link":"https:\/\/talkpal.ai\/et\/eesti-keele-grammatika-harjutused\/","title":{"rendered":"Eesti keele grammatika harjutused"},"content":{"rendered":"\r\n\r\n\r\n<section class=\"languageChallengeSection\">\r\n    <div class=\"languageInfoWrapper\">\r\n        \r\n        <h1>Eesti keele grammatika harjutused<\/h1>\r\n        <p>Soovid <a href=\"https:\/\/talkpal.ai\/learn-estonian\/\">eesti<\/a> keelt omandada? Sihtotstarbelised grammatikaharjutused on ideaalne viis m\u00f5ista lauseehitust, verbi vorme ja <a href=\"https:\/\/talkpal.ai\/learn-estonian\/\">eesti<\/a> keele p\u00f5hilisi mustreid. Alusta <a href=\"https:\/\/talkpal.ai\/et\/c-keele-algtoed-ja-parimad-oppemeetodid-eestis\/\">eesti keele grammatika<\/a> harjutamist juba t\u00e4na ja vaata, kuidas su oskused ja enesekindlus kasvavad iga treeninguga!<\/p>\r\n\r\n                            <a class=\"getStartedHidden\" href=\"https:\/\/app.talkpal.ai\/et\/signup?lng=\">Alusta<\/a>\r\n        \r\n    <\/div>\r\n\r\n    <figure>\r\n    <img decoding=\"async\" width=\"768\" height=\"768\" src=\"https:\/\/talkpal.ai\/wp-content\/uploads\/2023\/06\/Estonian-768x768.png\" class=\"languageImage no-lazy\" alt=\"Secret tricks of language learning\" fetchpriority=\"high\" sizes=\"(max-width: 768px) 150px, 768px\" srcset=\"https:\/\/talkpal.ai\/wp-content\/uploads\/2023\/06\/Estonian-768x768.png 768w, https:\/\/talkpal.ai\/wp-content\/uploads\/2023\/06\/Estonian-300x300.png 300w\" \/>\r\n    \r\n\r\n    <\/figure>\r\n\r\n            <a class=\"getStartedVisible\" href=\"https:\/\/app.talkpal.ai\/et\/signup?lng=\">Alusta<\/a>\r\n    \r\n<\/section>\r\n\r\n\r\n<!-- <section class=\"grammarSection\">\r\n    <div class=\"grammarLinks\">\r\n            <\/div>\r\n<\/section> -->\r\n\r\n\r\n\r\n\r\n<section class=\"promotionalBanner\">\r\n    <p class=\"promotionalText\">K\u00f5ige t\u00f5husam viis keele \u00f5ppimiseks<\/p>\r\n    <a class=\"promotionalLink\" href=\"https:\/\/app.talkpal.ai\/et\/signup?lng=\">Proovige Talkpal tasuta<\/a>\r\n<\/section>\n<div class=\"wp-block-group pageContainerStyle\"><div class=\"wp-block-group__inner-container is-layout-constrained wp-block-group-is-layout-constrained\">\n<h2 class=\"wp-block-heading\" id=\"h-estonian-grammar-topics\">Eesti keele grammatika teemad<\/h2>\n\n\n\n<p>Uue keele <a href=\"https:\/\/talkpal.ai\/et\/oppimine\/\">\u00f5ppimine<\/a> v\u00f5ib olla p\u00f5nev ja rahuldust pakkuv teekond, mis avab uusi v\u00f5imalusi isiklikuks kasvuks, kultuuriliseks uurimiseks ja ametialaseks arenguks. Eesti keel uurali keelena pakub ainulaadset ja p\u00f5nevat keelekogemust \u00f5ppijatele, kes v\u00f5ib-olla tunnevad indoeuroopa keeli paremini. Oma keeruka grammatikas\u00fcsteemi ja rikkaliku s\u00f5navaraga pakub eesti keel keelehuvilistele v\u00e4ljakutseid pakkuvat ja kaasahaaravat v\u00f5imalust. Selleks, et oma eesti keele \u00f5pet maksimaalselt \u00e4ra kasutada, on oluline struktureeritud l\u00e4henemine, keskendudes selle <a href=\"https:\/\/talkpal.ai\/greek-grammar\/\">grammatika<\/a> teemadele j\u00e4rjestuses, mis aitab teil luua tugeva aluse ja j\u00e4rk-j\u00e4rgult oma oskusi arendada.<\/p>\n\n\n\n<h3 class=\"wp-block-heading\" id=\"h-1-nouns-and-pronouns-determiners\">1. Nimis\u00f5nad ja ases\u00f5nad\/m\u00e4\u00e4rajad:<\/h3>\n\n\n\n<p>Alustuseks \u00f5ppige selgeks eesti nimis\u00f5nade p\u00f5hit\u00f5ed, sealhulgas nende k\u00e4\u00e4nded ja k\u00e4\u00e4nded. Tutvuge ases\u00f5nade ja m\u00e4\u00e4rajatega, mis on nimis\u00f5nadega samades vormides, kuna need on lihtsate lausete koostamiseks h\u00e4davajalikud.<\/p>\n\n\n\n<h3 class=\"wp-block-heading\" id=\"h-2-adjectives-and-adverbs\">2. Omaduss\u00f5nad ja m\u00e4\u00e4rs\u00f5nad:<\/h3>\n\n\n\n<p>Liikuge omaduss\u00f5nade juurde, \u00f5ppides, kuidas nad n\u00f5ustuvad nimis\u00f5nadega, mida nad muudavad, ja kuidas neid tagasi l\u00fckata. Adverbid, mis annavad lisateavet tegus\u00f5nade, omaduss\u00f5nade ja muude m\u00e4\u00e4rs\u00f5nade kohta, aitavad teil luua keerukamaid ja kirjeldavamaid lauseid.<\/p>\n\n\n\n<h3 class=\"wp-block-heading\" id=\"h-3-verbs\">3. Tegus\u00f5nad:<\/h3>\n\n\n\n<p>Eesti verbi konjugatsioon v\u00f5ib olla keeruline, kuid see on keele valdamiseks h\u00e4davajalik. Uurige erinevat t\u00fc\u00fcpi tegus\u00f5nu, nende konjugatsioonimustreid ja erinevaid ajastusi, et v\u00e4ljendada tegevusi ja s\u00fcndmusi olevikus, minevikus ja tulevikus.<\/p>\n\n\n\n<h3 class=\"wp-block-heading\" id=\"h-4-tenses-and-tense-comparison\">4. Ajad ja pingeline v\u00f5rdlus:<\/h3>\n\n\n\n<p>S\u00fcvendage oma arusaamist ajastustest, v\u00f5rreldes nende kasutamist erinevates kontekstides. See aitab teil valida sobiva pinge, et oma soovitud t\u00e4hendust t\u00e4pselt edasi anda.<\/p>\n\n\n\n<h3 class=\"wp-block-heading\" id=\"h-5-progressive-and-perfect-progressive\">5. Progressiivne ja t\u00e4iuslik progressiivne:<\/h3>\n\n\n\n<p>Need eesti verbide aspektid v\u00e4ljendavad k\u00e4imasolevaid v\u00f5i pidevaid tegevusi. Siit saate teada, kuidas neid vormida ja kasutada oma suhtlusele n\u00fcansside lisamiseks.<\/p>\n\n\n\n<h3 class=\"wp-block-heading\" id=\"h-6-articles\">6. Artiklid:<\/h3>\n\n\n\n<p>Eesti keeles ei ole kindlaid ega m\u00e4\u00e4ramata artikleid nagu <a href=\"https:\/\/talkpal.ai\/learn-english\/\">inglise<\/a> keeles, kuid oluline on m\u00f5ista, kuidas <a href=\"https:\/\/talkpal.ai\/locations\/language-courses-in-sama\/\">sama<\/a> t\u00e4hendust teiste keelevahendite abil edasi anda.<\/p>\n\n\n\n<h3 class=\"wp-block-heading\" id=\"h-7-prepositions\">7. Eess\u00f5nad:<\/h3>\n\n\n\n<p>\u00d5ppige eestikeelseid eess\u00f5nu, et v\u00e4ljendada lauses s\u00f5nade vahelisi seoseid, nagu asukoht, suund ja aeg.<\/p>\n\n\n\n<h3 class=\"wp-block-heading\" id=\"h-8-conditionals\">8. Tingimused:<\/h3>\n\n\n\n<p>\u00d5ppige tingimuslikku meeleolu, et v\u00e4ljendada h\u00fcpoteetilisi olukordi v\u00f5i tegevusi, mis s\u00f5ltuvad konkreetsetest tingimustest.<\/p>\n\n\n\n<h3 class=\"wp-block-heading\" id=\"h-9-sentences\">9. Laused:<\/h3>\n\n\n\n<p>L\u00f5puks harjutage erinevat t\u00fc\u00fcpi lausete &#8211; lihtsate, liit- ja keerukate &#8211; koostamist, kasutades k\u00f5iki \u00f5pitud grammatikateemasid. See aitab sul muutuda ladusamaks ja enesekindlamaks oma eesti keele suhtlemisoskuses.<\/p>\n<\/div><\/div>\n\r\n<section class=\"learnNavigationSection\">\r\n            \r\n        <a href=\"https:\/\/talkpal.ai\/et\/oppige-eesti-keelt\/\">\r\n            <div class=\"learnNavigationWrapper\">\r\n                <div class=\"learnNavigationContent\">\r\n                    <img decoding=\"async\" src=\"https:\/\/talkpal.ai\/wp-content\/uploads\/2024\/08\/Estonian.jpg\" alt=\"Estonian Flag\">\r\n                    <div>\r\n                        <h4>Eesti keele \u00f5ppimisest<\/h4>\r\n                        <p>Uuri k\u00f5ike eesti keele kohta grammatika.<\/p>\r\n                    <\/div>\r\n                <\/div>\r\n            <\/div>\r\n        <\/a>\r\n\r\n        \r\n        <a href=\"https:\/\/talkpal.ai\/et\/eesti-keele-grammatika\/\">\r\n            <div class=\"learnNavigationWrapper\">\r\n                <div class=\"learnNavigationContent\">\r\n                    <img decoding=\"async\" src=\"https:\/\/talkpal.ai\/wp-content\/uploads\/2024\/08\/Estonian.jpg\" alt=\"Estonian Flag\">\r\n                    <div>\r\n                        <h4>Eesti keele grammatika tunnid<\/h4>\r\n                        <p>Harjuta eesti keelt grammatika.<\/p>\r\n                    <\/div>\r\n                <\/div>\r\n            <\/div>\r\n        <\/a>\r\n\r\n        \r\n        <a href=\"https:\/\/talkpal.ai\/vocabulary_language\/estonian\/\">\r\n            <div class=\"learnNavigationWrapper\">\r\n                <div class=\"learnNavigationContent\">\r\n                    <img decoding=\"async\" src=\"https:\/\/talkpal.ai\/wp-content\/uploads\/2024\/08\/Estonian.jpg\" alt=\"Estonian Flag\">\r\n                    <div>\r\n                        <h4>Eesti keele s\u00f5navara<\/h4>\r\n                        <p>Laiendage oma eesti keele s\u00f5navara.<\/p>\r\n                    <\/div>\r\n                <\/div>\r\n            <\/div>\r\n        <\/a>\r\n\r\n            <\/section>","protected":false},"excerpt":{"rendered":"<p>Eesti keele grammatika teemad Uue keele \u00f5ppimine v\u00f5ib olla p\u00f5nev ja rahuldust pakkuv teekond, mis avab uusi v\u00f5imalusi isiklikuks kasvuks, kultuuriliseks uurimiseks ja ametialaseks arenguks. Eesti keel uurali keelena pakub ainulaadset ja p\u00f5nevat keelekogemust \u00f5ppijatele, kes v\u00f5ib-olla tunnevad indoeuroopa keeli paremini. Oma keeruka grammatikas\u00fcsteemi ja rikkaliku s\u00f5navaraga pakub eesti keel keelehuvilistele v\u00e4ljakutseid pakkuvat ja kaasahaaravat [&hellip;]<\/p>\n","protected":false},"author":6,"featured_media":64132,"parent":0,"menu_order":0,"comment_status":"closed","ping_status":"closed","template":"LearningContentPage.php","meta":{"_acf_changed":false,"footnotes":""},"class_list":["post-74984","page","type-page","status-publish","has-post-thumbnail","hentry"],"acf":[],"yoast_head":"<!-- This site is optimized with the Yoast SEO Premium plugin v27.2 (Yoast SEO v27.2) - https:\/\/yoast.com\/product\/yoast-seo-premium-wordpress\/ -->\n<title>Eesti keele grammatika harjutused - Talkpal<\/title>\n<meta name=\"description\" content=\"Harjutage eesti keele grammatikat interaktiivsete harjutuste abil, mis on m\u00f5eldud teie keeleoskuse kiireks ja t\u00f5husaks parandamiseks.\" \/>\n<meta name=\"robots\" content=\"index, follow, max-snippet:-1, max-image-preview:large, max-video-preview:-1\" \/>\n<link rel=\"canonical\" href=\"https:\/\/talkpal.ai\/et\/eesti-keele-grammatika-harjutused\/\" \/>\n<meta property=\"og:locale\" content=\"et_EE\" \/>\n<meta property=\"og:type\" content=\"article\" \/>\n<meta property=\"og:title\" content=\"Eesti keele grammatika harjutused\" \/>\n<meta property=\"og:description\" content=\"Eesti keele grammatika teemad Uue keele \u00f5ppimine v\u00f5ib olla p\u00f5nev ja rahuldust pakkuv teekond, mis avab uusi v\u00f5imalusi isiklikuks kasvuks, kultuuriliseks\" \/>\n<meta property=\"og:url\" content=\"https:\/\/talkpal.ai\/et\/eesti-keele-grammatika-harjutused\/\" \/>\n<meta property=\"og:site_name\" content=\"Talkpal\" \/>\n<meta property=\"article:publisher\" content=\"https:\/\/www.facebook.com\/profile.php?id=100090733639311\" \/>\n<meta property=\"article:modified_time\" content=\"2025-12-17T15:58:17+00:00\" \/>\n<meta property=\"og:image\" content=\"https:\/\/talkpal.ai\/wp-content\/uploads\/2023\/05\/estonia.png\" \/>\n\t<meta property=\"og:image:width\" content=\"512\" \/>\n\t<meta property=\"og:image:height\" content=\"512\" \/>\n\t<meta property=\"og:image:type\" content=\"image\/png\" \/>\n<meta name=\"twitter:card\" content=\"summary_large_image\" \/>\n<meta name=\"twitter:site\" content=\"@talkpalai\" \/>\n<meta name=\"twitter:label1\" content=\"Est. reading time\" \/>\n\t<meta name=\"twitter:data1\" content=\"2 minutit\" \/>\n<script type=\"application\/ld+json\" class=\"yoast-schema-graph\">{\"@context\":\"https:\/\/schema.org\",\"@graph\":[{\"@type\":\"WebPage\",\"@id\":\"https:\/\/talkpal.ai\/et\/eesti-keele-grammatika-harjutused\/\",\"url\":\"https:\/\/talkpal.ai\/et\/eesti-keele-grammatika-harjutused\/\",\"name\":\"Eesti keele grammatika harjutused - Talkpal\",\"isPartOf\":{\"@id\":\"https:\/\/talkpal.ai\/et\/#website\"},\"primaryImageOfPage\":{\"@id\":\"https:\/\/talkpal.ai\/et\/eesti-keele-grammatika-harjutused\/#primaryimage\"},\"image\":{\"@id\":\"https:\/\/talkpal.ai\/et\/eesti-keele-grammatika-harjutused\/#primaryimage\"},\"thumbnailUrl\":\"https:\/\/talkpal.ai\/wp-content\/uploads\/2023\/05\/estonia.png\",\"datePublished\":\"2023-06-16T13:25:56+00:00\",\"dateModified\":\"2025-12-17T15:58:17+00:00\",\"description\":\"Harjutage eesti keele grammatikat interaktiivsete harjutuste abil, mis on m\u00f5eldud teie keeleoskuse kiireks ja t\u00f5husaks parandamiseks.\",\"breadcrumb\":{\"@id\":\"https:\/\/talkpal.ai\/et\/eesti-keele-grammatika-harjutused\/#breadcrumb\"},\"inLanguage\":\"et\",\"potentialAction\":[{\"@type\":\"ReadAction\",\"target\":[\"https:\/\/talkpal.ai\/et\/eesti-keele-grammatika-harjutused\/\"]}]},{\"@type\":\"ImageObject\",\"inLanguage\":\"et\",\"@id\":\"https:\/\/talkpal.ai\/et\/eesti-keele-grammatika-harjutused\/#primaryimage\",\"url\":\"https:\/\/talkpal.ai\/wp-content\/uploads\/2023\/05\/estonia.png\",\"contentUrl\":\"https:\/\/talkpal.ai\/wp-content\/uploads\/2023\/05\/estonia.png\",\"width\":512,\"height\":512},{\"@type\":\"BreadcrumbList\",\"@id\":\"https:\/\/talkpal.ai\/et\/eesti-keele-grammatika-harjutused\/#breadcrumb\",\"itemListElement\":[{\"@type\":\"ListItem\",\"position\":1,\"name\":\"Homepage\",\"item\":\"https:\/\/talkpal.ai\/et\/\"},{\"@type\":\"ListItem\",\"position\":2,\"name\":\"Eesti keele grammatika harjutused\"}]},{\"@type\":\"WebSite\",\"@id\":\"https:\/\/talkpal.ai\/et\/#website\",\"url\":\"https:\/\/talkpal.ai\/et\/\",\"name\":\"Talkpal\",\"description\":\"AI Language Learning\",\"publisher\":{\"@id\":\"https:\/\/talkpal.ai\/et\/#organization\"},\"alternateName\":\"Talkpal AI\",\"potentialAction\":[{\"@type\":\"SearchAction\",\"target\":{\"@type\":\"EntryPoint\",\"urlTemplate\":\"https:\/\/talkpal.ai\/et\/?s={search_term_string}\"},\"query-input\":{\"@type\":\"PropertyValueSpecification\",\"valueRequired\":true,\"valueName\":\"search_term_string\"}}],\"inLanguage\":\"et\"},{\"@type\":\"Organization\",\"@id\":\"https:\/\/talkpal.ai\/et\/#organization\",\"name\":\"Talkpal, Inc.\",\"alternateName\":\"Talkpal AI\",\"url\":\"https:\/\/talkpal.ai\/et\/\",\"logo\":{\"@type\":\"ImageObject\",\"inLanguage\":\"et\",\"@id\":\"https:\/\/talkpal.ai\/et\/#\/schema\/logo\/image\/\",\"url\":\"https:\/\/talkpal.ai\/wp-content\/uploads\/2024\/03\/Talkpal-Logo-Icon.png\",\"contentUrl\":\"https:\/\/talkpal.ai\/wp-content\/uploads\/2024\/03\/Talkpal-Logo-Icon.png\",\"width\":2880,\"height\":2880,\"caption\":\"Talkpal, Inc.\"},\"image\":{\"@id\":\"https:\/\/talkpal.ai\/et\/#\/schema\/logo\/image\/\"},\"sameAs\":[\"https:\/\/www.facebook.com\/profile.php?id=100090733639311\",\"https:\/\/x.com\/talkpalai\",\"https:\/\/www.linkedin.com\/company\/talkpal\/\",\"https:\/\/www.youtube.com\/@TalkPal\/\",\"https:\/\/www.tiktok.com\/@talkpal\",\"https:\/\/www.instagram.com\/talkpal_ai\/\",\"https:\/\/www.crunchbase.com\/organization\/talkpal-9cde\",\"https:\/\/www.g2.com\/products\/talkpal-for-business\/\",\"https:\/\/www.trustpilot.com\/review\/talkpal.ai\",\"https:\/\/www.capterra.com\/p\/10006800\/TalkPal\/\"],\"description\":\"Talkpal is a language learning web and mobile education app, powered by the latest AI technologies, that provides engaging experiences to its customers in many different languages to help them improve their language skills. Users can chat about unlimited amount of topics with the app and use other modes to practice their language learning.\",\"email\":\"support@talkpal.ai\",\"legalName\":\"Talkpal, Inc.\",\"foundingDate\":\"2023-04-03\",\"duns\":\"118989042\",\"numberOfEmployees\":{\"@type\":\"QuantitativeValue\",\"minValue\":\"11\",\"maxValue\":\"50\"},\"publishingPrinciples\":\"https:\/\/talkpal.ai\/publishing-principles\/\",\"actionableFeedbackPolicy\":\"https:\/\/talkpal.ai\/actionable-feedback-policy\/\",\"correctionsPolicy\":\"https:\/\/talkpal.ai\/corrections-policy\/\",\"ethicsPolicy\":\"https:\/\/talkpal.ai\/ethics-policy\/\",\"diversityPolicy\":\"https:\/\/talkpal.ai\/diversity-policy\/\",\"diversityStaffingReport\":\"https:\/\/talkpal.ai\/diversity-policy\/\"}]}<\/script>\n<!-- \/ Yoast SEO Premium plugin. -->","yoast_head_json":{"title":"Eesti keele grammatika harjutused - Talkpal","description":"Harjutage eesti keele grammatikat interaktiivsete harjutuste abil, mis on m\u00f5eldud teie keeleoskuse kiireks ja t\u00f5husaks parandamiseks.","robots":{"index":"index","follow":"follow","max-snippet":"max-snippet:-1","max-image-preview":"max-image-preview:large","max-video-preview":"max-video-preview:-1"},"canonical":"https:\/\/talkpal.ai\/et\/eesti-keele-grammatika-harjutused\/","og_locale":"et_EE","og_type":"article","og_title":"Eesti keele grammatika harjutused","og_description":"Eesti keele grammatika teemad Uue keele \u00f5ppimine v\u00f5ib olla p\u00f5nev ja rahuldust pakkuv teekond, mis avab uusi v\u00f5imalusi isiklikuks kasvuks, kultuuriliseks","og_url":"https:\/\/talkpal.ai\/et\/eesti-keele-grammatika-harjutused\/","og_site_name":"Talkpal","article_publisher":"https:\/\/www.facebook.com\/profile.php?id=100090733639311","article_modified_time":"2025-12-17T15:58:17+00:00","og_image":[{"width":512,"height":512,"url":"https:\/\/talkpal.ai\/wp-content\/uploads\/2023\/05\/estonia.png","type":"image\/png"}],"twitter_card":"summary_large_image","twitter_site":"@talkpalai","twitter_misc":{"Est. reading time":"2 minutit"},"schema":{"@context":"https:\/\/schema.org","@graph":[{"@type":"WebPage","@id":"https:\/\/talkpal.ai\/et\/eesti-keele-grammatika-harjutused\/","url":"https:\/\/talkpal.ai\/et\/eesti-keele-grammatika-harjutused\/","name":"Eesti keele grammatika harjutused - Talkpal","isPartOf":{"@id":"https:\/\/talkpal.ai\/et\/#website"},"primaryImageOfPage":{"@id":"https:\/\/talkpal.ai\/et\/eesti-keele-grammatika-harjutused\/#primaryimage"},"image":{"@id":"https:\/\/talkpal.ai\/et\/eesti-keele-grammatika-harjutused\/#primaryimage"},"thumbnailUrl":"https:\/\/talkpal.ai\/wp-content\/uploads\/2023\/05\/estonia.png","datePublished":"2023-06-16T13:25:56+00:00","dateModified":"2025-12-17T15:58:17+00:00","description":"Harjutage eesti keele grammatikat interaktiivsete harjutuste abil, mis on m\u00f5eldud teie keeleoskuse kiireks ja t\u00f5husaks parandamiseks.","breadcrumb":{"@id":"https:\/\/talkpal.ai\/et\/eesti-keele-grammatika-harjutused\/#breadcrumb"},"inLanguage":"et","potentialAction":[{"@type":"ReadAction","target":["https:\/\/talkpal.ai\/et\/eesti-keele-grammatika-harjutused\/"]}]},{"@type":"ImageObject","inLanguage":"et","@id":"https:\/\/talkpal.ai\/et\/eesti-keele-grammatika-harjutused\/#primaryimage","url":"https:\/\/talkpal.ai\/wp-content\/uploads\/2023\/05\/estonia.png","contentUrl":"https:\/\/talkpal.ai\/wp-content\/uploads\/2023\/05\/estonia.png","width":512,"height":512},{"@type":"BreadcrumbList","@id":"https:\/\/talkpal.ai\/et\/eesti-keele-grammatika-harjutused\/#breadcrumb","itemListElement":[{"@type":"ListItem","position":1,"name":"Homepage","item":"https:\/\/talkpal.ai\/et\/"},{"@type":"ListItem","position":2,"name":"Eesti keele grammatika harjutused"}]},{"@type":"WebSite","@id":"https:\/\/talkpal.ai\/et\/#website","url":"https:\/\/talkpal.ai\/et\/","name":"Talkpal","description":"AI Language Learning","publisher":{"@id":"https:\/\/talkpal.ai\/et\/#organization"},"alternateName":"Talkpal AI","potentialAction":[{"@type":"SearchAction","target":{"@type":"EntryPoint","urlTemplate":"https:\/\/talkpal.ai\/et\/?s={search_term_string}"},"query-input":{"@type":"PropertyValueSpecification","valueRequired":true,"valueName":"search_term_string"}}],"inLanguage":"et"},{"@type":"Organization","@id":"https:\/\/talkpal.ai\/et\/#organization","name":"Talkpal, Inc.","alternateName":"Talkpal AI","url":"https:\/\/talkpal.ai\/et\/","logo":{"@type":"ImageObject","inLanguage":"et","@id":"https:\/\/talkpal.ai\/et\/#\/schema\/logo\/image\/","url":"https:\/\/talkpal.ai\/wp-content\/uploads\/2024\/03\/Talkpal-Logo-Icon.png","contentUrl":"https:\/\/talkpal.ai\/wp-content\/uploads\/2024\/03\/Talkpal-Logo-Icon.png","width":2880,"height":2880,"caption":"Talkpal, Inc."},"image":{"@id":"https:\/\/talkpal.ai\/et\/#\/schema\/logo\/image\/"},"sameAs":["https:\/\/www.facebook.com\/profile.php?id=100090733639311","https:\/\/x.com\/talkpalai","https:\/\/www.linkedin.com\/company\/talkpal\/","https:\/\/www.youtube.com\/@TalkPal\/","https:\/\/www.tiktok.com\/@talkpal","https:\/\/www.instagram.com\/talkpal_ai\/","https:\/\/www.crunchbase.com\/organization\/talkpal-9cde","https:\/\/www.g2.com\/products\/talkpal-for-business\/","https:\/\/www.trustpilot.com\/review\/talkpal.ai","https:\/\/www.capterra.com\/p\/10006800\/TalkPal\/"],"description":"Talkpal is a language learning web and mobile education app, powered by the latest AI technologies, that provides engaging experiences to its customers in many different languages to help them improve their language skills. Users can chat about unlimited amount of topics with the app and use other modes to practice their language learning.","email":"support@talkpal.ai","legalName":"Talkpal, Inc.","foundingDate":"2023-04-03","duns":"118989042","numberOfEmployees":{"@type":"QuantitativeValue","minValue":"11","maxValue":"50"},"publishingPrinciples":"https:\/\/talkpal.ai\/publishing-principles\/","actionableFeedbackPolicy":"https:\/\/talkpal.ai\/actionable-feedback-policy\/","correctionsPolicy":"https:\/\/talkpal.ai\/corrections-policy\/","ethicsPolicy":"https:\/\/talkpal.ai\/ethics-policy\/","diversityPolicy":"https:\/\/talkpal.ai\/diversity-policy\/","diversityStaffingReport":"https:\/\/talkpal.ai\/diversity-policy\/"}]}},"_links":{"self":[{"href":"https:\/\/talkpal.ai\/et\/wp-json\/wp\/v2\/pages\/74984","targetHints":{"allow":["GET"]}}],"collection":[{"href":"https:\/\/talkpal.ai\/et\/wp-json\/wp\/v2\/pages"}],"about":[{"href":"https:\/\/talkpal.ai\/et\/wp-json\/wp\/v2\/types\/page"}],"author":[{"embeddable":true,"href":"https:\/\/talkpal.ai\/et\/wp-json\/wp\/v2\/users\/6"}],"replies":[{"embeddable":true,"href":"https:\/\/talkpal.ai\/et\/wp-json\/wp\/v2\/comments?post=74984"}],"version-history":[{"count":0,"href":"https:\/\/talkpal.ai\/et\/wp-json\/wp\/v2\/pages\/74984\/revisions"}],"wp:featuredmedia":[{"embeddable":true,"href":"https:\/\/talkpal.ai\/et\/wp-json\/wp\/v2\/media\/64132"}],"wp:attachment":[{"href":"https:\/\/talkpal.ai\/et\/wp-json\/wp\/v2\/media?parent=74984"}],"curies":[{"name":"wp","href":"https:\/\/api.w.org\/{rel}","templated":true}]}}