{"id":166863,"date":"2023-04-03T14:56:00","date_gmt":"2023-04-03T14:56:00","guid":{"rendered":"http:\/\/talkpal.ai\/kohta\/"},"modified":"2026-03-06T16:35:05","modified_gmt":"2026-03-06T16:35:05","slug":"kohta","status":"publish","type":"page","link":"https:\/\/talkpal.ai\/et\/kohta\/","title":{"rendered":"kohta"},"content":{"rendered":"\n<p id=\"h-\"><a href=\"https:\/\/talkpal.ai\/ko\/ai-%ec%96%b8%ec%96%b4-%ea%b5%90%ec%82%ac\/\">Talkpal<\/a>, Inc. on tehisintellektip\u00f5hine keele\u00f5ppe ettev\u00f5te, mille eesm\u00e4rk on muuta mis tahes keele r\u00e4\u00e4kimine k\u00e4ttesaadavaks k\u00f5igile ja k\u00f5ikjal. Talkpal arendab \u00fcht maailma k\u00f5ige arenenumat AI-keele\u00f5ppeplatvormi, mis aitab miljonitel \u00f5ppijatel usalduslikult harjutada reaalseid vestlusi.<\/p>\n\n<p>2023. aastal asutatud Talkpal on rajatud lihtsale, kuid j\u00f5ulisele veendumusele: keele\u00f5pe ei tohiks olla privileeg ja see peaks olema k\u00f5igile k\u00e4ttesaadav. Kombineerides tipptasemel tehisintellekti keeletehnoloogiliste teadmiste ja uuringutega, k\u00f5rvaldab Talkpal traditsioonilised takistused, nagu kulud, aeg ja hirm r\u00e4\u00e4kimise ees, asendades need isikup\u00e4rastatud, survevaba harjutamisega, mis on saadaval 24\/7 mitmel platvormil.<\/p>\n\n<p>T\u00e4na toetab Talkpal \u00fcle 80 keele, teenindab miljoneid \u00f5ppijaid \u00fcle 180 riigis ning on saadaval veebis, iOS-is ja Androidis.<\/p>\n\n<h2 class=\"wp-block-heading\" id=\"h-our-mission\">Meie missioon<\/h2>\n\n<p>Meie missioon on muuta keele\u00f5pe revolutsiooniliseks, pakkudes kaasahaaravat, interaktiivset ja isikup\u00e4rastatud AI-p\u00f5hist keele\u00f5pet.<br\/><br\/>P\u00fc\u00fcame murda keelebarj\u00e4\u00e4re, edendada \u00fclemaailmseid sidemeid ja kasvatada kirglike \u00f5ppijate kogukonda, <a href=\"https:\/\/talkpal.ai\/locations\/language-courses-in-andes\/\">andes<\/a> neile v\u00f5imaluse suhelda enesekindlalt ja ladusalt oma valitud keeles.<\/p>\n\n<h2 class=\"wp-block-heading\" id=\"h-our-vision\">Meie visioon<\/h2>\n\n<p>Meie visioon on saada maailma juhtivaks tehisintellekti keele\u00f5petajaks, muutes inimeste keele\u00f5pet immersiivsete, kontekstip\u00f5histe vestluste ja adaptiivse \u00f5ppetehnoloogia abil.<br\/><br\/>Meie eesm\u00e4rk on inspireerida ja kasvatada armastust keele\u00f5ppe vastu, julgustada kultuurivahetust ja \u00fcletada piiri\u00fclene suhtlusl\u00f5he, kujundades l\u00f5ppkokkuv\u00f5ttes paremini \u00fchendatud ja m\u00f5istvat maailma.<\/p>\n\n<h2 class=\"wp-block-heading\" id=\"h-our-story\">Meie lugu<\/h2>\n\n<p>Talkpal asutasid <a href=\"https:\/\/talkpal.ai\/locations\/language-courses-in-david\/\">David<\/a> Gegechkori (pildil vasakul) ja Dimitri Dekanozishvili (pildil paremal), kes olid \u00fchiselt pettunud traditsioonilistes keele\u00f5ppe meetodites, mis sageli ei valmista \u00f5ppijaid ette reaalseks r\u00e4\u00e4kimiseks.<\/p>\n\n<div class=\"wp-block-columns is-layout-flex wp-container-core-columns-is-layout-9d6595d7 wp-block-columns-is-layout-flex\">\n<div class=\"wp-block-column is-layout-flow wp-block-column-is-layout-flow\" style=\"flex-basis:50%\"><div class=\"wp-block-image\">\n<figure class=\"alignleft size-large\"><img decoding=\"async\" width=\"1024\" height=\"683\" src=\"https:\/\/talkpal.ai\/wp-content\/uploads\/2025\/12\/Talkpal-Entrepreneur-1024x683.jpg\" alt=\"\" class=\"wp-image-1557444\" style=\"aspect-ratio:1.4992888417882142\" srcset=\"https:\/\/talkpal.ai\/wp-content\/uploads\/2025\/12\/Talkpal-Entrepreneur-1024x683.jpg 1024w, https:\/\/talkpal.ai\/wp-content\/uploads\/2025\/12\/Talkpal-Entrepreneur-300x200.jpg 300w, https:\/\/talkpal.ai\/wp-content\/uploads\/2025\/12\/Talkpal-Entrepreneur-768x512.jpg 768w, https:\/\/talkpal.ai\/wp-content\/uploads\/2025\/12\/Talkpal-Entrepreneur.jpg 1344w\" sizes=\"(max-width: 1024px) 100vw, 1024px\" \/><\/figure>\n<\/div><\/div>\n\n\n\n<div class=\"wp-block-column is-layout-flow wp-block-column-is-layout-flow\" style=\"flex-basis:50%\">\n<p>Algusest peale oli eesm\u00e4rk selge: luua tehisintellekti keelekompanii, mis oleks v\u00e4hem \u00f5piku ja rohkem toetava vestluspartneri moodi. Nimi &#8220;Talkpal&#8221; peegeldab seda filosoofiat &#8211; see on s\u00f5bralik, alati k\u00e4ttesaadav kaaslane, mis julgustab \u00f5ppijaid harjutama r\u00e4\u00e4kimist ilma hirmuta kohtuotsuse ees.<\/p>\n\n\n\n<p>Alustades veebip\u00f5hise tootena, laienes Talkpal kiiresti mobiiliplatvormidele, koondades \u00fclemaailmse meeskonna, mis koosneb tehisintellekti inseneridest, keeleteadlastest, haridust\u00f6\u00f6tajatest, turundajatest ja tootedisaineritest. Pideva iteratsiooni, uuringute ja kasutajate <a href=\"https:\/\/talkpal.ai\/contact\/\">tagasiside<\/a> abil on Talkpalist kujunenud terviklik tehisintellekti keele\u00f5ppe platvorm, mida usaldavad miljonid inimesed kogu maailmas.<\/p>\n<\/div>\n<\/div>\n\n<h2 class=\"wp-block-heading\" id=\"h-what-we-do\">Mida me teeme<\/h2>\n\n<p>Talkpal pakub tehisintellektip\u00f5hist teksti- ja h\u00e4\u00e4le\u00f5ppekogemust, mis on loodud simuleerima reaalset inimsuhtlust. Meie platvorm kohandub d\u00fcnaamiliselt <a href=\"https:\/\/talkpal.ai\/locations\/language-courses-in-iga\/\">iga<\/a> \u00f5ppija tasemele, eesm\u00e4rkidele ja \u00f5pistiilile.<\/p>\n\n<p>Peamised v\u00f5imalused on j\u00e4rgmised:<\/p>\n\n<ul class=\"wp-block-list\">\n<li>Loomulikud <a href=\"https:\/\/talkpal.ai\/speaking-with-ai\/\">AI<\/a> vestlused k\u00f5nelemise harjutamiseks<\/li>\n\n\n\n<li>Reaalajas tagasiside h\u00e4\u00e4lduse, grammatika ja ladususe kohta<\/li>\n\n\n\n<li>Toetus algajatele kuni edasij\u00f5udnutele<\/li>\n\n\n\n<li>\u00dcle 80 maailma keele, sealhulgas inglise, hispaania, saksa, prantsuse, itaalia, jaapani, hiina, korea, araabia, hollandi, portugali, rootsi, heebrea, kreeka, t\u00fcrgi, soome ja afrikaani, albaania, armeenia, assami, aserbaid\u017eaani, baski, valgevene, bengali, bosnia, bulgaaria, birmi, kantoni, katalaani, horvaadi, t\u0161ehhi, taani, eesti, galiitsia, gruusia, gujarati, hindi \u00f5ppekeeled, ungari, islandi, indoneesia, iiri, jaapani, kannada, kasahhi, khmeer, lao, l\u00e4ti, leedu, makedoonia, malai, malayalam, malta, maoori, marathi, mongoli, nepali, norra, odia, Pashto, p\u00e4rsia, poola, pand\u017eabi, rumeenia, vene, serbia, singala, slovaki, sloveeni, somaali, suahiili, tagalog, tamil, telugu, tai, ukraina, urdu, usbeki, vietnami, walesi, zulu ja muud.<\/li>\n\n\n\n<li>Freemium-mudel koos paindlike tellimusplaanidega<\/li>\n\n\n\n<li>Spetsiaalsed ettev\u00f5tluslahendused \u00fclikoolidele, keeltekoolidele, ettev\u00f5tetele ja muudele organisatsioonidele<\/li>\n<\/ul>\n\n<p>Meie sisu ja s\u00fcsteemid on v\u00e4lja t\u00f6\u00f6tatud koost\u00f6\u00f6s keeleekspertide ja tehisintellekti teadlastega, tagades nii pedagoogilise usaldusv\u00e4\u00e4rsuse kui ka tehnilise tipptaseme.<\/p>\n\n<h2 class=\"wp-block-heading\" id=\"h-research-backed-learning\">Teadusuuringutega toetatud \u00f5ppimine<\/h2>\n\n<p>Talkpal t\u00f5husust on uuritud mitmes akadeemilises uuringus, eriti v\u00f5\u00f5rkeele\u00f5petuse ja inglise keele kontekstis. Uuringud on n\u00e4idanud statistiliselt olulist paranemist \u00f5ppijate k\u00f5ne sujuvuses, h\u00e4\u00e4lduses, grammatikas ja enesekindluses, kui nad kasutavad tehisintellektil p\u00f5hinevaid vestlusvahendeid nagu Talkpal.<\/p>\n\n<p>See teadusp\u00f5hine l\u00e4henemine toetab meie p\u00fchendumust mitte ainult uuendusliku tehnoloogia, vaid ka m\u00f5\u00f5detavalt t\u00f5husate keele\u00f5ppekogemuste loomisele.<\/p>\n\n<h2 class=\"wp-block-heading\" id=\"h-trusted-by-learners-worldwide\">\u00d5ppijate usaldus kogu maailmas<\/h2>\n\n<p>Talkpal usaldavad miljonid kasutajad kogu maailmas ning see saab pidevalt h\u00e4id hinnanguid k\u00f5ikides rakenduspoodides ja \u00fclevaatusplatvormidel. \u00d5ppijad t\u00f5stavad sageli esile:<\/p>\n\n<ul class=\"wp-block-list\">\n<li>R\u00e4\u00e4kimisharjutuseks surveta keskkond<\/li>\n\n\n\n<li>Kohene, rakendatav tagasiside<\/li>\n\n\n\n<li>Paindlikkus \u00f5ppida igal ajal ja igal pool<\/li>\n\n\n\n<li>V\u00f5imalus harjutada ilma inimkeelepartnerita<\/li>\n<\/ul>\n\n<h2 class=\"wp-block-heading\" id=\"h-our-commitment\">Meie kohustus<\/h2>\n\n<p>Talkpal on p\u00fchendunud j\u00e4rgmistele eesm\u00e4rkidele:<\/p>\n\n<ul class=\"wp-block-list\">\n<li><strong>Innovatsioon &#8211;<\/strong> pidev areng tehisintellekti ja haridustehnoloogia valdkonnas<\/li>\n\n\n\n<li><strong>Kvaliteet &#8211;<\/strong> teadusuuringutega toetatud \u00f5pikogemused<\/li>\n\n\n\n<li><strong>Ligip\u00e4\u00e4setavus &#8211;<\/strong> taskukohane, kaasav keele\u00f5pe k\u00f5igile<\/li>\n\n\n\n<li><strong>\u00dclemaailmne m\u00f5ju &#8211;<\/strong> kultuuride\u00fclese suhtluse edendamine<\/li>\n<\/ul>\n\n<p>Me usume, et keelel on v\u00f5ime muuta elusid &#8211; ja tehisintellekti abil v\u00f5ib see j\u00f5ud j\u00f5uda iga\u00fcheni.<\/p>\n\n<p><\/p>\n","protected":false},"excerpt":{"rendered":"<p>Talkpal, Inc. on tehisintellektip\u00f5hine keele\u00f5ppe ettev\u00f5te, mille eesm\u00e4rk on muuta mis tahes keele r\u00e4\u00e4kimine k\u00e4ttesaadavaks k\u00f5igile ja k\u00f5ikjal. Talkpal arendab \u00fcht maailma k\u00f5ige arenenumat AI-keele\u00f5ppeplatvormi, mis aitab miljonitel \u00f5ppijatel usalduslikult harjutada reaalseid vestlusi. 2023. aastal asutatud Talkpal on rajatud lihtsale, kuid j\u00f5ulisele veendumusele: keele\u00f5pe ei tohiks olla privileeg ja see peaks olema k\u00f5igile k\u00e4ttesaadav. Kombineerides [&hellip;]<\/p>\n","protected":false},"author":1,"featured_media":197952,"parent":0,"menu_order":0,"comment_status":"closed","ping_status":"closed","template":"","meta":{"_acf_changed":false,"footnotes":""},"class_list":["post-166863","page","type-page","status-publish","has-post-thumbnail","hentry"],"acf":[],"yoast_head":"<!-- This site is optimized with the Yoast SEO Premium plugin v27.2 (Yoast SEO v27.2) - https:\/\/yoast.com\/product\/yoast-seo-premium-wordpress\/ -->\n<title>kohta - Talkpal<\/title>\n<meta name=\"description\" content=\"Talkpal on GPT-p\u00f5hine tehisintellekti keele\u00f5ppej\u00f5ud, mis asutati usuga, et keele\u00f5pe peaks olema k\u00f5igile k\u00e4ttesaadav.\" \/>\n<meta name=\"robots\" content=\"index, follow, max-snippet:-1, max-image-preview:large, max-video-preview:-1\" \/>\n<link rel=\"canonical\" href=\"https:\/\/talkpal.ai\/et\/kohta\/\" \/>\n<meta property=\"og:locale\" content=\"et_EE\" \/>\n<meta property=\"og:type\" content=\"article\" \/>\n<meta property=\"og:title\" content=\"kohta\" \/>\n<meta property=\"og:description\" content=\"Talkpal, Inc. on tehisintellektip\u00f5hine keele\u00f5ppe ettev\u00f5te, mille eesm\u00e4rk on muuta mis tahes keele r\u00e4\u00e4kimine k\u00e4ttesaadavaks k\u00f5igile ja k\u00f5ikjal. Talkpal\" \/>\n<meta property=\"og:url\" content=\"https:\/\/talkpal.ai\/et\/kohta\/\" \/>\n<meta property=\"og:site_name\" content=\"Talkpal\" \/>\n<meta property=\"article:publisher\" content=\"https:\/\/www.facebook.com\/profile.php?id=100090733639311\" \/>\n<meta property=\"article:modified_time\" content=\"2026-03-06T16:35:05+00:00\" \/>\n<meta property=\"og:image\" content=\"https:\/\/talkpal.ai\/wp-content\/uploads\/2024\/03\/Talkpal-Logo-Icon.png\" \/>\n\t<meta property=\"og:image:width\" content=\"5000\" \/>\n\t<meta property=\"og:image:height\" content=\"5000\" \/>\n\t<meta property=\"og:image:type\" content=\"image\/png\" \/>\n<meta name=\"twitter:card\" content=\"summary_large_image\" \/>\n<meta name=\"twitter:site\" content=\"@talkpalai\" \/>\n<meta name=\"twitter:label1\" content=\"Est. reading time\" \/>\n\t<meta name=\"twitter:data1\" content=\"3 minutit\" \/>\n<script type=\"application\/ld+json\" class=\"yoast-schema-graph\">{\"@context\":\"https:\/\/schema.org\",\"@graph\":[{\"@type\":\"WebPage\",\"@id\":\"https:\/\/talkpal.ai\/et\/kohta\/\",\"url\":\"https:\/\/talkpal.ai\/et\/kohta\/\",\"name\":\"kohta - Talkpal\",\"isPartOf\":{\"@id\":\"https:\/\/talkpal.ai\/et\/#website\"},\"primaryImageOfPage\":{\"@id\":\"https:\/\/talkpal.ai\/et\/kohta\/#primaryimage\"},\"image\":{\"@id\":\"https:\/\/talkpal.ai\/et\/kohta\/#primaryimage\"},\"thumbnailUrl\":\"https:\/\/talkpal.ai\/wp-content\/uploads\/2024\/03\/Talkpal-Logo-Icon.png\",\"datePublished\":\"2023-04-03T14:56:00+00:00\",\"dateModified\":\"2026-03-06T16:35:05+00:00\",\"description\":\"Talkpal on GPT-p\u00f5hine tehisintellekti keele\u00f5ppej\u00f5ud, mis asutati usuga, et keele\u00f5pe peaks olema k\u00f5igile k\u00e4ttesaadav.\",\"breadcrumb\":{\"@id\":\"https:\/\/talkpal.ai\/et\/kohta\/#breadcrumb\"},\"inLanguage\":\"et\",\"potentialAction\":[{\"@type\":\"ReadAction\",\"target\":[\"https:\/\/talkpal.ai\/et\/kohta\/\"]}]},{\"@type\":\"ImageObject\",\"inLanguage\":\"et\",\"@id\":\"https:\/\/talkpal.ai\/et\/kohta\/#primaryimage\",\"url\":\"https:\/\/talkpal.ai\/wp-content\/uploads\/2024\/03\/Talkpal-Logo-Icon.png\",\"contentUrl\":\"https:\/\/talkpal.ai\/wp-content\/uploads\/2024\/03\/Talkpal-Logo-Icon.png\",\"width\":5000,\"height\":5000,\"caption\":\"Talkpali logo\"},{\"@type\":\"BreadcrumbList\",\"@id\":\"https:\/\/talkpal.ai\/et\/kohta\/#breadcrumb\",\"itemListElement\":[{\"@type\":\"ListItem\",\"position\":1,\"name\":\"Homepage\",\"item\":\"https:\/\/talkpal.ai\/et\/\"},{\"@type\":\"ListItem\",\"position\":2,\"name\":\"kohta\"}]},{\"@type\":\"WebSite\",\"@id\":\"https:\/\/talkpal.ai\/et\/#website\",\"url\":\"https:\/\/talkpal.ai\/et\/\",\"name\":\"Talkpal\",\"description\":\"AI Language Learning\",\"publisher\":{\"@id\":\"https:\/\/talkpal.ai\/et\/#organization\"},\"alternateName\":\"Talkpal AI\",\"potentialAction\":[{\"@type\":\"SearchAction\",\"target\":{\"@type\":\"EntryPoint\",\"urlTemplate\":\"https:\/\/talkpal.ai\/et\/?s={search_term_string}\"},\"query-input\":{\"@type\":\"PropertyValueSpecification\",\"valueRequired\":true,\"valueName\":\"search_term_string\"}}],\"inLanguage\":\"et\"},{\"@type\":\"Organization\",\"@id\":\"https:\/\/talkpal.ai\/et\/#organization\",\"name\":\"Talkpal, Inc.\",\"alternateName\":\"Talkpal AI\",\"url\":\"https:\/\/talkpal.ai\/et\/\",\"logo\":{\"@type\":\"ImageObject\",\"inLanguage\":\"et\",\"@id\":\"https:\/\/talkpal.ai\/et\/#\/schema\/logo\/image\/\",\"url\":\"https:\/\/talkpal.ai\/wp-content\/uploads\/2024\/03\/Talkpal-Logo-Icon.png\",\"contentUrl\":\"https:\/\/talkpal.ai\/wp-content\/uploads\/2024\/03\/Talkpal-Logo-Icon.png\",\"width\":2880,\"height\":2880,\"caption\":\"Talkpal, Inc.\"},\"image\":{\"@id\":\"https:\/\/talkpal.ai\/et\/#\/schema\/logo\/image\/\"},\"sameAs\":[\"https:\/\/www.facebook.com\/profile.php?id=100090733639311\",\"https:\/\/x.com\/talkpalai\",\"https:\/\/www.linkedin.com\/company\/talkpal\/\",\"https:\/\/www.youtube.com\/@TalkPal\/\",\"https:\/\/www.tiktok.com\/@talkpal\",\"https:\/\/www.instagram.com\/talkpal_ai\/\",\"https:\/\/www.crunchbase.com\/organization\/talkpal-9cde\",\"https:\/\/www.g2.com\/products\/talkpal-for-business\/\",\"https:\/\/www.trustpilot.com\/review\/talkpal.ai\",\"https:\/\/www.capterra.com\/p\/10006800\/TalkPal\/\"],\"description\":\"Talkpal is a language learning web and mobile education app, powered by the latest AI technologies, that provides engaging experiences to its customers in many different languages to help them improve their language skills. Users can chat about unlimited amount of topics with the app and use other modes to practice their language learning.\",\"email\":\"support@talkpal.ai\",\"legalName\":\"Talkpal, Inc.\",\"foundingDate\":\"2023-04-03\",\"duns\":\"118989042\",\"numberOfEmployees\":{\"@type\":\"QuantitativeValue\",\"minValue\":\"11\",\"maxValue\":\"50\"},\"publishingPrinciples\":\"https:\/\/talkpal.ai\/publishing-principles\/\",\"actionableFeedbackPolicy\":\"https:\/\/talkpal.ai\/actionable-feedback-policy\/\",\"correctionsPolicy\":\"https:\/\/talkpal.ai\/corrections-policy\/\",\"ethicsPolicy\":\"https:\/\/talkpal.ai\/ethics-policy\/\",\"diversityPolicy\":\"https:\/\/talkpal.ai\/diversity-policy\/\",\"diversityStaffingReport\":\"https:\/\/talkpal.ai\/diversity-policy\/\"}]}<\/script>\n<!-- \/ Yoast SEO Premium plugin. -->","yoast_head_json":{"title":"kohta - Talkpal","description":"Talkpal on GPT-p\u00f5hine tehisintellekti keele\u00f5ppej\u00f5ud, mis asutati usuga, et keele\u00f5pe peaks olema k\u00f5igile k\u00e4ttesaadav.","robots":{"index":"index","follow":"follow","max-snippet":"max-snippet:-1","max-image-preview":"max-image-preview:large","max-video-preview":"max-video-preview:-1"},"canonical":"https:\/\/talkpal.ai\/et\/kohta\/","og_locale":"et_EE","og_type":"article","og_title":"kohta","og_description":"Talkpal, Inc. on tehisintellektip\u00f5hine keele\u00f5ppe ettev\u00f5te, mille eesm\u00e4rk on muuta mis tahes keele r\u00e4\u00e4kimine k\u00e4ttesaadavaks k\u00f5igile ja k\u00f5ikjal. Talkpal","og_url":"https:\/\/talkpal.ai\/et\/kohta\/","og_site_name":"Talkpal","article_publisher":"https:\/\/www.facebook.com\/profile.php?id=100090733639311","article_modified_time":"2026-03-06T16:35:05+00:00","og_image":[{"width":5000,"height":5000,"url":"https:\/\/talkpal.ai\/wp-content\/uploads\/2024\/03\/Talkpal-Logo-Icon.png","type":"image\/png"}],"twitter_card":"summary_large_image","twitter_site":"@talkpalai","twitter_misc":{"Est. reading time":"3 minutit"},"schema":{"@context":"https:\/\/schema.org","@graph":[{"@type":"WebPage","@id":"https:\/\/talkpal.ai\/et\/kohta\/","url":"https:\/\/talkpal.ai\/et\/kohta\/","name":"kohta - Talkpal","isPartOf":{"@id":"https:\/\/talkpal.ai\/et\/#website"},"primaryImageOfPage":{"@id":"https:\/\/talkpal.ai\/et\/kohta\/#primaryimage"},"image":{"@id":"https:\/\/talkpal.ai\/et\/kohta\/#primaryimage"},"thumbnailUrl":"https:\/\/talkpal.ai\/wp-content\/uploads\/2024\/03\/Talkpal-Logo-Icon.png","datePublished":"2023-04-03T14:56:00+00:00","dateModified":"2026-03-06T16:35:05+00:00","description":"Talkpal on GPT-p\u00f5hine tehisintellekti keele\u00f5ppej\u00f5ud, mis asutati usuga, et keele\u00f5pe peaks olema k\u00f5igile k\u00e4ttesaadav.","breadcrumb":{"@id":"https:\/\/talkpal.ai\/et\/kohta\/#breadcrumb"},"inLanguage":"et","potentialAction":[{"@type":"ReadAction","target":["https:\/\/talkpal.ai\/et\/kohta\/"]}]},{"@type":"ImageObject","inLanguage":"et","@id":"https:\/\/talkpal.ai\/et\/kohta\/#primaryimage","url":"https:\/\/talkpal.ai\/wp-content\/uploads\/2024\/03\/Talkpal-Logo-Icon.png","contentUrl":"https:\/\/talkpal.ai\/wp-content\/uploads\/2024\/03\/Talkpal-Logo-Icon.png","width":5000,"height":5000,"caption":"Talkpali logo"},{"@type":"BreadcrumbList","@id":"https:\/\/talkpal.ai\/et\/kohta\/#breadcrumb","itemListElement":[{"@type":"ListItem","position":1,"name":"Homepage","item":"https:\/\/talkpal.ai\/et\/"},{"@type":"ListItem","position":2,"name":"kohta"}]},{"@type":"WebSite","@id":"https:\/\/talkpal.ai\/et\/#website","url":"https:\/\/talkpal.ai\/et\/","name":"Talkpal","description":"AI Language Learning","publisher":{"@id":"https:\/\/talkpal.ai\/et\/#organization"},"alternateName":"Talkpal AI","potentialAction":[{"@type":"SearchAction","target":{"@type":"EntryPoint","urlTemplate":"https:\/\/talkpal.ai\/et\/?s={search_term_string}"},"query-input":{"@type":"PropertyValueSpecification","valueRequired":true,"valueName":"search_term_string"}}],"inLanguage":"et"},{"@type":"Organization","@id":"https:\/\/talkpal.ai\/et\/#organization","name":"Talkpal, Inc.","alternateName":"Talkpal AI","url":"https:\/\/talkpal.ai\/et\/","logo":{"@type":"ImageObject","inLanguage":"et","@id":"https:\/\/talkpal.ai\/et\/#\/schema\/logo\/image\/","url":"https:\/\/talkpal.ai\/wp-content\/uploads\/2024\/03\/Talkpal-Logo-Icon.png","contentUrl":"https:\/\/talkpal.ai\/wp-content\/uploads\/2024\/03\/Talkpal-Logo-Icon.png","width":2880,"height":2880,"caption":"Talkpal, Inc."},"image":{"@id":"https:\/\/talkpal.ai\/et\/#\/schema\/logo\/image\/"},"sameAs":["https:\/\/www.facebook.com\/profile.php?id=100090733639311","https:\/\/x.com\/talkpalai","https:\/\/www.linkedin.com\/company\/talkpal\/","https:\/\/www.youtube.com\/@TalkPal\/","https:\/\/www.tiktok.com\/@talkpal","https:\/\/www.instagram.com\/talkpal_ai\/","https:\/\/www.crunchbase.com\/organization\/talkpal-9cde","https:\/\/www.g2.com\/products\/talkpal-for-business\/","https:\/\/www.trustpilot.com\/review\/talkpal.ai","https:\/\/www.capterra.com\/p\/10006800\/TalkPal\/"],"description":"Talkpal is a language learning web and mobile education app, powered by the latest AI technologies, that provides engaging experiences to its customers in many different languages to help them improve their language skills. Users can chat about unlimited amount of topics with the app and use other modes to practice their language learning.","email":"support@talkpal.ai","legalName":"Talkpal, Inc.","foundingDate":"2023-04-03","duns":"118989042","numberOfEmployees":{"@type":"QuantitativeValue","minValue":"11","maxValue":"50"},"publishingPrinciples":"https:\/\/talkpal.ai\/publishing-principles\/","actionableFeedbackPolicy":"https:\/\/talkpal.ai\/actionable-feedback-policy\/","correctionsPolicy":"https:\/\/talkpal.ai\/corrections-policy\/","ethicsPolicy":"https:\/\/talkpal.ai\/ethics-policy\/","diversityPolicy":"https:\/\/talkpal.ai\/diversity-policy\/","diversityStaffingReport":"https:\/\/talkpal.ai\/diversity-policy\/"}]}},"_links":{"self":[{"href":"https:\/\/talkpal.ai\/et\/wp-json\/wp\/v2\/pages\/166863","targetHints":{"allow":["GET"]}}],"collection":[{"href":"https:\/\/talkpal.ai\/et\/wp-json\/wp\/v2\/pages"}],"about":[{"href":"https:\/\/talkpal.ai\/et\/wp-json\/wp\/v2\/types\/page"}],"author":[{"embeddable":true,"href":"https:\/\/talkpal.ai\/et\/wp-json\/wp\/v2\/users\/1"}],"replies":[{"embeddable":true,"href":"https:\/\/talkpal.ai\/et\/wp-json\/wp\/v2\/comments?post=166863"}],"version-history":[{"count":0,"href":"https:\/\/talkpal.ai\/et\/wp-json\/wp\/v2\/pages\/166863\/revisions"}],"wp:featuredmedia":[{"embeddable":true,"href":"https:\/\/talkpal.ai\/et\/wp-json\/wp\/v2\/media\/197952"}],"wp:attachment":[{"href":"https:\/\/talkpal.ai\/et\/wp-json\/wp\/v2\/media?parent=166863"}],"curies":[{"name":"wp","href":"https:\/\/api.w.org\/{rel}","templated":true}]}}