{"id":166526,"date":"2023-06-16T10:58:35","date_gmt":"2023-06-16T10:58:35","guid":{"rendered":"http:\/\/talkpal.ai\/vene-keele-grammatika-harjutused\/"},"modified":"2025-12-17T16:24:48","modified_gmt":"2025-12-17T16:24:48","slug":"vene-keele-grammatika-harjutused","status":"publish","type":"page","link":"https:\/\/talkpal.ai\/et\/vene-keele-grammatika-harjutused\/","title":{"rendered":"Vene keele grammatika harjutused"},"content":{"rendered":"\r\n\r\n\r\n<section class=\"languageChallengeSection\">\r\n    <div class=\"languageInfoWrapper\">\r\n        \r\n        <h1>Vene keele grammatika harjutused<\/h1>\r\n        <p>Kas olete valmis oma <a href=\"https:\/\/talkpal.ai\/learn-russian\/\">vene<\/a> keele oskust tugevdama? Grammatikaharjutuste tegemine on \u00fcks parimaid viise, kuidas omandada lauseehitust, verbi\u00fchendusi ja <a href=\"https:\/\/talkpal.ai\/learn-russian\/\">vene<\/a> keele unikaalseid reegleid. Alustage <a href=\"https:\/\/talkpal.ai\/russian-grammar\/\">vene keele grammatika<\/a> uurimist juba t\u00e4na ja vaadake, kuidas teie arusaamine ja keeleoskus kasvab iga harjutusega!<\/p>\r\n\r\n                            <a class=\"getStartedHidden\" href=\"https:\/\/app.talkpal.ai\/et\/signup?lng=\">Alusta<\/a>\r\n        \r\n    <\/div>\r\n\r\n    <figure>\r\n    <img decoding=\"async\" width=\"768\" height=\"768\" src=\"https:\/\/talkpal.ai\/wp-content\/uploads\/2023\/06\/russian-768x768.png\" class=\"languageImage no-lazy\" alt=\"Language learning for multicultural understanding\" fetchpriority=\"high\" sizes=\"(max-width: 768px) 150px, 768px\" srcset=\"https:\/\/talkpal.ai\/wp-content\/uploads\/2023\/06\/russian-768x768.png 768w, https:\/\/talkpal.ai\/wp-content\/uploads\/2023\/06\/russian-300x300.png 300w\" \/>\r\n    \r\n\r\n    <\/figure>\r\n\r\n            <a class=\"getStartedVisible\" href=\"https:\/\/app.talkpal.ai\/et\/signup?lng=\">Alusta<\/a>\r\n    \r\n<\/section>\r\n\r\n\r\n<!-- <section class=\"grammarSection\">\r\n    <div class=\"grammarLinks\">\r\n            <\/div>\r\n<\/section> -->\r\n\r\n\r\n\r\n\r\n<section class=\"promotionalBanner\">\r\n    <p class=\"promotionalText\">K\u00f5ige t\u00f5husam viis keele \u00f5ppimiseks<\/p>\r\n    <a class=\"promotionalLink\" href=\"https:\/\/app.talkpal.ai\/et\/signup?lng=\">Proovige Talkpal tasuta<\/a>\r\n<\/section>\n<div class=\"wp-block-group pageContainerStyle\"><div class=\"wp-block-group__inner-container is-layout-constrained wp-block-group-is-layout-constrained\">\n<h2 class=\"wp-block-heading\" id=\"h-russian-grammar-topics\">Vene keele grammatika teemad<\/h2>\n\n\n\n<p><a href=\"https:\/\/talkpal.ai\/et\/parim-vene-keele-oppimise-app-lihtne-ja-tohus-viis-keeleoskuse-parandamiseks\/\">Vene keele \u00f5ppimine<\/a> v\u00f5ib olla uskumatult rahuldust pakkuv ja intellektuaalselt stimuleeriv kogemus. <a href=\"https:\/\/talkpal.ai\/et\/opi-vene-keel\/\">Vene keel<\/a> ei ole mitte ainult rikas s\u00f5navara ja v\u00e4ljendusv\u00f5ime poolest, vaid pakub ka akna Venemaa ja endise N\u00f5ukogude Liidu p\u00f5nevasse kultuuri, ajalukku ja kirjandusse. Vene keele \u00f5ppimise teekonnal alustades on oluline tutvuda erinevate grammatikateemadega, mis moodustavad teie keeleoskuse aluse. Selles juhendis anname \u00fclevaate olulistest <a href=\"https:\/\/talkpal.ai\/russian-grammar\/\">vene keele grammatika<\/a> teemadest, sealhulgas ajavormidest, tegus\u00f5nadest, nimis\u00f5nadest, artiklitest, ases\u00f5nadest, omaduss\u00f5nadest, m\u00e4\u00e4rs\u00f5nadest, eess\u00f5nadest ja lauseehitusest. Nende p\u00f5hit\u00f5dede omandamisega oled sa heal j\u00e4rjel, et saavutada sujuv vene keele oskus.<\/p>\n\n\n\n<h3 class=\"wp-block-heading\" id=\"h-1-nouns\">1. Nimis\u00f5nad:<\/h3>\n\n\n\n<p>Alustage vene nimis\u00f5nade \u00f5ppimisega, sest need on keele p\u00f5hilised ehitusplokid. Vene nimis\u00f5nadel on kolm sugu (mehelik, naiselik ja neuter) ja kuus juhtumit (nominatiivne, genitiivne, datiivne, s\u00fc\u00fcdistav, instrumentaalne ja eess\u00f5naline). Soo ja juhtumite s\u00fcsteemi m\u00f5istmine on nimis\u00f5nade \u00f5igeks kasutamiseks lausetes \u00fclioluline.<\/p>\n\n\n\n<h3 class=\"wp-block-heading\" id=\"h-2-pronouns\">2. Ases\u00f5nad:<\/h3>\n\n\n\n<p>Kui olete tutvunud nimis\u00f5nadega, minge edasi pronoomenite juurde, mis asendavad lauses nimis\u00f5nu, et v\u00e4ltida kordusi. Pronoomenitel on ka sugu ja k\u00e4\u00e4nde ning on oluline \u00f5ppida nende vorme ja kasutust.<\/p>\n\n\n\n<h3 class=\"wp-block-heading\" id=\"h-3-adjectives\">3. Omaduss\u00f5nad:<\/h3>\n\n\n\n<p>Omaduss\u00f5nad kirjeldavad v\u00f5i muudavad nimis\u00f5nu ja ases\u00f5nu. Nad n\u00f5ustuvad nimis\u00f5nadega, mida nad muudavad soo, arvu ja juhtumi osas. \u00d5ppige omaduss\u00f5nade erinevaid vorme ja l\u00f5ppu, et neid \u00f5igesti kasutada.<\/p>\n\n\n\n<h3 class=\"wp-block-heading\" id=\"h-4-verbs\">4. Tegus\u00f5nad:<\/h3>\n\n\n\n<p>Tegus\u00f5nad on mis tahes lause selgroog, kuna nad v\u00e4ljendavad tegevusi, seisundeid v\u00f5i s\u00fcndmusi. Vene keeles on tegus\u00f5nadel kaks aspekti (t\u00e4iuslik ja ebat\u00e4iuslik) ning konjugeeritud vastavalt isikule, arvule ja pingele. Tutvuge konjugatsioonimustrite ja aspektidega, et moodustada t\u00e4pseid verbivorme.<\/p>\n\n\n\n<h3 class=\"wp-block-heading\" id=\"h-5-tenses-indicative\">5. Ajad soovituslikud:<\/h3>\n\n\n\n<p>Vene keeles on kolm soovituslikku ajastust: minevik, olevik ja tulevik. Siit saate teada, kuidas neid ajastusi kujundada ja kasutada tegevuste ja s\u00fcndmuste v\u00e4ljendamiseks erinevates ajaraamides.<\/p>\n\n\n\n<h3 class=\"wp-block-heading\" id=\"h-6-tenses-subjunctive\">6. Ajad Subjunktiivid:<\/h3>\n\n\n\n<p>Subjunktiivne meeleolu v\u00e4ljendab h\u00fcpoteetilisi olukordi, soove v\u00f5i ebareaalseid tingimusi. Lugege, kuidas moodustada subjunktiiv vene keeles ja millal seda lausetes kasutada.<\/p>\n\n\n\n<h3 class=\"wp-block-heading\" id=\"h-7-tense-comparison\">7. Pingeline v\u00f5rdlus:<\/h3>\n\n\n\n<p>Selge suhtluse jaoks on oluline m\u00f5ista, kuidas v\u00f5rrelda ja vastandada tegevusi erinevates ajastutes. Harjutage erinevate ajastuste koos kasutamist keerukate m\u00f5tete ja ideede v\u00e4ljendamiseks.<\/p>\n\n\n\n<h3 class=\"wp-block-heading\" id=\"h-8-adverbs\">8. M\u00e4\u00e4rs\u00f5nad:<\/h3>\n\n\n\n<p>M\u00e4\u00e4rs\u00f5nad muudavad tegus\u00f5nu, omaduss\u00f5nu v\u00f5i muid m\u00e4\u00e4rs\u00f5nu, <a href=\"https:\/\/talkpal.ai\/locations\/language-courses-in-andes\/\">andes<\/a> teavet selle kohta, kuidas, millal, kus v\u00f5i millises ulatuses toiming toimub. \u00d5ppige oma lausete t\u00e4iustamiseks tavalisi vene adverbe ja nende kasutamist.<\/p>\n\n\n\n<h3 class=\"wp-block-heading\" id=\"h-9-prepositions\">9. Eess\u00f5nad:<\/h3>\n\n\n\n<p>Eess\u00f5nad seovad nimis\u00f5nad, ases\u00f5nad v\u00f5i fraasid lauses teiste s\u00f5nadega, n\u00e4idates seoseid, nagu asukoht, suund, aeg v\u00f5i eesm\u00e4rk. Tutvuge vene eess\u00f5nadega ja nende vastavate juhtumitega, et koostada grammatiliselt \u00f5igeid lauseid.<\/p>\n\n\n\n<h3 class=\"wp-block-heading\" id=\"h-10-sentence-structure\">10. Lause struktuur:<\/h3>\n\n\n\n<p>L\u00f5puks \u00f5ppige vene lauseehituse p\u00f5hit\u00f5desid, sealhulgas s\u00f5nade j\u00e4rjekorda, eitamist ja k\u00fcsimuste moodustamist. M\u00f5istmine, kuidas lauseid \u00f5igesti konstrueerida, tagab, et teie r\u00e4\u00e4gitud ja kirjutatud <a href=\"https:\/\/talkpal.ai\/et\/opi-vene-keel\/\">vene keel<\/a> on selge ja arusaadav.<\/p>\n\n\n\n<p>J\u00e4rgides seda j\u00e4rjestust ja p\u00fchendades aega igale grammatikateemale, arendate vene keeles tugevat alust, mis v\u00f5imaldab teil t\u00f5husalt suhelda ja hinnata keele ilu ja s\u00fcgavust.<\/p>\n<\/div><\/div>\n\r\n<section class=\"learnNavigationSection\">\r\n            \r\n        <a href=\"https:\/\/talkpal.ai\/et\/opi-vene-keel\/\">\r\n            <div class=\"learnNavigationWrapper\">\r\n                <div class=\"learnNavigationContent\">\r\n                    <img decoding=\"async\" src=\"https:\/\/talkpal.ai\/wp-content\/uploads\/2024\/08\/Russian.jpg\" alt=\"Russian Flag\">\r\n                    <div>\r\n                        <h4>Vene keele \u00f5ppimise kohta<\/h4>\r\n                        <p>Uuri k\u00f5ike vene grammatika kohta .<\/p>\r\n                    <\/div>\r\n                <\/div>\r\n            <\/div>\r\n        <\/a>\r\n\r\n        \r\n        <a href=\"https:\/\/talkpal.ai\/et\/vene-keele-grammatika\/\">\r\n            <div class=\"learnNavigationWrapper\">\r\n                <div class=\"learnNavigationContent\">\r\n                    <img decoding=\"async\" src=\"https:\/\/talkpal.ai\/wp-content\/uploads\/2024\/08\/Russian.jpg\" alt=\"Russian Flag\">\r\n                    <div>\r\n                        <h4>Vene keele grammatika \u00f5ppet\u00f6\u00f6<\/h4>\r\n                        <p>Harjutage vene grammatikat.<\/p>\r\n                    <\/div>\r\n                <\/div>\r\n            <\/div>\r\n        <\/a>\r\n\r\n        \r\n        <a href=\"https:\/\/talkpal.ai\/vocabulary_language\/russian\/\">\r\n            <div class=\"learnNavigationWrapper\">\r\n                <div class=\"learnNavigationContent\">\r\n                    <img decoding=\"async\" src=\"https:\/\/talkpal.ai\/wp-content\/uploads\/2024\/08\/Russian.jpg\" alt=\"Russian Flag\">\r\n                    <div>\r\n                        <h4>Vene keele s\u00f5navara<\/h4>\r\n                        <p>Laiendage oma vene keele s\u00f5navara.<\/p>\r\n                    <\/div>\r\n                <\/div>\r\n            <\/div>\r\n        <\/a>\r\n\r\n            <\/section>","protected":false},"excerpt":{"rendered":"<p>Vene keele grammatika teemad Vene keele \u00f5ppimine v\u00f5ib olla uskumatult rahuldust pakkuv ja intellektuaalselt stimuleeriv kogemus. Vene keel ei ole mitte ainult rikas s\u00f5navara ja v\u00e4ljendusv\u00f5ime poolest, vaid pakub ka akna Venemaa ja endise N\u00f5ukogude Liidu p\u00f5nevasse kultuuri, ajalukku ja kirjandusse. Vene keele \u00f5ppimise teekonnal alustades on oluline tutvuda erinevate grammatikateemadega, mis moodustavad teie keeleoskuse [&hellip;]<\/p>\n","protected":false},"author":6,"featured_media":108091,"parent":0,"menu_order":0,"comment_status":"closed","ping_status":"closed","template":"LearningContentPage.php","meta":{"_acf_changed":false,"footnotes":""},"class_list":["post-166526","page","type-page","status-publish","has-post-thumbnail","hentry"],"acf":[],"yoast_head":"<!-- This site is optimized with the Yoast SEO Premium plugin v27.2 (Yoast SEO v27.2) - https:\/\/yoast.com\/product\/yoast-seo-premium-wordpress\/ -->\n<title>Vene keele grammatika harjutused - Talkpal<\/title>\n<meta name=\"description\" content=\"Tutvu oluliste vene keele grammatika harjutustega, et tugevdada oma keeleoskust ja saavutada sujuv vene keele oskus.\" \/>\n<meta name=\"robots\" content=\"index, follow, max-snippet:-1, max-image-preview:large, max-video-preview:-1\" \/>\n<link rel=\"canonical\" href=\"https:\/\/talkpal.ai\/et\/vene-keele-grammatika-harjutused\/\" \/>\n<meta property=\"og:locale\" content=\"et_EE\" \/>\n<meta property=\"og:type\" content=\"article\" \/>\n<meta property=\"og:title\" content=\"Vene keele grammatika harjutused\" \/>\n<meta property=\"og:description\" content=\"Vene keele grammatika teemad Vene keele \u00f5ppimine v\u00f5ib olla uskumatult rahuldust pakkuv ja intellektuaalselt stimuleeriv kogemus. Vene keel ei ole mitte\" \/>\n<meta property=\"og:url\" content=\"https:\/\/talkpal.ai\/et\/vene-keele-grammatika-harjutused\/\" \/>\n<meta property=\"og:site_name\" content=\"Talkpal\" \/>\n<meta property=\"article:publisher\" content=\"https:\/\/www.facebook.com\/profile.php?id=100090733639311\" \/>\n<meta property=\"article:modified_time\" content=\"2025-12-17T16:24:48+00:00\" \/>\n<meta property=\"og:image\" content=\"https:\/\/talkpal.ai\/wp-content\/uploads\/2023\/04\/rusia.png\" \/>\n\t<meta property=\"og:image:width\" content=\"512\" \/>\n\t<meta property=\"og:image:height\" content=\"512\" \/>\n\t<meta property=\"og:image:type\" content=\"image\/png\" \/>\n<meta name=\"twitter:card\" content=\"summary_large_image\" \/>\n<meta name=\"twitter:site\" content=\"@talkpalai\" \/>\n<meta name=\"twitter:label1\" content=\"Est. reading time\" \/>\n\t<meta name=\"twitter:data1\" content=\"3 minutit\" \/>\n<script type=\"application\/ld+json\" class=\"yoast-schema-graph\">{\"@context\":\"https:\/\/schema.org\",\"@graph\":[{\"@type\":\"WebPage\",\"@id\":\"https:\/\/talkpal.ai\/et\/vene-keele-grammatika-harjutused\/\",\"url\":\"https:\/\/talkpal.ai\/et\/vene-keele-grammatika-harjutused\/\",\"name\":\"Vene keele grammatika harjutused - Talkpal\",\"isPartOf\":{\"@id\":\"https:\/\/talkpal.ai\/et\/#website\"},\"primaryImageOfPage\":{\"@id\":\"https:\/\/talkpal.ai\/et\/vene-keele-grammatika-harjutused\/#primaryimage\"},\"image\":{\"@id\":\"https:\/\/talkpal.ai\/et\/vene-keele-grammatika-harjutused\/#primaryimage\"},\"thumbnailUrl\":\"https:\/\/talkpal.ai\/wp-content\/uploads\/2023\/04\/rusia.png\",\"datePublished\":\"2023-06-16T10:58:35+00:00\",\"dateModified\":\"2025-12-17T16:24:48+00:00\",\"description\":\"Tutvu oluliste vene keele grammatika harjutustega, et tugevdada oma keeleoskust ja saavutada sujuv vene keele oskus.\",\"breadcrumb\":{\"@id\":\"https:\/\/talkpal.ai\/et\/vene-keele-grammatika-harjutused\/#breadcrumb\"},\"inLanguage\":\"et\",\"potentialAction\":[{\"@type\":\"ReadAction\",\"target\":[\"https:\/\/talkpal.ai\/et\/vene-keele-grammatika-harjutused\/\"]}]},{\"@type\":\"ImageObject\",\"inLanguage\":\"et\",\"@id\":\"https:\/\/talkpal.ai\/et\/vene-keele-grammatika-harjutused\/#primaryimage\",\"url\":\"https:\/\/talkpal.ai\/wp-content\/uploads\/2023\/04\/rusia.png\",\"contentUrl\":\"https:\/\/talkpal.ai\/wp-content\/uploads\/2023\/04\/rusia.png\",\"width\":512,\"height\":512},{\"@type\":\"BreadcrumbList\",\"@id\":\"https:\/\/talkpal.ai\/et\/vene-keele-grammatika-harjutused\/#breadcrumb\",\"itemListElement\":[{\"@type\":\"ListItem\",\"position\":1,\"name\":\"Homepage\",\"item\":\"https:\/\/talkpal.ai\/et\/\"},{\"@type\":\"ListItem\",\"position\":2,\"name\":\"Vene keele grammatika harjutused\"}]},{\"@type\":\"WebSite\",\"@id\":\"https:\/\/talkpal.ai\/et\/#website\",\"url\":\"https:\/\/talkpal.ai\/et\/\",\"name\":\"Talkpal\",\"description\":\"AI Language Learning\",\"publisher\":{\"@id\":\"https:\/\/talkpal.ai\/et\/#organization\"},\"alternateName\":\"Talkpal AI\",\"potentialAction\":[{\"@type\":\"SearchAction\",\"target\":{\"@type\":\"EntryPoint\",\"urlTemplate\":\"https:\/\/talkpal.ai\/et\/?s={search_term_string}\"},\"query-input\":{\"@type\":\"PropertyValueSpecification\",\"valueRequired\":true,\"valueName\":\"search_term_string\"}}],\"inLanguage\":\"et\"},{\"@type\":\"Organization\",\"@id\":\"https:\/\/talkpal.ai\/et\/#organization\",\"name\":\"Talkpal, Inc.\",\"alternateName\":\"Talkpal AI\",\"url\":\"https:\/\/talkpal.ai\/et\/\",\"logo\":{\"@type\":\"ImageObject\",\"inLanguage\":\"et\",\"@id\":\"https:\/\/talkpal.ai\/et\/#\/schema\/logo\/image\/\",\"url\":\"https:\/\/talkpal.ai\/wp-content\/uploads\/2024\/03\/Talkpal-Logo-Icon.png\",\"contentUrl\":\"https:\/\/talkpal.ai\/wp-content\/uploads\/2024\/03\/Talkpal-Logo-Icon.png\",\"width\":2880,\"height\":2880,\"caption\":\"Talkpal, Inc.\"},\"image\":{\"@id\":\"https:\/\/talkpal.ai\/et\/#\/schema\/logo\/image\/\"},\"sameAs\":[\"https:\/\/www.facebook.com\/profile.php?id=100090733639311\",\"https:\/\/x.com\/talkpalai\",\"https:\/\/www.linkedin.com\/company\/talkpal\/\",\"https:\/\/www.youtube.com\/@TalkPal\/\",\"https:\/\/www.tiktok.com\/@talkpal\",\"https:\/\/www.instagram.com\/talkpal_ai\/\",\"https:\/\/www.crunchbase.com\/organization\/talkpal-9cde\",\"https:\/\/www.g2.com\/products\/talkpal-for-business\/\",\"https:\/\/www.trustpilot.com\/review\/talkpal.ai\",\"https:\/\/www.capterra.com\/p\/10006800\/TalkPal\/\"],\"description\":\"Talkpal is a language learning web and mobile education app, powered by the latest AI technologies, that provides engaging experiences to its customers in many different languages to help them improve their language skills. Users can chat about unlimited amount of topics with the app and use other modes to practice their language learning.\",\"email\":\"support@talkpal.ai\",\"legalName\":\"Talkpal, Inc.\",\"foundingDate\":\"2023-04-03\",\"duns\":\"118989042\",\"numberOfEmployees\":{\"@type\":\"QuantitativeValue\",\"minValue\":\"11\",\"maxValue\":\"50\"},\"publishingPrinciples\":\"https:\/\/talkpal.ai\/publishing-principles\/\",\"actionableFeedbackPolicy\":\"https:\/\/talkpal.ai\/actionable-feedback-policy\/\",\"correctionsPolicy\":\"https:\/\/talkpal.ai\/corrections-policy\/\",\"ethicsPolicy\":\"https:\/\/talkpal.ai\/ethics-policy\/\",\"diversityPolicy\":\"https:\/\/talkpal.ai\/diversity-policy\/\",\"diversityStaffingReport\":\"https:\/\/talkpal.ai\/diversity-policy\/\"}]}<\/script>\n<!-- \/ Yoast SEO Premium plugin. -->","yoast_head_json":{"title":"Vene keele grammatika harjutused - Talkpal","description":"Tutvu oluliste vene keele grammatika harjutustega, et tugevdada oma keeleoskust ja saavutada sujuv vene keele oskus.","robots":{"index":"index","follow":"follow","max-snippet":"max-snippet:-1","max-image-preview":"max-image-preview:large","max-video-preview":"max-video-preview:-1"},"canonical":"https:\/\/talkpal.ai\/et\/vene-keele-grammatika-harjutused\/","og_locale":"et_EE","og_type":"article","og_title":"Vene keele grammatika harjutused","og_description":"Vene keele grammatika teemad Vene keele \u00f5ppimine v\u00f5ib olla uskumatult rahuldust pakkuv ja intellektuaalselt stimuleeriv kogemus. Vene keel ei ole mitte","og_url":"https:\/\/talkpal.ai\/et\/vene-keele-grammatika-harjutused\/","og_site_name":"Talkpal","article_publisher":"https:\/\/www.facebook.com\/profile.php?id=100090733639311","article_modified_time":"2025-12-17T16:24:48+00:00","og_image":[{"width":512,"height":512,"url":"https:\/\/talkpal.ai\/wp-content\/uploads\/2023\/04\/rusia.png","type":"image\/png"}],"twitter_card":"summary_large_image","twitter_site":"@talkpalai","twitter_misc":{"Est. reading time":"3 minutit"},"schema":{"@context":"https:\/\/schema.org","@graph":[{"@type":"WebPage","@id":"https:\/\/talkpal.ai\/et\/vene-keele-grammatika-harjutused\/","url":"https:\/\/talkpal.ai\/et\/vene-keele-grammatika-harjutused\/","name":"Vene keele grammatika harjutused - Talkpal","isPartOf":{"@id":"https:\/\/talkpal.ai\/et\/#website"},"primaryImageOfPage":{"@id":"https:\/\/talkpal.ai\/et\/vene-keele-grammatika-harjutused\/#primaryimage"},"image":{"@id":"https:\/\/talkpal.ai\/et\/vene-keele-grammatika-harjutused\/#primaryimage"},"thumbnailUrl":"https:\/\/talkpal.ai\/wp-content\/uploads\/2023\/04\/rusia.png","datePublished":"2023-06-16T10:58:35+00:00","dateModified":"2025-12-17T16:24:48+00:00","description":"Tutvu oluliste vene keele grammatika harjutustega, et tugevdada oma keeleoskust ja saavutada sujuv vene keele oskus.","breadcrumb":{"@id":"https:\/\/talkpal.ai\/et\/vene-keele-grammatika-harjutused\/#breadcrumb"},"inLanguage":"et","potentialAction":[{"@type":"ReadAction","target":["https:\/\/talkpal.ai\/et\/vene-keele-grammatika-harjutused\/"]}]},{"@type":"ImageObject","inLanguage":"et","@id":"https:\/\/talkpal.ai\/et\/vene-keele-grammatika-harjutused\/#primaryimage","url":"https:\/\/talkpal.ai\/wp-content\/uploads\/2023\/04\/rusia.png","contentUrl":"https:\/\/talkpal.ai\/wp-content\/uploads\/2023\/04\/rusia.png","width":512,"height":512},{"@type":"BreadcrumbList","@id":"https:\/\/talkpal.ai\/et\/vene-keele-grammatika-harjutused\/#breadcrumb","itemListElement":[{"@type":"ListItem","position":1,"name":"Homepage","item":"https:\/\/talkpal.ai\/et\/"},{"@type":"ListItem","position":2,"name":"Vene keele grammatika harjutused"}]},{"@type":"WebSite","@id":"https:\/\/talkpal.ai\/et\/#website","url":"https:\/\/talkpal.ai\/et\/","name":"Talkpal","description":"AI Language Learning","publisher":{"@id":"https:\/\/talkpal.ai\/et\/#organization"},"alternateName":"Talkpal AI","potentialAction":[{"@type":"SearchAction","target":{"@type":"EntryPoint","urlTemplate":"https:\/\/talkpal.ai\/et\/?s={search_term_string}"},"query-input":{"@type":"PropertyValueSpecification","valueRequired":true,"valueName":"search_term_string"}}],"inLanguage":"et"},{"@type":"Organization","@id":"https:\/\/talkpal.ai\/et\/#organization","name":"Talkpal, Inc.","alternateName":"Talkpal AI","url":"https:\/\/talkpal.ai\/et\/","logo":{"@type":"ImageObject","inLanguage":"et","@id":"https:\/\/talkpal.ai\/et\/#\/schema\/logo\/image\/","url":"https:\/\/talkpal.ai\/wp-content\/uploads\/2024\/03\/Talkpal-Logo-Icon.png","contentUrl":"https:\/\/talkpal.ai\/wp-content\/uploads\/2024\/03\/Talkpal-Logo-Icon.png","width":2880,"height":2880,"caption":"Talkpal, Inc."},"image":{"@id":"https:\/\/talkpal.ai\/et\/#\/schema\/logo\/image\/"},"sameAs":["https:\/\/www.facebook.com\/profile.php?id=100090733639311","https:\/\/x.com\/talkpalai","https:\/\/www.linkedin.com\/company\/talkpal\/","https:\/\/www.youtube.com\/@TalkPal\/","https:\/\/www.tiktok.com\/@talkpal","https:\/\/www.instagram.com\/talkpal_ai\/","https:\/\/www.crunchbase.com\/organization\/talkpal-9cde","https:\/\/www.g2.com\/products\/talkpal-for-business\/","https:\/\/www.trustpilot.com\/review\/talkpal.ai","https:\/\/www.capterra.com\/p\/10006800\/TalkPal\/"],"description":"Talkpal is a language learning web and mobile education app, powered by the latest AI technologies, that provides engaging experiences to its customers in many different languages to help them improve their language skills. Users can chat about unlimited amount of topics with the app and use other modes to practice their language learning.","email":"support@talkpal.ai","legalName":"Talkpal, Inc.","foundingDate":"2023-04-03","duns":"118989042","numberOfEmployees":{"@type":"QuantitativeValue","minValue":"11","maxValue":"50"},"publishingPrinciples":"https:\/\/talkpal.ai\/publishing-principles\/","actionableFeedbackPolicy":"https:\/\/talkpal.ai\/actionable-feedback-policy\/","correctionsPolicy":"https:\/\/talkpal.ai\/corrections-policy\/","ethicsPolicy":"https:\/\/talkpal.ai\/ethics-policy\/","diversityPolicy":"https:\/\/talkpal.ai\/diversity-policy\/","diversityStaffingReport":"https:\/\/talkpal.ai\/diversity-policy\/"}]}},"_links":{"self":[{"href":"https:\/\/talkpal.ai\/et\/wp-json\/wp\/v2\/pages\/166526","targetHints":{"allow":["GET"]}}],"collection":[{"href":"https:\/\/talkpal.ai\/et\/wp-json\/wp\/v2\/pages"}],"about":[{"href":"https:\/\/talkpal.ai\/et\/wp-json\/wp\/v2\/types\/page"}],"author":[{"embeddable":true,"href":"https:\/\/talkpal.ai\/et\/wp-json\/wp\/v2\/users\/6"}],"replies":[{"embeddable":true,"href":"https:\/\/talkpal.ai\/et\/wp-json\/wp\/v2\/comments?post=166526"}],"version-history":[{"count":0,"href":"https:\/\/talkpal.ai\/et\/wp-json\/wp\/v2\/pages\/166526\/revisions"}],"wp:featuredmedia":[{"embeddable":true,"href":"https:\/\/talkpal.ai\/et\/wp-json\/wp\/v2\/media\/108091"}],"wp:attachment":[{"href":"https:\/\/talkpal.ai\/et\/wp-json\/wp\/v2\/media?parent=166526"}],"curies":[{"name":"wp","href":"https:\/\/api.w.org\/{rel}","templated":true}]}}