{"id":165924,"date":"2023-06-16T11:38:32","date_gmt":"2023-06-16T11:38:32","guid":{"rendered":"http:\/\/talkpal.ai\/aserbaidzaani-grammatika-harjutused\/"},"modified":"2025-05-22T21:36:08","modified_gmt":"2025-05-22T21:36:08","slug":"aserbaidzaani-grammatika-harjutused","status":"publish","type":"page","link":"https:\/\/talkpal.ai\/et\/aserbaidzaani-grammatika-harjutused\/","title":{"rendered":"Aserbaid\u017eaani grammatika harjutused"},"content":{"rendered":"\r\n\r\n\r\n<section class=\"languageChallengeSection\">\r\n    <div class=\"languageInfoWrapper\">\r\n        \r\n        <h1>Aserbaid\u017eaani grammatika harjutused<\/h1>\r\n        <p>Kas soovite oma <a href=\"https:\/\/talkpal.ai\/learn-azerbaijani\/\">aserbaid\u017eaani<\/a> keele oskust parandada? Grammatikaharjutuste tegemine on ideaalne viis m\u00f5ista lauseehitust, verbil\u00f5pusid ja mustreid, mis muudavad keele ainulaadseks. Alusta aserbaid\u017eaani keele <a href=\"https:\/\/talkpal.ai\/greek-grammar\/\">grammatika<\/a> harjutamist juba t\u00e4na ja vaata, kuidas sinu enesekindlus ja keeleoskus kasvavad iga sammuga!<\/p>\r\n\r\n                            <a class=\"getStartedHidden\" href=\"https:\/\/app.talkpal.ai\/et\/signup?lng=\">Alusta<\/a>\r\n        \r\n    <\/div>\r\n\r\n    <figure>\r\n    <img decoding=\"async\" width=\"768\" height=\"768\" src=\"https:\/\/talkpal.ai\/wp-content\/uploads\/2023\/06\/azerbaijani-768x768.png\" class=\"languageImage no-lazy\" alt=\"Language learning for enhanced cognitive skills\" fetchpriority=\"high\" sizes=\"(max-width: 768px) 150px, 768px\" srcset=\"https:\/\/talkpal.ai\/wp-content\/uploads\/2023\/06\/azerbaijani-768x768.png 768w, https:\/\/talkpal.ai\/wp-content\/uploads\/2023\/06\/azerbaijani-300x300.png 300w\" \/>\r\n    \r\n\r\n    <\/figure>\r\n\r\n            <a class=\"getStartedVisible\" href=\"https:\/\/app.talkpal.ai\/et\/signup?lng=\">Alusta<\/a>\r\n    \r\n<\/section>\r\n\r\n\r\n<!-- <section class=\"grammarSection\">\r\n    <div class=\"grammarLinks\">\r\n            <\/div>\r\n<\/section> -->\r\n\r\n\r\n\r\n\r\n<section class=\"promotionalBanner\">\r\n    <p class=\"promotionalText\">K\u00f5ige t\u00f5husam viis keele \u00f5ppimiseks<\/p>\r\n    <a class=\"promotionalLink\" href=\"https:\/\/app.talkpal.ai\/et\/signup?lng=\">Proovige Talkpal tasuta<\/a>\r\n<\/section>\n<div class=\"wp-block-group pageContainerStyle\"><div class=\"wp-block-group__inner-container is-layout-constrained wp-block-group-is-layout-constrained\">\n<h2 class=\"wp-block-heading\" id=\"h-azerbaijani-grammar-topics\">Aserbaid\u017eaani grammatika teemad<\/h2>\n\n\n\n<p><a href=\"https:\/\/talkpal.ai\/et\/opi-aserbaidzaani-keel\/\">Aserbaid\u017eaani keel<\/a>, tuntud ka kui aseri, on <a href=\"https:\/\/talkpal.ai\/et\/opi-turgi-keel\/\">t\u00fcrgi keel<\/a>, mida r\u00e4\u00e4gitakse peamiselt Aserbaid\u017eaanis ja seda \u00fcmbritsevates piirkondades. See on Aserbaid\u017eaani Vabariigi ametlik keel ja sellel on m\u00e4rkimisv\u00e4\u00e4rsed k\u00f5nelejad Iraanis, T\u00fcrgis, Gruusias ja Venemaal. Aserbaid\u017eaani \u00f5ppijana on oluline m\u00f5ista keele p\u00f5hiaspekte, nagu selle grammatika, s\u00fcntaks ja s\u00f5navara. See juhend annab teile \u00fclevaate olulistest <a href=\"https:\/\/talkpal.ai\/azerbaijani-grammar\/\">aserbaid\u017eaani grammatika<\/a> teemadest, mis on koondatud loogilisse j\u00e4rjestusse, et aidata teil keelt t\u00f5husalt ja h\u00f5lpsalt \u00f5ppida.<\/p>\n\n\n\n<h3 class=\"wp-block-heading\" id=\"h-1-nouns-and-articles\">1. Nimis\u00f5nad ja artiklid:<\/h3>\n\n\n\n<p>Aserbaid\u017eaani keeles on nimis\u00f5nad lausete ehituskivid ja nende kasutamise m\u00f5istmine on \u00fclioluline. Nimis\u00f5nadel ei ole sugu ja ei ole m\u00e4\u00e4ramata artiklit. Kindel artikkel lisatakse aga nimis\u00f5nale sufiksina.<\/p>\n\n\n\n<h3 class=\"wp-block-heading\" id=\"h-2-adjectives\">2. Omaduss\u00f5nad:<\/h3>\n\n\n\n<p>Aserbaid\u017eaani omaduss\u00f5nu kasutatakse nimis\u00f5nade kirjeldamiseks. Nad esinevad alati enne p\u00f5his\u00f5na, mida nad modifitseerivad, ja ei muuda oma vormi vastavalt p\u00f5his\u00f5na soole v\u00f5i arvule.<\/p>\n\n\n\n<h3 class=\"wp-block-heading\" id=\"h-3-pronouns-determiners\">3. Ases\u00f5nad\/m\u00e4\u00e4rajad:<\/h3>\n\n\n\n<p>Pronoome kasutatakse substantiivide asendamiseks, samas kui determinante kasutatakse substantiivi koguse v\u00f5i m\u00e4\u00e4ratletuse t\u00e4psustamiseks. M\u00f5lemad on aserbaid\u017eaani lausete olulised komponendid.<\/p>\n\n\n\n<h3 class=\"wp-block-heading\" id=\"h-4-verbs\">4. Tegus\u00f5nad:<\/h3>\n\n\n\n<p>Aserbaid\u017eaani verbid on keele tegevuss\u00f5nad. Nad muudavad oma vormi s\u00f5ltuvalt pingest, meeleolust ja h\u00e4\u00e4lest. Verbi konjugatsiooni m\u00f5istmine on <a href=\"https:\/\/talkpal.ai\/azerbaijani-grammar\/\">aserbaid\u017eaani grammatika<\/a> omandamisel \u00fclioluline.<\/p>\n\n\n\n<h3 class=\"wp-block-heading\" id=\"h-5-tenses\">5. Ajavormid:<\/h3>\n\n\n\n<p>Aserbaid\u017eaani keeles on kuus ajavormi &#8211; olevik, minevik, tulevik, oleviku perfekt, mineviku perfekt ja tuleviku perfekt. Igal pingel on oma konjugatsioonireeglid ja seda kasutatakse tegevuste v\u00f5i olekute v\u00e4ljendamiseks erinevatel aegadel.<\/p>\n\n\n\n<h3 class=\"wp-block-heading\" id=\"h-6-tense-comparison\">6. Pingeline v\u00f5rdlus:<\/h3>\n\n\n\n<p>Aserbaid\u017eaani aegade v\u00f5rdlemine aitab teil m\u00f5ista aja ja tegude v\u00e4ljendamise erinevusi. See on t\u00f5husa suhtlemise jaoks \u00fclioluline oskus.<\/p>\n\n\n\n<h3 class=\"wp-block-heading\" id=\"h-7-progressive\">7. Progressiivne:<\/h3>\n\n\n\n<p>Aserbaid\u017eaani progressiivset aspekti kasutatakse k\u00e4imasolevate meetmete kirjeldamiseks. See moodustatakse abis\u00f5nade abil ja on oluline, et m\u00f5ista s\u00fcndmuste voogu lauses.<\/p>\n\n\n\n<h3 class=\"wp-block-heading\" id=\"h-8-perfect-progressive\">8. T\u00e4iuslik progressiivne:<\/h3>\n\n\n\n<p>T\u00e4iuslikke progressiivseid ajastusi kasutatakse selleks, et kirjeldada tegevusi, mis algasid minevikus ja j\u00e4tkuvad kuni t\u00e4nap\u00e4evani v\u00f5i tulevikuni. Need \u00fchendavad t\u00e4iuslikud ja progressiivsed aspektid ning on olulised keerukate tegevuste v\u00e4ljendamiseks.<\/p>\n\n\n\n<h3 class=\"wp-block-heading\" id=\"h-9-adverbs\">9. M\u00e4\u00e4rs\u00f5nad:<\/h3>\n\n\n\n<p>Aserbaid\u017eaani adverbe kasutatakse tegus\u00f5nade, omaduss\u00f5nade v\u00f5i muude m\u00e4\u00e4rs\u00f5nade muutmiseks. Need annavad lisateavet tegevuste v\u00f5i olekute kohta ning on olulised t\u00e4psemate ja kirjeldavamate lausete loomiseks.<\/p>\n\n\n\n<h3 class=\"wp-block-heading\" id=\"h-10-conditionals\">10. Tingimused:<\/h3>\n\n\n\n<p>Tingimusi kasutatakse h\u00fcpoteetiliste olukordade ja nende v\u00f5imalike tagaj\u00e4rgede v\u00e4ljendamiseks. Need on olulised ebakindluse v\u00e4ljendamiseks ja ennustuste tegemiseks Aserbaid\u017eaanis.<\/p>\n\n\n\n<h3 class=\"wp-block-heading\" id=\"h-11-prepositions\">11. Eess\u00f5nad:<\/h3>\n\n\n\n<p>Eess\u00f5nu kasutatakse nimis\u00f5nade v\u00f5i ases\u00f5nade ja teiste s\u00f5nade vaheliste seoste n\u00e4itamiseks lauses. Need on aserbaid\u017eaani ruumiliste, ajaliste ja loogiliste suhete v\u00e4ljendamiseks h\u00e4davajalikud.<\/p>\n\n\n\n<h3 class=\"wp-block-heading\" id=\"h-12-sentences\">12. Laused:<\/h3>\n\n\n\n<p>Aserbaid\u017eaani laused j\u00e4rgivad subjekti-objekti-verbi (SOV) s\u00f5nade j\u00e4rjekorda. Lausete struktuuri m\u00f5istmine on t\u00f5husa suhtlemise ja aserbaid\u017eaani keele valdamise jaoks \u00fclioluline.<\/p>\n<\/div><\/div>\n\r\n<section class=\"learnNavigationSection\">\r\n            \r\n        <a href=\"https:\/\/talkpal.ai\/et\/opi-aserbaidzaani-keel\/\">\r\n            <div class=\"learnNavigationWrapper\">\r\n                <div class=\"learnNavigationContent\">\r\n                    <img decoding=\"async\" src=\"https:\/\/talkpal.ai\/wp-content\/uploads\/2024\/08\/Azerbaijani.jpg\" alt=\"Azerbaijani Flag\">\r\n                    <div>\r\n                        <h4>Aserbaid\u017eaani \u00f5ppimise kohta<\/h4>\r\n                        <p>Uuri k\u00f5ike aserbaid\u017eaani grammatika kohta.<\/p>\r\n                    <\/div>\r\n                <\/div>\r\n            <\/div>\r\n        <\/a>\r\n\r\n        \r\n        <a href=\"https:\/\/talkpal.ai\/et\/aserbaidzaani-grammatika\/\">\r\n            <div class=\"learnNavigationWrapper\">\r\n                <div class=\"learnNavigationContent\">\r\n                    <img decoding=\"async\" src=\"https:\/\/talkpal.ai\/wp-content\/uploads\/2024\/08\/Azerbaijani.jpg\" alt=\"Azerbaijani Flag\">\r\n                    <div>\r\n                        <h4>Aserbaid\u017eaani grammatikatunnid<\/h4>\r\n                        <p>Harjutage aserbaid\u017eaani grammatikat.<\/p>\r\n                    <\/div>\r\n                <\/div>\r\n            <\/div>\r\n        <\/a>\r\n\r\n        \r\n        <a href=\"https:\/\/talkpal.ai\/vocabulary_language\/azerbaijani\/\">\r\n            <div class=\"learnNavigationWrapper\">\r\n                <div class=\"learnNavigationContent\">\r\n                    <img decoding=\"async\" src=\"https:\/\/talkpal.ai\/wp-content\/uploads\/2024\/08\/Azerbaijani.jpg\" alt=\"Azerbaijani Flag\">\r\n                    <div>\r\n                        <h4>Aserbaid\u017eaani s\u00f5navara<\/h4>\r\n                        <p>Laiendage oma aserbaid\u017eaani keele s\u00f5navara.<\/p>\r\n                    <\/div>\r\n                <\/div>\r\n            <\/div>\r\n        <\/a>\r\n\r\n            <\/section>","protected":false},"excerpt":{"rendered":"<p>Aserbaid\u017eaani grammatika teemad Aserbaid\u017eaani keel, tuntud ka kui aseri, on t\u00fcrgi keel, mida r\u00e4\u00e4gitakse peamiselt Aserbaid\u017eaanis ja seda \u00fcmbritsevates piirkondades. See on Aserbaid\u017eaani Vabariigi ametlik keel ja sellel on m\u00e4rkimisv\u00e4\u00e4rsed k\u00f5nelejad Iraanis, T\u00fcrgis, Gruusias ja Venemaal. Aserbaid\u017eaani \u00f5ppijana on oluline m\u00f5ista keele p\u00f5hiaspekte, nagu selle grammatika, s\u00fcntaks ja s\u00f5navara. See juhend annab teile \u00fclevaate olulistest [&hellip;]<\/p>\n","protected":false},"author":6,"featured_media":109438,"parent":0,"menu_order":0,"comment_status":"closed","ping_status":"closed","template":"LearningContentPage.php","meta":{"_acf_changed":false,"footnotes":""},"class_list":["post-165924","page","type-page","status-publish","has-post-thumbnail","hentry"],"acf":[],"yoast_head":"<!-- This site is optimized with the Yoast SEO Premium plugin v27.2 (Yoast SEO v27.2) - https:\/\/yoast.com\/product\/yoast-seo-premium-wordpress\/ -->\n<title>Aserbaid\u017eaani grammatika harjutused - Talkpal<\/title>\n<meta name=\"description\" content=\"Suurendage oma aserbaid\u017eaani keeleoskust interaktiivsete aserbaid\u017eaani keele grammatika harjutuste abil. Talkpal, teie tehisintellektip\u00f5hine keele\u00f5petaja.\" \/>\n<meta name=\"robots\" content=\"index, follow, max-snippet:-1, max-image-preview:large, max-video-preview:-1\" \/>\n<link rel=\"canonical\" href=\"https:\/\/talkpal.ai\/et\/aserbaidzaani-grammatika-harjutused\/\" \/>\n<meta property=\"og:locale\" content=\"et_EE\" \/>\n<meta property=\"og:type\" content=\"article\" \/>\n<meta property=\"og:title\" content=\"Aserbaid\u017eaani grammatika harjutused\" \/>\n<meta property=\"og:description\" content=\"Aserbaid\u017eaani grammatika teemad Aserbaid\u017eaani keel, tuntud ka kui aseri, on t\u00fcrgi keel, mida r\u00e4\u00e4gitakse peamiselt Aserbaid\u017eaanis ja seda \u00fcmbritsevates\" \/>\n<meta property=\"og:url\" content=\"https:\/\/talkpal.ai\/et\/aserbaidzaani-grammatika-harjutused\/\" \/>\n<meta property=\"og:site_name\" content=\"Talkpal\" \/>\n<meta property=\"article:publisher\" content=\"https:\/\/www.facebook.com\/profile.php?id=100090733639311\" \/>\n<meta property=\"article:modified_time\" content=\"2025-05-22T21:36:08+00:00\" \/>\n<meta property=\"og:image\" content=\"https:\/\/talkpal.ai\/wp-content\/uploads\/2023\/05\/azerbaijan.png\" \/>\n\t<meta property=\"og:image:width\" content=\"512\" \/>\n\t<meta property=\"og:image:height\" content=\"512\" \/>\n\t<meta property=\"og:image:type\" content=\"image\/png\" \/>\n<meta name=\"twitter:card\" content=\"summary_large_image\" \/>\n<meta name=\"twitter:site\" content=\"@talkpalai\" \/>\n<meta name=\"twitter:label1\" content=\"Est. reading time\" \/>\n\t<meta name=\"twitter:data1\" content=\"2 minutit\" \/>\n<script type=\"application\/ld+json\" class=\"yoast-schema-graph\">{\"@context\":\"https:\/\/schema.org\",\"@graph\":[{\"@type\":\"WebPage\",\"@id\":\"https:\/\/talkpal.ai\/et\/aserbaidzaani-grammatika-harjutused\/\",\"url\":\"https:\/\/talkpal.ai\/et\/aserbaidzaani-grammatika-harjutused\/\",\"name\":\"Aserbaid\u017eaani grammatika harjutused - Talkpal\",\"isPartOf\":{\"@id\":\"https:\/\/talkpal.ai\/et\/#website\"},\"primaryImageOfPage\":{\"@id\":\"https:\/\/talkpal.ai\/et\/aserbaidzaani-grammatika-harjutused\/#primaryimage\"},\"image\":{\"@id\":\"https:\/\/talkpal.ai\/et\/aserbaidzaani-grammatika-harjutused\/#primaryimage\"},\"thumbnailUrl\":\"https:\/\/talkpal.ai\/wp-content\/uploads\/2023\/05\/azerbaijan.png\",\"datePublished\":\"2023-06-16T11:38:32+00:00\",\"dateModified\":\"2025-05-22T21:36:08+00:00\",\"description\":\"Suurendage oma aserbaid\u017eaani keeleoskust interaktiivsete aserbaid\u017eaani keele grammatika harjutuste abil. Talkpal, teie tehisintellektip\u00f5hine keele\u00f5petaja.\",\"breadcrumb\":{\"@id\":\"https:\/\/talkpal.ai\/et\/aserbaidzaani-grammatika-harjutused\/#breadcrumb\"},\"inLanguage\":\"et\",\"potentialAction\":[{\"@type\":\"ReadAction\",\"target\":[\"https:\/\/talkpal.ai\/et\/aserbaidzaani-grammatika-harjutused\/\"]}]},{\"@type\":\"ImageObject\",\"inLanguage\":\"et\",\"@id\":\"https:\/\/talkpal.ai\/et\/aserbaidzaani-grammatika-harjutused\/#primaryimage\",\"url\":\"https:\/\/talkpal.ai\/wp-content\/uploads\/2023\/05\/azerbaijan.png\",\"contentUrl\":\"https:\/\/talkpal.ai\/wp-content\/uploads\/2023\/05\/azerbaijan.png\",\"width\":512,\"height\":512},{\"@type\":\"BreadcrumbList\",\"@id\":\"https:\/\/talkpal.ai\/et\/aserbaidzaani-grammatika-harjutused\/#breadcrumb\",\"itemListElement\":[{\"@type\":\"ListItem\",\"position\":1,\"name\":\"Homepage\",\"item\":\"https:\/\/talkpal.ai\/et\/\"},{\"@type\":\"ListItem\",\"position\":2,\"name\":\"Aserbaid\u017eaani grammatika harjutused\"}]},{\"@type\":\"WebSite\",\"@id\":\"https:\/\/talkpal.ai\/et\/#website\",\"url\":\"https:\/\/talkpal.ai\/et\/\",\"name\":\"Talkpal\",\"description\":\"AI Language Learning\",\"publisher\":{\"@id\":\"https:\/\/talkpal.ai\/et\/#organization\"},\"alternateName\":\"Talkpal AI\",\"potentialAction\":[{\"@type\":\"SearchAction\",\"target\":{\"@type\":\"EntryPoint\",\"urlTemplate\":\"https:\/\/talkpal.ai\/et\/?s={search_term_string}\"},\"query-input\":{\"@type\":\"PropertyValueSpecification\",\"valueRequired\":true,\"valueName\":\"search_term_string\"}}],\"inLanguage\":\"et\"},{\"@type\":\"Organization\",\"@id\":\"https:\/\/talkpal.ai\/et\/#organization\",\"name\":\"Talkpal, Inc.\",\"alternateName\":\"Talkpal AI\",\"url\":\"https:\/\/talkpal.ai\/et\/\",\"logo\":{\"@type\":\"ImageObject\",\"inLanguage\":\"et\",\"@id\":\"https:\/\/talkpal.ai\/et\/#\/schema\/logo\/image\/\",\"url\":\"https:\/\/talkpal.ai\/wp-content\/uploads\/2024\/03\/Talkpal-Logo-Icon.png\",\"contentUrl\":\"https:\/\/talkpal.ai\/wp-content\/uploads\/2024\/03\/Talkpal-Logo-Icon.png\",\"width\":2880,\"height\":2880,\"caption\":\"Talkpal, Inc.\"},\"image\":{\"@id\":\"https:\/\/talkpal.ai\/et\/#\/schema\/logo\/image\/\"},\"sameAs\":[\"https:\/\/www.facebook.com\/profile.php?id=100090733639311\",\"https:\/\/x.com\/talkpalai\",\"https:\/\/www.linkedin.com\/company\/talkpal\/\",\"https:\/\/www.youtube.com\/@TalkPal\/\",\"https:\/\/www.tiktok.com\/@talkpal\",\"https:\/\/www.instagram.com\/talkpal_ai\/\",\"https:\/\/www.crunchbase.com\/organization\/talkpal-9cde\",\"https:\/\/www.g2.com\/products\/talkpal-for-business\/\",\"https:\/\/www.trustpilot.com\/review\/talkpal.ai\",\"https:\/\/www.capterra.com\/p\/10006800\/TalkPal\/\"],\"description\":\"Talkpal is a language learning web and mobile education app, powered by the latest AI technologies, that provides engaging experiences to its customers in many different languages to help them improve their language skills. Users can chat about unlimited amount of topics with the app and use other modes to practice their language learning.\",\"email\":\"support@talkpal.ai\",\"legalName\":\"Talkpal, Inc.\",\"foundingDate\":\"2023-04-03\",\"duns\":\"118989042\",\"numberOfEmployees\":{\"@type\":\"QuantitativeValue\",\"minValue\":\"11\",\"maxValue\":\"50\"},\"publishingPrinciples\":\"https:\/\/talkpal.ai\/publishing-principles\/\",\"actionableFeedbackPolicy\":\"https:\/\/talkpal.ai\/actionable-feedback-policy\/\",\"correctionsPolicy\":\"https:\/\/talkpal.ai\/corrections-policy\/\",\"ethicsPolicy\":\"https:\/\/talkpal.ai\/ethics-policy\/\",\"diversityPolicy\":\"https:\/\/talkpal.ai\/diversity-policy\/\",\"diversityStaffingReport\":\"https:\/\/talkpal.ai\/diversity-policy\/\"}]}<\/script>\n<!-- \/ Yoast SEO Premium plugin. -->","yoast_head_json":{"title":"Aserbaid\u017eaani grammatika harjutused - Talkpal","description":"Suurendage oma aserbaid\u017eaani keeleoskust interaktiivsete aserbaid\u017eaani keele grammatika harjutuste abil. Talkpal, teie tehisintellektip\u00f5hine keele\u00f5petaja.","robots":{"index":"index","follow":"follow","max-snippet":"max-snippet:-1","max-image-preview":"max-image-preview:large","max-video-preview":"max-video-preview:-1"},"canonical":"https:\/\/talkpal.ai\/et\/aserbaidzaani-grammatika-harjutused\/","og_locale":"et_EE","og_type":"article","og_title":"Aserbaid\u017eaani grammatika harjutused","og_description":"Aserbaid\u017eaani grammatika teemad Aserbaid\u017eaani keel, tuntud ka kui aseri, on t\u00fcrgi keel, mida r\u00e4\u00e4gitakse peamiselt Aserbaid\u017eaanis ja seda \u00fcmbritsevates","og_url":"https:\/\/talkpal.ai\/et\/aserbaidzaani-grammatika-harjutused\/","og_site_name":"Talkpal","article_publisher":"https:\/\/www.facebook.com\/profile.php?id=100090733639311","article_modified_time":"2025-05-22T21:36:08+00:00","og_image":[{"width":512,"height":512,"url":"https:\/\/talkpal.ai\/wp-content\/uploads\/2023\/05\/azerbaijan.png","type":"image\/png"}],"twitter_card":"summary_large_image","twitter_site":"@talkpalai","twitter_misc":{"Est. reading time":"2 minutit"},"schema":{"@context":"https:\/\/schema.org","@graph":[{"@type":"WebPage","@id":"https:\/\/talkpal.ai\/et\/aserbaidzaani-grammatika-harjutused\/","url":"https:\/\/talkpal.ai\/et\/aserbaidzaani-grammatika-harjutused\/","name":"Aserbaid\u017eaani grammatika harjutused - Talkpal","isPartOf":{"@id":"https:\/\/talkpal.ai\/et\/#website"},"primaryImageOfPage":{"@id":"https:\/\/talkpal.ai\/et\/aserbaidzaani-grammatika-harjutused\/#primaryimage"},"image":{"@id":"https:\/\/talkpal.ai\/et\/aserbaidzaani-grammatika-harjutused\/#primaryimage"},"thumbnailUrl":"https:\/\/talkpal.ai\/wp-content\/uploads\/2023\/05\/azerbaijan.png","datePublished":"2023-06-16T11:38:32+00:00","dateModified":"2025-05-22T21:36:08+00:00","description":"Suurendage oma aserbaid\u017eaani keeleoskust interaktiivsete aserbaid\u017eaani keele grammatika harjutuste abil. Talkpal, teie tehisintellektip\u00f5hine keele\u00f5petaja.","breadcrumb":{"@id":"https:\/\/talkpal.ai\/et\/aserbaidzaani-grammatika-harjutused\/#breadcrumb"},"inLanguage":"et","potentialAction":[{"@type":"ReadAction","target":["https:\/\/talkpal.ai\/et\/aserbaidzaani-grammatika-harjutused\/"]}]},{"@type":"ImageObject","inLanguage":"et","@id":"https:\/\/talkpal.ai\/et\/aserbaidzaani-grammatika-harjutused\/#primaryimage","url":"https:\/\/talkpal.ai\/wp-content\/uploads\/2023\/05\/azerbaijan.png","contentUrl":"https:\/\/talkpal.ai\/wp-content\/uploads\/2023\/05\/azerbaijan.png","width":512,"height":512},{"@type":"BreadcrumbList","@id":"https:\/\/talkpal.ai\/et\/aserbaidzaani-grammatika-harjutused\/#breadcrumb","itemListElement":[{"@type":"ListItem","position":1,"name":"Homepage","item":"https:\/\/talkpal.ai\/et\/"},{"@type":"ListItem","position":2,"name":"Aserbaid\u017eaani grammatika harjutused"}]},{"@type":"WebSite","@id":"https:\/\/talkpal.ai\/et\/#website","url":"https:\/\/talkpal.ai\/et\/","name":"Talkpal","description":"AI Language Learning","publisher":{"@id":"https:\/\/talkpal.ai\/et\/#organization"},"alternateName":"Talkpal AI","potentialAction":[{"@type":"SearchAction","target":{"@type":"EntryPoint","urlTemplate":"https:\/\/talkpal.ai\/et\/?s={search_term_string}"},"query-input":{"@type":"PropertyValueSpecification","valueRequired":true,"valueName":"search_term_string"}}],"inLanguage":"et"},{"@type":"Organization","@id":"https:\/\/talkpal.ai\/et\/#organization","name":"Talkpal, Inc.","alternateName":"Talkpal AI","url":"https:\/\/talkpal.ai\/et\/","logo":{"@type":"ImageObject","inLanguage":"et","@id":"https:\/\/talkpal.ai\/et\/#\/schema\/logo\/image\/","url":"https:\/\/talkpal.ai\/wp-content\/uploads\/2024\/03\/Talkpal-Logo-Icon.png","contentUrl":"https:\/\/talkpal.ai\/wp-content\/uploads\/2024\/03\/Talkpal-Logo-Icon.png","width":2880,"height":2880,"caption":"Talkpal, Inc."},"image":{"@id":"https:\/\/talkpal.ai\/et\/#\/schema\/logo\/image\/"},"sameAs":["https:\/\/www.facebook.com\/profile.php?id=100090733639311","https:\/\/x.com\/talkpalai","https:\/\/www.linkedin.com\/company\/talkpal\/","https:\/\/www.youtube.com\/@TalkPal\/","https:\/\/www.tiktok.com\/@talkpal","https:\/\/www.instagram.com\/talkpal_ai\/","https:\/\/www.crunchbase.com\/organization\/talkpal-9cde","https:\/\/www.g2.com\/products\/talkpal-for-business\/","https:\/\/www.trustpilot.com\/review\/talkpal.ai","https:\/\/www.capterra.com\/p\/10006800\/TalkPal\/"],"description":"Talkpal is a language learning web and mobile education app, powered by the latest AI technologies, that provides engaging experiences to its customers in many different languages to help them improve their language skills. Users can chat about unlimited amount of topics with the app and use other modes to practice their language learning.","email":"support@talkpal.ai","legalName":"Talkpal, Inc.","foundingDate":"2023-04-03","duns":"118989042","numberOfEmployees":{"@type":"QuantitativeValue","minValue":"11","maxValue":"50"},"publishingPrinciples":"https:\/\/talkpal.ai\/publishing-principles\/","actionableFeedbackPolicy":"https:\/\/talkpal.ai\/actionable-feedback-policy\/","correctionsPolicy":"https:\/\/talkpal.ai\/corrections-policy\/","ethicsPolicy":"https:\/\/talkpal.ai\/ethics-policy\/","diversityPolicy":"https:\/\/talkpal.ai\/diversity-policy\/","diversityStaffingReport":"https:\/\/talkpal.ai\/diversity-policy\/"}]}},"_links":{"self":[{"href":"https:\/\/talkpal.ai\/et\/wp-json\/wp\/v2\/pages\/165924","targetHints":{"allow":["GET"]}}],"collection":[{"href":"https:\/\/talkpal.ai\/et\/wp-json\/wp\/v2\/pages"}],"about":[{"href":"https:\/\/talkpal.ai\/et\/wp-json\/wp\/v2\/types\/page"}],"author":[{"embeddable":true,"href":"https:\/\/talkpal.ai\/et\/wp-json\/wp\/v2\/users\/6"}],"replies":[{"embeddable":true,"href":"https:\/\/talkpal.ai\/et\/wp-json\/wp\/v2\/comments?post=165924"}],"version-history":[{"count":0,"href":"https:\/\/talkpal.ai\/et\/wp-json\/wp\/v2\/pages\/165924\/revisions"}],"wp:featuredmedia":[{"embeddable":true,"href":"https:\/\/talkpal.ai\/et\/wp-json\/wp\/v2\/media\/109438"}],"wp:attachment":[{"href":"https:\/\/talkpal.ai\/et\/wp-json\/wp\/v2\/media?parent=165924"}],"curies":[{"name":"wp","href":"https:\/\/api.w.org\/{rel}","templated":true}]}}