{"id":165601,"date":"2023-06-16T11:55:18","date_gmt":"2023-06-16T11:55:18","guid":{"rendered":"http:\/\/talkpal.ai\/valgevene-keele-grammatikaharjutused\/"},"modified":"2025-05-23T11:31:44","modified_gmt":"2025-05-23T11:31:44","slug":"valgevene-keele-grammatikaharjutused","status":"publish","type":"page","link":"https:\/\/talkpal.ai\/et\/valgevene-keele-grammatikaharjutused\/","title":{"rendered":"Valgevene keele grammatikaharjutused"},"content":{"rendered":"\r\n\r\n\r\n<section class=\"languageChallengeSection\">\r\n    <div class=\"languageInfoWrapper\">\r\n        \r\n        <h1>Valgevene keele grammatikaharjutused<\/h1>\r\n        <p>Soovite parandada oma <a href=\"https:\/\/talkpal.ai\/learn-belarusian\/\">valgevene<\/a> keeleoskust? Grammatikaharjutuste tegemine on suurep\u00e4rane v\u00f5imalus omandada lauseehitust, verbivorme ja <a href=\"https:\/\/talkpal.ai\/learn-belarusian\/\">valgevene<\/a> keele erip\u00e4ra. Alustage valgevene keele <a href=\"https:\/\/talkpal.ai\/greek-grammar\/\">grammatika<\/a> uurimist juba t\u00e4na ja vaadake, kuidas teie arusaamine ja keeleoskus kasvab iga harjutusega!<\/p>\r\n\r\n                            <a class=\"getStartedHidden\" href=\"https:\/\/app.talkpal.ai\/et\/signup?lng=\">Alusta<\/a>\r\n        \r\n    <\/div>\r\n\r\n    <figure>\r\n    <img decoding=\"async\" width=\"768\" height=\"768\" src=\"https:\/\/talkpal.ai\/wp-content\/uploads\/2023\/06\/belarusian-768x768.png\" class=\"languageImage no-lazy\" alt=\"Language learning for academic excellence\" fetchpriority=\"high\" sizes=\"(max-width: 768px) 150px, 768px\" srcset=\"https:\/\/talkpal.ai\/wp-content\/uploads\/2023\/06\/belarusian-768x768.png 768w, https:\/\/talkpal.ai\/wp-content\/uploads\/2023\/06\/belarusian-300x300.png 300w\" \/>\r\n    \r\n\r\n    <\/figure>\r\n\r\n            <a class=\"getStartedVisible\" href=\"https:\/\/app.talkpal.ai\/et\/signup?lng=\">Alusta<\/a>\r\n    \r\n<\/section>\r\n\r\n\r\n<!-- <section class=\"grammarSection\">\r\n    <div class=\"grammarLinks\">\r\n            <\/div>\r\n<\/section> -->\r\n\r\n\r\n\r\n\r\n<section class=\"promotionalBanner\">\r\n    <p class=\"promotionalText\">K\u00f5ige t\u00f5husam viis keele \u00f5ppimiseks<\/p>\r\n    <a class=\"promotionalLink\" href=\"https:\/\/app.talkpal.ai\/et\/signup?lng=\">Proovige Talkpal tasuta<\/a>\r\n<\/section>\n<div class=\"wp-block-group pageContainerStyle\"><div class=\"wp-block-group__inner-container is-layout-constrained wp-block-group-is-layout-constrained\">\n<h2 class=\"wp-block-heading\" id=\"h-belarusian-grammar-topics\">Valgevene grammatika teemad<\/h2>\n\n\n\n<p><a href=\"https:\/\/talkpal.ai\/et\/opi-valgevene-keel\/\">Valgevene keel<\/a> on idaslaavi keel, mida Valgevenes r\u00e4\u00e4gib peamiselt umbes 70% elanikkonnast. Slaavi keelena jagab see sarnasusi <a href=\"https:\/\/talkpal.ai\/learn-russian\/\">vene<\/a> ja <a href=\"https:\/\/talkpal.ai\/learn-ukrainian\/\">ukraina<\/a> keelega, mis muudab nende keelte k\u00f5nelejate jaoks valgevene keele \u00f5ppimise lihtsamaks. Sellel on aga oma ainulaadsed omadused ja grammatika <a href=\"https:\/\/talkpal.ai\/et\/oppimine\/\">\u00f5ppimine<\/a> v\u00f5ib olla keelehuvilistele rahuldust pakkuv kogemus. Selles artiklis uurime olulisi Valgevene grammatika teemasid j\u00e4rjestuses, mis aitab teil keelt t\u00f5husamalt \u00f5ppida.<\/p>\n\n\n\n<h3 class=\"wp-block-heading\" id=\"h-1-nouns\">1. Nimis\u00f5nad:<\/h3>\n\n\n\n<p>Alustage Valgevene nimis\u00f5nade \u00f5ppimisega, mis v\u00f5ivad olla mehelikud, naiselikud v\u00f5i kastreeritud. Neil on kuus k\u00e4\u00e4ndes\u00f5na: nominatiiv, akusatiiv, genitiiv, datiiv, instrumentaal ja prepositsioon, mis m\u00e4\u00e4ravad substantiivi funktsiooni lauses. P\u00f6\u00f6rake t\u00e4helepanu nimis\u00f5nade l\u00f5ppudele ja deklareerimismustritele, sest need aitavad teil m\u00f5ista, kuidas nimis\u00f5nad erinevatel juhtudel muutuvad.<\/p>\n\n\n\n<h3 class=\"wp-block-heading\" id=\"h-2-articles\">2. Artiklid:<\/h3>\n\n\n\n<p>Erinevalt <a href=\"https:\/\/talkpal.ai\/learn-english\/\">inglise<\/a> keelest ei ole valgevene keeles artikleid. Seet\u00f5ttu saate keskenduda keele teiste aspektide \u00f5ppimisele, muretsemata selle teema p\u00e4rast.<\/p>\n\n\n\n<h3 class=\"wp-block-heading\" id=\"h-3-pronouns-determiners\">3. Ases\u00f5nad\/m\u00e4\u00e4rajad:<\/h3>\n\n\n\n<p>Seej\u00e4rel \u00f5ppige ases\u00f5nu ja m\u00e4\u00e4rajaid, mis toimivad sarnaselt nende ingliskeelsete ekvivalentidega. Need asendavad nimis\u00f5nad ja edastavad teavet valduse, koguse v\u00f5i identiteedi kohta. Valgevene keeles on isiklikud, omastavad, demonstratiivsed, \u00fclekuulatavad ja suhtelised ases\u00f5nad ning peate nende vormid ja kasutuse meelde j\u00e4tma.<\/p>\n\n\n\n<h3 class=\"wp-block-heading\" id=\"h-4-adjectives\">4. Omaduss\u00f5nad:<\/h3>\n\n\n\n<p>Omaduss\u00f5nad valgevene keeles n\u00f5ustuvad nimis\u00f5naga, mida nad muudavad soo, arvu ja juhtumi osas. \u00d5ppige omaduss\u00f5nade l\u00f5ppu ja seda, kuidas moodustada v\u00f5rdlevaid ja \u00fcliv\u00f5rdeid, et v\u00e4ljendada erinevaid v\u00f5rdlustasemeid.<\/p>\n\n\n\n<h3 class=\"wp-block-heading\" id=\"h-5-verbs\">5. Tegus\u00f5nad:<\/h3>\n\n\n\n<p>Verbid on valgevene keeles \u00fcliolulised, kuna need edastavad tegevusi, riike ja s\u00fcndmusi. Lugege verbi konjugatsiooni kohta, mis koosneb kahest r\u00fchmast: esimene konjugatsioon (enamasti mehelikud verbid) ja teine konjugatsioon (enamasti naiselikud verbid). Samuti uurige imperatiivseid ja subjunktiivseid meeleolusid ning nende kujundamist.<\/p>\n\n\n\n<h3 class=\"wp-block-heading\" id=\"h-6-tenses\">6. Ajavormid:<\/h3>\n\n\n\n<p>Valgevene keelel on kolm peamist ajastust: minevik, olevik ja tulevik. Siit saate teada, kuidas neid ajastusi kujundada ja kasutada, et r\u00e4\u00e4kida s\u00fcndmustest ja tegevustest erinevatel aegadel.<\/p>\n\n\n\n<h3 class=\"wp-block-heading\" id=\"h-7-tense-comparison\">7. Pingeline v\u00f5rdlus:<\/h3>\n\n\n\n<p>Valgevenekeelsete aegade v\u00f5rdlemine on oluline, et m\u00f5ista mineviku, oleviku ja tuleviku s\u00fcndmuste vahelisi seoseid. Uurige ajastuste j\u00e4rjestust ja seda, kuidas neid keerulistes lausetes kasutada.<\/p>\n\n\n\n<h3 class=\"wp-block-heading\" id=\"h-8-progressive\">8. Progressiivne:<\/h3>\n\n\n\n<p>Valgevene kasutab progressiivset vormi k\u00e4imasolevate tegevuste v\u00e4ljendamiseks. Siit saate teada, kuidas seda aspekti sobivate verbide konjugatsiooni ja abis\u00f5nadega kujundada.<\/p>\n\n\n\n<h3 class=\"wp-block-heading\" id=\"h-9-perfect-progressive\">9. T\u00e4iuslik progressiivne:<\/h3>\n\n\n\n<p>Valgevene t\u00e4iuslik progressiivne aspekt \u00fchendab l\u00f5petamise ja kestuse m\u00f5isted. Siit saate teada, kuidas seda aspekti moodustada abis\u00f5nade ja \u00f5igete verbivormide abil.<\/p>\n\n\n\n<h3 class=\"wp-block-heading\" id=\"h-10-adverbs\">10. M\u00e4\u00e4rs\u00f5nad:<\/h3>\n\n\n\n<p>Adverbid muudavad tegus\u00f5nu, omaduss\u00f5nu ja muid m\u00e4\u00e4rs\u00f5nu, lisades lausele rohkem teavet. \u00d5pi erinevaid adverbide t\u00fc\u00fcpe valgevene keeles, nende moodustumist ja paigutamist lausesse.<\/p>\n\n\n\n<h3 class=\"wp-block-heading\" id=\"h-11-prepositions\">11. Eess\u00f5nad:<\/h3>\n\n\n\n<p>Eess\u00f5nad on olulised s\u00f5nade vaheliste suhete v\u00e4ljendamiseks lauses. Lugege k\u00f5ige tavalisemaid Valgevene eess\u00f5nu, nende juhtumeid ja seda, kuidas neid nimis\u00f5nade ja ases\u00f5nadega kasutada.<\/p>\n\n\n\n<h3 class=\"wp-block-heading\" id=\"h-12-conditionals\">12. Tingimused:<\/h3>\n\n\n\n<p>Tingimused v\u00e4ljendavad h\u00fcpoteetilisi olukordi ja nende tagaj\u00e4rgi. Uurige kolme t\u00fc\u00fcpi tingimusi valgevene keeles: reaalne, ebareaalne ja segatud ning nende vastavad verbivormid.<\/p>\n\n\n\n<h3 class=\"wp-block-heading\" id=\"h-13-sentences\">13. Laused:<\/h3>\n\n\n\n<p>L\u00f5puks \u00f5ppige tundma Valgevene lausestruktuure, sealhulgas lihtsaid, liit- ja keerukaid lauseid. Harjutage erinevate grammatikaelementide kombineerimist, et luua lauseid ja parandada oma \u00fcldist keeleoskust.<\/p>\n<\/div><\/div>\n\r\n<section class=\"learnNavigationSection\">\r\n            \r\n        <a href=\"https:\/\/talkpal.ai\/et\/opi-valgevene-keel\/\">\r\n            <div class=\"learnNavigationWrapper\">\r\n                <div class=\"learnNavigationContent\">\r\n                    <img decoding=\"async\" src=\"https:\/\/talkpal.ai\/wp-content\/uploads\/2024\/08\/Belarusian.jpg\" alt=\"Belarusian Flag\">\r\n                    <div>\r\n                        <h4>Valgevene \u00f5ppimise kohta<\/h4>\r\n                        <p>Uuri k\u00f5ike valgevene keele grammatika kohta.<\/p>\r\n                    <\/div>\r\n                <\/div>\r\n            <\/div>\r\n        <\/a>\r\n\r\n        \r\n        <a href=\"https:\/\/talkpal.ai\/et\/valgevene-grammatika\/\">\r\n            <div class=\"learnNavigationWrapper\">\r\n                <div class=\"learnNavigationContent\">\r\n                    <img decoding=\"async\" src=\"https:\/\/talkpal.ai\/wp-content\/uploads\/2024\/08\/Belarusian.jpg\" alt=\"Belarusian Flag\">\r\n                    <div>\r\n                        <h4>Valgevene grammatika \u00f5ppetunnid<\/h4>\r\n                        <p>Harjutage valgevene grammatikat.<\/p>\r\n                    <\/div>\r\n                <\/div>\r\n            <\/div>\r\n        <\/a>\r\n\r\n        \r\n        <a href=\"https:\/\/talkpal.ai\/vocabulary_language\/belarusian\/\">\r\n            <div class=\"learnNavigationWrapper\">\r\n                <div class=\"learnNavigationContent\">\r\n                    <img decoding=\"async\" src=\"https:\/\/talkpal.ai\/wp-content\/uploads\/2024\/08\/Belarusian.jpg\" alt=\"Belarusian Flag\">\r\n                    <div>\r\n                        <h4>Valgevene keele s\u00f5navara<\/h4>\r\n                        <p>Laiendage oma valgevene keele s\u00f5navara.<\/p>\r\n                    <\/div>\r\n                <\/div>\r\n            <\/div>\r\n        <\/a>\r\n\r\n            <\/section>","protected":false},"excerpt":{"rendered":"<p>Valgevene grammatika teemad Valgevene keel on idaslaavi keel, mida Valgevenes r\u00e4\u00e4gib peamiselt umbes 70% elanikkonnast. Slaavi keelena jagab see sarnasusi vene ja ukraina keelega, mis muudab nende keelte k\u00f5nelejate jaoks valgevene keele \u00f5ppimise lihtsamaks. Sellel on aga oma ainulaadsed omadused ja grammatika \u00f5ppimine v\u00f5ib olla keelehuvilistele rahuldust pakkuv kogemus. Selles artiklis uurime olulisi Valgevene grammatika [&hellip;]<\/p>\n","protected":false},"author":6,"featured_media":110635,"parent":0,"menu_order":0,"comment_status":"closed","ping_status":"closed","template":"LearningContentPage.php","meta":{"_acf_changed":false,"footnotes":""},"class_list":["post-165601","page","type-page","status-publish","has-post-thumbnail","hentry"],"acf":[],"yoast_head":"<!-- This site is optimized with the Yoast SEO Premium plugin v27.2 (Yoast SEO v27.2) - https:\/\/yoast.com\/product\/yoast-seo-premium-wordpress\/ -->\n<title>Valgevene keele grammatikaharjutused - Talkpal<\/title>\n<meta name=\"description\" content=\"Tugevdage oma valgevene keele oskust interaktiivsete valgevene keele grammatika harjutustega, mis on p\u00e4rit Talkpal, teie tehisintellektip\u00f5hine keele\u00f5petaja.\" \/>\n<meta name=\"robots\" content=\"index, follow, max-snippet:-1, max-image-preview:large, max-video-preview:-1\" \/>\n<link rel=\"canonical\" href=\"https:\/\/talkpal.ai\/et\/valgevene-keele-grammatikaharjutused\/\" \/>\n<meta property=\"og:locale\" content=\"et_EE\" \/>\n<meta property=\"og:type\" content=\"article\" \/>\n<meta property=\"og:title\" content=\"Valgevene keele grammatikaharjutused\" \/>\n<meta property=\"og:description\" content=\"Valgevene grammatika teemad Valgevene keel on idaslaavi keel, mida Valgevenes r\u00e4\u00e4gib peamiselt umbes 70% elanikkonnast. Slaavi keelena jagab see sarnasusi\" \/>\n<meta property=\"og:url\" content=\"https:\/\/talkpal.ai\/et\/valgevene-keele-grammatikaharjutused\/\" \/>\n<meta property=\"og:site_name\" content=\"Talkpal\" \/>\n<meta property=\"article:publisher\" content=\"https:\/\/www.facebook.com\/profile.php?id=100090733639311\" \/>\n<meta property=\"article:modified_time\" content=\"2025-05-23T11:31:44+00:00\" \/>\n<meta property=\"og:image\" content=\"https:\/\/talkpal.ai\/wp-content\/uploads\/2023\/05\/belarus.png\" \/>\n\t<meta property=\"og:image:width\" content=\"512\" \/>\n\t<meta property=\"og:image:height\" content=\"512\" \/>\n\t<meta property=\"og:image:type\" content=\"image\/png\" \/>\n<meta name=\"twitter:card\" content=\"summary_large_image\" \/>\n<meta name=\"twitter:site\" content=\"@talkpalai\" \/>\n<meta name=\"twitter:label1\" content=\"Est. reading time\" \/>\n\t<meta name=\"twitter:data1\" content=\"3 minutit\" \/>\n<script type=\"application\/ld+json\" class=\"yoast-schema-graph\">{\"@context\":\"https:\/\/schema.org\",\"@graph\":[{\"@type\":\"WebPage\",\"@id\":\"https:\/\/talkpal.ai\/et\/valgevene-keele-grammatikaharjutused\/\",\"url\":\"https:\/\/talkpal.ai\/et\/valgevene-keele-grammatikaharjutused\/\",\"name\":\"Valgevene keele grammatikaharjutused - Talkpal\",\"isPartOf\":{\"@id\":\"https:\/\/talkpal.ai\/et\/#website\"},\"primaryImageOfPage\":{\"@id\":\"https:\/\/talkpal.ai\/et\/valgevene-keele-grammatikaharjutused\/#primaryimage\"},\"image\":{\"@id\":\"https:\/\/talkpal.ai\/et\/valgevene-keele-grammatikaharjutused\/#primaryimage\"},\"thumbnailUrl\":\"https:\/\/talkpal.ai\/wp-content\/uploads\/2023\/05\/belarus.png\",\"datePublished\":\"2023-06-16T11:55:18+00:00\",\"dateModified\":\"2025-05-23T11:31:44+00:00\",\"description\":\"Tugevdage oma valgevene keele oskust interaktiivsete valgevene keele grammatika harjutustega, mis on p\u00e4rit Talkpal, teie tehisintellektip\u00f5hine keele\u00f5petaja.\",\"breadcrumb\":{\"@id\":\"https:\/\/talkpal.ai\/et\/valgevene-keele-grammatikaharjutused\/#breadcrumb\"},\"inLanguage\":\"et\",\"potentialAction\":[{\"@type\":\"ReadAction\",\"target\":[\"https:\/\/talkpal.ai\/et\/valgevene-keele-grammatikaharjutused\/\"]}]},{\"@type\":\"ImageObject\",\"inLanguage\":\"et\",\"@id\":\"https:\/\/talkpal.ai\/et\/valgevene-keele-grammatikaharjutused\/#primaryimage\",\"url\":\"https:\/\/talkpal.ai\/wp-content\/uploads\/2023\/05\/belarus.png\",\"contentUrl\":\"https:\/\/talkpal.ai\/wp-content\/uploads\/2023\/05\/belarus.png\",\"width\":512,\"height\":512},{\"@type\":\"BreadcrumbList\",\"@id\":\"https:\/\/talkpal.ai\/et\/valgevene-keele-grammatikaharjutused\/#breadcrumb\",\"itemListElement\":[{\"@type\":\"ListItem\",\"position\":1,\"name\":\"Homepage\",\"item\":\"https:\/\/talkpal.ai\/et\/\"},{\"@type\":\"ListItem\",\"position\":2,\"name\":\"Valgevene keele grammatikaharjutused\"}]},{\"@type\":\"WebSite\",\"@id\":\"https:\/\/talkpal.ai\/et\/#website\",\"url\":\"https:\/\/talkpal.ai\/et\/\",\"name\":\"Talkpal\",\"description\":\"AI Language Learning\",\"publisher\":{\"@id\":\"https:\/\/talkpal.ai\/et\/#organization\"},\"alternateName\":\"Talkpal AI\",\"potentialAction\":[{\"@type\":\"SearchAction\",\"target\":{\"@type\":\"EntryPoint\",\"urlTemplate\":\"https:\/\/talkpal.ai\/et\/?s={search_term_string}\"},\"query-input\":{\"@type\":\"PropertyValueSpecification\",\"valueRequired\":true,\"valueName\":\"search_term_string\"}}],\"inLanguage\":\"et\"},{\"@type\":\"Organization\",\"@id\":\"https:\/\/talkpal.ai\/et\/#organization\",\"name\":\"Talkpal, Inc.\",\"alternateName\":\"Talkpal AI\",\"url\":\"https:\/\/talkpal.ai\/et\/\",\"logo\":{\"@type\":\"ImageObject\",\"inLanguage\":\"et\",\"@id\":\"https:\/\/talkpal.ai\/et\/#\/schema\/logo\/image\/\",\"url\":\"https:\/\/talkpal.ai\/wp-content\/uploads\/2024\/03\/Talkpal-Logo-Icon.png\",\"contentUrl\":\"https:\/\/talkpal.ai\/wp-content\/uploads\/2024\/03\/Talkpal-Logo-Icon.png\",\"width\":2880,\"height\":2880,\"caption\":\"Talkpal, Inc.\"},\"image\":{\"@id\":\"https:\/\/talkpal.ai\/et\/#\/schema\/logo\/image\/\"},\"sameAs\":[\"https:\/\/www.facebook.com\/profile.php?id=100090733639311\",\"https:\/\/x.com\/talkpalai\",\"https:\/\/www.linkedin.com\/company\/talkpal\/\",\"https:\/\/www.youtube.com\/@TalkPal\/\",\"https:\/\/www.tiktok.com\/@talkpal\",\"https:\/\/www.instagram.com\/talkpal_ai\/\",\"https:\/\/www.crunchbase.com\/organization\/talkpal-9cde\",\"https:\/\/www.g2.com\/products\/talkpal-for-business\/\",\"https:\/\/www.trustpilot.com\/review\/talkpal.ai\",\"https:\/\/www.capterra.com\/p\/10006800\/TalkPal\/\"],\"description\":\"Talkpal is a language learning web and mobile education app, powered by the latest AI technologies, that provides engaging experiences to its customers in many different languages to help them improve their language skills. Users can chat about unlimited amount of topics with the app and use other modes to practice their language learning.\",\"email\":\"support@talkpal.ai\",\"legalName\":\"Talkpal, Inc.\",\"foundingDate\":\"2023-04-03\",\"duns\":\"118989042\",\"numberOfEmployees\":{\"@type\":\"QuantitativeValue\",\"minValue\":\"11\",\"maxValue\":\"50\"},\"publishingPrinciples\":\"https:\/\/talkpal.ai\/publishing-principles\/\",\"actionableFeedbackPolicy\":\"https:\/\/talkpal.ai\/actionable-feedback-policy\/\",\"correctionsPolicy\":\"https:\/\/talkpal.ai\/corrections-policy\/\",\"ethicsPolicy\":\"https:\/\/talkpal.ai\/ethics-policy\/\",\"diversityPolicy\":\"https:\/\/talkpal.ai\/diversity-policy\/\",\"diversityStaffingReport\":\"https:\/\/talkpal.ai\/diversity-policy\/\"}]}<\/script>\n<!-- \/ Yoast SEO Premium plugin. -->","yoast_head_json":{"title":"Valgevene keele grammatikaharjutused - Talkpal","description":"Tugevdage oma valgevene keele oskust interaktiivsete valgevene keele grammatika harjutustega, mis on p\u00e4rit Talkpal, teie tehisintellektip\u00f5hine keele\u00f5petaja.","robots":{"index":"index","follow":"follow","max-snippet":"max-snippet:-1","max-image-preview":"max-image-preview:large","max-video-preview":"max-video-preview:-1"},"canonical":"https:\/\/talkpal.ai\/et\/valgevene-keele-grammatikaharjutused\/","og_locale":"et_EE","og_type":"article","og_title":"Valgevene keele grammatikaharjutused","og_description":"Valgevene grammatika teemad Valgevene keel on idaslaavi keel, mida Valgevenes r\u00e4\u00e4gib peamiselt umbes 70% elanikkonnast. Slaavi keelena jagab see sarnasusi","og_url":"https:\/\/talkpal.ai\/et\/valgevene-keele-grammatikaharjutused\/","og_site_name":"Talkpal","article_publisher":"https:\/\/www.facebook.com\/profile.php?id=100090733639311","article_modified_time":"2025-05-23T11:31:44+00:00","og_image":[{"width":512,"height":512,"url":"https:\/\/talkpal.ai\/wp-content\/uploads\/2023\/05\/belarus.png","type":"image\/png"}],"twitter_card":"summary_large_image","twitter_site":"@talkpalai","twitter_misc":{"Est. reading time":"3 minutit"},"schema":{"@context":"https:\/\/schema.org","@graph":[{"@type":"WebPage","@id":"https:\/\/talkpal.ai\/et\/valgevene-keele-grammatikaharjutused\/","url":"https:\/\/talkpal.ai\/et\/valgevene-keele-grammatikaharjutused\/","name":"Valgevene keele grammatikaharjutused - Talkpal","isPartOf":{"@id":"https:\/\/talkpal.ai\/et\/#website"},"primaryImageOfPage":{"@id":"https:\/\/talkpal.ai\/et\/valgevene-keele-grammatikaharjutused\/#primaryimage"},"image":{"@id":"https:\/\/talkpal.ai\/et\/valgevene-keele-grammatikaharjutused\/#primaryimage"},"thumbnailUrl":"https:\/\/talkpal.ai\/wp-content\/uploads\/2023\/05\/belarus.png","datePublished":"2023-06-16T11:55:18+00:00","dateModified":"2025-05-23T11:31:44+00:00","description":"Tugevdage oma valgevene keele oskust interaktiivsete valgevene keele grammatika harjutustega, mis on p\u00e4rit Talkpal, teie tehisintellektip\u00f5hine keele\u00f5petaja.","breadcrumb":{"@id":"https:\/\/talkpal.ai\/et\/valgevene-keele-grammatikaharjutused\/#breadcrumb"},"inLanguage":"et","potentialAction":[{"@type":"ReadAction","target":["https:\/\/talkpal.ai\/et\/valgevene-keele-grammatikaharjutused\/"]}]},{"@type":"ImageObject","inLanguage":"et","@id":"https:\/\/talkpal.ai\/et\/valgevene-keele-grammatikaharjutused\/#primaryimage","url":"https:\/\/talkpal.ai\/wp-content\/uploads\/2023\/05\/belarus.png","contentUrl":"https:\/\/talkpal.ai\/wp-content\/uploads\/2023\/05\/belarus.png","width":512,"height":512},{"@type":"BreadcrumbList","@id":"https:\/\/talkpal.ai\/et\/valgevene-keele-grammatikaharjutused\/#breadcrumb","itemListElement":[{"@type":"ListItem","position":1,"name":"Homepage","item":"https:\/\/talkpal.ai\/et\/"},{"@type":"ListItem","position":2,"name":"Valgevene keele grammatikaharjutused"}]},{"@type":"WebSite","@id":"https:\/\/talkpal.ai\/et\/#website","url":"https:\/\/talkpal.ai\/et\/","name":"Talkpal","description":"AI Language Learning","publisher":{"@id":"https:\/\/talkpal.ai\/et\/#organization"},"alternateName":"Talkpal AI","potentialAction":[{"@type":"SearchAction","target":{"@type":"EntryPoint","urlTemplate":"https:\/\/talkpal.ai\/et\/?s={search_term_string}"},"query-input":{"@type":"PropertyValueSpecification","valueRequired":true,"valueName":"search_term_string"}}],"inLanguage":"et"},{"@type":"Organization","@id":"https:\/\/talkpal.ai\/et\/#organization","name":"Talkpal, Inc.","alternateName":"Talkpal AI","url":"https:\/\/talkpal.ai\/et\/","logo":{"@type":"ImageObject","inLanguage":"et","@id":"https:\/\/talkpal.ai\/et\/#\/schema\/logo\/image\/","url":"https:\/\/talkpal.ai\/wp-content\/uploads\/2024\/03\/Talkpal-Logo-Icon.png","contentUrl":"https:\/\/talkpal.ai\/wp-content\/uploads\/2024\/03\/Talkpal-Logo-Icon.png","width":2880,"height":2880,"caption":"Talkpal, Inc."},"image":{"@id":"https:\/\/talkpal.ai\/et\/#\/schema\/logo\/image\/"},"sameAs":["https:\/\/www.facebook.com\/profile.php?id=100090733639311","https:\/\/x.com\/talkpalai","https:\/\/www.linkedin.com\/company\/talkpal\/","https:\/\/www.youtube.com\/@TalkPal\/","https:\/\/www.tiktok.com\/@talkpal","https:\/\/www.instagram.com\/talkpal_ai\/","https:\/\/www.crunchbase.com\/organization\/talkpal-9cde","https:\/\/www.g2.com\/products\/talkpal-for-business\/","https:\/\/www.trustpilot.com\/review\/talkpal.ai","https:\/\/www.capterra.com\/p\/10006800\/TalkPal\/"],"description":"Talkpal is a language learning web and mobile education app, powered by the latest AI technologies, that provides engaging experiences to its customers in many different languages to help them improve their language skills. Users can chat about unlimited amount of topics with the app and use other modes to practice their language learning.","email":"support@talkpal.ai","legalName":"Talkpal, Inc.","foundingDate":"2023-04-03","duns":"118989042","numberOfEmployees":{"@type":"QuantitativeValue","minValue":"11","maxValue":"50"},"publishingPrinciples":"https:\/\/talkpal.ai\/publishing-principles\/","actionableFeedbackPolicy":"https:\/\/talkpal.ai\/actionable-feedback-policy\/","correctionsPolicy":"https:\/\/talkpal.ai\/corrections-policy\/","ethicsPolicy":"https:\/\/talkpal.ai\/ethics-policy\/","diversityPolicy":"https:\/\/talkpal.ai\/diversity-policy\/","diversityStaffingReport":"https:\/\/talkpal.ai\/diversity-policy\/"}]}},"_links":{"self":[{"href":"https:\/\/talkpal.ai\/et\/wp-json\/wp\/v2\/pages\/165601","targetHints":{"allow":["GET"]}}],"collection":[{"href":"https:\/\/talkpal.ai\/et\/wp-json\/wp\/v2\/pages"}],"about":[{"href":"https:\/\/talkpal.ai\/et\/wp-json\/wp\/v2\/types\/page"}],"author":[{"embeddable":true,"href":"https:\/\/talkpal.ai\/et\/wp-json\/wp\/v2\/users\/6"}],"replies":[{"embeddable":true,"href":"https:\/\/talkpal.ai\/et\/wp-json\/wp\/v2\/comments?post=165601"}],"version-history":[{"count":0,"href":"https:\/\/talkpal.ai\/et\/wp-json\/wp\/v2\/pages\/165601\/revisions"}],"wp:featuredmedia":[{"embeddable":true,"href":"https:\/\/talkpal.ai\/et\/wp-json\/wp\/v2\/media\/110635"}],"wp:attachment":[{"href":"https:\/\/talkpal.ai\/et\/wp-json\/wp\/v2\/media?parent=165601"}],"curies":[{"name":"wp","href":"https:\/\/api.w.org\/{rel}","templated":true}]}}