{"id":164980,"date":"2023-06-16T12:01:29","date_gmt":"2023-06-16T12:01:29","guid":{"rendered":"http:\/\/talkpal.ai\/bosnia-keele-grammatika-harjutused\/"},"modified":"2025-05-23T12:05:29","modified_gmt":"2025-05-23T12:05:29","slug":"bosnia-keele-grammatika-harjutused","status":"publish","type":"page","link":"https:\/\/talkpal.ai\/et\/bosnia-keele-grammatika-harjutused\/","title":{"rendered":"Bosnia keele grammatika harjutused"},"content":{"rendered":"\r\n\r\n\r\n<section class=\"languageChallengeSection\">\r\n    <div class=\"languageInfoWrapper\">\r\n        \r\n        <h1>Bosnia keele grammatika harjutused<\/h1>\r\n        <p>Kas olete valmis saama enesekindlamalt <a href=\"https:\/\/talkpal.ai\/learn-bosnian\/\">bosnia<\/a> keeles? Grammatikaharjutused on suurep\u00e4rane v\u00f5imalus omandada lauseehitust, verbi vorme ja bosnia keele erip\u00e4raseid mustreid. Alustage Bosnia keele <a href=\"https:\/\/talkpal.ai\/greek-grammar\/\">grammatika<\/a> \u00f5ppimist juba t\u00e4na ja n\u00e4ete, kuidas teie arusaamine ja keeleoskus kasvab iga harjutusega!\n\n<\/p>\r\n\r\n                            <a class=\"getStartedHidden\" href=\"https:\/\/app.talkpal.ai\/et\/signup?lng=\">Alusta<\/a>\r\n        \r\n    <\/div>\r\n\r\n    <figure>\r\n    <img decoding=\"async\" width=\"768\" height=\"768\" src=\"https:\/\/talkpal.ai\/wp-content\/uploads\/2023\/06\/bosinian-768x768.png\" class=\"languageImage no-lazy\" alt=\"Language learning for increasing employability\" fetchpriority=\"high\" sizes=\"(max-width: 768px) 150px, 768px\" srcset=\"https:\/\/talkpal.ai\/wp-content\/uploads\/2023\/06\/bosinian-768x768.png 768w, https:\/\/talkpal.ai\/wp-content\/uploads\/2023\/06\/bosinian-300x300.png 300w\" \/>\r\n    \r\n\r\n    <\/figure>\r\n\r\n            <a class=\"getStartedVisible\" href=\"https:\/\/app.talkpal.ai\/et\/signup?lng=\">Alusta<\/a>\r\n    \r\n<\/section>\r\n\r\n\r\n<!-- <section class=\"grammarSection\">\r\n    <div class=\"grammarLinks\">\r\n            <\/div>\r\n<\/section> -->\r\n\r\n\r\n\r\n\r\n<section class=\"promotionalBanner\">\r\n    <p class=\"promotionalText\">K\u00f5ige t\u00f5husam viis keele \u00f5ppimiseks<\/p>\r\n    <a class=\"promotionalLink\" href=\"https:\/\/app.talkpal.ai\/et\/signup?lng=\">Proovige Talkpal tasuta<\/a>\r\n<\/section>\n<div class=\"wp-block-group pageContainerStyle\"><div class=\"wp-block-group__inner-container is-layout-constrained wp-block-group-is-layout-constrained\">\n<h2 class=\"wp-block-heading\" id=\"h-bosnian-grammar-topics\">Bosnia keele grammatika teemad<\/h2>\n\n\n\n<p><a href=\"https:\/\/talkpal.ai\/et\/opi-bosnia-keel\/\">Bosnia keel<\/a> on l\u00f5unaslaavi keel, mida r\u00e4\u00e4gitakse peamiselt Bosnias ja Hertsegoviinas, Serbias, Montenegros ja Horvaatias. See on vastastikku m\u00f5istetav <a href=\"https:\/\/talkpal.ai\/learn-serbian\/\">serbia<\/a> ja <a href=\"https:\/\/talkpal.ai\/learn-croatian\/\">horvaadi<\/a> keelega ning on osa standardiseeritud serbohorvaadi keelest. Bosnia keele <a href=\"https:\/\/talkpal.ai\/et\/oppimine\/\">\u00f5ppimine<\/a> v\u00f5ib olla p\u00f5nev ja rahuldust pakkuv kogemus, kuna see annab \u00fclevaate Balkani piirkonna rikkalikust ajaloost, kultuurist ja traditsioonidest. Bosnia keele t\u00f5husaks \u00f5ppimiseks on oluline m\u00f5ista selle grammatikas\u00fcsteemi, mis h\u00f5lmab erinevaid ajastusi, nimis\u00f5na ja omaduss\u00f5na vorme ning lausestruktuure. Selles juhendis uurime <a href=\"https:\/\/talkpal.ai\/bosnian-grammar\/\">Bosnia grammatika<\/a> teemade j\u00e4rjestust, et aidata teil keelt t\u00f5husalt omandada.<\/p>\n\n\n\n<h3 class=\"wp-block-heading\" id=\"h-1-nouns-and-articles\">1. Nimis\u00f5nad ja artiklid:<\/h3>\n\n\n\n<p>Alustage nimis\u00f5nade \u00f5ppimisest, mis on jagatud kolmeks sooks (mehelik, naiselik, neuter) ja millel on ainsuse ja mitmuse vormid. Bosnia keeles ei ole artikleid nagu <a href=\"https:\/\/talkpal.ai\/learn-english\/\">inglise<\/a> keeles, kuid seal kasutatakse demonstratiivpronoome, et n\u00e4idata konkreetsust.<\/p>\n\n\n\n<h3 class=\"wp-block-heading\" id=\"h-2-adjectives\">2. Omaduss\u00f5nad:<\/h3>\n\n\n\n<p>Omaduss\u00f5nad n\u00f5ustuvad nimis\u00f5nadega soos, arvus ja juhtumis. Siit saate teada, kuidas nimis\u00f5nade t\u00e4pseks kirjeldamiseks omaduss\u00f5nu moodustada ja kasutada.<\/p>\n\n\n\n<h3 class=\"wp-block-heading\" id=\"h-3-pronouns-determiners\">3. Ases\u00f5nad\/m\u00e4\u00e4rajad:<\/h3>\n\n\n\n<p>Bosnia ases\u00f5nad ja m\u00e4\u00e4rajad n\u00f5ustuvad ka nimis\u00f5nadega soo, arvu ja juhtumi osas. Uurige isiklikke, omastavaid, demonstratiivseid ja \u00fclekuulatavaid ases\u00f5nu, et parandada oma suhtlemisoskust.<\/p>\n\n\n\n<h3 class=\"wp-block-heading\" id=\"h-4-verbs\">4. Tegus\u00f5nad:<\/h3>\n\n\n\n<p>Tutvuge regulaarsete ja ebaregulaarsete verbidega, nende konjugatsioonimustritega ning perfektsete ja ebat\u00e4iuslike aspektide eristamisega.<\/p>\n\n\n\n<h3 class=\"wp-block-heading\" id=\"h-5-tenses\">5. Ajavormid:<\/h3>\n\n\n\n<p>Bosnial on kolm ajastust: minevik, olevik ja tulevik. Siit saate teada, kuidas neid ajastusi kujundada ja kasutada tegevuste ja s\u00fcndmuste v\u00e4ljendamiseks erinevates ajavahemikes.<\/p>\n\n\n\n<h3 class=\"wp-block-heading\" id=\"h-6-tense-comparison\">6. Pingeline v\u00f5rdlus:<\/h3>\n\n\n\n<p>M\u00f5ista ajastuste erinevusi ja sarnasusi, keskendudes nende kasutamisele erinevates kontekstides.<\/p>\n\n\n\n<h3 class=\"wp-block-heading\" id=\"h-7-progressive-and-perfect-progressive\">7. Progressiivne ja t\u00e4iuslik progressiivne:<\/h3>\n\n\n\n<p>Bosnial ei ole otsest vastet inglise progressiivsetele ja t\u00e4iuslikele progressiivsetele aegadele. Kuid see kasutab verbaalset aspekti (t\u00e4iuslik ja ebat\u00e4iuslik), et edastada sarnaseid t\u00e4hendusi.<\/p>\n\n\n\n<h3 class=\"wp-block-heading\" id=\"h-8-adverbs\">8. M\u00e4\u00e4rs\u00f5nad:<\/h3>\n\n\n\n<p>Uurige m\u00e4\u00e4rs\u00f5nu ja nende paigutamist lausetesse, et v\u00e4ljendada aega, viisi ja astet.<\/p>\n\n\n\n<h3 class=\"wp-block-heading\" id=\"h-9-conditionals\">9. Tingimused:<\/h3>\n\n\n\n<p>Siit saate teada, kuidas moodustada ja kasutada tingimuslikke lauseid (reaalseid ja ebareaalseid) h\u00fcpoteetiliste olukordade ja nende tagaj\u00e4rgede v\u00e4ljendamiseks.<\/p>\n\n\n\n<h3 class=\"wp-block-heading\" id=\"h-10-prepositions\">10. Eess\u00f5nad:<\/h3>\n\n\n\n<p>Eess\u00f5nad on olulised s\u00f5nade ja fraaside vaheliste suhete t\u00e4histamiseks. Siit saate teada, kuidas neid erinevates kontekstides t\u00e4pselt kasutada.<\/p>\n\n\n\n<h3 class=\"wp-block-heading\" id=\"h-11-sentences\">11. Laused:<\/h3>\n\n\n\n<p>L\u00f5puks harjutage lihtsate ja keerukate lausete koostamist, kasutades k\u00f5iki \u00f5pitud grammatikaelemente. See aitab teil arendada tugevat bosnia keelt ja v\u00f5imaldab teil t\u00f5husalt suhelda emakeelena k\u00f5nelejatega.<\/p>\n<\/div><\/div>\n\r\n<section class=\"learnNavigationSection\">\r\n            \r\n        <a href=\"https:\/\/talkpal.ai\/et\/opi-bosnia-keel\/\">\r\n            <div class=\"learnNavigationWrapper\">\r\n                <div class=\"learnNavigationContent\">\r\n                    <img decoding=\"async\" src=\"https:\/\/talkpal.ai\/wp-content\/uploads\/2024\/08\/Bosnian.jpg\" alt=\"Bosnian Flag\">\r\n                    <div>\r\n                        <h4>Bosnia \u00f5ppimise kohta<\/h4>\r\n                        <p>Uuri k\u00f5ike Bosnia grammatika kohta .<\/p>\r\n                    <\/div>\r\n                <\/div>\r\n            <\/div>\r\n        <\/a>\r\n\r\n        \r\n        <a href=\"https:\/\/talkpal.ai\/et\/bosnia-keele-grammatika\/\">\r\n            <div class=\"learnNavigationWrapper\">\r\n                <div class=\"learnNavigationContent\">\r\n                    <img decoding=\"async\" src=\"https:\/\/talkpal.ai\/wp-content\/uploads\/2024\/08\/Bosnian.jpg\" alt=\"Bosnian Flag\">\r\n                    <div>\r\n                        <h4>Bosnia grammatika \u00f5ppetunnid<\/h4>\r\n                        <p>Harjutage Bosnia grammatikat.<\/p>\r\n                    <\/div>\r\n                <\/div>\r\n            <\/div>\r\n        <\/a>\r\n\r\n        \r\n        <a href=\"https:\/\/talkpal.ai\/vocabulary_language\/bosnian\/\">\r\n            <div class=\"learnNavigationWrapper\">\r\n                <div class=\"learnNavigationContent\">\r\n                    <img decoding=\"async\" src=\"https:\/\/talkpal.ai\/wp-content\/uploads\/2024\/08\/Bosnian.jpg\" alt=\"Bosnian Flag\">\r\n                    <div>\r\n                        <h4>Bosnia keele s\u00f5navara<\/h4>\r\n                        <p>Laiendage oma bosnia keele s\u00f5navara.<\/p>\r\n                    <\/div>\r\n                <\/div>\r\n            <\/div>\r\n        <\/a>\r\n\r\n            <\/section>","protected":false},"excerpt":{"rendered":"<p>Bosnia keele grammatika teemad Bosnia keel on l\u00f5unaslaavi keel, mida r\u00e4\u00e4gitakse peamiselt Bosnias ja Hertsegoviinas, Serbias, Montenegros ja Horvaatias. See on vastastikku m\u00f5istetav serbia ja horvaadi keelega ning on osa standardiseeritud serbohorvaadi keelest. Bosnia keele \u00f5ppimine v\u00f5ib olla p\u00f5nev ja rahuldust pakkuv kogemus, kuna see annab \u00fclevaate Balkani piirkonna rikkalikust ajaloost, kultuurist ja traditsioonidest. Bosnia [&hellip;]<\/p>\n","protected":false},"author":6,"featured_media":111446,"parent":0,"menu_order":0,"comment_status":"closed","ping_status":"closed","template":"LearningContentPage.php","meta":{"_acf_changed":false,"footnotes":""},"class_list":["post-164980","page","type-page","status-publish","has-post-thumbnail","hentry"],"acf":[],"yoast_head":"<!-- This site is optimized with the Yoast SEO Premium plugin v27.2 (Yoast SEO v27.2) - https:\/\/yoast.com\/product\/yoast-seo-premium-wordpress\/ -->\n<title>Bosnia keele grammatika harjutused - Talkpal<\/title>\n<meta name=\"description\" content=\"\u00d5ppige bosnia keelt kaasahaaravate bosnia keele grammatika harjutuste abil, mis on m\u00f5eldud lauseehituse ja ajavormide m\u00f5istmise parandamiseks.\" \/>\n<meta name=\"robots\" content=\"index, follow, max-snippet:-1, max-image-preview:large, max-video-preview:-1\" \/>\n<link rel=\"canonical\" href=\"https:\/\/talkpal.ai\/et\/bosnia-keele-grammatika-harjutused\/\" \/>\n<meta property=\"og:locale\" content=\"et_EE\" \/>\n<meta property=\"og:type\" content=\"article\" \/>\n<meta property=\"og:title\" content=\"Bosnia keele grammatika harjutused\" \/>\n<meta property=\"og:description\" content=\"Bosnia keele grammatika teemad Bosnia keel on l\u00f5unaslaavi keel, mida r\u00e4\u00e4gitakse peamiselt Bosnias ja Hertsegoviinas, Serbias, Montenegros ja Horvaatias.\" \/>\n<meta property=\"og:url\" content=\"https:\/\/talkpal.ai\/et\/bosnia-keele-grammatika-harjutused\/\" \/>\n<meta property=\"og:site_name\" content=\"Talkpal\" \/>\n<meta property=\"article:publisher\" content=\"https:\/\/www.facebook.com\/profile.php?id=100090733639311\" \/>\n<meta property=\"article:modified_time\" content=\"2025-05-23T12:05:29+00:00\" \/>\n<meta property=\"og:image\" content=\"https:\/\/talkpal.ai\/wp-content\/uploads\/2023\/05\/bosnia-and-herzegovina.png\" \/>\n\t<meta property=\"og:image:width\" content=\"512\" \/>\n\t<meta property=\"og:image:height\" content=\"512\" \/>\n\t<meta property=\"og:image:type\" content=\"image\/png\" \/>\n<meta name=\"twitter:card\" content=\"summary_large_image\" \/>\n<meta name=\"twitter:site\" content=\"@talkpalai\" \/>\n<meta name=\"twitter:label1\" content=\"Est. reading time\" \/>\n\t<meta name=\"twitter:data1\" content=\"2 minutit\" \/>\n<script type=\"application\/ld+json\" class=\"yoast-schema-graph\">{\"@context\":\"https:\/\/schema.org\",\"@graph\":[{\"@type\":\"WebPage\",\"@id\":\"https:\/\/talkpal.ai\/et\/bosnia-keele-grammatika-harjutused\/\",\"url\":\"https:\/\/talkpal.ai\/et\/bosnia-keele-grammatika-harjutused\/\",\"name\":\"Bosnia keele grammatika harjutused - Talkpal\",\"isPartOf\":{\"@id\":\"https:\/\/talkpal.ai\/et\/#website\"},\"primaryImageOfPage\":{\"@id\":\"https:\/\/talkpal.ai\/et\/bosnia-keele-grammatika-harjutused\/#primaryimage\"},\"image\":{\"@id\":\"https:\/\/talkpal.ai\/et\/bosnia-keele-grammatika-harjutused\/#primaryimage\"},\"thumbnailUrl\":\"https:\/\/talkpal.ai\/wp-content\/uploads\/2023\/05\/bosnia-and-herzegovina.png\",\"datePublished\":\"2023-06-16T12:01:29+00:00\",\"dateModified\":\"2025-05-23T12:05:29+00:00\",\"description\":\"\u00d5ppige bosnia keelt kaasahaaravate bosnia keele grammatika harjutuste abil, mis on m\u00f5eldud lauseehituse ja ajavormide m\u00f5istmise parandamiseks.\",\"breadcrumb\":{\"@id\":\"https:\/\/talkpal.ai\/et\/bosnia-keele-grammatika-harjutused\/#breadcrumb\"},\"inLanguage\":\"et\",\"potentialAction\":[{\"@type\":\"ReadAction\",\"target\":[\"https:\/\/talkpal.ai\/et\/bosnia-keele-grammatika-harjutused\/\"]}]},{\"@type\":\"ImageObject\",\"inLanguage\":\"et\",\"@id\":\"https:\/\/talkpal.ai\/et\/bosnia-keele-grammatika-harjutused\/#primaryimage\",\"url\":\"https:\/\/talkpal.ai\/wp-content\/uploads\/2023\/05\/bosnia-and-herzegovina.png\",\"contentUrl\":\"https:\/\/talkpal.ai\/wp-content\/uploads\/2023\/05\/bosnia-and-herzegovina.png\",\"width\":512,\"height\":512},{\"@type\":\"BreadcrumbList\",\"@id\":\"https:\/\/talkpal.ai\/et\/bosnia-keele-grammatika-harjutused\/#breadcrumb\",\"itemListElement\":[{\"@type\":\"ListItem\",\"position\":1,\"name\":\"Homepage\",\"item\":\"https:\/\/talkpal.ai\/et\/\"},{\"@type\":\"ListItem\",\"position\":2,\"name\":\"Bosnia keele grammatika harjutused\"}]},{\"@type\":\"WebSite\",\"@id\":\"https:\/\/talkpal.ai\/et\/#website\",\"url\":\"https:\/\/talkpal.ai\/et\/\",\"name\":\"Talkpal\",\"description\":\"AI Language Learning\",\"publisher\":{\"@id\":\"https:\/\/talkpal.ai\/et\/#organization\"},\"alternateName\":\"Talkpal AI\",\"potentialAction\":[{\"@type\":\"SearchAction\",\"target\":{\"@type\":\"EntryPoint\",\"urlTemplate\":\"https:\/\/talkpal.ai\/et\/?s={search_term_string}\"},\"query-input\":{\"@type\":\"PropertyValueSpecification\",\"valueRequired\":true,\"valueName\":\"search_term_string\"}}],\"inLanguage\":\"et\"},{\"@type\":\"Organization\",\"@id\":\"https:\/\/talkpal.ai\/et\/#organization\",\"name\":\"Talkpal, Inc.\",\"alternateName\":\"Talkpal AI\",\"url\":\"https:\/\/talkpal.ai\/et\/\",\"logo\":{\"@type\":\"ImageObject\",\"inLanguage\":\"et\",\"@id\":\"https:\/\/talkpal.ai\/et\/#\/schema\/logo\/image\/\",\"url\":\"https:\/\/talkpal.ai\/wp-content\/uploads\/2024\/03\/Talkpal-Logo-Icon.png\",\"contentUrl\":\"https:\/\/talkpal.ai\/wp-content\/uploads\/2024\/03\/Talkpal-Logo-Icon.png\",\"width\":2880,\"height\":2880,\"caption\":\"Talkpal, Inc.\"},\"image\":{\"@id\":\"https:\/\/talkpal.ai\/et\/#\/schema\/logo\/image\/\"},\"sameAs\":[\"https:\/\/www.facebook.com\/profile.php?id=100090733639311\",\"https:\/\/x.com\/talkpalai\",\"https:\/\/www.linkedin.com\/company\/talkpal\/\",\"https:\/\/www.youtube.com\/@TalkPal\/\",\"https:\/\/www.tiktok.com\/@talkpal\",\"https:\/\/www.instagram.com\/talkpal_ai\/\",\"https:\/\/www.crunchbase.com\/organization\/talkpal-9cde\",\"https:\/\/www.g2.com\/products\/talkpal-for-business\/\",\"https:\/\/www.trustpilot.com\/review\/talkpal.ai\",\"https:\/\/www.capterra.com\/p\/10006800\/TalkPal\/\"],\"description\":\"Talkpal is a language learning web and mobile education app, powered by the latest AI technologies, that provides engaging experiences to its customers in many different languages to help them improve their language skills. Users can chat about unlimited amount of topics with the app and use other modes to practice their language learning.\",\"email\":\"support@talkpal.ai\",\"legalName\":\"Talkpal, Inc.\",\"foundingDate\":\"2023-04-03\",\"duns\":\"118989042\",\"numberOfEmployees\":{\"@type\":\"QuantitativeValue\",\"minValue\":\"11\",\"maxValue\":\"50\"},\"publishingPrinciples\":\"https:\/\/talkpal.ai\/publishing-principles\/\",\"actionableFeedbackPolicy\":\"https:\/\/talkpal.ai\/actionable-feedback-policy\/\",\"correctionsPolicy\":\"https:\/\/talkpal.ai\/corrections-policy\/\",\"ethicsPolicy\":\"https:\/\/talkpal.ai\/ethics-policy\/\",\"diversityPolicy\":\"https:\/\/talkpal.ai\/diversity-policy\/\",\"diversityStaffingReport\":\"https:\/\/talkpal.ai\/diversity-policy\/\"}]}<\/script>\n<!-- \/ Yoast SEO Premium plugin. -->","yoast_head_json":{"title":"Bosnia keele grammatika harjutused - Talkpal","description":"\u00d5ppige bosnia keelt kaasahaaravate bosnia keele grammatika harjutuste abil, mis on m\u00f5eldud lauseehituse ja ajavormide m\u00f5istmise parandamiseks.","robots":{"index":"index","follow":"follow","max-snippet":"max-snippet:-1","max-image-preview":"max-image-preview:large","max-video-preview":"max-video-preview:-1"},"canonical":"https:\/\/talkpal.ai\/et\/bosnia-keele-grammatika-harjutused\/","og_locale":"et_EE","og_type":"article","og_title":"Bosnia keele grammatika harjutused","og_description":"Bosnia keele grammatika teemad Bosnia keel on l\u00f5unaslaavi keel, mida r\u00e4\u00e4gitakse peamiselt Bosnias ja Hertsegoviinas, Serbias, Montenegros ja Horvaatias.","og_url":"https:\/\/talkpal.ai\/et\/bosnia-keele-grammatika-harjutused\/","og_site_name":"Talkpal","article_publisher":"https:\/\/www.facebook.com\/profile.php?id=100090733639311","article_modified_time":"2025-05-23T12:05:29+00:00","og_image":[{"width":512,"height":512,"url":"https:\/\/talkpal.ai\/wp-content\/uploads\/2023\/05\/bosnia-and-herzegovina.png","type":"image\/png"}],"twitter_card":"summary_large_image","twitter_site":"@talkpalai","twitter_misc":{"Est. reading time":"2 minutit"},"schema":{"@context":"https:\/\/schema.org","@graph":[{"@type":"WebPage","@id":"https:\/\/talkpal.ai\/et\/bosnia-keele-grammatika-harjutused\/","url":"https:\/\/talkpal.ai\/et\/bosnia-keele-grammatika-harjutused\/","name":"Bosnia keele grammatika harjutused - Talkpal","isPartOf":{"@id":"https:\/\/talkpal.ai\/et\/#website"},"primaryImageOfPage":{"@id":"https:\/\/talkpal.ai\/et\/bosnia-keele-grammatika-harjutused\/#primaryimage"},"image":{"@id":"https:\/\/talkpal.ai\/et\/bosnia-keele-grammatika-harjutused\/#primaryimage"},"thumbnailUrl":"https:\/\/talkpal.ai\/wp-content\/uploads\/2023\/05\/bosnia-and-herzegovina.png","datePublished":"2023-06-16T12:01:29+00:00","dateModified":"2025-05-23T12:05:29+00:00","description":"\u00d5ppige bosnia keelt kaasahaaravate bosnia keele grammatika harjutuste abil, mis on m\u00f5eldud lauseehituse ja ajavormide m\u00f5istmise parandamiseks.","breadcrumb":{"@id":"https:\/\/talkpal.ai\/et\/bosnia-keele-grammatika-harjutused\/#breadcrumb"},"inLanguage":"et","potentialAction":[{"@type":"ReadAction","target":["https:\/\/talkpal.ai\/et\/bosnia-keele-grammatika-harjutused\/"]}]},{"@type":"ImageObject","inLanguage":"et","@id":"https:\/\/talkpal.ai\/et\/bosnia-keele-grammatika-harjutused\/#primaryimage","url":"https:\/\/talkpal.ai\/wp-content\/uploads\/2023\/05\/bosnia-and-herzegovina.png","contentUrl":"https:\/\/talkpal.ai\/wp-content\/uploads\/2023\/05\/bosnia-and-herzegovina.png","width":512,"height":512},{"@type":"BreadcrumbList","@id":"https:\/\/talkpal.ai\/et\/bosnia-keele-grammatika-harjutused\/#breadcrumb","itemListElement":[{"@type":"ListItem","position":1,"name":"Homepage","item":"https:\/\/talkpal.ai\/et\/"},{"@type":"ListItem","position":2,"name":"Bosnia keele grammatika harjutused"}]},{"@type":"WebSite","@id":"https:\/\/talkpal.ai\/et\/#website","url":"https:\/\/talkpal.ai\/et\/","name":"Talkpal","description":"AI Language Learning","publisher":{"@id":"https:\/\/talkpal.ai\/et\/#organization"},"alternateName":"Talkpal AI","potentialAction":[{"@type":"SearchAction","target":{"@type":"EntryPoint","urlTemplate":"https:\/\/talkpal.ai\/et\/?s={search_term_string}"},"query-input":{"@type":"PropertyValueSpecification","valueRequired":true,"valueName":"search_term_string"}}],"inLanguage":"et"},{"@type":"Organization","@id":"https:\/\/talkpal.ai\/et\/#organization","name":"Talkpal, Inc.","alternateName":"Talkpal AI","url":"https:\/\/talkpal.ai\/et\/","logo":{"@type":"ImageObject","inLanguage":"et","@id":"https:\/\/talkpal.ai\/et\/#\/schema\/logo\/image\/","url":"https:\/\/talkpal.ai\/wp-content\/uploads\/2024\/03\/Talkpal-Logo-Icon.png","contentUrl":"https:\/\/talkpal.ai\/wp-content\/uploads\/2024\/03\/Talkpal-Logo-Icon.png","width":2880,"height":2880,"caption":"Talkpal, Inc."},"image":{"@id":"https:\/\/talkpal.ai\/et\/#\/schema\/logo\/image\/"},"sameAs":["https:\/\/www.facebook.com\/profile.php?id=100090733639311","https:\/\/x.com\/talkpalai","https:\/\/www.linkedin.com\/company\/talkpal\/","https:\/\/www.youtube.com\/@TalkPal\/","https:\/\/www.tiktok.com\/@talkpal","https:\/\/www.instagram.com\/talkpal_ai\/","https:\/\/www.crunchbase.com\/organization\/talkpal-9cde","https:\/\/www.g2.com\/products\/talkpal-for-business\/","https:\/\/www.trustpilot.com\/review\/talkpal.ai","https:\/\/www.capterra.com\/p\/10006800\/TalkPal\/"],"description":"Talkpal is a language learning web and mobile education app, powered by the latest AI technologies, that provides engaging experiences to its customers in many different languages to help them improve their language skills. Users can chat about unlimited amount of topics with the app and use other modes to practice their language learning.","email":"support@talkpal.ai","legalName":"Talkpal, Inc.","foundingDate":"2023-04-03","duns":"118989042","numberOfEmployees":{"@type":"QuantitativeValue","minValue":"11","maxValue":"50"},"publishingPrinciples":"https:\/\/talkpal.ai\/publishing-principles\/","actionableFeedbackPolicy":"https:\/\/talkpal.ai\/actionable-feedback-policy\/","correctionsPolicy":"https:\/\/talkpal.ai\/corrections-policy\/","ethicsPolicy":"https:\/\/talkpal.ai\/ethics-policy\/","diversityPolicy":"https:\/\/talkpal.ai\/diversity-policy\/","diversityStaffingReport":"https:\/\/talkpal.ai\/diversity-policy\/"}]}},"_links":{"self":[{"href":"https:\/\/talkpal.ai\/et\/wp-json\/wp\/v2\/pages\/164980","targetHints":{"allow":["GET"]}}],"collection":[{"href":"https:\/\/talkpal.ai\/et\/wp-json\/wp\/v2\/pages"}],"about":[{"href":"https:\/\/talkpal.ai\/et\/wp-json\/wp\/v2\/types\/page"}],"author":[{"embeddable":true,"href":"https:\/\/talkpal.ai\/et\/wp-json\/wp\/v2\/users\/6"}],"replies":[{"embeddable":true,"href":"https:\/\/talkpal.ai\/et\/wp-json\/wp\/v2\/comments?post=164980"}],"version-history":[{"count":0,"href":"https:\/\/talkpal.ai\/et\/wp-json\/wp\/v2\/pages\/164980\/revisions"}],"wp:featuredmedia":[{"embeddable":true,"href":"https:\/\/talkpal.ai\/et\/wp-json\/wp\/v2\/media\/111446"}],"wp:attachment":[{"href":"https:\/\/talkpal.ai\/et\/wp-json\/wp\/v2\/media?parent=164980"}],"curies":[{"name":"wp","href":"https:\/\/api.w.org\/{rel}","templated":true}]}}