{"id":163967,"date":"2023-06-16T13:02:09","date_gmt":"2023-06-16T13:02:09","guid":{"rendered":"http:\/\/talkpal.ai\/horvaatia-keele-grammatikaharjutused\/"},"modified":"2025-12-17T16:27:04","modified_gmt":"2025-12-17T16:27:04","slug":"horvaatia-keele-grammatikaharjutused","status":"publish","type":"page","link":"https:\/\/talkpal.ai\/et\/horvaatia-keele-grammatikaharjutused\/","title":{"rendered":"Horvaatia keele grammatikaharjutused"},"content":{"rendered":"\r\n\r\n\r\n<section class=\"languageChallengeSection\">\r\n    <div class=\"languageInfoWrapper\">\r\n        \r\n        <h1>Horvaatia keele grammatikaharjutused<\/h1>\r\n        <p>Tahad saada enesekindlamaks <a href=\"https:\/\/talkpal.ai\/learn-croatian\/\">horvaadi<\/a> keeles? <a href=\"https:\/\/talkpal.ai\/greek-grammar\/\">Grammatika<\/a> harjutused aitavad teil omandada lauseehitust, verbi vorme ja <a href=\"https:\/\/talkpal.ai\/learn-croatian\/\">horvaadi<\/a> keele erip\u00e4ra. Alustage <a href=\"https:\/\/talkpal.ai\/croatian-grammar\/\">horvaadi keele grammatika<\/a> uurimist juba t\u00e4na ja vaadake, kuidas teie oskused ja keeleoskus paranevad <a href=\"https:\/\/talkpal.ai\/locations\/language-courses-in-iga\/\">iga<\/a> uue harjutusega!\n\n<\/p>\r\n\r\n                            <a class=\"getStartedHidden\" href=\"https:\/\/app.talkpal.ai\/et\/signup?lng=\">Alusta<\/a>\r\n        \r\n    <\/div>\r\n\r\n    <figure>\r\n    <img decoding=\"async\" width=\"768\" height=\"768\" src=\"https:\/\/talkpal.ai\/wp-content\/uploads\/2023\/06\/croatian-768x768.png\" class=\"languageImage no-lazy\" alt=\"Language learning for successful interaction\" fetchpriority=\"high\" sizes=\"(max-width: 768px) 150px, 768px\" srcset=\"https:\/\/talkpal.ai\/wp-content\/uploads\/2023\/06\/croatian-768x768.png 768w, https:\/\/talkpal.ai\/wp-content\/uploads\/2023\/06\/croatian-300x300.png 300w\" \/>\r\n    \r\n\r\n    <\/figure>\r\n\r\n            <a class=\"getStartedVisible\" href=\"https:\/\/app.talkpal.ai\/et\/signup?lng=\">Alusta<\/a>\r\n    \r\n<\/section>\r\n\r\n\r\n<!-- <section class=\"grammarSection\">\r\n    <div class=\"grammarLinks\">\r\n            <\/div>\r\n<\/section> -->\r\n\r\n\r\n\r\n\r\n<section class=\"promotionalBanner\">\r\n    <p class=\"promotionalText\">K\u00f5ige t\u00f5husam viis keele \u00f5ppimiseks<\/p>\r\n    <a class=\"promotionalLink\" href=\"https:\/\/app.talkpal.ai\/et\/signup?lng=\">Proovige Talkpal tasuta<\/a>\r\n<\/section>\n<div class=\"wp-block-group pageContainerStyle\"><div class=\"wp-block-group__inner-container is-layout-constrained wp-block-group-is-layout-constrained\">\n<h2 class=\"wp-block-heading\" id=\"h-croatian-grammar-topics\">Horvaatia keele grammatika teemad<\/h2>\n\n\n\n<p><a href=\"https:\/\/talkpal.ai\/et\/opi-horvaadi-keel\/\">Horvaadi keel<\/a>, l\u00f5unaslaavi keel, on Horvaatia ametlik keel ning \u00fcks <a href=\"https:\/\/talkpal.ai\/learn-bosnian\/\">Bosnia<\/a> ja Hertsegoviina ametlikest keeltest. See on keeruline ja rikas keel, millel on pikk ajalugu ja ainulaadne grammatikas\u00fcsteem. \u00d5ppijate jaoks on keele valdamiseks oluline m\u00f5ista horvaadi keele grammatika p\u00f5hiaspekte. See juhend aitab teil navigeerida peamistes grammatikateemades, nagu ajavormid, tegus\u00f5nad, nimis\u00f5nad ja palju muud, j\u00e4rjestuses, mis h\u00f5lbustab teie \u00f5ppeprotsessi ja annab tugeva aluse selle ilusa keele omandamiseks.<\/p>\n\n\n\n<h3 class=\"wp-block-heading\" id=\"h-1-nouns\">1. Nimis\u00f5nad:<\/h3>\n\n\n\n<p>Nomenid on iga keele esimene ehituskivi ja horvaadi keele nimis\u00f5nadel on kolm sugu &#8211; maskuliinne, feminiinne ja neutraalne, mis m\u00f5jutab deklinatsiooni ja koosk\u00f5la adjektiivide ja pronoomenitega. Tutvuge erinevate sugude ja nende vastavate l\u00f5ppudega.<\/p>\n\n\n\n<h3 class=\"wp-block-heading\" id=\"h-2-articles\">2. Artiklid:<\/h3>\n\n\n\n<p>Horvaadi keeles ei ole artikleid nagu <a href=\"https:\/\/talkpal.ai\/learn-english\/\">inglise<\/a> keeles &#8220;the&#8221; v\u00f5i &#8220;a&#8221;, mist\u00f5ttu on algajatel lihtsam alustada lihtsate lausete koostamist, muretsemata artiklite kasutamise p\u00e4rast.<\/p>\n\n\n\n<h3 class=\"wp-block-heading\" id=\"h-3-pronouns-determiners\">3. Ases\u00f5nad\/m\u00e4\u00e4rajad:<\/h3>\n\n\n\n<p>Ases\u00f5nu kasutatakse nimis\u00f5nade asendamiseks lausetes, samas kui m\u00e4\u00e4rajad n\u00e4itavad nimis\u00f5na spetsiifilisust. \u00d5ppige erinevaid ases\u00f5nade t\u00fc\u00fcpe (isikuline, omastav, demonstratiivne jne) ja nende k\u00e4\u00e4net soo, arvu ja juhtumi j\u00e4rgi.<\/p>\n\n\n\n<h3 class=\"wp-block-heading\" id=\"h-4-adjectives\">4. Omaduss\u00f5nad:<\/h3>\n\n\n\n<p>Omaduss\u00f5nad kirjeldavad nimis\u00f5nade omadusi ja n\u00f5ustuvad nende muudetava nimis\u00f5na soo, arvu ja juhtumiga. \u00d5ppige omaduss\u00f5nade p\u00f5hivorme ja deklareerimismustreid.<\/p>\n\n\n\n<h3 class=\"wp-block-heading\" id=\"h-5-verbs\">5. Tegus\u00f5nad:<\/h3>\n\n\n\n<p>Tegus\u00f5nad on iga lause tuum, mis v\u00e4ljendab tegevusi v\u00f5i olekuid. Horvaatia verbid on konjugeeritud vastavalt pingele, meeleolule, h\u00e4\u00e4lele ja isikule. Alustage k\u00f5ige tavalisematest regulaarsetest tegus\u00f5nadest ja nende konjugatsioonimustritest praeguses pinges.<\/p>\n\n\n\n<h3 class=\"wp-block-heading\" id=\"h-6-tenses\">6. Ajavormid:<\/h3>\n\n\n\n<p>Horvaatia keeles on seitse ajavormi &#8211; olevik, tulevik I, tulevik II, minevik, pluperfekt, aorist ja imperfekt. Alustage praegusest pingest ja liikuge seej\u00e4rel edasi mineviku ja tulevaste aegade juurde, \u00f5ppides iga\u00fche konjugatsioonimustreid.<\/p>\n\n\n\n<h3 class=\"wp-block-heading\" id=\"h-7-tense-comparison\">7. Pingeline v\u00f5rdlus:<\/h3>\n\n\n\n<p>Horvaadi keele valdamisel on \u00fclioluline m\u00f5ista aegade erinevusi ja sarnasusi. V\u00f5rrelge ajavorme ja harjutage nende kasutamist kontekstis.<\/p>\n\n\n\n<h3 class=\"wp-block-heading\" id=\"h-8-progressive\">8. Progressiivne:<\/h3>\n\n\n\n<p>Progressiivne aspekt v\u00e4ljendab k\u00e4imasolevaid v\u00f5i pidevaid tegevusi. Horvaadi keelel ei ole eraldi progressiivset vormi nagu inglise keeles, kuid progressiivset t\u00e4hendust saab edasi anda, kasutades konkreetseid verbivorme, m\u00e4\u00e4rs\u00f5nu v\u00f5i konstruktsioone.<\/p>\n\n\n\n<h3 class=\"wp-block-heading\" id=\"h-9-perfect-progressive\">9. T\u00e4iuslik progressiivne:<\/h3>\n\n\n\n<p>See aspekt \u00fchendab t\u00e4iuslikud ja progressiivsed t\u00e4hendused. Horvaadi keeles v\u00e4ljendatakse seda, kasutades t\u00e4iuslikku pinget konkreetse verbi vormi v\u00f5i konstruktsiooniga, mis n\u00e4itab pidevat tegevust.<\/p>\n\n\n\n<h3 class=\"wp-block-heading\" id=\"h-10-adverbs\">10. M\u00e4\u00e4rs\u00f5nad:<\/h3>\n\n\n\n<p>M\u00e4\u00e4rs\u00f5nad muudavad tegus\u00f5nu, omaduss\u00f5nu v\u00f5i muid m\u00e4\u00e4rs\u00f5nu ning need n\u00e4itavad tavaliselt viisi, kohta, aega v\u00f5i astet. \u00d5pi k\u00f5ige tavalisemaid Horvaatia adverbeid ja nende paigutamist lausetesse.<\/p>\n\n\n\n<h3 class=\"wp-block-heading\" id=\"h-11-prepositions\">11. Eess\u00f5nad:<\/h3>\n\n\n\n<p>Eess\u00f5nu kasutatakse s\u00f5nadevaheliste seoste t\u00e4histamiseks, nagu asukoht, suund, aeg v\u00f5i valdus. \u00d5ppige tundma k\u00f5ige tavalisemaid Horvaatia eess\u00f5nu ja juhtumeid, mida need reguleerivad.<\/p>\n\n\n\n<h3 class=\"wp-block-heading\" id=\"h-12-conditionals\">12. Tingimused:<\/h3>\n\n\n\n<p>Tingimused v\u00e4ljendavad h\u00fcpoteetilisi olukordi v\u00f5i tingimusi ja nende tagaj\u00e4rgi. Horvaadi keeles on kolme t\u00fc\u00fcpi tingimuslauseid &#8211; reaalseid, ebareaalseid ja segat\u00fc\u00fcpi. \u00d5ppige iga t\u00fc\u00fcbi kujunemist ja kasutamist.<\/p>\n\n\n\n<h3 class=\"wp-block-heading\" id=\"h-13-sentences\">13. Laused:<\/h3>\n\n\n\n<p>L\u00f5petuseks harjutage k\u00f5igi \u00f5pitud grammatikaelementide kombineerimist, et moodustada lihtsaid ja keerulisi lauseid horvaadi keeles. See aitab teil arendada oma keeleoskust ja arusaamist horvaadi grammatikast tervikuna.<\/p>\n<\/div><\/div>\n\r\n<section class=\"learnNavigationSection\">\r\n            \r\n        <a href=\"https:\/\/talkpal.ai\/et\/opi-horvaadi-keel\/\">\r\n            <div class=\"learnNavigationWrapper\">\r\n                <div class=\"learnNavigationContent\">\r\n                    <img decoding=\"async\" src=\"https:\/\/talkpal.ai\/wp-content\/uploads\/2024\/08\/Croatian.jpg\" alt=\"Croatian Flag\">\r\n                    <div>\r\n                        <h4>Horvaatia keele \u00f5ppimise kohta<\/h4>\r\n                        <p>Siit saate teada k\u00f5ike horvaadi keele grammatika kohta.<\/p>\r\n                    <\/div>\r\n                <\/div>\r\n            <\/div>\r\n        <\/a>\r\n\r\n        \r\n        <a href=\"https:\/\/talkpal.ai\/et\/horvaatia-keele-grammatika\/\">\r\n            <div class=\"learnNavigationWrapper\">\r\n                <div class=\"learnNavigationContent\">\r\n                    <img decoding=\"async\" src=\"https:\/\/talkpal.ai\/wp-content\/uploads\/2024\/08\/Croatian.jpg\" alt=\"Croatian Flag\">\r\n                    <div>\r\n                        <h4>Horvaatia keele grammatika \u00f5ppet\u00f6\u00f6<\/h4>\r\n                        <p>Harjutage horvaadi grammatikat.<\/p>\r\n                    <\/div>\r\n                <\/div>\r\n            <\/div>\r\n        <\/a>\r\n\r\n        \r\n        <a href=\"https:\/\/talkpal.ai\/vocabulary_language\/croatian\/\">\r\n            <div class=\"learnNavigationWrapper\">\r\n                <div class=\"learnNavigationContent\">\r\n                    <img decoding=\"async\" src=\"https:\/\/talkpal.ai\/wp-content\/uploads\/2024\/08\/Croatian.jpg\" alt=\"Croatian Flag\">\r\n                    <div>\r\n                        <h4>Horvaatia keele s\u00f5navara<\/h4>\r\n                        <p>Laiendage oma horvaadi keele s\u00f5navara.<\/p>\r\n                    <\/div>\r\n                <\/div>\r\n            <\/div>\r\n        <\/a>\r\n\r\n            <\/section>","protected":false},"excerpt":{"rendered":"<p>Horvaatia keele grammatika teemad Horvaadi keel, l\u00f5unaslaavi keel, on Horvaatia ametlik keel ning \u00fcks Bosnia ja Hertsegoviina ametlikest keeltest. See on keeruline ja rikas keel, millel on pikk ajalugu ja ainulaadne grammatikas\u00fcsteem. \u00d5ppijate jaoks on keele valdamiseks oluline m\u00f5ista horvaadi keele grammatika p\u00f5hiaspekte. See juhend aitab teil navigeerida peamistes grammatikateemades, nagu ajavormid, tegus\u00f5nad, nimis\u00f5nad ja [&hellip;]<\/p>\n","protected":false},"author":6,"featured_media":110415,"parent":0,"menu_order":0,"comment_status":"closed","ping_status":"closed","template":"LearningContentPage.php","meta":{"_acf_changed":false,"footnotes":""},"class_list":["post-163967","page","type-page","status-publish","has-post-thumbnail","hentry"],"acf":[],"yoast_head":"<!-- This site is optimized with the Yoast SEO Premium plugin v27.2 (Yoast SEO v27.2) - https:\/\/yoast.com\/product\/yoast-seo-premium-wordpress\/ -->\n<title>Horvaatia keele grammatikaharjutused - Talkpal<\/title>\n<meta name=\"description\" content=\"\u00d5ppige horvaadi keelt t\u00f5husate horvaadi keele grammatika harjutuste abil, mis lihtsustavad kasutajate jaoks ajavormide, verbide ja nimis\u00f5nade \u00f5ppimist.\" \/>\n<meta name=\"robots\" content=\"index, follow, max-snippet:-1, max-image-preview:large, max-video-preview:-1\" \/>\n<link rel=\"canonical\" href=\"https:\/\/talkpal.ai\/et\/horvaatia-keele-grammatikaharjutused\/\" \/>\n<meta property=\"og:locale\" content=\"et_EE\" \/>\n<meta property=\"og:type\" content=\"article\" \/>\n<meta property=\"og:title\" content=\"Horvaatia keele grammatikaharjutused\" \/>\n<meta property=\"og:description\" content=\"Horvaatia keele grammatika teemad Horvaadi keel, l\u00f5unaslaavi keel, on Horvaatia ametlik keel ning \u00fcks Bosnia ja Hertsegoviina ametlikest keeltest. See on\" \/>\n<meta property=\"og:url\" content=\"https:\/\/talkpal.ai\/et\/horvaatia-keele-grammatikaharjutused\/\" \/>\n<meta property=\"og:site_name\" content=\"Talkpal\" \/>\n<meta property=\"article:publisher\" content=\"https:\/\/www.facebook.com\/profile.php?id=100090733639311\" \/>\n<meta property=\"article:modified_time\" content=\"2025-12-17T16:27:04+00:00\" \/>\n<meta property=\"og:image\" content=\"https:\/\/talkpal.ai\/wp-content\/uploads\/2023\/05\/croatia.png\" \/>\n\t<meta property=\"og:image:width\" content=\"512\" \/>\n\t<meta property=\"og:image:height\" content=\"512\" \/>\n\t<meta property=\"og:image:type\" content=\"image\/png\" \/>\n<meta name=\"twitter:card\" content=\"summary_large_image\" \/>\n<meta name=\"twitter:site\" content=\"@talkpalai\" \/>\n<meta name=\"twitter:label1\" content=\"Est. reading time\" \/>\n\t<meta name=\"twitter:data1\" content=\"3 minutit\" \/>\n<script type=\"application\/ld+json\" class=\"yoast-schema-graph\">{\"@context\":\"https:\/\/schema.org\",\"@graph\":[{\"@type\":\"WebPage\",\"@id\":\"https:\/\/talkpal.ai\/et\/horvaatia-keele-grammatikaharjutused\/\",\"url\":\"https:\/\/talkpal.ai\/et\/horvaatia-keele-grammatikaharjutused\/\",\"name\":\"Horvaatia keele grammatikaharjutused - Talkpal\",\"isPartOf\":{\"@id\":\"https:\/\/talkpal.ai\/et\/#website\"},\"primaryImageOfPage\":{\"@id\":\"https:\/\/talkpal.ai\/et\/horvaatia-keele-grammatikaharjutused\/#primaryimage\"},\"image\":{\"@id\":\"https:\/\/talkpal.ai\/et\/horvaatia-keele-grammatikaharjutused\/#primaryimage\"},\"thumbnailUrl\":\"https:\/\/talkpal.ai\/wp-content\/uploads\/2023\/05\/croatia.png\",\"datePublished\":\"2023-06-16T13:02:09+00:00\",\"dateModified\":\"2025-12-17T16:27:04+00:00\",\"description\":\"\u00d5ppige horvaadi keelt t\u00f5husate horvaadi keele grammatika harjutuste abil, mis lihtsustavad kasutajate jaoks ajavormide, verbide ja nimis\u00f5nade \u00f5ppimist.\",\"breadcrumb\":{\"@id\":\"https:\/\/talkpal.ai\/et\/horvaatia-keele-grammatikaharjutused\/#breadcrumb\"},\"inLanguage\":\"et\",\"potentialAction\":[{\"@type\":\"ReadAction\",\"target\":[\"https:\/\/talkpal.ai\/et\/horvaatia-keele-grammatikaharjutused\/\"]}]},{\"@type\":\"ImageObject\",\"inLanguage\":\"et\",\"@id\":\"https:\/\/talkpal.ai\/et\/horvaatia-keele-grammatikaharjutused\/#primaryimage\",\"url\":\"https:\/\/talkpal.ai\/wp-content\/uploads\/2023\/05\/croatia.png\",\"contentUrl\":\"https:\/\/talkpal.ai\/wp-content\/uploads\/2023\/05\/croatia.png\",\"width\":512,\"height\":512},{\"@type\":\"BreadcrumbList\",\"@id\":\"https:\/\/talkpal.ai\/et\/horvaatia-keele-grammatikaharjutused\/#breadcrumb\",\"itemListElement\":[{\"@type\":\"ListItem\",\"position\":1,\"name\":\"Homepage\",\"item\":\"https:\/\/talkpal.ai\/et\/\"},{\"@type\":\"ListItem\",\"position\":2,\"name\":\"Horvaatia keele grammatikaharjutused\"}]},{\"@type\":\"WebSite\",\"@id\":\"https:\/\/talkpal.ai\/et\/#website\",\"url\":\"https:\/\/talkpal.ai\/et\/\",\"name\":\"Talkpal\",\"description\":\"AI Language Learning\",\"publisher\":{\"@id\":\"https:\/\/talkpal.ai\/et\/#organization\"},\"alternateName\":\"Talkpal AI\",\"potentialAction\":[{\"@type\":\"SearchAction\",\"target\":{\"@type\":\"EntryPoint\",\"urlTemplate\":\"https:\/\/talkpal.ai\/et\/?s={search_term_string}\"},\"query-input\":{\"@type\":\"PropertyValueSpecification\",\"valueRequired\":true,\"valueName\":\"search_term_string\"}}],\"inLanguage\":\"et\"},{\"@type\":\"Organization\",\"@id\":\"https:\/\/talkpal.ai\/et\/#organization\",\"name\":\"Talkpal, Inc.\",\"alternateName\":\"Talkpal AI\",\"url\":\"https:\/\/talkpal.ai\/et\/\",\"logo\":{\"@type\":\"ImageObject\",\"inLanguage\":\"et\",\"@id\":\"https:\/\/talkpal.ai\/et\/#\/schema\/logo\/image\/\",\"url\":\"https:\/\/talkpal.ai\/wp-content\/uploads\/2024\/03\/Talkpal-Logo-Icon.png\",\"contentUrl\":\"https:\/\/talkpal.ai\/wp-content\/uploads\/2024\/03\/Talkpal-Logo-Icon.png\",\"width\":2880,\"height\":2880,\"caption\":\"Talkpal, Inc.\"},\"image\":{\"@id\":\"https:\/\/talkpal.ai\/et\/#\/schema\/logo\/image\/\"},\"sameAs\":[\"https:\/\/www.facebook.com\/profile.php?id=100090733639311\",\"https:\/\/x.com\/talkpalai\",\"https:\/\/www.linkedin.com\/company\/talkpal\/\",\"https:\/\/www.youtube.com\/@TalkPal\/\",\"https:\/\/www.tiktok.com\/@talkpal\",\"https:\/\/www.instagram.com\/talkpal_ai\/\",\"https:\/\/www.crunchbase.com\/organization\/talkpal-9cde\",\"https:\/\/www.g2.com\/products\/talkpal-for-business\/\",\"https:\/\/www.trustpilot.com\/review\/talkpal.ai\",\"https:\/\/www.capterra.com\/p\/10006800\/TalkPal\/\"],\"description\":\"Talkpal is a language learning web and mobile education app, powered by the latest AI technologies, that provides engaging experiences to its customers in many different languages to help them improve their language skills. Users can chat about unlimited amount of topics with the app and use other modes to practice their language learning.\",\"email\":\"support@talkpal.ai\",\"legalName\":\"Talkpal, Inc.\",\"foundingDate\":\"2023-04-03\",\"duns\":\"118989042\",\"numberOfEmployees\":{\"@type\":\"QuantitativeValue\",\"minValue\":\"11\",\"maxValue\":\"50\"},\"publishingPrinciples\":\"https:\/\/talkpal.ai\/publishing-principles\/\",\"actionableFeedbackPolicy\":\"https:\/\/talkpal.ai\/actionable-feedback-policy\/\",\"correctionsPolicy\":\"https:\/\/talkpal.ai\/corrections-policy\/\",\"ethicsPolicy\":\"https:\/\/talkpal.ai\/ethics-policy\/\",\"diversityPolicy\":\"https:\/\/talkpal.ai\/diversity-policy\/\",\"diversityStaffingReport\":\"https:\/\/talkpal.ai\/diversity-policy\/\"}]}<\/script>\n<!-- \/ Yoast SEO Premium plugin. -->","yoast_head_json":{"title":"Horvaatia keele grammatikaharjutused - Talkpal","description":"\u00d5ppige horvaadi keelt t\u00f5husate horvaadi keele grammatika harjutuste abil, mis lihtsustavad kasutajate jaoks ajavormide, verbide ja nimis\u00f5nade \u00f5ppimist.","robots":{"index":"index","follow":"follow","max-snippet":"max-snippet:-1","max-image-preview":"max-image-preview:large","max-video-preview":"max-video-preview:-1"},"canonical":"https:\/\/talkpal.ai\/et\/horvaatia-keele-grammatikaharjutused\/","og_locale":"et_EE","og_type":"article","og_title":"Horvaatia keele grammatikaharjutused","og_description":"Horvaatia keele grammatika teemad Horvaadi keel, l\u00f5unaslaavi keel, on Horvaatia ametlik keel ning \u00fcks Bosnia ja Hertsegoviina ametlikest keeltest. See on","og_url":"https:\/\/talkpal.ai\/et\/horvaatia-keele-grammatikaharjutused\/","og_site_name":"Talkpal","article_publisher":"https:\/\/www.facebook.com\/profile.php?id=100090733639311","article_modified_time":"2025-12-17T16:27:04+00:00","og_image":[{"width":512,"height":512,"url":"https:\/\/talkpal.ai\/wp-content\/uploads\/2023\/05\/croatia.png","type":"image\/png"}],"twitter_card":"summary_large_image","twitter_site":"@talkpalai","twitter_misc":{"Est. reading time":"3 minutit"},"schema":{"@context":"https:\/\/schema.org","@graph":[{"@type":"WebPage","@id":"https:\/\/talkpal.ai\/et\/horvaatia-keele-grammatikaharjutused\/","url":"https:\/\/talkpal.ai\/et\/horvaatia-keele-grammatikaharjutused\/","name":"Horvaatia keele grammatikaharjutused - Talkpal","isPartOf":{"@id":"https:\/\/talkpal.ai\/et\/#website"},"primaryImageOfPage":{"@id":"https:\/\/talkpal.ai\/et\/horvaatia-keele-grammatikaharjutused\/#primaryimage"},"image":{"@id":"https:\/\/talkpal.ai\/et\/horvaatia-keele-grammatikaharjutused\/#primaryimage"},"thumbnailUrl":"https:\/\/talkpal.ai\/wp-content\/uploads\/2023\/05\/croatia.png","datePublished":"2023-06-16T13:02:09+00:00","dateModified":"2025-12-17T16:27:04+00:00","description":"\u00d5ppige horvaadi keelt t\u00f5husate horvaadi keele grammatika harjutuste abil, mis lihtsustavad kasutajate jaoks ajavormide, verbide ja nimis\u00f5nade \u00f5ppimist.","breadcrumb":{"@id":"https:\/\/talkpal.ai\/et\/horvaatia-keele-grammatikaharjutused\/#breadcrumb"},"inLanguage":"et","potentialAction":[{"@type":"ReadAction","target":["https:\/\/talkpal.ai\/et\/horvaatia-keele-grammatikaharjutused\/"]}]},{"@type":"ImageObject","inLanguage":"et","@id":"https:\/\/talkpal.ai\/et\/horvaatia-keele-grammatikaharjutused\/#primaryimage","url":"https:\/\/talkpal.ai\/wp-content\/uploads\/2023\/05\/croatia.png","contentUrl":"https:\/\/talkpal.ai\/wp-content\/uploads\/2023\/05\/croatia.png","width":512,"height":512},{"@type":"BreadcrumbList","@id":"https:\/\/talkpal.ai\/et\/horvaatia-keele-grammatikaharjutused\/#breadcrumb","itemListElement":[{"@type":"ListItem","position":1,"name":"Homepage","item":"https:\/\/talkpal.ai\/et\/"},{"@type":"ListItem","position":2,"name":"Horvaatia keele grammatikaharjutused"}]},{"@type":"WebSite","@id":"https:\/\/talkpal.ai\/et\/#website","url":"https:\/\/talkpal.ai\/et\/","name":"Talkpal","description":"AI Language Learning","publisher":{"@id":"https:\/\/talkpal.ai\/et\/#organization"},"alternateName":"Talkpal AI","potentialAction":[{"@type":"SearchAction","target":{"@type":"EntryPoint","urlTemplate":"https:\/\/talkpal.ai\/et\/?s={search_term_string}"},"query-input":{"@type":"PropertyValueSpecification","valueRequired":true,"valueName":"search_term_string"}}],"inLanguage":"et"},{"@type":"Organization","@id":"https:\/\/talkpal.ai\/et\/#organization","name":"Talkpal, Inc.","alternateName":"Talkpal AI","url":"https:\/\/talkpal.ai\/et\/","logo":{"@type":"ImageObject","inLanguage":"et","@id":"https:\/\/talkpal.ai\/et\/#\/schema\/logo\/image\/","url":"https:\/\/talkpal.ai\/wp-content\/uploads\/2024\/03\/Talkpal-Logo-Icon.png","contentUrl":"https:\/\/talkpal.ai\/wp-content\/uploads\/2024\/03\/Talkpal-Logo-Icon.png","width":2880,"height":2880,"caption":"Talkpal, Inc."},"image":{"@id":"https:\/\/talkpal.ai\/et\/#\/schema\/logo\/image\/"},"sameAs":["https:\/\/www.facebook.com\/profile.php?id=100090733639311","https:\/\/x.com\/talkpalai","https:\/\/www.linkedin.com\/company\/talkpal\/","https:\/\/www.youtube.com\/@TalkPal\/","https:\/\/www.tiktok.com\/@talkpal","https:\/\/www.instagram.com\/talkpal_ai\/","https:\/\/www.crunchbase.com\/organization\/talkpal-9cde","https:\/\/www.g2.com\/products\/talkpal-for-business\/","https:\/\/www.trustpilot.com\/review\/talkpal.ai","https:\/\/www.capterra.com\/p\/10006800\/TalkPal\/"],"description":"Talkpal is a language learning web and mobile education app, powered by the latest AI technologies, that provides engaging experiences to its customers in many different languages to help them improve their language skills. Users can chat about unlimited amount of topics with the app and use other modes to practice their language learning.","email":"support@talkpal.ai","legalName":"Talkpal, Inc.","foundingDate":"2023-04-03","duns":"118989042","numberOfEmployees":{"@type":"QuantitativeValue","minValue":"11","maxValue":"50"},"publishingPrinciples":"https:\/\/talkpal.ai\/publishing-principles\/","actionableFeedbackPolicy":"https:\/\/talkpal.ai\/actionable-feedback-policy\/","correctionsPolicy":"https:\/\/talkpal.ai\/corrections-policy\/","ethicsPolicy":"https:\/\/talkpal.ai\/ethics-policy\/","diversityPolicy":"https:\/\/talkpal.ai\/diversity-policy\/","diversityStaffingReport":"https:\/\/talkpal.ai\/diversity-policy\/"}]}},"_links":{"self":[{"href":"https:\/\/talkpal.ai\/et\/wp-json\/wp\/v2\/pages\/163967","targetHints":{"allow":["GET"]}}],"collection":[{"href":"https:\/\/talkpal.ai\/et\/wp-json\/wp\/v2\/pages"}],"about":[{"href":"https:\/\/talkpal.ai\/et\/wp-json\/wp\/v2\/types\/page"}],"author":[{"embeddable":true,"href":"https:\/\/talkpal.ai\/et\/wp-json\/wp\/v2\/users\/6"}],"replies":[{"embeddable":true,"href":"https:\/\/talkpal.ai\/et\/wp-json\/wp\/v2\/comments?post=163967"}],"version-history":[{"count":0,"href":"https:\/\/talkpal.ai\/et\/wp-json\/wp\/v2\/pages\/163967\/revisions"}],"wp:featuredmedia":[{"embeddable":true,"href":"https:\/\/talkpal.ai\/et\/wp-json\/wp\/v2\/media\/110415"}],"wp:attachment":[{"href":"https:\/\/talkpal.ai\/et\/wp-json\/wp\/v2\/media?parent=163967"}],"curies":[{"name":"wp","href":"https:\/\/api.w.org\/{rel}","templated":true}]}}