{"id":163295,"date":"2023-06-16T13:19:10","date_gmt":"2023-06-16T13:19:10","guid":{"rendered":"http:\/\/talkpal.ai\/taani-keele-grammatikaharjutused\/"},"modified":"2025-12-17T16:32:09","modified_gmt":"2025-12-17T16:32:09","slug":"taani-keele-grammatikaharjutused","status":"publish","type":"page","link":"https:\/\/talkpal.ai\/et\/taani-keele-grammatikaharjutused\/","title":{"rendered":"Taani keele grammatikaharjutused"},"content":{"rendered":"\r\n\r\n\r\n<section class=\"languageChallengeSection\">\r\n    <div class=\"languageInfoWrapper\">\r\n        \r\n        <h1>Taani keele grammatikaharjutused<\/h1>\r\n        <p>Kas olete valmis oma <a href=\"https:\/\/talkpal.ai\/learn-danish\/\">taani<\/a> keelt parandama? Grammatikaharjutused on suurep\u00e4rane v\u00f5imalus omandada lauseehitust, verbi\u00fchendusi ja taani keele erip\u00e4ra. Alustage <a href=\"https:\/\/talkpal.ai\/danish-grammar\/\">taani keele grammatika<\/a> treenimist juba t\u00e4na ja vaadake, kuidas teie oskused ja enesekindlus kasvavad iga harjutusega!\n\n<\/p>\r\n\r\n                            <a class=\"getStartedHidden\" href=\"https:\/\/app.talkpal.ai\/et\/signup?lng=\">Alusta<\/a>\r\n        \r\n    <\/div>\r\n\r\n    <figure>\r\n    <img decoding=\"async\" width=\"768\" height=\"768\" src=\"https:\/\/talkpal.ai\/wp-content\/uploads\/2023\/06\/danish-768x768.png\" class=\"languageImage no-lazy\" alt=\"Language learning for career enhancement\" fetchpriority=\"high\" sizes=\"(max-width: 768px) 150px, 768px\" srcset=\"https:\/\/talkpal.ai\/wp-content\/uploads\/2023\/06\/danish-768x768.png 768w, https:\/\/talkpal.ai\/wp-content\/uploads\/2023\/06\/danish-300x300.png 300w\" \/>\r\n    \r\n\r\n    <\/figure>\r\n\r\n            <a class=\"getStartedVisible\" href=\"https:\/\/app.talkpal.ai\/et\/signup?lng=\">Alusta<\/a>\r\n    \r\n<\/section>\r\n\r\n\r\n<!-- <section class=\"grammarSection\">\r\n    <div class=\"grammarLinks\">\r\n            <\/div>\r\n<\/section> -->\r\n\r\n\r\n\r\n\r\n<section class=\"promotionalBanner\">\r\n    <p class=\"promotionalText\">K\u00f5ige t\u00f5husam viis keele \u00f5ppimiseks<\/p>\r\n    <a class=\"promotionalLink\" href=\"https:\/\/app.talkpal.ai\/et\/signup?lng=\">Proovige Talkpal tasuta<\/a>\r\n<\/section>\n<div class=\"wp-block-group pageContainerStyle\"><div class=\"wp-block-group__inner-container is-layout-constrained wp-block-group-is-layout-constrained\">\n<h2 class=\"wp-block-heading\" id=\"h-danish-grammar-topics\">Taani keele grammatika teemad<\/h2>\n\n\n\n<p>Taani keele <a href=\"https:\/\/talkpal.ai\/et\/oppimine\/\">\u00f5ppimine<\/a> v\u00f5ib olla rahuldust pakkuv ja nauditav kogemus neile, kes on huvitatud Taani rikkaliku kultuuri ja ajaloo uurimisest. P\u00f5hjagermaani keelena on taani keelel palju sarnasusi teiste Skandinaavia keeltega nagu <a href=\"https:\/\/talkpal.ai\/learn-swedish\/\">rootsi<\/a> ja <a href=\"https:\/\/talkpal.ai\/et\/opi-norra-keel\/\">norra keel<\/a>. Taani keele omandamisega avate v\u00f5imalusi suhelda emakeelena k\u00f5nelejatega, nautida taani kirjandust ja s\u00fcvendada oma arusaamist Taani \u00fchiskonnast. Taani keele sujuvuse saavutamiseks on oluline tutvuda erinevate grammatikateemadega, mis on keele ehituskivid. Selles juhendis uurime j\u00e4rjestust, mida peaksite <a href=\"https:\/\/talkpal.ai\/danish-grammar\/\">taani keele grammatika<\/a> \u00f5ppimisel j\u00e4rgima, h\u00f5lmates selliseid teemasid nagu ajavormid, tegus\u00f5nad, nimis\u00f5nad ja palju muud.<\/p>\n\n\n\n<h3 class=\"wp-block-heading\" id=\"h-1-nouns-articles-and-pronouns-determiners\">1. Nimis\u00f5nad, artiklid ja ases\u00f5nad\/m\u00e4\u00e4rajad:<\/h3>\n\n\n\n<p>Alustuseks \u00f5ppige Taani nimis\u00f5nade p\u00f5hit\u00f5desid, sealhulgas nende sugu ja arvu. Tutvuge kindlate ja m\u00e4\u00e4ramata artiklitega, samuti erinevate ases\u00f5nat\u00fc\u00fcpide ja m\u00e4\u00e4rajatega. See aitab teil luua tugeva aluse lihtsate lausete moodustamiseks.<\/p>\n\n\n\n<h3 class=\"wp-block-heading\" id=\"h-2-adjectives-and-adverbs\">2. Omaduss\u00f5nad ja m\u00e4\u00e4rs\u00f5nad:<\/h3>\n\n\n\n<p>P\u00e4rast nimis\u00f5nade ja ases\u00f5nade p\u00f5hit\u00f5dede m\u00f5istmist liikuge omaduss\u00f5nade ja adverbide juurde. Siit saate teada, kuidas kirjeldada nimis\u00f5nu \u00f5ige omaduss\u00f5nalise kokkuleppega ja kasutada m\u00e4\u00e4rs\u00f5nu tegus\u00f5nade, omaduss\u00f5nade ja muude m\u00e4\u00e4rs\u00f5nade muutmiseks.<\/p>\n\n\n\n<h3 class=\"wp-block-heading\" id=\"h-3-verbs-and-tenses\">3. Tegus\u00f5nad ja ajavormid:<\/h3>\n\n\n\n<p>\u00d5ppige korrap\u00e4raste ja ebaregulaarsete verbide konjugatsiooni olevikus, minevikus ja tulevikus. Pingelise v\u00f5rdluse m\u00f5istmine aitab teil v\u00e4ljendada erinevatel aegadel toimuvaid tegevusi v\u00f5i s\u00fcndmusi.<\/p>\n\n\n\n<h3 class=\"wp-block-heading\" id=\"h-4-progressive-and-perfect-progressive\">4. Progressiivne ja t\u00e4iuslik progressiivne:<\/h3>\n\n\n\n<p>Need taani keele <a href=\"https:\/\/talkpal.ai\/greek-grammar\/\">grammatika<\/a> aspektid v\u00f5imaldavad teil kirjeldada k\u00e4imasolevaid tegevusi v\u00f5i s\u00fcndmusi ja toiminguid, mis on l\u00f5pule viidud, kuid on endiselt asjakohased. \u00d5ppige sobivaid verbivorme ja abis\u00f5nu, mida kasutatakse progressiivsetes ja t\u00e4iuslikes progressiivsetes aegades.<\/p>\n\n\n\n<h3 class=\"wp-block-heading\" id=\"h-5-prepositions\">5. Eess\u00f5nad:<\/h3>\n\n\n\n<p>Uurige eess\u00f5nade kasutamist s\u00f5nadevaheliste seoste v\u00e4ljendamiseks, nagu asukoht, suund, aeg ja p\u00f5hjus.<\/p>\n\n\n\n<h3 class=\"wp-block-heading\" id=\"h-6-sentences\">6. Laused:<\/h3>\n\n\n\n<p>\u00d5ppige konstrueerima lihtsaid ja keerulisi lauseid, kasutades \u00f5iget s\u00f5nade j\u00e4rjekorda, mis on taani keeles selge ja t\u00f5husa suhtluse jaoks h\u00e4davajalik.<\/p>\n\n\n\n<h3 class=\"wp-block-heading\" id=\"h-7-conditionals\">7. Tingimused:<\/h3>\n\n\n\n<p>L\u00f5puks tutvuge erinevate tingimustega, mida taani keeles kasutatakse h\u00fcpoteetiliste olukordade ja nende tagaj\u00e4rgede v\u00e4ljendamiseks.<\/p>\n\n\n\n<p>Seda j\u00e4rjestust j\u00e4rgides saate s\u00fcstemaatiliselt arendada oma teadmisi taani keele grammatikast ja arendada oskusi, mis on vajalikud keeles t\u00f5husaks suhtlemiseks. \u00c4rge unustage regulaarselt harjutada ja parimate tulemuste saavutamiseks sukelduge v\u00f5imalikult palju keelde.<\/p>\n<\/div><\/div>\n\r\n<section class=\"learnNavigationSection\">\r\n            \r\n        <a href=\"https:\/\/talkpal.ai\/et\/opi-taani-keel\/\">\r\n            <div class=\"learnNavigationWrapper\">\r\n                <div class=\"learnNavigationContent\">\r\n                    <img decoding=\"async\" src=\"https:\/\/talkpal.ai\/wp-content\/uploads\/2024\/08\/Danish.jpg\" alt=\"Danish Flag\">\r\n                    <div>\r\n                        <h4>Taani \u00f5ppimise kohta<\/h4>\r\n                        <p>Uuri k\u00f5ike taani keele grammatika kohta.<\/p>\r\n                    <\/div>\r\n                <\/div>\r\n            <\/div>\r\n        <\/a>\r\n\r\n        \r\n        <a href=\"https:\/\/talkpal.ai\/et\/taani-keele-grammatika\/\">\r\n            <div class=\"learnNavigationWrapper\">\r\n                <div class=\"learnNavigationContent\">\r\n                    <img decoding=\"async\" src=\"https:\/\/talkpal.ai\/wp-content\/uploads\/2024\/08\/Danish.jpg\" alt=\"Danish Flag\">\r\n                    <div>\r\n                        <h4>Taani keele grammatika tunnid<\/h4>\r\n                        <p>Harjutage taani keele grammatikat.<\/p>\r\n                    <\/div>\r\n                <\/div>\r\n            <\/div>\r\n        <\/a>\r\n\r\n        \r\n        <a href=\"https:\/\/talkpal.ai\/vocabulary_language\/danish\/\">\r\n            <div class=\"learnNavigationWrapper\">\r\n                <div class=\"learnNavigationContent\">\r\n                    <img decoding=\"async\" src=\"https:\/\/talkpal.ai\/wp-content\/uploads\/2024\/08\/Danish.jpg\" alt=\"Danish Flag\">\r\n                    <div>\r\n                        <h4>Taani keele s\u00f5navara<\/h4>\r\n                        <p>Laiendage oma taani keele s\u00f5navara.<\/p>\r\n                    <\/div>\r\n                <\/div>\r\n            <\/div>\r\n        <\/a>\r\n\r\n            <\/section>","protected":false},"excerpt":{"rendered":"<p>Taani keele grammatika teemad Taani keele \u00f5ppimine v\u00f5ib olla rahuldust pakkuv ja nauditav kogemus neile, kes on huvitatud Taani rikkaliku kultuuri ja ajaloo uurimisest. P\u00f5hjagermaani keelena on taani keelel palju sarnasusi teiste Skandinaavia keeltega nagu rootsi ja norra keel. Taani keele omandamisega avate v\u00f5imalusi suhelda emakeelena k\u00f5nelejatega, nautida taani kirjandust ja s\u00fcvendada oma arusaamist Taani [&hellip;]<\/p>\n","protected":false},"author":6,"featured_media":110948,"parent":0,"menu_order":0,"comment_status":"closed","ping_status":"closed","template":"LearningContentPage.php","meta":{"_acf_changed":false,"footnotes":""},"class_list":["post-163295","page","type-page","status-publish","has-post-thumbnail","hentry"],"acf":[],"yoast_head":"<!-- This site is optimized with the Yoast SEO Premium plugin v27.2 (Yoast SEO v27.2) - https:\/\/yoast.com\/product\/yoast-seo-premium-wordpress\/ -->\n<title>Taani keele grammatikaharjutused - Talkpal<\/title>\n<meta name=\"description\" content=\"Avage taani keele grammatika harjutuste saladused, et parandada oma keeleoskust ja luua t\u00f5hus side taani kultuuriga.\" \/>\n<meta name=\"robots\" content=\"index, follow, max-snippet:-1, max-image-preview:large, max-video-preview:-1\" \/>\n<link rel=\"canonical\" href=\"https:\/\/talkpal.ai\/et\/taani-keele-grammatikaharjutused\/\" \/>\n<meta property=\"og:locale\" content=\"et_EE\" \/>\n<meta property=\"og:type\" content=\"article\" \/>\n<meta property=\"og:title\" content=\"Taani keele grammatikaharjutused\" \/>\n<meta property=\"og:description\" content=\"Taani keele grammatika teemad Taani keele \u00f5ppimine v\u00f5ib olla rahuldust pakkuv ja nauditav kogemus neile, kes on huvitatud Taani rikkaliku kultuuri ja\" \/>\n<meta property=\"og:url\" content=\"https:\/\/talkpal.ai\/et\/taani-keele-grammatikaharjutused\/\" \/>\n<meta property=\"og:site_name\" content=\"Talkpal\" \/>\n<meta property=\"article:publisher\" content=\"https:\/\/www.facebook.com\/profile.php?id=100090733639311\" \/>\n<meta property=\"article:modified_time\" content=\"2025-12-17T16:32:09+00:00\" \/>\n<meta property=\"og:image\" content=\"https:\/\/talkpal.ai\/wp-content\/uploads\/2023\/05\/denmark.png\" \/>\n\t<meta property=\"og:image:width\" content=\"512\" \/>\n\t<meta property=\"og:image:height\" content=\"512\" \/>\n\t<meta property=\"og:image:type\" content=\"image\/png\" \/>\n<meta name=\"twitter:card\" content=\"summary_large_image\" \/>\n<meta name=\"twitter:site\" content=\"@talkpalai\" \/>\n<meta name=\"twitter:label1\" content=\"Est. reading time\" \/>\n\t<meta name=\"twitter:data1\" content=\"2 minutit\" \/>\n<script type=\"application\/ld+json\" class=\"yoast-schema-graph\">{\"@context\":\"https:\/\/schema.org\",\"@graph\":[{\"@type\":\"WebPage\",\"@id\":\"https:\/\/talkpal.ai\/et\/taani-keele-grammatikaharjutused\/\",\"url\":\"https:\/\/talkpal.ai\/et\/taani-keele-grammatikaharjutused\/\",\"name\":\"Taani keele grammatikaharjutused - Talkpal\",\"isPartOf\":{\"@id\":\"https:\/\/talkpal.ai\/et\/#website\"},\"primaryImageOfPage\":{\"@id\":\"https:\/\/talkpal.ai\/et\/taani-keele-grammatikaharjutused\/#primaryimage\"},\"image\":{\"@id\":\"https:\/\/talkpal.ai\/et\/taani-keele-grammatikaharjutused\/#primaryimage\"},\"thumbnailUrl\":\"https:\/\/talkpal.ai\/wp-content\/uploads\/2023\/05\/denmark.png\",\"datePublished\":\"2023-06-16T13:19:10+00:00\",\"dateModified\":\"2025-12-17T16:32:09+00:00\",\"description\":\"Avage taani keele grammatika harjutuste saladused, et parandada oma keeleoskust ja luua t\u00f5hus side taani kultuuriga.\",\"breadcrumb\":{\"@id\":\"https:\/\/talkpal.ai\/et\/taani-keele-grammatikaharjutused\/#breadcrumb\"},\"inLanguage\":\"et\",\"potentialAction\":[{\"@type\":\"ReadAction\",\"target\":[\"https:\/\/talkpal.ai\/et\/taani-keele-grammatikaharjutused\/\"]}]},{\"@type\":\"ImageObject\",\"inLanguage\":\"et\",\"@id\":\"https:\/\/talkpal.ai\/et\/taani-keele-grammatikaharjutused\/#primaryimage\",\"url\":\"https:\/\/talkpal.ai\/wp-content\/uploads\/2023\/05\/denmark.png\",\"contentUrl\":\"https:\/\/talkpal.ai\/wp-content\/uploads\/2023\/05\/denmark.png\",\"width\":512,\"height\":512},{\"@type\":\"BreadcrumbList\",\"@id\":\"https:\/\/talkpal.ai\/et\/taani-keele-grammatikaharjutused\/#breadcrumb\",\"itemListElement\":[{\"@type\":\"ListItem\",\"position\":1,\"name\":\"Homepage\",\"item\":\"https:\/\/talkpal.ai\/et\/\"},{\"@type\":\"ListItem\",\"position\":2,\"name\":\"Taani keele grammatikaharjutused\"}]},{\"@type\":\"WebSite\",\"@id\":\"https:\/\/talkpal.ai\/et\/#website\",\"url\":\"https:\/\/talkpal.ai\/et\/\",\"name\":\"Talkpal\",\"description\":\"AI Language Learning\",\"publisher\":{\"@id\":\"https:\/\/talkpal.ai\/et\/#organization\"},\"alternateName\":\"Talkpal AI\",\"potentialAction\":[{\"@type\":\"SearchAction\",\"target\":{\"@type\":\"EntryPoint\",\"urlTemplate\":\"https:\/\/talkpal.ai\/et\/?s={search_term_string}\"},\"query-input\":{\"@type\":\"PropertyValueSpecification\",\"valueRequired\":true,\"valueName\":\"search_term_string\"}}],\"inLanguage\":\"et\"},{\"@type\":\"Organization\",\"@id\":\"https:\/\/talkpal.ai\/et\/#organization\",\"name\":\"Talkpal, Inc.\",\"alternateName\":\"Talkpal AI\",\"url\":\"https:\/\/talkpal.ai\/et\/\",\"logo\":{\"@type\":\"ImageObject\",\"inLanguage\":\"et\",\"@id\":\"https:\/\/talkpal.ai\/et\/#\/schema\/logo\/image\/\",\"url\":\"https:\/\/talkpal.ai\/wp-content\/uploads\/2024\/03\/Talkpal-Logo-Icon.png\",\"contentUrl\":\"https:\/\/talkpal.ai\/wp-content\/uploads\/2024\/03\/Talkpal-Logo-Icon.png\",\"width\":2880,\"height\":2880,\"caption\":\"Talkpal, Inc.\"},\"image\":{\"@id\":\"https:\/\/talkpal.ai\/et\/#\/schema\/logo\/image\/\"},\"sameAs\":[\"https:\/\/www.facebook.com\/profile.php?id=100090733639311\",\"https:\/\/x.com\/talkpalai\",\"https:\/\/www.linkedin.com\/company\/talkpal\/\",\"https:\/\/www.youtube.com\/@TalkPal\/\",\"https:\/\/www.tiktok.com\/@talkpal\",\"https:\/\/www.instagram.com\/talkpal_ai\/\",\"https:\/\/www.crunchbase.com\/organization\/talkpal-9cde\",\"https:\/\/www.g2.com\/products\/talkpal-for-business\/\",\"https:\/\/www.trustpilot.com\/review\/talkpal.ai\",\"https:\/\/www.capterra.com\/p\/10006800\/TalkPal\/\"],\"description\":\"Talkpal is a language learning web and mobile education app, powered by the latest AI technologies, that provides engaging experiences to its customers in many different languages to help them improve their language skills. Users can chat about unlimited amount of topics with the app and use other modes to practice their language learning.\",\"email\":\"support@talkpal.ai\",\"legalName\":\"Talkpal, Inc.\",\"foundingDate\":\"2023-04-03\",\"duns\":\"118989042\",\"numberOfEmployees\":{\"@type\":\"QuantitativeValue\",\"minValue\":\"11\",\"maxValue\":\"50\"},\"publishingPrinciples\":\"https:\/\/talkpal.ai\/publishing-principles\/\",\"actionableFeedbackPolicy\":\"https:\/\/talkpal.ai\/actionable-feedback-policy\/\",\"correctionsPolicy\":\"https:\/\/talkpal.ai\/corrections-policy\/\",\"ethicsPolicy\":\"https:\/\/talkpal.ai\/ethics-policy\/\",\"diversityPolicy\":\"https:\/\/talkpal.ai\/diversity-policy\/\",\"diversityStaffingReport\":\"https:\/\/talkpal.ai\/diversity-policy\/\"}]}<\/script>\n<!-- \/ Yoast SEO Premium plugin. -->","yoast_head_json":{"title":"Taani keele grammatikaharjutused - Talkpal","description":"Avage taani keele grammatika harjutuste saladused, et parandada oma keeleoskust ja luua t\u00f5hus side taani kultuuriga.","robots":{"index":"index","follow":"follow","max-snippet":"max-snippet:-1","max-image-preview":"max-image-preview:large","max-video-preview":"max-video-preview:-1"},"canonical":"https:\/\/talkpal.ai\/et\/taani-keele-grammatikaharjutused\/","og_locale":"et_EE","og_type":"article","og_title":"Taani keele grammatikaharjutused","og_description":"Taani keele grammatika teemad Taani keele \u00f5ppimine v\u00f5ib olla rahuldust pakkuv ja nauditav kogemus neile, kes on huvitatud Taani rikkaliku kultuuri ja","og_url":"https:\/\/talkpal.ai\/et\/taani-keele-grammatikaharjutused\/","og_site_name":"Talkpal","article_publisher":"https:\/\/www.facebook.com\/profile.php?id=100090733639311","article_modified_time":"2025-12-17T16:32:09+00:00","og_image":[{"width":512,"height":512,"url":"https:\/\/talkpal.ai\/wp-content\/uploads\/2023\/05\/denmark.png","type":"image\/png"}],"twitter_card":"summary_large_image","twitter_site":"@talkpalai","twitter_misc":{"Est. reading time":"2 minutit"},"schema":{"@context":"https:\/\/schema.org","@graph":[{"@type":"WebPage","@id":"https:\/\/talkpal.ai\/et\/taani-keele-grammatikaharjutused\/","url":"https:\/\/talkpal.ai\/et\/taani-keele-grammatikaharjutused\/","name":"Taani keele grammatikaharjutused - Talkpal","isPartOf":{"@id":"https:\/\/talkpal.ai\/et\/#website"},"primaryImageOfPage":{"@id":"https:\/\/talkpal.ai\/et\/taani-keele-grammatikaharjutused\/#primaryimage"},"image":{"@id":"https:\/\/talkpal.ai\/et\/taani-keele-grammatikaharjutused\/#primaryimage"},"thumbnailUrl":"https:\/\/talkpal.ai\/wp-content\/uploads\/2023\/05\/denmark.png","datePublished":"2023-06-16T13:19:10+00:00","dateModified":"2025-12-17T16:32:09+00:00","description":"Avage taani keele grammatika harjutuste saladused, et parandada oma keeleoskust ja luua t\u00f5hus side taani kultuuriga.","breadcrumb":{"@id":"https:\/\/talkpal.ai\/et\/taani-keele-grammatikaharjutused\/#breadcrumb"},"inLanguage":"et","potentialAction":[{"@type":"ReadAction","target":["https:\/\/talkpal.ai\/et\/taani-keele-grammatikaharjutused\/"]}]},{"@type":"ImageObject","inLanguage":"et","@id":"https:\/\/talkpal.ai\/et\/taani-keele-grammatikaharjutused\/#primaryimage","url":"https:\/\/talkpal.ai\/wp-content\/uploads\/2023\/05\/denmark.png","contentUrl":"https:\/\/talkpal.ai\/wp-content\/uploads\/2023\/05\/denmark.png","width":512,"height":512},{"@type":"BreadcrumbList","@id":"https:\/\/talkpal.ai\/et\/taani-keele-grammatikaharjutused\/#breadcrumb","itemListElement":[{"@type":"ListItem","position":1,"name":"Homepage","item":"https:\/\/talkpal.ai\/et\/"},{"@type":"ListItem","position":2,"name":"Taani keele grammatikaharjutused"}]},{"@type":"WebSite","@id":"https:\/\/talkpal.ai\/et\/#website","url":"https:\/\/talkpal.ai\/et\/","name":"Talkpal","description":"AI Language Learning","publisher":{"@id":"https:\/\/talkpal.ai\/et\/#organization"},"alternateName":"Talkpal AI","potentialAction":[{"@type":"SearchAction","target":{"@type":"EntryPoint","urlTemplate":"https:\/\/talkpal.ai\/et\/?s={search_term_string}"},"query-input":{"@type":"PropertyValueSpecification","valueRequired":true,"valueName":"search_term_string"}}],"inLanguage":"et"},{"@type":"Organization","@id":"https:\/\/talkpal.ai\/et\/#organization","name":"Talkpal, Inc.","alternateName":"Talkpal AI","url":"https:\/\/talkpal.ai\/et\/","logo":{"@type":"ImageObject","inLanguage":"et","@id":"https:\/\/talkpal.ai\/et\/#\/schema\/logo\/image\/","url":"https:\/\/talkpal.ai\/wp-content\/uploads\/2024\/03\/Talkpal-Logo-Icon.png","contentUrl":"https:\/\/talkpal.ai\/wp-content\/uploads\/2024\/03\/Talkpal-Logo-Icon.png","width":2880,"height":2880,"caption":"Talkpal, Inc."},"image":{"@id":"https:\/\/talkpal.ai\/et\/#\/schema\/logo\/image\/"},"sameAs":["https:\/\/www.facebook.com\/profile.php?id=100090733639311","https:\/\/x.com\/talkpalai","https:\/\/www.linkedin.com\/company\/talkpal\/","https:\/\/www.youtube.com\/@TalkPal\/","https:\/\/www.tiktok.com\/@talkpal","https:\/\/www.instagram.com\/talkpal_ai\/","https:\/\/www.crunchbase.com\/organization\/talkpal-9cde","https:\/\/www.g2.com\/products\/talkpal-for-business\/","https:\/\/www.trustpilot.com\/review\/talkpal.ai","https:\/\/www.capterra.com\/p\/10006800\/TalkPal\/"],"description":"Talkpal is a language learning web and mobile education app, powered by the latest AI technologies, that provides engaging experiences to its customers in many different languages to help them improve their language skills. Users can chat about unlimited amount of topics with the app and use other modes to practice their language learning.","email":"support@talkpal.ai","legalName":"Talkpal, Inc.","foundingDate":"2023-04-03","duns":"118989042","numberOfEmployees":{"@type":"QuantitativeValue","minValue":"11","maxValue":"50"},"publishingPrinciples":"https:\/\/talkpal.ai\/publishing-principles\/","actionableFeedbackPolicy":"https:\/\/talkpal.ai\/actionable-feedback-policy\/","correctionsPolicy":"https:\/\/talkpal.ai\/corrections-policy\/","ethicsPolicy":"https:\/\/talkpal.ai\/ethics-policy\/","diversityPolicy":"https:\/\/talkpal.ai\/diversity-policy\/","diversityStaffingReport":"https:\/\/talkpal.ai\/diversity-policy\/"}]}},"_links":{"self":[{"href":"https:\/\/talkpal.ai\/et\/wp-json\/wp\/v2\/pages\/163295","targetHints":{"allow":["GET"]}}],"collection":[{"href":"https:\/\/talkpal.ai\/et\/wp-json\/wp\/v2\/pages"}],"about":[{"href":"https:\/\/talkpal.ai\/et\/wp-json\/wp\/v2\/types\/page"}],"author":[{"embeddable":true,"href":"https:\/\/talkpal.ai\/et\/wp-json\/wp\/v2\/users\/6"}],"replies":[{"embeddable":true,"href":"https:\/\/talkpal.ai\/et\/wp-json\/wp\/v2\/comments?post=163295"}],"version-history":[{"count":0,"href":"https:\/\/talkpal.ai\/et\/wp-json\/wp\/v2\/pages\/163295\/revisions"}],"wp:featuredmedia":[{"embeddable":true,"href":"https:\/\/talkpal.ai\/et\/wp-json\/wp\/v2\/media\/110948"}],"wp:attachment":[{"href":"https:\/\/talkpal.ai\/et\/wp-json\/wp\/v2\/media?parent=163295"}],"curies":[{"name":"wp","href":"https:\/\/api.w.org\/{rel}","templated":true}]}}