{"id":162465,"date":"2023-06-21T14:18:43","date_gmt":"2023-06-21T14:18:43","guid":{"rendered":"http:\/\/talkpal.ai\/kreeka-keele-grammatika-harjutused\/"},"modified":"2025-12-17T16:05:00","modified_gmt":"2025-12-17T16:05:00","slug":"kreeka-keele-grammatika-harjutused","status":"publish","type":"page","link":"https:\/\/talkpal.ai\/et\/kreeka-keele-grammatika-harjutused\/","title":{"rendered":"Kreeka keele grammatika harjutused"},"content":{"rendered":"\r\n\r\n\r\n<section class=\"languageChallengeSection\">\r\n    <div class=\"languageInfoWrapper\">\r\n        \r\n        <h1>Kreeka keele grammatika harjutused<\/h1>\r\n        <p>Teeme <a href=\"https:\/\/talkpal.ai\/learn-greek\/\">kreeka<\/a> keele \u00f5ppimise l\u00f5busaks ja lihtsaks! Proovige neid lihtsaid harjutusi, et harjutada <a href=\"https:\/\/talkpal.ai\/et\/kreeka-keele-oppimine-lihtsad-nipid-ja-tohusad-meetodid-algajatele\/\">kreeka keele grammatika<\/a> p\u00f5hit\u00f5desid ja alustada oma keele\u00f5pet.<\/p>\r\n\r\n                            <a class=\"getStartedHidden\" href=\"https:\/\/app.talkpal.ai\/et\/signup?lng=\">Alusta<\/a>\r\n        \r\n    <\/div>\r\n\r\n    <figure>\r\n    <img decoding=\"async\" width=\"768\" height=\"768\" src=\"https:\/\/talkpal.ai\/wp-content\/uploads\/2023\/06\/greek-768x768.png\" class=\"languageImage no-lazy\" alt=\"Language learning to boost personal capability\" fetchpriority=\"high\" sizes=\"(max-width: 768px) 150px, 768px\" srcset=\"https:\/\/talkpal.ai\/wp-content\/uploads\/2023\/06\/greek-768x768.png 768w, https:\/\/talkpal.ai\/wp-content\/uploads\/2023\/06\/greek-300x300.png 300w\" \/>\r\n    \r\n\r\n    <\/figure>\r\n\r\n            <a class=\"getStartedVisible\" href=\"https:\/\/app.talkpal.ai\/et\/signup?lng=\">Alusta<\/a>\r\n    \r\n<\/section>\r\n\r\n\r\n<!-- <section class=\"grammarSection\">\r\n    <div class=\"grammarLinks\">\r\n            <\/div>\r\n<\/section> -->\r\n\r\n\r\n\r\n\r\n<section class=\"promotionalBanner\">\r\n    <p class=\"promotionalText\">K\u00f5ige t\u00f5husam viis keele \u00f5ppimiseks<\/p>\r\n    <a class=\"promotionalLink\" href=\"https:\/\/app.talkpal.ai\/et\/signup?lng=\">Proovige Talkpal tasuta<\/a>\r\n<\/section>\n<div class=\"wp-block-group pageContainerStyle\"><div class=\"wp-block-group__inner-container is-layout-constrained wp-block-group-is-layout-constrained\">\n<h2 class=\"wp-block-heading\" id=\"h-greek-grammar-topics\">Kreeka keele grammatika teemad<\/h2>\n\n\n\n<p><a href=\"https:\/\/talkpal.ai\/et\/parimad-nipid-ja-ressursid-kreeka-keele-oppeks-kiiresti-ja-tohusalt\/\">Kreeka keele \u00f5ppimine<\/a> v\u00f5ib olla uskumatult rahuldust pakkuv kogemus, kuna see pakub v\u00e4ravat rikkasse ja mitmekesisesse kultuuri, kirjandusse ja ajalukku. Kreeka keelel on ainulaadne grammatiline struktuur, mida v\u00f5ib olla p\u00f5nev uurida. Kreeka keele grammatikaga tutvumine on keele valdamiseks h\u00e4davajalik, kuna see v\u00f5imaldab teil t\u00f5husalt ja t\u00e4pselt suhelda. See juhend annab teile \u00fclevaate m\u00f5nedest <a href=\"https:\/\/talkpal.ai\/et\/kreeka-keele-oppimine-lihtsad-nipid-ja-tohusad-meetodid-algajatele\/\">kreeka keele grammatika<\/a> p\u00f5hiteemadest, mis on r\u00fchmitatud keele \u00f5ppimist soodustavasse j\u00e4rjestusse. Alates ajavormidest ja tegus\u00f5nadest kuni eess\u00f5nade ja lauseteni viib see juhend teid kreeka keele oskuse omandamise teele.<\/p>\n\n\n\n<h3 class=\"wp-block-heading\" id=\"h-1-nouns\">1. Nimis\u00f5nad:<\/h3>\n\n\n\n<p>Nimis\u00f5nad on mis tahes keele ehituskivid ja <a href=\"https:\/\/talkpal.ai\/et\/opi-kreeka-keel\/\">kreeka keel<\/a> ei ole erand. Neid kasutatakse inimeste, kohtade, asjade v\u00f5i ideede esindamiseks. Kreeka keeles on nimis\u00f5nadel sugu (mehelik, naiselik v\u00f5i neuter), arv (ainsus v\u00f5i mitmus) ja juhtum (nominatiivne, genitiivne, akusatiivne v\u00f5i kutsuv). Nende omaduste ja nende k\u00e4\u00e4nete m\u00f5istmine on lausete moodustamisel \u00fclioluline.<\/p>\n\n\n\n<h3 class=\"wp-block-heading\" id=\"h-2-articles\">2. Artiklid:<\/h3>\n\n\n\n<p>Kreekakeelsed artiklid on olulised nimis\u00f5na kindluse t\u00e4psustamiseks. Nad n\u00f5ustuvad nimis\u00f5naga soo, arvu ja juhtumi osas. On olemas l\u00f5plikud (vastab &#8216;the&#8217;) ja m\u00e4\u00e4ramata (vastab &#8216;a&#8217; v\u00f5i &#8216;an&#8217;) artiklid, mida tuleb \u00f5ppida ja \u00f5igesti kasutada.<\/p>\n\n\n\n<h3 class=\"wp-block-heading\" id=\"h-3-adjectives\">3. Omaduss\u00f5nad:<\/h3>\n\n\n\n<p>Omaduss\u00f5nad kirjeldavad v\u00f5i muudavad nimis\u00f5nu, <a href=\"https:\/\/talkpal.ai\/locations\/language-courses-in-andes\/\">andes<\/a> lisateavet nende omaduste v\u00f5i omaduste kohta. Kreeka keeles n\u00f5ustuvad omaduss\u00f5nad nimis\u00f5nadega, mida nad soo, arvu ja juhtumi poolest muudavad, ning neil on s\u00f5ltuvalt nendest omadustest erinevad deklinatsioonid.<\/p>\n\n\n\n<h3 class=\"wp-block-heading\" id=\"h-4-pronouns-determiners\">4. Ases\u00f5nad\/m\u00e4\u00e4rajad:<\/h3>\n\n\n\n<p>Ases\u00f5nu kasutatakse nimis\u00f5nade asendamiseks, samas kui m\u00e4\u00e4rajad m\u00e4\u00e4ravad v\u00f5i kvantifitseerivad neid. Kreeka keeles k\u00e4\u00e4nduvad nii ases\u00f5nad kui ka m\u00e4\u00e4rajad soo, arvu ja juhtumi jaoks, nagu nimis\u00f5nad ja omaduss\u00f5nad. M\u00f5ned n\u00e4ited h\u00f5lmavad isiklikke ases\u00f5nu (mina, sina, ta, ta jne), demonstreerivaid ases\u00f5nu (see, see) ja omastavaid ases\u00f5nu (minu, teie, tema, tema jne).<\/p>\n\n\n\n<h3 class=\"wp-block-heading\" id=\"h-5-verbs\">5. Tegus\u00f5nad:<\/h3>\n\n\n\n<p>Tegus\u00f5nad v\u00e4ljendavad tegevusi, esinemisi v\u00f5i olekuid. Kreeka verbidel on erinevad vormid s\u00f5ltuvalt pingest, meeleolust, h\u00e4\u00e4lest ja inimesest. Erinevate konjugatsioonide ja nende kasutamise m\u00f5istmine on lausete konstrueerimisel ja m\u00f5istmisel \u00fclioluline.<\/p>\n\n\n\n<h3 class=\"wp-block-heading\" id=\"h-6-tenses\">6. Ajavormid:<\/h3>\n\n\n\n<p>Kreeka keelel on mitu ajastust, n\u00e4iteks olevik, minevik ja tulevik. <a href=\"https:\/\/talkpal.ai\/locations\/language-courses-in-iga\/\">Iga<\/a> pinget kasutatakse tegevuse, s\u00fcndmuse v\u00f5i oleku aja m\u00e4rkimiseks. Erinevate aegade ja nende konjugatsioonide <a href=\"https:\/\/talkpal.ai\/et\/oppimine\/\">\u00f5ppimine<\/a> aitab teil end t\u00e4pselt v\u00e4ljendada ja teisi m\u00f5ista.<\/p>\n\n\n\n<h3 class=\"wp-block-heading\" id=\"h-7-tense-comparison\">7. Pingeline v\u00f5rdlus:<\/h3>\n\n\n\n<p>Kreeka aegade v\u00f5rdlemine on oluline keele n\u00fcansside m\u00f5istmiseks. See h\u00f5lmab \u00f5ppimist, kuidas v\u00e4ljendada toiminguid v\u00f5i olekuid, mis toimuvad samaaegselt, j\u00e4rjestikku v\u00f5i tingimuslikult.<\/p>\n\n\n\n<h3 class=\"wp-block-heading\" id=\"h-8-progressive\">8. Progressiivne:<\/h3>\n\n\n\n<p>Kreeka keele progressiivset aspekti kasutatakse k\u00e4imasolevate v\u00f5i pidevate tegevuste n\u00e4itamiseks. Progressiivse aspekti kujundamise ja kasutamise \u00f5ppimine aitab teil edastada tegevusi, mis toimuvad hetkel v\u00f5i toimusid minevikus.<\/p>\n\n\n\n<h3 class=\"wp-block-heading\" id=\"h-9-perfect-progressive\">9. T\u00e4iuslik progressiivne:<\/h3>\n\n\n\n<p>Kreeka keeles \u00fchendab t\u00e4iuslik progressiivne aspekt l\u00f5puleviimise ja j\u00e4rjepidevuse m\u00f5isted. Seda kasutatakse selleks, et v\u00e4ljendada tegevusi v\u00f5i riike, mis algasid minevikus ja j\u00e4tkusid kuni teatud ajahetkeni.<\/p>\n\n\n\n<h3 class=\"wp-block-heading\" id=\"h-10-adverbs\">10. M\u00e4\u00e4rs\u00f5nad:<\/h3>\n\n\n\n<p>Adverbid annavad lisateavet tegus\u00f5nade, omaduss\u00f5nade v\u00f5i muude m\u00e4\u00e4rs\u00f5nade kohta. Nad v\u00f5ivad v\u00e4ljendada viisi, sagedust, kraadi, aega v\u00f5i kohta. Erinevat t\u00fc\u00fcpi m\u00e4\u00e4rs\u00f5nade \u00f5ppimine ja nende \u00f5ige paigutamine lausesse parandab teie \u00fcldist kreeka keele oskust.<\/p>\n\n\n\n<h3 class=\"wp-block-heading\" id=\"h-11-conditionals\">11. Tingimused:<\/h3>\n\n\n\n<p>Tingimuslikke olukordi kasutatakse h\u00fcpoteetiliste olukordade ja nende tagaj\u00e4rgede v\u00e4ljendamiseks. Kreeka keeles on mitut t\u00fc\u00fcpi tingimusi, sealhulgas reaalne, ebareaalne ja segatud. Tingimuste m\u00f5istmine ja kasutamine on vajalik keerukate m\u00f5tete ja ideede v\u00e4ljendamiseks.<\/p>\n\n\n\n<h3 class=\"wp-block-heading\" id=\"h-12-prepositions\">12. Eess\u00f5nad:<\/h3>\n\n\n\n<p>Eess\u00f5nad on v\u00e4ikesed s\u00f5nad, mis n\u00e4itavad seoseid nimis\u00f5nade, ases\u00f5nade v\u00f5i muude s\u00f5nade vahel lauses. Nad v\u00f5ivad v\u00e4ljendada asukohta, aega, suunda, p\u00f5hjust ja palju muud. Erinevate eess\u00f5nade \u00f5ppimine ja nende \u00f5ige kasutamine aitab teil moodustada t\u00e4psemaid ja sidusamaid lauseid.<\/p>\n\n\n\n<h3 class=\"wp-block-heading\" id=\"h-13-sentences\">13. Laused:<\/h3>\n\n\n\n<p>L\u00f5puks on kreeka keeles t\u00f5husaks suhtlemiseks h\u00e4davajalik lauseehituse valdamine. See h\u00f5lmab \u00f5ige s\u00f5nade j\u00e4rjekorra m\u00f5istmist ja erinevate grammatiliste elementide, n\u00e4iteks subjekti, verbi ja objekti kasutamist. \u00d5ppides erinevat t\u00fc\u00fcpi lauseid konstrueerima, olete h\u00e4sti teel kreeka keele oskuse omandamisele.<\/p>\n<\/div><\/div>\n\r\n<section class=\"learnNavigationSection\">\r\n            \r\n        <a href=\"https:\/\/talkpal.ai\/et\/opi-kreeka-keel\/\">\r\n            <div class=\"learnNavigationWrapper\">\r\n                <div class=\"learnNavigationContent\">\r\n                    <img decoding=\"async\" src=\"https:\/\/talkpal.ai\/wp-content\/uploads\/2024\/08\/Greek.jpg\" alt=\"Greek Flag\">\r\n                    <div>\r\n                        <h4>Kreeka \u00f5ppimisest<\/h4>\r\n                        <p>Uuri k\u00f5ike kreeka keele grammatika kohta.<\/p>\r\n                    <\/div>\r\n                <\/div>\r\n            <\/div>\r\n        <\/a>\r\n\r\n        \r\n        <a href=\"https:\/\/talkpal.ai\/et\/kreeka-keele-grammatika\/\">\r\n            <div class=\"learnNavigationWrapper\">\r\n                <div class=\"learnNavigationContent\">\r\n                    <img decoding=\"async\" src=\"https:\/\/talkpal.ai\/wp-content\/uploads\/2024\/08\/Greek.jpg\" alt=\"Greek Flag\">\r\n                    <div>\r\n                        <h4>Kreeka keele grammatika \u00f5ppet\u00f6\u00f6<\/h4>\r\n                        <p>Harjutage kreeka keele grammatikat.<\/p>\r\n                    <\/div>\r\n                <\/div>\r\n            <\/div>\r\n        <\/a>\r\n\r\n        \r\n        <a href=\"https:\/\/talkpal.ai\/vocabulary_language\/greek\/\">\r\n            <div class=\"learnNavigationWrapper\">\r\n                <div class=\"learnNavigationContent\">\r\n                    <img decoding=\"async\" src=\"https:\/\/talkpal.ai\/wp-content\/uploads\/2024\/08\/Greek.jpg\" alt=\"Greek Flag\">\r\n                    <div>\r\n                        <h4>Kreeka keele s\u00f5navara<\/h4>\r\n                        <p>Laiendage oma kreeka keele s\u00f5navara.<\/p>\r\n                    <\/div>\r\n                <\/div>\r\n            <\/div>\r\n        <\/a>\r\n\r\n            <\/section>","protected":false},"excerpt":{"rendered":"<p>Kreeka keele grammatika teemad Kreeka keele \u00f5ppimine v\u00f5ib olla uskumatult rahuldust pakkuv kogemus, kuna see pakub v\u00e4ravat rikkasse ja mitmekesisesse kultuuri, kirjandusse ja ajalukku. Kreeka keelel on ainulaadne grammatiline struktuur, mida v\u00f5ib olla p\u00f5nev uurida. Kreeka keele grammatikaga tutvumine on keele valdamiseks h\u00e4davajalik, kuna see v\u00f5imaldab teil t\u00f5husalt ja t\u00e4pselt suhelda. See juhend annab teile [&hellip;]<\/p>\n","protected":false},"author":6,"featured_media":112766,"parent":0,"menu_order":0,"comment_status":"closed","ping_status":"closed","template":"LearningContentPage.php","meta":{"_acf_changed":false,"footnotes":""},"class_list":["post-162465","page","type-page","status-publish","has-post-thumbnail","hentry"],"acf":[],"yoast_head":"<!-- This site is optimized with the Yoast SEO Premium plugin v27.2 (Yoast SEO v27.2) - https:\/\/yoast.com\/product\/yoast-seo-premium-wordpress\/ -->\n<title>Kreeka keele grammatika harjutused - Talkpal<\/title>\n<meta name=\"description\" content=\"Parandage oma kreeka keele grammatikaoskust h\u00f5lpsasti - harjutage interaktiivseid harjutusi, t\u00e4iustage kiiresti ja suurendage enesekindlust koos Talkpal AI.\" \/>\n<meta name=\"robots\" content=\"index, follow, max-snippet:-1, max-image-preview:large, max-video-preview:-1\" \/>\n<link rel=\"canonical\" href=\"https:\/\/talkpal.ai\/et\/kreeka-keele-grammatika-harjutused\/\" \/>\n<meta property=\"og:locale\" content=\"et_EE\" \/>\n<meta property=\"og:type\" content=\"article\" \/>\n<meta property=\"og:title\" content=\"Kreeka keele grammatika harjutused\" \/>\n<meta property=\"og:description\" content=\"Kreeka keele grammatika teemad Kreeka keele \u00f5ppimine v\u00f5ib olla uskumatult rahuldust pakkuv kogemus, kuna see pakub v\u00e4ravat rikkasse ja mitmekesisesse\" \/>\n<meta property=\"og:url\" content=\"https:\/\/talkpal.ai\/et\/kreeka-keele-grammatika-harjutused\/\" \/>\n<meta property=\"og:site_name\" content=\"Talkpal\" \/>\n<meta property=\"article:publisher\" content=\"https:\/\/www.facebook.com\/profile.php?id=100090733639311\" \/>\n<meta property=\"article:modified_time\" content=\"2025-12-17T16:05:00+00:00\" \/>\n<meta property=\"og:image\" content=\"https:\/\/talkpal.ai\/wp-content\/uploads\/2023\/05\/greece.png\" \/>\n\t<meta property=\"og:image:width\" content=\"512\" \/>\n\t<meta property=\"og:image:height\" content=\"512\" \/>\n\t<meta property=\"og:image:type\" content=\"image\/png\" \/>\n<meta name=\"twitter:card\" content=\"summary_large_image\" \/>\n<meta name=\"twitter:site\" content=\"@talkpalai\" \/>\n<meta name=\"twitter:label1\" content=\"Est. reading time\" \/>\n\t<meta name=\"twitter:data1\" content=\"3 minutit\" \/>\n<script type=\"application\/ld+json\" class=\"yoast-schema-graph\">{\"@context\":\"https:\/\/schema.org\",\"@graph\":[{\"@type\":\"WebPage\",\"@id\":\"https:\/\/talkpal.ai\/et\/kreeka-keele-grammatika-harjutused\/\",\"url\":\"https:\/\/talkpal.ai\/et\/kreeka-keele-grammatika-harjutused\/\",\"name\":\"Kreeka keele grammatika harjutused - Talkpal\",\"isPartOf\":{\"@id\":\"https:\/\/talkpal.ai\/et\/#website\"},\"primaryImageOfPage\":{\"@id\":\"https:\/\/talkpal.ai\/et\/kreeka-keele-grammatika-harjutused\/#primaryimage\"},\"image\":{\"@id\":\"https:\/\/talkpal.ai\/et\/kreeka-keele-grammatika-harjutused\/#primaryimage\"},\"thumbnailUrl\":\"https:\/\/talkpal.ai\/wp-content\/uploads\/2023\/05\/greece.png\",\"datePublished\":\"2023-06-21T14:18:43+00:00\",\"dateModified\":\"2025-12-17T16:05:00+00:00\",\"description\":\"Parandage oma kreeka keele grammatikaoskust h\u00f5lpsasti - harjutage interaktiivseid harjutusi, t\u00e4iustage kiiresti ja suurendage enesekindlust koos Talkpal AI.\",\"breadcrumb\":{\"@id\":\"https:\/\/talkpal.ai\/et\/kreeka-keele-grammatika-harjutused\/#breadcrumb\"},\"inLanguage\":\"et\",\"potentialAction\":[{\"@type\":\"ReadAction\",\"target\":[\"https:\/\/talkpal.ai\/et\/kreeka-keele-grammatika-harjutused\/\"]}]},{\"@type\":\"ImageObject\",\"inLanguage\":\"et\",\"@id\":\"https:\/\/talkpal.ai\/et\/kreeka-keele-grammatika-harjutused\/#primaryimage\",\"url\":\"https:\/\/talkpal.ai\/wp-content\/uploads\/2023\/05\/greece.png\",\"contentUrl\":\"https:\/\/talkpal.ai\/wp-content\/uploads\/2023\/05\/greece.png\",\"width\":512,\"height\":512},{\"@type\":\"BreadcrumbList\",\"@id\":\"https:\/\/talkpal.ai\/et\/kreeka-keele-grammatika-harjutused\/#breadcrumb\",\"itemListElement\":[{\"@type\":\"ListItem\",\"position\":1,\"name\":\"Homepage\",\"item\":\"https:\/\/talkpal.ai\/et\/\"},{\"@type\":\"ListItem\",\"position\":2,\"name\":\"Kreeka keele grammatika harjutused\"}]},{\"@type\":\"WebSite\",\"@id\":\"https:\/\/talkpal.ai\/et\/#website\",\"url\":\"https:\/\/talkpal.ai\/et\/\",\"name\":\"Talkpal\",\"description\":\"AI Language Learning\",\"publisher\":{\"@id\":\"https:\/\/talkpal.ai\/et\/#organization\"},\"alternateName\":\"Talkpal AI\",\"potentialAction\":[{\"@type\":\"SearchAction\",\"target\":{\"@type\":\"EntryPoint\",\"urlTemplate\":\"https:\/\/talkpal.ai\/et\/?s={search_term_string}\"},\"query-input\":{\"@type\":\"PropertyValueSpecification\",\"valueRequired\":true,\"valueName\":\"search_term_string\"}}],\"inLanguage\":\"et\"},{\"@type\":\"Organization\",\"@id\":\"https:\/\/talkpal.ai\/et\/#organization\",\"name\":\"Talkpal, Inc.\",\"alternateName\":\"Talkpal AI\",\"url\":\"https:\/\/talkpal.ai\/et\/\",\"logo\":{\"@type\":\"ImageObject\",\"inLanguage\":\"et\",\"@id\":\"https:\/\/talkpal.ai\/et\/#\/schema\/logo\/image\/\",\"url\":\"https:\/\/talkpal.ai\/wp-content\/uploads\/2024\/03\/Talkpal-Logo-Icon.png\",\"contentUrl\":\"https:\/\/talkpal.ai\/wp-content\/uploads\/2024\/03\/Talkpal-Logo-Icon.png\",\"width\":2880,\"height\":2880,\"caption\":\"Talkpal, Inc.\"},\"image\":{\"@id\":\"https:\/\/talkpal.ai\/et\/#\/schema\/logo\/image\/\"},\"sameAs\":[\"https:\/\/www.facebook.com\/profile.php?id=100090733639311\",\"https:\/\/x.com\/talkpalai\",\"https:\/\/www.linkedin.com\/company\/talkpal\/\",\"https:\/\/www.youtube.com\/@TalkPal\/\",\"https:\/\/www.tiktok.com\/@talkpal\",\"https:\/\/www.instagram.com\/talkpal_ai\/\",\"https:\/\/www.crunchbase.com\/organization\/talkpal-9cde\",\"https:\/\/www.g2.com\/products\/talkpal-for-business\/\",\"https:\/\/www.trustpilot.com\/review\/talkpal.ai\",\"https:\/\/www.capterra.com\/p\/10006800\/TalkPal\/\"],\"description\":\"Talkpal is a language learning web and mobile education app, powered by the latest AI technologies, that provides engaging experiences to its customers in many different languages to help them improve their language skills. Users can chat about unlimited amount of topics with the app and use other modes to practice their language learning.\",\"email\":\"support@talkpal.ai\",\"legalName\":\"Talkpal, Inc.\",\"foundingDate\":\"2023-04-03\",\"duns\":\"118989042\",\"numberOfEmployees\":{\"@type\":\"QuantitativeValue\",\"minValue\":\"11\",\"maxValue\":\"50\"},\"publishingPrinciples\":\"https:\/\/talkpal.ai\/publishing-principles\/\",\"actionableFeedbackPolicy\":\"https:\/\/talkpal.ai\/actionable-feedback-policy\/\",\"correctionsPolicy\":\"https:\/\/talkpal.ai\/corrections-policy\/\",\"ethicsPolicy\":\"https:\/\/talkpal.ai\/ethics-policy\/\",\"diversityPolicy\":\"https:\/\/talkpal.ai\/diversity-policy\/\",\"diversityStaffingReport\":\"https:\/\/talkpal.ai\/diversity-policy\/\"}]}<\/script>\n<!-- \/ Yoast SEO Premium plugin. -->","yoast_head_json":{"title":"Kreeka keele grammatika harjutused - Talkpal","description":"Parandage oma kreeka keele grammatikaoskust h\u00f5lpsasti - harjutage interaktiivseid harjutusi, t\u00e4iustage kiiresti ja suurendage enesekindlust koos Talkpal AI.","robots":{"index":"index","follow":"follow","max-snippet":"max-snippet:-1","max-image-preview":"max-image-preview:large","max-video-preview":"max-video-preview:-1"},"canonical":"https:\/\/talkpal.ai\/et\/kreeka-keele-grammatika-harjutused\/","og_locale":"et_EE","og_type":"article","og_title":"Kreeka keele grammatika harjutused","og_description":"Kreeka keele grammatika teemad Kreeka keele \u00f5ppimine v\u00f5ib olla uskumatult rahuldust pakkuv kogemus, kuna see pakub v\u00e4ravat rikkasse ja mitmekesisesse","og_url":"https:\/\/talkpal.ai\/et\/kreeka-keele-grammatika-harjutused\/","og_site_name":"Talkpal","article_publisher":"https:\/\/www.facebook.com\/profile.php?id=100090733639311","article_modified_time":"2025-12-17T16:05:00+00:00","og_image":[{"width":512,"height":512,"url":"https:\/\/talkpal.ai\/wp-content\/uploads\/2023\/05\/greece.png","type":"image\/png"}],"twitter_card":"summary_large_image","twitter_site":"@talkpalai","twitter_misc":{"Est. reading time":"3 minutit"},"schema":{"@context":"https:\/\/schema.org","@graph":[{"@type":"WebPage","@id":"https:\/\/talkpal.ai\/et\/kreeka-keele-grammatika-harjutused\/","url":"https:\/\/talkpal.ai\/et\/kreeka-keele-grammatika-harjutused\/","name":"Kreeka keele grammatika harjutused - Talkpal","isPartOf":{"@id":"https:\/\/talkpal.ai\/et\/#website"},"primaryImageOfPage":{"@id":"https:\/\/talkpal.ai\/et\/kreeka-keele-grammatika-harjutused\/#primaryimage"},"image":{"@id":"https:\/\/talkpal.ai\/et\/kreeka-keele-grammatika-harjutused\/#primaryimage"},"thumbnailUrl":"https:\/\/talkpal.ai\/wp-content\/uploads\/2023\/05\/greece.png","datePublished":"2023-06-21T14:18:43+00:00","dateModified":"2025-12-17T16:05:00+00:00","description":"Parandage oma kreeka keele grammatikaoskust h\u00f5lpsasti - harjutage interaktiivseid harjutusi, t\u00e4iustage kiiresti ja suurendage enesekindlust koos Talkpal AI.","breadcrumb":{"@id":"https:\/\/talkpal.ai\/et\/kreeka-keele-grammatika-harjutused\/#breadcrumb"},"inLanguage":"et","potentialAction":[{"@type":"ReadAction","target":["https:\/\/talkpal.ai\/et\/kreeka-keele-grammatika-harjutused\/"]}]},{"@type":"ImageObject","inLanguage":"et","@id":"https:\/\/talkpal.ai\/et\/kreeka-keele-grammatika-harjutused\/#primaryimage","url":"https:\/\/talkpal.ai\/wp-content\/uploads\/2023\/05\/greece.png","contentUrl":"https:\/\/talkpal.ai\/wp-content\/uploads\/2023\/05\/greece.png","width":512,"height":512},{"@type":"BreadcrumbList","@id":"https:\/\/talkpal.ai\/et\/kreeka-keele-grammatika-harjutused\/#breadcrumb","itemListElement":[{"@type":"ListItem","position":1,"name":"Homepage","item":"https:\/\/talkpal.ai\/et\/"},{"@type":"ListItem","position":2,"name":"Kreeka keele grammatika harjutused"}]},{"@type":"WebSite","@id":"https:\/\/talkpal.ai\/et\/#website","url":"https:\/\/talkpal.ai\/et\/","name":"Talkpal","description":"AI Language Learning","publisher":{"@id":"https:\/\/talkpal.ai\/et\/#organization"},"alternateName":"Talkpal AI","potentialAction":[{"@type":"SearchAction","target":{"@type":"EntryPoint","urlTemplate":"https:\/\/talkpal.ai\/et\/?s={search_term_string}"},"query-input":{"@type":"PropertyValueSpecification","valueRequired":true,"valueName":"search_term_string"}}],"inLanguage":"et"},{"@type":"Organization","@id":"https:\/\/talkpal.ai\/et\/#organization","name":"Talkpal, Inc.","alternateName":"Talkpal AI","url":"https:\/\/talkpal.ai\/et\/","logo":{"@type":"ImageObject","inLanguage":"et","@id":"https:\/\/talkpal.ai\/et\/#\/schema\/logo\/image\/","url":"https:\/\/talkpal.ai\/wp-content\/uploads\/2024\/03\/Talkpal-Logo-Icon.png","contentUrl":"https:\/\/talkpal.ai\/wp-content\/uploads\/2024\/03\/Talkpal-Logo-Icon.png","width":2880,"height":2880,"caption":"Talkpal, Inc."},"image":{"@id":"https:\/\/talkpal.ai\/et\/#\/schema\/logo\/image\/"},"sameAs":["https:\/\/www.facebook.com\/profile.php?id=100090733639311","https:\/\/x.com\/talkpalai","https:\/\/www.linkedin.com\/company\/talkpal\/","https:\/\/www.youtube.com\/@TalkPal\/","https:\/\/www.tiktok.com\/@talkpal","https:\/\/www.instagram.com\/talkpal_ai\/","https:\/\/www.crunchbase.com\/organization\/talkpal-9cde","https:\/\/www.g2.com\/products\/talkpal-for-business\/","https:\/\/www.trustpilot.com\/review\/talkpal.ai","https:\/\/www.capterra.com\/p\/10006800\/TalkPal\/"],"description":"Talkpal is a language learning web and mobile education app, powered by the latest AI technologies, that provides engaging experiences to its customers in many different languages to help them improve their language skills. Users can chat about unlimited amount of topics with the app and use other modes to practice their language learning.","email":"support@talkpal.ai","legalName":"Talkpal, Inc.","foundingDate":"2023-04-03","duns":"118989042","numberOfEmployees":{"@type":"QuantitativeValue","minValue":"11","maxValue":"50"},"publishingPrinciples":"https:\/\/talkpal.ai\/publishing-principles\/","actionableFeedbackPolicy":"https:\/\/talkpal.ai\/actionable-feedback-policy\/","correctionsPolicy":"https:\/\/talkpal.ai\/corrections-policy\/","ethicsPolicy":"https:\/\/talkpal.ai\/ethics-policy\/","diversityPolicy":"https:\/\/talkpal.ai\/diversity-policy\/","diversityStaffingReport":"https:\/\/talkpal.ai\/diversity-policy\/"}]}},"_links":{"self":[{"href":"https:\/\/talkpal.ai\/et\/wp-json\/wp\/v2\/pages\/162465","targetHints":{"allow":["GET"]}}],"collection":[{"href":"https:\/\/talkpal.ai\/et\/wp-json\/wp\/v2\/pages"}],"about":[{"href":"https:\/\/talkpal.ai\/et\/wp-json\/wp\/v2\/types\/page"}],"author":[{"embeddable":true,"href":"https:\/\/talkpal.ai\/et\/wp-json\/wp\/v2\/users\/6"}],"replies":[{"embeddable":true,"href":"https:\/\/talkpal.ai\/et\/wp-json\/wp\/v2\/comments?post=162465"}],"version-history":[{"count":0,"href":"https:\/\/talkpal.ai\/et\/wp-json\/wp\/v2\/pages\/162465\/revisions"}],"wp:featuredmedia":[{"embeddable":true,"href":"https:\/\/talkpal.ai\/et\/wp-json\/wp\/v2\/media\/112766"}],"wp:attachment":[{"href":"https:\/\/talkpal.ai\/et\/wp-json\/wp\/v2\/media?parent=162465"}],"curies":[{"name":"wp","href":"https:\/\/api.w.org\/{rel}","templated":true}]}}