{"id":162182,"date":"2023-06-21T14:25:56","date_gmt":"2023-06-21T14:25:56","guid":{"rendered":"http:\/\/talkpal.ai\/heebrea-keele-grammatika-harjutused\/"},"modified":"2025-12-17T15:49:05","modified_gmt":"2025-12-17T15:49:05","slug":"heebrea-keele-grammatika-harjutused","status":"publish","type":"page","link":"https:\/\/talkpal.ai\/et\/heebrea-keele-grammatika-harjutused\/","title":{"rendered":"Heebrea keele grammatika harjutused"},"content":{"rendered":"\r\n\r\n\r\n<section class=\"languageChallengeSection\">\r\n    <div class=\"languageInfoWrapper\">\r\n        \r\n        <h1>Heebrea keele grammatika harjutused<\/h1>\r\n        <p>Valmis sukelduma heebrea keele grammatikasse? Need lihtsad harjutused aitavad teil omandada p\u00f5hit\u00f5ed ja suurendada enesekindlust selle ilusa keele \u00f5ppimisel.<\/p>\r\n\r\n                            <a class=\"getStartedHidden\" href=\"https:\/\/app.talkpal.ai\/et\/signup?lng=\">Alusta<\/a>\r\n        \r\n    <\/div>\r\n\r\n    <figure>\r\n    <img decoding=\"async\" width=\"768\" height=\"768\" src=\"https:\/\/talkpal.ai\/wp-content\/uploads\/2023\/06\/hebrew-768x768.png\" class=\"languageImage no-lazy\" alt=\"Language learning for proficient communication\" fetchpriority=\"high\" sizes=\"(max-width: 768px) 150px, 768px\" srcset=\"https:\/\/talkpal.ai\/wp-content\/uploads\/2023\/06\/hebrew-768x768.png 768w, https:\/\/talkpal.ai\/wp-content\/uploads\/2023\/06\/hebrew-300x300.png 300w\" \/>\r\n    \r\n\r\n    <\/figure>\r\n\r\n            <a class=\"getStartedVisible\" href=\"https:\/\/app.talkpal.ai\/et\/signup?lng=\">Alusta<\/a>\r\n    \r\n<\/section>\r\n\r\n\r\n<!-- <section class=\"grammarSection\">\r\n    <div class=\"grammarLinks\">\r\n            <\/div>\r\n<\/section> -->\r\n\r\n\r\n\r\n\r\n<section class=\"promotionalBanner\">\r\n    <p class=\"promotionalText\">K\u00f5ige t\u00f5husam viis keele \u00f5ppimiseks<\/p>\r\n    <a class=\"promotionalLink\" href=\"https:\/\/app.talkpal.ai\/et\/signup?lng=\">Proovige Talkpal tasuta<\/a>\r\n<\/section>\n<div class=\"wp-block-group pageContainerStyle\"><div class=\"wp-block-group__inner-container is-layout-constrained wp-block-group-is-layout-constrained\">\n<h2 class=\"wp-block-heading\" id=\"h-hebrew-grammar-topics\">Heebrea keele grammatika teemad<\/h2>\n\n\n\n<p>Heebrea keel on p\u00f5nev ja iidne keel, millel on suur ajalooline ja kultuuriline t\u00e4htsus. Maailma \u00fche vanima keelena on see aja jooksul arenenud ja kohanenud, muutes selle \u00f5ppimise nii v\u00e4ljakutsuvaks kui ka tasuvaks keeleks. \u00dcksk\u00f5ik, kas \u00f5pite heebrea keelt usulistel p\u00f5hjustel, oma p\u00e4randiga \u00fchenduse loomiseks v\u00f5i lihtsalt isiklikuks kasvuks, on <a href=\"https:\/\/talkpal.ai\/greek-grammar\/\">grammatika<\/a> m\u00f5istmine t\u00f5husaks suhtlemiseks h\u00e4davajalik. Selles juhendis uurime <a href=\"https:\/\/talkpal.ai\/hebrew-grammar\/\">heebrea keele grammatika<\/a> p\u00f5hiteemasid, mida peate loogilises j\u00e4rjestuses valdama, pakkudes kindlat alust teie keele\u00f5ppe teekonnale.<\/p>\n\n\n\n<h3 class=\"wp-block-heading\" id=\"h-1-nouns\">1. Nimis\u00f5nad:<\/h3>\n\n\n\n<p>Mis tahes keele ehituskividena on heebrea nimis\u00f5nade m\u00f5istmine \u00fclioluline. Heebreakeelsetel nimis\u00f5nadel on sugu (mehelik v\u00f5i naiselik) ja arv (ainsus, mitmus ja m\u00f5nikord kahekordne). Soo ja numbrite kokkuleppe mustrite <a href=\"https:\/\/talkpal.ai\/et\/oppimine\/\">\u00f5ppimine<\/a> aitab teil moodustada p\u00f5hilauseid ja m\u00f5ista keele struktuuri.<\/p>\n\n\n\n<h3 class=\"wp-block-heading\" id=\"h-2-articles\">2. Artiklid:<\/h3>\n\n\n\n<p><a href=\"https:\/\/talkpal.ai\/learn-hebrew\/\">Heebrea keeles<\/a> on kindel artikkel &#8220;\u05d4&#8221; (ha), mis lisatakse nimis\u00f5na algusesse, et n\u00e4idata, et see on konkreetne v\u00f5i tuntud. Heebrea keeles pole m\u00e4\u00e4ramata artiklit, seega on \u00f5ige suhtluse jaoks h\u00e4davajalik \u00f5ppida, millal ja kuidas kindlat artiklit kasutada.<\/p>\n\n\n\n<h3 class=\"wp-block-heading\" id=\"h-3-adjectives\">3. Omaduss\u00f5nad:<\/h3>\n\n\n\n<p>Heebrea omaduss\u00f5nadel, nagu nimis\u00f5nadel, on sugu ja arv. Nad j\u00e4rgivad nimis\u00f5na, mida nad muudavad, ning peavad kokku leppima soos ja arvus. Omaduss\u00f5na kokkuleppe mustrite ja reeglite m\u00f5istmine aitab teil objekte ja ideid heebrea keeles t\u00e4pselt kirjeldada.<\/p>\n\n\n\n<h3 class=\"wp-block-heading\" id=\"h-4-pronouns-determiners\">4. Ases\u00f5nad\/m\u00e4\u00e4rajad:<\/h3>\n\n\n\n<p>Ases\u00f5nad asendavad nimis\u00f5nad lausetes, samas kui m\u00e4\u00e4rajad m\u00e4\u00e4ravad v\u00f5i kvantifitseerivad neid. M\u00f5lemad m\u00e4ngivad olulist rolli teie heebrea keele ladusamaks ja loomulikumaks muutmisel. Erinevate ases\u00f5nade (subjekt, objekt, omastav) ja m\u00e4\u00e4rajate (demonstratiivne, \u00fclekuulatav, m\u00e4\u00e4ramatu) valdamine aitab teil luua keerukamaid lauseid ja edastada oma ideid t\u00f5husamalt.<\/p>\n\n\n\n<h3 class=\"wp-block-heading\" id=\"h-5-verbs\">5. Tegus\u00f5nad:<\/h3>\n\n\n\n<p><a href=\"https:\/\/talkpal.ai\/hebrew-grammar\/\">Heebrea keele grammatika<\/a> keskmes on heebrea verbid. Need p\u00f5hinevad juurestikul, mis koosneb kolmest v\u00f5i neljast kaash\u00e4\u00e4likust ja on konjugeeritud vastavalt pingele, inimesele, soole ja arvule. Erinevate verbivormide ja ajastustega tutvumine v\u00f5imaldab teil t\u00f5husalt v\u00e4ljendada tegevusi ja seisundeid.<\/p>\n\n\n\n<h3 class=\"wp-block-heading\" id=\"h-6-tenses\">6. Ajavormid:<\/h3>\n\n\n\n<p>Heebrea keelel on kolm peamist ajavormi: minevik, olevik ja tulevik. Igal ajavormil on spetsiifilised konjugatsioonireeglid, mis s\u00f5ltuvad verbi t\u00fcvest ning subjekti soost ja arvust. Nende reeglite m\u00f5istmine v\u00f5imaldab teil toimingute ajastust t\u00e4pselt edasi anda.<\/p>\n\n\n\n<h3 class=\"wp-block-heading\" id=\"h-7-tense-comparison\">7. Pingeline v\u00f5rdlus:<\/h3>\n\n\n\n<p>Oluline on teada, millal ja kuidas kasutada <a href=\"https:\/\/talkpal.ai\/locations\/language-courses-in-iga\/\">iga<\/a> heebrea pinget t\u00f5husaks suhtlemiseks. Erinevate ajastuste v\u00f5rdlemine ja vastandamine aitab teil m\u00f5ista keele n\u00fcansse ja v\u00f5imaldab teil ennast t\u00e4psemalt v\u00e4ljendada.<\/p>\n\n\n\n<h3 class=\"wp-block-heading\" id=\"h-8-progressive-and-perfect-progressive\">8. Progressiivne ja t\u00e4iuslik progressiivne:<\/h3>\n\n\n\n<p>Neid verbivorme kasutatakse k\u00e4imasolevate v\u00f5i l\u00f5petatud tegevuste t\u00e4histamiseks. Progressiivset vormi kasutatakse veel k\u00e4imasolevate tegevuste jaoks, samas kui t\u00e4iuslik progressiivne r\u00f5hutab tegevuse l\u00f5puleviimist. Nende vormide m\u00f5istmine suurendab teie v\u00f5imet v\u00e4ljendada keerulisi ideid ja tegevusi.<\/p>\n\n\n\n<h3 class=\"wp-block-heading\" id=\"h-9-adverbs\">9. M\u00e4\u00e4rs\u00f5nad:<\/h3>\n\n\n\n<p>M\u00e4\u00e4rs\u00f5nad muudavad tegus\u00f5nu, omaduss\u00f5nu v\u00f5i muid m\u00e4\u00e4rs\u00f5nu, <a href=\"https:\/\/talkpal.ai\/locations\/language-courses-in-andes\/\">andes<\/a> lisateavet kirjeldatava tegevuse v\u00f5i kvaliteedi kohta. Heebrea m\u00e4\u00e4rs\u00f5nade eri t\u00fc\u00fcpide \u00f5ppimine ja nende \u00f5ige kasutamine lisab teie keeleoskusele mitmekesisust ja s\u00fcgavust.<\/p>\n\n\n\n<h3 class=\"wp-block-heading\" id=\"h-10-prepositions\">10. Eess\u00f5nad:<\/h3>\n\n\n\n<p>Eess\u00f5nad \u00fchendavad nimis\u00f5nu, ases\u00f5nu v\u00f5i muid s\u00f5nu, et n\u00e4idata seoseid ajas, asukohas v\u00f5i muus kontekstis. Heebrea eess\u00f5nade valdamine aitab teil luua keerukamaid lauseid ja v\u00e4ljendada ideede vahelisi suhteid selgemalt.<\/p>\n\n\n\n<h3 class=\"wp-block-heading\" id=\"h-11-conditionals\">11. Tingimused:<\/h3>\n\n\n\n<p>Heebrea tingimusi kasutatakse h\u00fcpoteetiliste olukordade ja nende tagaj\u00e4rgede v\u00e4ljendamiseks. Erinevate tingimusstruktuuride (kui\/siis v\u00e4idete) \u00f5ppimine v\u00f5imaldab teil t\u00f5husalt suhelda h\u00fcpoteetilistes v\u00f5i ebakindlates olukordades.<\/p>\n\n\n\n<h3 class=\"wp-block-heading\" id=\"h-12-sentences\">12. Laused:<\/h3>\n\n\n\n<p>L\u00f5puks on heebrea keele \u00f5ppimise l\u00f5ppeesm\u00e4rk panna k\u00f5ik grammatikakomponendid kokku, et moodustada t\u00e4ielikud, sidusad laused. Harjutage nimis\u00f5nade, tegus\u00f5nade, omaduss\u00f5nade ja muude elementide \u00fchendamist, et luua lauseid, mis edastavad teie m\u00f5tteid ja ideid t\u00e4pselt heebrea keeles.<\/p>\n<\/div><\/div>\n\r\n<section class=\"learnNavigationSection\">\r\n            \r\n        <a href=\"https:\/\/talkpal.ai\/et\/opi-heebrea-keel\/\">\r\n            <div class=\"learnNavigationWrapper\">\r\n                <div class=\"learnNavigationContent\">\r\n                    <img decoding=\"async\" src=\"https:\/\/talkpal.ai\/wp-content\/uploads\/2024\/08\/Hebrew.jpg\" alt=\"Israel Flag\">\r\n                    <div>\r\n                        <h4>Heebrea keele \u00f5ppimise kohta<\/h4>\r\n                        <p>Uurige k\u00f5ike heebrea keele grammatika kohta.<\/p>\r\n                    <\/div>\r\n                <\/div>\r\n            <\/div>\r\n        <\/a>\r\n\r\n        \r\n        <a href=\"https:\/\/talkpal.ai\/et\/heebrea-keele-grammatika\/\">\r\n            <div class=\"learnNavigationWrapper\">\r\n                <div class=\"learnNavigationContent\">\r\n                    <img decoding=\"async\" src=\"https:\/\/talkpal.ai\/wp-content\/uploads\/2024\/08\/Hebrew.jpg\" alt=\"Israel Flag\">\r\n                    <div>\r\n                        <h4>Heebrea keele grammatika \u00f5ppet\u00f6\u00f6<\/h4>\r\n                        <p>Harjutage heebrea keele grammatikat.<\/p>\r\n                    <\/div>\r\n                <\/div>\r\n            <\/div>\r\n        <\/a>\r\n\r\n        \r\n        <a href=\"https:\/\/talkpal.ai\/vocabulary_language\/hebrew\/\">\r\n            <div class=\"learnNavigationWrapper\">\r\n                <div class=\"learnNavigationContent\">\r\n                    <img decoding=\"async\" src=\"https:\/\/talkpal.ai\/wp-content\/uploads\/2024\/08\/Hebrew.jpg\" alt=\"Israel Flag\">\r\n                    <div>\r\n                        <h4>Heebrea keele s\u00f5navara<\/h4>\r\n                        <p>Laiendage oma heebrea keele s\u00f5navara.<\/p>\r\n                    <\/div>\r\n                <\/div>\r\n            <\/div>\r\n        <\/a>\r\n\r\n            <\/section>","protected":false},"excerpt":{"rendered":"<p>Heebrea keele grammatika teemad Heebrea keel on p\u00f5nev ja iidne keel, millel on suur ajalooline ja kultuuriline t\u00e4htsus. Maailma \u00fche vanima keelena on see aja jooksul arenenud ja kohanenud, muutes selle \u00f5ppimise nii v\u00e4ljakutsuvaks kui ka tasuvaks keeleks. \u00dcksk\u00f5ik, kas \u00f5pite heebrea keelt usulistel p\u00f5hjustel, oma p\u00e4randiga \u00fchenduse loomiseks v\u00f5i lihtsalt isiklikuks kasvuks, on grammatika [&hellip;]<\/p>\n","protected":false},"author":6,"featured_media":112999,"parent":0,"menu_order":0,"comment_status":"closed","ping_status":"closed","template":"LearningContentPage.php","meta":{"_acf_changed":false,"footnotes":""},"class_list":["post-162182","page","type-page","status-publish","has-post-thumbnail","hentry"],"acf":[],"yoast_head":"<!-- This site is optimized with the Yoast SEO Premium plugin v27.2 (Yoast SEO v27.2) - https:\/\/yoast.com\/product\/yoast-seo-premium-wordpress\/ -->\n<title>Heebrea keele grammatika harjutused - Talkpal<\/title>\n<meta name=\"description\" content=\"Tugevdage oma heebrea keele grammatikat - v\u00f5tke osa selgetest, praktilistest harjutustest, et h\u00f5lpsasti tugevdada oma keeleoskust. Talkpal AI.\" \/>\n<meta name=\"robots\" content=\"index, follow, max-snippet:-1, max-image-preview:large, max-video-preview:-1\" \/>\n<link rel=\"canonical\" href=\"https:\/\/talkpal.ai\/et\/heebrea-keele-grammatika-harjutused\/\" \/>\n<meta property=\"og:locale\" content=\"et_EE\" \/>\n<meta property=\"og:type\" content=\"article\" \/>\n<meta property=\"og:title\" content=\"Heebrea keele grammatika harjutused\" \/>\n<meta property=\"og:description\" content=\"Heebrea keele grammatika teemad Heebrea keel on p\u00f5nev ja iidne keel, millel on suur ajalooline ja kultuuriline t\u00e4htsus. Maailma \u00fche vanima keelena on see\" \/>\n<meta property=\"og:url\" content=\"https:\/\/talkpal.ai\/et\/heebrea-keele-grammatika-harjutused\/\" \/>\n<meta property=\"og:site_name\" content=\"Talkpal\" \/>\n<meta property=\"article:publisher\" content=\"https:\/\/www.facebook.com\/profile.php?id=100090733639311\" \/>\n<meta property=\"article:modified_time\" content=\"2025-12-17T15:49:05+00:00\" \/>\n<meta property=\"og:image\" content=\"https:\/\/talkpal.ai\/wp-content\/uploads\/2023\/05\/israel.png\" \/>\n\t<meta property=\"og:image:width\" content=\"512\" \/>\n\t<meta property=\"og:image:height\" content=\"512\" \/>\n\t<meta property=\"og:image:type\" content=\"image\/png\" \/>\n<meta name=\"twitter:card\" content=\"summary_large_image\" \/>\n<meta name=\"twitter:site\" content=\"@talkpalai\" \/>\n<meta name=\"twitter:label1\" content=\"Est. reading time\" \/>\n\t<meta name=\"twitter:data1\" content=\"3 minutit\" \/>\n<script type=\"application\/ld+json\" class=\"yoast-schema-graph\">{\"@context\":\"https:\/\/schema.org\",\"@graph\":[{\"@type\":\"WebPage\",\"@id\":\"https:\/\/talkpal.ai\/et\/heebrea-keele-grammatika-harjutused\/\",\"url\":\"https:\/\/talkpal.ai\/et\/heebrea-keele-grammatika-harjutused\/\",\"name\":\"Heebrea keele grammatika harjutused - Talkpal\",\"isPartOf\":{\"@id\":\"https:\/\/talkpal.ai\/et\/#website\"},\"primaryImageOfPage\":{\"@id\":\"https:\/\/talkpal.ai\/et\/heebrea-keele-grammatika-harjutused\/#primaryimage\"},\"image\":{\"@id\":\"https:\/\/talkpal.ai\/et\/heebrea-keele-grammatika-harjutused\/#primaryimage\"},\"thumbnailUrl\":\"https:\/\/talkpal.ai\/wp-content\/uploads\/2023\/05\/israel.png\",\"datePublished\":\"2023-06-21T14:25:56+00:00\",\"dateModified\":\"2025-12-17T15:49:05+00:00\",\"description\":\"Tugevdage oma heebrea keele grammatikat - v\u00f5tke osa selgetest, praktilistest harjutustest, et h\u00f5lpsasti tugevdada oma keeleoskust. Talkpal AI.\",\"breadcrumb\":{\"@id\":\"https:\/\/talkpal.ai\/et\/heebrea-keele-grammatika-harjutused\/#breadcrumb\"},\"inLanguage\":\"et\",\"potentialAction\":[{\"@type\":\"ReadAction\",\"target\":[\"https:\/\/talkpal.ai\/et\/heebrea-keele-grammatika-harjutused\/\"]}]},{\"@type\":\"ImageObject\",\"inLanguage\":\"et\",\"@id\":\"https:\/\/talkpal.ai\/et\/heebrea-keele-grammatika-harjutused\/#primaryimage\",\"url\":\"https:\/\/talkpal.ai\/wp-content\/uploads\/2023\/05\/israel.png\",\"contentUrl\":\"https:\/\/talkpal.ai\/wp-content\/uploads\/2023\/05\/israel.png\",\"width\":512,\"height\":512},{\"@type\":\"BreadcrumbList\",\"@id\":\"https:\/\/talkpal.ai\/et\/heebrea-keele-grammatika-harjutused\/#breadcrumb\",\"itemListElement\":[{\"@type\":\"ListItem\",\"position\":1,\"name\":\"Homepage\",\"item\":\"https:\/\/talkpal.ai\/et\/\"},{\"@type\":\"ListItem\",\"position\":2,\"name\":\"Heebrea keele grammatika harjutused\"}]},{\"@type\":\"WebSite\",\"@id\":\"https:\/\/talkpal.ai\/et\/#website\",\"url\":\"https:\/\/talkpal.ai\/et\/\",\"name\":\"Talkpal\",\"description\":\"AI Language Learning\",\"publisher\":{\"@id\":\"https:\/\/talkpal.ai\/et\/#organization\"},\"alternateName\":\"Talkpal AI\",\"potentialAction\":[{\"@type\":\"SearchAction\",\"target\":{\"@type\":\"EntryPoint\",\"urlTemplate\":\"https:\/\/talkpal.ai\/et\/?s={search_term_string}\"},\"query-input\":{\"@type\":\"PropertyValueSpecification\",\"valueRequired\":true,\"valueName\":\"search_term_string\"}}],\"inLanguage\":\"et\"},{\"@type\":\"Organization\",\"@id\":\"https:\/\/talkpal.ai\/et\/#organization\",\"name\":\"Talkpal, Inc.\",\"alternateName\":\"Talkpal AI\",\"url\":\"https:\/\/talkpal.ai\/et\/\",\"logo\":{\"@type\":\"ImageObject\",\"inLanguage\":\"et\",\"@id\":\"https:\/\/talkpal.ai\/et\/#\/schema\/logo\/image\/\",\"url\":\"https:\/\/talkpal.ai\/wp-content\/uploads\/2024\/03\/Talkpal-Logo-Icon.png\",\"contentUrl\":\"https:\/\/talkpal.ai\/wp-content\/uploads\/2024\/03\/Talkpal-Logo-Icon.png\",\"width\":2880,\"height\":2880,\"caption\":\"Talkpal, Inc.\"},\"image\":{\"@id\":\"https:\/\/talkpal.ai\/et\/#\/schema\/logo\/image\/\"},\"sameAs\":[\"https:\/\/www.facebook.com\/profile.php?id=100090733639311\",\"https:\/\/x.com\/talkpalai\",\"https:\/\/www.linkedin.com\/company\/talkpal\/\",\"https:\/\/www.youtube.com\/@TalkPal\/\",\"https:\/\/www.tiktok.com\/@talkpal\",\"https:\/\/www.instagram.com\/talkpal_ai\/\",\"https:\/\/www.crunchbase.com\/organization\/talkpal-9cde\",\"https:\/\/www.g2.com\/products\/talkpal-for-business\/\",\"https:\/\/www.trustpilot.com\/review\/talkpal.ai\",\"https:\/\/www.capterra.com\/p\/10006800\/TalkPal\/\"],\"description\":\"Talkpal is a language learning web and mobile education app, powered by the latest AI technologies, that provides engaging experiences to its customers in many different languages to help them improve their language skills. Users can chat about unlimited amount of topics with the app and use other modes to practice their language learning.\",\"email\":\"support@talkpal.ai\",\"legalName\":\"Talkpal, Inc.\",\"foundingDate\":\"2023-04-03\",\"duns\":\"118989042\",\"numberOfEmployees\":{\"@type\":\"QuantitativeValue\",\"minValue\":\"11\",\"maxValue\":\"50\"},\"publishingPrinciples\":\"https:\/\/talkpal.ai\/publishing-principles\/\",\"actionableFeedbackPolicy\":\"https:\/\/talkpal.ai\/actionable-feedback-policy\/\",\"correctionsPolicy\":\"https:\/\/talkpal.ai\/corrections-policy\/\",\"ethicsPolicy\":\"https:\/\/talkpal.ai\/ethics-policy\/\",\"diversityPolicy\":\"https:\/\/talkpal.ai\/diversity-policy\/\",\"diversityStaffingReport\":\"https:\/\/talkpal.ai\/diversity-policy\/\"}]}<\/script>\n<!-- \/ Yoast SEO Premium plugin. -->","yoast_head_json":{"title":"Heebrea keele grammatika harjutused - Talkpal","description":"Tugevdage oma heebrea keele grammatikat - v\u00f5tke osa selgetest, praktilistest harjutustest, et h\u00f5lpsasti tugevdada oma keeleoskust. Talkpal AI.","robots":{"index":"index","follow":"follow","max-snippet":"max-snippet:-1","max-image-preview":"max-image-preview:large","max-video-preview":"max-video-preview:-1"},"canonical":"https:\/\/talkpal.ai\/et\/heebrea-keele-grammatika-harjutused\/","og_locale":"et_EE","og_type":"article","og_title":"Heebrea keele grammatika harjutused","og_description":"Heebrea keele grammatika teemad Heebrea keel on p\u00f5nev ja iidne keel, millel on suur ajalooline ja kultuuriline t\u00e4htsus. Maailma \u00fche vanima keelena on see","og_url":"https:\/\/talkpal.ai\/et\/heebrea-keele-grammatika-harjutused\/","og_site_name":"Talkpal","article_publisher":"https:\/\/www.facebook.com\/profile.php?id=100090733639311","article_modified_time":"2025-12-17T15:49:05+00:00","og_image":[{"width":512,"height":512,"url":"https:\/\/talkpal.ai\/wp-content\/uploads\/2023\/05\/israel.png","type":"image\/png"}],"twitter_card":"summary_large_image","twitter_site":"@talkpalai","twitter_misc":{"Est. reading time":"3 minutit"},"schema":{"@context":"https:\/\/schema.org","@graph":[{"@type":"WebPage","@id":"https:\/\/talkpal.ai\/et\/heebrea-keele-grammatika-harjutused\/","url":"https:\/\/talkpal.ai\/et\/heebrea-keele-grammatika-harjutused\/","name":"Heebrea keele grammatika harjutused - Talkpal","isPartOf":{"@id":"https:\/\/talkpal.ai\/et\/#website"},"primaryImageOfPage":{"@id":"https:\/\/talkpal.ai\/et\/heebrea-keele-grammatika-harjutused\/#primaryimage"},"image":{"@id":"https:\/\/talkpal.ai\/et\/heebrea-keele-grammatika-harjutused\/#primaryimage"},"thumbnailUrl":"https:\/\/talkpal.ai\/wp-content\/uploads\/2023\/05\/israel.png","datePublished":"2023-06-21T14:25:56+00:00","dateModified":"2025-12-17T15:49:05+00:00","description":"Tugevdage oma heebrea keele grammatikat - v\u00f5tke osa selgetest, praktilistest harjutustest, et h\u00f5lpsasti tugevdada oma keeleoskust. Talkpal AI.","breadcrumb":{"@id":"https:\/\/talkpal.ai\/et\/heebrea-keele-grammatika-harjutused\/#breadcrumb"},"inLanguage":"et","potentialAction":[{"@type":"ReadAction","target":["https:\/\/talkpal.ai\/et\/heebrea-keele-grammatika-harjutused\/"]}]},{"@type":"ImageObject","inLanguage":"et","@id":"https:\/\/talkpal.ai\/et\/heebrea-keele-grammatika-harjutused\/#primaryimage","url":"https:\/\/talkpal.ai\/wp-content\/uploads\/2023\/05\/israel.png","contentUrl":"https:\/\/talkpal.ai\/wp-content\/uploads\/2023\/05\/israel.png","width":512,"height":512},{"@type":"BreadcrumbList","@id":"https:\/\/talkpal.ai\/et\/heebrea-keele-grammatika-harjutused\/#breadcrumb","itemListElement":[{"@type":"ListItem","position":1,"name":"Homepage","item":"https:\/\/talkpal.ai\/et\/"},{"@type":"ListItem","position":2,"name":"Heebrea keele grammatika harjutused"}]},{"@type":"WebSite","@id":"https:\/\/talkpal.ai\/et\/#website","url":"https:\/\/talkpal.ai\/et\/","name":"Talkpal","description":"AI Language Learning","publisher":{"@id":"https:\/\/talkpal.ai\/et\/#organization"},"alternateName":"Talkpal AI","potentialAction":[{"@type":"SearchAction","target":{"@type":"EntryPoint","urlTemplate":"https:\/\/talkpal.ai\/et\/?s={search_term_string}"},"query-input":{"@type":"PropertyValueSpecification","valueRequired":true,"valueName":"search_term_string"}}],"inLanguage":"et"},{"@type":"Organization","@id":"https:\/\/talkpal.ai\/et\/#organization","name":"Talkpal, Inc.","alternateName":"Talkpal AI","url":"https:\/\/talkpal.ai\/et\/","logo":{"@type":"ImageObject","inLanguage":"et","@id":"https:\/\/talkpal.ai\/et\/#\/schema\/logo\/image\/","url":"https:\/\/talkpal.ai\/wp-content\/uploads\/2024\/03\/Talkpal-Logo-Icon.png","contentUrl":"https:\/\/talkpal.ai\/wp-content\/uploads\/2024\/03\/Talkpal-Logo-Icon.png","width":2880,"height":2880,"caption":"Talkpal, Inc."},"image":{"@id":"https:\/\/talkpal.ai\/et\/#\/schema\/logo\/image\/"},"sameAs":["https:\/\/www.facebook.com\/profile.php?id=100090733639311","https:\/\/x.com\/talkpalai","https:\/\/www.linkedin.com\/company\/talkpal\/","https:\/\/www.youtube.com\/@TalkPal\/","https:\/\/www.tiktok.com\/@talkpal","https:\/\/www.instagram.com\/talkpal_ai\/","https:\/\/www.crunchbase.com\/organization\/talkpal-9cde","https:\/\/www.g2.com\/products\/talkpal-for-business\/","https:\/\/www.trustpilot.com\/review\/talkpal.ai","https:\/\/www.capterra.com\/p\/10006800\/TalkPal\/"],"description":"Talkpal is a language learning web and mobile education app, powered by the latest AI technologies, that provides engaging experiences to its customers in many different languages to help them improve their language skills. Users can chat about unlimited amount of topics with the app and use other modes to practice their language learning.","email":"support@talkpal.ai","legalName":"Talkpal, Inc.","foundingDate":"2023-04-03","duns":"118989042","numberOfEmployees":{"@type":"QuantitativeValue","minValue":"11","maxValue":"50"},"publishingPrinciples":"https:\/\/talkpal.ai\/publishing-principles\/","actionableFeedbackPolicy":"https:\/\/talkpal.ai\/actionable-feedback-policy\/","correctionsPolicy":"https:\/\/talkpal.ai\/corrections-policy\/","ethicsPolicy":"https:\/\/talkpal.ai\/ethics-policy\/","diversityPolicy":"https:\/\/talkpal.ai\/diversity-policy\/","diversityStaffingReport":"https:\/\/talkpal.ai\/diversity-policy\/"}]}},"_links":{"self":[{"href":"https:\/\/talkpal.ai\/et\/wp-json\/wp\/v2\/pages\/162182","targetHints":{"allow":["GET"]}}],"collection":[{"href":"https:\/\/talkpal.ai\/et\/wp-json\/wp\/v2\/pages"}],"about":[{"href":"https:\/\/talkpal.ai\/et\/wp-json\/wp\/v2\/types\/page"}],"author":[{"embeddable":true,"href":"https:\/\/talkpal.ai\/et\/wp-json\/wp\/v2\/users\/6"}],"replies":[{"embeddable":true,"href":"https:\/\/talkpal.ai\/et\/wp-json\/wp\/v2\/comments?post=162182"}],"version-history":[{"count":0,"href":"https:\/\/talkpal.ai\/et\/wp-json\/wp\/v2\/pages\/162182\/revisions"}],"wp:featuredmedia":[{"embeddable":true,"href":"https:\/\/talkpal.ai\/et\/wp-json\/wp\/v2\/media\/112999"}],"wp:attachment":[{"href":"https:\/\/talkpal.ai\/et\/wp-json\/wp\/v2\/media?parent=162182"}],"curies":[{"name":"wp","href":"https:\/\/api.w.org\/{rel}","templated":true}]}}