{"id":161302,"date":"2023-06-22T07:25:42","date_gmt":"2023-06-22T07:25:42","guid":{"rendered":"http:\/\/talkpal.ai\/indoneesia-grammatika-harjutused\/"},"modified":"2025-12-17T15:09:01","modified_gmt":"2025-12-17T15:09:01","slug":"indoneesia-grammatika-harjutused","status":"publish","type":"page","link":"https:\/\/talkpal.ai\/et\/indoneesia-grammatika-harjutused\/","title":{"rendered":"Indoneesia grammatika harjutused"},"content":{"rendered":"\r\n\r\n\r\n<section class=\"languageChallengeSection\">\r\n    <div class=\"languageInfoWrapper\">\r\n        \r\n        <h1>Indoneesia grammatika harjutused<\/h1>\r\n        <p>Soovite suurendada oma enesekindlust <a href=\"https:\/\/talkpal.ai\/learn-indonesian\/\">indoneesia<\/a> keeles? Grammatikaharjutused on suurep\u00e4rane v\u00f5imalus omandada lauseehitus, verbivormid ja p\u00f5himustrid, mis aitavad teil loomulikumalt suhelda. Alustage indoneesia keele <a href=\"https:\/\/talkpal.ai\/greek-grammar\/\">grammatika<\/a> harjutamist juba t\u00e4na ja vaadake, kuidas teie oskused ja arusaamine kasvavad iga \u00f5ppesessiooniga!<\/p>\r\n\r\n                            <a class=\"getStartedHidden\" href=\"https:\/\/app.talkpal.ai\/et\/signup?lng=\">Alusta<\/a>\r\n        \r\n    <\/div>\r\n\r\n    <figure>\r\n    <img decoding=\"async\" width=\"768\" height=\"768\" src=\"https:\/\/talkpal.ai\/wp-content\/uploads\/2023\/06\/indonesia-768x768.png\" class=\"languageImage no-lazy\" alt=\"Language learning for personal achievement\" fetchpriority=\"high\" sizes=\"(max-width: 768px) 150px, 768px\" srcset=\"https:\/\/talkpal.ai\/wp-content\/uploads\/2023\/06\/indonesia-768x768.png 768w, https:\/\/talkpal.ai\/wp-content\/uploads\/2023\/06\/indonesia-300x300.png 300w\" \/>\r\n    \r\n\r\n    <\/figure>\r\n\r\n            <a class=\"getStartedVisible\" href=\"https:\/\/app.talkpal.ai\/et\/signup?lng=\">Alusta<\/a>\r\n    \r\n<\/section>\r\n\r\n\r\n<!-- <section class=\"grammarSection\">\r\n    <div class=\"grammarLinks\">\r\n            <\/div>\r\n<\/section> -->\r\n\r\n\r\n\r\n\r\n<section class=\"promotionalBanner\">\r\n    <p class=\"promotionalText\">K\u00f5ige t\u00f5husam viis keele \u00f5ppimiseks<\/p>\r\n    <a class=\"promotionalLink\" href=\"https:\/\/app.talkpal.ai\/et\/signup?lng=\">Proovige Talkpal tasuta<\/a>\r\n<\/section>\n<div class=\"wp-block-group pageContainerStyle\"><div class=\"wp-block-group__inner-container is-layout-constrained wp-block-group-is-layout-constrained\">\n<h2 class=\"wp-block-heading\" id=\"h-indonesian-grammar-topics\">Indoneesia grammatika teemad<\/h2>\n\n\n\n<p><a href=\"https:\/\/talkpal.ai\/et\/opi-indoneesia-keel\/\">Indoneesia keel<\/a> v\u00f5i Bahasa Indoneesia keel on Indoneesia ametlik keel ja see on \u00fchendav keel riigis, kus on \u00fcle 700 k\u00f5neldava keele. <a href=\"https:\/\/talkpal.ai\/learn-malay\/\">Malai<\/a> standardiseeritud registrina on see austroneesia keel, millel on kergesti \u00f5pitav grammatikas\u00fcsteem. Indoneesia keele \u00f5ppimisel on oluline m\u00f5ista selle keele grammatikareegleid ja struktuuri, et suhelda t\u00f5husalt. Selles juhendis keskendume erinevate Indoneesia grammatika teemade, nagu ajavormid, tegus\u00f5nad, nimis\u00f5nad, artiklid, ases\u00f5nad, omaduss\u00f5nad, m\u00e4\u00e4rs\u00f5nad, tingimuslaused, eess\u00f5nad ja lauseehitus, \u00f5ppimise j\u00e4rjestusele.<\/p>\n\n\n\n<h3 class=\"wp-block-heading\" id=\"h-1-nouns\">1. Nimis\u00f5nad<\/h3>\n\n\n\n<p>Alustage Indoneesia nimis\u00f5nade \u00f5ppimisega, sest need on keele lihtsaimad ehitusplokid. Indoneesia nimis\u00f5nad ei ole soolised ega mitmuses, mist\u00f5ttu on neid lihtne m\u00f5ista. Tutvuge tavaliste nimis\u00f5nadega ja nende kasutamisega kontekstis.<\/p>\n\n\n\n<h3 class=\"wp-block-heading\" id=\"h-2-pronouns-determiners\">2. Ases\u00f5nad\/m\u00e4\u00e4rajad<\/h3>\n\n\n\n<p>P\u00e4rast nimis\u00f5nade m\u00f5istmist \u00f5ppige ases\u00f5nu ja m\u00e4\u00e4rajaid. Indoneesia keeles on erinevad isikulised ases\u00f5nad ja omastavad m\u00e4\u00e4rajad, mis vastavad ingliskeelsetele ekvivalentidele. Harjutage nende kasutamist erinevates kontekstides, et ehitada oma vundament lauseehituses.<\/p>\n\n\n\n<h3 class=\"wp-block-heading\" id=\"h-3-adjectives\">3. Omaduss\u00f5nad<\/h3>\n\n\n\n<p>Omaduss\u00f5nad on indoneesia keeles nimis\u00f5nade kirjeldamiseks ja eristamiseks h\u00e4davajalikud. Siit saate teada, kuidas kasutada omaduss\u00f5nu lihtsates lausetes ja m\u00f5ista nende paigutust nimis\u00f5nade suhtes.<\/p>\n\n\n\n<h3 class=\"wp-block-heading\" id=\"h-4-verbs\">4. Tegus\u00f5nad<\/h3>\n\n\n\n<p>Indoneesia verbid ei ole konjugeeritud, mist\u00f5ttu on neid teiste keeltega v\u00f5rreldes suhteliselt lihtsam \u00f5ppida. Uurige p\u00f5hilisi verbivorme ja nende kasutamist lausetes.<\/p>\n\n\n\n<h3 class=\"wp-block-heading\" id=\"h-5-tenses\">5. Ajad<\/h3>\n\n\n\n<p>Indoneesia keelel ei ole otsest vastet <a href=\"https:\/\/talkpal.ai\/learn-english\/\">inglise<\/a> ajastustele. Selle asemel v\u00e4ljendatakse aega konteksti kaudu v\u00f5i konkreetsete s\u00f5nade abil. Siit saate teada, kuidas edastada indoneesia keeles mineviku, oleviku ja tuleviku s\u00fcndmusi, kasutades erinevaid m\u00e4\u00e4rs\u00f5nu ja fraase.<\/p>\n\n\n\n<h3 class=\"wp-block-heading\" id=\"h-6-tense-comparison-progressive-perfect-progressive\">6. Pingeline v\u00f5rdlus, progressiivne, t\u00e4iuslik progressiivne<\/h3>\n\n\n\n<p>Kuna indoneesia keeles ei ole pingelist s\u00fcsteemi, on pingelise v\u00f5rdluse, progressiivse ja t\u00e4iusliku progressiivse kontseptsiooni m\u00f5istmine \u00fclioluline. Siit saate teada, kuidas neid aspekte erinevate s\u00f5nade ja fraaside abil v\u00e4ljendada.<\/p>\n\n\n\n<h3 class=\"wp-block-heading\" id=\"h-7-adverbs\">7. M\u00e4\u00e4rs\u00f5nad<\/h3>\n\n\n\n<p>Lisage m\u00e4\u00e4rs\u00f5nad oma Indoneesia s\u00f5navarasse, et lisada oma lausetele rohkem \u00fcksikasju ja s\u00fcgavust. Tutvuge m\u00e4\u00e4rs\u00f5nade paigutamist ja kasutamist reguleerivate reeglitega.<\/p>\n\n\n\n<h3 class=\"wp-block-heading\" id=\"h-8-prepositions\">8. Eess\u00f5nad<\/h3>\n\n\n\n<p>Eess\u00f5nu kasutatakse lause s\u00f5nade vaheliste seoste t\u00e4histamiseks. \u00d5ppige indoneesia tavalisi eess\u00f5nu ja nende kasutamist erinevates kontekstides.<\/p>\n\n\n\n<h3 class=\"wp-block-heading\" id=\"h-9-conditionals\">9. Tingimused<\/h3>\n\n\n\n<p>Uurige indoneesia keeles tingimuslikke lauseid, mis v\u00e4ljendavad h\u00fcpoteetilisi olukordi ja nende tagaj\u00e4rgi. \u00d5ppige, kuidas moodustada ja kasutada &#8220;kui&#8221; lauseid ja muid tingimusstruktuure.<\/p>\n\n\n\n<h3 class=\"wp-block-heading\" id=\"h-10-sentences\">10. Laused<\/h3>\n\n\n\n<p>L\u00f5puks harjutage lausete koostamist, kasutades \u00fclaltoodud grammatikareegleid ja teemasid. Tutvuge erinevat t\u00fc\u00fcpi Indoneesia lausetega, nagu deklaratiivne, \u00fclekuulatav, imperatiivne ja h\u00fc\u00fcatav, et parandada oma \u00fcldist suhtlemisoskust keeles.<\/p>\n<\/div><\/div>\n\r\n<section class=\"learnNavigationSection\">\r\n            \r\n        <a href=\"https:\/\/talkpal.ai\/et\/opi-indoneesia-keel\/\">\r\n            <div class=\"learnNavigationWrapper\">\r\n                <div class=\"learnNavigationContent\">\r\n                    <img decoding=\"async\" src=\"https:\/\/talkpal.ai\/wp-content\/uploads\/2024\/08\/Indonesian.jpg\" alt=\"Indonesian Flag\">\r\n                    <div>\r\n                        <h4>Indoneesia \u00f5ppimise kohta<\/h4>\r\n                        <p>Uuri k\u00f5ike Indoneesia grammatika kohta.<\/p>\r\n                    <\/div>\r\n                <\/div>\r\n            <\/div>\r\n        <\/a>\r\n\r\n        \r\n        <a href=\"https:\/\/talkpal.ai\/et\/indoneesia-grammatika\/\">\r\n            <div class=\"learnNavigationWrapper\">\r\n                <div class=\"learnNavigationContent\">\r\n                    <img decoding=\"async\" src=\"https:\/\/talkpal.ai\/wp-content\/uploads\/2024\/08\/Indonesian.jpg\" alt=\"Indonesian Flag\">\r\n                    <div>\r\n                        <h4>Indoneesia keele grammatika \u00f5ppet\u00f6\u00f6<\/h4>\r\n                        <p>Harjutage indoneesia grammatikat.<\/p>\r\n                    <\/div>\r\n                <\/div>\r\n            <\/div>\r\n        <\/a>\r\n\r\n        \r\n        <a href=\"https:\/\/talkpal.ai\/vocabulary_language\/indonesian\/\">\r\n            <div class=\"learnNavigationWrapper\">\r\n                <div class=\"learnNavigationContent\">\r\n                    <img decoding=\"async\" src=\"https:\/\/talkpal.ai\/wp-content\/uploads\/2024\/08\/Indonesian.jpg\" alt=\"Indonesian Flag\">\r\n                    <div>\r\n                        <h4>Indoneesia keele s\u00f5navara<\/h4>\r\n                        <p>Laiendage oma indoneesia keele s\u00f5navara.<\/p>\r\n                    <\/div>\r\n                <\/div>\r\n            <\/div>\r\n        <\/a>\r\n\r\n            <\/section>","protected":false},"excerpt":{"rendered":"<p>Indoneesia grammatika teemad Indoneesia keel v\u00f5i Bahasa Indoneesia keel on Indoneesia ametlik keel ja see on \u00fchendav keel riigis, kus on \u00fcle 700 k\u00f5neldava keele. Malai standardiseeritud registrina on see austroneesia keel, millel on kergesti \u00f5pitav grammatikas\u00fcsteem. Indoneesia keele \u00f5ppimisel on oluline m\u00f5ista selle keele grammatikareegleid ja struktuuri, et suhelda t\u00f5husalt. Selles juhendis keskendume erinevate [&hellip;]<\/p>\n","protected":false},"author":6,"featured_media":113981,"parent":0,"menu_order":0,"comment_status":"closed","ping_status":"closed","template":"LearningContentPage.php","meta":{"_acf_changed":false,"footnotes":""},"class_list":["post-161302","page","type-page","status-publish","has-post-thumbnail","hentry"],"acf":[],"yoast_head":"<!-- This site is optimized with the Yoast SEO Premium plugin v27.2 (Yoast SEO v27.2) - https:\/\/yoast.com\/product\/yoast-seo-premium-wordpress\/ -->\n<title>Indoneesia grammatika harjutused - Talkpal<\/title>\n<meta name=\"description\" content=\"Parandage oma indoneesia keele grammatikat - harjutage lihtsate harjutuste, interaktiivsete n\u00e4idete ja selge tagasiside abil. Talkpal AI.\" \/>\n<meta name=\"robots\" content=\"index, follow, max-snippet:-1, max-image-preview:large, max-video-preview:-1\" \/>\n<link rel=\"canonical\" href=\"https:\/\/talkpal.ai\/et\/indoneesia-grammatika-harjutused\/\" \/>\n<meta property=\"og:locale\" content=\"et_EE\" \/>\n<meta property=\"og:type\" content=\"article\" \/>\n<meta property=\"og:title\" content=\"Indoneesia grammatika harjutused\" \/>\n<meta property=\"og:description\" content=\"Indoneesia grammatika teemad Indoneesia keel v\u00f5i Bahasa Indoneesia keel on Indoneesia ametlik keel ja see on \u00fchendav keel riigis, kus on \u00fcle 700 k\u00f5neldava\" \/>\n<meta property=\"og:url\" content=\"https:\/\/talkpal.ai\/et\/indoneesia-grammatika-harjutused\/\" \/>\n<meta property=\"og:site_name\" content=\"Talkpal\" \/>\n<meta property=\"article:publisher\" content=\"https:\/\/www.facebook.com\/profile.php?id=100090733639311\" \/>\n<meta property=\"article:modified_time\" content=\"2025-12-17T15:09:01+00:00\" \/>\n<meta property=\"og:image\" content=\"https:\/\/talkpal.ai\/wp-content\/uploads\/2023\/05\/indonesia.png\" \/>\n\t<meta property=\"og:image:width\" content=\"512\" \/>\n\t<meta property=\"og:image:height\" content=\"512\" \/>\n\t<meta property=\"og:image:type\" content=\"image\/png\" \/>\n<meta name=\"twitter:card\" content=\"summary_large_image\" \/>\n<meta name=\"twitter:site\" content=\"@talkpalai\" \/>\n<meta name=\"twitter:label1\" content=\"Est. reading time\" \/>\n\t<meta name=\"twitter:data1\" content=\"2 minutit\" \/>\n<script type=\"application\/ld+json\" class=\"yoast-schema-graph\">{\"@context\":\"https:\/\/schema.org\",\"@graph\":[{\"@type\":\"WebPage\",\"@id\":\"https:\/\/talkpal.ai\/et\/indoneesia-grammatika-harjutused\/\",\"url\":\"https:\/\/talkpal.ai\/et\/indoneesia-grammatika-harjutused\/\",\"name\":\"Indoneesia grammatika harjutused - Talkpal\",\"isPartOf\":{\"@id\":\"https:\/\/talkpal.ai\/et\/#website\"},\"primaryImageOfPage\":{\"@id\":\"https:\/\/talkpal.ai\/et\/indoneesia-grammatika-harjutused\/#primaryimage\"},\"image\":{\"@id\":\"https:\/\/talkpal.ai\/et\/indoneesia-grammatika-harjutused\/#primaryimage\"},\"thumbnailUrl\":\"https:\/\/talkpal.ai\/wp-content\/uploads\/2023\/05\/indonesia.png\",\"datePublished\":\"2023-06-22T07:25:42+00:00\",\"dateModified\":\"2025-12-17T15:09:01+00:00\",\"description\":\"Parandage oma indoneesia keele grammatikat - harjutage lihtsate harjutuste, interaktiivsete n\u00e4idete ja selge tagasiside abil. Talkpal AI.\",\"breadcrumb\":{\"@id\":\"https:\/\/talkpal.ai\/et\/indoneesia-grammatika-harjutused\/#breadcrumb\"},\"inLanguage\":\"et\",\"potentialAction\":[{\"@type\":\"ReadAction\",\"target\":[\"https:\/\/talkpal.ai\/et\/indoneesia-grammatika-harjutused\/\"]}]},{\"@type\":\"ImageObject\",\"inLanguage\":\"et\",\"@id\":\"https:\/\/talkpal.ai\/et\/indoneesia-grammatika-harjutused\/#primaryimage\",\"url\":\"https:\/\/talkpal.ai\/wp-content\/uploads\/2023\/05\/indonesia.png\",\"contentUrl\":\"https:\/\/talkpal.ai\/wp-content\/uploads\/2023\/05\/indonesia.png\",\"width\":512,\"height\":512},{\"@type\":\"BreadcrumbList\",\"@id\":\"https:\/\/talkpal.ai\/et\/indoneesia-grammatika-harjutused\/#breadcrumb\",\"itemListElement\":[{\"@type\":\"ListItem\",\"position\":1,\"name\":\"Homepage\",\"item\":\"https:\/\/talkpal.ai\/et\/\"},{\"@type\":\"ListItem\",\"position\":2,\"name\":\"Indoneesia grammatika harjutused\"}]},{\"@type\":\"WebSite\",\"@id\":\"https:\/\/talkpal.ai\/et\/#website\",\"url\":\"https:\/\/talkpal.ai\/et\/\",\"name\":\"Talkpal\",\"description\":\"AI Language Learning\",\"publisher\":{\"@id\":\"https:\/\/talkpal.ai\/et\/#organization\"},\"alternateName\":\"Talkpal AI\",\"potentialAction\":[{\"@type\":\"SearchAction\",\"target\":{\"@type\":\"EntryPoint\",\"urlTemplate\":\"https:\/\/talkpal.ai\/et\/?s={search_term_string}\"},\"query-input\":{\"@type\":\"PropertyValueSpecification\",\"valueRequired\":true,\"valueName\":\"search_term_string\"}}],\"inLanguage\":\"et\"},{\"@type\":\"Organization\",\"@id\":\"https:\/\/talkpal.ai\/et\/#organization\",\"name\":\"Talkpal, Inc.\",\"alternateName\":\"Talkpal AI\",\"url\":\"https:\/\/talkpal.ai\/et\/\",\"logo\":{\"@type\":\"ImageObject\",\"inLanguage\":\"et\",\"@id\":\"https:\/\/talkpal.ai\/et\/#\/schema\/logo\/image\/\",\"url\":\"https:\/\/talkpal.ai\/wp-content\/uploads\/2024\/03\/Talkpal-Logo-Icon.png\",\"contentUrl\":\"https:\/\/talkpal.ai\/wp-content\/uploads\/2024\/03\/Talkpal-Logo-Icon.png\",\"width\":2880,\"height\":2880,\"caption\":\"Talkpal, Inc.\"},\"image\":{\"@id\":\"https:\/\/talkpal.ai\/et\/#\/schema\/logo\/image\/\"},\"sameAs\":[\"https:\/\/www.facebook.com\/profile.php?id=100090733639311\",\"https:\/\/x.com\/talkpalai\",\"https:\/\/www.linkedin.com\/company\/talkpal\/\",\"https:\/\/www.youtube.com\/@TalkPal\/\",\"https:\/\/www.tiktok.com\/@talkpal\",\"https:\/\/www.instagram.com\/talkpal_ai\/\",\"https:\/\/www.crunchbase.com\/organization\/talkpal-9cde\",\"https:\/\/www.g2.com\/products\/talkpal-for-business\/\",\"https:\/\/www.trustpilot.com\/review\/talkpal.ai\",\"https:\/\/www.capterra.com\/p\/10006800\/TalkPal\/\"],\"description\":\"Talkpal is a language learning web and mobile education app, powered by the latest AI technologies, that provides engaging experiences to its customers in many different languages to help them improve their language skills. Users can chat about unlimited amount of topics with the app and use other modes to practice their language learning.\",\"email\":\"support@talkpal.ai\",\"legalName\":\"Talkpal, Inc.\",\"foundingDate\":\"2023-04-03\",\"duns\":\"118989042\",\"numberOfEmployees\":{\"@type\":\"QuantitativeValue\",\"minValue\":\"11\",\"maxValue\":\"50\"},\"publishingPrinciples\":\"https:\/\/talkpal.ai\/publishing-principles\/\",\"actionableFeedbackPolicy\":\"https:\/\/talkpal.ai\/actionable-feedback-policy\/\",\"correctionsPolicy\":\"https:\/\/talkpal.ai\/corrections-policy\/\",\"ethicsPolicy\":\"https:\/\/talkpal.ai\/ethics-policy\/\",\"diversityPolicy\":\"https:\/\/talkpal.ai\/diversity-policy\/\",\"diversityStaffingReport\":\"https:\/\/talkpal.ai\/diversity-policy\/\"}]}<\/script>\n<!-- \/ Yoast SEO Premium plugin. -->","yoast_head_json":{"title":"Indoneesia grammatika harjutused - Talkpal","description":"Parandage oma indoneesia keele grammatikat - harjutage lihtsate harjutuste, interaktiivsete n\u00e4idete ja selge tagasiside abil. Talkpal AI.","robots":{"index":"index","follow":"follow","max-snippet":"max-snippet:-1","max-image-preview":"max-image-preview:large","max-video-preview":"max-video-preview:-1"},"canonical":"https:\/\/talkpal.ai\/et\/indoneesia-grammatika-harjutused\/","og_locale":"et_EE","og_type":"article","og_title":"Indoneesia grammatika harjutused","og_description":"Indoneesia grammatika teemad Indoneesia keel v\u00f5i Bahasa Indoneesia keel on Indoneesia ametlik keel ja see on \u00fchendav keel riigis, kus on \u00fcle 700 k\u00f5neldava","og_url":"https:\/\/talkpal.ai\/et\/indoneesia-grammatika-harjutused\/","og_site_name":"Talkpal","article_publisher":"https:\/\/www.facebook.com\/profile.php?id=100090733639311","article_modified_time":"2025-12-17T15:09:01+00:00","og_image":[{"width":512,"height":512,"url":"https:\/\/talkpal.ai\/wp-content\/uploads\/2023\/05\/indonesia.png","type":"image\/png"}],"twitter_card":"summary_large_image","twitter_site":"@talkpalai","twitter_misc":{"Est. reading time":"2 minutit"},"schema":{"@context":"https:\/\/schema.org","@graph":[{"@type":"WebPage","@id":"https:\/\/talkpal.ai\/et\/indoneesia-grammatika-harjutused\/","url":"https:\/\/talkpal.ai\/et\/indoneesia-grammatika-harjutused\/","name":"Indoneesia grammatika harjutused - Talkpal","isPartOf":{"@id":"https:\/\/talkpal.ai\/et\/#website"},"primaryImageOfPage":{"@id":"https:\/\/talkpal.ai\/et\/indoneesia-grammatika-harjutused\/#primaryimage"},"image":{"@id":"https:\/\/talkpal.ai\/et\/indoneesia-grammatika-harjutused\/#primaryimage"},"thumbnailUrl":"https:\/\/talkpal.ai\/wp-content\/uploads\/2023\/05\/indonesia.png","datePublished":"2023-06-22T07:25:42+00:00","dateModified":"2025-12-17T15:09:01+00:00","description":"Parandage oma indoneesia keele grammatikat - harjutage lihtsate harjutuste, interaktiivsete n\u00e4idete ja selge tagasiside abil. Talkpal AI.","breadcrumb":{"@id":"https:\/\/talkpal.ai\/et\/indoneesia-grammatika-harjutused\/#breadcrumb"},"inLanguage":"et","potentialAction":[{"@type":"ReadAction","target":["https:\/\/talkpal.ai\/et\/indoneesia-grammatika-harjutused\/"]}]},{"@type":"ImageObject","inLanguage":"et","@id":"https:\/\/talkpal.ai\/et\/indoneesia-grammatika-harjutused\/#primaryimage","url":"https:\/\/talkpal.ai\/wp-content\/uploads\/2023\/05\/indonesia.png","contentUrl":"https:\/\/talkpal.ai\/wp-content\/uploads\/2023\/05\/indonesia.png","width":512,"height":512},{"@type":"BreadcrumbList","@id":"https:\/\/talkpal.ai\/et\/indoneesia-grammatika-harjutused\/#breadcrumb","itemListElement":[{"@type":"ListItem","position":1,"name":"Homepage","item":"https:\/\/talkpal.ai\/et\/"},{"@type":"ListItem","position":2,"name":"Indoneesia grammatika harjutused"}]},{"@type":"WebSite","@id":"https:\/\/talkpal.ai\/et\/#website","url":"https:\/\/talkpal.ai\/et\/","name":"Talkpal","description":"AI Language Learning","publisher":{"@id":"https:\/\/talkpal.ai\/et\/#organization"},"alternateName":"Talkpal AI","potentialAction":[{"@type":"SearchAction","target":{"@type":"EntryPoint","urlTemplate":"https:\/\/talkpal.ai\/et\/?s={search_term_string}"},"query-input":{"@type":"PropertyValueSpecification","valueRequired":true,"valueName":"search_term_string"}}],"inLanguage":"et"},{"@type":"Organization","@id":"https:\/\/talkpal.ai\/et\/#organization","name":"Talkpal, Inc.","alternateName":"Talkpal AI","url":"https:\/\/talkpal.ai\/et\/","logo":{"@type":"ImageObject","inLanguage":"et","@id":"https:\/\/talkpal.ai\/et\/#\/schema\/logo\/image\/","url":"https:\/\/talkpal.ai\/wp-content\/uploads\/2024\/03\/Talkpal-Logo-Icon.png","contentUrl":"https:\/\/talkpal.ai\/wp-content\/uploads\/2024\/03\/Talkpal-Logo-Icon.png","width":2880,"height":2880,"caption":"Talkpal, Inc."},"image":{"@id":"https:\/\/talkpal.ai\/et\/#\/schema\/logo\/image\/"},"sameAs":["https:\/\/www.facebook.com\/profile.php?id=100090733639311","https:\/\/x.com\/talkpalai","https:\/\/www.linkedin.com\/company\/talkpal\/","https:\/\/www.youtube.com\/@TalkPal\/","https:\/\/www.tiktok.com\/@talkpal","https:\/\/www.instagram.com\/talkpal_ai\/","https:\/\/www.crunchbase.com\/organization\/talkpal-9cde","https:\/\/www.g2.com\/products\/talkpal-for-business\/","https:\/\/www.trustpilot.com\/review\/talkpal.ai","https:\/\/www.capterra.com\/p\/10006800\/TalkPal\/"],"description":"Talkpal is a language learning web and mobile education app, powered by the latest AI technologies, that provides engaging experiences to its customers in many different languages to help them improve their language skills. Users can chat about unlimited amount of topics with the app and use other modes to practice their language learning.","email":"support@talkpal.ai","legalName":"Talkpal, Inc.","foundingDate":"2023-04-03","duns":"118989042","numberOfEmployees":{"@type":"QuantitativeValue","minValue":"11","maxValue":"50"},"publishingPrinciples":"https:\/\/talkpal.ai\/publishing-principles\/","actionableFeedbackPolicy":"https:\/\/talkpal.ai\/actionable-feedback-policy\/","correctionsPolicy":"https:\/\/talkpal.ai\/corrections-policy\/","ethicsPolicy":"https:\/\/talkpal.ai\/ethics-policy\/","diversityPolicy":"https:\/\/talkpal.ai\/diversity-policy\/","diversityStaffingReport":"https:\/\/talkpal.ai\/diversity-policy\/"}]}},"_links":{"self":[{"href":"https:\/\/talkpal.ai\/et\/wp-json\/wp\/v2\/pages\/161302","targetHints":{"allow":["GET"]}}],"collection":[{"href":"https:\/\/talkpal.ai\/et\/wp-json\/wp\/v2\/pages"}],"about":[{"href":"https:\/\/talkpal.ai\/et\/wp-json\/wp\/v2\/types\/page"}],"author":[{"embeddable":true,"href":"https:\/\/talkpal.ai\/et\/wp-json\/wp\/v2\/users\/6"}],"replies":[{"embeddable":true,"href":"https:\/\/talkpal.ai\/et\/wp-json\/wp\/v2\/comments?post=161302"}],"version-history":[{"count":0,"href":"https:\/\/talkpal.ai\/et\/wp-json\/wp\/v2\/pages\/161302\/revisions"}],"wp:featuredmedia":[{"embeddable":true,"href":"https:\/\/talkpal.ai\/et\/wp-json\/wp\/v2\/media\/113981"}],"wp:attachment":[{"href":"https:\/\/talkpal.ai\/et\/wp-json\/wp\/v2\/media?parent=161302"}],"curies":[{"name":"wp","href":"https:\/\/api.w.org\/{rel}","templated":true}]}}