{"id":160687,"date":"2023-06-22T08:01:09","date_gmt":"2023-06-22T08:01:09","guid":{"rendered":"http:\/\/talkpal.ai\/kasahhi-grammatika-harjutused\/"},"modified":"2025-12-17T14:51:56","modified_gmt":"2025-12-17T14:51:56","slug":"kasahhi-grammatika-harjutused","status":"publish","type":"page","link":"https:\/\/talkpal.ai\/et\/kasahhi-grammatika-harjutused\/","title":{"rendered":"Kasahhi grammatika harjutused"},"content":{"rendered":"\r\n\r\n\r\n<section class=\"languageChallengeSection\">\r\n    <div class=\"languageInfoWrapper\">\r\n        \r\n        <h1>Kasahhi grammatika harjutused<\/h1>\r\n        <p>Kas oled valmis suurendama oma usaldust <a href=\"https:\/\/talkpal.ai\/learn-kazakh\/\">kasahhi<\/a> keele osas? Grammatikaharjutustele keskendumine on suurep\u00e4rane v\u00f5imalus omandada lauseehitust, verbimoodustusi ja olulisi keelemustreid. Alustage kasahhi keele <a href=\"https:\/\/talkpal.ai\/greek-grammar\/\">grammatika<\/a> harjutamist juba t\u00e4na ja n\u00e4ete t\u00f5elist edu, kui tugevdate oma arusaamist samm-sammult!<\/p>\r\n\r\n                            <a class=\"getStartedHidden\" href=\"https:\/\/app.talkpal.ai\/et\/signup?lng=\">Alusta<\/a>\r\n        \r\n    <\/div>\r\n\r\n    <figure>\r\n    <img decoding=\"async\" width=\"768\" height=\"768\" src=\"https:\/\/talkpal.ai\/wp-content\/uploads\/2023\/06\/Khazak-768x768.png\" class=\"languageImage no-lazy\" alt=\"Language learning for increased negotiation skills\" fetchpriority=\"high\" sizes=\"(max-width: 768px) 150px, 768px\" srcset=\"https:\/\/talkpal.ai\/wp-content\/uploads\/2023\/06\/Khazak-768x768.png 768w, https:\/\/talkpal.ai\/wp-content\/uploads\/2023\/06\/Khazak-300x300.png 300w\" \/>\r\n    \r\n\r\n    <\/figure>\r\n\r\n            <a class=\"getStartedVisible\" href=\"https:\/\/app.talkpal.ai\/et\/signup?lng=\">Alusta<\/a>\r\n    \r\n<\/section>\r\n\r\n\r\n<!-- <section class=\"grammarSection\">\r\n    <div class=\"grammarLinks\">\r\n            <\/div>\r\n<\/section> -->\r\n\r\n\r\n\r\n\r\n<section class=\"promotionalBanner\">\r\n    <p class=\"promotionalText\">K\u00f5ige t\u00f5husam viis keele \u00f5ppimiseks<\/p>\r\n    <a class=\"promotionalLink\" href=\"https:\/\/app.talkpal.ai\/et\/signup?lng=\">Proovige Talkpal tasuta<\/a>\r\n<\/section>\n<div class=\"wp-block-group pageContainerStyle\"><div class=\"wp-block-group__inner-container is-layout-constrained wp-block-group-is-layout-constrained\">\n<h2 class=\"wp-block-heading\" id=\"h-kazakh-grammar-topics\">Kasahhi grammatika teemad<\/h2>\n\n\n\n<p>Uue keele <a href=\"https:\/\/talkpal.ai\/et\/oppimine\/\">\u00f5ppimine<\/a> v\u00f5ib olla keeruline, kuid rahuldust pakkuv kogemus, mis avab v\u00f5imalusi isiklikuks ja ametialaseks arenguks. \u00dcks keeltest, mis keele\u00f5ppijate seas populaarsust kogub, on <a href=\"https:\/\/talkpal.ai\/et\/opi-kasahhi\/\">kasahhi keel<\/a> &#8211; <a href=\"https:\/\/talkpal.ai\/et\/opi-turgi-keel\/\">t\u00fcrgi keel<\/a>, mida r\u00e4\u00e4givad miljonid inimesed Kasahstanis ja seda \u00fcmbritsevates piirkondades. <a href=\"https:\/\/talkpal.ai\/kazakh-grammar\/\">Kasahhi grammatika<\/a> on ainulaadne, rikkaliku struktuuri ja erinevate elementidega, mis n\u00f5uavad s\u00fcstemaatilist \u00f5ppimist. K\u00e4esolevas juhendis k\u00e4sitleme mitmeid olulisi kasahhi grammatika teemasid, sealhulgas ajastusi, nimis\u00f5nu, tegus\u00f5nu, artikleid, ases\u00f5nu, omaduss\u00f5nu, m\u00e4\u00e4rs\u00f5nu, tingimuslauseid, eess\u00f5nu ja lausestruktuure. M\u00f5istes nende teemade \u00f5ppimise j\u00e4rjestust, saate oma kasahhi keele omandamise teekonnal t\u00f5husalt edasi liikuda.<\/p>\n\n\n\n<h3 class=\"wp-block-heading\" id=\"h-1-nouns\">1. Nimis\u00f5nad:<\/h3>\n\n\n\n<p><a href=\"https:\/\/talkpal.ai\/locations\/language-courses-in-iga\/\">Iga<\/a> keele alus algab selle nimis\u00f5nade \u00f5ppimisega. Kasahhi keeles ei ole nimis\u00f5nadel sugu, kuid neil on juhtumeid. Erinevate juhtumite ja nende funktsioonide m\u00f5istmine on s\u00f5navara loomisel ja p\u00f5hilausete moodustamisel \u00fclioluline.<\/p>\n\n\n\n<h3 class=\"wp-block-heading\" id=\"h-2-articles\">2. Artiklid:<\/h3>\n\n\n\n<p>Artikleid kasahhi keeles ei ole, mist\u00f5ttu on \u00f5ppijatel lihtsam keskenduda muudele grammatikaaspektidele.<\/p>\n\n\n\n<h3 class=\"wp-block-heading\" id=\"h-3-pronouns-determiners\">3. Ases\u00f5nad\/m\u00e4\u00e4rajad:<\/h3>\n\n\n\n<p>Need on olulised nimis\u00f5nade asendamiseks ja nende hulga v\u00f5i identiteedi t\u00e4psustamiseks. Ases\u00f5nade ja m\u00e4\u00e4rajate \u00f5ppimine aitab teil luua keerukamaid lauseid ja parandada teie \u00fcldist sujuvust.<\/p>\n\n\n\n<h3 class=\"wp-block-heading\" id=\"h-4-verbs\">4. Tegus\u00f5nad:<\/h3>\n\n\n\n<p>Tegus\u00f5nad on iga keele selgroog ja nende konjugatsioonimustrite \u00f5ppimine on \u00fclioluline. Kasahhi keeles on tegus\u00f5nad konjugeeritud pinge, meeleolu ja h\u00e4\u00e4le alusel. Nende konjugatsioonidega tutvumine v\u00f5imaldab teil tegevusi ja s\u00fcndmusi t\u00e4pselt v\u00e4ljendada.<\/p>\n\n\n\n<h3 class=\"wp-block-heading\" id=\"h-5-tenses\">5. Ajavormid:<\/h3>\n\n\n\n<p>Kasahhil on mitu ajastust, sealhulgas minevik, olevik ja tulevik. Nende ajastuste \u00f5ige vormistamise ja kasutamise \u00f5ppimine on oluline tegevuste ja s\u00fcndmuste aja edastamiseks.<\/p>\n\n\n\n<h3 class=\"wp-block-heading\" id=\"h-6-tense-comparison\">6. Pingeline v\u00f5rdlus:<\/h3>\n\n\n\n<p>Ajastuste erinevuse m\u00f5istmine ja see, kuidas nad omavahel suhtlevad, s\u00fcvendab teie arusaamist kasahhi grammatikast.<\/p>\n\n\n\n<h3 class=\"wp-block-heading\" id=\"h-7-progressive\">7. Progressiivne:<\/h3>\n\n\n\n<p>See aspekt n\u00e4itab k\u00e4imasolevaid meetmeid. Progressiivse vormi \u00f5ppimine kasahhis aitab teil v\u00e4ljendada tegevusi, mis praegu toimuvad v\u00f5i toimusid teatud ajahetkel.<\/p>\n\n\n\n<h3 class=\"wp-block-heading\" id=\"h-8-perfect-progressive\">8. T\u00e4iuslik progressiivne:<\/h3>\n\n\n\n<p>T\u00e4iuslik progressiivne \u00fchendab t\u00e4iuslikud ja progressiivsed aspektid, et n\u00e4idata tegevust, mis algas minevikus ja kestab siiani. Selle aspekti omandamine suurendab teie v\u00f5imet v\u00e4ljendada keerulisi ideid kasahhi keeles.<\/p>\n\n\n\n<h3 class=\"wp-block-heading\" id=\"h-9-adjectives\">9. Omaduss\u00f5nad:<\/h3>\n\n\n\n<p>Omaduss\u00f5nad kirjeldavad nimis\u00f5nade omadusi ja omadusi. Omaduss\u00f5nade \u00f5ige kasutamise \u00f5ppimine kasahhi keeles rikastab teie s\u00f5navara ja v\u00f5imaldab teil esitada \u00fcksikasjalikumaid kirjeldusi.<\/p>\n\n\n\n<h3 class=\"wp-block-heading\" id=\"h-10-adverbs\">10. M\u00e4\u00e4rs\u00f5nad:<\/h3>\n\n\n\n<p>Adverbid muudavad tegus\u00f5nu, omaduss\u00f5nu ja muid m\u00e4\u00e4rs\u00f5nu. Kasahstani adverbide ja nende kasutamise alaste teadmiste omandamine parandab teie v\u00f5imet tegevusi ja s\u00fcndmusi t\u00e4psemalt v\u00e4ljendada.<\/p>\n\n\n\n<h3 class=\"wp-block-heading\" id=\"h-11-conditionals\">11. Tingimused:<\/h3>\n\n\n\n<p>Tingimusi kasutatakse h\u00fcpoteetiliste olukordade ja nende v\u00f5imalike tagaj\u00e4rgede v\u00e4ljendamiseks. Kasahhi tingimuslike tingimuste kasutamise omandamine aitab teil edastada keerulisi ideid ja h\u00fcpoteetilisi stsenaariume.<\/p>\n\n\n\n<h3 class=\"wp-block-heading\" id=\"h-12-prepositions\">12. Eess\u00f5nad:<\/h3>\n\n\n\n<p>Eess\u00f5nad n\u00e4itavad nimis\u00f5nade suhet lauses. Kasahstani eess\u00f5nade ja nende funktsioonide \u00f5ppimine v\u00f5imaldab teil luua keerukamaid lauseid.<\/p>\n\n\n\n<h3 class=\"wp-block-heading\" id=\"h-13-sentences\">13. Laused:<\/h3>\n\n\n\n<p>L\u00f5puks on kasahhi keele valdamiseks h\u00e4davajalik m\u00f5ista lausestruktuure ja erinevate grammatikaelementide \u00fchendamise reegleid. Need teadmised v\u00f5imaldavad teil erinevates olukordades t\u00f5husalt ja t\u00e4pselt suhelda.<\/p>\n<\/div><\/div>\n\r\n<section class=\"learnNavigationSection\">\r\n            \r\n        <a href=\"https:\/\/talkpal.ai\/et\/opi-kasahhi\/\">\r\n            <div class=\"learnNavigationWrapper\">\r\n                <div class=\"learnNavigationContent\">\r\n                    <img decoding=\"async\" src=\"https:\/\/talkpal.ai\/wp-content\/uploads\/2024\/08\/Kazakh.jpg\" alt=\"Kazakh Flag\">\r\n                    <div>\r\n                        <h4>Kasahstani \u00f5ppimise kohta<\/h4>\r\n                        <p>Uuri k\u00f5ike kasahhi grammatika kohta .<\/p>\r\n                    <\/div>\r\n                <\/div>\r\n            <\/div>\r\n        <\/a>\r\n\r\n        \r\n        <a href=\"https:\/\/talkpal.ai\/et\/kasahhi-grammatika\/\">\r\n            <div class=\"learnNavigationWrapper\">\r\n                <div class=\"learnNavigationContent\">\r\n                    <img decoding=\"async\" src=\"https:\/\/talkpal.ai\/wp-content\/uploads\/2024\/08\/Kazakh.jpg\" alt=\"Kazakh Flag\">\r\n                    <div>\r\n                        <h4>Kasahhi keele grammatika \u00f5ppet\u00f6\u00f6<\/h4>\r\n                        <p>Harjuta kasahhi grammatikat.<\/p>\r\n                    <\/div>\r\n                <\/div>\r\n            <\/div>\r\n        <\/a>\r\n\r\n        \r\n        <a href=\"https:\/\/talkpal.ai\/vocabulary_language\/kazakh\/\">\r\n            <div class=\"learnNavigationWrapper\">\r\n                <div class=\"learnNavigationContent\">\r\n                    <img decoding=\"async\" src=\"https:\/\/talkpal.ai\/wp-content\/uploads\/2024\/08\/Kazakh.jpg\" alt=\"Kazakh Flag\">\r\n                    <div>\r\n                        <h4>Kasahhi s\u00f5navara<\/h4>\r\n                        <p>Laiendage oma kasahhi keele s\u00f5navara.<\/p>\r\n                    <\/div>\r\n                <\/div>\r\n            <\/div>\r\n        <\/a>\r\n\r\n            <\/section>","protected":false},"excerpt":{"rendered":"<p>Kasahhi grammatika teemad Uue keele \u00f5ppimine v\u00f5ib olla keeruline, kuid rahuldust pakkuv kogemus, mis avab v\u00f5imalusi isiklikuks ja ametialaseks arenguks. \u00dcks keeltest, mis keele\u00f5ppijate seas populaarsust kogub, on kasahhi keel &#8211; t\u00fcrgi keel, mida r\u00e4\u00e4givad miljonid inimesed Kasahstanis ja seda \u00fcmbritsevates piirkondades. Kasahhi grammatika on ainulaadne, rikkaliku struktuuri ja erinevate elementidega, mis n\u00f5uavad s\u00fcstemaatilist \u00f5ppimist. [&hellip;]<\/p>\n","protected":false},"author":6,"featured_media":114432,"parent":0,"menu_order":0,"comment_status":"closed","ping_status":"closed","template":"LearningContentPage.php","meta":{"_acf_changed":false,"footnotes":""},"class_list":["post-160687","page","type-page","status-publish","has-post-thumbnail","hentry"],"acf":[],"yoast_head":"<!-- This site is optimized with the Yoast SEO Premium plugin v27.2 (Yoast SEO v27.2) - https:\/\/yoast.com\/product\/yoast-seo-premium-wordpress\/ -->\n<title>Kasahhi grammatika harjutused - Talkpal<\/title>\n<meta name=\"description\" content=\"T\u00f5hustage t\u00f5husalt oma kasahhi keele grammatikaoskusi - parandage t\u00e4psust, harjutage interaktiivseid harjutusi ja t\u00e4iustage kasutust!\" \/>\n<meta name=\"robots\" content=\"index, follow, max-snippet:-1, max-image-preview:large, max-video-preview:-1\" \/>\n<link rel=\"canonical\" href=\"https:\/\/talkpal.ai\/et\/kasahhi-grammatika-harjutused\/\" \/>\n<meta property=\"og:locale\" content=\"et_EE\" \/>\n<meta property=\"og:type\" content=\"article\" \/>\n<meta property=\"og:title\" content=\"Kasahhi grammatika harjutused\" \/>\n<meta property=\"og:description\" content=\"Kasahhi grammatika teemad Uue keele \u00f5ppimine v\u00f5ib olla keeruline, kuid rahuldust pakkuv kogemus, mis avab v\u00f5imalusi isiklikuks ja ametialaseks arenguks.\" \/>\n<meta property=\"og:url\" content=\"https:\/\/talkpal.ai\/et\/kasahhi-grammatika-harjutused\/\" \/>\n<meta property=\"og:site_name\" content=\"Talkpal\" \/>\n<meta property=\"article:publisher\" content=\"https:\/\/www.facebook.com\/profile.php?id=100090733639311\" \/>\n<meta property=\"article:modified_time\" content=\"2025-12-17T14:51:56+00:00\" \/>\n<meta property=\"og:image\" content=\"https:\/\/talkpal.ai\/wp-content\/uploads\/2023\/05\/kazakhstan.png\" \/>\n\t<meta property=\"og:image:width\" content=\"512\" \/>\n\t<meta property=\"og:image:height\" content=\"512\" \/>\n\t<meta property=\"og:image:type\" content=\"image\/png\" \/>\n<meta name=\"twitter:card\" content=\"summary_large_image\" \/>\n<meta name=\"twitter:site\" content=\"@talkpalai\" \/>\n<meta name=\"twitter:label1\" content=\"Est. reading time\" \/>\n\t<meta name=\"twitter:data1\" content=\"2 minutit\" \/>\n<script type=\"application\/ld+json\" class=\"yoast-schema-graph\">{\"@context\":\"https:\/\/schema.org\",\"@graph\":[{\"@type\":\"WebPage\",\"@id\":\"https:\/\/talkpal.ai\/et\/kasahhi-grammatika-harjutused\/\",\"url\":\"https:\/\/talkpal.ai\/et\/kasahhi-grammatika-harjutused\/\",\"name\":\"Kasahhi grammatika harjutused - Talkpal\",\"isPartOf\":{\"@id\":\"https:\/\/talkpal.ai\/et\/#website\"},\"primaryImageOfPage\":{\"@id\":\"https:\/\/talkpal.ai\/et\/kasahhi-grammatika-harjutused\/#primaryimage\"},\"image\":{\"@id\":\"https:\/\/talkpal.ai\/et\/kasahhi-grammatika-harjutused\/#primaryimage\"},\"thumbnailUrl\":\"https:\/\/talkpal.ai\/wp-content\/uploads\/2023\/05\/kazakhstan.png\",\"datePublished\":\"2023-06-22T08:01:09+00:00\",\"dateModified\":\"2025-12-17T14:51:56+00:00\",\"description\":\"T\u00f5hustage t\u00f5husalt oma kasahhi keele grammatikaoskusi - parandage t\u00e4psust, harjutage interaktiivseid harjutusi ja t\u00e4iustage kasutust!\",\"breadcrumb\":{\"@id\":\"https:\/\/talkpal.ai\/et\/kasahhi-grammatika-harjutused\/#breadcrumb\"},\"inLanguage\":\"et\",\"potentialAction\":[{\"@type\":\"ReadAction\",\"target\":[\"https:\/\/talkpal.ai\/et\/kasahhi-grammatika-harjutused\/\"]}]},{\"@type\":\"ImageObject\",\"inLanguage\":\"et\",\"@id\":\"https:\/\/talkpal.ai\/et\/kasahhi-grammatika-harjutused\/#primaryimage\",\"url\":\"https:\/\/talkpal.ai\/wp-content\/uploads\/2023\/05\/kazakhstan.png\",\"contentUrl\":\"https:\/\/talkpal.ai\/wp-content\/uploads\/2023\/05\/kazakhstan.png\",\"width\":512,\"height\":512},{\"@type\":\"BreadcrumbList\",\"@id\":\"https:\/\/talkpal.ai\/et\/kasahhi-grammatika-harjutused\/#breadcrumb\",\"itemListElement\":[{\"@type\":\"ListItem\",\"position\":1,\"name\":\"Homepage\",\"item\":\"https:\/\/talkpal.ai\/et\/\"},{\"@type\":\"ListItem\",\"position\":2,\"name\":\"Kasahhi grammatika harjutused\"}]},{\"@type\":\"WebSite\",\"@id\":\"https:\/\/talkpal.ai\/et\/#website\",\"url\":\"https:\/\/talkpal.ai\/et\/\",\"name\":\"Talkpal\",\"description\":\"AI Language Learning\",\"publisher\":{\"@id\":\"https:\/\/talkpal.ai\/et\/#organization\"},\"alternateName\":\"Talkpal AI\",\"potentialAction\":[{\"@type\":\"SearchAction\",\"target\":{\"@type\":\"EntryPoint\",\"urlTemplate\":\"https:\/\/talkpal.ai\/et\/?s={search_term_string}\"},\"query-input\":{\"@type\":\"PropertyValueSpecification\",\"valueRequired\":true,\"valueName\":\"search_term_string\"}}],\"inLanguage\":\"et\"},{\"@type\":\"Organization\",\"@id\":\"https:\/\/talkpal.ai\/et\/#organization\",\"name\":\"Talkpal, Inc.\",\"alternateName\":\"Talkpal AI\",\"url\":\"https:\/\/talkpal.ai\/et\/\",\"logo\":{\"@type\":\"ImageObject\",\"inLanguage\":\"et\",\"@id\":\"https:\/\/talkpal.ai\/et\/#\/schema\/logo\/image\/\",\"url\":\"https:\/\/talkpal.ai\/wp-content\/uploads\/2024\/03\/Talkpal-Logo-Icon.png\",\"contentUrl\":\"https:\/\/talkpal.ai\/wp-content\/uploads\/2024\/03\/Talkpal-Logo-Icon.png\",\"width\":2880,\"height\":2880,\"caption\":\"Talkpal, Inc.\"},\"image\":{\"@id\":\"https:\/\/talkpal.ai\/et\/#\/schema\/logo\/image\/\"},\"sameAs\":[\"https:\/\/www.facebook.com\/profile.php?id=100090733639311\",\"https:\/\/x.com\/talkpalai\",\"https:\/\/www.linkedin.com\/company\/talkpal\/\",\"https:\/\/www.youtube.com\/@TalkPal\/\",\"https:\/\/www.tiktok.com\/@talkpal\",\"https:\/\/www.instagram.com\/talkpal_ai\/\",\"https:\/\/www.crunchbase.com\/organization\/talkpal-9cde\",\"https:\/\/www.g2.com\/products\/talkpal-for-business\/\",\"https:\/\/www.trustpilot.com\/review\/talkpal.ai\",\"https:\/\/www.capterra.com\/p\/10006800\/TalkPal\/\"],\"description\":\"Talkpal is a language learning web and mobile education app, powered by the latest AI technologies, that provides engaging experiences to its customers in many different languages to help them improve their language skills. Users can chat about unlimited amount of topics with the app and use other modes to practice their language learning.\",\"email\":\"support@talkpal.ai\",\"legalName\":\"Talkpal, Inc.\",\"foundingDate\":\"2023-04-03\",\"duns\":\"118989042\",\"numberOfEmployees\":{\"@type\":\"QuantitativeValue\",\"minValue\":\"11\",\"maxValue\":\"50\"},\"publishingPrinciples\":\"https:\/\/talkpal.ai\/publishing-principles\/\",\"actionableFeedbackPolicy\":\"https:\/\/talkpal.ai\/actionable-feedback-policy\/\",\"correctionsPolicy\":\"https:\/\/talkpal.ai\/corrections-policy\/\",\"ethicsPolicy\":\"https:\/\/talkpal.ai\/ethics-policy\/\",\"diversityPolicy\":\"https:\/\/talkpal.ai\/diversity-policy\/\",\"diversityStaffingReport\":\"https:\/\/talkpal.ai\/diversity-policy\/\"}]}<\/script>\n<!-- \/ Yoast SEO Premium plugin. -->","yoast_head_json":{"title":"Kasahhi grammatika harjutused - Talkpal","description":"T\u00f5hustage t\u00f5husalt oma kasahhi keele grammatikaoskusi - parandage t\u00e4psust, harjutage interaktiivseid harjutusi ja t\u00e4iustage kasutust!","robots":{"index":"index","follow":"follow","max-snippet":"max-snippet:-1","max-image-preview":"max-image-preview:large","max-video-preview":"max-video-preview:-1"},"canonical":"https:\/\/talkpal.ai\/et\/kasahhi-grammatika-harjutused\/","og_locale":"et_EE","og_type":"article","og_title":"Kasahhi grammatika harjutused","og_description":"Kasahhi grammatika teemad Uue keele \u00f5ppimine v\u00f5ib olla keeruline, kuid rahuldust pakkuv kogemus, mis avab v\u00f5imalusi isiklikuks ja ametialaseks arenguks.","og_url":"https:\/\/talkpal.ai\/et\/kasahhi-grammatika-harjutused\/","og_site_name":"Talkpal","article_publisher":"https:\/\/www.facebook.com\/profile.php?id=100090733639311","article_modified_time":"2025-12-17T14:51:56+00:00","og_image":[{"width":512,"height":512,"url":"https:\/\/talkpal.ai\/wp-content\/uploads\/2023\/05\/kazakhstan.png","type":"image\/png"}],"twitter_card":"summary_large_image","twitter_site":"@talkpalai","twitter_misc":{"Est. reading time":"2 minutit"},"schema":{"@context":"https:\/\/schema.org","@graph":[{"@type":"WebPage","@id":"https:\/\/talkpal.ai\/et\/kasahhi-grammatika-harjutused\/","url":"https:\/\/talkpal.ai\/et\/kasahhi-grammatika-harjutused\/","name":"Kasahhi grammatika harjutused - Talkpal","isPartOf":{"@id":"https:\/\/talkpal.ai\/et\/#website"},"primaryImageOfPage":{"@id":"https:\/\/talkpal.ai\/et\/kasahhi-grammatika-harjutused\/#primaryimage"},"image":{"@id":"https:\/\/talkpal.ai\/et\/kasahhi-grammatika-harjutused\/#primaryimage"},"thumbnailUrl":"https:\/\/talkpal.ai\/wp-content\/uploads\/2023\/05\/kazakhstan.png","datePublished":"2023-06-22T08:01:09+00:00","dateModified":"2025-12-17T14:51:56+00:00","description":"T\u00f5hustage t\u00f5husalt oma kasahhi keele grammatikaoskusi - parandage t\u00e4psust, harjutage interaktiivseid harjutusi ja t\u00e4iustage kasutust!","breadcrumb":{"@id":"https:\/\/talkpal.ai\/et\/kasahhi-grammatika-harjutused\/#breadcrumb"},"inLanguage":"et","potentialAction":[{"@type":"ReadAction","target":["https:\/\/talkpal.ai\/et\/kasahhi-grammatika-harjutused\/"]}]},{"@type":"ImageObject","inLanguage":"et","@id":"https:\/\/talkpal.ai\/et\/kasahhi-grammatika-harjutused\/#primaryimage","url":"https:\/\/talkpal.ai\/wp-content\/uploads\/2023\/05\/kazakhstan.png","contentUrl":"https:\/\/talkpal.ai\/wp-content\/uploads\/2023\/05\/kazakhstan.png","width":512,"height":512},{"@type":"BreadcrumbList","@id":"https:\/\/talkpal.ai\/et\/kasahhi-grammatika-harjutused\/#breadcrumb","itemListElement":[{"@type":"ListItem","position":1,"name":"Homepage","item":"https:\/\/talkpal.ai\/et\/"},{"@type":"ListItem","position":2,"name":"Kasahhi grammatika harjutused"}]},{"@type":"WebSite","@id":"https:\/\/talkpal.ai\/et\/#website","url":"https:\/\/talkpal.ai\/et\/","name":"Talkpal","description":"AI Language Learning","publisher":{"@id":"https:\/\/talkpal.ai\/et\/#organization"},"alternateName":"Talkpal AI","potentialAction":[{"@type":"SearchAction","target":{"@type":"EntryPoint","urlTemplate":"https:\/\/talkpal.ai\/et\/?s={search_term_string}"},"query-input":{"@type":"PropertyValueSpecification","valueRequired":true,"valueName":"search_term_string"}}],"inLanguage":"et"},{"@type":"Organization","@id":"https:\/\/talkpal.ai\/et\/#organization","name":"Talkpal, Inc.","alternateName":"Talkpal AI","url":"https:\/\/talkpal.ai\/et\/","logo":{"@type":"ImageObject","inLanguage":"et","@id":"https:\/\/talkpal.ai\/et\/#\/schema\/logo\/image\/","url":"https:\/\/talkpal.ai\/wp-content\/uploads\/2024\/03\/Talkpal-Logo-Icon.png","contentUrl":"https:\/\/talkpal.ai\/wp-content\/uploads\/2024\/03\/Talkpal-Logo-Icon.png","width":2880,"height":2880,"caption":"Talkpal, Inc."},"image":{"@id":"https:\/\/talkpal.ai\/et\/#\/schema\/logo\/image\/"},"sameAs":["https:\/\/www.facebook.com\/profile.php?id=100090733639311","https:\/\/x.com\/talkpalai","https:\/\/www.linkedin.com\/company\/talkpal\/","https:\/\/www.youtube.com\/@TalkPal\/","https:\/\/www.tiktok.com\/@talkpal","https:\/\/www.instagram.com\/talkpal_ai\/","https:\/\/www.crunchbase.com\/organization\/talkpal-9cde","https:\/\/www.g2.com\/products\/talkpal-for-business\/","https:\/\/www.trustpilot.com\/review\/talkpal.ai","https:\/\/www.capterra.com\/p\/10006800\/TalkPal\/"],"description":"Talkpal is a language learning web and mobile education app, powered by the latest AI technologies, that provides engaging experiences to its customers in many different languages to help them improve their language skills. Users can chat about unlimited amount of topics with the app and use other modes to practice their language learning.","email":"support@talkpal.ai","legalName":"Talkpal, Inc.","foundingDate":"2023-04-03","duns":"118989042","numberOfEmployees":{"@type":"QuantitativeValue","minValue":"11","maxValue":"50"},"publishingPrinciples":"https:\/\/talkpal.ai\/publishing-principles\/","actionableFeedbackPolicy":"https:\/\/talkpal.ai\/actionable-feedback-policy\/","correctionsPolicy":"https:\/\/talkpal.ai\/corrections-policy\/","ethicsPolicy":"https:\/\/talkpal.ai\/ethics-policy\/","diversityPolicy":"https:\/\/talkpal.ai\/diversity-policy\/","diversityStaffingReport":"https:\/\/talkpal.ai\/diversity-policy\/"}]}},"_links":{"self":[{"href":"https:\/\/talkpal.ai\/et\/wp-json\/wp\/v2\/pages\/160687","targetHints":{"allow":["GET"]}}],"collection":[{"href":"https:\/\/talkpal.ai\/et\/wp-json\/wp\/v2\/pages"}],"about":[{"href":"https:\/\/talkpal.ai\/et\/wp-json\/wp\/v2\/types\/page"}],"author":[{"embeddable":true,"href":"https:\/\/talkpal.ai\/et\/wp-json\/wp\/v2\/users\/6"}],"replies":[{"embeddable":true,"href":"https:\/\/talkpal.ai\/et\/wp-json\/wp\/v2\/comments?post=160687"}],"version-history":[{"count":0,"href":"https:\/\/talkpal.ai\/et\/wp-json\/wp\/v2\/pages\/160687\/revisions"}],"wp:featuredmedia":[{"embeddable":true,"href":"https:\/\/talkpal.ai\/et\/wp-json\/wp\/v2\/media\/114432"}],"wp:attachment":[{"href":"https:\/\/talkpal.ai\/et\/wp-json\/wp\/v2\/media?parent=160687"}],"curies":[{"name":"wp","href":"https:\/\/api.w.org\/{rel}","templated":true}]}}