{"id":159817,"date":"2023-06-22T08:24:14","date_gmt":"2023-06-22T08:24:14","guid":{"rendered":"http:\/\/talkpal.ai\/makedoonia-keele-grammatikaharjutused\/"},"modified":"2025-12-17T15:56:35","modified_gmt":"2025-12-17T15:56:35","slug":"makedoonia-keele-grammatikaharjutused","status":"publish","type":"page","link":"https:\/\/talkpal.ai\/et\/makedoonia-keele-grammatikaharjutused\/","title":{"rendered":"Makedoonia keele grammatikaharjutused"},"content":{"rendered":"\r\n\r\n\r\n<section class=\"languageChallengeSection\">\r\n    <div class=\"languageInfoWrapper\">\r\n        \r\n        <h1>Makedoonia keele grammatikaharjutused<\/h1>\r\n        <p>Kas soovite suurendada usaldust <a href=\"https:\/\/talkpal.ai\/learn-macedonian\/\">makedoonia<\/a> keele oskust? Grammatikaharjutuste tegemine on suurep\u00e4rane v\u00f5imalus m\u00f5ista lauseehitust, verbi vorme ja makedoonia keele erip\u00e4ra. Alustage makedoonia keele grammatika uurimist juba t\u00e4na ja n\u00e4ete, kuidas teie oskused ja keeleoskus kasvavad <a href=\"https:\/\/talkpal.ai\/locations\/language-courses-in-iga\/\">iga<\/a> harjutusega!<\/p>\r\n\r\n                            <a class=\"getStartedHidden\" href=\"https:\/\/app.talkpal.ai\/et\/signup?lng=\">Alusta<\/a>\r\n        \r\n    <\/div>\r\n\r\n    <figure>\r\n    <img decoding=\"async\" width=\"768\" height=\"768\" src=\"https:\/\/talkpal.ai\/wp-content\/uploads\/2023\/06\/macedonian-768x768.png\" class=\"languageImage no-lazy\" alt=\"Language learning through conversational practice\" fetchpriority=\"high\" sizes=\"(max-width: 768px) 150px, 768px\" srcset=\"https:\/\/talkpal.ai\/wp-content\/uploads\/2023\/06\/macedonian-768x768.png 768w, https:\/\/talkpal.ai\/wp-content\/uploads\/2023\/06\/macedonian-300x300.png 300w\" \/>\r\n    \r\n\r\n    <\/figure>\r\n\r\n            <a class=\"getStartedVisible\" href=\"https:\/\/app.talkpal.ai\/et\/signup?lng=\">Alusta<\/a>\r\n    \r\n<\/section>\r\n\r\n\r\n<!-- <section class=\"grammarSection\">\r\n    <div class=\"grammarLinks\">\r\n            <\/div>\r\n<\/section> -->\r\n\r\n\r\n\r\n\r\n<section class=\"promotionalBanner\">\r\n    <p class=\"promotionalText\">K\u00f5ige t\u00f5husam viis keele \u00f5ppimiseks<\/p>\r\n    <a class=\"promotionalLink\" href=\"https:\/\/app.talkpal.ai\/et\/signup?lng=\">Proovige Talkpal tasuta<\/a>\r\n<\/section>\n<div class=\"wp-block-group pageContainerStyle\"><div class=\"wp-block-group__inner-container is-layout-constrained wp-block-group-is-layout-constrained\">\n<h2 class=\"wp-block-heading\" id=\"h-macedonian-grammar-topics\">Makedoonia grammatika teemad<\/h2>\n\n\n\n<header id=\"main-header\" data-height-onload=\"80\" data-height-loaded=\"true\" data-fixed-height-onload=\"80\">\n<p>Makedoonia keel, l\u00f5unaslaavi keel, on P\u00f5hja-Makedoonia ametlik keel. Seda r\u00e4\u00e4gib \u00fcle kahe miljoni inimese kogu maailmas ja see pakub ainulaadset keelekogemust t\u00e4nu oma spetsiifilistele grammatikareeglitele ja rikkalikule s\u00f5navarale. See juhend annab teile \u00fclevaate Makedoonia keele olulistest grammatikateemadest, mis on korraldatud j\u00e4rjestuses, mis h\u00f5lbustab teie \u00f5ppeprotsessi. Alates ajastustest kuni lauseehituseni katame kogu vajaliku teabe, mis aitab teil alustada oma teekonda makedoonia keele omandamiseni.<\/p>\n<h3>1. Nimis\u00f5nad:<\/h3>\n<p>Nagu ka teistel slaavi keeltel, on makedoonia nimis\u00f5nadel kolm sugu (mehelik, naiselik ja neuter) ning need on k\u00e4\u00e4ndelised juhtumi ja arvu jaoks. Soo ja \u00f5igete k\u00e4\u00e4nete <a href=\"https:\/\/talkpal.ai\/et\/oppimine\/\">\u00f5ppimine<\/a> on grammatiliselt \u00f5igete lausete moodustamiseks \u00fclioluline.<\/p>\n<h3>2. Artiklid:<\/h3>\n<p>makedoonia keeles on ainult \u00fcks kindel artikkel, mis erineb soo ja juhtumi j\u00e4rgi. Makedoonia keeles puuduvad m\u00e4\u00e4ramata artiklid, kuid numbrit &#8220;\u00fcks&#8221; v\u00f5ib kasutada sarnaselt.<\/p>\n<h3>3. Omaduss\u00f5nad:<\/h3>\n<p>Omaduss\u00f5nad makedoonia keeles n\u00f5ustuvad nimis\u00f5nadega, mida nad muudavad soo, arvu ja juhtumi osas. Neil on nii pikad kui ka l\u00fchikesed vormid, mida kasutatakse erinevates kontekstides.<\/p>\n<h3>4. Ases\u00f5nad\/m\u00e4\u00e4rajad:<\/h3>\n<p>Makedoonia keeles on mitmesuguseid ases\u00f5nu ja m\u00e4\u00e4rajaid, mis on lausete moodustamisel h\u00e4davajalikud. Nad asendavad v\u00f5i muudavad nimis\u00f5nu ja n\u00f5ustuvad nendega soo, arvu ja juhtumi osas.<\/p>\n<h3>5. Tegus\u00f5nad:<\/h3>\n<p>Tegus\u00f5nad on makedoonia keele grammatikas kesksel kohal. Nad konjugeerivad inimese ja arvu jaoks ning neil on erinevad ajad, aspektid ja meeleolud.<\/p>\n<h3>6. Ajavormid:<\/h3>\n<p>Makedoonias on kolm p\u00f5hilist ajavormi \u2013 minevik, olevik ja tulevik. Need moodustatakse erinevate verbi konjugatsioonide ja abis\u00f5nade abil. Oluline on m\u00f5ista iga pinge kujunemist ja kasutamist, et tegevusi ja s\u00fcndmusi t\u00e4pselt v\u00e4ljendada.<\/p>\n<h3>7. Pingeline v\u00f5rdlus:<\/h3>\n<p>Erinevate aegade tegevuste ja s\u00fcndmuste v\u00f5rdlemine on t\u00e4henduse edastamiseks h\u00e4davajalik. Makedoonia keeles saavutatakse see v\u00f5rdlus konkreetsete verbivormide ja abis\u00f5nade abil.<\/p>\n<h3>8. Progressiivne:<\/h3>\n<p>Makedoonia keele progressiivset aspekti kasutatakse k\u00e4imasolevate meetmete n\u00e4itamiseks. See moodustatakse, kasutades verbi &#8220;olla&#8221; oleviku aega ja p\u00f5hiverbi aktiivse oleviku osalist.<\/p>\n<h3>9. T\u00e4iuslik progressiivne:<\/h3>\n<p>See aspekt \u00fchendab progressiivsed ja t\u00e4iuslikud aspektid, et kirjeldada minevikus k\u00e4imasolevaid tegevusi, millel on seos praegusega. See moodustatakse, kasutades verbi &#8220;olla&#8221; oleviku aega ja p\u00f5hiverbi mineviku aktiivset osalist.<\/p>\n<h3>10. M\u00e4\u00e4rs\u00f5nad:<\/h3>\n<p>Makedoonia keeles kasutatavaid adverbe kasutatakse tegus\u00f5nade, omaduss\u00f5nade v\u00f5i muude m\u00e4\u00e4rs\u00f5nade muutmiseks. Tavaliselt ei muuda nad oma kuju ja neid on lihtne \u00e4ra tunda nende t\u00fc\u00fcpiliste l\u00f5pude j\u00e4rgi.<\/p>\n<h3>11. Tingimused:<\/h3>\n<p>Makedoonia keeles on kolme t\u00fc\u00fcpi tingimusi \u2013 reaalne, ebareaalne ja potentsiaalne. Neid kasutatakse h\u00fcpoteetiliste olukordade ja nende tagaj\u00e4rgede v\u00e4ljendamiseks.<\/p>\n<h3>12. Eess\u00f5nad:<\/h3>\n<p>Eess\u00f5nad makedoonia keeles on fraaside ja lausete moodustamisel h\u00e4davajalikud. Need n\u00e4itavad erinevaid seoseid s\u00f5nade vahel, nagu asukoht, suund, aeg v\u00f5i p\u00f5hjus.<\/p>\n<h3>13. Laused:<\/h3>\n<p>Makedoonia lausete struktuuri m\u00f5istmine on t\u00f5husa suhtluse jaoks \u00fclioluline. Makedoonia laused j\u00e4rgivad tavaliselt subjekti-verbi-objekti (SVO) s\u00f5nade j\u00e4rjekorda, kuid variatsioone v\u00f5ib esineda s\u00f5ltuvalt r\u00f5hust ja kontekstist.<\/p>\n<\/header>\n\n\n\n<footer> <\/footer>\n<\/div><\/div>\n\r\n<section class=\"learnNavigationSection\">\r\n            \r\n        <a href=\"https:\/\/talkpal.ai\/et\/opi-makedoonia-keel\/\">\r\n            <div class=\"learnNavigationWrapper\">\r\n                <div class=\"learnNavigationContent\">\r\n                    <img decoding=\"async\" src=\"https:\/\/talkpal.ai\/wp-content\/uploads\/2024\/08\/Macedonian.jpg\" alt=\"Macedonian Flag\">\r\n                    <div>\r\n                        <h4>Makedoonia \u00f5ppimise kohta<\/h4>\r\n                        <p>Uuri k\u00f5ike makedoonia keele grammatika kohta.<\/p>\r\n                    <\/div>\r\n                <\/div>\r\n            <\/div>\r\n        <\/a>\r\n\r\n        \r\n        <a href=\"https:\/\/talkpal.ai\/et\/makedoonia-grammatika\/\">\r\n            <div class=\"learnNavigationWrapper\">\r\n                <div class=\"learnNavigationContent\">\r\n                    <img decoding=\"async\" src=\"https:\/\/talkpal.ai\/wp-content\/uploads\/2024\/08\/Macedonian.jpg\" alt=\"Macedonian Flag\">\r\n                    <div>\r\n                        <h4>Makedoonia keele grammatika \u00f5ppetunnid<\/h4>\r\n                        <p>Harjutage makedoonia grammatikat.<\/p>\r\n                    <\/div>\r\n                <\/div>\r\n            <\/div>\r\n        <\/a>\r\n\r\n        \r\n        <a href=\"https:\/\/talkpal.ai\/vocabulary_language\/macedonian\/\">\r\n            <div class=\"learnNavigationWrapper\">\r\n                <div class=\"learnNavigationContent\">\r\n                    <img decoding=\"async\" src=\"https:\/\/talkpal.ai\/wp-content\/uploads\/2024\/08\/Macedonian.jpg\" alt=\"Macedonian Flag\">\r\n                    <div>\r\n                        <h4>Makedoonia keele s\u00f5navara<\/h4>\r\n                        <p>Laiendage oma makedoonia keele s\u00f5navara.<\/p>\r\n                    <\/div>\r\n                <\/div>\r\n            <\/div>\r\n        <\/a>\r\n\r\n            <\/section>","protected":false},"excerpt":{"rendered":"<p>Makedoonia grammatika teemad Makedoonia keel, l\u00f5unaslaavi keel, on P\u00f5hja-Makedoonia ametlik keel. Seda r\u00e4\u00e4gib \u00fcle kahe miljoni inimese kogu maailmas ja see pakub ainulaadset keelekogemust t\u00e4nu oma spetsiifilistele grammatikareeglitele ja rikkalikule s\u00f5navarale. See juhend annab teile \u00fclevaate Makedoonia keele olulistest grammatikateemadest, mis on korraldatud j\u00e4rjestuses, mis h\u00f5lbustab teie \u00f5ppeprotsessi. Alates ajastustest kuni lauseehituseni katame kogu vajaliku [&hellip;]<\/p>\n","protected":false},"author":6,"featured_media":115448,"parent":0,"menu_order":0,"comment_status":"closed","ping_status":"closed","template":"LearningContentPage.php","meta":{"_acf_changed":false,"footnotes":""},"class_list":["post-159817","page","type-page","status-publish","has-post-thumbnail","hentry"],"acf":[],"yoast_head":"<!-- This site is optimized with the Yoast SEO Premium plugin v27.2 (Yoast SEO v27.2) - https:\/\/yoast.com\/product\/yoast-seo-premium-wordpress\/ -->\n<title>Makedoonia keele grammatikaharjutused - Talkpal<\/title>\n<meta name=\"description\" content=\"\u00d5ppige makedoonia keele grammatikat interaktiivsete makedoonia keele grammatika harjutustega alates Talkpal, teie tehisintellektip\u00f5hine keele\u00f5petaja.\" \/>\n<meta name=\"robots\" content=\"index, follow, max-snippet:-1, max-image-preview:large, max-video-preview:-1\" \/>\n<link rel=\"canonical\" href=\"https:\/\/talkpal.ai\/et\/makedoonia-keele-grammatikaharjutused\/\" \/>\n<meta property=\"og:locale\" content=\"et_EE\" \/>\n<meta property=\"og:type\" content=\"article\" \/>\n<meta property=\"og:title\" content=\"Makedoonia keele grammatikaharjutused\" \/>\n<meta property=\"og:description\" content=\"Makedoonia grammatika teemad Makedoonia keel, l\u00f5unaslaavi keel, on P\u00f5hja-Makedoonia ametlik keel. Seda r\u00e4\u00e4gib \u00fcle kahe miljoni inimese kogu maailmas ja\" \/>\n<meta property=\"og:url\" content=\"https:\/\/talkpal.ai\/et\/makedoonia-keele-grammatikaharjutused\/\" \/>\n<meta property=\"og:site_name\" content=\"Talkpal\" \/>\n<meta property=\"article:publisher\" content=\"https:\/\/www.facebook.com\/profile.php?id=100090733639311\" \/>\n<meta property=\"article:modified_time\" content=\"2025-12-17T15:56:35+00:00\" \/>\n<meta property=\"og:image\" content=\"https:\/\/talkpal.ai\/wp-content\/uploads\/2023\/05\/republic-of-macedonia.png\" \/>\n\t<meta property=\"og:image:width\" content=\"512\" \/>\n\t<meta property=\"og:image:height\" content=\"512\" \/>\n\t<meta property=\"og:image:type\" content=\"image\/png\" \/>\n<meta name=\"twitter:card\" content=\"summary_large_image\" \/>\n<meta name=\"twitter:site\" content=\"@talkpalai\" \/>\n<meta name=\"twitter:label1\" content=\"Est. reading time\" \/>\n\t<meta name=\"twitter:data1\" content=\"2 minutit\" \/>\n<script type=\"application\/ld+json\" class=\"yoast-schema-graph\">{\"@context\":\"https:\/\/schema.org\",\"@graph\":[{\"@type\":\"WebPage\",\"@id\":\"https:\/\/talkpal.ai\/et\/makedoonia-keele-grammatikaharjutused\/\",\"url\":\"https:\/\/talkpal.ai\/et\/makedoonia-keele-grammatikaharjutused\/\",\"name\":\"Makedoonia keele grammatikaharjutused - Talkpal\",\"isPartOf\":{\"@id\":\"https:\/\/talkpal.ai\/et\/#website\"},\"primaryImageOfPage\":{\"@id\":\"https:\/\/talkpal.ai\/et\/makedoonia-keele-grammatikaharjutused\/#primaryimage\"},\"image\":{\"@id\":\"https:\/\/talkpal.ai\/et\/makedoonia-keele-grammatikaharjutused\/#primaryimage\"},\"thumbnailUrl\":\"https:\/\/talkpal.ai\/wp-content\/uploads\/2023\/05\/republic-of-macedonia.png\",\"datePublished\":\"2023-06-22T08:24:14+00:00\",\"dateModified\":\"2025-12-17T15:56:35+00:00\",\"description\":\"\u00d5ppige makedoonia keele grammatikat interaktiivsete makedoonia keele grammatika harjutustega alates Talkpal, teie tehisintellektip\u00f5hine keele\u00f5petaja.\",\"breadcrumb\":{\"@id\":\"https:\/\/talkpal.ai\/et\/makedoonia-keele-grammatikaharjutused\/#breadcrumb\"},\"inLanguage\":\"et\",\"potentialAction\":[{\"@type\":\"ReadAction\",\"target\":[\"https:\/\/talkpal.ai\/et\/makedoonia-keele-grammatikaharjutused\/\"]}]},{\"@type\":\"ImageObject\",\"inLanguage\":\"et\",\"@id\":\"https:\/\/talkpal.ai\/et\/makedoonia-keele-grammatikaharjutused\/#primaryimage\",\"url\":\"https:\/\/talkpal.ai\/wp-content\/uploads\/2023\/05\/republic-of-macedonia.png\",\"contentUrl\":\"https:\/\/talkpal.ai\/wp-content\/uploads\/2023\/05\/republic-of-macedonia.png\",\"width\":512,\"height\":512},{\"@type\":\"BreadcrumbList\",\"@id\":\"https:\/\/talkpal.ai\/et\/makedoonia-keele-grammatikaharjutused\/#breadcrumb\",\"itemListElement\":[{\"@type\":\"ListItem\",\"position\":1,\"name\":\"Homepage\",\"item\":\"https:\/\/talkpal.ai\/et\/\"},{\"@type\":\"ListItem\",\"position\":2,\"name\":\"Makedoonia keele grammatikaharjutused\"}]},{\"@type\":\"WebSite\",\"@id\":\"https:\/\/talkpal.ai\/et\/#website\",\"url\":\"https:\/\/talkpal.ai\/et\/\",\"name\":\"Talkpal\",\"description\":\"AI Language Learning\",\"publisher\":{\"@id\":\"https:\/\/talkpal.ai\/et\/#organization\"},\"alternateName\":\"Talkpal AI\",\"potentialAction\":[{\"@type\":\"SearchAction\",\"target\":{\"@type\":\"EntryPoint\",\"urlTemplate\":\"https:\/\/talkpal.ai\/et\/?s={search_term_string}\"},\"query-input\":{\"@type\":\"PropertyValueSpecification\",\"valueRequired\":true,\"valueName\":\"search_term_string\"}}],\"inLanguage\":\"et\"},{\"@type\":\"Organization\",\"@id\":\"https:\/\/talkpal.ai\/et\/#organization\",\"name\":\"Talkpal, Inc.\",\"alternateName\":\"Talkpal AI\",\"url\":\"https:\/\/talkpal.ai\/et\/\",\"logo\":{\"@type\":\"ImageObject\",\"inLanguage\":\"et\",\"@id\":\"https:\/\/talkpal.ai\/et\/#\/schema\/logo\/image\/\",\"url\":\"https:\/\/talkpal.ai\/wp-content\/uploads\/2024\/03\/Talkpal-Logo-Icon.png\",\"contentUrl\":\"https:\/\/talkpal.ai\/wp-content\/uploads\/2024\/03\/Talkpal-Logo-Icon.png\",\"width\":2880,\"height\":2880,\"caption\":\"Talkpal, Inc.\"},\"image\":{\"@id\":\"https:\/\/talkpal.ai\/et\/#\/schema\/logo\/image\/\"},\"sameAs\":[\"https:\/\/www.facebook.com\/profile.php?id=100090733639311\",\"https:\/\/x.com\/talkpalai\",\"https:\/\/www.linkedin.com\/company\/talkpal\/\",\"https:\/\/www.youtube.com\/@TalkPal\/\",\"https:\/\/www.tiktok.com\/@talkpal\",\"https:\/\/www.instagram.com\/talkpal_ai\/\",\"https:\/\/www.crunchbase.com\/organization\/talkpal-9cde\",\"https:\/\/www.g2.com\/products\/talkpal-for-business\/\",\"https:\/\/www.trustpilot.com\/review\/talkpal.ai\",\"https:\/\/www.capterra.com\/p\/10006800\/TalkPal\/\"],\"description\":\"Talkpal is a language learning web and mobile education app, powered by the latest AI technologies, that provides engaging experiences to its customers in many different languages to help them improve their language skills. Users can chat about unlimited amount of topics with the app and use other modes to practice their language learning.\",\"email\":\"support@talkpal.ai\",\"legalName\":\"Talkpal, Inc.\",\"foundingDate\":\"2023-04-03\",\"duns\":\"118989042\",\"numberOfEmployees\":{\"@type\":\"QuantitativeValue\",\"minValue\":\"11\",\"maxValue\":\"50\"},\"publishingPrinciples\":\"https:\/\/talkpal.ai\/publishing-principles\/\",\"actionableFeedbackPolicy\":\"https:\/\/talkpal.ai\/actionable-feedback-policy\/\",\"correctionsPolicy\":\"https:\/\/talkpal.ai\/corrections-policy\/\",\"ethicsPolicy\":\"https:\/\/talkpal.ai\/ethics-policy\/\",\"diversityPolicy\":\"https:\/\/talkpal.ai\/diversity-policy\/\",\"diversityStaffingReport\":\"https:\/\/talkpal.ai\/diversity-policy\/\"}]}<\/script>\n<!-- \/ Yoast SEO Premium plugin. -->","yoast_head_json":{"title":"Makedoonia keele grammatikaharjutused - Talkpal","description":"\u00d5ppige makedoonia keele grammatikat interaktiivsete makedoonia keele grammatika harjutustega alates Talkpal, teie tehisintellektip\u00f5hine keele\u00f5petaja.","robots":{"index":"index","follow":"follow","max-snippet":"max-snippet:-1","max-image-preview":"max-image-preview:large","max-video-preview":"max-video-preview:-1"},"canonical":"https:\/\/talkpal.ai\/et\/makedoonia-keele-grammatikaharjutused\/","og_locale":"et_EE","og_type":"article","og_title":"Makedoonia keele grammatikaharjutused","og_description":"Makedoonia grammatika teemad Makedoonia keel, l\u00f5unaslaavi keel, on P\u00f5hja-Makedoonia ametlik keel. Seda r\u00e4\u00e4gib \u00fcle kahe miljoni inimese kogu maailmas ja","og_url":"https:\/\/talkpal.ai\/et\/makedoonia-keele-grammatikaharjutused\/","og_site_name":"Talkpal","article_publisher":"https:\/\/www.facebook.com\/profile.php?id=100090733639311","article_modified_time":"2025-12-17T15:56:35+00:00","og_image":[{"width":512,"height":512,"url":"https:\/\/talkpal.ai\/wp-content\/uploads\/2023\/05\/republic-of-macedonia.png","type":"image\/png"}],"twitter_card":"summary_large_image","twitter_site":"@talkpalai","twitter_misc":{"Est. reading time":"2 minutit"},"schema":{"@context":"https:\/\/schema.org","@graph":[{"@type":"WebPage","@id":"https:\/\/talkpal.ai\/et\/makedoonia-keele-grammatikaharjutused\/","url":"https:\/\/talkpal.ai\/et\/makedoonia-keele-grammatikaharjutused\/","name":"Makedoonia keele grammatikaharjutused - Talkpal","isPartOf":{"@id":"https:\/\/talkpal.ai\/et\/#website"},"primaryImageOfPage":{"@id":"https:\/\/talkpal.ai\/et\/makedoonia-keele-grammatikaharjutused\/#primaryimage"},"image":{"@id":"https:\/\/talkpal.ai\/et\/makedoonia-keele-grammatikaharjutused\/#primaryimage"},"thumbnailUrl":"https:\/\/talkpal.ai\/wp-content\/uploads\/2023\/05\/republic-of-macedonia.png","datePublished":"2023-06-22T08:24:14+00:00","dateModified":"2025-12-17T15:56:35+00:00","description":"\u00d5ppige makedoonia keele grammatikat interaktiivsete makedoonia keele grammatika harjutustega alates Talkpal, teie tehisintellektip\u00f5hine keele\u00f5petaja.","breadcrumb":{"@id":"https:\/\/talkpal.ai\/et\/makedoonia-keele-grammatikaharjutused\/#breadcrumb"},"inLanguage":"et","potentialAction":[{"@type":"ReadAction","target":["https:\/\/talkpal.ai\/et\/makedoonia-keele-grammatikaharjutused\/"]}]},{"@type":"ImageObject","inLanguage":"et","@id":"https:\/\/talkpal.ai\/et\/makedoonia-keele-grammatikaharjutused\/#primaryimage","url":"https:\/\/talkpal.ai\/wp-content\/uploads\/2023\/05\/republic-of-macedonia.png","contentUrl":"https:\/\/talkpal.ai\/wp-content\/uploads\/2023\/05\/republic-of-macedonia.png","width":512,"height":512},{"@type":"BreadcrumbList","@id":"https:\/\/talkpal.ai\/et\/makedoonia-keele-grammatikaharjutused\/#breadcrumb","itemListElement":[{"@type":"ListItem","position":1,"name":"Homepage","item":"https:\/\/talkpal.ai\/et\/"},{"@type":"ListItem","position":2,"name":"Makedoonia keele grammatikaharjutused"}]},{"@type":"WebSite","@id":"https:\/\/talkpal.ai\/et\/#website","url":"https:\/\/talkpal.ai\/et\/","name":"Talkpal","description":"AI Language Learning","publisher":{"@id":"https:\/\/talkpal.ai\/et\/#organization"},"alternateName":"Talkpal AI","potentialAction":[{"@type":"SearchAction","target":{"@type":"EntryPoint","urlTemplate":"https:\/\/talkpal.ai\/et\/?s={search_term_string}"},"query-input":{"@type":"PropertyValueSpecification","valueRequired":true,"valueName":"search_term_string"}}],"inLanguage":"et"},{"@type":"Organization","@id":"https:\/\/talkpal.ai\/et\/#organization","name":"Talkpal, Inc.","alternateName":"Talkpal AI","url":"https:\/\/talkpal.ai\/et\/","logo":{"@type":"ImageObject","inLanguage":"et","@id":"https:\/\/talkpal.ai\/et\/#\/schema\/logo\/image\/","url":"https:\/\/talkpal.ai\/wp-content\/uploads\/2024\/03\/Talkpal-Logo-Icon.png","contentUrl":"https:\/\/talkpal.ai\/wp-content\/uploads\/2024\/03\/Talkpal-Logo-Icon.png","width":2880,"height":2880,"caption":"Talkpal, Inc."},"image":{"@id":"https:\/\/talkpal.ai\/et\/#\/schema\/logo\/image\/"},"sameAs":["https:\/\/www.facebook.com\/profile.php?id=100090733639311","https:\/\/x.com\/talkpalai","https:\/\/www.linkedin.com\/company\/talkpal\/","https:\/\/www.youtube.com\/@TalkPal\/","https:\/\/www.tiktok.com\/@talkpal","https:\/\/www.instagram.com\/talkpal_ai\/","https:\/\/www.crunchbase.com\/organization\/talkpal-9cde","https:\/\/www.g2.com\/products\/talkpal-for-business\/","https:\/\/www.trustpilot.com\/review\/talkpal.ai","https:\/\/www.capterra.com\/p\/10006800\/TalkPal\/"],"description":"Talkpal is a language learning web and mobile education app, powered by the latest AI technologies, that provides engaging experiences to its customers in many different languages to help them improve their language skills. Users can chat about unlimited amount of topics with the app and use other modes to practice their language learning.","email":"support@talkpal.ai","legalName":"Talkpal, Inc.","foundingDate":"2023-04-03","duns":"118989042","numberOfEmployees":{"@type":"QuantitativeValue","minValue":"11","maxValue":"50"},"publishingPrinciples":"https:\/\/talkpal.ai\/publishing-principles\/","actionableFeedbackPolicy":"https:\/\/talkpal.ai\/actionable-feedback-policy\/","correctionsPolicy":"https:\/\/talkpal.ai\/corrections-policy\/","ethicsPolicy":"https:\/\/talkpal.ai\/ethics-policy\/","diversityPolicy":"https:\/\/talkpal.ai\/diversity-policy\/","diversityStaffingReport":"https:\/\/talkpal.ai\/diversity-policy\/"}]}},"_links":{"self":[{"href":"https:\/\/talkpal.ai\/et\/wp-json\/wp\/v2\/pages\/159817","targetHints":{"allow":["GET"]}}],"collection":[{"href":"https:\/\/talkpal.ai\/et\/wp-json\/wp\/v2\/pages"}],"about":[{"href":"https:\/\/talkpal.ai\/et\/wp-json\/wp\/v2\/types\/page"}],"author":[{"embeddable":true,"href":"https:\/\/talkpal.ai\/et\/wp-json\/wp\/v2\/users\/6"}],"replies":[{"embeddable":true,"href":"https:\/\/talkpal.ai\/et\/wp-json\/wp\/v2\/comments?post=159817"}],"version-history":[{"count":0,"href":"https:\/\/talkpal.ai\/et\/wp-json\/wp\/v2\/pages\/159817\/revisions"}],"wp:featuredmedia":[{"embeddable":true,"href":"https:\/\/talkpal.ai\/et\/wp-json\/wp\/v2\/media\/115448"}],"wp:attachment":[{"href":"https:\/\/talkpal.ai\/et\/wp-json\/wp\/v2\/media?parent=159817"}],"curies":[{"name":"wp","href":"https:\/\/api.w.org\/{rel}","templated":true}]}}