{"id":159245,"date":"2023-06-22T08:37:16","date_gmt":"2023-06-22T08:37:16","guid":{"rendered":"http:\/\/talkpal.ai\/marathi-grammatika-harjutused\/"},"modified":"2025-12-17T15:25:13","modified_gmt":"2025-12-17T15:25:13","slug":"marathi-grammatika-harjutused","status":"publish","type":"page","link":"https:\/\/talkpal.ai\/et\/marathi-grammatika-harjutused\/","title":{"rendered":"Marathi grammatika harjutused"},"content":{"rendered":"\r\n\r\n\r\n<section class=\"languageChallengeSection\">\r\n    <div class=\"languageInfoWrapper\">\r\n        \r\n        <h1>Marathi grammatika harjutused<\/h1>\r\n        <p>Kas olete valmis oma marat\u0161i keele oskust tugevdama? Grammatikaharjutuste tegemine on suurep\u00e4rane v\u00f5imalus omandada lauseehitus, verbivormid ja keele p\u00f5hilised grammatilised mustrid. Alustage <a href=\"https:\/\/talkpal.ai\/learn-marathi\/\">marathi<\/a> keele <a href=\"https:\/\/talkpal.ai\/greek-grammar\/\">grammatika<\/a> uurimist juba t\u00e4na ja vaadake, kuidas teie enesekindlus ja keeleoskus kasvab <a href=\"https:\/\/talkpal.ai\/locations\/language-courses-in-iga\/\">iga<\/a> harjutusega!<\/p>\r\n\r\n                            <a class=\"getStartedHidden\" href=\"https:\/\/app.talkpal.ai\/et\/signup?lng=\">Alusta<\/a>\r\n        \r\n    <\/div>\r\n\r\n    <figure>\r\n    <img decoding=\"async\" width=\"768\" height=\"768\" src=\"https:\/\/talkpal.ai\/wp-content\/uploads\/2023\/06\/marathi-768x768.png\" class=\"languageImage no-lazy\" alt=\"Fun ways to make language learning interesting\" fetchpriority=\"high\" sizes=\"(max-width: 768px) 150px, 768px\" srcset=\"https:\/\/talkpal.ai\/wp-content\/uploads\/2023\/06\/marathi-768x768.png 768w, https:\/\/talkpal.ai\/wp-content\/uploads\/2023\/06\/marathi-300x300.png 300w\" \/>\r\n    \r\n\r\n    <\/figure>\r\n\r\n            <a class=\"getStartedVisible\" href=\"https:\/\/app.talkpal.ai\/et\/signup?lng=\">Alusta<\/a>\r\n    \r\n<\/section>\r\n\r\n\r\n<!-- <section class=\"grammarSection\">\r\n    <div class=\"grammarLinks\">\r\n            <\/div>\r\n<\/section> -->\r\n\r\n\r\n\r\n\r\n<section class=\"promotionalBanner\">\r\n    <p class=\"promotionalText\">K\u00f5ige t\u00f5husam viis keele \u00f5ppimiseks<\/p>\r\n    <a class=\"promotionalLink\" href=\"https:\/\/app.talkpal.ai\/et\/signup?lng=\">Proovige Talkpal tasuta<\/a>\r\n<\/section>\n<div class=\"wp-block-group pageContainerStyle\"><div class=\"wp-block-group__inner-container is-layout-constrained wp-block-group-is-layout-constrained\">\n<h2 class=\"wp-block-heading\" id=\"h-marathi-grammar-topics\">Marathi Grammatika teemad<\/h2>\n\n\n\n<p>Marathi, indo-aaria keelt, r\u00e4\u00e4gitakse valdavalt India Maharashtra osariigis ja see on piirkonna ametlik keel. Marathi <a href=\"https:\/\/talkpal.ai\/et\/oppimine\/\">\u00f5ppimine<\/a> v\u00f5ib olla rikastav kogemus, kuna see avab ukse rikkalikule kultuurile, ajaloole ja kirjandusele. Marathi t\u00f5husaks \u00f5ppimiseks on oluline struktureeritud l\u00e4henemine, mis keskendub keele erinevatele aspektidele, nagu <a href=\"https:\/\/talkpal.ai\/greek-grammar\/\">grammatika<\/a>, s\u00f5navara ja h\u00e4\u00e4ldus. See artikkel juhendab teid Marathi grammatika teemade \u00f5ppimise j\u00e4rjestuses, alustades ajastustest, tegus\u00f5nadest, nimis\u00f5nadest ja liikudes edasi arenenumate m\u00f5istete juurde, nagu tingimuslikud ja eess\u00f5nad.<\/p>\n\n\n\n<h3 class=\"wp-block-heading\" id=\"h-1-tenses\">1. Ajavormid:<\/h3>\n\n\n\n<p>Ajad on mis tahes keele selgroog, kuna need aitavad v\u00e4ljendada tegevusi v\u00f5i seisundeid aja suhtes. Marathis on kolm p\u00f5hilist ajaj\u00e4rku \u2013 minevik, olevik ja tulevik. Igal pingel on erinevad vormid, mis p\u00f5hinevad tegevuse t\u00fc\u00fcbil (lihtne, pidev, t\u00e4iuslik v\u00f5i t\u00e4iuslik pidev). Alustage lihtsate aegade \u00f5ppimisega ja liikuge seej\u00e4rel keerukamate juurde.<\/p>\n\n\n\n<h3 class=\"wp-block-heading\" id=\"h-2-tense-comparison\">2. Pingeline v\u00f5rdlus:<\/h3>\n\n\n\n<p>P\u00e4rast p\u00f5hiliste ajastuste m\u00f5istmist on \u00fclioluline \u00f5ppida neid v\u00f5rdlema. Pingeline v\u00f5rdlus v\u00f5imaldab teil r\u00e4\u00e4kida mitmest toimingust v\u00f5i s\u00fcndmusest, mis toimuvad samaaegselt v\u00f5i erinevates ajaraamides. See aitab moodustada keerulisi lauseid ja v\u00e4ljendada laiemat hulka ideid.<\/p>\n\n\n\n<h3 class=\"wp-block-heading\" id=\"h-3-verbs\">3. Tegus\u00f5nad:<\/h3>\n\n\n\n<p>Tegus\u00f5nad on tegevuss\u00f5nad, mis esindavad lauses tegevust v\u00f5i olekut. Marathis on tegus\u00f5nad k\u00e4\u00e4natud, et n\u00e4idata pinget, aspekti, meeleolu ja h\u00e4\u00e4lt. \u00d5ppige p\u00f5hilisi verbi konjugatsiooni reegleid ja erinevaid verbivorme, et parandada oma lauseehitusoskusi.<\/p>\n\n\n\n<h3 class=\"wp-block-heading\" id=\"h-4-nouns\">4. Nimis\u00f5nad:<\/h3>\n\n\n\n<p>Nimis\u00f5nad on s\u00f5nad, mis esindavad inimesi, kohti, asju v\u00f5i ideid. Marathi nimis\u00f5nadel on sugu (mehelik, naiselik v\u00f5i neuter) ja need on k\u00e4\u00e4ndetud arvu (ainsus v\u00f5i mitmus) ja juhtumi (otsene, kaldus v\u00f5i omastav) jaoks. Tutvuge erinevate nimis\u00f5navormidega ja nende kasutamisega lausetes.<\/p>\n\n\n\n<h3 class=\"wp-block-heading\" id=\"h-5-articles\">5. Artiklid:<\/h3>\n\n\n\n<p>Marathi keeles ei ole artikleid nagu &#8216;a&#8217;, &#8216;an&#8217; v\u00f5i &#8216;the&#8217;. Siiski on olemas demonstratiivsed ases\u00f5nad ja m\u00e4\u00e4rajad, mis teenivad sarnast eesm\u00e4rki. Siit saate teada, kuidas kasutada neid ases\u00f5nu ja m\u00e4\u00e4rajaid lauses nimis\u00f5nade m\u00e4\u00e4ramiseks v\u00f5i tuvastamiseks.<\/p>\n\n\n\n<h3 class=\"wp-block-heading\" id=\"h-6-pronouns-determiners\">6. Ases\u00f5nad\/m\u00e4\u00e4rajad:<\/h3>\n\n\n\n<p>Ases\u00f5nad asendavad nimis\u00f5nad, et v\u00e4ltida kordusi, samas kui m\u00e4\u00e4rajad m\u00e4\u00e4ravad v\u00f5i piiravad nimis\u00f5nade t\u00e4hendust. Marathis lepivad ases\u00f5nad ja m\u00e4\u00e4rajad soos ja arvus kokku nimis\u00f5naga, mida nad asendavad v\u00f5i muudavad. \u00d5ppige erinevaid vorme ja nende sobivat kasutamist, et parandada oma lauseehitust.<\/p>\n\n\n\n<h3 class=\"wp-block-heading\" id=\"h-7-adjectives\">7. Omaduss\u00f5nad:<\/h3>\n\n\n\n<p>Omaduss\u00f5nad kirjeldavad v\u00f5i muudavad nimis\u00f5nu, <a href=\"https:\/\/talkpal.ai\/locations\/language-courses-in-andes\/\">andes<\/a> lisateavet nende omaduste v\u00f5i atribuutide kohta. Marathis n\u00f5ustuvad omaduss\u00f5nad soo ja arvuga nimis\u00f5naga, mida nad muudavad. \u00d5ppige erinevaid omaduss\u00f5navorme ja nende \u00f5iget kasutamist lausetes.<\/p>\n\n\n\n<h3 class=\"wp-block-heading\" id=\"h-8-adverbs\">8. M\u00e4\u00e4rs\u00f5nad:<\/h3>\n\n\n\n<p>Adverbid annavad lisateavet tegus\u00f5nade, omaduss\u00f5nade v\u00f5i muude m\u00e4\u00e4rs\u00f5nade kohta, kirjeldades, kuidas, millal, kus v\u00f5i mil m\u00e4\u00e4ral midagi juhtub. \u00d5ppige erinevaid m\u00e4\u00e4rs\u00f5nade t\u00fc\u00fcpe ja nende paigutamist lausetesse, et parandada oma keeleoskust.<\/p>\n\n\n\n<h3 class=\"wp-block-heading\" id=\"h-9-conditionals\">9. Tingimused:<\/h3>\n\n\n\n<p>Tingimused v\u00e4ljendavad h\u00fcpoteetilisi olukordi v\u00f5i tingimusi ja nende v\u00f5imalikke tagaj\u00e4rgi. Marathis on kolme t\u00fc\u00fcpi tingimusi \u2013 reaalsed, ebareaalsed ja segased. \u00d5ppige iga t\u00fc\u00fcbi struktuuri ja kasutamist keerukate ideede ja olukordade v\u00e4ljendamiseks.<\/p>\n\n\n\n<h3 class=\"wp-block-heading\" id=\"h-10-prepositions\">10. Eess\u00f5nad:<\/h3>\n\n\n\n<p>Eess\u00f5nad on s\u00f5nad, mis n\u00e4itavad seost nimis\u00f5nade (v\u00f5i ases\u00f5nade) ja teiste s\u00f5nade vahel lauses. Need n\u00e4itavad asukohta, suunda, aega v\u00f5i muid suhteid. \u00d5ppige Marathi levinud eess\u00f5nu ja nende kasutamist lausetes.<\/p>\n\n\n\n<h3 class=\"wp-block-heading\" id=\"h-11-sentences\">11. Laused:<\/h3>\n\n\n\n<p>L\u00f5puks harjutage lihtsate ja keeruliste lausete moodustamist, kasutades \u00f5pitud grammatikareegleid ja s\u00f5navara. Keskenduge lauseehitusele.<\/p>\n<\/div><\/div>\n\r\n<section class=\"learnNavigationSection\">\r\n            \r\n        <a href=\"https:\/\/talkpal.ai\/et\/opi-marathi\/\">\r\n            <div class=\"learnNavigationWrapper\">\r\n                <div class=\"learnNavigationContent\">\r\n                    <img decoding=\"async\" src=\"https:\/\/talkpal.ai\/wp-content\/uploads\/2023\/05\/Marathi-india.png\" alt=\"TalkPal Marathi Flag\">\r\n                    <div>\r\n                        <h4>Marathi \u00f5ppimise kohta<\/h4>\r\n                        <p>Uuri k\u00f5ike Marathi grammatika kohta .<\/p>\r\n                    <\/div>\r\n                <\/div>\r\n            <\/div>\r\n        <\/a>\r\n\r\n        \r\n        <a href=\"https:\/\/talkpal.ai\/et\/marathi-grammatika\/\">\r\n            <div class=\"learnNavigationWrapper\">\r\n                <div class=\"learnNavigationContent\">\r\n                    <img decoding=\"async\" src=\"https:\/\/talkpal.ai\/wp-content\/uploads\/2023\/05\/Marathi-india.png\" alt=\"TalkPal Marathi Flag\">\r\n                    <div>\r\n                        <h4>Marathi keele grammatika tunnid<\/h4>\r\n                        <p>Harjutage Marathi grammatikat.<\/p>\r\n                    <\/div>\r\n                <\/div>\r\n            <\/div>\r\n        <\/a>\r\n\r\n        \r\n        <a href=\"https:\/\/talkpal.ai\/vocabulary_language\/marathi\/\">\r\n            <div class=\"learnNavigationWrapper\">\r\n                <div class=\"learnNavigationContent\">\r\n                    <img decoding=\"async\" src=\"https:\/\/talkpal.ai\/wp-content\/uploads\/2023\/05\/Marathi-india.png\" alt=\"TalkPal Marathi Flag\">\r\n                    <div>\r\n                        <h4>Marathi s\u00f5navara<\/h4>\r\n                        <p>Laiendage oma marathi keele s\u00f5navara.<\/p>\r\n                    <\/div>\r\n                <\/div>\r\n            <\/div>\r\n        <\/a>\r\n\r\n            <\/section>","protected":false},"excerpt":{"rendered":"<p>Marathi Grammatika teemad Marathi, indo-aaria keelt, r\u00e4\u00e4gitakse valdavalt India Maharashtra osariigis ja see on piirkonna ametlik keel. Marathi \u00f5ppimine v\u00f5ib olla rikastav kogemus, kuna see avab ukse rikkalikule kultuurile, ajaloole ja kirjandusele. Marathi t\u00f5husaks \u00f5ppimiseks on oluline struktureeritud l\u00e4henemine, mis keskendub keele erinevatele aspektidele, nagu grammatika, s\u00f5navara ja h\u00e4\u00e4ldus. See artikkel juhendab teid Marathi grammatika [&hellip;]<\/p>\n","protected":false},"author":6,"featured_media":116462,"parent":0,"menu_order":0,"comment_status":"closed","ping_status":"closed","template":"LearningContentPage.php","meta":{"_acf_changed":false,"footnotes":""},"class_list":["post-159245","page","type-page","status-publish","has-post-thumbnail","hentry"],"acf":[],"yoast_head":"<!-- This site is optimized with the Yoast SEO Premium plugin v27.2 (Yoast SEO v27.2) - https:\/\/yoast.com\/product\/yoast-seo-premium-wordpress\/ -->\n<title>Marathi grammatika harjutused - Talkpal<\/title>\n<meta name=\"description\" content=\"Parandage oma marathi keeleoskust huvitavate marathi keele grammatika harjutustega, mis on m\u00f5eldud k\u00f5ikide tasemete \u00f5ppijatele.\" \/>\n<meta name=\"robots\" content=\"index, follow, max-snippet:-1, max-image-preview:large, max-video-preview:-1\" \/>\n<link rel=\"canonical\" href=\"https:\/\/talkpal.ai\/et\/marathi-grammatika-harjutused\/\" \/>\n<meta property=\"og:locale\" content=\"et_EE\" \/>\n<meta property=\"og:type\" content=\"article\" \/>\n<meta property=\"og:title\" content=\"Marathi grammatika harjutused\" \/>\n<meta property=\"og:description\" content=\"Marathi Grammatika teemad Marathi, indo-aaria keelt, r\u00e4\u00e4gitakse valdavalt India Maharashtra osariigis ja see on piirkonna ametlik keel. Marathi \u00f5ppimine\" \/>\n<meta property=\"og:url\" content=\"https:\/\/talkpal.ai\/et\/marathi-grammatika-harjutused\/\" \/>\n<meta property=\"og:site_name\" content=\"Talkpal\" \/>\n<meta property=\"article:publisher\" content=\"https:\/\/www.facebook.com\/profile.php?id=100090733639311\" \/>\n<meta property=\"article:modified_time\" content=\"2025-12-17T15:25:13+00:00\" \/>\n<meta property=\"og:image\" content=\"https:\/\/talkpal.ai\/wp-content\/uploads\/2023\/05\/Marathi-india.png\" \/>\n\t<meta property=\"og:image:width\" content=\"512\" \/>\n\t<meta property=\"og:image:height\" content=\"512\" \/>\n\t<meta property=\"og:image:type\" content=\"image\/png\" \/>\n<meta name=\"twitter:card\" content=\"summary_large_image\" \/>\n<meta name=\"twitter:site\" content=\"@talkpalai\" \/>\n<meta name=\"twitter:label1\" content=\"Est. reading time\" \/>\n\t<meta name=\"twitter:data1\" content=\"3 minutit\" \/>\n<script type=\"application\/ld+json\" class=\"yoast-schema-graph\">{\"@context\":\"https:\/\/schema.org\",\"@graph\":[{\"@type\":\"WebPage\",\"@id\":\"https:\/\/talkpal.ai\/et\/marathi-grammatika-harjutused\/\",\"url\":\"https:\/\/talkpal.ai\/et\/marathi-grammatika-harjutused\/\",\"name\":\"Marathi grammatika harjutused - Talkpal\",\"isPartOf\":{\"@id\":\"https:\/\/talkpal.ai\/et\/#website\"},\"primaryImageOfPage\":{\"@id\":\"https:\/\/talkpal.ai\/et\/marathi-grammatika-harjutused\/#primaryimage\"},\"image\":{\"@id\":\"https:\/\/talkpal.ai\/et\/marathi-grammatika-harjutused\/#primaryimage\"},\"thumbnailUrl\":\"https:\/\/talkpal.ai\/wp-content\/uploads\/2023\/05\/Marathi-india.png\",\"datePublished\":\"2023-06-22T08:37:16+00:00\",\"dateModified\":\"2025-12-17T15:25:13+00:00\",\"description\":\"Parandage oma marathi keeleoskust huvitavate marathi keele grammatika harjutustega, mis on m\u00f5eldud k\u00f5ikide tasemete \u00f5ppijatele.\",\"breadcrumb\":{\"@id\":\"https:\/\/talkpal.ai\/et\/marathi-grammatika-harjutused\/#breadcrumb\"},\"inLanguage\":\"et\",\"potentialAction\":[{\"@type\":\"ReadAction\",\"target\":[\"https:\/\/talkpal.ai\/et\/marathi-grammatika-harjutused\/\"]}]},{\"@type\":\"ImageObject\",\"inLanguage\":\"et\",\"@id\":\"https:\/\/talkpal.ai\/et\/marathi-grammatika-harjutused\/#primaryimage\",\"url\":\"https:\/\/talkpal.ai\/wp-content\/uploads\/2023\/05\/Marathi-india.png\",\"contentUrl\":\"https:\/\/talkpal.ai\/wp-content\/uploads\/2023\/05\/Marathi-india.png\",\"width\":512,\"height\":512},{\"@type\":\"BreadcrumbList\",\"@id\":\"https:\/\/talkpal.ai\/et\/marathi-grammatika-harjutused\/#breadcrumb\",\"itemListElement\":[{\"@type\":\"ListItem\",\"position\":1,\"name\":\"Homepage\",\"item\":\"https:\/\/talkpal.ai\/et\/\"},{\"@type\":\"ListItem\",\"position\":2,\"name\":\"Marathi grammatika harjutused\"}]},{\"@type\":\"WebSite\",\"@id\":\"https:\/\/talkpal.ai\/et\/#website\",\"url\":\"https:\/\/talkpal.ai\/et\/\",\"name\":\"Talkpal\",\"description\":\"AI Language Learning\",\"publisher\":{\"@id\":\"https:\/\/talkpal.ai\/et\/#organization\"},\"alternateName\":\"Talkpal AI\",\"potentialAction\":[{\"@type\":\"SearchAction\",\"target\":{\"@type\":\"EntryPoint\",\"urlTemplate\":\"https:\/\/talkpal.ai\/et\/?s={search_term_string}\"},\"query-input\":{\"@type\":\"PropertyValueSpecification\",\"valueRequired\":true,\"valueName\":\"search_term_string\"}}],\"inLanguage\":\"et\"},{\"@type\":\"Organization\",\"@id\":\"https:\/\/talkpal.ai\/et\/#organization\",\"name\":\"Talkpal, Inc.\",\"alternateName\":\"Talkpal AI\",\"url\":\"https:\/\/talkpal.ai\/et\/\",\"logo\":{\"@type\":\"ImageObject\",\"inLanguage\":\"et\",\"@id\":\"https:\/\/talkpal.ai\/et\/#\/schema\/logo\/image\/\",\"url\":\"https:\/\/talkpal.ai\/wp-content\/uploads\/2024\/03\/Talkpal-Logo-Icon.png\",\"contentUrl\":\"https:\/\/talkpal.ai\/wp-content\/uploads\/2024\/03\/Talkpal-Logo-Icon.png\",\"width\":2880,\"height\":2880,\"caption\":\"Talkpal, Inc.\"},\"image\":{\"@id\":\"https:\/\/talkpal.ai\/et\/#\/schema\/logo\/image\/\"},\"sameAs\":[\"https:\/\/www.facebook.com\/profile.php?id=100090733639311\",\"https:\/\/x.com\/talkpalai\",\"https:\/\/www.linkedin.com\/company\/talkpal\/\",\"https:\/\/www.youtube.com\/@TalkPal\/\",\"https:\/\/www.tiktok.com\/@talkpal\",\"https:\/\/www.instagram.com\/talkpal_ai\/\",\"https:\/\/www.crunchbase.com\/organization\/talkpal-9cde\",\"https:\/\/www.g2.com\/products\/talkpal-for-business\/\",\"https:\/\/www.trustpilot.com\/review\/talkpal.ai\",\"https:\/\/www.capterra.com\/p\/10006800\/TalkPal\/\"],\"description\":\"Talkpal is a language learning web and mobile education app, powered by the latest AI technologies, that provides engaging experiences to its customers in many different languages to help them improve their language skills. Users can chat about unlimited amount of topics with the app and use other modes to practice their language learning.\",\"email\":\"support@talkpal.ai\",\"legalName\":\"Talkpal, Inc.\",\"foundingDate\":\"2023-04-03\",\"duns\":\"118989042\",\"numberOfEmployees\":{\"@type\":\"QuantitativeValue\",\"minValue\":\"11\",\"maxValue\":\"50\"},\"publishingPrinciples\":\"https:\/\/talkpal.ai\/publishing-principles\/\",\"actionableFeedbackPolicy\":\"https:\/\/talkpal.ai\/actionable-feedback-policy\/\",\"correctionsPolicy\":\"https:\/\/talkpal.ai\/corrections-policy\/\",\"ethicsPolicy\":\"https:\/\/talkpal.ai\/ethics-policy\/\",\"diversityPolicy\":\"https:\/\/talkpal.ai\/diversity-policy\/\",\"diversityStaffingReport\":\"https:\/\/talkpal.ai\/diversity-policy\/\"}]}<\/script>\n<!-- \/ Yoast SEO Premium plugin. -->","yoast_head_json":{"title":"Marathi grammatika harjutused - Talkpal","description":"Parandage oma marathi keeleoskust huvitavate marathi keele grammatika harjutustega, mis on m\u00f5eldud k\u00f5ikide tasemete \u00f5ppijatele.","robots":{"index":"index","follow":"follow","max-snippet":"max-snippet:-1","max-image-preview":"max-image-preview:large","max-video-preview":"max-video-preview:-1"},"canonical":"https:\/\/talkpal.ai\/et\/marathi-grammatika-harjutused\/","og_locale":"et_EE","og_type":"article","og_title":"Marathi grammatika harjutused","og_description":"Marathi Grammatika teemad Marathi, indo-aaria keelt, r\u00e4\u00e4gitakse valdavalt India Maharashtra osariigis ja see on piirkonna ametlik keel. Marathi \u00f5ppimine","og_url":"https:\/\/talkpal.ai\/et\/marathi-grammatika-harjutused\/","og_site_name":"Talkpal","article_publisher":"https:\/\/www.facebook.com\/profile.php?id=100090733639311","article_modified_time":"2025-12-17T15:25:13+00:00","og_image":[{"width":512,"height":512,"url":"https:\/\/talkpal.ai\/wp-content\/uploads\/2023\/05\/Marathi-india.png","type":"image\/png"}],"twitter_card":"summary_large_image","twitter_site":"@talkpalai","twitter_misc":{"Est. reading time":"3 minutit"},"schema":{"@context":"https:\/\/schema.org","@graph":[{"@type":"WebPage","@id":"https:\/\/talkpal.ai\/et\/marathi-grammatika-harjutused\/","url":"https:\/\/talkpal.ai\/et\/marathi-grammatika-harjutused\/","name":"Marathi grammatika harjutused - Talkpal","isPartOf":{"@id":"https:\/\/talkpal.ai\/et\/#website"},"primaryImageOfPage":{"@id":"https:\/\/talkpal.ai\/et\/marathi-grammatika-harjutused\/#primaryimage"},"image":{"@id":"https:\/\/talkpal.ai\/et\/marathi-grammatika-harjutused\/#primaryimage"},"thumbnailUrl":"https:\/\/talkpal.ai\/wp-content\/uploads\/2023\/05\/Marathi-india.png","datePublished":"2023-06-22T08:37:16+00:00","dateModified":"2025-12-17T15:25:13+00:00","description":"Parandage oma marathi keeleoskust huvitavate marathi keele grammatika harjutustega, mis on m\u00f5eldud k\u00f5ikide tasemete \u00f5ppijatele.","breadcrumb":{"@id":"https:\/\/talkpal.ai\/et\/marathi-grammatika-harjutused\/#breadcrumb"},"inLanguage":"et","potentialAction":[{"@type":"ReadAction","target":["https:\/\/talkpal.ai\/et\/marathi-grammatika-harjutused\/"]}]},{"@type":"ImageObject","inLanguage":"et","@id":"https:\/\/talkpal.ai\/et\/marathi-grammatika-harjutused\/#primaryimage","url":"https:\/\/talkpal.ai\/wp-content\/uploads\/2023\/05\/Marathi-india.png","contentUrl":"https:\/\/talkpal.ai\/wp-content\/uploads\/2023\/05\/Marathi-india.png","width":512,"height":512},{"@type":"BreadcrumbList","@id":"https:\/\/talkpal.ai\/et\/marathi-grammatika-harjutused\/#breadcrumb","itemListElement":[{"@type":"ListItem","position":1,"name":"Homepage","item":"https:\/\/talkpal.ai\/et\/"},{"@type":"ListItem","position":2,"name":"Marathi grammatika harjutused"}]},{"@type":"WebSite","@id":"https:\/\/talkpal.ai\/et\/#website","url":"https:\/\/talkpal.ai\/et\/","name":"Talkpal","description":"AI Language Learning","publisher":{"@id":"https:\/\/talkpal.ai\/et\/#organization"},"alternateName":"Talkpal AI","potentialAction":[{"@type":"SearchAction","target":{"@type":"EntryPoint","urlTemplate":"https:\/\/talkpal.ai\/et\/?s={search_term_string}"},"query-input":{"@type":"PropertyValueSpecification","valueRequired":true,"valueName":"search_term_string"}}],"inLanguage":"et"},{"@type":"Organization","@id":"https:\/\/talkpal.ai\/et\/#organization","name":"Talkpal, Inc.","alternateName":"Talkpal AI","url":"https:\/\/talkpal.ai\/et\/","logo":{"@type":"ImageObject","inLanguage":"et","@id":"https:\/\/talkpal.ai\/et\/#\/schema\/logo\/image\/","url":"https:\/\/talkpal.ai\/wp-content\/uploads\/2024\/03\/Talkpal-Logo-Icon.png","contentUrl":"https:\/\/talkpal.ai\/wp-content\/uploads\/2024\/03\/Talkpal-Logo-Icon.png","width":2880,"height":2880,"caption":"Talkpal, Inc."},"image":{"@id":"https:\/\/talkpal.ai\/et\/#\/schema\/logo\/image\/"},"sameAs":["https:\/\/www.facebook.com\/profile.php?id=100090733639311","https:\/\/x.com\/talkpalai","https:\/\/www.linkedin.com\/company\/talkpal\/","https:\/\/www.youtube.com\/@TalkPal\/","https:\/\/www.tiktok.com\/@talkpal","https:\/\/www.instagram.com\/talkpal_ai\/","https:\/\/www.crunchbase.com\/organization\/talkpal-9cde","https:\/\/www.g2.com\/products\/talkpal-for-business\/","https:\/\/www.trustpilot.com\/review\/talkpal.ai","https:\/\/www.capterra.com\/p\/10006800\/TalkPal\/"],"description":"Talkpal is a language learning web and mobile education app, powered by the latest AI technologies, that provides engaging experiences to its customers in many different languages to help them improve their language skills. Users can chat about unlimited amount of topics with the app and use other modes to practice their language learning.","email":"support@talkpal.ai","legalName":"Talkpal, Inc.","foundingDate":"2023-04-03","duns":"118989042","numberOfEmployees":{"@type":"QuantitativeValue","minValue":"11","maxValue":"50"},"publishingPrinciples":"https:\/\/talkpal.ai\/publishing-principles\/","actionableFeedbackPolicy":"https:\/\/talkpal.ai\/actionable-feedback-policy\/","correctionsPolicy":"https:\/\/talkpal.ai\/corrections-policy\/","ethicsPolicy":"https:\/\/talkpal.ai\/ethics-policy\/","diversityPolicy":"https:\/\/talkpal.ai\/diversity-policy\/","diversityStaffingReport":"https:\/\/talkpal.ai\/diversity-policy\/"}]}},"_links":{"self":[{"href":"https:\/\/talkpal.ai\/et\/wp-json\/wp\/v2\/pages\/159245","targetHints":{"allow":["GET"]}}],"collection":[{"href":"https:\/\/talkpal.ai\/et\/wp-json\/wp\/v2\/pages"}],"about":[{"href":"https:\/\/talkpal.ai\/et\/wp-json\/wp\/v2\/types\/page"}],"author":[{"embeddable":true,"href":"https:\/\/talkpal.ai\/et\/wp-json\/wp\/v2\/users\/6"}],"replies":[{"embeddable":true,"href":"https:\/\/talkpal.ai\/et\/wp-json\/wp\/v2\/comments?post=159245"}],"version-history":[{"count":0,"href":"https:\/\/talkpal.ai\/et\/wp-json\/wp\/v2\/pages\/159245\/revisions"}],"wp:featuredmedia":[{"embeddable":true,"href":"https:\/\/talkpal.ai\/et\/wp-json\/wp\/v2\/media\/116462"}],"wp:attachment":[{"href":"https:\/\/talkpal.ai\/et\/wp-json\/wp\/v2\/media?parent=159245"}],"curies":[{"name":"wp","href":"https:\/\/api.w.org\/{rel}","templated":true}]}}