{"id":158952,"date":"2023-06-22T08:43:13","date_gmt":"2023-06-22T08:43:13","guid":{"rendered":"http:\/\/talkpal.ai\/maoori-grammatika-harjutused\/"},"modified":"2025-12-17T14:40:27","modified_gmt":"2025-12-17T14:40:27","slug":"maoori-grammatika-harjutused","status":"publish","type":"page","link":"https:\/\/talkpal.ai\/et\/maoori-grammatika-harjutused\/","title":{"rendered":"Maoori grammatika harjutused"},"content":{"rendered":"\r\n\r\n\r\n<section class=\"languageChallengeSection\">\r\n    <div class=\"languageInfoWrapper\">\r\n        \r\n        <h1>Maoori grammatika harjutused<\/h1>\r\n        <p>Tahad tugevdada oma <a href=\"https:\/\/talkpal.ai\/culture\/how-do-i-start-learning-te-reo-maori-as-a-beginner\/\">te reo M\u0101ori<\/a> oskusi? Grammatikaharjutuste tegemine on suurep\u00e4rane v\u00f5imalus m\u00f5ista lauseehitust, verbimoodustusi ja keele peamisi mustreid. Alusta <a href=\"https:\/\/talkpal.ai\/learn-maori\/\">m\u0101ori<\/a> keele <a href=\"https:\/\/talkpal.ai\/greek-grammar\/\">grammatika<\/a> uurimist juba t\u00e4na ja vaata, kuidas sinu enesekindlus ja oskus iga uue harjutusega kasvab!<\/p>\r\n\r\n                            <a class=\"getStartedHidden\" href=\"https:\/\/app.talkpal.ai\/et\/signup?lng=\">Alusta<\/a>\r\n        \r\n    <\/div>\r\n\r\n    <figure>\r\n    <img decoding=\"async\" width=\"768\" height=\"768\" src=\"https:\/\/talkpal.ai\/wp-content\/uploads\/2023\/06\/maori-768x768.png\" class=\"languageImage no-lazy\" alt=\"Language learning for social and professional settings\" fetchpriority=\"high\" sizes=\"(max-width: 768px) 150px, 768px\" srcset=\"https:\/\/talkpal.ai\/wp-content\/uploads\/2023\/06\/maori-768x768.png 768w, https:\/\/talkpal.ai\/wp-content\/uploads\/2023\/06\/maori-300x300.png 300w\" \/>\r\n    \r\n\r\n    <\/figure>\r\n\r\n            <a class=\"getStartedVisible\" href=\"https:\/\/app.talkpal.ai\/et\/signup?lng=\">Alusta<\/a>\r\n    \r\n<\/section>\r\n\r\n\r\n<!-- <section class=\"grammarSection\">\r\n    <div class=\"grammarLinks\">\r\n            <\/div>\r\n<\/section> -->\r\n\r\n\r\n\r\n\r\n<section class=\"promotionalBanner\">\r\n    <p class=\"promotionalText\">K\u00f5ige t\u00f5husam viis keele \u00f5ppimiseks<\/p>\r\n    <a class=\"promotionalLink\" href=\"https:\/\/app.talkpal.ai\/et\/signup?lng=\">Proovige Talkpal tasuta<\/a>\r\n<\/section>\n<div class=\"wp-block-group pageContainerStyle\"><div class=\"wp-block-group__inner-container is-layout-constrained wp-block-group-is-layout-constrained\">\n<h2 class=\"wp-block-heading\" id=\"h-maori-grammar-topics\">Maoori grammatika teemad<\/h2>\n\n\n\n<p>Maoori keel, tuntud kui te reo M\u0101ori, on Uus-Meremaalt p\u00e4rit Ida-Pol\u00fcneesia keel. Riigi ametliku keelena kannab see rikkalikku kultuurip\u00e4randit ja ainulaadseid keelelisi omadusi. <a href=\"https:\/\/talkpal.ai\/maori-grammar\/\">Maoori grammatika<\/a> <a href=\"https:\/\/talkpal.ai\/et\/oppimine\/\">\u00f5ppimine<\/a> on keele m\u00f5istmiseks ja t\u00f5husaks suhtlemiseks h\u00e4davajalik. See juhend annab \u00fclevaate olulistest maoori grammatika teemadest, mis on korraldatud j\u00e4rjestuses, mis on loodud teie \u00f5ppeprotsessi h\u00f5lbustamiseks. Alates ajavormidest ja tegus\u00f5nadest kuni omaduss\u00f5nade ja eess\u00f5nadeni aitab see juhend teil m\u00f5ista maoori grammatika olulisi elemente ja alustada oma keele\u00f5ppe teekonda.<\/p>\n\n\n\n<h3 class=\"wp-block-heading\" id=\"h-1-tenses\">1. Ajavormid:<\/h3>\n\n\n\n<p>M\u0101ori keeles on kaks peamist ajaj\u00e4rku \u2013 minevik ja mitteminevik. Minevik n\u00e4itab tegevusi v\u00f5i s\u00fcndmusi, mis on juba juhtunud, samas kui mitte-mineviku pinged h\u00f5lmavad nii praeguseid kui ka tulevasi tegevusi. Nende aegade m\u00f5istmine on lausete moodustamiseks ja t\u00e4henduse t\u00e4pseks edastamiseks \u00fclioluline.<\/p>\n\n\n\n<h3 class=\"wp-block-heading\" id=\"h-2-tense-comparison\">2. Pingeline v\u00f5rdlus:<\/h3>\n\n\n\n<p><a href=\"https:\/\/talkpal.ai\/learn-maori\/\">Maori<\/a> keele ajav\u00f5rdluses on oluline m\u00f5ista, kuidas moodustada lauseid, kasutades erinevaid ajavormi, ja teha nende vahel asjakohaseid v\u00f5rdlusi. Need teadmised aitavad teil v\u00e4ljendada tegevusi ja s\u00fcndmusi erinevates ajalistes kontekstides.<\/p>\n\n\n\n<h3 class=\"wp-block-heading\" id=\"h-3-progressive\">3. Progressiivne:<\/h3>\n\n\n\n<p>Maoori progressiivne aspekt n\u00e4itab k\u00e4imasolevaid v\u00f5i pidevaid tegevusi. Progressiivse aspekti kasutamise \u00f5ppimine v\u00f5imaldab teil kirjeldada hetkel toimuvaid tegevusi, lisades oma suhtlusele s\u00fcgavust.<\/p>\n\n\n\n<h3 class=\"wp-block-heading\" id=\"h-4-perfect-progressive\">4. T\u00e4iuslik progressiivne:<\/h3>\n\n\n\n<p>T\u00e4iuslik progressiivne aspekt \u00fchendab nii t\u00e4iusliku kui ka progressiivse aspekti elemente, osutades k\u00e4imasolevatele, kuid n\u00fc\u00fcd l\u00f5pule viidud tegevustele. Selle aspekti omandamine aitab teil edastada keerukamaid ideid ja olukordi.<\/p>\n\n\n\n<h3 class=\"wp-block-heading\" id=\"h-5-verbs\">5. Tegus\u00f5nad:<\/h3>\n\n\n\n<p>Tegus\u00f5nad on \u00fcliolulised lausete konstrueerimisel ja maoori keele tegevuste v\u00f5i olekute v\u00e4ljendamisel. Verbi konjugatsiooni, tavaliste tegus\u00f5nade ja nende kasutamise tundma\u00f5ppimine on t\u00f5husa suhtluse jaoks h\u00e4davajalik.<\/p>\n\n\n\n<h3 class=\"wp-block-heading\" id=\"h-6-nouns\">6. Nimis\u00f5nad:<\/h3>\n\n\n\n<p>Nimis\u00f5nad on mis tahes keele alus, mis esindab inimesi, kohti, asju v\u00f5i ideid. Maoori nimis\u00f5nade \u00f5ppimine aitab teil oma s\u00f5navara \u00fcles ehitada ja parandada keele \u00fcldist m\u00f5istmist.<\/p>\n\n\n\n<h3 class=\"wp-block-heading\" id=\"h-7-articles\">7. Artiklid:<\/h3>\n\n\n\n<p>Maoorid kasutavad artikleid nimis\u00f5na kindluse v\u00f5i m\u00e4\u00e4ramatuse t\u00e4psustamiseks. Artiklite kasutamise m\u00f5istmine aitab teil lauseid selgelt ja t\u00e4pselt koostada.<\/p>\n\n\n\n<h3 class=\"wp-block-heading\" id=\"h-8-pronouns-determiners\">8. Ases\u00f5nad\/m\u00e4\u00e4rajad:<\/h3>\n\n\n\n<p>Ases\u00f5nad ja m\u00e4\u00e4rajad m\u00e4ngivad maoori grammatikas olulist rolli, aidates nimis\u00f5na tuvastada v\u00f5i t\u00e4psustada. Tutvuge erinevate ases\u00f5nade ja m\u00e4\u00e4rajatega, et parandada oma keeleoskust.<\/p>\n\n\n\n<h3 class=\"wp-block-heading\" id=\"h-9-adjectives\">9. Omaduss\u00f5nad:<\/h3>\n\n\n\n<p>Omaduss\u00f5nad annavad nimis\u00f5nadele kirjeldusi, omadusi v\u00f5i atribuute. Maoori omaduss\u00f5nade \u00f5ppimine v\u00f5imaldab teil v\u00e4ljendada \u00fcksikasjalikumaid ja n\u00fcansirikkamaid ideid.<\/p>\n\n\n\n<h3 class=\"wp-block-heading\" id=\"h-10-adverbs\">10. M\u00e4\u00e4rs\u00f5nad:<\/h3>\n\n\n\n<p>Adverbid muudavad tegus\u00f5nu, omaduss\u00f5nu v\u00f5i muid m\u00e4\u00e4rs\u00f5nu, <a href=\"https:\/\/talkpal.ai\/locations\/language-courses-in-andes\/\">andes<\/a> lisateavet toimingute v\u00f5i omaduste kohta. Maoori adverbide valdamine aitab teil t\u00e4hendust t\u00f5husamalt edasi anda ja lisada oma lausetele mitmekesisust.<\/p>\n\n\n\n<h3 class=\"wp-block-heading\" id=\"h-11-conditionals\">11. Tingimused:<\/h3>\n\n\n\n<p>Tingimusi kasutatakse maooride h\u00fcpoteetiliste olukordade v\u00f5i tagaj\u00e4rgede v\u00e4ljendamiseks. Tingimuslike vormide m\u00f5istmine aitab teil edastada keerulisi ideid ja v\u00f5imalusi.<\/p>\n\n\n\n<h3 class=\"wp-block-heading\" id=\"h-12-prepositions\">12. Eess\u00f5nad:<\/h3>\n\n\n\n<p>Eess\u00f5nad on olulised s\u00f5nade vaheliste seoste, n\u00e4iteks asukoha, suuna v\u00f5i aja t\u00e4histamiseks. Maoori eess\u00f5nade \u00f5ppimine aitab teil koostada keerukamaid ja sisukamaid lauseid.<\/p>\n\n\n\n<h3 class=\"wp-block-heading\" id=\"h-13-sentences\">13. Laused:<\/h3>\n\n\n\n<p>L\u00f5puks on lauseehituse ja s\u00f5nade j\u00e4rjekorra m\u00f5istmine maooride t\u00f5husa suhtluse jaoks \u00fclioluline. Tutvuge erinevate lausemustritega ja harjutage lausete koostamist, kasutades selles juhendis k\u00e4sitletud grammatikateemasid.<\/p>\n<\/div><\/div>\n\r\n<section class=\"learnNavigationSection\">\r\n            \r\n        <a href=\"https:\/\/talkpal.ai\/et\/opi-maori\/\">\r\n            <div class=\"learnNavigationWrapper\">\r\n                <div class=\"learnNavigationContent\">\r\n                    <img decoding=\"async\" src=\"https:\/\/talkpal.ai\/wp-content\/uploads\/2024\/08\/Maori.jpg\" alt=\"New Zealand Flag\">\r\n                    <div>\r\n                        <h4>Maori keele grammatika \u00f5ppet\u00f6\u00f6<\/h4>\r\n                        <p>Uuri k\u00f5ike maoori keele grammatika kohta.<\/p>\r\n                    <\/div>\r\n                <\/div>\r\n            <\/div>\r\n        <\/a>\r\n\r\n        \r\n        <a href=\"https:\/\/talkpal.ai\/et\/maoori-grammatika\/\">\r\n            <div class=\"learnNavigationWrapper\">\r\n                <div class=\"learnNavigationContent\">\r\n                    <img decoding=\"async\" src=\"https:\/\/talkpal.ai\/wp-content\/uploads\/2024\/08\/Maori.jpg\" alt=\"New Zealand Flag\">\r\n                    <div>\r\n                        <h4>Maori keele grammatika \u00f5ppet\u00f6\u00f6<\/h4>\r\n                        <p>Harjutage maoori keele grammatikat.<\/p>\r\n                    <\/div>\r\n                <\/div>\r\n            <\/div>\r\n        <\/a>\r\n\r\n        \r\n        <a href=\"https:\/\/talkpal.ai\/vocabulary_language\/maori\/\">\r\n            <div class=\"learnNavigationWrapper\">\r\n                <div class=\"learnNavigationContent\">\r\n                    <img decoding=\"async\" src=\"https:\/\/talkpal.ai\/wp-content\/uploads\/2024\/08\/Maori.jpg\" alt=\"New Zealand Flag\">\r\n                    <div>\r\n                        <h4>Maoori s\u00f5navara<\/h4>\r\n                        <p>Laiendage oma maoori s\u00f5navara.<\/p>\r\n                    <\/div>\r\n                <\/div>\r\n            <\/div>\r\n        <\/a>\r\n\r\n            <\/section>","protected":false},"excerpt":{"rendered":"<p>Maoori grammatika teemad Maoori keel, tuntud kui te reo M\u0101ori, on Uus-Meremaalt p\u00e4rit Ida-Pol\u00fcneesia keel. Riigi ametliku keelena kannab see rikkalikku kultuurip\u00e4randit ja ainulaadseid keelelisi omadusi. Maoori grammatika \u00f5ppimine on keele m\u00f5istmiseks ja t\u00f5husaks suhtlemiseks h\u00e4davajalik. See juhend annab \u00fclevaate olulistest maoori grammatika teemadest, mis on korraldatud j\u00e4rjestuses, mis on loodud teie \u00f5ppeprotsessi h\u00f5lbustamiseks. Alates [&hellip;]<\/p>\n","protected":false},"author":6,"featured_media":116789,"parent":0,"menu_order":0,"comment_status":"closed","ping_status":"closed","template":"LearningContentPage.php","meta":{"_acf_changed":false,"footnotes":""},"class_list":["post-158952","page","type-page","status-publish","has-post-thumbnail","hentry"],"acf":[],"yoast_head":"<!-- This site is optimized with the Yoast SEO Premium plugin v27.2 (Yoast SEO v27.2) - https:\/\/yoast.com\/product\/yoast-seo-premium-wordpress\/ -->\n<title>Maoori grammatika harjutused - Talkpal<\/title>\n<meta name=\"description\" content=\"Parandage oma keeleoskust maoori keele grammatika harjutustega, mis on m\u00f5eldud maoori keele m\u00f5istmise ja sujuva valdamise parandamiseks.\" \/>\n<meta name=\"robots\" content=\"index, follow, max-snippet:-1, max-image-preview:large, max-video-preview:-1\" \/>\n<link rel=\"canonical\" href=\"https:\/\/talkpal.ai\/et\/maoori-grammatika-harjutused\/\" \/>\n<meta property=\"og:locale\" content=\"et_EE\" \/>\n<meta property=\"og:type\" content=\"article\" \/>\n<meta property=\"og:title\" content=\"Maoori grammatika harjutused\" \/>\n<meta property=\"og:description\" content=\"Maoori grammatika teemad Maoori keel, tuntud kui te reo M\u0101ori, on Uus-Meremaalt p\u00e4rit Ida-Pol\u00fcneesia keel. Riigi ametliku keelena kannab see rikkalikku\" \/>\n<meta property=\"og:url\" content=\"https:\/\/talkpal.ai\/et\/maoori-grammatika-harjutused\/\" \/>\n<meta property=\"og:site_name\" content=\"Talkpal\" \/>\n<meta property=\"article:publisher\" content=\"https:\/\/www.facebook.com\/profile.php?id=100090733639311\" \/>\n<meta property=\"article:modified_time\" content=\"2025-12-17T14:40:27+00:00\" \/>\n<meta property=\"og:image\" content=\"https:\/\/talkpal.ai\/wp-content\/uploads\/2023\/05\/Maori-new-zealand.png\" \/>\n\t<meta property=\"og:image:width\" content=\"512\" \/>\n\t<meta property=\"og:image:height\" content=\"512\" \/>\n\t<meta property=\"og:image:type\" content=\"image\/png\" \/>\n<meta name=\"twitter:card\" content=\"summary_large_image\" \/>\n<meta name=\"twitter:site\" content=\"@talkpalai\" \/>\n<meta name=\"twitter:label1\" content=\"Est. reading time\" \/>\n\t<meta name=\"twitter:data1\" content=\"3 minutit\" \/>\n<script type=\"application\/ld+json\" class=\"yoast-schema-graph\">{\"@context\":\"https:\/\/schema.org\",\"@graph\":[{\"@type\":\"WebPage\",\"@id\":\"https:\/\/talkpal.ai\/et\/maoori-grammatika-harjutused\/\",\"url\":\"https:\/\/talkpal.ai\/et\/maoori-grammatika-harjutused\/\",\"name\":\"Maoori grammatika harjutused - Talkpal\",\"isPartOf\":{\"@id\":\"https:\/\/talkpal.ai\/et\/#website\"},\"primaryImageOfPage\":{\"@id\":\"https:\/\/talkpal.ai\/et\/maoori-grammatika-harjutused\/#primaryimage\"},\"image\":{\"@id\":\"https:\/\/talkpal.ai\/et\/maoori-grammatika-harjutused\/#primaryimage\"},\"thumbnailUrl\":\"https:\/\/talkpal.ai\/wp-content\/uploads\/2023\/05\/Maori-new-zealand.png\",\"datePublished\":\"2023-06-22T08:43:13+00:00\",\"dateModified\":\"2025-12-17T14:40:27+00:00\",\"description\":\"Parandage oma keeleoskust maoori keele grammatika harjutustega, mis on m\u00f5eldud maoori keele m\u00f5istmise ja sujuva valdamise parandamiseks.\",\"breadcrumb\":{\"@id\":\"https:\/\/talkpal.ai\/et\/maoori-grammatika-harjutused\/#breadcrumb\"},\"inLanguage\":\"et\",\"potentialAction\":[{\"@type\":\"ReadAction\",\"target\":[\"https:\/\/talkpal.ai\/et\/maoori-grammatika-harjutused\/\"]}]},{\"@type\":\"ImageObject\",\"inLanguage\":\"et\",\"@id\":\"https:\/\/talkpal.ai\/et\/maoori-grammatika-harjutused\/#primaryimage\",\"url\":\"https:\/\/talkpal.ai\/wp-content\/uploads\/2023\/05\/Maori-new-zealand.png\",\"contentUrl\":\"https:\/\/talkpal.ai\/wp-content\/uploads\/2023\/05\/Maori-new-zealand.png\",\"width\":512,\"height\":512},{\"@type\":\"BreadcrumbList\",\"@id\":\"https:\/\/talkpal.ai\/et\/maoori-grammatika-harjutused\/#breadcrumb\",\"itemListElement\":[{\"@type\":\"ListItem\",\"position\":1,\"name\":\"Homepage\",\"item\":\"https:\/\/talkpal.ai\/et\/\"},{\"@type\":\"ListItem\",\"position\":2,\"name\":\"Maoori grammatika harjutused\"}]},{\"@type\":\"WebSite\",\"@id\":\"https:\/\/talkpal.ai\/et\/#website\",\"url\":\"https:\/\/talkpal.ai\/et\/\",\"name\":\"Talkpal\",\"description\":\"AI Language Learning\",\"publisher\":{\"@id\":\"https:\/\/talkpal.ai\/et\/#organization\"},\"alternateName\":\"Talkpal AI\",\"potentialAction\":[{\"@type\":\"SearchAction\",\"target\":{\"@type\":\"EntryPoint\",\"urlTemplate\":\"https:\/\/talkpal.ai\/et\/?s={search_term_string}\"},\"query-input\":{\"@type\":\"PropertyValueSpecification\",\"valueRequired\":true,\"valueName\":\"search_term_string\"}}],\"inLanguage\":\"et\"},{\"@type\":\"Organization\",\"@id\":\"https:\/\/talkpal.ai\/et\/#organization\",\"name\":\"Talkpal, Inc.\",\"alternateName\":\"Talkpal AI\",\"url\":\"https:\/\/talkpal.ai\/et\/\",\"logo\":{\"@type\":\"ImageObject\",\"inLanguage\":\"et\",\"@id\":\"https:\/\/talkpal.ai\/et\/#\/schema\/logo\/image\/\",\"url\":\"https:\/\/talkpal.ai\/wp-content\/uploads\/2024\/03\/Talkpal-Logo-Icon.png\",\"contentUrl\":\"https:\/\/talkpal.ai\/wp-content\/uploads\/2024\/03\/Talkpal-Logo-Icon.png\",\"width\":2880,\"height\":2880,\"caption\":\"Talkpal, Inc.\"},\"image\":{\"@id\":\"https:\/\/talkpal.ai\/et\/#\/schema\/logo\/image\/\"},\"sameAs\":[\"https:\/\/www.facebook.com\/profile.php?id=100090733639311\",\"https:\/\/x.com\/talkpalai\",\"https:\/\/www.linkedin.com\/company\/talkpal\/\",\"https:\/\/www.youtube.com\/@TalkPal\/\",\"https:\/\/www.tiktok.com\/@talkpal\",\"https:\/\/www.instagram.com\/talkpal_ai\/\",\"https:\/\/www.crunchbase.com\/organization\/talkpal-9cde\",\"https:\/\/www.g2.com\/products\/talkpal-for-business\/\",\"https:\/\/www.trustpilot.com\/review\/talkpal.ai\",\"https:\/\/www.capterra.com\/p\/10006800\/TalkPal\/\"],\"description\":\"Talkpal is a language learning web and mobile education app, powered by the latest AI technologies, that provides engaging experiences to its customers in many different languages to help them improve their language skills. Users can chat about unlimited amount of topics with the app and use other modes to practice their language learning.\",\"email\":\"support@talkpal.ai\",\"legalName\":\"Talkpal, Inc.\",\"foundingDate\":\"2023-04-03\",\"duns\":\"118989042\",\"numberOfEmployees\":{\"@type\":\"QuantitativeValue\",\"minValue\":\"11\",\"maxValue\":\"50\"},\"publishingPrinciples\":\"https:\/\/talkpal.ai\/publishing-principles\/\",\"actionableFeedbackPolicy\":\"https:\/\/talkpal.ai\/actionable-feedback-policy\/\",\"correctionsPolicy\":\"https:\/\/talkpal.ai\/corrections-policy\/\",\"ethicsPolicy\":\"https:\/\/talkpal.ai\/ethics-policy\/\",\"diversityPolicy\":\"https:\/\/talkpal.ai\/diversity-policy\/\",\"diversityStaffingReport\":\"https:\/\/talkpal.ai\/diversity-policy\/\"}]}<\/script>\n<!-- \/ Yoast SEO Premium plugin. -->","yoast_head_json":{"title":"Maoori grammatika harjutused - Talkpal","description":"Parandage oma keeleoskust maoori keele grammatika harjutustega, mis on m\u00f5eldud maoori keele m\u00f5istmise ja sujuva valdamise parandamiseks.","robots":{"index":"index","follow":"follow","max-snippet":"max-snippet:-1","max-image-preview":"max-image-preview:large","max-video-preview":"max-video-preview:-1"},"canonical":"https:\/\/talkpal.ai\/et\/maoori-grammatika-harjutused\/","og_locale":"et_EE","og_type":"article","og_title":"Maoori grammatika harjutused","og_description":"Maoori grammatika teemad Maoori keel, tuntud kui te reo M\u0101ori, on Uus-Meremaalt p\u00e4rit Ida-Pol\u00fcneesia keel. Riigi ametliku keelena kannab see rikkalikku","og_url":"https:\/\/talkpal.ai\/et\/maoori-grammatika-harjutused\/","og_site_name":"Talkpal","article_publisher":"https:\/\/www.facebook.com\/profile.php?id=100090733639311","article_modified_time":"2025-12-17T14:40:27+00:00","og_image":[{"width":512,"height":512,"url":"https:\/\/talkpal.ai\/wp-content\/uploads\/2023\/05\/Maori-new-zealand.png","type":"image\/png"}],"twitter_card":"summary_large_image","twitter_site":"@talkpalai","twitter_misc":{"Est. reading time":"3 minutit"},"schema":{"@context":"https:\/\/schema.org","@graph":[{"@type":"WebPage","@id":"https:\/\/talkpal.ai\/et\/maoori-grammatika-harjutused\/","url":"https:\/\/talkpal.ai\/et\/maoori-grammatika-harjutused\/","name":"Maoori grammatika harjutused - Talkpal","isPartOf":{"@id":"https:\/\/talkpal.ai\/et\/#website"},"primaryImageOfPage":{"@id":"https:\/\/talkpal.ai\/et\/maoori-grammatika-harjutused\/#primaryimage"},"image":{"@id":"https:\/\/talkpal.ai\/et\/maoori-grammatika-harjutused\/#primaryimage"},"thumbnailUrl":"https:\/\/talkpal.ai\/wp-content\/uploads\/2023\/05\/Maori-new-zealand.png","datePublished":"2023-06-22T08:43:13+00:00","dateModified":"2025-12-17T14:40:27+00:00","description":"Parandage oma keeleoskust maoori keele grammatika harjutustega, mis on m\u00f5eldud maoori keele m\u00f5istmise ja sujuva valdamise parandamiseks.","breadcrumb":{"@id":"https:\/\/talkpal.ai\/et\/maoori-grammatika-harjutused\/#breadcrumb"},"inLanguage":"et","potentialAction":[{"@type":"ReadAction","target":["https:\/\/talkpal.ai\/et\/maoori-grammatika-harjutused\/"]}]},{"@type":"ImageObject","inLanguage":"et","@id":"https:\/\/talkpal.ai\/et\/maoori-grammatika-harjutused\/#primaryimage","url":"https:\/\/talkpal.ai\/wp-content\/uploads\/2023\/05\/Maori-new-zealand.png","contentUrl":"https:\/\/talkpal.ai\/wp-content\/uploads\/2023\/05\/Maori-new-zealand.png","width":512,"height":512},{"@type":"BreadcrumbList","@id":"https:\/\/talkpal.ai\/et\/maoori-grammatika-harjutused\/#breadcrumb","itemListElement":[{"@type":"ListItem","position":1,"name":"Homepage","item":"https:\/\/talkpal.ai\/et\/"},{"@type":"ListItem","position":2,"name":"Maoori grammatika harjutused"}]},{"@type":"WebSite","@id":"https:\/\/talkpal.ai\/et\/#website","url":"https:\/\/talkpal.ai\/et\/","name":"Talkpal","description":"AI Language Learning","publisher":{"@id":"https:\/\/talkpal.ai\/et\/#organization"},"alternateName":"Talkpal AI","potentialAction":[{"@type":"SearchAction","target":{"@type":"EntryPoint","urlTemplate":"https:\/\/talkpal.ai\/et\/?s={search_term_string}"},"query-input":{"@type":"PropertyValueSpecification","valueRequired":true,"valueName":"search_term_string"}}],"inLanguage":"et"},{"@type":"Organization","@id":"https:\/\/talkpal.ai\/et\/#organization","name":"Talkpal, Inc.","alternateName":"Talkpal AI","url":"https:\/\/talkpal.ai\/et\/","logo":{"@type":"ImageObject","inLanguage":"et","@id":"https:\/\/talkpal.ai\/et\/#\/schema\/logo\/image\/","url":"https:\/\/talkpal.ai\/wp-content\/uploads\/2024\/03\/Talkpal-Logo-Icon.png","contentUrl":"https:\/\/talkpal.ai\/wp-content\/uploads\/2024\/03\/Talkpal-Logo-Icon.png","width":2880,"height":2880,"caption":"Talkpal, Inc."},"image":{"@id":"https:\/\/talkpal.ai\/et\/#\/schema\/logo\/image\/"},"sameAs":["https:\/\/www.facebook.com\/profile.php?id=100090733639311","https:\/\/x.com\/talkpalai","https:\/\/www.linkedin.com\/company\/talkpal\/","https:\/\/www.youtube.com\/@TalkPal\/","https:\/\/www.tiktok.com\/@talkpal","https:\/\/www.instagram.com\/talkpal_ai\/","https:\/\/www.crunchbase.com\/organization\/talkpal-9cde","https:\/\/www.g2.com\/products\/talkpal-for-business\/","https:\/\/www.trustpilot.com\/review\/talkpal.ai","https:\/\/www.capterra.com\/p\/10006800\/TalkPal\/"],"description":"Talkpal is a language learning web and mobile education app, powered by the latest AI technologies, that provides engaging experiences to its customers in many different languages to help them improve their language skills. Users can chat about unlimited amount of topics with the app and use other modes to practice their language learning.","email":"support@talkpal.ai","legalName":"Talkpal, Inc.","foundingDate":"2023-04-03","duns":"118989042","numberOfEmployees":{"@type":"QuantitativeValue","minValue":"11","maxValue":"50"},"publishingPrinciples":"https:\/\/talkpal.ai\/publishing-principles\/","actionableFeedbackPolicy":"https:\/\/talkpal.ai\/actionable-feedback-policy\/","correctionsPolicy":"https:\/\/talkpal.ai\/corrections-policy\/","ethicsPolicy":"https:\/\/talkpal.ai\/ethics-policy\/","diversityPolicy":"https:\/\/talkpal.ai\/diversity-policy\/","diversityStaffingReport":"https:\/\/talkpal.ai\/diversity-policy\/"}]}},"_links":{"self":[{"href":"https:\/\/talkpal.ai\/et\/wp-json\/wp\/v2\/pages\/158952","targetHints":{"allow":["GET"]}}],"collection":[{"href":"https:\/\/talkpal.ai\/et\/wp-json\/wp\/v2\/pages"}],"about":[{"href":"https:\/\/talkpal.ai\/et\/wp-json\/wp\/v2\/types\/page"}],"author":[{"embeddable":true,"href":"https:\/\/talkpal.ai\/et\/wp-json\/wp\/v2\/users\/6"}],"replies":[{"embeddable":true,"href":"https:\/\/talkpal.ai\/et\/wp-json\/wp\/v2\/comments?post=158952"}],"version-history":[{"count":0,"href":"https:\/\/talkpal.ai\/et\/wp-json\/wp\/v2\/pages\/158952\/revisions"}],"wp:featuredmedia":[{"embeddable":true,"href":"https:\/\/talkpal.ai\/et\/wp-json\/wp\/v2\/media\/116789"}],"wp:attachment":[{"href":"https:\/\/talkpal.ai\/et\/wp-json\/wp\/v2\/media?parent=158952"}],"curies":[{"name":"wp","href":"https:\/\/api.w.org\/{rel}","templated":true}]}}