{"id":158662,"date":"2023-06-22T08:52:21","date_gmt":"2023-06-22T08:52:21","guid":{"rendered":"http:\/\/talkpal.ai\/nepali-grammatika-harjutused\/"},"modified":"2025-12-17T14:36:37","modified_gmt":"2025-12-17T14:36:37","slug":"nepali-grammatika-harjutused","status":"publish","type":"page","link":"https:\/\/talkpal.ai\/et\/nepali-grammatika-harjutused\/","title":{"rendered":"Nepali grammatika harjutused"},"content":{"rendered":"\r\n\r\n\r\n<section class=\"languageChallengeSection\">\r\n    <div class=\"languageInfoWrapper\">\r\n        \r\n        <h1>Nepali grammatika harjutused<\/h1>\r\n        <p>Soovite saada enesekindlamalt <a href=\"https:\/\/talkpal.ai\/learn-nepali\/\">nepali<\/a> keelt? Grammatikaharjutuste tegemine on suurep\u00e4rane v\u00f5imalus m\u00f5ista lauseehitust, verbimoodustusi ja keele ainulaadseid mustreid. Alustage nepali keele <a href=\"https:\/\/talkpal.ai\/greek-grammar\/\">grammatika<\/a> \u00f5ppimist juba t\u00e4na ja vaadake, kuidas teie oskused ja keeleoskus kasvavad <a href=\"https:\/\/talkpal.ai\/locations\/language-courses-in-iga\/\">iga<\/a> harjutusega!<\/p>\r\n\r\n                            <a class=\"getStartedHidden\" href=\"https:\/\/app.talkpal.ai\/et\/signup?lng=\">Alusta<\/a>\r\n        \r\n    <\/div>\r\n\r\n    <figure>\r\n    <img decoding=\"async\" width=\"768\" height=\"768\" src=\"https:\/\/talkpal.ai\/wp-content\/uploads\/2023\/06\/nepali-768x768.png\" class=\"languageImage no-lazy\" alt=\"Practical language learning for real-life application\" fetchpriority=\"high\" sizes=\"(max-width: 768px) 150px, 768px\" srcset=\"https:\/\/talkpal.ai\/wp-content\/uploads\/2023\/06\/nepali-768x768.png 768w, https:\/\/talkpal.ai\/wp-content\/uploads\/2023\/06\/nepali-300x300.png 300w\" \/>\r\n    \r\n\r\n    <\/figure>\r\n\r\n            <a class=\"getStartedVisible\" href=\"https:\/\/app.talkpal.ai\/et\/signup?lng=\">Alusta<\/a>\r\n    \r\n<\/section>\r\n\r\n\r\n<!-- <section class=\"grammarSection\">\r\n    <div class=\"grammarLinks\">\r\n            <\/div>\r\n<\/section> -->\r\n\r\n\r\n\r\n\r\n<section class=\"promotionalBanner\">\r\n    <p class=\"promotionalText\">K\u00f5ige t\u00f5husam viis keele \u00f5ppimiseks<\/p>\r\n    <a class=\"promotionalLink\" href=\"https:\/\/app.talkpal.ai\/et\/signup?lng=\">Proovige Talkpal tasuta<\/a>\r\n<\/section>\n<div class=\"wp-block-group pageContainerStyle\"><div class=\"wp-block-group__inner-container is-layout-constrained wp-block-group-is-layout-constrained\">\n<h2 class=\"wp-block-heading\" id=\"h-nepali-grammar-topics\">Nepaali Grammatika teemad<\/h2>\n\n\n\n<p>Nepali keele <a href=\"https:\/\/talkpal.ai\/et\/oppimine\/\">\u00f5ppimine<\/a> v\u00f5ib olla p\u00f5nev ja rahuldust pakkuv kogemus k\u00f5igile, kes on huvitatud sukeldumisest Nepali rikkalikku kultuuri ja ajalukku. Nagu iga keele puhul, on <a href=\"https:\/\/talkpal.ai\/nepali-grammar\/\">Nepali grammatika<\/a> valdamine t\u00f5husa suhtluse jaoks \u00fclioluline. See artikkel juhatab teid l\u00e4bi Nepali <a href=\"https:\/\/talkpal.ai\/greek-grammar\/\">grammatika<\/a> teemade, mis on koondatud j\u00e4rjestusse, mis h\u00f5lbustab teie keele\u00f5ppe teekonda. Alates ajastustest kuni lausestruktuurideni annab see juhend teile \u00fclevaate olulistest grammatikam\u00f5istetest, mis panevad tugeva aluse teie Nepali keeleoskusele.<\/p>\n\n\n\n<h3 class=\"wp-block-heading\" id=\"h-1-tenses\">1. Ajavormid:<\/h3>\n\n\n\n<p>Ajastuste m\u00f5istmine on mis tahes keele \u00f5ppimisel h\u00e4davajalik, kuna need aitavad edasi anda tegevuse v\u00f5i s\u00fcndmuse aega. Nepalis on kolm peamist ajastust: minevik, olevik ja tulevik. Igal pingel on oma verbi konjugatsioonireeglite kogum, mida peaksite tutvuma, et t\u00e4pselt kirjeldada tegevusi erinevates ajakavades.<\/p>\n\n\n\n<h3 class=\"wp-block-heading\" id=\"h-2-tense-comparison\">2. Pingeline v\u00f5rdlus:<\/h3>\n\n\n\n<p>Nepali aegade v\u00f5rdlemine on keele valdamisel \u00fclioluline aspekt. See h\u00f5lmab m\u00f5istmist, kuidas erinevad ajad on omavahel seotud ja kuidas neid koos kasutada selge suhtluse jaoks. See aitab teil v\u00e4ltida segadust, kui arutate minevikus, olevikus v\u00f5i tulevikus toimuvaid s\u00fcndmusi.<\/p>\n\n\n\n<h3 class=\"wp-block-heading\" id=\"h-3-progressive\">3. Progressiivne:<\/h3>\n\n\n\n<p>Nepali grammatika progressiivne aspekt n\u00e4itab k\u00e4imasolevaid tegevusi. Tegus\u00f5nade progressiivse vormi \u00f5ppimine on oluline, et v\u00e4ljendada tegevusi, mis praegu toimuvad v\u00f5i toimusid konkreetsel ajahetkel. See aitab teil Nepalis luua d\u00fcnaamilisemaid ja kaasahaaravamaid vestlusi.<\/p>\n\n\n\n<h3 class=\"wp-block-heading\" id=\"h-4-perfect-progressive\">4. T\u00e4iuslik progressiivne:<\/h3>\n\n\n\n<p>See pinge \u00fchendab t\u00e4iuslike ja progressiivsete aegade m\u00f5isted. T\u00e4iuslikku progressiivset pinget kasutatakse selleks, et kirjeldada tegevust, mis algas minevikus ja j\u00e4tkus kuni teise punktini minevikus. Selle pinge omandamine v\u00f5imaldab teil anda \u00fcksikasjalikku teavet varasemate toimingute ja nende kestuse kohta.<\/p>\n\n\n\n<h3 class=\"wp-block-heading\" id=\"h-5-verbs\">5. Tegus\u00f5nad:<\/h3>\n\n\n\n<p>Verbid on iga keele selgroog ja Nepali ei ole erand. Nepali t\u00f5husaks r\u00e4\u00e4kimiseks ja m\u00f5istmiseks on oluline \u00f5ppida tegus\u00f5nade erinevaid vorme, nende konjugatsioone ja nende toimimist lausetes.<\/p>\n\n\n\n<h3 class=\"wp-block-heading\" id=\"h-6-nouns\">6. Nimis\u00f5nad:<\/h3>\n\n\n\n<p>Nepali nimis\u00f5nade tugev m\u00f5istmine on vajalik kindla s\u00f5navara loomiseks. Tavaliste ja \u00f5igete nimis\u00f5nade, samuti loendatavate ja loendamatute nimis\u00f5nade tundma\u00f5ppimine aitab teil neid k\u00f5ne olulisi osi oma vestlustes \u00f5igesti tuvastada ja kasutada.<\/p>\n\n\n\n<h3 class=\"wp-block-heading\" id=\"h-7-articles\">7. Artiklid:<\/h3>\n\n\n\n<p>Nepalis ei ole artiklid nii silmapaistvad kui inglise keeles, kuid siiski on oluline \u00f5ppida nende kasutamist. Artiklite kasutamise omandamine aitab teil vestlustes objekte, inimesi ja m\u00f5isteid t\u00e4pselt tuvastada ja kirjeldada.<\/p>\n\n\n\n<h3 class=\"wp-block-heading\" id=\"h-8-pronouns-determiners\">8. Ases\u00f5nad\/m\u00e4\u00e4rajad:<\/h3>\n\n\n\n<p>Nepali ases\u00f5nade ja m\u00e4\u00e4rajatega tutvumine on selge ja l\u00fchikese suhtluse jaoks \u00fclioluline. Need k\u00f5ne osad aitavad asendada v\u00f5i t\u00e4psustada nimis\u00f5nu lausetes, muutes teie vestlused t\u00f5husamaks ja loomulikumaks.<\/p>\n\n\n\n<h3 class=\"wp-block-heading\" id=\"h-9-adjectives\">9. Omaduss\u00f5nad:<\/h3>\n\n\n\n<p>Omaduss\u00f5nad on h\u00e4davajalikud teie Nepali vestlustele s\u00fcgavuse ja detailide lisamiseks. Omaduss\u00f5nade \u00f5ige kasutamise \u00f5ppimine v\u00f5imaldab teil inimesi, kohti ja asju t\u00e4pselt kirjeldada, muutes teie k\u00f5ne kaasahaaravamaks ja informatiivsemaks.<\/p>\n\n\n\n<h3 class=\"wp-block-heading\" id=\"h-10-adverbs\">10. M\u00e4\u00e4rs\u00f5nad<\/h3>\n\n\n\n<p>: Nepalis m\u00e4ngivad m\u00e4\u00e4rs\u00f5nad olulist rolli tegus\u00f5nade, omaduss\u00f5nade v\u00f5i muude m\u00e4\u00e4rs\u00f5nade muutmisel. M\u00e4\u00e4rs\u00f5nade kasutamise m\u00f5istmine v\u00f5imaldab teil anda lisateavet vestluste toimingute, olekute v\u00f5i omaduste kohta.<\/p>\n\n\n\n<h3 class=\"wp-block-heading\" id=\"h-11-conditionals\">11. Tingimused:<\/h3>\n\n\n\n<p>Nepali tingimuste omandamine v\u00f5imaldab teil v\u00e4ljendada h\u00fcpoteetilisi olukordi ja nende tagaj\u00e4rgi. See on oluline keeruliste, n\u00fcansirikaste arutelude loomiseks keeles.<\/p>\n\n\n\n<h3 class=\"wp-block-heading\" id=\"h-12-prepositions\">12. Eess\u00f5nad:<\/h3>\n\n\n\n<p>Eess\u00f5nad on olulised s\u00f5nade vaheliste seoste n\u00e4itamiseks lauses. Eess\u00f5nade \u00f5ige kasutamise \u00f5ppimine aitab teil Nepalis luua selgeid ja sidusaid lauseid.<\/p>\n\n\n\n<h3 class=\"wp-block-heading\" id=\"h-13-sentences\">13. Laused:<\/h3>\n\n\n\n<p>L\u00f5puks on Nepali lausete struktuuri ja t\u00fc\u00fcpide m\u00f5istmine t\u00f5husa suhtluse jaoks \u00fclioluline. Tutvuge lihtsate, liit- ja keerukate lausetega ning \u00f5ppige, kuidas neid \u00f5igesti konstrueerida, et oma m\u00f5tteid ja ideid keeles edasi anda.<\/p>\n<\/div><\/div>\n\r\n<section class=\"learnNavigationSection\">\r\n            \r\n        <a href=\"https:\/\/talkpal.ai\/et\/opi-nepali\/\">\r\n            <div class=\"learnNavigationWrapper\">\r\n                <div class=\"learnNavigationContent\">\r\n                    <img decoding=\"async\" src=\"https:\/\/talkpal.ai\/wp-content\/uploads\/2024\/08\/Nepali.jpg\" alt=\"Nepali Flag\">\r\n                    <div>\r\n                        <h4>Nepali keele \u00f5ppimise kohta<\/h4>\r\n                        <p>Uuri k\u00f5ike Nepali grammatika kohta.<\/p>\r\n                    <\/div>\r\n                <\/div>\r\n            <\/div>\r\n        <\/a>\r\n\r\n        \r\n        <a href=\"https:\/\/talkpal.ai\/et\/nepali-grammatika\/\">\r\n            <div class=\"learnNavigationWrapper\">\r\n                <div class=\"learnNavigationContent\">\r\n                    <img decoding=\"async\" src=\"https:\/\/talkpal.ai\/wp-content\/uploads\/2024\/08\/Nepali.jpg\" alt=\"Nepali Flag\">\r\n                    <div>\r\n                        <h4>Nepali grammatikatunnid<\/h4>\r\n                        <p>Harjuta nepali keele grammatikat.<\/p>\r\n                    <\/div>\r\n                <\/div>\r\n            <\/div>\r\n        <\/a>\r\n\r\n        \r\n        <a href=\"https:\/\/talkpal.ai\/vocabulary_language\/nepali\/\">\r\n            <div class=\"learnNavigationWrapper\">\r\n                <div class=\"learnNavigationContent\">\r\n                    <img decoding=\"async\" src=\"https:\/\/talkpal.ai\/wp-content\/uploads\/2024\/08\/Nepali.jpg\" alt=\"Nepali Flag\">\r\n                    <div>\r\n                        <h4>Nepali keele s\u00f5navara<\/h4>\r\n                        <p>Laiendage oma nepali keele s\u00f5navara.<\/p>\r\n                    <\/div>\r\n                <\/div>\r\n            <\/div>\r\n        <\/a>\r\n\r\n            <\/section>","protected":false},"excerpt":{"rendered":"<p>Nepaali Grammatika teemad Nepali keele \u00f5ppimine v\u00f5ib olla p\u00f5nev ja rahuldust pakkuv kogemus k\u00f5igile, kes on huvitatud sukeldumisest Nepali rikkalikku kultuuri ja ajalukku. Nagu iga keele puhul, on Nepali grammatika valdamine t\u00f5husa suhtluse jaoks \u00fclioluline. See artikkel juhatab teid l\u00e4bi Nepali grammatika teemade, mis on koondatud j\u00e4rjestusse, mis h\u00f5lbustab teie keele\u00f5ppe teekonda. Alates ajastustest kuni [&hellip;]<\/p>\n","protected":false},"author":6,"featured_media":116217,"parent":0,"menu_order":0,"comment_status":"closed","ping_status":"closed","template":"LearningContentPage.php","meta":{"_acf_changed":false,"footnotes":""},"class_list":["post-158662","page","type-page","status-publish","has-post-thumbnail","hentry"],"acf":[],"yoast_head":"<!-- This site is optimized with the Yoast SEO Premium plugin v27.2 (Yoast SEO v27.2) - https:\/\/yoast.com\/product\/yoast-seo-premium-wordpress\/ -->\n<title>Nepali grammatika harjutused - Talkpal<\/title>\n<meta name=\"description\" content=\"Nepali keele grammatika harjutused t\u00f5husaks suhtlemiseks. Uurige ajavormide ja lausekonstruktsioonide kasutamist keeleoskuseks.\" \/>\n<meta name=\"robots\" content=\"index, follow, max-snippet:-1, max-image-preview:large, max-video-preview:-1\" \/>\n<link rel=\"canonical\" href=\"https:\/\/talkpal.ai\/et\/nepali-grammatika-harjutused\/\" \/>\n<meta property=\"og:locale\" content=\"et_EE\" \/>\n<meta property=\"og:type\" content=\"article\" \/>\n<meta property=\"og:title\" content=\"Nepali grammatika harjutused\" \/>\n<meta property=\"og:description\" content=\"Nepaali Grammatika teemad Nepali keele \u00f5ppimine v\u00f5ib olla p\u00f5nev ja rahuldust pakkuv kogemus k\u00f5igile, kes on huvitatud sukeldumisest Nepali rikkalikku\" \/>\n<meta property=\"og:url\" content=\"https:\/\/talkpal.ai\/et\/nepali-grammatika-harjutused\/\" \/>\n<meta property=\"og:site_name\" content=\"Talkpal\" \/>\n<meta property=\"article:publisher\" content=\"https:\/\/www.facebook.com\/profile.php?id=100090733639311\" \/>\n<meta property=\"article:modified_time\" content=\"2025-12-17T14:36:37+00:00\" \/>\n<meta property=\"og:image\" content=\"https:\/\/talkpal.ai\/wp-content\/uploads\/2023\/05\/nepal.png\" \/>\n\t<meta property=\"og:image:width\" content=\"512\" \/>\n\t<meta property=\"og:image:height\" content=\"512\" \/>\n\t<meta property=\"og:image:type\" content=\"image\/png\" \/>\n<meta name=\"twitter:card\" content=\"summary_large_image\" \/>\n<meta name=\"twitter:site\" content=\"@talkpalai\" \/>\n<meta name=\"twitter:label1\" content=\"Est. reading time\" \/>\n\t<meta name=\"twitter:data1\" content=\"3 minutit\" \/>\n<script type=\"application\/ld+json\" class=\"yoast-schema-graph\">{\"@context\":\"https:\/\/schema.org\",\"@graph\":[{\"@type\":\"WebPage\",\"@id\":\"https:\/\/talkpal.ai\/et\/nepali-grammatika-harjutused\/\",\"url\":\"https:\/\/talkpal.ai\/et\/nepali-grammatika-harjutused\/\",\"name\":\"Nepali grammatika harjutused - Talkpal\",\"isPartOf\":{\"@id\":\"https:\/\/talkpal.ai\/et\/#website\"},\"primaryImageOfPage\":{\"@id\":\"https:\/\/talkpal.ai\/et\/nepali-grammatika-harjutused\/#primaryimage\"},\"image\":{\"@id\":\"https:\/\/talkpal.ai\/et\/nepali-grammatika-harjutused\/#primaryimage\"},\"thumbnailUrl\":\"https:\/\/talkpal.ai\/wp-content\/uploads\/2023\/05\/nepal.png\",\"datePublished\":\"2023-06-22T08:52:21+00:00\",\"dateModified\":\"2025-12-17T14:36:37+00:00\",\"description\":\"Nepali keele grammatika harjutused t\u00f5husaks suhtlemiseks. Uurige ajavormide ja lausekonstruktsioonide kasutamist keeleoskuseks.\",\"breadcrumb\":{\"@id\":\"https:\/\/talkpal.ai\/et\/nepali-grammatika-harjutused\/#breadcrumb\"},\"inLanguage\":\"et\",\"potentialAction\":[{\"@type\":\"ReadAction\",\"target\":[\"https:\/\/talkpal.ai\/et\/nepali-grammatika-harjutused\/\"]}]},{\"@type\":\"ImageObject\",\"inLanguage\":\"et\",\"@id\":\"https:\/\/talkpal.ai\/et\/nepali-grammatika-harjutused\/#primaryimage\",\"url\":\"https:\/\/talkpal.ai\/wp-content\/uploads\/2023\/05\/nepal.png\",\"contentUrl\":\"https:\/\/talkpal.ai\/wp-content\/uploads\/2023\/05\/nepal.png\",\"width\":512,\"height\":512},{\"@type\":\"BreadcrumbList\",\"@id\":\"https:\/\/talkpal.ai\/et\/nepali-grammatika-harjutused\/#breadcrumb\",\"itemListElement\":[{\"@type\":\"ListItem\",\"position\":1,\"name\":\"Homepage\",\"item\":\"https:\/\/talkpal.ai\/et\/\"},{\"@type\":\"ListItem\",\"position\":2,\"name\":\"Nepali grammatika harjutused\"}]},{\"@type\":\"WebSite\",\"@id\":\"https:\/\/talkpal.ai\/et\/#website\",\"url\":\"https:\/\/talkpal.ai\/et\/\",\"name\":\"Talkpal\",\"description\":\"AI Language Learning\",\"publisher\":{\"@id\":\"https:\/\/talkpal.ai\/et\/#organization\"},\"alternateName\":\"Talkpal AI\",\"potentialAction\":[{\"@type\":\"SearchAction\",\"target\":{\"@type\":\"EntryPoint\",\"urlTemplate\":\"https:\/\/talkpal.ai\/et\/?s={search_term_string}\"},\"query-input\":{\"@type\":\"PropertyValueSpecification\",\"valueRequired\":true,\"valueName\":\"search_term_string\"}}],\"inLanguage\":\"et\"},{\"@type\":\"Organization\",\"@id\":\"https:\/\/talkpal.ai\/et\/#organization\",\"name\":\"Talkpal, Inc.\",\"alternateName\":\"Talkpal AI\",\"url\":\"https:\/\/talkpal.ai\/et\/\",\"logo\":{\"@type\":\"ImageObject\",\"inLanguage\":\"et\",\"@id\":\"https:\/\/talkpal.ai\/et\/#\/schema\/logo\/image\/\",\"url\":\"https:\/\/talkpal.ai\/wp-content\/uploads\/2024\/03\/Talkpal-Logo-Icon.png\",\"contentUrl\":\"https:\/\/talkpal.ai\/wp-content\/uploads\/2024\/03\/Talkpal-Logo-Icon.png\",\"width\":2880,\"height\":2880,\"caption\":\"Talkpal, Inc.\"},\"image\":{\"@id\":\"https:\/\/talkpal.ai\/et\/#\/schema\/logo\/image\/\"},\"sameAs\":[\"https:\/\/www.facebook.com\/profile.php?id=100090733639311\",\"https:\/\/x.com\/talkpalai\",\"https:\/\/www.linkedin.com\/company\/talkpal\/\",\"https:\/\/www.youtube.com\/@TalkPal\/\",\"https:\/\/www.tiktok.com\/@talkpal\",\"https:\/\/www.instagram.com\/talkpal_ai\/\",\"https:\/\/www.crunchbase.com\/organization\/talkpal-9cde\",\"https:\/\/www.g2.com\/products\/talkpal-for-business\/\",\"https:\/\/www.trustpilot.com\/review\/talkpal.ai\",\"https:\/\/www.capterra.com\/p\/10006800\/TalkPal\/\"],\"description\":\"Talkpal is a language learning web and mobile education app, powered by the latest AI technologies, that provides engaging experiences to its customers in many different languages to help them improve their language skills. Users can chat about unlimited amount of topics with the app and use other modes to practice their language learning.\",\"email\":\"support@talkpal.ai\",\"legalName\":\"Talkpal, Inc.\",\"foundingDate\":\"2023-04-03\",\"duns\":\"118989042\",\"numberOfEmployees\":{\"@type\":\"QuantitativeValue\",\"minValue\":\"11\",\"maxValue\":\"50\"},\"publishingPrinciples\":\"https:\/\/talkpal.ai\/publishing-principles\/\",\"actionableFeedbackPolicy\":\"https:\/\/talkpal.ai\/actionable-feedback-policy\/\",\"correctionsPolicy\":\"https:\/\/talkpal.ai\/corrections-policy\/\",\"ethicsPolicy\":\"https:\/\/talkpal.ai\/ethics-policy\/\",\"diversityPolicy\":\"https:\/\/talkpal.ai\/diversity-policy\/\",\"diversityStaffingReport\":\"https:\/\/talkpal.ai\/diversity-policy\/\"}]}<\/script>\n<!-- \/ Yoast SEO Premium plugin. -->","yoast_head_json":{"title":"Nepali grammatika harjutused - Talkpal","description":"Nepali keele grammatika harjutused t\u00f5husaks suhtlemiseks. Uurige ajavormide ja lausekonstruktsioonide kasutamist keeleoskuseks.","robots":{"index":"index","follow":"follow","max-snippet":"max-snippet:-1","max-image-preview":"max-image-preview:large","max-video-preview":"max-video-preview:-1"},"canonical":"https:\/\/talkpal.ai\/et\/nepali-grammatika-harjutused\/","og_locale":"et_EE","og_type":"article","og_title":"Nepali grammatika harjutused","og_description":"Nepaali Grammatika teemad Nepali keele \u00f5ppimine v\u00f5ib olla p\u00f5nev ja rahuldust pakkuv kogemus k\u00f5igile, kes on huvitatud sukeldumisest Nepali rikkalikku","og_url":"https:\/\/talkpal.ai\/et\/nepali-grammatika-harjutused\/","og_site_name":"Talkpal","article_publisher":"https:\/\/www.facebook.com\/profile.php?id=100090733639311","article_modified_time":"2025-12-17T14:36:37+00:00","og_image":[{"width":512,"height":512,"url":"https:\/\/talkpal.ai\/wp-content\/uploads\/2023\/05\/nepal.png","type":"image\/png"}],"twitter_card":"summary_large_image","twitter_site":"@talkpalai","twitter_misc":{"Est. reading time":"3 minutit"},"schema":{"@context":"https:\/\/schema.org","@graph":[{"@type":"WebPage","@id":"https:\/\/talkpal.ai\/et\/nepali-grammatika-harjutused\/","url":"https:\/\/talkpal.ai\/et\/nepali-grammatika-harjutused\/","name":"Nepali grammatika harjutused - Talkpal","isPartOf":{"@id":"https:\/\/talkpal.ai\/et\/#website"},"primaryImageOfPage":{"@id":"https:\/\/talkpal.ai\/et\/nepali-grammatika-harjutused\/#primaryimage"},"image":{"@id":"https:\/\/talkpal.ai\/et\/nepali-grammatika-harjutused\/#primaryimage"},"thumbnailUrl":"https:\/\/talkpal.ai\/wp-content\/uploads\/2023\/05\/nepal.png","datePublished":"2023-06-22T08:52:21+00:00","dateModified":"2025-12-17T14:36:37+00:00","description":"Nepali keele grammatika harjutused t\u00f5husaks suhtlemiseks. Uurige ajavormide ja lausekonstruktsioonide kasutamist keeleoskuseks.","breadcrumb":{"@id":"https:\/\/talkpal.ai\/et\/nepali-grammatika-harjutused\/#breadcrumb"},"inLanguage":"et","potentialAction":[{"@type":"ReadAction","target":["https:\/\/talkpal.ai\/et\/nepali-grammatika-harjutused\/"]}]},{"@type":"ImageObject","inLanguage":"et","@id":"https:\/\/talkpal.ai\/et\/nepali-grammatika-harjutused\/#primaryimage","url":"https:\/\/talkpal.ai\/wp-content\/uploads\/2023\/05\/nepal.png","contentUrl":"https:\/\/talkpal.ai\/wp-content\/uploads\/2023\/05\/nepal.png","width":512,"height":512},{"@type":"BreadcrumbList","@id":"https:\/\/talkpal.ai\/et\/nepali-grammatika-harjutused\/#breadcrumb","itemListElement":[{"@type":"ListItem","position":1,"name":"Homepage","item":"https:\/\/talkpal.ai\/et\/"},{"@type":"ListItem","position":2,"name":"Nepali grammatika harjutused"}]},{"@type":"WebSite","@id":"https:\/\/talkpal.ai\/et\/#website","url":"https:\/\/talkpal.ai\/et\/","name":"Talkpal","description":"AI Language Learning","publisher":{"@id":"https:\/\/talkpal.ai\/et\/#organization"},"alternateName":"Talkpal AI","potentialAction":[{"@type":"SearchAction","target":{"@type":"EntryPoint","urlTemplate":"https:\/\/talkpal.ai\/et\/?s={search_term_string}"},"query-input":{"@type":"PropertyValueSpecification","valueRequired":true,"valueName":"search_term_string"}}],"inLanguage":"et"},{"@type":"Organization","@id":"https:\/\/talkpal.ai\/et\/#organization","name":"Talkpal, Inc.","alternateName":"Talkpal AI","url":"https:\/\/talkpal.ai\/et\/","logo":{"@type":"ImageObject","inLanguage":"et","@id":"https:\/\/talkpal.ai\/et\/#\/schema\/logo\/image\/","url":"https:\/\/talkpal.ai\/wp-content\/uploads\/2024\/03\/Talkpal-Logo-Icon.png","contentUrl":"https:\/\/talkpal.ai\/wp-content\/uploads\/2024\/03\/Talkpal-Logo-Icon.png","width":2880,"height":2880,"caption":"Talkpal, Inc."},"image":{"@id":"https:\/\/talkpal.ai\/et\/#\/schema\/logo\/image\/"},"sameAs":["https:\/\/www.facebook.com\/profile.php?id=100090733639311","https:\/\/x.com\/talkpalai","https:\/\/www.linkedin.com\/company\/talkpal\/","https:\/\/www.youtube.com\/@TalkPal\/","https:\/\/www.tiktok.com\/@talkpal","https:\/\/www.instagram.com\/talkpal_ai\/","https:\/\/www.crunchbase.com\/organization\/talkpal-9cde","https:\/\/www.g2.com\/products\/talkpal-for-business\/","https:\/\/www.trustpilot.com\/review\/talkpal.ai","https:\/\/www.capterra.com\/p\/10006800\/TalkPal\/"],"description":"Talkpal is a language learning web and mobile education app, powered by the latest AI technologies, that provides engaging experiences to its customers in many different languages to help them improve their language skills. Users can chat about unlimited amount of topics with the app and use other modes to practice their language learning.","email":"support@talkpal.ai","legalName":"Talkpal, Inc.","foundingDate":"2023-04-03","duns":"118989042","numberOfEmployees":{"@type":"QuantitativeValue","minValue":"11","maxValue":"50"},"publishingPrinciples":"https:\/\/talkpal.ai\/publishing-principles\/","actionableFeedbackPolicy":"https:\/\/talkpal.ai\/actionable-feedback-policy\/","correctionsPolicy":"https:\/\/talkpal.ai\/corrections-policy\/","ethicsPolicy":"https:\/\/talkpal.ai\/ethics-policy\/","diversityPolicy":"https:\/\/talkpal.ai\/diversity-policy\/","diversityStaffingReport":"https:\/\/talkpal.ai\/diversity-policy\/"}]}},"_links":{"self":[{"href":"https:\/\/talkpal.ai\/et\/wp-json\/wp\/v2\/pages\/158662","targetHints":{"allow":["GET"]}}],"collection":[{"href":"https:\/\/talkpal.ai\/et\/wp-json\/wp\/v2\/pages"}],"about":[{"href":"https:\/\/talkpal.ai\/et\/wp-json\/wp\/v2\/types\/page"}],"author":[{"embeddable":true,"href":"https:\/\/talkpal.ai\/et\/wp-json\/wp\/v2\/users\/6"}],"replies":[{"embeddable":true,"href":"https:\/\/talkpal.ai\/et\/wp-json\/wp\/v2\/comments?post=158662"}],"version-history":[{"count":0,"href":"https:\/\/talkpal.ai\/et\/wp-json\/wp\/v2\/pages\/158662\/revisions"}],"wp:featuredmedia":[{"embeddable":true,"href":"https:\/\/talkpal.ai\/et\/wp-json\/wp\/v2\/media\/116217"}],"wp:attachment":[{"href":"https:\/\/talkpal.ai\/et\/wp-json\/wp\/v2\/media?parent=158662"}],"curies":[{"name":"wp","href":"https:\/\/api.w.org\/{rel}","templated":true}]}}