{"id":158088,"date":"2023-06-27T08:51:37","date_gmt":"2023-06-27T08:51:37","guid":{"rendered":"http:\/\/talkpal.ai\/parsia-keele-grammatika-harjutused\/"},"modified":"2025-12-17T15:26:25","modified_gmt":"2025-12-17T15:26:25","slug":"parsia-keele-grammatika-harjutused","status":"publish","type":"page","link":"https:\/\/talkpal.ai\/et\/parsia-keele-grammatika-harjutused\/","title":{"rendered":"P\u00e4rsia keele grammatika harjutused"},"content":{"rendered":"\r\n\r\n\r\n<section class=\"languageChallengeSection\">\r\n    <div class=\"languageInfoWrapper\">\r\n        \r\n        <h1>P\u00e4rsia keele grammatika harjutused<\/h1>\r\n        <p>Kas oled valmis oma <a href=\"https:\/\/talkpal.ai\/learn-persian\/\">p\u00e4rsia<\/a> keele oskust suurendama? Grammatikaharjutused on suurep\u00e4rane viis, kuidas omandada lauseehitust, verbi vorme ja <a href=\"https:\/\/talkpal.ai\/learn-persian\/\">p\u00e4rsia<\/a> keele peamisi mustreid. Alusta t\u00f6\u00f6d p\u00e4rsia keele grammatikaga juba t\u00e4na ja vaata, kuidas sinu arusaamine ja enesekindlus kasvab <a href=\"https:\/\/talkpal.ai\/locations\/language-courses-in-iga\/\">iga<\/a> uue harjutusega!<\/p>\r\n\r\n                            <a class=\"getStartedHidden\" href=\"https:\/\/app.talkpal.ai\/et\/signup?lng=\">Alusta<\/a>\r\n        \r\n    <\/div>\r\n\r\n    <figure>\r\n    <img decoding=\"async\" width=\"768\" height=\"768\" src=\"https:\/\/talkpal.ai\/wp-content\/uploads\/2023\/06\/persian-768x768.png\" class=\"languageImage no-lazy\" alt=\"Language learning to comprehend global news\" fetchpriority=\"high\" sizes=\"(max-width: 768px) 150px, 768px\" srcset=\"https:\/\/talkpal.ai\/wp-content\/uploads\/2023\/06\/persian-768x768.png 768w, https:\/\/talkpal.ai\/wp-content\/uploads\/2023\/06\/persian-300x300.png 300w\" \/>\r\n    \r\n\r\n    <\/figure>\r\n\r\n            <a class=\"getStartedVisible\" href=\"https:\/\/app.talkpal.ai\/et\/signup?lng=\">Alusta<\/a>\r\n    \r\n<\/section>\r\n\r\n\r\n<!-- <section class=\"grammarSection\">\r\n    <div class=\"grammarLinks\">\r\n            <\/div>\r\n<\/section> -->\r\n\r\n\r\n\r\n\r\n<section class=\"promotionalBanner\">\r\n    <p class=\"promotionalText\">K\u00f5ige t\u00f5husam viis keele \u00f5ppimiseks<\/p>\r\n    <a class=\"promotionalLink\" href=\"https:\/\/app.talkpal.ai\/et\/signup?lng=\">Proovige Talkpal tasuta<\/a>\r\n<\/section>\n<div class=\"wp-block-group pageContainerStyle\"><div class=\"wp-block-group__inner-container is-layout-constrained wp-block-group-is-layout-constrained\">\n<h2 class=\"wp-block-heading\" id=\"h-persian-grammar-topics\">P\u00e4rsia keele grammatika teemad<\/h2>\n\n\n\n<p>P\u00e4rsia keele <a href=\"https:\/\/talkpal.ai\/et\/oppimine\/\">\u00f5ppimine<\/a>, tuntud ka kui farsi keel, v\u00f5ib olla p\u00f5nev ja rahuldust pakkuv teekond, mis avab uusi v\u00f5imalusi Iraani ja teiste p\u00e4rsia keelt k\u00f5nelevate piirkondade rikkaliku kultuuri ja ajaloo m\u00f5istmiseks. \u00d5ppijana on <a href=\"https:\/\/talkpal.ai\/persian-grammar\/\">p\u00e4rsia keele grammatika<\/a> erinevate aspektide omandamine oluline keelele tugeva aluse loomiseks. Selles juhendis uurime p\u00e4rsia <a href=\"https:\/\/talkpal.ai\/greek-grammar\/\">grammatika<\/a> erinevaid aspekte, sealhulgas ajavorme, tegus\u00f5nu, nimis\u00f5nu, artikleid ja muid olulisi elemente, et aidata teil oma \u00f5ppeprotsessi s\u00fcstemaatiliselt ja t\u00f5husalt struktureerida.<\/p>\n\n\n\n<h3 class=\"wp-block-heading\" id=\"h-1-nouns\">1. Nimis\u00f5nad:<\/h3>\n\n\n\n<p>Alustage p\u00e4rsia keele p\u00f5hit\u00f5dede, sealhulgas nende soo (k\u00f5ik p\u00e4rsia keele nimis\u00f5nad on sooneutraalsed), ainsuse ja mitmuse vormide ning &#8220;ezafe&#8221; kasutamise \u00f5ppimist, et n\u00e4idata omamist ja suhteid nimis\u00f5nade vahel.<\/p>\n\n\n\n<h3 class=\"wp-block-heading\" id=\"h-2-pronouns-determiners\">2. Ases\u00f5nad\/m\u00e4\u00e4rajad:<\/h3>\n\n\n\n<p>Kui olete nimis\u00f5nadega tuttav, liikuge ases\u00f5nade ja m\u00e4\u00e4rajate \u00f5ppimisele. See aitab teil m\u00f5ista, kuidas viidata p\u00e4rsia keeles inimestele ja objektidele ning kasutada demonstratiivseid, omastavaid ja kvantifitseerijaid.<\/p>\n\n\n\n<h3 class=\"wp-block-heading\" id=\"h-3-adjectives\">3. Omaduss\u00f5nad:<\/h3>\n\n\n\n<p>Siit saate teada, kuidas kirjeldada nimis\u00f5nu omaduss\u00f5nade abil, sealhulgas nende paigutust lauses ja kuidas nad n\u00f5ustuvad nimis\u00f5nadega, mida nad muudavad.<\/p>\n\n\n\n<h3 class=\"wp-block-heading\" id=\"h-4-verbs\">4. Tegus\u00f5nad:<\/h3>\n\n\n\n<p>Verbid on iga keele selgroog ja <a href=\"https:\/\/talkpal.ai\/et\/opi-parsia-keel\/\">p\u00e4rsia keel<\/a> ei ole erand. Alustage p\u00e4rsia verbi struktuuri m\u00f5istmisest ja lihtsast olevikust, enne kui liigute edasi teiste aegade ja meeleolude juurde.<\/p>\n\n\n\n<h3 class=\"wp-block-heading\" id=\"h-5-tense-comparison\">5. Pingeline v\u00f5rdlus:<\/h3>\n\n\n\n<p>P\u00e4rast tegus\u00f5nade p\u00f5hialuste ja lihtsa praeguse pinge \u00f5ppimist v\u00f5rrelge ja vastandage erinevaid ajastusi, et m\u00f5ista, kuidas neid p\u00e4rsia keeles kasutatakse. See h\u00f5lmab minevikku, tulevikku ja tingimuslikke ajavorme.<\/p>\n\n\n\n<h3 class=\"wp-block-heading\" id=\"h-6-progressive-and-perfect-progressive\">6. Progressiivne ja t\u00e4iuslik progressiivne:<\/h3>\n\n\n\n<p>\u00d5ppige P\u00e4rsia verbide progressiivseid ja t\u00e4iuslikke progressiivseid aspekte, et v\u00e4ljendada k\u00e4imasolevaid v\u00f5i l\u00f5petatud tegevusi.<\/p>\n\n\n\n<h3 class=\"wp-block-heading\" id=\"h-7-adverbs\">7. M\u00e4\u00e4rs\u00f5nad:<\/h3>\n\n\n\n<p>M\u00e4\u00e4rs\u00f5nad on h\u00e4davajalikud p\u00e4rsiakeelsetele lausetele n\u00fcansi ja konteksti lisamiseks. \u00d5ppige nende paigutust ja seda, kuidas nad muudavad tegus\u00f5nu, omaduss\u00f5nu ja muid m\u00e4\u00e4rs\u00f5nu.<\/p>\n\n\n\n<h3 class=\"wp-block-heading\" id=\"h-8-conditionals\">8. Tingimused:<\/h3>\n\n\n\n<p>M\u00f5ista, kuidas v\u00e4ljendada h\u00fcpoteetilisi olukordi ja tagaj\u00e4rgi, \u00f5ppides p\u00e4rsia tingimuslikke lauseid.<\/p>\n\n\n\n<h3 class=\"wp-block-heading\" id=\"h-9-prepositions\">9. Eess\u00f5nad:<\/h3>\n\n\n\n<p>Eess\u00f5nad on vajalikud s\u00f5nade ja fraaside vaheliste seoste n\u00e4itamiseks lauses. Lugege k\u00f5ige tavalisemaid P\u00e4rsia eess\u00f5nu ja seda, kuidas neid \u00f5igesti kasutada.<\/p>\n\n\n\n<h3 class=\"wp-block-heading\" id=\"h-10-sentences\">10. Laused:<\/h3>\n\n\n\n<p>L\u00f5puks harjutage p\u00e4rsia grammatika k\u00f5igi elementide kokkupanemist, moodustades t\u00e4ielikud laused. Keskenduge erinevatele lausestruktuuridele, sealhulgas lihtsatele, liit- ja keerukatele lausetele, samuti k\u00fcsimustele ja imperatiivsetele avaldustele.<\/p>\n\n\n\n<p>J\u00e4rgides seda <a href=\"https:\/\/talkpal.ai\/persian-grammar\/\">p\u00e4rsia keele grammatika<\/a> teemade \u00f5ppimise j\u00e4rjestust, loote keeles tugeva aluse, mis v\u00f5imaldab teil t\u00f5husalt suhelda ja hinnata p\u00e4rsia kirjanduse ja kultuuri ilu.<\/p>\n<\/div><\/div>\n\r\n<section class=\"learnNavigationSection\">\r\n            \r\n        <a href=\"https:\/\/talkpal.ai\/et\/opi-parsia-keel\/\">\r\n            <div class=\"learnNavigationWrapper\">\r\n                <div class=\"learnNavigationContent\">\r\n                    <img decoding=\"async\" src=\"https:\/\/talkpal.ai\/wp-content\/uploads\/2024\/08\/Persian.jpg\" alt=\"Persian Flag\">\r\n                    <div>\r\n                        <h4>P\u00e4rsia keele \u00f5ppimise kohta<\/h4>\r\n                        <p>Uuri k\u00f5ike p\u00e4rsia keele grammatika kohta.<\/p>\r\n                    <\/div>\r\n                <\/div>\r\n            <\/div>\r\n        <\/a>\r\n\r\n        \r\n        <a href=\"https:\/\/talkpal.ai\/et\/parsia-keele-grammatika\/\">\r\n            <div class=\"learnNavigationWrapper\">\r\n                <div class=\"learnNavigationContent\">\r\n                    <img decoding=\"async\" src=\"https:\/\/talkpal.ai\/wp-content\/uploads\/2024\/08\/Persian.jpg\" alt=\"Persian Flag\">\r\n                    <div>\r\n                        <h4>P\u00e4rsia keele grammatika \u00f5ppetunnid<\/h4>\r\n                        <p>Harjutage p\u00e4rsia keele grammatikat.<\/p>\r\n                    <\/div>\r\n                <\/div>\r\n            <\/div>\r\n        <\/a>\r\n\r\n        \r\n        <a href=\"https:\/\/talkpal.ai\/vocabulary_language\/persian\/\">\r\n            <div class=\"learnNavigationWrapper\">\r\n                <div class=\"learnNavigationContent\">\r\n                    <img decoding=\"async\" src=\"https:\/\/talkpal.ai\/wp-content\/uploads\/2024\/08\/Persian.jpg\" alt=\"Persian Flag\">\r\n                    <div>\r\n                        <h4>P\u00e4rsia keele s\u00f5navara<\/h4>\r\n                        <p>Laiendage oma p\u00e4rsia keele s\u00f5navara.<\/p>\r\n                    <\/div>\r\n                <\/div>\r\n            <\/div>\r\n        <\/a>\r\n\r\n            <\/section>","protected":false},"excerpt":{"rendered":"<p>P\u00e4rsia keele grammatika teemad P\u00e4rsia keele \u00f5ppimine, tuntud ka kui farsi keel, v\u00f5ib olla p\u00f5nev ja rahuldust pakkuv teekond, mis avab uusi v\u00f5imalusi Iraani ja teiste p\u00e4rsia keelt k\u00f5nelevate piirkondade rikkaliku kultuuri ja ajaloo m\u00f5istmiseks. \u00d5ppijana on p\u00e4rsia keele grammatika erinevate aspektide omandamine oluline keelele tugeva aluse loomiseks. Selles juhendis uurime p\u00e4rsia grammatika erinevaid aspekte, [&hellip;]<\/p>\n","protected":false},"author":6,"featured_media":117227,"parent":0,"menu_order":0,"comment_status":"closed","ping_status":"closed","template":"LearningContentPage.php","meta":{"_acf_changed":false,"footnotes":""},"class_list":["post-158088","page","type-page","status-publish","has-post-thumbnail","hentry"],"acf":[],"yoast_head":"<!-- This site is optimized with the Yoast SEO Premium plugin v27.2 (Yoast SEO v27.2) - https:\/\/yoast.com\/product\/yoast-seo-premium-wordpress\/ -->\n<title>P\u00e4rsia keele grammatika harjutused - Talkpal<\/title>\n<meta name=\"description\" content=\"P\u00e4rsia keele grammatika harjutused, et tugevdada oma keeleoskust ja tutvuda p\u00e4rsia keelt k\u00f5nelevate piirkondade kultuuriga.\" \/>\n<meta name=\"robots\" content=\"index, follow, max-snippet:-1, max-image-preview:large, max-video-preview:-1\" \/>\n<link rel=\"canonical\" href=\"https:\/\/talkpal.ai\/et\/parsia-keele-grammatika-harjutused\/\" \/>\n<meta property=\"og:locale\" content=\"et_EE\" \/>\n<meta property=\"og:type\" content=\"article\" \/>\n<meta property=\"og:title\" content=\"P\u00e4rsia keele grammatika harjutused\" \/>\n<meta property=\"og:description\" content=\"P\u00e4rsia keele grammatika teemad P\u00e4rsia keele \u00f5ppimine, tuntud ka kui farsi keel, v\u00f5ib olla p\u00f5nev ja rahuldust pakkuv teekond, mis avab uusi v\u00f5imalusi\" \/>\n<meta property=\"og:url\" content=\"https:\/\/talkpal.ai\/et\/parsia-keele-grammatika-harjutused\/\" \/>\n<meta property=\"og:site_name\" content=\"Talkpal\" \/>\n<meta property=\"article:publisher\" content=\"https:\/\/www.facebook.com\/profile.php?id=100090733639311\" \/>\n<meta property=\"article:modified_time\" content=\"2025-12-17T15:26:25+00:00\" \/>\n<meta property=\"og:image\" content=\"https:\/\/talkpal.ai\/wp-content\/uploads\/2023\/05\/Persian-iran.png\" \/>\n\t<meta property=\"og:image:width\" content=\"512\" \/>\n\t<meta property=\"og:image:height\" content=\"512\" \/>\n\t<meta property=\"og:image:type\" content=\"image\/png\" \/>\n<meta name=\"twitter:card\" content=\"summary_large_image\" \/>\n<meta name=\"twitter:site\" content=\"@talkpalai\" \/>\n<meta name=\"twitter:label1\" content=\"Est. reading time\" \/>\n\t<meta name=\"twitter:data1\" content=\"2 minutit\" \/>\n<script type=\"application\/ld+json\" class=\"yoast-schema-graph\">{\"@context\":\"https:\/\/schema.org\",\"@graph\":[{\"@type\":\"WebPage\",\"@id\":\"https:\/\/talkpal.ai\/et\/parsia-keele-grammatika-harjutused\/\",\"url\":\"https:\/\/talkpal.ai\/et\/parsia-keele-grammatika-harjutused\/\",\"name\":\"P\u00e4rsia keele grammatika harjutused - Talkpal\",\"isPartOf\":{\"@id\":\"https:\/\/talkpal.ai\/et\/#website\"},\"primaryImageOfPage\":{\"@id\":\"https:\/\/talkpal.ai\/et\/parsia-keele-grammatika-harjutused\/#primaryimage\"},\"image\":{\"@id\":\"https:\/\/talkpal.ai\/et\/parsia-keele-grammatika-harjutused\/#primaryimage\"},\"thumbnailUrl\":\"https:\/\/talkpal.ai\/wp-content\/uploads\/2023\/05\/Persian-iran.png\",\"datePublished\":\"2023-06-27T08:51:37+00:00\",\"dateModified\":\"2025-12-17T15:26:25+00:00\",\"description\":\"P\u00e4rsia keele grammatika harjutused, et tugevdada oma keeleoskust ja tutvuda p\u00e4rsia keelt k\u00f5nelevate piirkondade kultuuriga.\",\"breadcrumb\":{\"@id\":\"https:\/\/talkpal.ai\/et\/parsia-keele-grammatika-harjutused\/#breadcrumb\"},\"inLanguage\":\"et\",\"potentialAction\":[{\"@type\":\"ReadAction\",\"target\":[\"https:\/\/talkpal.ai\/et\/parsia-keele-grammatika-harjutused\/\"]}]},{\"@type\":\"ImageObject\",\"inLanguage\":\"et\",\"@id\":\"https:\/\/talkpal.ai\/et\/parsia-keele-grammatika-harjutused\/#primaryimage\",\"url\":\"https:\/\/talkpal.ai\/wp-content\/uploads\/2023\/05\/Persian-iran.png\",\"contentUrl\":\"https:\/\/talkpal.ai\/wp-content\/uploads\/2023\/05\/Persian-iran.png\",\"width\":512,\"height\":512},{\"@type\":\"BreadcrumbList\",\"@id\":\"https:\/\/talkpal.ai\/et\/parsia-keele-grammatika-harjutused\/#breadcrumb\",\"itemListElement\":[{\"@type\":\"ListItem\",\"position\":1,\"name\":\"Homepage\",\"item\":\"https:\/\/talkpal.ai\/et\/\"},{\"@type\":\"ListItem\",\"position\":2,\"name\":\"P\u00e4rsia keele grammatika harjutused\"}]},{\"@type\":\"WebSite\",\"@id\":\"https:\/\/talkpal.ai\/et\/#website\",\"url\":\"https:\/\/talkpal.ai\/et\/\",\"name\":\"Talkpal\",\"description\":\"AI Language Learning\",\"publisher\":{\"@id\":\"https:\/\/talkpal.ai\/et\/#organization\"},\"alternateName\":\"Talkpal AI\",\"potentialAction\":[{\"@type\":\"SearchAction\",\"target\":{\"@type\":\"EntryPoint\",\"urlTemplate\":\"https:\/\/talkpal.ai\/et\/?s={search_term_string}\"},\"query-input\":{\"@type\":\"PropertyValueSpecification\",\"valueRequired\":true,\"valueName\":\"search_term_string\"}}],\"inLanguage\":\"et\"},{\"@type\":\"Organization\",\"@id\":\"https:\/\/talkpal.ai\/et\/#organization\",\"name\":\"Talkpal, Inc.\",\"alternateName\":\"Talkpal AI\",\"url\":\"https:\/\/talkpal.ai\/et\/\",\"logo\":{\"@type\":\"ImageObject\",\"inLanguage\":\"et\",\"@id\":\"https:\/\/talkpal.ai\/et\/#\/schema\/logo\/image\/\",\"url\":\"https:\/\/talkpal.ai\/wp-content\/uploads\/2024\/03\/Talkpal-Logo-Icon.png\",\"contentUrl\":\"https:\/\/talkpal.ai\/wp-content\/uploads\/2024\/03\/Talkpal-Logo-Icon.png\",\"width\":2880,\"height\":2880,\"caption\":\"Talkpal, Inc.\"},\"image\":{\"@id\":\"https:\/\/talkpal.ai\/et\/#\/schema\/logo\/image\/\"},\"sameAs\":[\"https:\/\/www.facebook.com\/profile.php?id=100090733639311\",\"https:\/\/x.com\/talkpalai\",\"https:\/\/www.linkedin.com\/company\/talkpal\/\",\"https:\/\/www.youtube.com\/@TalkPal\/\",\"https:\/\/www.tiktok.com\/@talkpal\",\"https:\/\/www.instagram.com\/talkpal_ai\/\",\"https:\/\/www.crunchbase.com\/organization\/talkpal-9cde\",\"https:\/\/www.g2.com\/products\/talkpal-for-business\/\",\"https:\/\/www.trustpilot.com\/review\/talkpal.ai\",\"https:\/\/www.capterra.com\/p\/10006800\/TalkPal\/\"],\"description\":\"Talkpal is a language learning web and mobile education app, powered by the latest AI technologies, that provides engaging experiences to its customers in many different languages to help them improve their language skills. Users can chat about unlimited amount of topics with the app and use other modes to practice their language learning.\",\"email\":\"support@talkpal.ai\",\"legalName\":\"Talkpal, Inc.\",\"foundingDate\":\"2023-04-03\",\"duns\":\"118989042\",\"numberOfEmployees\":{\"@type\":\"QuantitativeValue\",\"minValue\":\"11\",\"maxValue\":\"50\"},\"publishingPrinciples\":\"https:\/\/talkpal.ai\/publishing-principles\/\",\"actionableFeedbackPolicy\":\"https:\/\/talkpal.ai\/actionable-feedback-policy\/\",\"correctionsPolicy\":\"https:\/\/talkpal.ai\/corrections-policy\/\",\"ethicsPolicy\":\"https:\/\/talkpal.ai\/ethics-policy\/\",\"diversityPolicy\":\"https:\/\/talkpal.ai\/diversity-policy\/\",\"diversityStaffingReport\":\"https:\/\/talkpal.ai\/diversity-policy\/\"}]}<\/script>\n<!-- \/ Yoast SEO Premium plugin. -->","yoast_head_json":{"title":"P\u00e4rsia keele grammatika harjutused - Talkpal","description":"P\u00e4rsia keele grammatika harjutused, et tugevdada oma keeleoskust ja tutvuda p\u00e4rsia keelt k\u00f5nelevate piirkondade kultuuriga.","robots":{"index":"index","follow":"follow","max-snippet":"max-snippet:-1","max-image-preview":"max-image-preview:large","max-video-preview":"max-video-preview:-1"},"canonical":"https:\/\/talkpal.ai\/et\/parsia-keele-grammatika-harjutused\/","og_locale":"et_EE","og_type":"article","og_title":"P\u00e4rsia keele grammatika harjutused","og_description":"P\u00e4rsia keele grammatika teemad P\u00e4rsia keele \u00f5ppimine, tuntud ka kui farsi keel, v\u00f5ib olla p\u00f5nev ja rahuldust pakkuv teekond, mis avab uusi v\u00f5imalusi","og_url":"https:\/\/talkpal.ai\/et\/parsia-keele-grammatika-harjutused\/","og_site_name":"Talkpal","article_publisher":"https:\/\/www.facebook.com\/profile.php?id=100090733639311","article_modified_time":"2025-12-17T15:26:25+00:00","og_image":[{"width":512,"height":512,"url":"https:\/\/talkpal.ai\/wp-content\/uploads\/2023\/05\/Persian-iran.png","type":"image\/png"}],"twitter_card":"summary_large_image","twitter_site":"@talkpalai","twitter_misc":{"Est. reading time":"2 minutit"},"schema":{"@context":"https:\/\/schema.org","@graph":[{"@type":"WebPage","@id":"https:\/\/talkpal.ai\/et\/parsia-keele-grammatika-harjutused\/","url":"https:\/\/talkpal.ai\/et\/parsia-keele-grammatika-harjutused\/","name":"P\u00e4rsia keele grammatika harjutused - Talkpal","isPartOf":{"@id":"https:\/\/talkpal.ai\/et\/#website"},"primaryImageOfPage":{"@id":"https:\/\/talkpal.ai\/et\/parsia-keele-grammatika-harjutused\/#primaryimage"},"image":{"@id":"https:\/\/talkpal.ai\/et\/parsia-keele-grammatika-harjutused\/#primaryimage"},"thumbnailUrl":"https:\/\/talkpal.ai\/wp-content\/uploads\/2023\/05\/Persian-iran.png","datePublished":"2023-06-27T08:51:37+00:00","dateModified":"2025-12-17T15:26:25+00:00","description":"P\u00e4rsia keele grammatika harjutused, et tugevdada oma keeleoskust ja tutvuda p\u00e4rsia keelt k\u00f5nelevate piirkondade kultuuriga.","breadcrumb":{"@id":"https:\/\/talkpal.ai\/et\/parsia-keele-grammatika-harjutused\/#breadcrumb"},"inLanguage":"et","potentialAction":[{"@type":"ReadAction","target":["https:\/\/talkpal.ai\/et\/parsia-keele-grammatika-harjutused\/"]}]},{"@type":"ImageObject","inLanguage":"et","@id":"https:\/\/talkpal.ai\/et\/parsia-keele-grammatika-harjutused\/#primaryimage","url":"https:\/\/talkpal.ai\/wp-content\/uploads\/2023\/05\/Persian-iran.png","contentUrl":"https:\/\/talkpal.ai\/wp-content\/uploads\/2023\/05\/Persian-iran.png","width":512,"height":512},{"@type":"BreadcrumbList","@id":"https:\/\/talkpal.ai\/et\/parsia-keele-grammatika-harjutused\/#breadcrumb","itemListElement":[{"@type":"ListItem","position":1,"name":"Homepage","item":"https:\/\/talkpal.ai\/et\/"},{"@type":"ListItem","position":2,"name":"P\u00e4rsia keele grammatika harjutused"}]},{"@type":"WebSite","@id":"https:\/\/talkpal.ai\/et\/#website","url":"https:\/\/talkpal.ai\/et\/","name":"Talkpal","description":"AI Language Learning","publisher":{"@id":"https:\/\/talkpal.ai\/et\/#organization"},"alternateName":"Talkpal AI","potentialAction":[{"@type":"SearchAction","target":{"@type":"EntryPoint","urlTemplate":"https:\/\/talkpal.ai\/et\/?s={search_term_string}"},"query-input":{"@type":"PropertyValueSpecification","valueRequired":true,"valueName":"search_term_string"}}],"inLanguage":"et"},{"@type":"Organization","@id":"https:\/\/talkpal.ai\/et\/#organization","name":"Talkpal, Inc.","alternateName":"Talkpal AI","url":"https:\/\/talkpal.ai\/et\/","logo":{"@type":"ImageObject","inLanguage":"et","@id":"https:\/\/talkpal.ai\/et\/#\/schema\/logo\/image\/","url":"https:\/\/talkpal.ai\/wp-content\/uploads\/2024\/03\/Talkpal-Logo-Icon.png","contentUrl":"https:\/\/talkpal.ai\/wp-content\/uploads\/2024\/03\/Talkpal-Logo-Icon.png","width":2880,"height":2880,"caption":"Talkpal, Inc."},"image":{"@id":"https:\/\/talkpal.ai\/et\/#\/schema\/logo\/image\/"},"sameAs":["https:\/\/www.facebook.com\/profile.php?id=100090733639311","https:\/\/x.com\/talkpalai","https:\/\/www.linkedin.com\/company\/talkpal\/","https:\/\/www.youtube.com\/@TalkPal\/","https:\/\/www.tiktok.com\/@talkpal","https:\/\/www.instagram.com\/talkpal_ai\/","https:\/\/www.crunchbase.com\/organization\/talkpal-9cde","https:\/\/www.g2.com\/products\/talkpal-for-business\/","https:\/\/www.trustpilot.com\/review\/talkpal.ai","https:\/\/www.capterra.com\/p\/10006800\/TalkPal\/"],"description":"Talkpal is a language learning web and mobile education app, powered by the latest AI technologies, that provides engaging experiences to its customers in many different languages to help them improve their language skills. Users can chat about unlimited amount of topics with the app and use other modes to practice their language learning.","email":"support@talkpal.ai","legalName":"Talkpal, Inc.","foundingDate":"2023-04-03","duns":"118989042","numberOfEmployees":{"@type":"QuantitativeValue","minValue":"11","maxValue":"50"},"publishingPrinciples":"https:\/\/talkpal.ai\/publishing-principles\/","actionableFeedbackPolicy":"https:\/\/talkpal.ai\/actionable-feedback-policy\/","correctionsPolicy":"https:\/\/talkpal.ai\/corrections-policy\/","ethicsPolicy":"https:\/\/talkpal.ai\/ethics-policy\/","diversityPolicy":"https:\/\/talkpal.ai\/diversity-policy\/","diversityStaffingReport":"https:\/\/talkpal.ai\/diversity-policy\/"}]}},"_links":{"self":[{"href":"https:\/\/talkpal.ai\/et\/wp-json\/wp\/v2\/pages\/158088","targetHints":{"allow":["GET"]}}],"collection":[{"href":"https:\/\/talkpal.ai\/et\/wp-json\/wp\/v2\/pages"}],"about":[{"href":"https:\/\/talkpal.ai\/et\/wp-json\/wp\/v2\/types\/page"}],"author":[{"embeddable":true,"href":"https:\/\/talkpal.ai\/et\/wp-json\/wp\/v2\/users\/6"}],"replies":[{"embeddable":true,"href":"https:\/\/talkpal.ai\/et\/wp-json\/wp\/v2\/comments?post=158088"}],"version-history":[{"count":0,"href":"https:\/\/talkpal.ai\/et\/wp-json\/wp\/v2\/pages\/158088\/revisions"}],"wp:featuredmedia":[{"embeddable":true,"href":"https:\/\/talkpal.ai\/et\/wp-json\/wp\/v2\/media\/117227"}],"wp:attachment":[{"href":"https:\/\/talkpal.ai\/et\/wp-json\/wp\/v2\/media?parent=158088"}],"curies":[{"name":"wp","href":"https:\/\/api.w.org\/{rel}","templated":true}]}}