{"id":157794,"date":"2023-06-27T09:07:34","date_gmt":"2023-06-27T09:07:34","guid":{"rendered":"http:\/\/talkpal.ai\/poola-keele-grammatika-harjutused\/"},"modified":"2025-12-17T09:55:00","modified_gmt":"2025-12-17T09:55:00","slug":"poola-keele-grammatika-harjutused","status":"publish","type":"page","link":"https:\/\/talkpal.ai\/et\/poola-keele-grammatika-harjutused\/","title":{"rendered":"Poola keele grammatika harjutused"},"content":{"rendered":"\r\n\r\n\r\n<section class=\"languageChallengeSection\">\r\n    <div class=\"languageInfoWrapper\">\r\n        \r\n        <h1>Poola keele grammatika harjutused<\/h1>\r\n        <p>Kas olete valmis oma <a href=\"https:\/\/talkpal.ai\/learn-polish\/\">poola<\/a> keele oskust lihvima? Grammatikaharjutused on suurep\u00e4rane v\u00f5imalus omandada lauseehitust, verbi\u00fchendusi ja poola keele unikaalseid mustreid. Alustage poola keele <a href=\"https:\/\/talkpal.ai\/greek-grammar\/\">grammatika<\/a> \u00f5ppimist juba t\u00e4na ja n\u00e4ete, kuidas teie enesekindlus ja keeleoskus paranevad iga harjutusega!\n\n<\/p>\r\n\r\n                            <a class=\"getStartedHidden\" href=\"https:\/\/app.talkpal.ai\/et\/signup?lng=\">Alusta<\/a>\r\n        \r\n    <\/div>\r\n\r\n    <figure>\r\n    <img decoding=\"async\" width=\"768\" height=\"768\" src=\"https:\/\/talkpal.ai\/wp-content\/uploads\/2023\/06\/polish-768x768.png\" class=\"languageImage no-lazy\" alt=\"Practical tips on language learning techniques\" fetchpriority=\"high\" sizes=\"(max-width: 768px) 150px, 768px\" srcset=\"https:\/\/talkpal.ai\/wp-content\/uploads\/2023\/06\/polish-768x768.png 768w, https:\/\/talkpal.ai\/wp-content\/uploads\/2023\/06\/polish-300x300.png 300w\" \/>\r\n    \r\n\r\n    <\/figure>\r\n\r\n            <a class=\"getStartedVisible\" href=\"https:\/\/app.talkpal.ai\/et\/signup?lng=\">Alusta<\/a>\r\n    \r\n<\/section>\r\n\r\n\r\n<!-- <section class=\"grammarSection\">\r\n    <div class=\"grammarLinks\">\r\n            <\/div>\r\n<\/section> -->\r\n\r\n\r\n\r\n\r\n<section class=\"promotionalBanner\">\r\n    <p class=\"promotionalText\">K\u00f5ige t\u00f5husam viis keele \u00f5ppimiseks<\/p>\r\n    <a class=\"promotionalLink\" href=\"https:\/\/app.talkpal.ai\/et\/signup?lng=\">Proovige Talkpal tasuta<\/a>\r\n<\/section>\n<div class=\"wp-block-group pageContainerStyle\"><div class=\"wp-block-group__inner-container is-layout-constrained wp-block-group-is-layout-constrained\">\n<h2 class=\"wp-block-heading\" id=\"h-polish-grammar-topics\">Poola keele grammatika teemad<\/h2>\n\n\n\n<p><a href=\"https:\/\/talkpal.ai\/et\/opi-poola-keel\/\">Poola keel<\/a>, l\u00e4\u00e4neslaavi keel, on Poola emakeel ja seda r\u00e4\u00e4givad miljonid inimesed kogu maailmas. Oma keeruka grammatikas\u00fcsteemi ja ainulaadse h\u00e4\u00e4ldusega v\u00f5ib poola keele <a href=\"https:\/\/talkpal.ai\/et\/oppimine\/\">\u00f5ppimine<\/a> olla \u00fcsna keeruline, kuid ka rahuldust pakkuv. Keele hea m\u00f5istmise ja valdamise saavutamiseks on oluline \u00f5ppida selle grammatikareegleid struktureeritud ja loogilises j\u00e4rjekorras. Selles juhendis uurime poola keele peamisi grammatikateemasid, nagu ajavormid, tegus\u00f5nad, nimis\u00f5nad, artiklid, ases\u00f5nad, omaduss\u00f5nad, m\u00e4\u00e4rs\u00f5nad, tingimuslaused, eess\u00f5nad ja lausestruktuurid. Seda j\u00e4rjestust j\u00e4rgides saate j\u00e4rk-j\u00e4rgult arendada oma poola keele oskust ja t\u00f5husalt suhelda.<\/p>\n\n\n\n<h3 class=\"wp-block-heading\" id=\"h-1-nouns\">1. Nimis\u00f5nad:<\/h3>\n\n\n\n<p>Poola keeles jagunevad nimis\u00f5nad kolme sugu: mehelik, naiselik ja neuter. Neil on ka seitse juhtumit: nominatiivne, genitiivne, datiivne, akusatiivne, instrumentaalne, lokatiivne ja kutsuv. Soo- ja juhtumis\u00fcsteemi \u00f5ppimine on \u00fclioluline lausestruktuuride m\u00f5istmiseks ja teiste grammatikaelementide, n\u00e4iteks omaduss\u00f5nade ja ases\u00f5nade \u00f5igete vormide kasutamiseks.<\/p>\n\n\n\n<h3 class=\"wp-block-heading\" id=\"h-2-pronouns-determiners\">2. Ases\u00f5nad\/m\u00e4\u00e4rajad:<\/h3>\n\n\n\n<p>Poola ases\u00f5nad ja m\u00e4\u00e4rajad n\u00f5ustuvad nimis\u00f5nadega soo, arvu ja juhtumi osas. Nende hulka kuuluvad isiklikud, omastavad, demonstratiivsed, \u00fclekuulatavad ja suhtelised ases\u00f5nad. Ases\u00f5nade ja m\u00e4\u00e4rajate kasutamise omandamine aitab luua keerukamaid lauseid ja v\u00e4ljendada erinevaid s\u00f5nade vahelisi suhteid.<\/p>\n\n\n\n<h3 class=\"wp-block-heading\" id=\"h-3-adjectives\">3. Omaduss\u00f5nad:<\/h3>\n\n\n\n<p>Omaduss\u00f5nad poola keeles n\u00f5ustuvad nimis\u00f5nadega soo, arvu ja juhtumi osas. Neil on nendel teguritel p\u00f5hinevad erinevad vormid, nii et omaduss\u00f5nade deklareerimismustrite \u00f5ppimine on kirjeldavate fraaside n\u00f5uetekohaseks kasutamiseks ja m\u00f5istmiseks h\u00e4davajalik.<\/p>\n\n\n\n<h3 class=\"wp-block-heading\" id=\"h-4-verbs\">4. Tegus\u00f5nad:<\/h3>\n\n\n\n<p>Poola verbis\u00fcsteem koosneb kolmest ajast: minevik, olevik ja tulevik. Verbidel on ka erinevad vormid, mis p\u00f5hinevad aspektil (t\u00e4iuslik v\u00f5i ebat\u00e4iuslik) ja konjugatsioonimustritel. Verbi konjugatsiooni ja aspekti p\u00f5hit\u00f5dede \u00f5ppimine on oluline tegevuste, s\u00fcndmuste ja olekute v\u00e4ljendamiseks erinevates ajavahemikes.<\/p>\n\n\n\n<h3 class=\"wp-block-heading\" id=\"h-5-tense-comparison\">5. Pingeline v\u00f5rdlus:<\/h3>\n\n\n\n<p>Poola keeles kolme aja erinevuste ja sarnasuste m\u00f5istmine v\u00f5imaldab teil ajasuhteid t\u00e4pselt v\u00e4ljendada. See h\u00f5lmab lihtsate, progressiivsete ja t\u00e4iuslike progressiivsete vormide moodustamist ja kasutamist.<\/p>\n\n\n\n<h3 class=\"wp-block-heading\" id=\"h-6-adverbs\">6. M\u00e4\u00e4rs\u00f5nad:<\/h3>\n\n\n\n<p>Poolakeelsed adverbid annavad lisateavet tegus\u00f5nade, omaduss\u00f5nade v\u00f5i muude m\u00e4\u00e4rs\u00f5nade kohta. Tavaliselt ei muuda nad oma vormi, mist\u00f5ttu on neid suhteliselt lihtne \u00f5ppida. Teadmine, kuidas m\u00e4\u00e4rs\u00f5nu \u00f5igesti kasutada, suurendab teie keele ekspressiivsust.<\/p>\n\n\n\n<h3 class=\"wp-block-heading\" id=\"h-7-prepositions\">7. Eess\u00f5nad:<\/h3>\n\n\n\n<p>Poola eess\u00f5nad reguleerivad konkreetseid juhtumeid ja n\u00e4itavad lauses s\u00f5nade vahelisi seoseid. Eess\u00f5nade ja nende vastavate juhtumite \u00f5ige kasutamise \u00f5ppimine on \u00fclioluline keerukamate lausete loomiseks ja s\u00f5nade vaheliste erinevate suhete v\u00e4ljendamiseks.<\/p>\n\n\n\n<h3 class=\"wp-block-heading\" id=\"h-8-conditionals\">8. Tingimused:<\/h3>\n\n\n\n<p>Tingimuslikud karistused poola keeles v\u00e4ljendavad h\u00fcpoteetilisi olukordi ja nende tagaj\u00e4rgi. Need koosnevad tavaliselt kahest klauslist: tingimus (if-klausel) ja tulemus (p\u00f5hiklausel). Tingimuslike tingimuste moodustamise ja kasutamise \u00f5ppimine v\u00f5imaldab teil h\u00fcpoteetilisi olukordi ja nende tagaj\u00e4rgi t\u00e4pselt v\u00e4ljendada.<\/p>\n\n\n\n<h3 class=\"wp-block-heading\" id=\"h-9-sentences\">9. Laused:<\/h3>\n\n\n\n<p>Poola keeles t\u00f5husaks suhtlemiseks on oluline m\u00f5ista p\u00f5hilisi lausekonstruktsioone, sealhulgas deklaratiivseid, k\u00fcsitavaid, imperatiivseid ja h\u00fc\u00fcdlauseid. Lauseehituse valdamine aitab poola keeles m\u00f5tteid v\u00e4ljendada, k\u00fcsimusi esitada, korraldusi anda ja emotsioone edasi anda.<\/p>\n<\/div><\/div>\n\r\n<section class=\"learnNavigationSection\">\r\n            \r\n        <a href=\"https:\/\/talkpal.ai\/et\/opi-poola-keel\/\">\r\n            <div class=\"learnNavigationWrapper\">\r\n                <div class=\"learnNavigationContent\">\r\n                    <img decoding=\"async\" src=\"https:\/\/talkpal.ai\/wp-content\/uploads\/2024\/08\/Polish.jpg\" alt=\"Polish Flag\">\r\n                    <div>\r\n                        <h4>Poola \u00f5ppimise kohta<\/h4>\r\n                        <p>Uuri k\u00f5ike poola keele grammatika kohta.<\/p>\r\n                    <\/div>\r\n                <\/div>\r\n            <\/div>\r\n        <\/a>\r\n\r\n        \r\n        <a href=\"https:\/\/talkpal.ai\/et\/poola-keele-grammatika\/\">\r\n            <div class=\"learnNavigationWrapper\">\r\n                <div class=\"learnNavigationContent\">\r\n                    <img decoding=\"async\" src=\"https:\/\/talkpal.ai\/wp-content\/uploads\/2024\/08\/Polish.jpg\" alt=\"Polish Flag\">\r\n                    <div>\r\n                        <h4>Poola keele grammatika \u00f5ppetunnid<\/h4>\r\n                        <p>Harjutage poola keele grammatikat.<\/p>\r\n                    <\/div>\r\n                <\/div>\r\n            <\/div>\r\n        <\/a>\r\n\r\n        \r\n        <a href=\"https:\/\/talkpal.ai\/vocabulary_language\/polish\/\">\r\n            <div class=\"learnNavigationWrapper\">\r\n                <div class=\"learnNavigationContent\">\r\n                    <img decoding=\"async\" src=\"https:\/\/talkpal.ai\/wp-content\/uploads\/2024\/08\/Polish.jpg\" alt=\"Polish Flag\">\r\n                    <div>\r\n                        <h4>Poola keele s\u00f5navara<\/h4>\r\n                        <p>Laiendage oma poola keele s\u00f5navara.<\/p>\r\n                    <\/div>\r\n                <\/div>\r\n            <\/div>\r\n        <\/a>\r\n\r\n            <\/section>","protected":false},"excerpt":{"rendered":"<p>Poola keele grammatika teemad Poola keel, l\u00e4\u00e4neslaavi keel, on Poola emakeel ja seda r\u00e4\u00e4givad miljonid inimesed kogu maailmas. Oma keeruka grammatikas\u00fcsteemi ja ainulaadse h\u00e4\u00e4ldusega v\u00f5ib poola keele \u00f5ppimine olla \u00fcsna keeruline, kuid ka rahuldust pakkuv. Keele hea m\u00f5istmise ja valdamise saavutamiseks on oluline \u00f5ppida selle grammatikareegleid struktureeritud ja loogilises j\u00e4rjekorras. Selles juhendis uurime poola keele [&hellip;]<\/p>\n","protected":false},"author":6,"featured_media":117461,"parent":0,"menu_order":0,"comment_status":"closed","ping_status":"closed","template":"LearningContentPage.php","meta":{"_acf_changed":false,"footnotes":""},"class_list":["post-157794","page","type-page","status-publish","has-post-thumbnail","hentry"],"acf":[],"yoast_head":"<!-- This site is optimized with the Yoast SEO Premium plugin v27.2 (Yoast SEO v27.2) - https:\/\/yoast.com\/product\/yoast-seo-premium-wordpress\/ -->\n<title>Poola keele grammatika harjutused - Talkpal<\/title>\n<meta name=\"description\" content=\"\u00d5ppige poola keele grammatikat interaktiivsete harjutustega, mis on m\u00f5eldud k\u00f5igile tasemetele. Harjuta ja t\u00e4iusta oma keeleoskust!\" \/>\n<meta name=\"robots\" content=\"index, follow, max-snippet:-1, max-image-preview:large, max-video-preview:-1\" \/>\n<link rel=\"canonical\" href=\"https:\/\/talkpal.ai\/et\/poola-keele-grammatika-harjutused\/\" \/>\n<meta property=\"og:locale\" content=\"et_EE\" \/>\n<meta property=\"og:type\" content=\"article\" \/>\n<meta property=\"og:title\" content=\"Poola keele grammatika harjutused\" \/>\n<meta property=\"og:description\" content=\"Poola keele grammatika teemad Poola keel, l\u00e4\u00e4neslaavi keel, on Poola emakeel ja seda r\u00e4\u00e4givad miljonid inimesed kogu maailmas. Oma keeruka\" \/>\n<meta property=\"og:url\" content=\"https:\/\/talkpal.ai\/et\/poola-keele-grammatika-harjutused\/\" \/>\n<meta property=\"og:site_name\" content=\"Talkpal\" \/>\n<meta property=\"article:publisher\" content=\"https:\/\/www.facebook.com\/profile.php?id=100090733639311\" \/>\n<meta property=\"article:modified_time\" content=\"2025-12-17T09:55:00+00:00\" \/>\n<meta property=\"og:image\" content=\"https:\/\/talkpal.ai\/wp-content\/uploads\/2023\/05\/poland.png\" \/>\n\t<meta property=\"og:image:width\" content=\"512\" \/>\n\t<meta property=\"og:image:height\" content=\"512\" \/>\n\t<meta property=\"og:image:type\" content=\"image\/png\" \/>\n<meta name=\"twitter:card\" content=\"summary_large_image\" \/>\n<meta name=\"twitter:site\" content=\"@talkpalai\" \/>\n<meta name=\"twitter:label1\" content=\"Est. reading time\" \/>\n\t<meta name=\"twitter:data1\" content=\"2 minutit\" \/>\n<script type=\"application\/ld+json\" class=\"yoast-schema-graph\">{\"@context\":\"https:\/\/schema.org\",\"@graph\":[{\"@type\":\"WebPage\",\"@id\":\"https:\/\/talkpal.ai\/et\/poola-keele-grammatika-harjutused\/\",\"url\":\"https:\/\/talkpal.ai\/et\/poola-keele-grammatika-harjutused\/\",\"name\":\"Poola keele grammatika harjutused - Talkpal\",\"isPartOf\":{\"@id\":\"https:\/\/talkpal.ai\/et\/#website\"},\"primaryImageOfPage\":{\"@id\":\"https:\/\/talkpal.ai\/et\/poola-keele-grammatika-harjutused\/#primaryimage\"},\"image\":{\"@id\":\"https:\/\/talkpal.ai\/et\/poola-keele-grammatika-harjutused\/#primaryimage\"},\"thumbnailUrl\":\"https:\/\/talkpal.ai\/wp-content\/uploads\/2023\/05\/poland.png\",\"datePublished\":\"2023-06-27T09:07:34+00:00\",\"dateModified\":\"2025-12-17T09:55:00+00:00\",\"description\":\"\u00d5ppige poola keele grammatikat interaktiivsete harjutustega, mis on m\u00f5eldud k\u00f5igile tasemetele. Harjuta ja t\u00e4iusta oma keeleoskust!\",\"breadcrumb\":{\"@id\":\"https:\/\/talkpal.ai\/et\/poola-keele-grammatika-harjutused\/#breadcrumb\"},\"inLanguage\":\"et\",\"potentialAction\":[{\"@type\":\"ReadAction\",\"target\":[\"https:\/\/talkpal.ai\/et\/poola-keele-grammatika-harjutused\/\"]}]},{\"@type\":\"ImageObject\",\"inLanguage\":\"et\",\"@id\":\"https:\/\/talkpal.ai\/et\/poola-keele-grammatika-harjutused\/#primaryimage\",\"url\":\"https:\/\/talkpal.ai\/wp-content\/uploads\/2023\/05\/poland.png\",\"contentUrl\":\"https:\/\/talkpal.ai\/wp-content\/uploads\/2023\/05\/poland.png\",\"width\":512,\"height\":512},{\"@type\":\"BreadcrumbList\",\"@id\":\"https:\/\/talkpal.ai\/et\/poola-keele-grammatika-harjutused\/#breadcrumb\",\"itemListElement\":[{\"@type\":\"ListItem\",\"position\":1,\"name\":\"Homepage\",\"item\":\"https:\/\/talkpal.ai\/et\/\"},{\"@type\":\"ListItem\",\"position\":2,\"name\":\"Poola keele grammatika harjutused\"}]},{\"@type\":\"WebSite\",\"@id\":\"https:\/\/talkpal.ai\/et\/#website\",\"url\":\"https:\/\/talkpal.ai\/et\/\",\"name\":\"Talkpal\",\"description\":\"AI Language Learning\",\"publisher\":{\"@id\":\"https:\/\/talkpal.ai\/et\/#organization\"},\"alternateName\":\"Talkpal AI\",\"potentialAction\":[{\"@type\":\"SearchAction\",\"target\":{\"@type\":\"EntryPoint\",\"urlTemplate\":\"https:\/\/talkpal.ai\/et\/?s={search_term_string}\"},\"query-input\":{\"@type\":\"PropertyValueSpecification\",\"valueRequired\":true,\"valueName\":\"search_term_string\"}}],\"inLanguage\":\"et\"},{\"@type\":\"Organization\",\"@id\":\"https:\/\/talkpal.ai\/et\/#organization\",\"name\":\"Talkpal, Inc.\",\"alternateName\":\"Talkpal AI\",\"url\":\"https:\/\/talkpal.ai\/et\/\",\"logo\":{\"@type\":\"ImageObject\",\"inLanguage\":\"et\",\"@id\":\"https:\/\/talkpal.ai\/et\/#\/schema\/logo\/image\/\",\"url\":\"https:\/\/talkpal.ai\/wp-content\/uploads\/2024\/03\/Talkpal-Logo-Icon.png\",\"contentUrl\":\"https:\/\/talkpal.ai\/wp-content\/uploads\/2024\/03\/Talkpal-Logo-Icon.png\",\"width\":2880,\"height\":2880,\"caption\":\"Talkpal, Inc.\"},\"image\":{\"@id\":\"https:\/\/talkpal.ai\/et\/#\/schema\/logo\/image\/\"},\"sameAs\":[\"https:\/\/www.facebook.com\/profile.php?id=100090733639311\",\"https:\/\/x.com\/talkpalai\",\"https:\/\/www.linkedin.com\/company\/talkpal\/\",\"https:\/\/www.youtube.com\/@TalkPal\/\",\"https:\/\/www.tiktok.com\/@talkpal\",\"https:\/\/www.instagram.com\/talkpal_ai\/\",\"https:\/\/www.crunchbase.com\/organization\/talkpal-9cde\",\"https:\/\/www.g2.com\/products\/talkpal-for-business\/\",\"https:\/\/www.trustpilot.com\/review\/talkpal.ai\",\"https:\/\/www.capterra.com\/p\/10006800\/TalkPal\/\"],\"description\":\"Talkpal is a language learning web and mobile education app, powered by the latest AI technologies, that provides engaging experiences to its customers in many different languages to help them improve their language skills. Users can chat about unlimited amount of topics with the app and use other modes to practice their language learning.\",\"email\":\"support@talkpal.ai\",\"legalName\":\"Talkpal, Inc.\",\"foundingDate\":\"2023-04-03\",\"duns\":\"118989042\",\"numberOfEmployees\":{\"@type\":\"QuantitativeValue\",\"minValue\":\"11\",\"maxValue\":\"50\"},\"publishingPrinciples\":\"https:\/\/talkpal.ai\/publishing-principles\/\",\"actionableFeedbackPolicy\":\"https:\/\/talkpal.ai\/actionable-feedback-policy\/\",\"correctionsPolicy\":\"https:\/\/talkpal.ai\/corrections-policy\/\",\"ethicsPolicy\":\"https:\/\/talkpal.ai\/ethics-policy\/\",\"diversityPolicy\":\"https:\/\/talkpal.ai\/diversity-policy\/\",\"diversityStaffingReport\":\"https:\/\/talkpal.ai\/diversity-policy\/\"}]}<\/script>\n<!-- \/ Yoast SEO Premium plugin. -->","yoast_head_json":{"title":"Poola keele grammatika harjutused - Talkpal","description":"\u00d5ppige poola keele grammatikat interaktiivsete harjutustega, mis on m\u00f5eldud k\u00f5igile tasemetele. Harjuta ja t\u00e4iusta oma keeleoskust!","robots":{"index":"index","follow":"follow","max-snippet":"max-snippet:-1","max-image-preview":"max-image-preview:large","max-video-preview":"max-video-preview:-1"},"canonical":"https:\/\/talkpal.ai\/et\/poola-keele-grammatika-harjutused\/","og_locale":"et_EE","og_type":"article","og_title":"Poola keele grammatika harjutused","og_description":"Poola keele grammatika teemad Poola keel, l\u00e4\u00e4neslaavi keel, on Poola emakeel ja seda r\u00e4\u00e4givad miljonid inimesed kogu maailmas. Oma keeruka","og_url":"https:\/\/talkpal.ai\/et\/poola-keele-grammatika-harjutused\/","og_site_name":"Talkpal","article_publisher":"https:\/\/www.facebook.com\/profile.php?id=100090733639311","article_modified_time":"2025-12-17T09:55:00+00:00","og_image":[{"width":512,"height":512,"url":"https:\/\/talkpal.ai\/wp-content\/uploads\/2023\/05\/poland.png","type":"image\/png"}],"twitter_card":"summary_large_image","twitter_site":"@talkpalai","twitter_misc":{"Est. reading time":"2 minutit"},"schema":{"@context":"https:\/\/schema.org","@graph":[{"@type":"WebPage","@id":"https:\/\/talkpal.ai\/et\/poola-keele-grammatika-harjutused\/","url":"https:\/\/talkpal.ai\/et\/poola-keele-grammatika-harjutused\/","name":"Poola keele grammatika harjutused - Talkpal","isPartOf":{"@id":"https:\/\/talkpal.ai\/et\/#website"},"primaryImageOfPage":{"@id":"https:\/\/talkpal.ai\/et\/poola-keele-grammatika-harjutused\/#primaryimage"},"image":{"@id":"https:\/\/talkpal.ai\/et\/poola-keele-grammatika-harjutused\/#primaryimage"},"thumbnailUrl":"https:\/\/talkpal.ai\/wp-content\/uploads\/2023\/05\/poland.png","datePublished":"2023-06-27T09:07:34+00:00","dateModified":"2025-12-17T09:55:00+00:00","description":"\u00d5ppige poola keele grammatikat interaktiivsete harjutustega, mis on m\u00f5eldud k\u00f5igile tasemetele. Harjuta ja t\u00e4iusta oma keeleoskust!","breadcrumb":{"@id":"https:\/\/talkpal.ai\/et\/poola-keele-grammatika-harjutused\/#breadcrumb"},"inLanguage":"et","potentialAction":[{"@type":"ReadAction","target":["https:\/\/talkpal.ai\/et\/poola-keele-grammatika-harjutused\/"]}]},{"@type":"ImageObject","inLanguage":"et","@id":"https:\/\/talkpal.ai\/et\/poola-keele-grammatika-harjutused\/#primaryimage","url":"https:\/\/talkpal.ai\/wp-content\/uploads\/2023\/05\/poland.png","contentUrl":"https:\/\/talkpal.ai\/wp-content\/uploads\/2023\/05\/poland.png","width":512,"height":512},{"@type":"BreadcrumbList","@id":"https:\/\/talkpal.ai\/et\/poola-keele-grammatika-harjutused\/#breadcrumb","itemListElement":[{"@type":"ListItem","position":1,"name":"Homepage","item":"https:\/\/talkpal.ai\/et\/"},{"@type":"ListItem","position":2,"name":"Poola keele grammatika harjutused"}]},{"@type":"WebSite","@id":"https:\/\/talkpal.ai\/et\/#website","url":"https:\/\/talkpal.ai\/et\/","name":"Talkpal","description":"AI Language Learning","publisher":{"@id":"https:\/\/talkpal.ai\/et\/#organization"},"alternateName":"Talkpal AI","potentialAction":[{"@type":"SearchAction","target":{"@type":"EntryPoint","urlTemplate":"https:\/\/talkpal.ai\/et\/?s={search_term_string}"},"query-input":{"@type":"PropertyValueSpecification","valueRequired":true,"valueName":"search_term_string"}}],"inLanguage":"et"},{"@type":"Organization","@id":"https:\/\/talkpal.ai\/et\/#organization","name":"Talkpal, Inc.","alternateName":"Talkpal AI","url":"https:\/\/talkpal.ai\/et\/","logo":{"@type":"ImageObject","inLanguage":"et","@id":"https:\/\/talkpal.ai\/et\/#\/schema\/logo\/image\/","url":"https:\/\/talkpal.ai\/wp-content\/uploads\/2024\/03\/Talkpal-Logo-Icon.png","contentUrl":"https:\/\/talkpal.ai\/wp-content\/uploads\/2024\/03\/Talkpal-Logo-Icon.png","width":2880,"height":2880,"caption":"Talkpal, Inc."},"image":{"@id":"https:\/\/talkpal.ai\/et\/#\/schema\/logo\/image\/"},"sameAs":["https:\/\/www.facebook.com\/profile.php?id=100090733639311","https:\/\/x.com\/talkpalai","https:\/\/www.linkedin.com\/company\/talkpal\/","https:\/\/www.youtube.com\/@TalkPal\/","https:\/\/www.tiktok.com\/@talkpal","https:\/\/www.instagram.com\/talkpal_ai\/","https:\/\/www.crunchbase.com\/organization\/talkpal-9cde","https:\/\/www.g2.com\/products\/talkpal-for-business\/","https:\/\/www.trustpilot.com\/review\/talkpal.ai","https:\/\/www.capterra.com\/p\/10006800\/TalkPal\/"],"description":"Talkpal is a language learning web and mobile education app, powered by the latest AI technologies, that provides engaging experiences to its customers in many different languages to help them improve their language skills. Users can chat about unlimited amount of topics with the app and use other modes to practice their language learning.","email":"support@talkpal.ai","legalName":"Talkpal, Inc.","foundingDate":"2023-04-03","duns":"118989042","numberOfEmployees":{"@type":"QuantitativeValue","minValue":"11","maxValue":"50"},"publishingPrinciples":"https:\/\/talkpal.ai\/publishing-principles\/","actionableFeedbackPolicy":"https:\/\/talkpal.ai\/actionable-feedback-policy\/","correctionsPolicy":"https:\/\/talkpal.ai\/corrections-policy\/","ethicsPolicy":"https:\/\/talkpal.ai\/ethics-policy\/","diversityPolicy":"https:\/\/talkpal.ai\/diversity-policy\/","diversityStaffingReport":"https:\/\/talkpal.ai\/diversity-policy\/"}]}},"_links":{"self":[{"href":"https:\/\/talkpal.ai\/et\/wp-json\/wp\/v2\/pages\/157794","targetHints":{"allow":["GET"]}}],"collection":[{"href":"https:\/\/talkpal.ai\/et\/wp-json\/wp\/v2\/pages"}],"about":[{"href":"https:\/\/talkpal.ai\/et\/wp-json\/wp\/v2\/types\/page"}],"author":[{"embeddable":true,"href":"https:\/\/talkpal.ai\/et\/wp-json\/wp\/v2\/users\/6"}],"replies":[{"embeddable":true,"href":"https:\/\/talkpal.ai\/et\/wp-json\/wp\/v2\/comments?post=157794"}],"version-history":[{"count":0,"href":"https:\/\/talkpal.ai\/et\/wp-json\/wp\/v2\/pages\/157794\/revisions"}],"wp:featuredmedia":[{"embeddable":true,"href":"https:\/\/talkpal.ai\/et\/wp-json\/wp\/v2\/media\/117461"}],"wp:attachment":[{"href":"https:\/\/talkpal.ai\/et\/wp-json\/wp\/v2\/media?parent=157794"}],"curies":[{"name":"wp","href":"https:\/\/api.w.org\/{rel}","templated":true}]}}