{"id":156775,"date":"2023-06-28T13:54:56","date_gmt":"2023-06-28T13:54:56","guid":{"rendered":"http:\/\/talkpal.ai\/sloveenia-keele-grammatika-harjutused\/"},"modified":"2025-12-17T09:59:01","modified_gmt":"2025-12-17T09:59:01","slug":"sloveenia-keele-grammatika-harjutused","status":"publish","type":"page","link":"https:\/\/talkpal.ai\/et\/sloveenia-keele-grammatika-harjutused\/","title":{"rendered":"Sloveenia keele grammatika harjutused"},"content":{"rendered":"\r\n\r\n\r\n<section class=\"languageChallengeSection\">\r\n    <div class=\"languageInfoWrapper\">\r\n        \r\n        <h1>Sloveenia keele grammatika harjutused<\/h1>\r\n        <p>Kas olete valmis oma sloveeni keele oskuse j\u00e4rgmisele tasemele viima? Grammatikaharjutuste tegemine on suurep\u00e4rane v\u00f5imalus omandada lauseehitust, verbil\u00f5pusid ja sloveeni keele unikaalseid mustreid. Alusta <a href=\"https:\/\/talkpal.ai\/learn-slovenian\/\">Sloveenia<\/a> keele <a href=\"https:\/\/talkpal.ai\/greek-grammar\/\">grammatika<\/a> \u00f5ppimist juba t\u00e4na ja vaata, kuidas su enesekindlus ja suuline keeleoskus <a href=\"https:\/\/talkpal.ai\/locations\/language-courses-in-iga\/\">iga<\/a> harjutusega paraneb!<\/p>\r\n\r\n                            <a class=\"getStartedHidden\" href=\"https:\/\/app.talkpal.ai\/et\/signup?lng=\">Alusta<\/a>\r\n        \r\n    <\/div>\r\n\r\n    <figure>\r\n    <img decoding=\"async\" width=\"768\" height=\"768\" src=\"https:\/\/talkpal.ai\/wp-content\/uploads\/2023\/06\/slovenian-768x768.png\" class=\"languageImage no-lazy\" alt=\"Language learning for broader perspectives\" fetchpriority=\"high\" sizes=\"(max-width: 768px) 150px, 768px\" srcset=\"https:\/\/talkpal.ai\/wp-content\/uploads\/2023\/06\/slovenian-768x768.png 768w, https:\/\/talkpal.ai\/wp-content\/uploads\/2023\/06\/slovenian-300x300.png 300w\" \/>\r\n    \r\n\r\n    <\/figure>\r\n\r\n            <a class=\"getStartedVisible\" href=\"https:\/\/app.talkpal.ai\/et\/signup?lng=\">Alusta<\/a>\r\n    \r\n<\/section>\r\n\r\n\r\n<!-- <section class=\"grammarSection\">\r\n    <div class=\"grammarLinks\">\r\n            <\/div>\r\n<\/section> -->\r\n\r\n\r\n\r\n\r\n<section class=\"promotionalBanner\">\r\n    <p class=\"promotionalText\">K\u00f5ige t\u00f5husam viis keele \u00f5ppimiseks<\/p>\r\n    <a class=\"promotionalLink\" href=\"https:\/\/app.talkpal.ai\/et\/signup?lng=\">Proovige Talkpal tasuta<\/a>\r\n<\/section>\n<div class=\"wp-block-group pageContainerStyle\"><div class=\"wp-block-group__inner-container is-layout-constrained wp-block-group-is-layout-constrained\">\n<h2 class=\"wp-block-heading\" id=\"h-slovenian-grammar-topics\">Sloveenia keele grammatika teemad<\/h2>\n\n\n\n<p><a href=\"https:\/\/talkpal.ai\/et\/opi-sloveeni-keel\/\">Sloveeni keel<\/a>, tuntud ka kui sloveeni, on l\u00f5unaslaavi keel, mida r\u00e4\u00e4gitakse peamiselt Sloveenias. See on \u00fcks Euroopa Liidu 24 ametlikust ja t\u00f6\u00f6keelest. Sloveenia keele <a href=\"https:\/\/talkpal.ai\/et\/oppimine\/\">\u00f5ppimine<\/a> n\u00f5uab arusaamist erinevatest grammatilistest komponentidest, nagu ajavormid, tegus\u00f5nad, nimis\u00f5nad, artiklid jne. \u00d5ppeprotsessi struktureeritumaks ja t\u00f5husamaks muutmiseks soovitatakse j\u00e4rgmist teemade jada.<\/p>\n\n\n\n<h3 class=\"wp-block-heading\" id=\"h-1-nouns-and-articles\">1. Nimis\u00f5nad ja artiklid:<\/h3>\n\n\n\n<p>Alustage <a href=\"https:\/\/talkpal.ai\/slovenian-grammar\/\">sloveeni keele grammatika<\/a> p\u00f5hit\u00f5dedest &#8211; nimis\u00f5nadest ja artiklitest. M\u00f5ista soo (mehelik, naiselik, neuter) ja arvu (ainsus, kahekordne, mitmus) m\u00f5istet sloveeni nimis\u00f5nades. Tunnistage kindlaid ja m\u00e4\u00e4ramata artikleid ning nende kasutamist.<\/p>\n\n\n\n<h3 class=\"wp-block-heading\" id=\"h-2-adjectives\">2. Omaduss\u00f5nad:<\/h3>\n\n\n\n<p>P\u00e4rast nimis\u00f5nade m\u00f5istmist j\u00e4tkake omaduss\u00f5nadega. Lisateave omaduss\u00f5nade deklinatsiooni kohta soos, arvus ja juhtumis. Samuti m\u00f5ista v\u00f5rdlevaid ja \u00fcliv\u00f5rdeid vorme.<\/p>\n\n\n\n<h3 class=\"wp-block-heading\" id=\"h-3-pronouns-determiners\">3. Ases\u00f5nad\/m\u00e4\u00e4rajad:<\/h3>\n\n\n\n<p>J\u00e4rgmisena keskenduge ases\u00f5nadele ja m\u00e4\u00e4rajatele. Need on lause moodustamisel olulised ja neil on tihe seos nimis\u00f5nade ja omaduss\u00f5nadega.<\/p>\n\n\n\n<h3 class=\"wp-block-heading\" id=\"h-4-verbs\">4. Tegus\u00f5nad:<\/h3>\n\n\n\n<p>Tutvuge sloveeni verbidega. Siit saate teada kolme konjugatsioonimustri, modaalsete verbide ja refleksiivsete verbide kohta.<\/p>\n\n\n\n<h3 class=\"wp-block-heading\" id=\"h-5-tenses\">5. Ajavormid:<\/h3>\n\n\n\n<p>Sloveeniakeeles on ainult kolm ajavormi &#8211; minevik, olevik ja tulevik. Uurige iga pinget \u00fcksikasjalikult koos nende kasutusreeglitega.<\/p>\n\n\n\n<h3 class=\"wp-block-heading\" id=\"h-6-tense-comparison\">6. Pingeline v\u00f5rdlus:<\/h3>\n\n\n\n<p>P\u00e4rast \u00fcksikute aegade m\u00f5istmist \u00f5ppige nende v\u00f5rdlust. See aitab teil valida \u00f5ige pinge vastavalt olukorrale.<\/p>\n\n\n\n<h3 class=\"wp-block-heading\" id=\"h-7-progressive-and-perfect-progressive\">7. Progressiivne ja t\u00e4iuslik progressiivne:<\/h3>\n\n\n\n<p>Sloveeni keelel ei ole otsest vastet <a href=\"https:\/\/talkpal.ai\/learn-english\/\">inglise<\/a> progressiivsetele ja t\u00e4iuslikele progressiivsetele aegadele. Siiski \u00f5ppige, kuidas v\u00e4ljendada k\u00e4imasolevaid v\u00f5i l\u00f5petatud meetmeid sloveeni keeles.<\/p>\n\n\n\n<h3 class=\"wp-block-heading\" id=\"h-8-adverbs\">8. M\u00e4\u00e4rs\u00f5nad:<\/h3>\n\n\n\n<p>Nad muudavad tegus\u00f5nu, omaduss\u00f5nu v\u00f5i muid m\u00e4\u00e4rs\u00f5nu. Lisateave adverbide t\u00fc\u00fcpide ja nende paigutuse kohta lauses.<\/p>\n\n\n\n<h3 class=\"wp-block-heading\" id=\"h-9-prepositions\">9. Eess\u00f5nad:<\/h3>\n\n\n\n<p>Nad seovad s\u00f5nu teiste s\u00f5nadega. M\u00f5ista Sloveenia eess\u00f5nu ja nende juhtumeid.<\/p>\n\n\n\n<h3 class=\"wp-block-heading\" id=\"h-10-conditionals\">10. Tingimused:<\/h3>\n\n\n\n<p>\u00d5ppige tingimuslikke lauseid h\u00fcpoteetiliste olukordade ja nende tagaj\u00e4rgede v\u00e4ljendamiseks.<\/p>\n\n\n\n<h3 class=\"wp-block-heading\" id=\"h-11-sentences\">11. Laused:<\/h3>\n\n\n\n<p>L\u00f5puks harjutage lausete koostamist \u00f5pitud grammatikareeglite abil. See parandab teie kirjutamis- ja vestlusoskust sloveeni keeles.<\/p>\n<\/div><\/div>\n\r\n<section class=\"learnNavigationSection\">\r\n            \r\n        <a href=\"https:\/\/talkpal.ai\/et\/opi-sloveeni-keel\/\">\r\n            <div class=\"learnNavigationWrapper\">\r\n                <div class=\"learnNavigationContent\">\r\n                    <img decoding=\"async\" src=\"https:\/\/talkpal.ai\/wp-content\/uploads\/2024\/08\/Slovenian.jpg\" alt=\"Slovenian Flag\">\r\n                    <div>\r\n                        <h4>Sloveenia \u00f5ppimise kohta<\/h4>\r\n                        <p>Siit leiate k\u00f5ike sloveeni keele grammatika kohta.<\/p>\r\n                    <\/div>\r\n                <\/div>\r\n            <\/div>\r\n        <\/a>\r\n\r\n        \r\n        <a href=\"https:\/\/talkpal.ai\/et\/sloveeni-keele-grammatika\/\">\r\n            <div class=\"learnNavigationWrapper\">\r\n                <div class=\"learnNavigationContent\">\r\n                    <img decoding=\"async\" src=\"https:\/\/talkpal.ai\/wp-content\/uploads\/2024\/08\/Slovenian.jpg\" alt=\"Slovenian Flag\">\r\n                    <div>\r\n                        <h4>Sloveenia keele grammatikatunnid<\/h4>\r\n                        <p>Harjutage sloveeni keele grammatikat.<\/p>\r\n                    <\/div>\r\n                <\/div>\r\n            <\/div>\r\n        <\/a>\r\n\r\n        \r\n        <a href=\"https:\/\/talkpal.ai\/vocabulary_language\/slovenian\/\">\r\n            <div class=\"learnNavigationWrapper\">\r\n                <div class=\"learnNavigationContent\">\r\n                    <img decoding=\"async\" src=\"https:\/\/talkpal.ai\/wp-content\/uploads\/2024\/08\/Slovenian.jpg\" alt=\"Slovenian Flag\">\r\n                    <div>\r\n                        <h4>Sloveenia keele s\u00f5navara<\/h4>\r\n                        <p>Laiendage oma sloveeni keele s\u00f5navara.<\/p>\r\n                    <\/div>\r\n                <\/div>\r\n            <\/div>\r\n        <\/a>\r\n\r\n            <\/section>","protected":false},"excerpt":{"rendered":"<p>Sloveenia keele grammatika teemad Sloveeni keel, tuntud ka kui sloveeni, on l\u00f5unaslaavi keel, mida r\u00e4\u00e4gitakse peamiselt Sloveenias. See on \u00fcks Euroopa Liidu 24 ametlikust ja t\u00f6\u00f6keelest. Sloveenia keele \u00f5ppimine n\u00f5uab arusaamist erinevatest grammatilistest komponentidest, nagu ajavormid, tegus\u00f5nad, nimis\u00f5nad, artiklid jne. \u00d5ppeprotsessi struktureeritumaks ja t\u00f5husamaks muutmiseks soovitatakse j\u00e4rgmist teemade jada. 1. Nimis\u00f5nad ja artiklid: Alustage sloveeni [&hellip;]<\/p>\n","protected":false},"author":6,"featured_media":119600,"parent":0,"menu_order":0,"comment_status":"closed","ping_status":"closed","template":"LearningContentPage.php","meta":{"_acf_changed":false,"footnotes":""},"class_list":["post-156775","page","type-page","status-publish","has-post-thumbnail","hentry"],"acf":[],"yoast_head":"<!-- This site is optimized with the Yoast SEO Premium plugin v27.2 (Yoast SEO v27.2) - https:\/\/yoast.com\/product\/yoast-seo-premium-wordpress\/ -->\n<title>Sloveenia keele grammatika harjutused - Talkpal<\/title>\n<meta name=\"description\" content=\"Parandage oma sloveeni keele grammatikaoskust interaktiivsete harjutuste abil, mis on m\u00f5eldud k\u00f5igile tasemetele. Parandage oma keele\u00f5ppeprotsessi juba t\u00e4na!\" \/>\n<meta name=\"robots\" content=\"index, follow, max-snippet:-1, max-image-preview:large, max-video-preview:-1\" \/>\n<link rel=\"canonical\" href=\"https:\/\/talkpal.ai\/et\/sloveenia-keele-grammatika-harjutused\/\" \/>\n<meta property=\"og:locale\" content=\"et_EE\" \/>\n<meta property=\"og:type\" content=\"article\" \/>\n<meta property=\"og:title\" content=\"Sloveenia keele grammatika harjutused\" \/>\n<meta property=\"og:description\" content=\"Sloveenia keele grammatika teemad Sloveeni keel, tuntud ka kui sloveeni, on l\u00f5unaslaavi keel, mida r\u00e4\u00e4gitakse peamiselt Sloveenias. See on \u00fcks Euroopa\" \/>\n<meta property=\"og:url\" content=\"https:\/\/talkpal.ai\/et\/sloveenia-keele-grammatika-harjutused\/\" \/>\n<meta property=\"og:site_name\" content=\"Talkpal\" \/>\n<meta property=\"article:publisher\" content=\"https:\/\/www.facebook.com\/profile.php?id=100090733639311\" \/>\n<meta property=\"article:modified_time\" content=\"2025-12-17T09:59:01+00:00\" \/>\n<meta property=\"og:image\" content=\"https:\/\/talkpal.ai\/wp-content\/uploads\/2023\/05\/slovenia.png\" \/>\n\t<meta property=\"og:image:width\" content=\"512\" \/>\n\t<meta property=\"og:image:height\" content=\"512\" \/>\n\t<meta property=\"og:image:type\" content=\"image\/png\" \/>\n<meta name=\"twitter:card\" content=\"summary_large_image\" \/>\n<meta name=\"twitter:site\" content=\"@talkpalai\" \/>\n<meta name=\"twitter:label1\" content=\"Est. reading time\" \/>\n\t<meta name=\"twitter:data1\" content=\"2 minutit\" \/>\n<script type=\"application\/ld+json\" class=\"yoast-schema-graph\">{\"@context\":\"https:\/\/schema.org\",\"@graph\":[{\"@type\":\"WebPage\",\"@id\":\"https:\/\/talkpal.ai\/et\/sloveenia-keele-grammatika-harjutused\/\",\"url\":\"https:\/\/talkpal.ai\/et\/sloveenia-keele-grammatika-harjutused\/\",\"name\":\"Sloveenia keele grammatika harjutused - Talkpal\",\"isPartOf\":{\"@id\":\"https:\/\/talkpal.ai\/et\/#website\"},\"primaryImageOfPage\":{\"@id\":\"https:\/\/talkpal.ai\/et\/sloveenia-keele-grammatika-harjutused\/#primaryimage\"},\"image\":{\"@id\":\"https:\/\/talkpal.ai\/et\/sloveenia-keele-grammatika-harjutused\/#primaryimage\"},\"thumbnailUrl\":\"https:\/\/talkpal.ai\/wp-content\/uploads\/2023\/05\/slovenia.png\",\"datePublished\":\"2023-06-28T13:54:56+00:00\",\"dateModified\":\"2025-12-17T09:59:01+00:00\",\"description\":\"Parandage oma sloveeni keele grammatikaoskust interaktiivsete harjutuste abil, mis on m\u00f5eldud k\u00f5igile tasemetele. Parandage oma keele\u00f5ppeprotsessi juba t\u00e4na!\",\"breadcrumb\":{\"@id\":\"https:\/\/talkpal.ai\/et\/sloveenia-keele-grammatika-harjutused\/#breadcrumb\"},\"inLanguage\":\"et\",\"potentialAction\":[{\"@type\":\"ReadAction\",\"target\":[\"https:\/\/talkpal.ai\/et\/sloveenia-keele-grammatika-harjutused\/\"]}]},{\"@type\":\"ImageObject\",\"inLanguage\":\"et\",\"@id\":\"https:\/\/talkpal.ai\/et\/sloveenia-keele-grammatika-harjutused\/#primaryimage\",\"url\":\"https:\/\/talkpal.ai\/wp-content\/uploads\/2023\/05\/slovenia.png\",\"contentUrl\":\"https:\/\/talkpal.ai\/wp-content\/uploads\/2023\/05\/slovenia.png\",\"width\":512,\"height\":512},{\"@type\":\"BreadcrumbList\",\"@id\":\"https:\/\/talkpal.ai\/et\/sloveenia-keele-grammatika-harjutused\/#breadcrumb\",\"itemListElement\":[{\"@type\":\"ListItem\",\"position\":1,\"name\":\"Homepage\",\"item\":\"https:\/\/talkpal.ai\/et\/\"},{\"@type\":\"ListItem\",\"position\":2,\"name\":\"Sloveenia keele grammatika harjutused\"}]},{\"@type\":\"WebSite\",\"@id\":\"https:\/\/talkpal.ai\/et\/#website\",\"url\":\"https:\/\/talkpal.ai\/et\/\",\"name\":\"Talkpal\",\"description\":\"AI Language Learning\",\"publisher\":{\"@id\":\"https:\/\/talkpal.ai\/et\/#organization\"},\"alternateName\":\"Talkpal AI\",\"potentialAction\":[{\"@type\":\"SearchAction\",\"target\":{\"@type\":\"EntryPoint\",\"urlTemplate\":\"https:\/\/talkpal.ai\/et\/?s={search_term_string}\"},\"query-input\":{\"@type\":\"PropertyValueSpecification\",\"valueRequired\":true,\"valueName\":\"search_term_string\"}}],\"inLanguage\":\"et\"},{\"@type\":\"Organization\",\"@id\":\"https:\/\/talkpal.ai\/et\/#organization\",\"name\":\"Talkpal, Inc.\",\"alternateName\":\"Talkpal AI\",\"url\":\"https:\/\/talkpal.ai\/et\/\",\"logo\":{\"@type\":\"ImageObject\",\"inLanguage\":\"et\",\"@id\":\"https:\/\/talkpal.ai\/et\/#\/schema\/logo\/image\/\",\"url\":\"https:\/\/talkpal.ai\/wp-content\/uploads\/2024\/03\/Talkpal-Logo-Icon.png\",\"contentUrl\":\"https:\/\/talkpal.ai\/wp-content\/uploads\/2024\/03\/Talkpal-Logo-Icon.png\",\"width\":2880,\"height\":2880,\"caption\":\"Talkpal, Inc.\"},\"image\":{\"@id\":\"https:\/\/talkpal.ai\/et\/#\/schema\/logo\/image\/\"},\"sameAs\":[\"https:\/\/www.facebook.com\/profile.php?id=100090733639311\",\"https:\/\/x.com\/talkpalai\",\"https:\/\/www.linkedin.com\/company\/talkpal\/\",\"https:\/\/www.youtube.com\/@TalkPal\/\",\"https:\/\/www.tiktok.com\/@talkpal\",\"https:\/\/www.instagram.com\/talkpal_ai\/\",\"https:\/\/www.crunchbase.com\/organization\/talkpal-9cde\",\"https:\/\/www.g2.com\/products\/talkpal-for-business\/\",\"https:\/\/www.trustpilot.com\/review\/talkpal.ai\",\"https:\/\/www.capterra.com\/p\/10006800\/TalkPal\/\"],\"description\":\"Talkpal is a language learning web and mobile education app, powered by the latest AI technologies, that provides engaging experiences to its customers in many different languages to help them improve their language skills. Users can chat about unlimited amount of topics with the app and use other modes to practice their language learning.\",\"email\":\"support@talkpal.ai\",\"legalName\":\"Talkpal, Inc.\",\"foundingDate\":\"2023-04-03\",\"duns\":\"118989042\",\"numberOfEmployees\":{\"@type\":\"QuantitativeValue\",\"minValue\":\"11\",\"maxValue\":\"50\"},\"publishingPrinciples\":\"https:\/\/talkpal.ai\/publishing-principles\/\",\"actionableFeedbackPolicy\":\"https:\/\/talkpal.ai\/actionable-feedback-policy\/\",\"correctionsPolicy\":\"https:\/\/talkpal.ai\/corrections-policy\/\",\"ethicsPolicy\":\"https:\/\/talkpal.ai\/ethics-policy\/\",\"diversityPolicy\":\"https:\/\/talkpal.ai\/diversity-policy\/\",\"diversityStaffingReport\":\"https:\/\/talkpal.ai\/diversity-policy\/\"}]}<\/script>\n<!-- \/ Yoast SEO Premium plugin. -->","yoast_head_json":{"title":"Sloveenia keele grammatika harjutused - Talkpal","description":"Parandage oma sloveeni keele grammatikaoskust interaktiivsete harjutuste abil, mis on m\u00f5eldud k\u00f5igile tasemetele. Parandage oma keele\u00f5ppeprotsessi juba t\u00e4na!","robots":{"index":"index","follow":"follow","max-snippet":"max-snippet:-1","max-image-preview":"max-image-preview:large","max-video-preview":"max-video-preview:-1"},"canonical":"https:\/\/talkpal.ai\/et\/sloveenia-keele-grammatika-harjutused\/","og_locale":"et_EE","og_type":"article","og_title":"Sloveenia keele grammatika harjutused","og_description":"Sloveenia keele grammatika teemad Sloveeni keel, tuntud ka kui sloveeni, on l\u00f5unaslaavi keel, mida r\u00e4\u00e4gitakse peamiselt Sloveenias. See on \u00fcks Euroopa","og_url":"https:\/\/talkpal.ai\/et\/sloveenia-keele-grammatika-harjutused\/","og_site_name":"Talkpal","article_publisher":"https:\/\/www.facebook.com\/profile.php?id=100090733639311","article_modified_time":"2025-12-17T09:59:01+00:00","og_image":[{"width":512,"height":512,"url":"https:\/\/talkpal.ai\/wp-content\/uploads\/2023\/05\/slovenia.png","type":"image\/png"}],"twitter_card":"summary_large_image","twitter_site":"@talkpalai","twitter_misc":{"Est. reading time":"2 minutit"},"schema":{"@context":"https:\/\/schema.org","@graph":[{"@type":"WebPage","@id":"https:\/\/talkpal.ai\/et\/sloveenia-keele-grammatika-harjutused\/","url":"https:\/\/talkpal.ai\/et\/sloveenia-keele-grammatika-harjutused\/","name":"Sloveenia keele grammatika harjutused - Talkpal","isPartOf":{"@id":"https:\/\/talkpal.ai\/et\/#website"},"primaryImageOfPage":{"@id":"https:\/\/talkpal.ai\/et\/sloveenia-keele-grammatika-harjutused\/#primaryimage"},"image":{"@id":"https:\/\/talkpal.ai\/et\/sloveenia-keele-grammatika-harjutused\/#primaryimage"},"thumbnailUrl":"https:\/\/talkpal.ai\/wp-content\/uploads\/2023\/05\/slovenia.png","datePublished":"2023-06-28T13:54:56+00:00","dateModified":"2025-12-17T09:59:01+00:00","description":"Parandage oma sloveeni keele grammatikaoskust interaktiivsete harjutuste abil, mis on m\u00f5eldud k\u00f5igile tasemetele. Parandage oma keele\u00f5ppeprotsessi juba t\u00e4na!","breadcrumb":{"@id":"https:\/\/talkpal.ai\/et\/sloveenia-keele-grammatika-harjutused\/#breadcrumb"},"inLanguage":"et","potentialAction":[{"@type":"ReadAction","target":["https:\/\/talkpal.ai\/et\/sloveenia-keele-grammatika-harjutused\/"]}]},{"@type":"ImageObject","inLanguage":"et","@id":"https:\/\/talkpal.ai\/et\/sloveenia-keele-grammatika-harjutused\/#primaryimage","url":"https:\/\/talkpal.ai\/wp-content\/uploads\/2023\/05\/slovenia.png","contentUrl":"https:\/\/talkpal.ai\/wp-content\/uploads\/2023\/05\/slovenia.png","width":512,"height":512},{"@type":"BreadcrumbList","@id":"https:\/\/talkpal.ai\/et\/sloveenia-keele-grammatika-harjutused\/#breadcrumb","itemListElement":[{"@type":"ListItem","position":1,"name":"Homepage","item":"https:\/\/talkpal.ai\/et\/"},{"@type":"ListItem","position":2,"name":"Sloveenia keele grammatika harjutused"}]},{"@type":"WebSite","@id":"https:\/\/talkpal.ai\/et\/#website","url":"https:\/\/talkpal.ai\/et\/","name":"Talkpal","description":"AI Language Learning","publisher":{"@id":"https:\/\/talkpal.ai\/et\/#organization"},"alternateName":"Talkpal AI","potentialAction":[{"@type":"SearchAction","target":{"@type":"EntryPoint","urlTemplate":"https:\/\/talkpal.ai\/et\/?s={search_term_string}"},"query-input":{"@type":"PropertyValueSpecification","valueRequired":true,"valueName":"search_term_string"}}],"inLanguage":"et"},{"@type":"Organization","@id":"https:\/\/talkpal.ai\/et\/#organization","name":"Talkpal, Inc.","alternateName":"Talkpal AI","url":"https:\/\/talkpal.ai\/et\/","logo":{"@type":"ImageObject","inLanguage":"et","@id":"https:\/\/talkpal.ai\/et\/#\/schema\/logo\/image\/","url":"https:\/\/talkpal.ai\/wp-content\/uploads\/2024\/03\/Talkpal-Logo-Icon.png","contentUrl":"https:\/\/talkpal.ai\/wp-content\/uploads\/2024\/03\/Talkpal-Logo-Icon.png","width":2880,"height":2880,"caption":"Talkpal, Inc."},"image":{"@id":"https:\/\/talkpal.ai\/et\/#\/schema\/logo\/image\/"},"sameAs":["https:\/\/www.facebook.com\/profile.php?id=100090733639311","https:\/\/x.com\/talkpalai","https:\/\/www.linkedin.com\/company\/talkpal\/","https:\/\/www.youtube.com\/@TalkPal\/","https:\/\/www.tiktok.com\/@talkpal","https:\/\/www.instagram.com\/talkpal_ai\/","https:\/\/www.crunchbase.com\/organization\/talkpal-9cde","https:\/\/www.g2.com\/products\/talkpal-for-business\/","https:\/\/www.trustpilot.com\/review\/talkpal.ai","https:\/\/www.capterra.com\/p\/10006800\/TalkPal\/"],"description":"Talkpal is a language learning web and mobile education app, powered by the latest AI technologies, that provides engaging experiences to its customers in many different languages to help them improve their language skills. Users can chat about unlimited amount of topics with the app and use other modes to practice their language learning.","email":"support@talkpal.ai","legalName":"Talkpal, Inc.","foundingDate":"2023-04-03","duns":"118989042","numberOfEmployees":{"@type":"QuantitativeValue","minValue":"11","maxValue":"50"},"publishingPrinciples":"https:\/\/talkpal.ai\/publishing-principles\/","actionableFeedbackPolicy":"https:\/\/talkpal.ai\/actionable-feedback-policy\/","correctionsPolicy":"https:\/\/talkpal.ai\/corrections-policy\/","ethicsPolicy":"https:\/\/talkpal.ai\/ethics-policy\/","diversityPolicy":"https:\/\/talkpal.ai\/diversity-policy\/","diversityStaffingReport":"https:\/\/talkpal.ai\/diversity-policy\/"}]}},"_links":{"self":[{"href":"https:\/\/talkpal.ai\/et\/wp-json\/wp\/v2\/pages\/156775","targetHints":{"allow":["GET"]}}],"collection":[{"href":"https:\/\/talkpal.ai\/et\/wp-json\/wp\/v2\/pages"}],"about":[{"href":"https:\/\/talkpal.ai\/et\/wp-json\/wp\/v2\/types\/page"}],"author":[{"embeddable":true,"href":"https:\/\/talkpal.ai\/et\/wp-json\/wp\/v2\/users\/6"}],"replies":[{"embeddable":true,"href":"https:\/\/talkpal.ai\/et\/wp-json\/wp\/v2\/comments?post=156775"}],"version-history":[{"count":0,"href":"https:\/\/talkpal.ai\/et\/wp-json\/wp\/v2\/pages\/156775\/revisions"}],"wp:featuredmedia":[{"embeddable":true,"href":"https:\/\/talkpal.ai\/et\/wp-json\/wp\/v2\/media\/119600"}],"wp:attachment":[{"href":"https:\/\/talkpal.ai\/et\/wp-json\/wp\/v2\/media?parent=156775"}],"curies":[{"name":"wp","href":"https:\/\/api.w.org\/{rel}","templated":true}]}}