{"id":156531,"date":"2023-06-28T14:00:55","date_gmt":"2023-06-28T14:00:55","guid":{"rendered":"http:\/\/talkpal.ai\/suahiili-keele-grammatika-harjutused\/"},"modified":"2025-12-17T09:50:09","modified_gmt":"2025-12-17T09:50:09","slug":"suahiili-keele-grammatika-harjutused","status":"publish","type":"page","link":"https:\/\/talkpal.ai\/et\/suahiili-keele-grammatika-harjutused\/","title":{"rendered":"Suahiili keele grammatika harjutused"},"content":{"rendered":"\r\n\r\n\r\n<section class=\"languageChallengeSection\">\r\n    <div class=\"languageInfoWrapper\">\r\n        \r\n        <h1>Suahiili keele grammatika harjutused<\/h1>\r\n        <p>Kas olete valmis oma <a href=\"https:\/\/talkpal.ai\/learn-swahili\/\">suahiili<\/a> keele oskust tugevdama? Sihtotstarbelised grammatikaharjutused on ideaalne viis m\u00f5ista lauseehitust, verbimustreid ja olulisi s\u00f5navorme. Sukeldu <a href=\"https:\/\/talkpal.ai\/swahili-grammar\/\">suahiili keele grammatika<\/a> harjutamisse, et suurendada enesekindlust, laiendada oma s\u00f5navara ja muuta iga vestlus loomulikumaks. Alusta harjutamist juba t\u00e4na ja vaata, kui kiiresti suahiili keel paraneb!<\/p>\r\n\r\n                            <a class=\"getStartedHidden\" href=\"https:\/\/app.talkpal.ai\/et\/signup?lng=\">Alusta<\/a>\r\n        \r\n    <\/div>\r\n\r\n    <figure>\r\n    <img decoding=\"async\" width=\"768\" height=\"768\" src=\"https:\/\/talkpal.ai\/wp-content\/uploads\/2023\/06\/Swahili-768x768.png\" class=\"languageImage no-lazy\" alt=\"Secrets to master language learning\" fetchpriority=\"high\" sizes=\"(max-width: 768px) 150px, 768px\" srcset=\"https:\/\/talkpal.ai\/wp-content\/uploads\/2023\/06\/Swahili-768x768.png 768w, https:\/\/talkpal.ai\/wp-content\/uploads\/2023\/06\/Swahili-300x300.png 300w\" \/>\r\n    \r\n\r\n    <\/figure>\r\n\r\n            <a class=\"getStartedVisible\" href=\"https:\/\/app.talkpal.ai\/et\/signup?lng=\">Alusta<\/a>\r\n    \r\n<\/section>\r\n\r\n\r\n<!-- <section class=\"grammarSection\">\r\n    <div class=\"grammarLinks\">\r\n            <\/div>\r\n<\/section> -->\r\n\r\n\r\n\r\n\r\n<section class=\"promotionalBanner\">\r\n    <p class=\"promotionalText\">K\u00f5ige t\u00f5husam viis keele \u00f5ppimiseks<\/p>\r\n    <a class=\"promotionalLink\" href=\"https:\/\/app.talkpal.ai\/et\/signup?lng=\">Proovige Talkpal tasuta<\/a>\r\n<\/section>\n<div class=\"wp-block-group pageContainerStyle\"><div class=\"wp-block-group__inner-container is-layout-constrained wp-block-group-is-layout-constrained\">\n<h2 class=\"wp-block-heading\" id=\"h-swahili-grammar-topics\">Suahiili grammatika teemad<\/h2>\n\n\n\n<p>Suahiili keele <a href=\"https:\/\/talkpal.ai\/et\/oppimine\/\">\u00f5ppimine<\/a> on p\u00f5nev teekond \u00fchte k\u00f5ige laialdasemalt k\u00f5neldavasse keelde Aafrikas. See on bantu keel, mida r\u00e4\u00e4gitakse peamiselt Ida-Aafrikas ja millel on hinnanguliselt 50\u2013100 miljonit k\u00f5nelejat kogu maailmas. Suahiili keele <a href=\"https:\/\/talkpal.ai\/greek-grammar\/\">grammatika<\/a> on oman\u00e4oline ja pakub p\u00f5nevat vaatenurka keele struktuurile. Suahiili keele t\u00f5husaks \u00f5ppimiseks on \u00fclioluline j\u00e4rgida struktureeritud l\u00e4henemisviisi, keskendudes peamistele grammatikateemadele, nagu ajavormid, tegus\u00f5nad, nimis\u00f5nad, artiklid, ases\u00f5nad \/ m\u00e4\u00e4rajad, omaduss\u00f5nad, m\u00e4\u00e4rs\u00f5nad, tingimused, eess\u00f5nad ja lauseehitus. K\u00f5ik need komponendid on keele m\u00f5istmise ja valdamise lahutamatu osa.<\/p>\n\n\n\n<h3 class=\"wp-block-heading\" id=\"h-1-nouns\">1. Nimis\u00f5nad:<\/h3>\n\n\n\n<p>Alustage suahiili nimis\u00f5nade \u00f5ppimisega. Suahiili keeles liigitatakse nimis\u00f5nad nimis\u00f5naklasside j\u00e4rgi, mis m\u00f5jutab nendega seotud omaduss\u00f5nade, ases\u00f5nade ja tegus\u00f5nade vormi. Nende nimis\u00f5naklasside m\u00f5istmine on <a href=\"https:\/\/talkpal.ai\/swahili-grammar\/\">suahiili grammatika<\/a> muude aspektide \u00f5ppimise alus.<\/p>\n\n\n\n<h3 class=\"wp-block-heading\" id=\"h-2-articles\">2. Artiklid:<\/h3>\n\n\n\n<p>Kui olete nimis\u00f5nadest aru saanud, liikuge artiklite juurde. Suahiili keeles ei ole kindlaid ega m\u00e4\u00e4ramata artikleid nagu &#8220;a&#8221;, &#8220;an&#8221; v\u00f5i &#8220;the&#8221;. Samas m\u00e4ngib substantiivide klasside s\u00fcsteem sarnast rolli, seega on oluline seda omandada.<\/p>\n\n\n\n<h3 class=\"wp-block-heading\" id=\"h-3-pronouns-determiners\">3. Ases\u00f5nad\/m\u00e4\u00e4rajad:<\/h3>\n\n\n\n<p>Suahiili keele ases\u00f5nad ja m\u00e4\u00e4rajad muutuvad vastavalt nimis\u00f5na klassile, millele nad viitavad. Nende muudatuste \u00f5ppimine aitab koostada t\u00e4ielikke lauseid.<\/p>\n\n\n\n<h3 class=\"wp-block-heading\" id=\"h-4-adjectives\">4. Omaduss\u00f5nad:<\/h3>\n\n\n\n<p>Suahiili omaduss\u00f5nad n\u00f5ustuvad nende kirjeldatava nimis\u00f5naga. See t\u00e4hendab, et omaduss\u00f5na muudab oma vormi vastavalt nimis\u00f5na klassile. Selle m\u00f5istmine parandab teie lauseehitust.<\/p>\n\n\n\n<h3 class=\"wp-block-heading\" id=\"h-5-verbs\">5. Tegus\u00f5nad:<\/h3>\n\n\n\n<p>Suahiili verbid on olulised tegevuste ja seisundite v\u00e4ljendamiseks. Nad kannavad ka pinget, aspekti ja meeleolu teavet. Verbi konjugatsioonireeglite tundmine on t\u00f5husa suhtluse jaoks \u00fclioluline.<\/p>\n\n\n\n<h3 class=\"wp-block-heading\" id=\"h-6-tenses\">6. Ajavormid:<\/h3>\n\n\n\n<p>Ajastuste m\u00f5istmine on v\u00f5ti erinevatel aegadel toimuvate s\u00fcndmuste edastamiseks. Suahiili keeles on mineviku, oleviku ja tuleviku s\u00fcndmuste jaoks erinevad ajavormid.<\/p>\n\n\n\n<h3 class=\"wp-block-heading\" id=\"h-7-tense-comparison\">7. Pingeline v\u00f5rdlus:<\/h3>\n\n\n\n<p>P\u00e4rast p\u00f5hiliste aegade m\u00f5istmist peate \u00f5ppima, kuidas neid v\u00f5rrelda. See aitab teil v\u00e4ljendada keerulisi m\u00f5tteid ja olukordi.<\/p>\n\n\n\n<h3 class=\"wp-block-heading\" id=\"h-8-progressive-and-perfect-progressive\">8. Progressiivne ja t\u00e4iuslik progressiivne:<\/h3>\n\n\n\n<p>Need ajastuste aspektid v\u00e4ljendavad k\u00e4imasolevaid tegevusi v\u00f5i tegevusi, mis on l\u00f5pule viidud. Nende m\u00f5istmine rikastab teie v\u00e4ljendusv\u00f5imet suahiili keeles.<\/p>\n\n\n\n<h3 class=\"wp-block-heading\" id=\"h-9-adverbs\">9. M\u00e4\u00e4rs\u00f5nad:<\/h3>\n\n\n\n<p>Adverbid muudavad tegus\u00f5nu, omaduss\u00f5nu ja muid m\u00e4\u00e4rs\u00f5nu. Need annavad lisateavet tegevuste, omaduste v\u00f5i muude asjaolude kohta.<\/p>\n\n\n\n<h3 class=\"wp-block-heading\" id=\"h-10-conditionals\">10. Tingimused:<\/h3>\n\n\n\n<p>Tingimused v\u00e4ljendavad h\u00fcpoteetilisi olukordi v\u00f5i s\u00fcndmuste vahelisi s\u00f5ltuvusi. Need on kasulikud suahiili keeles t\u00e4iustatud suhtlemiseks.<\/p>\n\n\n\n<h3 class=\"wp-block-heading\" id=\"h-11-prepositions\">11. Eess\u00f5nad:<\/h3>\n\n\n\n<p>Eess\u00f5nad v\u00f5imaldavad teil v\u00e4ljendada seoseid lause erinevate osade vahel, nagu asukoht, suund, aeg, p\u00f5hjus jne.<\/p>\n\n\n\n<h3 class=\"wp-block-heading\" id=\"h-12-sentences\">12. Laused:<\/h3>\n\n\n\n<p>L\u00f5puks on m\u00f5istmine, kuidas lauseid konstrueerida, kasutades k\u00f5iki k\u00f5ne \u00f5pitud osi, teie suahiili \u00f5piteekonna kulminatsioon. See h\u00f5lmab s\u00f5nade ja fraaside korraldamist t\u00e4ielike m\u00f5tete loomiseks.<\/p>\n<\/div><\/div>\n\r\n<section class=\"learnNavigationSection\">\r\n            \r\n        <a href=\"https:\/\/talkpal.ai\/et\/opi-suahiili-keel\/\">\r\n            <div class=\"learnNavigationWrapper\">\r\n                <div class=\"learnNavigationContent\">\r\n                    <img decoding=\"async\" src=\"https:\/\/talkpal.ai\/wp-content\/uploads\/2024\/08\/Swahili.jpg\" alt=\"Kenya and Tanzania Flags\">\r\n                    <div>\r\n                        <h4>Suahiili keele \u00f5ppimise kohta<\/h4>\r\n                        <p>Uuri k\u00f5ike suahiili keele grammatika kohta.<\/p>\r\n                    <\/div>\r\n                <\/div>\r\n            <\/div>\r\n        <\/a>\r\n\r\n        \r\n        <a href=\"https:\/\/talkpal.ai\/et\/suahiili-grammatika\/\">\r\n            <div class=\"learnNavigationWrapper\">\r\n                <div class=\"learnNavigationContent\">\r\n                    <img decoding=\"async\" src=\"https:\/\/talkpal.ai\/wp-content\/uploads\/2024\/08\/Swahili.jpg\" alt=\"Kenya and Tanzania Flags\">\r\n                    <div>\r\n                        <h4>Suahiili grammatika \u00f5ppetunnid<\/h4>\r\n                        <p>Harjutage suahiili grammatikat .<\/p>\r\n                    <\/div>\r\n                <\/div>\r\n            <\/div>\r\n        <\/a>\r\n\r\n        \r\n        <a href=\"https:\/\/talkpal.ai\/vocabulary_language\/swahili\/\">\r\n            <div class=\"learnNavigationWrapper\">\r\n                <div class=\"learnNavigationContent\">\r\n                    <img decoding=\"async\" src=\"https:\/\/talkpal.ai\/wp-content\/uploads\/2024\/08\/Swahili.jpg\" alt=\"Kenya and Tanzania Flags\">\r\n                    <div>\r\n                        <h4>Suahiili keele s\u00f5navara<\/h4>\r\n                        <p>Laiendage oma suahiili keele s\u00f5navara.<\/p>\r\n                    <\/div>\r\n                <\/div>\r\n            <\/div>\r\n        <\/a>\r\n\r\n            <\/section>","protected":false},"excerpt":{"rendered":"<p>Suahiili grammatika teemad Suahiili keele \u00f5ppimine on p\u00f5nev teekond \u00fchte k\u00f5ige laialdasemalt k\u00f5neldavasse keelde Aafrikas. See on bantu keel, mida r\u00e4\u00e4gitakse peamiselt Ida-Aafrikas ja millel on hinnanguliselt 50\u2013100 miljonit k\u00f5nelejat kogu maailmas. Suahiili keele grammatika on oman\u00e4oline ja pakub p\u00f5nevat vaatenurka keele struktuurile. Suahiili keele t\u00f5husaks \u00f5ppimiseks on \u00fclioluline j\u00e4rgida struktureeritud l\u00e4henemisviisi, keskendudes peamistele grammatikateemadele, [&hellip;]<\/p>\n","protected":false},"author":6,"featured_media":119340,"parent":0,"menu_order":0,"comment_status":"closed","ping_status":"closed","template":"LearningContentPage.php","meta":{"_acf_changed":false,"footnotes":""},"class_list":["post-156531","page","type-page","status-publish","has-post-thumbnail","hentry"],"acf":[],"yoast_head":"<!-- This site is optimized with the Yoast SEO Premium plugin v27.2 (Yoast SEO v27.2) - https:\/\/yoast.com\/product\/yoast-seo-premium-wordpress\/ -->\n<title>Suahiili keele grammatika harjutused - Talkpal<\/title>\n<meta name=\"description\" content=\"Tutvu huvitavate suahiili keele grammatika harjutustega, et parandada oma keeleoskust ja suahiili keele m\u00f5istmist.\" \/>\n<meta name=\"robots\" content=\"index, follow, max-snippet:-1, max-image-preview:large, max-video-preview:-1\" \/>\n<link rel=\"canonical\" href=\"https:\/\/talkpal.ai\/et\/suahiili-keele-grammatika-harjutused\/\" \/>\n<meta property=\"og:locale\" content=\"et_EE\" \/>\n<meta property=\"og:type\" content=\"article\" \/>\n<meta property=\"og:title\" content=\"Suahiili keele grammatika harjutused\" \/>\n<meta property=\"og:description\" content=\"Suahiili grammatika teemad Suahiili keele \u00f5ppimine on p\u00f5nev teekond \u00fchte k\u00f5ige laialdasemalt k\u00f5neldavasse keelde Aafrikas. See on bantu keel, mida\" \/>\n<meta property=\"og:url\" content=\"https:\/\/talkpal.ai\/et\/suahiili-keele-grammatika-harjutused\/\" \/>\n<meta property=\"og:site_name\" content=\"Talkpal\" \/>\n<meta property=\"article:publisher\" content=\"https:\/\/www.facebook.com\/profile.php?id=100090733639311\" \/>\n<meta property=\"article:modified_time\" content=\"2025-12-17T09:50:09+00:00\" \/>\n<meta property=\"og:image\" content=\"https:\/\/talkpal.ai\/wp-content\/uploads\/2023\/05\/Swahili-tanzania.png\" \/>\n\t<meta property=\"og:image:width\" content=\"512\" \/>\n\t<meta property=\"og:image:height\" content=\"512\" \/>\n\t<meta property=\"og:image:type\" content=\"image\/png\" \/>\n<meta name=\"twitter:card\" content=\"summary_large_image\" \/>\n<meta name=\"twitter:site\" content=\"@talkpalai\" \/>\n<meta name=\"twitter:label1\" content=\"Est. reading time\" \/>\n\t<meta name=\"twitter:data1\" content=\"2 minutit\" \/>\n<script type=\"application\/ld+json\" class=\"yoast-schema-graph\">{\"@context\":\"https:\/\/schema.org\",\"@graph\":[{\"@type\":\"WebPage\",\"@id\":\"https:\/\/talkpal.ai\/et\/suahiili-keele-grammatika-harjutused\/\",\"url\":\"https:\/\/talkpal.ai\/et\/suahiili-keele-grammatika-harjutused\/\",\"name\":\"Suahiili keele grammatika harjutused - Talkpal\",\"isPartOf\":{\"@id\":\"https:\/\/talkpal.ai\/et\/#website\"},\"primaryImageOfPage\":{\"@id\":\"https:\/\/talkpal.ai\/et\/suahiili-keele-grammatika-harjutused\/#primaryimage\"},\"image\":{\"@id\":\"https:\/\/talkpal.ai\/et\/suahiili-keele-grammatika-harjutused\/#primaryimage\"},\"thumbnailUrl\":\"https:\/\/talkpal.ai\/wp-content\/uploads\/2023\/05\/Swahili-tanzania.png\",\"datePublished\":\"2023-06-28T14:00:55+00:00\",\"dateModified\":\"2025-12-17T09:50:09+00:00\",\"description\":\"Tutvu huvitavate suahiili keele grammatika harjutustega, et parandada oma keeleoskust ja suahiili keele m\u00f5istmist.\",\"breadcrumb\":{\"@id\":\"https:\/\/talkpal.ai\/et\/suahiili-keele-grammatika-harjutused\/#breadcrumb\"},\"inLanguage\":\"et\",\"potentialAction\":[{\"@type\":\"ReadAction\",\"target\":[\"https:\/\/talkpal.ai\/et\/suahiili-keele-grammatika-harjutused\/\"]}]},{\"@type\":\"ImageObject\",\"inLanguage\":\"et\",\"@id\":\"https:\/\/talkpal.ai\/et\/suahiili-keele-grammatika-harjutused\/#primaryimage\",\"url\":\"https:\/\/talkpal.ai\/wp-content\/uploads\/2023\/05\/Swahili-tanzania.png\",\"contentUrl\":\"https:\/\/talkpal.ai\/wp-content\/uploads\/2023\/05\/Swahili-tanzania.png\",\"width\":512,\"height\":512},{\"@type\":\"BreadcrumbList\",\"@id\":\"https:\/\/talkpal.ai\/et\/suahiili-keele-grammatika-harjutused\/#breadcrumb\",\"itemListElement\":[{\"@type\":\"ListItem\",\"position\":1,\"name\":\"Homepage\",\"item\":\"https:\/\/talkpal.ai\/et\/\"},{\"@type\":\"ListItem\",\"position\":2,\"name\":\"Suahiili keele grammatika harjutused\"}]},{\"@type\":\"WebSite\",\"@id\":\"https:\/\/talkpal.ai\/et\/#website\",\"url\":\"https:\/\/talkpal.ai\/et\/\",\"name\":\"Talkpal\",\"description\":\"AI Language Learning\",\"publisher\":{\"@id\":\"https:\/\/talkpal.ai\/et\/#organization\"},\"alternateName\":\"Talkpal AI\",\"potentialAction\":[{\"@type\":\"SearchAction\",\"target\":{\"@type\":\"EntryPoint\",\"urlTemplate\":\"https:\/\/talkpal.ai\/et\/?s={search_term_string}\"},\"query-input\":{\"@type\":\"PropertyValueSpecification\",\"valueRequired\":true,\"valueName\":\"search_term_string\"}}],\"inLanguage\":\"et\"},{\"@type\":\"Organization\",\"@id\":\"https:\/\/talkpal.ai\/et\/#organization\",\"name\":\"Talkpal, Inc.\",\"alternateName\":\"Talkpal AI\",\"url\":\"https:\/\/talkpal.ai\/et\/\",\"logo\":{\"@type\":\"ImageObject\",\"inLanguage\":\"et\",\"@id\":\"https:\/\/talkpal.ai\/et\/#\/schema\/logo\/image\/\",\"url\":\"https:\/\/talkpal.ai\/wp-content\/uploads\/2024\/03\/Talkpal-Logo-Icon.png\",\"contentUrl\":\"https:\/\/talkpal.ai\/wp-content\/uploads\/2024\/03\/Talkpal-Logo-Icon.png\",\"width\":2880,\"height\":2880,\"caption\":\"Talkpal, Inc.\"},\"image\":{\"@id\":\"https:\/\/talkpal.ai\/et\/#\/schema\/logo\/image\/\"},\"sameAs\":[\"https:\/\/www.facebook.com\/profile.php?id=100090733639311\",\"https:\/\/x.com\/talkpalai\",\"https:\/\/www.linkedin.com\/company\/talkpal\/\",\"https:\/\/www.youtube.com\/@TalkPal\/\",\"https:\/\/www.tiktok.com\/@talkpal\",\"https:\/\/www.instagram.com\/talkpal_ai\/\",\"https:\/\/www.crunchbase.com\/organization\/talkpal-9cde\",\"https:\/\/www.g2.com\/products\/talkpal-for-business\/\",\"https:\/\/www.trustpilot.com\/review\/talkpal.ai\",\"https:\/\/www.capterra.com\/p\/10006800\/TalkPal\/\"],\"description\":\"Talkpal is a language learning web and mobile education app, powered by the latest AI technologies, that provides engaging experiences to its customers in many different languages to help them improve their language skills. Users can chat about unlimited amount of topics with the app and use other modes to practice their language learning.\",\"email\":\"support@talkpal.ai\",\"legalName\":\"Talkpal, Inc.\",\"foundingDate\":\"2023-04-03\",\"duns\":\"118989042\",\"numberOfEmployees\":{\"@type\":\"QuantitativeValue\",\"minValue\":\"11\",\"maxValue\":\"50\"},\"publishingPrinciples\":\"https:\/\/talkpal.ai\/publishing-principles\/\",\"actionableFeedbackPolicy\":\"https:\/\/talkpal.ai\/actionable-feedback-policy\/\",\"correctionsPolicy\":\"https:\/\/talkpal.ai\/corrections-policy\/\",\"ethicsPolicy\":\"https:\/\/talkpal.ai\/ethics-policy\/\",\"diversityPolicy\":\"https:\/\/talkpal.ai\/diversity-policy\/\",\"diversityStaffingReport\":\"https:\/\/talkpal.ai\/diversity-policy\/\"}]}<\/script>\n<!-- \/ Yoast SEO Premium plugin. -->","yoast_head_json":{"title":"Suahiili keele grammatika harjutused - Talkpal","description":"Tutvu huvitavate suahiili keele grammatika harjutustega, et parandada oma keeleoskust ja suahiili keele m\u00f5istmist.","robots":{"index":"index","follow":"follow","max-snippet":"max-snippet:-1","max-image-preview":"max-image-preview:large","max-video-preview":"max-video-preview:-1"},"canonical":"https:\/\/talkpal.ai\/et\/suahiili-keele-grammatika-harjutused\/","og_locale":"et_EE","og_type":"article","og_title":"Suahiili keele grammatika harjutused","og_description":"Suahiili grammatika teemad Suahiili keele \u00f5ppimine on p\u00f5nev teekond \u00fchte k\u00f5ige laialdasemalt k\u00f5neldavasse keelde Aafrikas. See on bantu keel, mida","og_url":"https:\/\/talkpal.ai\/et\/suahiili-keele-grammatika-harjutused\/","og_site_name":"Talkpal","article_publisher":"https:\/\/www.facebook.com\/profile.php?id=100090733639311","article_modified_time":"2025-12-17T09:50:09+00:00","og_image":[{"width":512,"height":512,"url":"https:\/\/talkpal.ai\/wp-content\/uploads\/2023\/05\/Swahili-tanzania.png","type":"image\/png"}],"twitter_card":"summary_large_image","twitter_site":"@talkpalai","twitter_misc":{"Est. reading time":"2 minutit"},"schema":{"@context":"https:\/\/schema.org","@graph":[{"@type":"WebPage","@id":"https:\/\/talkpal.ai\/et\/suahiili-keele-grammatika-harjutused\/","url":"https:\/\/talkpal.ai\/et\/suahiili-keele-grammatika-harjutused\/","name":"Suahiili keele grammatika harjutused - Talkpal","isPartOf":{"@id":"https:\/\/talkpal.ai\/et\/#website"},"primaryImageOfPage":{"@id":"https:\/\/talkpal.ai\/et\/suahiili-keele-grammatika-harjutused\/#primaryimage"},"image":{"@id":"https:\/\/talkpal.ai\/et\/suahiili-keele-grammatika-harjutused\/#primaryimage"},"thumbnailUrl":"https:\/\/talkpal.ai\/wp-content\/uploads\/2023\/05\/Swahili-tanzania.png","datePublished":"2023-06-28T14:00:55+00:00","dateModified":"2025-12-17T09:50:09+00:00","description":"Tutvu huvitavate suahiili keele grammatika harjutustega, et parandada oma keeleoskust ja suahiili keele m\u00f5istmist.","breadcrumb":{"@id":"https:\/\/talkpal.ai\/et\/suahiili-keele-grammatika-harjutused\/#breadcrumb"},"inLanguage":"et","potentialAction":[{"@type":"ReadAction","target":["https:\/\/talkpal.ai\/et\/suahiili-keele-grammatika-harjutused\/"]}]},{"@type":"ImageObject","inLanguage":"et","@id":"https:\/\/talkpal.ai\/et\/suahiili-keele-grammatika-harjutused\/#primaryimage","url":"https:\/\/talkpal.ai\/wp-content\/uploads\/2023\/05\/Swahili-tanzania.png","contentUrl":"https:\/\/talkpal.ai\/wp-content\/uploads\/2023\/05\/Swahili-tanzania.png","width":512,"height":512},{"@type":"BreadcrumbList","@id":"https:\/\/talkpal.ai\/et\/suahiili-keele-grammatika-harjutused\/#breadcrumb","itemListElement":[{"@type":"ListItem","position":1,"name":"Homepage","item":"https:\/\/talkpal.ai\/et\/"},{"@type":"ListItem","position":2,"name":"Suahiili keele grammatika harjutused"}]},{"@type":"WebSite","@id":"https:\/\/talkpal.ai\/et\/#website","url":"https:\/\/talkpal.ai\/et\/","name":"Talkpal","description":"AI Language Learning","publisher":{"@id":"https:\/\/talkpal.ai\/et\/#organization"},"alternateName":"Talkpal AI","potentialAction":[{"@type":"SearchAction","target":{"@type":"EntryPoint","urlTemplate":"https:\/\/talkpal.ai\/et\/?s={search_term_string}"},"query-input":{"@type":"PropertyValueSpecification","valueRequired":true,"valueName":"search_term_string"}}],"inLanguage":"et"},{"@type":"Organization","@id":"https:\/\/talkpal.ai\/et\/#organization","name":"Talkpal, Inc.","alternateName":"Talkpal AI","url":"https:\/\/talkpal.ai\/et\/","logo":{"@type":"ImageObject","inLanguage":"et","@id":"https:\/\/talkpal.ai\/et\/#\/schema\/logo\/image\/","url":"https:\/\/talkpal.ai\/wp-content\/uploads\/2024\/03\/Talkpal-Logo-Icon.png","contentUrl":"https:\/\/talkpal.ai\/wp-content\/uploads\/2024\/03\/Talkpal-Logo-Icon.png","width":2880,"height":2880,"caption":"Talkpal, Inc."},"image":{"@id":"https:\/\/talkpal.ai\/et\/#\/schema\/logo\/image\/"},"sameAs":["https:\/\/www.facebook.com\/profile.php?id=100090733639311","https:\/\/x.com\/talkpalai","https:\/\/www.linkedin.com\/company\/talkpal\/","https:\/\/www.youtube.com\/@TalkPal\/","https:\/\/www.tiktok.com\/@talkpal","https:\/\/www.instagram.com\/talkpal_ai\/","https:\/\/www.crunchbase.com\/organization\/talkpal-9cde","https:\/\/www.g2.com\/products\/talkpal-for-business\/","https:\/\/www.trustpilot.com\/review\/talkpal.ai","https:\/\/www.capterra.com\/p\/10006800\/TalkPal\/"],"description":"Talkpal is a language learning web and mobile education app, powered by the latest AI technologies, that provides engaging experiences to its customers in many different languages to help them improve their language skills. Users can chat about unlimited amount of topics with the app and use other modes to practice their language learning.","email":"support@talkpal.ai","legalName":"Talkpal, Inc.","foundingDate":"2023-04-03","duns":"118989042","numberOfEmployees":{"@type":"QuantitativeValue","minValue":"11","maxValue":"50"},"publishingPrinciples":"https:\/\/talkpal.ai\/publishing-principles\/","actionableFeedbackPolicy":"https:\/\/talkpal.ai\/actionable-feedback-policy\/","correctionsPolicy":"https:\/\/talkpal.ai\/corrections-policy\/","ethicsPolicy":"https:\/\/talkpal.ai\/ethics-policy\/","diversityPolicy":"https:\/\/talkpal.ai\/diversity-policy\/","diversityStaffingReport":"https:\/\/talkpal.ai\/diversity-policy\/"}]}},"_links":{"self":[{"href":"https:\/\/talkpal.ai\/et\/wp-json\/wp\/v2\/pages\/156531","targetHints":{"allow":["GET"]}}],"collection":[{"href":"https:\/\/talkpal.ai\/et\/wp-json\/wp\/v2\/pages"}],"about":[{"href":"https:\/\/talkpal.ai\/et\/wp-json\/wp\/v2\/types\/page"}],"author":[{"embeddable":true,"href":"https:\/\/talkpal.ai\/et\/wp-json\/wp\/v2\/users\/6"}],"replies":[{"embeddable":true,"href":"https:\/\/talkpal.ai\/et\/wp-json\/wp\/v2\/comments?post=156531"}],"version-history":[{"count":0,"href":"https:\/\/talkpal.ai\/et\/wp-json\/wp\/v2\/pages\/156531\/revisions"}],"wp:featuredmedia":[{"embeddable":true,"href":"https:\/\/talkpal.ai\/et\/wp-json\/wp\/v2\/media\/119340"}],"wp:attachment":[{"href":"https:\/\/talkpal.ai\/et\/wp-json\/wp\/v2\/media?parent=156531"}],"curies":[{"name":"wp","href":"https:\/\/api.w.org\/{rel}","templated":true}]}}