{"id":155708,"date":"2023-07-05T10:24:06","date_gmt":"2023-07-05T10:24:06","guid":{"rendered":"http:\/\/talkpal.ai\/tai-keele-grammatika-harjutused\/"},"modified":"2025-12-17T15:22:24","modified_gmt":"2025-12-17T15:22:24","slug":"tai-keele-grammatika-harjutused","status":"publish","type":"page","link":"https:\/\/talkpal.ai\/et\/tai-keele-grammatika-harjutused\/","title":{"rendered":"Tai keele grammatika harjutused"},"content":{"rendered":"\r\n\r\n\r\n<section class=\"languageChallengeSection\">\r\n    <div class=\"languageInfoWrapper\">\r\n        \r\n        <h1>Tai keele grammatika harjutused<\/h1>\r\n        <p>Kas olete valmis tegema <a href=\"https:\/\/talkpal.ai\/learn-thai\/\">tai<\/a> keele \u00f5ppimise l\u00f5busaks ja praktiliseks? Meie interaktiivsed harjutused on m\u00f5eldud selleks, et aidata teil omandada tai keele <a href=\"https:\/\/talkpal.ai\/greek-grammar\/\">grammatika<\/a> p\u00f5hit\u00f5desid, suurendada enesekindlust ja hakata moodustama t\u00f5elisi lauseid. H\u00fcppa sisse, harjutage nii palju kui soovite ja vaadake, kuidas teie tai keele oskused kasvavad &#8211; alustame \u00f5ppimist!<\/p>\r\n\r\n                            <a class=\"getStartedHidden\" href=\"https:\/\/app.talkpal.ai\/et\/signup?lng=\">Alusta<\/a>\r\n        \r\n    <\/div>\r\n\r\n    <figure>\r\n    <img decoding=\"async\" width=\"768\" height=\"768\" src=\"https:\/\/talkpal.ai\/wp-content\/uploads\/2023\/06\/thai-768x768.png\" class=\"languageImage no-lazy\" alt=\"Language learning for improved thought process\" fetchpriority=\"high\" sizes=\"(max-width: 768px) 150px, 768px\" srcset=\"https:\/\/talkpal.ai\/wp-content\/uploads\/2023\/06\/thai-768x768.png 768w, https:\/\/talkpal.ai\/wp-content\/uploads\/2023\/06\/thai-300x300.png 300w\" \/>\r\n    \r\n\r\n    <\/figure>\r\n\r\n            <a class=\"getStartedVisible\" href=\"https:\/\/app.talkpal.ai\/et\/signup?lng=\">Alusta<\/a>\r\n    \r\n<\/section>\r\n\r\n\r\n<!-- <section class=\"grammarSection\">\r\n    <div class=\"grammarLinks\">\r\n            <\/div>\r\n<\/section> -->\r\n\r\n\r\n\r\n\r\n<section class=\"promotionalBanner\">\r\n    <p class=\"promotionalText\">K\u00f5ige t\u00f5husam viis keele \u00f5ppimiseks<\/p>\r\n    <a class=\"promotionalLink\" href=\"https:\/\/app.talkpal.ai\/et\/signup?lng=\">Proovige Talkpal tasuta<\/a>\r\n<\/section>\n<div class=\"wp-block-group pageContainerStyle\"><div class=\"wp-block-group__inner-container is-layout-constrained wp-block-group-is-layout-constrained\">\n<h2 class=\"wp-block-heading\" id=\"h-thai-grammar-topics\">Tai grammatika teemad<\/h2>\n\n\n\n<p>Tai keele <a href=\"https:\/\/talkpal.ai\/et\/oppimine\/\">\u00f5ppimine<\/a> v\u00f5ib olla p\u00f5nev teekond. Siiski on oluline m\u00f5ista tai grammatikat, et keelt t\u00e4ielikult m\u00f5ista ja sujuvaks saada. J\u00e4rgmine loend pakub rida Tai grammatika teemasid, mida keele \u00f5ppimisel arvestada. See nimekiri algab p\u00f5hiteemadega ja edeneb keerukamate teemadeni.<\/p>\n\n\n\n<h3 class=\"wp-block-heading\" id=\"h-1-nouns\">1. Nimis\u00f5nad:<\/h3>\n\n\n\n<p>Alustage Tai nimis\u00f5nade \u00f5ppimisest, kuna need on keele ehituskivid. Tutvuge tavaliste nimis\u00f5nade ja nende modifikaatoritega, kuna Tai nimis\u00f5nad ei muuda vorme numbri v\u00f5i soo m\u00e4rkimiseks.<\/p>\n\n\n\n<h3 class=\"wp-block-heading\" id=\"h-2-pronouns-determiners\">2. Ases\u00f5nad\/m\u00e4\u00e4rajad:<\/h3>\n\n\n\n<p>P\u00e4rast nimis\u00f5nade omandamist nihutage oma t\u00e4helepanu ases\u00f5nadele ja m\u00e4\u00e4rajatele. Tai ases\u00f5nad j\u00e4etakse vestluses sageli k\u00f5rvale, kuid nende m\u00f5istmine on ametliku tai keele jaoks \u00fclioluline.<\/p>\n\n\n\n<h3 class=\"wp-block-heading\" id=\"h-3-verbs\">3. Tegus\u00f5nad:<\/h3>\n\n\n\n<p>Tai keeles on tegus\u00f5nad nakatamata, mis t\u00e4hendab, et need ei muutu, et n\u00e4idata pinget, arvu v\u00f5i isikut. See muudab need suhteliselt lihtsaks p\u00e4rast nimis\u00f5nade ja ases\u00f5nade m\u00f5istmist.<\/p>\n\n\n\n<h3 class=\"wp-block-heading\" id=\"h-4-adjectives\">4. Omaduss\u00f5nad:<\/h3>\n\n\n\n<p>Tai omaduss\u00f5nad tulevad erinevalt <a href=\"https:\/\/talkpal.ai\/learn-english\/\">inglise<\/a> keelest p\u00e4rast nimis\u00f5nu, mida nad muudavad. Omaduss\u00f5nade \u00f5ppimine aitab teil objekte, inimesi ja olukordi t\u00e4psemalt kirjeldada.<\/p>\n\n\n\n<h3 class=\"wp-block-heading\" id=\"h-5-prepositions\">5. Eess\u00f5nad:<\/h3>\n\n\n\n<p>Taikeelsed eess\u00f5nad tulevad sageli nimis\u00f5na v\u00f5i ases\u00f5na ette, et n\u00e4idata suunda, asukohta, aega v\u00f5i meetodit.<\/p>\n\n\n\n<h3 class=\"wp-block-heading\" id=\"h-6-adverbs\">6. M\u00e4\u00e4rs\u00f5nad:<\/h3>\n\n\n\n<p>\u00d5ppige tai m\u00e4\u00e4rs\u00f5nu tegus\u00f5nade, omaduss\u00f5nade v\u00f5i muude m\u00e4\u00e4rs\u00f5nade muutmiseks. Nad v\u00f5ivad anda \u00fcksikasjalikumat teavet tegevuste v\u00f5i olukordade kohta.<\/p>\n\n\n\n<h3 class=\"wp-block-heading\" id=\"h-7-sentences\">7. Laused:<\/h3>\n\n\n\n<p>Kui olete omandanud p\u00f5hit\u00f5ed, v\u00f5ite hakata koostama tai keelseid lauseid. Lauseehituse m\u00f5istmine on oma m\u00f5tete \u00f5igeks edastamiseks \u00fclioluline.<\/p>\n\n\n\n<h3 class=\"wp-block-heading\" id=\"h-8-conditionals\">8. Tingimused:<\/h3>\n\n\n\n<p>Tai tingimused v\u00e4ljendavad h\u00fcpoteetilisi olukordi ja nende tagaj\u00e4rgi. Nad on arenenumad, kuid vajalikud keerukate vestluste jaoks.<\/p>\n\n\n\n<h3 class=\"wp-block-heading\" id=\"h-9-tenses\">9. Ajavormid:<\/h3>\n\n\n\n<p><a href=\"https:\/\/talkpal.ai\/et\/opi-tai-keel\/\">Tai keel<\/a> ei kasuta ajastusi samamoodi nagu <a href=\"https:\/\/talkpal.ai\/learn-english-with-ai\/\">inglise keel<\/a>. Siiski on fraase ja s\u00f5nu, mis v\u00f5ivad viidata minevikule, olevikule v\u00f5i tulevikule.<\/p>\n\n\n\n<h3 class=\"wp-block-heading\" id=\"h-10-tense-comparison\">10. Pingeline v\u00f5rdlus:<\/h3>\n\n\n\n<p>See on edasij\u00f5udnud teema, kus v\u00f5rrelda erinevaid ajastusi. See aitab teil m\u00f5ista peeneid erinevusi ajalistes v\u00e4ljendites.<\/p>\n\n\n\n<h3 class=\"wp-block-heading\" id=\"h-11-progressive\">11. Progressiivne:<\/h3>\n\n\n\n<p>See teema h\u00f5lmab k\u00e4imasolevate tegevuste v\u00e4ljendamist. See on arenenum, kuid aitab teil tai keelt ladusamalt r\u00e4\u00e4kida.<\/p>\n\n\n\n<h3 class=\"wp-block-heading\" id=\"h-12-perfect-progressive\">12. T\u00e4iuslik progressiivne:<\/h3>\n\n\n\n<p>T\u00e4iuslik progressiivne pinge on Tai grammatika keeruline aspekt. Seda kasutatakse teatud ajani kestnud tegevuste kirjeldamiseks.<\/p>\n\n\n\n<h3 class=\"wp-block-heading\" id=\"h-13-articles\">13. Artiklid:<\/h3>\n\n\n\n<p>Tai keeles ei ole kindlaid ega m\u00e4\u00e4ramata artikleid nagu inglise keel. Siiski on nimis\u00f5nade t\u00e4psustamiseks v\u00f5i \u00fcldistamiseks ka teisi viise, mida saate \u00f5ppida edasij\u00f5udnumas.<\/p>\n<\/div><\/div>\n\r\n<section class=\"learnNavigationSection\">\r\n            \r\n        <a href=\"https:\/\/talkpal.ai\/et\/opi-tai-keel\/\">\r\n            <div class=\"learnNavigationWrapper\">\r\n                <div class=\"learnNavigationContent\">\r\n                    <img decoding=\"async\" src=\"https:\/\/talkpal.ai\/wp-content\/uploads\/2024\/08\/Thai.jpg\" alt=\"Thai Flag\">\r\n                    <div>\r\n                        <h4>Tai \u00f5ppimise kohta<\/h4>\r\n                        <p>Uuri k\u00f5ike tai grammatika kohta.<\/p>\r\n                    <\/div>\r\n                <\/div>\r\n            <\/div>\r\n        <\/a>\r\n\r\n        \r\n        <a href=\"https:\/\/talkpal.ai\/et\/tai-keele-grammatika\/\">\r\n            <div class=\"learnNavigationWrapper\">\r\n                <div class=\"learnNavigationContent\">\r\n                    <img decoding=\"async\" src=\"https:\/\/talkpal.ai\/wp-content\/uploads\/2024\/08\/Thai.jpg\" alt=\"Thai Flag\">\r\n                    <div>\r\n                        <h4>Tai keele grammatika \u00f5ppetunnid<\/h4>\r\n                        <p>Harjuta tai grammatikat.<\/p>\r\n                    <\/div>\r\n                <\/div>\r\n            <\/div>\r\n        <\/a>\r\n\r\n        \r\n        <a href=\"https:\/\/talkpal.ai\/vocabulary_language\/thai\/\">\r\n            <div class=\"learnNavigationWrapper\">\r\n                <div class=\"learnNavigationContent\">\r\n                    <img decoding=\"async\" src=\"https:\/\/talkpal.ai\/wp-content\/uploads\/2024\/08\/Thai.jpg\" alt=\"Thai Flag\">\r\n                    <div>\r\n                        <h4>Tai s\u00f5navara<\/h4>\r\n                        <p>Laiendage oma Tai s\u00f5navara.<\/p>\r\n                    <\/div>\r\n                <\/div>\r\n            <\/div>\r\n        <\/a>\r\n\r\n            <\/section>","protected":false},"excerpt":{"rendered":"<p>Tai grammatika teemad Tai keele \u00f5ppimine v\u00f5ib olla p\u00f5nev teekond. Siiski on oluline m\u00f5ista tai grammatikat, et keelt t\u00e4ielikult m\u00f5ista ja sujuvaks saada. J\u00e4rgmine loend pakub rida Tai grammatika teemasid, mida keele \u00f5ppimisel arvestada. See nimekiri algab p\u00f5hiteemadega ja edeneb keerukamate teemadeni. 1. Nimis\u00f5nad: Alustage Tai nimis\u00f5nade \u00f5ppimisest, kuna need on keele ehituskivid. Tutvuge tavaliste [&hellip;]<\/p>\n","protected":false},"author":6,"featured_media":120873,"parent":0,"menu_order":0,"comment_status":"closed","ping_status":"closed","template":"LearningContentPage.php","meta":{"_acf_changed":false,"footnotes":""},"class_list":["post-155708","page","type-page","status-publish","has-post-thumbnail","hentry"],"acf":[],"yoast_head":"<!-- This site is optimized with the Yoast SEO Premium plugin v27.2 (Yoast SEO v27.2) - https:\/\/yoast.com\/product\/yoast-seo-premium-wordpress\/ -->\n<title>Tai keele grammatika harjutused - Talkpal<\/title>\n<meta name=\"description\" content=\"T\u00e4ienda oma tai keeleoskust meie tai keele grammatika harjutustega ja hakka keele ehitusplokke omandama.\" \/>\n<meta name=\"robots\" content=\"index, follow, max-snippet:-1, max-image-preview:large, max-video-preview:-1\" \/>\n<link rel=\"canonical\" href=\"https:\/\/talkpal.ai\/et\/tai-keele-grammatika-harjutused\/\" \/>\n<meta property=\"og:locale\" content=\"et_EE\" \/>\n<meta property=\"og:type\" content=\"article\" \/>\n<meta property=\"og:title\" content=\"Tai keele grammatika harjutused\" \/>\n<meta property=\"og:description\" content=\"Tai grammatika teemad Tai keele \u00f5ppimine v\u00f5ib olla p\u00f5nev teekond. Siiski on oluline m\u00f5ista tai grammatikat, et keelt t\u00e4ielikult m\u00f5ista ja sujuvaks saada.\" \/>\n<meta property=\"og:url\" content=\"https:\/\/talkpal.ai\/et\/tai-keele-grammatika-harjutused\/\" \/>\n<meta property=\"og:site_name\" content=\"Talkpal\" \/>\n<meta property=\"article:publisher\" content=\"https:\/\/www.facebook.com\/profile.php?id=100090733639311\" \/>\n<meta property=\"article:modified_time\" content=\"2025-12-17T15:22:24+00:00\" \/>\n<meta property=\"og:image\" content=\"https:\/\/talkpal.ai\/wp-content\/uploads\/2023\/05\/thailand.png\" \/>\n\t<meta property=\"og:image:width\" content=\"512\" \/>\n\t<meta property=\"og:image:height\" content=\"512\" \/>\n\t<meta property=\"og:image:type\" content=\"image\/png\" \/>\n<meta name=\"twitter:card\" content=\"summary_large_image\" \/>\n<meta name=\"twitter:site\" content=\"@talkpalai\" \/>\n<meta name=\"twitter:label1\" content=\"Est. reading time\" \/>\n\t<meta name=\"twitter:data1\" content=\"2 minutit\" \/>\n<script type=\"application\/ld+json\" class=\"yoast-schema-graph\">{\"@context\":\"https:\/\/schema.org\",\"@graph\":[{\"@type\":\"WebPage\",\"@id\":\"https:\/\/talkpal.ai\/et\/tai-keele-grammatika-harjutused\/\",\"url\":\"https:\/\/talkpal.ai\/et\/tai-keele-grammatika-harjutused\/\",\"name\":\"Tai keele grammatika harjutused - Talkpal\",\"isPartOf\":{\"@id\":\"https:\/\/talkpal.ai\/et\/#website\"},\"primaryImageOfPage\":{\"@id\":\"https:\/\/talkpal.ai\/et\/tai-keele-grammatika-harjutused\/#primaryimage\"},\"image\":{\"@id\":\"https:\/\/talkpal.ai\/et\/tai-keele-grammatika-harjutused\/#primaryimage\"},\"thumbnailUrl\":\"https:\/\/talkpal.ai\/wp-content\/uploads\/2023\/05\/thailand.png\",\"datePublished\":\"2023-07-05T10:24:06+00:00\",\"dateModified\":\"2025-12-17T15:22:24+00:00\",\"description\":\"T\u00e4ienda oma tai keeleoskust meie tai keele grammatika harjutustega ja hakka keele ehitusplokke omandama.\",\"breadcrumb\":{\"@id\":\"https:\/\/talkpal.ai\/et\/tai-keele-grammatika-harjutused\/#breadcrumb\"},\"inLanguage\":\"et\",\"potentialAction\":[{\"@type\":\"ReadAction\",\"target\":[\"https:\/\/talkpal.ai\/et\/tai-keele-grammatika-harjutused\/\"]}]},{\"@type\":\"ImageObject\",\"inLanguage\":\"et\",\"@id\":\"https:\/\/talkpal.ai\/et\/tai-keele-grammatika-harjutused\/#primaryimage\",\"url\":\"https:\/\/talkpal.ai\/wp-content\/uploads\/2023\/05\/thailand.png\",\"contentUrl\":\"https:\/\/talkpal.ai\/wp-content\/uploads\/2023\/05\/thailand.png\",\"width\":512,\"height\":512},{\"@type\":\"BreadcrumbList\",\"@id\":\"https:\/\/talkpal.ai\/et\/tai-keele-grammatika-harjutused\/#breadcrumb\",\"itemListElement\":[{\"@type\":\"ListItem\",\"position\":1,\"name\":\"Homepage\",\"item\":\"https:\/\/talkpal.ai\/et\/\"},{\"@type\":\"ListItem\",\"position\":2,\"name\":\"Tai keele grammatika harjutused\"}]},{\"@type\":\"WebSite\",\"@id\":\"https:\/\/talkpal.ai\/et\/#website\",\"url\":\"https:\/\/talkpal.ai\/et\/\",\"name\":\"Talkpal\",\"description\":\"AI Language Learning\",\"publisher\":{\"@id\":\"https:\/\/talkpal.ai\/et\/#organization\"},\"alternateName\":\"Talkpal AI\",\"potentialAction\":[{\"@type\":\"SearchAction\",\"target\":{\"@type\":\"EntryPoint\",\"urlTemplate\":\"https:\/\/talkpal.ai\/et\/?s={search_term_string}\"},\"query-input\":{\"@type\":\"PropertyValueSpecification\",\"valueRequired\":true,\"valueName\":\"search_term_string\"}}],\"inLanguage\":\"et\"},{\"@type\":\"Organization\",\"@id\":\"https:\/\/talkpal.ai\/et\/#organization\",\"name\":\"Talkpal, Inc.\",\"alternateName\":\"Talkpal AI\",\"url\":\"https:\/\/talkpal.ai\/et\/\",\"logo\":{\"@type\":\"ImageObject\",\"inLanguage\":\"et\",\"@id\":\"https:\/\/talkpal.ai\/et\/#\/schema\/logo\/image\/\",\"url\":\"https:\/\/talkpal.ai\/wp-content\/uploads\/2024\/03\/Talkpal-Logo-Icon.png\",\"contentUrl\":\"https:\/\/talkpal.ai\/wp-content\/uploads\/2024\/03\/Talkpal-Logo-Icon.png\",\"width\":2880,\"height\":2880,\"caption\":\"Talkpal, Inc.\"},\"image\":{\"@id\":\"https:\/\/talkpal.ai\/et\/#\/schema\/logo\/image\/\"},\"sameAs\":[\"https:\/\/www.facebook.com\/profile.php?id=100090733639311\",\"https:\/\/x.com\/talkpalai\",\"https:\/\/www.linkedin.com\/company\/talkpal\/\",\"https:\/\/www.youtube.com\/@TalkPal\/\",\"https:\/\/www.tiktok.com\/@talkpal\",\"https:\/\/www.instagram.com\/talkpal_ai\/\",\"https:\/\/www.crunchbase.com\/organization\/talkpal-9cde\",\"https:\/\/www.g2.com\/products\/talkpal-for-business\/\",\"https:\/\/www.trustpilot.com\/review\/talkpal.ai\",\"https:\/\/www.capterra.com\/p\/10006800\/TalkPal\/\"],\"description\":\"Talkpal is a language learning web and mobile education app, powered by the latest AI technologies, that provides engaging experiences to its customers in many different languages to help them improve their language skills. Users can chat about unlimited amount of topics with the app and use other modes to practice their language learning.\",\"email\":\"support@talkpal.ai\",\"legalName\":\"Talkpal, Inc.\",\"foundingDate\":\"2023-04-03\",\"duns\":\"118989042\",\"numberOfEmployees\":{\"@type\":\"QuantitativeValue\",\"minValue\":\"11\",\"maxValue\":\"50\"},\"publishingPrinciples\":\"https:\/\/talkpal.ai\/publishing-principles\/\",\"actionableFeedbackPolicy\":\"https:\/\/talkpal.ai\/actionable-feedback-policy\/\",\"correctionsPolicy\":\"https:\/\/talkpal.ai\/corrections-policy\/\",\"ethicsPolicy\":\"https:\/\/talkpal.ai\/ethics-policy\/\",\"diversityPolicy\":\"https:\/\/talkpal.ai\/diversity-policy\/\",\"diversityStaffingReport\":\"https:\/\/talkpal.ai\/diversity-policy\/\"}]}<\/script>\n<!-- \/ Yoast SEO Premium plugin. -->","yoast_head_json":{"title":"Tai keele grammatika harjutused - Talkpal","description":"T\u00e4ienda oma tai keeleoskust meie tai keele grammatika harjutustega ja hakka keele ehitusplokke omandama.","robots":{"index":"index","follow":"follow","max-snippet":"max-snippet:-1","max-image-preview":"max-image-preview:large","max-video-preview":"max-video-preview:-1"},"canonical":"https:\/\/talkpal.ai\/et\/tai-keele-grammatika-harjutused\/","og_locale":"et_EE","og_type":"article","og_title":"Tai keele grammatika harjutused","og_description":"Tai grammatika teemad Tai keele \u00f5ppimine v\u00f5ib olla p\u00f5nev teekond. Siiski on oluline m\u00f5ista tai grammatikat, et keelt t\u00e4ielikult m\u00f5ista ja sujuvaks saada.","og_url":"https:\/\/talkpal.ai\/et\/tai-keele-grammatika-harjutused\/","og_site_name":"Talkpal","article_publisher":"https:\/\/www.facebook.com\/profile.php?id=100090733639311","article_modified_time":"2025-12-17T15:22:24+00:00","og_image":[{"width":512,"height":512,"url":"https:\/\/talkpal.ai\/wp-content\/uploads\/2023\/05\/thailand.png","type":"image\/png"}],"twitter_card":"summary_large_image","twitter_site":"@talkpalai","twitter_misc":{"Est. reading time":"2 minutit"},"schema":{"@context":"https:\/\/schema.org","@graph":[{"@type":"WebPage","@id":"https:\/\/talkpal.ai\/et\/tai-keele-grammatika-harjutused\/","url":"https:\/\/talkpal.ai\/et\/tai-keele-grammatika-harjutused\/","name":"Tai keele grammatika harjutused - Talkpal","isPartOf":{"@id":"https:\/\/talkpal.ai\/et\/#website"},"primaryImageOfPage":{"@id":"https:\/\/talkpal.ai\/et\/tai-keele-grammatika-harjutused\/#primaryimage"},"image":{"@id":"https:\/\/talkpal.ai\/et\/tai-keele-grammatika-harjutused\/#primaryimage"},"thumbnailUrl":"https:\/\/talkpal.ai\/wp-content\/uploads\/2023\/05\/thailand.png","datePublished":"2023-07-05T10:24:06+00:00","dateModified":"2025-12-17T15:22:24+00:00","description":"T\u00e4ienda oma tai keeleoskust meie tai keele grammatika harjutustega ja hakka keele ehitusplokke omandama.","breadcrumb":{"@id":"https:\/\/talkpal.ai\/et\/tai-keele-grammatika-harjutused\/#breadcrumb"},"inLanguage":"et","potentialAction":[{"@type":"ReadAction","target":["https:\/\/talkpal.ai\/et\/tai-keele-grammatika-harjutused\/"]}]},{"@type":"ImageObject","inLanguage":"et","@id":"https:\/\/talkpal.ai\/et\/tai-keele-grammatika-harjutused\/#primaryimage","url":"https:\/\/talkpal.ai\/wp-content\/uploads\/2023\/05\/thailand.png","contentUrl":"https:\/\/talkpal.ai\/wp-content\/uploads\/2023\/05\/thailand.png","width":512,"height":512},{"@type":"BreadcrumbList","@id":"https:\/\/talkpal.ai\/et\/tai-keele-grammatika-harjutused\/#breadcrumb","itemListElement":[{"@type":"ListItem","position":1,"name":"Homepage","item":"https:\/\/talkpal.ai\/et\/"},{"@type":"ListItem","position":2,"name":"Tai keele grammatika harjutused"}]},{"@type":"WebSite","@id":"https:\/\/talkpal.ai\/et\/#website","url":"https:\/\/talkpal.ai\/et\/","name":"Talkpal","description":"AI Language Learning","publisher":{"@id":"https:\/\/talkpal.ai\/et\/#organization"},"alternateName":"Talkpal AI","potentialAction":[{"@type":"SearchAction","target":{"@type":"EntryPoint","urlTemplate":"https:\/\/talkpal.ai\/et\/?s={search_term_string}"},"query-input":{"@type":"PropertyValueSpecification","valueRequired":true,"valueName":"search_term_string"}}],"inLanguage":"et"},{"@type":"Organization","@id":"https:\/\/talkpal.ai\/et\/#organization","name":"Talkpal, Inc.","alternateName":"Talkpal AI","url":"https:\/\/talkpal.ai\/et\/","logo":{"@type":"ImageObject","inLanguage":"et","@id":"https:\/\/talkpal.ai\/et\/#\/schema\/logo\/image\/","url":"https:\/\/talkpal.ai\/wp-content\/uploads\/2024\/03\/Talkpal-Logo-Icon.png","contentUrl":"https:\/\/talkpal.ai\/wp-content\/uploads\/2024\/03\/Talkpal-Logo-Icon.png","width":2880,"height":2880,"caption":"Talkpal, Inc."},"image":{"@id":"https:\/\/talkpal.ai\/et\/#\/schema\/logo\/image\/"},"sameAs":["https:\/\/www.facebook.com\/profile.php?id=100090733639311","https:\/\/x.com\/talkpalai","https:\/\/www.linkedin.com\/company\/talkpal\/","https:\/\/www.youtube.com\/@TalkPal\/","https:\/\/www.tiktok.com\/@talkpal","https:\/\/www.instagram.com\/talkpal_ai\/","https:\/\/www.crunchbase.com\/organization\/talkpal-9cde","https:\/\/www.g2.com\/products\/talkpal-for-business\/","https:\/\/www.trustpilot.com\/review\/talkpal.ai","https:\/\/www.capterra.com\/p\/10006800\/TalkPal\/"],"description":"Talkpal is a language learning web and mobile education app, powered by the latest AI technologies, that provides engaging experiences to its customers in many different languages to help them improve their language skills. Users can chat about unlimited amount of topics with the app and use other modes to practice their language learning.","email":"support@talkpal.ai","legalName":"Talkpal, Inc.","foundingDate":"2023-04-03","duns":"118989042","numberOfEmployees":{"@type":"QuantitativeValue","minValue":"11","maxValue":"50"},"publishingPrinciples":"https:\/\/talkpal.ai\/publishing-principles\/","actionableFeedbackPolicy":"https:\/\/talkpal.ai\/actionable-feedback-policy\/","correctionsPolicy":"https:\/\/talkpal.ai\/corrections-policy\/","ethicsPolicy":"https:\/\/talkpal.ai\/ethics-policy\/","diversityPolicy":"https:\/\/talkpal.ai\/diversity-policy\/","diversityStaffingReport":"https:\/\/talkpal.ai\/diversity-policy\/"}]}},"_links":{"self":[{"href":"https:\/\/talkpal.ai\/et\/wp-json\/wp\/v2\/pages\/155708","targetHints":{"allow":["GET"]}}],"collection":[{"href":"https:\/\/talkpal.ai\/et\/wp-json\/wp\/v2\/pages"}],"about":[{"href":"https:\/\/talkpal.ai\/et\/wp-json\/wp\/v2\/types\/page"}],"author":[{"embeddable":true,"href":"https:\/\/talkpal.ai\/et\/wp-json\/wp\/v2\/users\/6"}],"replies":[{"embeddable":true,"href":"https:\/\/talkpal.ai\/et\/wp-json\/wp\/v2\/comments?post=155708"}],"version-history":[{"count":0,"href":"https:\/\/talkpal.ai\/et\/wp-json\/wp\/v2\/pages\/155708\/revisions"}],"wp:featuredmedia":[{"embeddable":true,"href":"https:\/\/talkpal.ai\/et\/wp-json\/wp\/v2\/media\/120873"}],"wp:attachment":[{"href":"https:\/\/talkpal.ai\/et\/wp-json\/wp\/v2\/media?parent=155708"}],"curies":[{"name":"wp","href":"https:\/\/api.w.org\/{rel}","templated":true}]}}