{"id":155418,"date":"2023-07-05T10:34:01","date_gmt":"2023-07-05T10:34:01","guid":{"rendered":"http:\/\/talkpal.ai\/turgi-keele-grammatika-harjutused\/"},"modified":"2025-12-17T10:36:16","modified_gmt":"2025-12-17T10:36:16","slug":"turgi-keele-grammatika-harjutused","status":"publish","type":"page","link":"https:\/\/talkpal.ai\/et\/turgi-keele-grammatika-harjutused\/","title":{"rendered":"T\u00fcrgi keele grammatika harjutused"},"content":{"rendered":"\r\n\r\n\r\n<section class=\"languageChallengeSection\">\r\n    <div class=\"languageInfoWrapper\">\r\n        \r\n        <h1>T\u00fcrgi keele grammatika harjutused<\/h1>\r\n        <p>Tahad end t\u00fcrgi keeles kindlamalt tunda? Grammatikaharjutuste tegemine on suurep\u00e4rane v\u00f5imalus omandada lauseehitust, verbi\u00fchendusi ja keele igap\u00e4evaseid mustreid. Alustage <a href=\"https:\/\/talkpal.ai\/turkish-grammar\/\">t\u00fcrgi keele grammatika<\/a> harjutustega juba t\u00e4na ja vaadake, kuidas teie arusaamine ja r\u00e4\u00e4kimisoskus pidevalt paraneb!<\/p>\r\n\r\n                            <a class=\"getStartedHidden\" href=\"https:\/\/app.talkpal.ai\/et\/signup?lng=\">Alusta<\/a>\r\n        \r\n    <\/div>\r\n\r\n    <figure>\r\n    <img decoding=\"async\" width=\"768\" height=\"768\" src=\"https:\/\/talkpal.ai\/wp-content\/uploads\/2023\/06\/turkish-768x768.png\" class=\"languageImage no-lazy\" alt=\"Language learning for increased focus\" fetchpriority=\"high\" sizes=\"(max-width: 768px) 150px, 768px\" srcset=\"https:\/\/talkpal.ai\/wp-content\/uploads\/2023\/06\/turkish-768x768.png 768w, https:\/\/talkpal.ai\/wp-content\/uploads\/2023\/06\/turkish-300x300.png 300w\" \/>\r\n    \r\n\r\n    <\/figure>\r\n\r\n            <a class=\"getStartedVisible\" href=\"https:\/\/app.talkpal.ai\/et\/signup?lng=\">Alusta<\/a>\r\n    \r\n<\/section>\r\n\r\n\r\n<!-- <section class=\"grammarSection\">\r\n    <div class=\"grammarLinks\">\r\n            <\/div>\r\n<\/section> -->\r\n\r\n\r\n\r\n\r\n<section class=\"promotionalBanner\">\r\n    <p class=\"promotionalText\">K\u00f5ige t\u00f5husam viis keele \u00f5ppimiseks<\/p>\r\n    <a class=\"promotionalLink\" href=\"https:\/\/app.talkpal.ai\/et\/signup?lng=\">Proovige Talkpal tasuta<\/a>\r\n<\/section>\n<div class=\"wp-block-group pageContainerStyle\"><div class=\"wp-block-group__inner-container is-layout-constrained wp-block-group-is-layout-constrained\">\n<h2 class=\"wp-block-heading\" id=\"h-turkish-grammar-topics\">T\u00fcrgi keele grammatika teemad<\/h2>\n\n\n\n<p>T\u00fcrgi keele <a href=\"https:\/\/talkpal.ai\/et\/oppimine\/\">\u00f5ppimine<\/a> v\u00f5ib oma ainulaadse struktuuri ja <a href=\"https:\/\/talkpal.ai\/greek-grammar\/\">grammatika<\/a> t\u00f5ttu olla rahuldust pakkuv, kuid v\u00e4ljakutsuv ettev\u00f5tmine. T\u00fcrgi keele \u00fcks peamisi aspekte, mida \u00f5ppijad peavad m\u00f5istma, on selle grammatika, mis h\u00f5lmab selliseid teemasid nagu ajavormid, tegus\u00f5nad, nimis\u00f5nad, artiklid, omaduss\u00f5nad, m\u00e4\u00e4rs\u00f5nad, tingimused, eess\u00f5nad ja lauseehitus. Nende komponentide m\u00f5istmine on keele valdamiseks \u00fclioluline, kuna need on t\u00fcrgi keeles suhtlemise ehituskivid.<\/p>\n\n\n\n<h3 class=\"wp-block-heading\" id=\"h-1-nouns\">1. Nimis\u00f5nad:<\/h3>\n\n\n\n<p>Alustage T\u00fcrgi nimis\u00f5nade \u00f5ppimisest, kuna need on keele k\u00f5ige p\u00f5hilisem \u00fcksus. M\u00f5istmine, kuidas neid lausetes kasutada, annab teile hea aluse.<\/p>\n\n\n\n<h3 class=\"wp-block-heading\" id=\"h-2-articles\">2. Artiklid:<\/h3>\n\n\n\n<p>T\u00fcrgi keeles ei ole kindlaid ega m\u00e4\u00e4ramata artikleid. See muudab algajatele lihtsamaks. Siiski on \u00fclioluline \u00f5ppida v\u00e4ljendama kindlust ja m\u00e4\u00e4ramatust.<\/p>\n\n\n\n<h3 class=\"wp-block-heading\" id=\"h-3-pronouns-determiners\">3. Ases\u00f5nad\/m\u00e4\u00e4rajad:<\/h3>\n\n\n\n<p>Need on s\u00f5nad, mis asendavad v\u00f5i muudavad nimis\u00f5nu. Need v\u00f5ivad n\u00e4idata arvu, valdust, sugu ja kaugust. Nende varajane \u00f5ppimine on v\u00e4ga oluline, sest neid kasutatakse sageli.<\/p>\n\n\n\n<h3 class=\"wp-block-heading\" id=\"h-4-adjectives\">4. Omaduss\u00f5nad:<\/h3>\n\n\n\n<p>Omaduss\u00f5nad kirjeldavad v\u00f5i muudavad nimis\u00f5nu. T\u00fcrgi omaduss\u00f5nad ei muutu soo ega arvu j\u00e4rgi, mis lihtsustab \u00f5ppimist.<\/p>\n\n\n\n<h3 class=\"wp-block-heading\" id=\"h-5-adverbs\">5. M\u00e4\u00e4rs\u00f5nad:<\/h3>\n\n\n\n<p>Adverbid kirjeldavad tegus\u00f5nu, omaduss\u00f5nu v\u00f5i muid m\u00e4\u00e4rs\u00f5nu. Need on v\u00f5tmeks viisi, koha, aja, sageduse, kraadi ja muu v\u00e4ljendamisel, rikastades teie keelt.<\/p>\n\n\n\n<h3 class=\"wp-block-heading\" id=\"h-6-verbs\">6. Tegus\u00f5nad:<\/h3>\n\n\n\n<p>T\u00fcrgi verbid on k\u00e4\u00e4natud pinge, meeleolu, aspekti ja h\u00e4\u00e4le jaoks. Tegus\u00f5nade \u00f5ppimine on lausete moodustamisel \u00fclioluline.<\/p>\n\n\n\n<h3 class=\"wp-block-heading\" id=\"h-7-tenses\">7. Ajavormid:<\/h3>\n\n\n\n<p>T\u00fcrgi keeles on \u00fcheksa ajastust (minevik, olevik, tulevik ja nende variatsioonid). Nende m\u00f5istmine on aja t\u00e4pse v\u00e4ljendamise v\u00f5ti.<\/p>\n\n\n\n<h3 class=\"wp-block-heading\" id=\"h-8-tense-comparison\">8. Pingeline v\u00f5rdlus:<\/h3>\n\n\n\n<p>See aitab teil m\u00f5ista erinevate aegade vahelisi n\u00fcansse.<\/p>\n\n\n\n<h3 class=\"wp-block-heading\" id=\"h-9-progressive\">9. Progressiivne:<\/h3>\n\n\n\n<p>Progressiivne pinge n\u00e4itab k\u00e4imasolevaid tegevusi. See on ajavormide alamkategooria, mis on oluline, et end t\u00e4pselt v\u00e4ljendada.<\/p>\n\n\n\n<h3 class=\"wp-block-heading\" id=\"h-10-perfect-progressive\">10. T\u00e4iuslik progressiivne:<\/h3>\n\n\n\n<p>See pinge n\u00e4itab tegevusi, mis olid minevikus k\u00e4imas ja j\u00e4tkuvad kuni praeguseni v\u00f5i lihtsalt l\u00f5petatud. See on keerulisem ja seda tuleks \u00f5ppida p\u00e4rast progresseeruva ajavormi omandamist.<\/p>\n\n\n\n<h3 class=\"wp-block-heading\" id=\"h-11-conditionals\">11. Tingimused:<\/h3>\n\n\n\n<p>Tingimuslikud laused v\u00e4ljendavad h\u00fcpoteetilisi olukordi ja s\u00f5ltuvad teatud tingimustest. Need lisavad teie keelele keerukust.<\/p>\n\n\n\n<h3 class=\"wp-block-heading\" id=\"h-12-prepositions\">12. Eess\u00f5nad:<\/h3>\n\n\n\n<p>Eess\u00f5nad n\u00e4itavad nimis\u00f5na v\u00f5i ases\u00f5na suhet teise s\u00f5naga lauses. Need on s\u00f5nade ja ideede \u00fchendamisel v\u00f5tmet\u00e4htsusega.<\/p>\n\n\n\n<h3 class=\"wp-block-heading\" id=\"h-13-sentences\">13. Laused:<\/h3>\n\n\n\n<p>L\u00f5puks on t\u00e4ielike lausete konstrueerimise \u00f5ppimine k\u00f5igi eelnevate grammatikateemade omandamise kulminatsioon.<\/p>\n<\/div><\/div>\n\r\n<section class=\"learnNavigationSection\">\r\n            \r\n        <a href=\"https:\/\/talkpal.ai\/et\/opi-turgi-keel\/\">\r\n            <div class=\"learnNavigationWrapper\">\r\n                <div class=\"learnNavigationContent\">\r\n                    <img decoding=\"async\" src=\"https:\/\/talkpal.ai\/wp-content\/uploads\/2024\/08\/Turkish.jpg\" alt=\"Turkish Flag\">\r\n                    <div>\r\n                        <h4>T\u00fcrgi keele \u00f5ppimise kohta<\/h4>\r\n                        <p>Uuri k\u00f5ike t\u00fcrgi keele grammatika kohta.<\/p>\r\n                    <\/div>\r\n                <\/div>\r\n            <\/div>\r\n        <\/a>\r\n\r\n        \r\n        <a href=\"https:\/\/talkpal.ai\/et\/turgi-keele-grammatika\/\">\r\n            <div class=\"learnNavigationWrapper\">\r\n                <div class=\"learnNavigationContent\">\r\n                    <img decoding=\"async\" src=\"https:\/\/talkpal.ai\/wp-content\/uploads\/2024\/08\/Turkish.jpg\" alt=\"Turkish Flag\">\r\n                    <div>\r\n                        <h4>T\u00fcrgi keele grammatika \u00f5ppetunnid<\/h4>\r\n                        <p>Harjutage t\u00fcrgi keele grammatikat.<\/p>\r\n                    <\/div>\r\n                <\/div>\r\n            <\/div>\r\n        <\/a>\r\n\r\n        \r\n        <a href=\"https:\/\/talkpal.ai\/vocabulary_language\/turkish\/\">\r\n            <div class=\"learnNavigationWrapper\">\r\n                <div class=\"learnNavigationContent\">\r\n                    <img decoding=\"async\" src=\"https:\/\/talkpal.ai\/wp-content\/uploads\/2024\/08\/Turkish.jpg\" alt=\"Turkish Flag\">\r\n                    <div>\r\n                        <h4>T\u00fcrgi keele s\u00f5navara<\/h4>\r\n                        <p>Laiendage oma t\u00fcrgi keele s\u00f5navara.<\/p>\r\n                    <\/div>\r\n                <\/div>\r\n            <\/div>\r\n        <\/a>\r\n\r\n            <\/section>","protected":false},"excerpt":{"rendered":"<p>T\u00fcrgi keele grammatika teemad T\u00fcrgi keele \u00f5ppimine v\u00f5ib oma ainulaadse struktuuri ja grammatika t\u00f5ttu olla rahuldust pakkuv, kuid v\u00e4ljakutsuv ettev\u00f5tmine. T\u00fcrgi keele \u00fcks peamisi aspekte, mida \u00f5ppijad peavad m\u00f5istma, on selle grammatika, mis h\u00f5lmab selliseid teemasid nagu ajavormid, tegus\u00f5nad, nimis\u00f5nad, artiklid, omaduss\u00f5nad, m\u00e4\u00e4rs\u00f5nad, tingimused, eess\u00f5nad ja lauseehitus. Nende komponentide m\u00f5istmine on keele valdamiseks \u00fclioluline, kuna [&hellip;]<\/p>\n","protected":false},"author":6,"featured_media":121040,"parent":0,"menu_order":0,"comment_status":"closed","ping_status":"closed","template":"LearningContentPage.php","meta":{"_acf_changed":false,"footnotes":""},"class_list":["post-155418","page","type-page","status-publish","has-post-thumbnail","hentry"],"acf":[],"yoast_head":"<!-- This site is optimized with the Yoast SEO Premium plugin v27.2 (Yoast SEO v27.2) - https:\/\/yoast.com\/product\/yoast-seo-premium-wordpress\/ -->\n<title>T\u00fcrgi keele grammatika harjutused - Talkpal<\/title>\n<meta name=\"description\" content=\"\u00d5ppige t\u00fcrgi keele grammatikat meie p\u00f5hjalike t\u00fcrgi keele grammatika harjutustega. Parandage oma keeleoskust t\u00f5husalt juba t\u00e4na.\" \/>\n<meta name=\"robots\" content=\"index, follow, max-snippet:-1, max-image-preview:large, max-video-preview:-1\" \/>\n<link rel=\"canonical\" href=\"https:\/\/talkpal.ai\/et\/turgi-keele-grammatika-harjutused\/\" \/>\n<meta property=\"og:locale\" content=\"et_EE\" \/>\n<meta property=\"og:type\" content=\"article\" \/>\n<meta property=\"og:title\" content=\"T\u00fcrgi keele grammatika harjutused\" \/>\n<meta property=\"og:description\" content=\"T\u00fcrgi keele grammatika teemad T\u00fcrgi keele \u00f5ppimine v\u00f5ib oma ainulaadse struktuuri ja grammatika t\u00f5ttu olla rahuldust pakkuv, kuid v\u00e4ljakutsuv ettev\u00f5tmine.\" \/>\n<meta property=\"og:url\" content=\"https:\/\/talkpal.ai\/et\/turgi-keele-grammatika-harjutused\/\" \/>\n<meta property=\"og:site_name\" content=\"Talkpal\" \/>\n<meta property=\"article:publisher\" content=\"https:\/\/www.facebook.com\/profile.php?id=100090733639311\" \/>\n<meta property=\"article:modified_time\" content=\"2025-12-17T10:36:16+00:00\" \/>\n<meta property=\"og:image\" content=\"https:\/\/talkpal.ai\/wp-content\/uploads\/2023\/05\/turkish.png\" \/>\n\t<meta property=\"og:image:width\" content=\"512\" \/>\n\t<meta property=\"og:image:height\" content=\"512\" \/>\n\t<meta property=\"og:image:type\" content=\"image\/png\" \/>\n<meta name=\"twitter:card\" content=\"summary_large_image\" \/>\n<meta name=\"twitter:site\" content=\"@talkpalai\" \/>\n<meta name=\"twitter:label1\" content=\"Est. reading time\" \/>\n\t<meta name=\"twitter:data1\" content=\"2 minutit\" \/>\n<script type=\"application\/ld+json\" class=\"yoast-schema-graph\">{\"@context\":\"https:\/\/schema.org\",\"@graph\":[{\"@type\":\"WebPage\",\"@id\":\"https:\/\/talkpal.ai\/et\/turgi-keele-grammatika-harjutused\/\",\"url\":\"https:\/\/talkpal.ai\/et\/turgi-keele-grammatika-harjutused\/\",\"name\":\"T\u00fcrgi keele grammatika harjutused - Talkpal\",\"isPartOf\":{\"@id\":\"https:\/\/talkpal.ai\/et\/#website\"},\"primaryImageOfPage\":{\"@id\":\"https:\/\/talkpal.ai\/et\/turgi-keele-grammatika-harjutused\/#primaryimage\"},\"image\":{\"@id\":\"https:\/\/talkpal.ai\/et\/turgi-keele-grammatika-harjutused\/#primaryimage\"},\"thumbnailUrl\":\"https:\/\/talkpal.ai\/wp-content\/uploads\/2023\/05\/turkish.png\",\"datePublished\":\"2023-07-05T10:34:01+00:00\",\"dateModified\":\"2025-12-17T10:36:16+00:00\",\"description\":\"\u00d5ppige t\u00fcrgi keele grammatikat meie p\u00f5hjalike t\u00fcrgi keele grammatika harjutustega. Parandage oma keeleoskust t\u00f5husalt juba t\u00e4na.\",\"breadcrumb\":{\"@id\":\"https:\/\/talkpal.ai\/et\/turgi-keele-grammatika-harjutused\/#breadcrumb\"},\"inLanguage\":\"et\",\"potentialAction\":[{\"@type\":\"ReadAction\",\"target\":[\"https:\/\/talkpal.ai\/et\/turgi-keele-grammatika-harjutused\/\"]}]},{\"@type\":\"ImageObject\",\"inLanguage\":\"et\",\"@id\":\"https:\/\/talkpal.ai\/et\/turgi-keele-grammatika-harjutused\/#primaryimage\",\"url\":\"https:\/\/talkpal.ai\/wp-content\/uploads\/2023\/05\/turkish.png\",\"contentUrl\":\"https:\/\/talkpal.ai\/wp-content\/uploads\/2023\/05\/turkish.png\",\"width\":512,\"height\":512},{\"@type\":\"BreadcrumbList\",\"@id\":\"https:\/\/talkpal.ai\/et\/turgi-keele-grammatika-harjutused\/#breadcrumb\",\"itemListElement\":[{\"@type\":\"ListItem\",\"position\":1,\"name\":\"Homepage\",\"item\":\"https:\/\/talkpal.ai\/et\/\"},{\"@type\":\"ListItem\",\"position\":2,\"name\":\"T\u00fcrgi keele grammatika harjutused\"}]},{\"@type\":\"WebSite\",\"@id\":\"https:\/\/talkpal.ai\/et\/#website\",\"url\":\"https:\/\/talkpal.ai\/et\/\",\"name\":\"Talkpal\",\"description\":\"AI Language Learning\",\"publisher\":{\"@id\":\"https:\/\/talkpal.ai\/et\/#organization\"},\"alternateName\":\"Talkpal AI\",\"potentialAction\":[{\"@type\":\"SearchAction\",\"target\":{\"@type\":\"EntryPoint\",\"urlTemplate\":\"https:\/\/talkpal.ai\/et\/?s={search_term_string}\"},\"query-input\":{\"@type\":\"PropertyValueSpecification\",\"valueRequired\":true,\"valueName\":\"search_term_string\"}}],\"inLanguage\":\"et\"},{\"@type\":\"Organization\",\"@id\":\"https:\/\/talkpal.ai\/et\/#organization\",\"name\":\"Talkpal, Inc.\",\"alternateName\":\"Talkpal AI\",\"url\":\"https:\/\/talkpal.ai\/et\/\",\"logo\":{\"@type\":\"ImageObject\",\"inLanguage\":\"et\",\"@id\":\"https:\/\/talkpal.ai\/et\/#\/schema\/logo\/image\/\",\"url\":\"https:\/\/talkpal.ai\/wp-content\/uploads\/2024\/03\/Talkpal-Logo-Icon.png\",\"contentUrl\":\"https:\/\/talkpal.ai\/wp-content\/uploads\/2024\/03\/Talkpal-Logo-Icon.png\",\"width\":2880,\"height\":2880,\"caption\":\"Talkpal, Inc.\"},\"image\":{\"@id\":\"https:\/\/talkpal.ai\/et\/#\/schema\/logo\/image\/\"},\"sameAs\":[\"https:\/\/www.facebook.com\/profile.php?id=100090733639311\",\"https:\/\/x.com\/talkpalai\",\"https:\/\/www.linkedin.com\/company\/talkpal\/\",\"https:\/\/www.youtube.com\/@TalkPal\/\",\"https:\/\/www.tiktok.com\/@talkpal\",\"https:\/\/www.instagram.com\/talkpal_ai\/\",\"https:\/\/www.crunchbase.com\/organization\/talkpal-9cde\",\"https:\/\/www.g2.com\/products\/talkpal-for-business\/\",\"https:\/\/www.trustpilot.com\/review\/talkpal.ai\",\"https:\/\/www.capterra.com\/p\/10006800\/TalkPal\/\"],\"description\":\"Talkpal is a language learning web and mobile education app, powered by the latest AI technologies, that provides engaging experiences to its customers in many different languages to help them improve their language skills. Users can chat about unlimited amount of topics with the app and use other modes to practice their language learning.\",\"email\":\"support@talkpal.ai\",\"legalName\":\"Talkpal, Inc.\",\"foundingDate\":\"2023-04-03\",\"duns\":\"118989042\",\"numberOfEmployees\":{\"@type\":\"QuantitativeValue\",\"minValue\":\"11\",\"maxValue\":\"50\"},\"publishingPrinciples\":\"https:\/\/talkpal.ai\/publishing-principles\/\",\"actionableFeedbackPolicy\":\"https:\/\/talkpal.ai\/actionable-feedback-policy\/\",\"correctionsPolicy\":\"https:\/\/talkpal.ai\/corrections-policy\/\",\"ethicsPolicy\":\"https:\/\/talkpal.ai\/ethics-policy\/\",\"diversityPolicy\":\"https:\/\/talkpal.ai\/diversity-policy\/\",\"diversityStaffingReport\":\"https:\/\/talkpal.ai\/diversity-policy\/\"}]}<\/script>\n<!-- \/ Yoast SEO Premium plugin. -->","yoast_head_json":{"title":"T\u00fcrgi keele grammatika harjutused - Talkpal","description":"\u00d5ppige t\u00fcrgi keele grammatikat meie p\u00f5hjalike t\u00fcrgi keele grammatika harjutustega. Parandage oma keeleoskust t\u00f5husalt juba t\u00e4na.","robots":{"index":"index","follow":"follow","max-snippet":"max-snippet:-1","max-image-preview":"max-image-preview:large","max-video-preview":"max-video-preview:-1"},"canonical":"https:\/\/talkpal.ai\/et\/turgi-keele-grammatika-harjutused\/","og_locale":"et_EE","og_type":"article","og_title":"T\u00fcrgi keele grammatika harjutused","og_description":"T\u00fcrgi keele grammatika teemad T\u00fcrgi keele \u00f5ppimine v\u00f5ib oma ainulaadse struktuuri ja grammatika t\u00f5ttu olla rahuldust pakkuv, kuid v\u00e4ljakutsuv ettev\u00f5tmine.","og_url":"https:\/\/talkpal.ai\/et\/turgi-keele-grammatika-harjutused\/","og_site_name":"Talkpal","article_publisher":"https:\/\/www.facebook.com\/profile.php?id=100090733639311","article_modified_time":"2025-12-17T10:36:16+00:00","og_image":[{"width":512,"height":512,"url":"https:\/\/talkpal.ai\/wp-content\/uploads\/2023\/05\/turkish.png","type":"image\/png"}],"twitter_card":"summary_large_image","twitter_site":"@talkpalai","twitter_misc":{"Est. reading time":"2 minutit"},"schema":{"@context":"https:\/\/schema.org","@graph":[{"@type":"WebPage","@id":"https:\/\/talkpal.ai\/et\/turgi-keele-grammatika-harjutused\/","url":"https:\/\/talkpal.ai\/et\/turgi-keele-grammatika-harjutused\/","name":"T\u00fcrgi keele grammatika harjutused - Talkpal","isPartOf":{"@id":"https:\/\/talkpal.ai\/et\/#website"},"primaryImageOfPage":{"@id":"https:\/\/talkpal.ai\/et\/turgi-keele-grammatika-harjutused\/#primaryimage"},"image":{"@id":"https:\/\/talkpal.ai\/et\/turgi-keele-grammatika-harjutused\/#primaryimage"},"thumbnailUrl":"https:\/\/talkpal.ai\/wp-content\/uploads\/2023\/05\/turkish.png","datePublished":"2023-07-05T10:34:01+00:00","dateModified":"2025-12-17T10:36:16+00:00","description":"\u00d5ppige t\u00fcrgi keele grammatikat meie p\u00f5hjalike t\u00fcrgi keele grammatika harjutustega. Parandage oma keeleoskust t\u00f5husalt juba t\u00e4na.","breadcrumb":{"@id":"https:\/\/talkpal.ai\/et\/turgi-keele-grammatika-harjutused\/#breadcrumb"},"inLanguage":"et","potentialAction":[{"@type":"ReadAction","target":["https:\/\/talkpal.ai\/et\/turgi-keele-grammatika-harjutused\/"]}]},{"@type":"ImageObject","inLanguage":"et","@id":"https:\/\/talkpal.ai\/et\/turgi-keele-grammatika-harjutused\/#primaryimage","url":"https:\/\/talkpal.ai\/wp-content\/uploads\/2023\/05\/turkish.png","contentUrl":"https:\/\/talkpal.ai\/wp-content\/uploads\/2023\/05\/turkish.png","width":512,"height":512},{"@type":"BreadcrumbList","@id":"https:\/\/talkpal.ai\/et\/turgi-keele-grammatika-harjutused\/#breadcrumb","itemListElement":[{"@type":"ListItem","position":1,"name":"Homepage","item":"https:\/\/talkpal.ai\/et\/"},{"@type":"ListItem","position":2,"name":"T\u00fcrgi keele grammatika harjutused"}]},{"@type":"WebSite","@id":"https:\/\/talkpal.ai\/et\/#website","url":"https:\/\/talkpal.ai\/et\/","name":"Talkpal","description":"AI Language Learning","publisher":{"@id":"https:\/\/talkpal.ai\/et\/#organization"},"alternateName":"Talkpal AI","potentialAction":[{"@type":"SearchAction","target":{"@type":"EntryPoint","urlTemplate":"https:\/\/talkpal.ai\/et\/?s={search_term_string}"},"query-input":{"@type":"PropertyValueSpecification","valueRequired":true,"valueName":"search_term_string"}}],"inLanguage":"et"},{"@type":"Organization","@id":"https:\/\/talkpal.ai\/et\/#organization","name":"Talkpal, Inc.","alternateName":"Talkpal AI","url":"https:\/\/talkpal.ai\/et\/","logo":{"@type":"ImageObject","inLanguage":"et","@id":"https:\/\/talkpal.ai\/et\/#\/schema\/logo\/image\/","url":"https:\/\/talkpal.ai\/wp-content\/uploads\/2024\/03\/Talkpal-Logo-Icon.png","contentUrl":"https:\/\/talkpal.ai\/wp-content\/uploads\/2024\/03\/Talkpal-Logo-Icon.png","width":2880,"height":2880,"caption":"Talkpal, Inc."},"image":{"@id":"https:\/\/talkpal.ai\/et\/#\/schema\/logo\/image\/"},"sameAs":["https:\/\/www.facebook.com\/profile.php?id=100090733639311","https:\/\/x.com\/talkpalai","https:\/\/www.linkedin.com\/company\/talkpal\/","https:\/\/www.youtube.com\/@TalkPal\/","https:\/\/www.tiktok.com\/@talkpal","https:\/\/www.instagram.com\/talkpal_ai\/","https:\/\/www.crunchbase.com\/organization\/talkpal-9cde","https:\/\/www.g2.com\/products\/talkpal-for-business\/","https:\/\/www.trustpilot.com\/review\/talkpal.ai","https:\/\/www.capterra.com\/p\/10006800\/TalkPal\/"],"description":"Talkpal is a language learning web and mobile education app, powered by the latest AI technologies, that provides engaging experiences to its customers in many different languages to help them improve their language skills. Users can chat about unlimited amount of topics with the app and use other modes to practice their language learning.","email":"support@talkpal.ai","legalName":"Talkpal, Inc.","foundingDate":"2023-04-03","duns":"118989042","numberOfEmployees":{"@type":"QuantitativeValue","minValue":"11","maxValue":"50"},"publishingPrinciples":"https:\/\/talkpal.ai\/publishing-principles\/","actionableFeedbackPolicy":"https:\/\/talkpal.ai\/actionable-feedback-policy\/","correctionsPolicy":"https:\/\/talkpal.ai\/corrections-policy\/","ethicsPolicy":"https:\/\/talkpal.ai\/ethics-policy\/","diversityPolicy":"https:\/\/talkpal.ai\/diversity-policy\/","diversityStaffingReport":"https:\/\/talkpal.ai\/diversity-policy\/"}]}},"_links":{"self":[{"href":"https:\/\/talkpal.ai\/et\/wp-json\/wp\/v2\/pages\/155418","targetHints":{"allow":["GET"]}}],"collection":[{"href":"https:\/\/talkpal.ai\/et\/wp-json\/wp\/v2\/pages"}],"about":[{"href":"https:\/\/talkpal.ai\/et\/wp-json\/wp\/v2\/types\/page"}],"author":[{"embeddable":true,"href":"https:\/\/talkpal.ai\/et\/wp-json\/wp\/v2\/users\/6"}],"replies":[{"embeddable":true,"href":"https:\/\/talkpal.ai\/et\/wp-json\/wp\/v2\/comments?post=155418"}],"version-history":[{"count":0,"href":"https:\/\/talkpal.ai\/et\/wp-json\/wp\/v2\/pages\/155418\/revisions"}],"wp:featuredmedia":[{"embeddable":true,"href":"https:\/\/talkpal.ai\/et\/wp-json\/wp\/v2\/media\/121040"}],"wp:attachment":[{"href":"https:\/\/talkpal.ai\/et\/wp-json\/wp\/v2\/media?parent=155418"}],"curies":[{"name":"wp","href":"https:\/\/api.w.org\/{rel}","templated":true}]}}