{"id":153717,"date":"2023-05-14T14:25:05","date_gmt":"2023-05-14T14:25:05","guid":{"rendered":"http:\/\/talkpal.ai\/suahiili-grammatika\/"},"modified":"2025-12-13T15:54:37","modified_gmt":"2025-12-13T15:54:37","slug":"suahiili-grammatika","status":"publish","type":"page","link":"https:\/\/talkpal.ai\/et\/suahiili-grammatika\/","title":{"rendered":"Suahiili grammatika"},"content":{"rendered":"\r\n\r\n\r\n<section class=\"languageChallengeSection\">\r\n    <div class=\"languageInfoWrapper\">\r\n        \r\n        <h1>Suahiili grammatika<\/h1>\r\n        <p>Avage <a href=\"https:\/\/talkpal.ai\/swahili-grammar\/\">suahiili keele grammatika<\/a> saladused ja suurendage oma keeleoskust kaasahaaravate \u00f5ppetundide ja eluliste n\u00e4idete abil. Sukeldu lauseehituse, verbimustrite ja oluliste grammatikareeglite p\u00f5hit\u00f5dedesse. Harjutage \u00f5pitut interaktiivsete harjutuste abil, mis on m\u00f5eldud teie arusaamise kinnistamiseks. Alusta <a href=\"https:\/\/talkpal.ai\/learn-swahili\/\">suahiili<\/a> keele <a href=\"https:\/\/talkpal.ai\/greek-grammar\/\">grammatika<\/a> omandamist juba t\u00e4na ja suhtle enesekindlamalt!<\/p>\r\n\r\n                            <a class=\"getStartedHidden\" href=\"https:\/\/app.talkpal.ai\/et\/signup?lng=\">Alusta<\/a>\r\n        \r\n    <\/div>\r\n\r\n    <figure>\r\n    <img decoding=\"async\" width=\"768\" height=\"768\" src=\"https:\/\/talkpal.ai\/wp-content\/uploads\/2023\/06\/Swahili-768x768.png\" class=\"languageImage no-lazy\" alt=\"Secrets to master language learning\" fetchpriority=\"high\" sizes=\"(max-width: 768px) 150px, 768px\" srcset=\"https:\/\/talkpal.ai\/wp-content\/uploads\/2023\/06\/Swahili-768x768.png 768w, https:\/\/talkpal.ai\/wp-content\/uploads\/2023\/06\/Swahili-300x300.png 300w\" \/>\r\n    \r\n\r\n    <\/figure>\r\n\r\n            <a class=\"getStartedVisible\" href=\"https:\/\/app.talkpal.ai\/et\/signup?lng=\">Alusta<\/a>\r\n    \r\n<\/section>\r\n<section class=\"promotionalBanner\">\r\n    <p class=\"promotionalText\">K\u00f5ige t\u00f5husam viis keele \u00f5ppimiseks<\/p>\r\n    <a class=\"promotionalLink\" href=\"https:\/\/app.talkpal.ai\/et\/signup?lng=\">Proovige Talkpal tasuta<\/a>\r\n<\/section>\n<div class=\"wp-block-group pageContainerStyle\"><div class=\"wp-block-group__inner-container is-layout-constrained wp-block-group-is-layout-constrained\">\n<h2 class=\"wp-block-heading\" id=\"h-swahili-grammar-demystifying-the-linguistic-adventure\">Suahiili grammatika: keelelise seikluse dem\u00fcstifitseerimine<\/h2>\n\n\n\n<p><a href=\"https:\/\/talkpal.ai\/learn-swahili\/\">Suahiili<\/a> keele grammatika &#8211; kutsuv, kuid salap\u00e4rane, voolav, kuid intrigeeriv, eluj\u00f5uline, kuid p\u00f5nev. Suahiili keele juurde oma keeler\u00e4nnakut alustades v\u00f5ite kohata segu vaimustusest ja ebakindlusest. \u00c4rge muretsege, kaaskeelefanaatikud! Oleme siin, et aidata teil nendes p\u00f5nevates keelevetes navigeerida!<\/p>\n\n\n\n<p>Selles artiklis anname p\u00f5hjaliku \u00fclevaate suahiili grammatikast, uurides p\u00f5hikomponente, pakkudes selgitusi ja n\u00e4iteid ning lihtsustades keerukust. Niisiis, vallandame suahiili keele maagia ja avastame selle grammatika saladused!<\/p>\n\n\n\n<h3 class=\"wp-block-heading\" id=\"h-1-noun-classes-from-people-to-abstract-ideas\">1. Nimis\u00f5naklassid: inimestelt abstraktsetele ideedele<\/h3>\n\n\n\n<p>Suahiili keele grammatika keerleb eristava, kuid olulise nimis\u00f5nade klassifitseerimiss\u00fcsteemi \u00fcmber. Nimis\u00f5nad on jagatud erinevatesse klassidesse vastavalt nende t\u00e4hendusele v\u00f5i omadustele ning igal klassil on konkreetne eesliide. Kuigi see v\u00f5ib tunduda hirmutav, on see nimis\u00f5nade, omaduss\u00f5nade ja tegus\u00f5nade vahelise kokkuleppe loomisel \u00fclioluline.<\/p>\n\n\n\n<p>Selle protsessi lihtsustamiseks keskenduge k\u00f5igepealt k\u00f5ige tavalisematele nimis\u00f5naklassidele:<\/p>\n\n\n\n<p><strong>&#8211; Klass 1: inimesed (nt mtu &#8211; person)<\/strong><\/p>\n\n\n\n<p><strong>&#8211; 2. klass: 1. klassi nimis\u00f5nade mitmus (nt watu &#8211; inimesed)<\/strong><\/p>\n\n\n\n<p><strong>&#8211; Klass 3: Puud, taimed ja abstraktsed nimis\u00f5nad (nt mti &#8211; puu)<\/strong><\/p>\n\n\n\n<p><strong>&#8211; Klass 4: elutud esemed ja abstraktsed nimis\u00f5nad (nt kiti &#8211; tool)<\/strong><\/p>\n\n\n\n<p>Pidage meeles, et harjutamine teeb t\u00e4iuslikuks ja nimis\u00f5naklasside m\u00f5istmine muutub aja jooksul lihtsamaks!<\/p>\n\n\n\n<h3 class=\"wp-block-heading\" id=\"h-2-adjectives-from-basic-to-intricate-agreement\">2. Omaduss\u00f5nad: p\u00f5hilisest kuni keeruka kokkuleppeni<\/h3>\n\n\n\n<p>Suahiili keele omaduss\u00f5nad n\u00f5ustuvad nimis\u00f5na klassi ja numbriga, mida nad muudavad. Selle tulemusena on omaduss\u00f5nadel mitu eesliidet, mis vastavad erinevatele nimis\u00f5naklassidele. Hea uudis on see, et paljudel omaduss\u00f5nadel on <a href=\"https:\/\/talkpal.ai\/locations\/language-courses-in-sama\/\">sama<\/a> juurs\u00f5na, mis muudab nende \u00f5ppimise paremini hallatavaks.<\/p>\n\n\n\n<p>N\u00e4iteks juur &#8220;-refu&#8221; t\u00e4hendab &#8220;pikk&#8221;. S\u00f5ltuvalt nimis\u00f5nade klassist v\u00f5ib see esineda kui &#8220;mrefu&#8221; (1. klass), &#8220;wazuri&#8221; (2. klass), &#8220;jurefu&#8221; (3. klass) jne. Harjutamisega on omaduss\u00f5na-nimis\u00f5na kokkuleppe haaramine imelihtne!<\/p>\n\n\n\n<h3 class=\"wp-block-heading\" id=\"h-3-verbs-tense-subject-and-object\">3. Tegus\u00f5nad: pingeline, subjekt ja objekt<\/h3>\n\n\n\n<p>Suahiili verbid on nagu t\u00f5husad \u0160veitsi armee noad, mis edastavad kompaktselt pinget, subjekti ja objekti, k\u00f5ik \u00fches kenas pakendis. Ajavormid moodustatakse, kinnitades verbi juurele pingelised markerid, samas kui subjekti ja objekti markerid v\u00e4ljendavad, kes on tegevuses osalenud.<\/p>\n\n\n\n<p>N\u00e4iteks s\u00f5na &#8220;-soma&#8221; t\u00e4hendab &#8220;lugeda&#8221;. Lisades erinevaid ees- ja j\u00e4relliiteid, saate luua arvukaid variante: &#8220;anasoma&#8221; (ta\/see loeb), &#8220;alisoma&#8221; (ta\/see loeb) v\u00f5i &#8220;atasoma&#8221; (ta\/see loeb).<\/p>\n\n\n\n<h3 class=\"wp-block-heading\" id=\"h-4-word-order-subject-verb-object-for-clarity\">4. S\u00f5nade j\u00e4rjekord: subjekt-verb-objekt selguse huvides<\/h3>\n\n\n\n<p>Suahiili j\u00e4rgib lihtsat, kuid selget Subject-Verb-Object (SVO) s\u00f5nade j\u00e4rjekorda, mis sarnaneb <a href=\"https:\/\/talkpal.ai\/learn-english\/\">inglise<\/a> keelega, mis muudab lauseehituse v\u00e4hem hirmutavaks. N\u00e4iteks &#8220;Mwanafunzi anasoma kitabu&#8221; t\u00e4hendab otseselt &#8220;\u00d5pilane (subjekt) loeb (verb) raamatut (objekt)&#8221;.<\/p>\n\n\n\n<h3 class=\"wp-block-heading\" id=\"h-5-embrace-the-challenges-practice-is-key\">5. V\u00f5tke v\u00e4ljakutsed vastu: praktika on v\u00f5ti<\/h3>\n\n\n\n<p>Suahiili grammatikasse sukeldumine v\u00f5ib alguses tunduda pisut \u00fcle j\u00f5u k\u00e4iv. Kuid pidage meeles, et kannatlikkus, harjutamine ja sihikindlus on edu saladused. Suhelge keelega lugemise, kirjutamise, kuulamise ja r\u00e4\u00e4kimise kaudu, et parandada oma arusaamist ja enesekindlust.<\/p>\n\n\n\n<p>Niisiis, kas olete valmis uurima <a href=\"https:\/\/talkpal.ai\/swahili-grammar\/\">suahiili grammatika<\/a> imesid? V\u00f5tke omaks selle keerukused, nautige n\u00fcansse ja pidage meeles, et p\u00fchendumuse ja entusiasmiga saate avada suahiili keele t\u00f5elise ilu. Bahati njema! (\u00d5nn kaasa!)<\/p>\n<\/div><\/div>\n\r\n<section class=\"learnNavigationSection\">\r\n            \r\n        <a href=\"https:\/\/talkpal.ai\/et\/opi-suahiili-keel\/\">\r\n            <div class=\"learnNavigationWrapper\">\r\n                <div class=\"learnNavigationContent\">\r\n                    <img decoding=\"async\" src=\"https:\/\/talkpal.ai\/wp-content\/uploads\/2024\/08\/Swahili.jpg\" alt=\"Kenya and Tanzania Flags\">\r\n                    <div>\r\n                        <h4>Suahiili keele \u00f5ppimise kohta<\/h4>\r\n                        <p>Uuri k\u00f5ike suahiili keele grammatika kohta.<\/p>\r\n                    <\/div>\r\n                <\/div>\r\n            <\/div>\r\n        <\/a>\r\n\r\n        \r\n        <a href=\"https:\/\/talkpal.ai\/et\/suahiili-keele-grammatika-harjutused\/\">\r\n            <div class=\"learnNavigationWrapper\">\r\n                <div class=\"learnNavigationContent\">\r\n                    <img decoding=\"async\" src=\"https:\/\/talkpal.ai\/wp-content\/uploads\/2024\/08\/Swahili.jpg\" alt=\"Kenya and Tanzania Flags\">\r\n                    <div>\r\n                        <h4>Suahiili keele grammatika harjutus<\/h4>\r\n                        <p>Harjutage suahiili grammatikat .<\/p>\r\n                    <\/div>\r\n                <\/div>\r\n            <\/div>\r\n        <\/a>\r\n\r\n        \r\n        <a href=\"https:\/\/talkpal.ai\/vocabulary_language\/swahili\/\">\r\n            <div class=\"learnNavigationWrapper\">\r\n                <div class=\"learnNavigationContent\">\r\n                    <img decoding=\"async\" src=\"https:\/\/talkpal.ai\/wp-content\/uploads\/2024\/08\/Swahili.jpg\" alt=\"Kenya and Tanzania Flags\">\r\n                    <div>\r\n                        <h4>Suahiili keele s\u00f5navara<\/h4>\r\n                        <p>Laiendage oma suahiili keele s\u00f5navara.<\/p>\r\n                    <\/div>\r\n                <\/div>\r\n            <\/div>\r\n        <\/a>\r\n\r\n            <\/section>","protected":false},"excerpt":{"rendered":"<p>Suahiili grammatika: keelelise seikluse dem\u00fcstifitseerimine Suahiili keele grammatika &#8211; kutsuv, kuid salap\u00e4rane, voolav, kuid intrigeeriv, eluj\u00f5uline, kuid p\u00f5nev. Suahiili keele juurde oma keeler\u00e4nnakut alustades v\u00f5ite kohata segu vaimustusest ja ebakindlusest. \u00c4rge muretsege, kaaskeelefanaatikud! Oleme siin, et aidata teil nendes p\u00f5nevates keelevetes navigeerida! Selles artiklis anname p\u00f5hjaliku \u00fclevaate suahiili grammatikast, uurides p\u00f5hikomponente, pakkudes selgitusi ja n\u00e4iteid [&hellip;]<\/p>\n","protected":false},"author":1,"featured_media":119340,"parent":0,"menu_order":0,"comment_status":"closed","ping_status":"closed","template":"LearningContentPage.php","meta":{"_acf_changed":false,"footnotes":""},"class_list":["post-153717","page","type-page","status-publish","has-post-thumbnail","hentry"],"acf":[],"yoast_head":"<!-- This site is optimized with the Yoast SEO Premium plugin v27.2 (Yoast SEO v27.2) - https:\/\/yoast.com\/product\/yoast-seo-premium-wordpress\/ -->\n<title>Suahiili grammatika - Talkpal<\/title>\n<meta name=\"description\" content=\"Avage meie p\u00f5hjaliku juhendi abil suahiili keele grammatika saladused! Avastage selle ainulaadsed substantiivsed klassid ja p\u00f5hikomponendid.\" \/>\n<meta name=\"robots\" content=\"index, follow, max-snippet:-1, max-image-preview:large, max-video-preview:-1\" \/>\n<link rel=\"canonical\" href=\"https:\/\/talkpal.ai\/et\/suahiili-grammatika\/\" \/>\n<meta property=\"og:locale\" content=\"et_EE\" \/>\n<meta property=\"og:type\" content=\"article\" \/>\n<meta property=\"og:title\" content=\"Suahiili grammatika\" \/>\n<meta property=\"og:description\" content=\"Suahiili grammatika: keelelise seikluse dem\u00fcstifitseerimine Suahiili keele grammatika - kutsuv, kuid salap\u00e4rane, voolav, kuid intrigeeriv, eluj\u00f5uline,\" \/>\n<meta property=\"og:url\" content=\"https:\/\/talkpal.ai\/et\/suahiili-grammatika\/\" \/>\n<meta property=\"og:site_name\" content=\"Talkpal\" \/>\n<meta property=\"article:publisher\" content=\"https:\/\/www.facebook.com\/profile.php?id=100090733639311\" \/>\n<meta property=\"article:modified_time\" content=\"2025-12-13T15:54:37+00:00\" \/>\n<meta property=\"og:image\" content=\"https:\/\/talkpal.ai\/wp-content\/uploads\/2023\/05\/Swahili-tanzania.png\" \/>\n\t<meta property=\"og:image:width\" content=\"512\" \/>\n\t<meta property=\"og:image:height\" content=\"512\" \/>\n\t<meta property=\"og:image:type\" content=\"image\/png\" \/>\n<meta name=\"twitter:card\" content=\"summary_large_image\" \/>\n<meta name=\"twitter:site\" content=\"@talkpalai\" \/>\n<meta name=\"twitter:label1\" content=\"Est. reading time\" \/>\n\t<meta name=\"twitter:data1\" content=\"2 minutit\" \/>\n<script type=\"application\/ld+json\" class=\"yoast-schema-graph\">{\"@context\":\"https:\/\/schema.org\",\"@graph\":[{\"@type\":\"WebPage\",\"@id\":\"https:\/\/talkpal.ai\/et\/suahiili-grammatika\/\",\"url\":\"https:\/\/talkpal.ai\/et\/suahiili-grammatika\/\",\"name\":\"Suahiili grammatika - Talkpal\",\"isPartOf\":{\"@id\":\"https:\/\/talkpal.ai\/et\/#website\"},\"primaryImageOfPage\":{\"@id\":\"https:\/\/talkpal.ai\/et\/suahiili-grammatika\/#primaryimage\"},\"image\":{\"@id\":\"https:\/\/talkpal.ai\/et\/suahiili-grammatika\/#primaryimage\"},\"thumbnailUrl\":\"https:\/\/talkpal.ai\/wp-content\/uploads\/2023\/05\/Swahili-tanzania.png\",\"datePublished\":\"2023-05-14T14:25:05+00:00\",\"dateModified\":\"2025-12-13T15:54:37+00:00\",\"description\":\"Avage meie p\u00f5hjaliku juhendi abil suahiili keele grammatika saladused! Avastage selle ainulaadsed substantiivsed klassid ja p\u00f5hikomponendid.\",\"breadcrumb\":{\"@id\":\"https:\/\/talkpal.ai\/et\/suahiili-grammatika\/#breadcrumb\"},\"inLanguage\":\"et\",\"potentialAction\":[{\"@type\":\"ReadAction\",\"target\":[\"https:\/\/talkpal.ai\/et\/suahiili-grammatika\/\"]}]},{\"@type\":\"ImageObject\",\"inLanguage\":\"et\",\"@id\":\"https:\/\/talkpal.ai\/et\/suahiili-grammatika\/#primaryimage\",\"url\":\"https:\/\/talkpal.ai\/wp-content\/uploads\/2023\/05\/Swahili-tanzania.png\",\"contentUrl\":\"https:\/\/talkpal.ai\/wp-content\/uploads\/2023\/05\/Swahili-tanzania.png\",\"width\":512,\"height\":512},{\"@type\":\"BreadcrumbList\",\"@id\":\"https:\/\/talkpal.ai\/et\/suahiili-grammatika\/#breadcrumb\",\"itemListElement\":[{\"@type\":\"ListItem\",\"position\":1,\"name\":\"Homepage\",\"item\":\"https:\/\/talkpal.ai\/et\/\"},{\"@type\":\"ListItem\",\"position\":2,\"name\":\"Suahiili grammatika\"}]},{\"@type\":\"WebSite\",\"@id\":\"https:\/\/talkpal.ai\/et\/#website\",\"url\":\"https:\/\/talkpal.ai\/et\/\",\"name\":\"Talkpal\",\"description\":\"AI Language Learning\",\"publisher\":{\"@id\":\"https:\/\/talkpal.ai\/et\/#organization\"},\"alternateName\":\"Talkpal AI\",\"potentialAction\":[{\"@type\":\"SearchAction\",\"target\":{\"@type\":\"EntryPoint\",\"urlTemplate\":\"https:\/\/talkpal.ai\/et\/?s={search_term_string}\"},\"query-input\":{\"@type\":\"PropertyValueSpecification\",\"valueRequired\":true,\"valueName\":\"search_term_string\"}}],\"inLanguage\":\"et\"},{\"@type\":\"Organization\",\"@id\":\"https:\/\/talkpal.ai\/et\/#organization\",\"name\":\"Talkpal, Inc.\",\"alternateName\":\"Talkpal AI\",\"url\":\"https:\/\/talkpal.ai\/et\/\",\"logo\":{\"@type\":\"ImageObject\",\"inLanguage\":\"et\",\"@id\":\"https:\/\/talkpal.ai\/et\/#\/schema\/logo\/image\/\",\"url\":\"https:\/\/talkpal.ai\/wp-content\/uploads\/2024\/03\/Talkpal-Logo-Icon.png\",\"contentUrl\":\"https:\/\/talkpal.ai\/wp-content\/uploads\/2024\/03\/Talkpal-Logo-Icon.png\",\"width\":2880,\"height\":2880,\"caption\":\"Talkpal, Inc.\"},\"image\":{\"@id\":\"https:\/\/talkpal.ai\/et\/#\/schema\/logo\/image\/\"},\"sameAs\":[\"https:\/\/www.facebook.com\/profile.php?id=100090733639311\",\"https:\/\/x.com\/talkpalai\",\"https:\/\/www.linkedin.com\/company\/talkpal\/\",\"https:\/\/www.youtube.com\/@TalkPal\/\",\"https:\/\/www.tiktok.com\/@talkpal\",\"https:\/\/www.instagram.com\/talkpal_ai\/\",\"https:\/\/www.crunchbase.com\/organization\/talkpal-9cde\",\"https:\/\/www.g2.com\/products\/talkpal-for-business\/\",\"https:\/\/www.trustpilot.com\/review\/talkpal.ai\",\"https:\/\/www.capterra.com\/p\/10006800\/TalkPal\/\"],\"description\":\"Talkpal is a language learning web and mobile education app, powered by the latest AI technologies, that provides engaging experiences to its customers in many different languages to help them improve their language skills. Users can chat about unlimited amount of topics with the app and use other modes to practice their language learning.\",\"email\":\"support@talkpal.ai\",\"legalName\":\"Talkpal, Inc.\",\"foundingDate\":\"2023-04-03\",\"duns\":\"118989042\",\"numberOfEmployees\":{\"@type\":\"QuantitativeValue\",\"minValue\":\"11\",\"maxValue\":\"50\"},\"publishingPrinciples\":\"https:\/\/talkpal.ai\/publishing-principles\/\",\"actionableFeedbackPolicy\":\"https:\/\/talkpal.ai\/actionable-feedback-policy\/\",\"correctionsPolicy\":\"https:\/\/talkpal.ai\/corrections-policy\/\",\"ethicsPolicy\":\"https:\/\/talkpal.ai\/ethics-policy\/\",\"diversityPolicy\":\"https:\/\/talkpal.ai\/diversity-policy\/\",\"diversityStaffingReport\":\"https:\/\/talkpal.ai\/diversity-policy\/\"}]}<\/script>\n<!-- \/ Yoast SEO Premium plugin. -->","yoast_head_json":{"title":"Suahiili grammatika - Talkpal","description":"Avage meie p\u00f5hjaliku juhendi abil suahiili keele grammatika saladused! Avastage selle ainulaadsed substantiivsed klassid ja p\u00f5hikomponendid.","robots":{"index":"index","follow":"follow","max-snippet":"max-snippet:-1","max-image-preview":"max-image-preview:large","max-video-preview":"max-video-preview:-1"},"canonical":"https:\/\/talkpal.ai\/et\/suahiili-grammatika\/","og_locale":"et_EE","og_type":"article","og_title":"Suahiili grammatika","og_description":"Suahiili grammatika: keelelise seikluse dem\u00fcstifitseerimine Suahiili keele grammatika - kutsuv, kuid salap\u00e4rane, voolav, kuid intrigeeriv, eluj\u00f5uline,","og_url":"https:\/\/talkpal.ai\/et\/suahiili-grammatika\/","og_site_name":"Talkpal","article_publisher":"https:\/\/www.facebook.com\/profile.php?id=100090733639311","article_modified_time":"2025-12-13T15:54:37+00:00","og_image":[{"width":512,"height":512,"url":"https:\/\/talkpal.ai\/wp-content\/uploads\/2023\/05\/Swahili-tanzania.png","type":"image\/png"}],"twitter_card":"summary_large_image","twitter_site":"@talkpalai","twitter_misc":{"Est. reading time":"2 minutit"},"schema":{"@context":"https:\/\/schema.org","@graph":[{"@type":"WebPage","@id":"https:\/\/talkpal.ai\/et\/suahiili-grammatika\/","url":"https:\/\/talkpal.ai\/et\/suahiili-grammatika\/","name":"Suahiili grammatika - Talkpal","isPartOf":{"@id":"https:\/\/talkpal.ai\/et\/#website"},"primaryImageOfPage":{"@id":"https:\/\/talkpal.ai\/et\/suahiili-grammatika\/#primaryimage"},"image":{"@id":"https:\/\/talkpal.ai\/et\/suahiili-grammatika\/#primaryimage"},"thumbnailUrl":"https:\/\/talkpal.ai\/wp-content\/uploads\/2023\/05\/Swahili-tanzania.png","datePublished":"2023-05-14T14:25:05+00:00","dateModified":"2025-12-13T15:54:37+00:00","description":"Avage meie p\u00f5hjaliku juhendi abil suahiili keele grammatika saladused! Avastage selle ainulaadsed substantiivsed klassid ja p\u00f5hikomponendid.","breadcrumb":{"@id":"https:\/\/talkpal.ai\/et\/suahiili-grammatika\/#breadcrumb"},"inLanguage":"et","potentialAction":[{"@type":"ReadAction","target":["https:\/\/talkpal.ai\/et\/suahiili-grammatika\/"]}]},{"@type":"ImageObject","inLanguage":"et","@id":"https:\/\/talkpal.ai\/et\/suahiili-grammatika\/#primaryimage","url":"https:\/\/talkpal.ai\/wp-content\/uploads\/2023\/05\/Swahili-tanzania.png","contentUrl":"https:\/\/talkpal.ai\/wp-content\/uploads\/2023\/05\/Swahili-tanzania.png","width":512,"height":512},{"@type":"BreadcrumbList","@id":"https:\/\/talkpal.ai\/et\/suahiili-grammatika\/#breadcrumb","itemListElement":[{"@type":"ListItem","position":1,"name":"Homepage","item":"https:\/\/talkpal.ai\/et\/"},{"@type":"ListItem","position":2,"name":"Suahiili grammatika"}]},{"@type":"WebSite","@id":"https:\/\/talkpal.ai\/et\/#website","url":"https:\/\/talkpal.ai\/et\/","name":"Talkpal","description":"AI Language Learning","publisher":{"@id":"https:\/\/talkpal.ai\/et\/#organization"},"alternateName":"Talkpal AI","potentialAction":[{"@type":"SearchAction","target":{"@type":"EntryPoint","urlTemplate":"https:\/\/talkpal.ai\/et\/?s={search_term_string}"},"query-input":{"@type":"PropertyValueSpecification","valueRequired":true,"valueName":"search_term_string"}}],"inLanguage":"et"},{"@type":"Organization","@id":"https:\/\/talkpal.ai\/et\/#organization","name":"Talkpal, Inc.","alternateName":"Talkpal AI","url":"https:\/\/talkpal.ai\/et\/","logo":{"@type":"ImageObject","inLanguage":"et","@id":"https:\/\/talkpal.ai\/et\/#\/schema\/logo\/image\/","url":"https:\/\/talkpal.ai\/wp-content\/uploads\/2024\/03\/Talkpal-Logo-Icon.png","contentUrl":"https:\/\/talkpal.ai\/wp-content\/uploads\/2024\/03\/Talkpal-Logo-Icon.png","width":2880,"height":2880,"caption":"Talkpal, Inc."},"image":{"@id":"https:\/\/talkpal.ai\/et\/#\/schema\/logo\/image\/"},"sameAs":["https:\/\/www.facebook.com\/profile.php?id=100090733639311","https:\/\/x.com\/talkpalai","https:\/\/www.linkedin.com\/company\/talkpal\/","https:\/\/www.youtube.com\/@TalkPal\/","https:\/\/www.tiktok.com\/@talkpal","https:\/\/www.instagram.com\/talkpal_ai\/","https:\/\/www.crunchbase.com\/organization\/talkpal-9cde","https:\/\/www.g2.com\/products\/talkpal-for-business\/","https:\/\/www.trustpilot.com\/review\/talkpal.ai","https:\/\/www.capterra.com\/p\/10006800\/TalkPal\/"],"description":"Talkpal is a language learning web and mobile education app, powered by the latest AI technologies, that provides engaging experiences to its customers in many different languages to help them improve their language skills. Users can chat about unlimited amount of topics with the app and use other modes to practice their language learning.","email":"support@talkpal.ai","legalName":"Talkpal, Inc.","foundingDate":"2023-04-03","duns":"118989042","numberOfEmployees":{"@type":"QuantitativeValue","minValue":"11","maxValue":"50"},"publishingPrinciples":"https:\/\/talkpal.ai\/publishing-principles\/","actionableFeedbackPolicy":"https:\/\/talkpal.ai\/actionable-feedback-policy\/","correctionsPolicy":"https:\/\/talkpal.ai\/corrections-policy\/","ethicsPolicy":"https:\/\/talkpal.ai\/ethics-policy\/","diversityPolicy":"https:\/\/talkpal.ai\/diversity-policy\/","diversityStaffingReport":"https:\/\/talkpal.ai\/diversity-policy\/"}]}},"_links":{"self":[{"href":"https:\/\/talkpal.ai\/et\/wp-json\/wp\/v2\/pages\/153717","targetHints":{"allow":["GET"]}}],"collection":[{"href":"https:\/\/talkpal.ai\/et\/wp-json\/wp\/v2\/pages"}],"about":[{"href":"https:\/\/talkpal.ai\/et\/wp-json\/wp\/v2\/types\/page"}],"author":[{"embeddable":true,"href":"https:\/\/talkpal.ai\/et\/wp-json\/wp\/v2\/users\/1"}],"replies":[{"embeddable":true,"href":"https:\/\/talkpal.ai\/et\/wp-json\/wp\/v2\/comments?post=153717"}],"version-history":[{"count":0,"href":"https:\/\/talkpal.ai\/et\/wp-json\/wp\/v2\/pages\/153717\/revisions"}],"wp:featuredmedia":[{"embeddable":true,"href":"https:\/\/talkpal.ai\/et\/wp-json\/wp\/v2\/media\/119340"}],"wp:attachment":[{"href":"https:\/\/talkpal.ai\/et\/wp-json\/wp\/v2\/media?parent=153717"}],"curies":[{"name":"wp","href":"https:\/\/api.w.org\/{rel}","templated":true}]}}