{"id":153400,"date":"2023-05-14T14:24:42","date_gmt":"2023-05-14T14:24:42","guid":{"rendered":"http:\/\/talkpal.ai\/tai-keele-grammatika\/"},"modified":"2025-12-13T15:48:50","modified_gmt":"2025-12-13T15:48:50","slug":"tai-keele-grammatika","status":"publish","type":"page","link":"https:\/\/talkpal.ai\/et\/tai-keele-grammatika\/","title":{"rendered":"Tai keele grammatika"},"content":{"rendered":"\r\n\r\n\r\n<section class=\"languageChallengeSection\">\r\n    <div class=\"languageInfoWrapper\">\r\n        \r\n        <h1>Tai keele grammatika<\/h1>\r\n        <p>\u00d5ppige <a href=\"https:\/\/talkpal.ai\/learn-thai\/\">tai<\/a> keele grammatikat ja kogege selle keele ilu, mis on nii loogiline kui ka v\u00e4ljendusrikas. Alustage oma teekonda ja avage uks p\u00f5nevale m\u00f5tteviisile ja k\u00f5nelemisele!<\/p>\r\n\r\n                            <a class=\"getStartedHidden\" href=\"https:\/\/app.talkpal.ai\/et\/signup?lng=\">Alusta<\/a>\r\n        \r\n    <\/div>\r\n\r\n    <figure>\r\n    <img decoding=\"async\" width=\"768\" height=\"768\" src=\"https:\/\/talkpal.ai\/wp-content\/uploads\/2023\/06\/thai-768x768.png\" class=\"languageImage no-lazy\" alt=\"Language learning for improved thought process\" fetchpriority=\"high\" sizes=\"(max-width: 768px) 150px, 768px\" srcset=\"https:\/\/talkpal.ai\/wp-content\/uploads\/2023\/06\/thai-768x768.png 768w, https:\/\/talkpal.ai\/wp-content\/uploads\/2023\/06\/thai-300x300.png 300w\" \/>\r\n    \r\n\r\n    <\/figure>\r\n\r\n            <a class=\"getStartedVisible\" href=\"https:\/\/app.talkpal.ai\/et\/signup?lng=\">Alusta<\/a>\r\n    \r\n<\/section>\r\n<section class=\"promotionalBanner\">\r\n    <p class=\"promotionalText\">K\u00f5ige t\u00f5husam viis keele \u00f5ppimiseks<\/p>\r\n    <a class=\"promotionalLink\" href=\"https:\/\/app.talkpal.ai\/et\/signup?lng=\">Proovige Talkpal tasuta<\/a>\r\n<\/section>\n<div class=\"wp-block-group pageContainerStyle\"><div class=\"wp-block-group__inner-container is-layout-constrained wp-block-group-is-layout-constrained\">\n<h2 class=\"wp-block-heading\" id=\"h-thai-grammar-exploring-a-unique-linguistic-world\">Tai grammatika: ainulaadse keelemaailma uurimine<\/h2>\n\n\n\n<p>Tai keele <a href=\"https:\/\/talkpal.ai\/greek-grammar\/\">grammatika<\/a> &#8211; n\u00e4iliselt salap\u00e4rane, eksootiline ja k\u00fctkestav. Tai keele \u00f5ppimise teekonnal asudes v\u00f5ite leida end ootamatult vaimustuses selle grammatikast. \u00c4rge kartke, mu keeleuurijad! Oleme siin, et pakkuda juhiseid ja tuge sellel p\u00f5neval seiklusel!<\/p>\n\n\n\n<p>Selles artiklis s\u00fcveneme Tai grammatika p\u00f5hiaspektidesse, jagades p\u00f5him\u00f5isteid, selgitades reegleid ja isegi lihtsustades keerukust. Liituge meiega, kui t\u00f5stame tai keele grammatikale loori ja s\u00fctitame teie kire selle imeliselt ainulaadse keele vastu!<\/p>\n\n\n\n<h3 class=\"wp-block-heading\" id=\"h-1-nouns-no-plurals-no-genders-no-worries\">1. Nimis\u00f5nad: pole mitmust, pole sugusid, pole muret!<\/h3>\n\n\n\n<p>Tai grammatika ilu seisneb nimis\u00f5nade lihtsuses. Tai nimis\u00f5nadel ei ole sugu ega mitmuse vorme, mist\u00f5ttu on neid lihtne kasutada ja m\u00f5ista. Mitmuse m\u00e4rkimiseks lisage lihtsalt kvantiteedis\u00f5na nagu &#8220;palju&#8221; (\u0e21\u0e32\u0e01, m\u00e2ak) v\u00f5i &#8220;m\u00f5ned&#8221; (\u0e1a\u0e49\u0e32\u0e07, b\u00e2ang) v\u00f5i korrake nimis\u00f5na, et r\u00f5hutada mitmuse t\u00e4hendust.<\/p>\n\n\n\n<h3 class=\"wp-block-heading\" id=\"h-2-pronouns-choose-wisely-based-on-politeness\">2. Ases\u00f5nad: vali targalt viisakuse p\u00f5hjal<\/h3>\n\n\n\n<p>Sobiva ases\u00f5na valimine on Tai grammatikas oluline, et n\u00e4idata austust ja alandlikkust. Tai pronoomenid varieeruvad vastavalt k\u00f5neleja ja kuulaja soole, vanusele ja suhetele. N\u00e4iteks &#8220;\u0e09\u0e31\u0e19&#8221; (ch\u0103n) on tavaline mitteametlik esimese isiku pronoomen, samal ajal kui &#8220;\u0e1c\u0e21&#8221; (p\u014fm) kasutavad mehed sageli ametlikumates olukordades.<\/p>\n\n\n\n<p>Kui soovite viisakuse <a href=\"https:\/\/talkpal.ai\/locations\/learn-english-in-poole\/\">poole<\/a> pealt eksida, kasutage &#8220;\u0e04\u0e38\u0e13&#8221; (kun) s\u00f5na &#8220;teie&#8221; ja &#8220;\u0e40\u0e02\u0e32&#8221; (k\u0103o) s\u00f5na &#8220;tema\/nei&#8221;.<\/p>\n\n\n\n<h3 class=\"wp-block-heading\" id=\"h-3-verbs-no-conjugation-or-tenses-only-particles\">3. Tegus\u00f5nad: konjugatsioon v\u00f5i ajavormid puuduvad, ainult osakesed<\/h3>\n\n\n\n<p>Tai grammatikas j\u00e4\u00e4vad tegus\u00f5nad muutumatuks, olenemata pingest, meeleolust v\u00f5i teemast. Selle asemel tugineb Tai lihtsatele s\u00f5nadele, mida nimetatakse osakesteks, et n\u00e4idata lause pinget v\u00f5i suhtumist. Need osakesed asetatakse lause l\u00f5ppu.<\/p>\n\n\n\n<p>N\u00e4iteks partikkel &#8220;\u0e41\u0e25\u0e49\u0e27&#8221; (l\u00e1ew) t\u00e4histab minevikku v\u00f5i l\u00f5petatud tegevust ja &#8220;\u0e01\u0e33\u0e25\u0e31\u0e07&#8221; (gam-lang) t\u00e4histab k\u00e4imasolevat tegevust. Seega t\u00e4hendab &#8220;\u0e40\u0e02\u0e32\u0e01\u0e34\u0e19&#8221; (k\u0103o gin) &#8220;ta\/seda s\u00f6\u00f6b&#8221;, samas kui &#8220;\u0e40\u0e02\u0e32\u0e01\u0e34\u0e19\u0e41\u0e25\u0e49\u0e27&#8221; (k\u0103o gin l\u00e1ew) t\u00e4hendab &#8220;ta\/seda s\u00f5i&#8221;.<\/p>\n\n\n\n<h3 class=\"wp-block-heading\" id=\"h-4-sentence-structure-clear-and-straightforward\">4. Lauseehitus: selge ja arusaadav<\/h3>\n\n\n\n<p>Tai grammatika j\u00e4rgib <a href=\"https:\/\/talkpal.ai\/learn-english\/\">inglise<\/a> keelega sarnast teema-verbi-objekti (SVO) lausestruktuuri, mis lihtsustab inglise keele k\u00f5nelejate m\u00f5istmist. Peamine reegel on see, et omaduss\u00f5nad, m\u00e4\u00e4rs\u00f5nad ja muud kirjeldavad s\u00f5nad j\u00e4rgivad nimis\u00f5na v\u00f5i verbi, mida nad kirjeldavad.<\/p>\n\n\n\n<p>N\u00e4iteks &#8220;\u0e1c\u0e21\u0e0a\u0e2d\u0e1a\u0e2b\u0e19\u0e31\u0e07\u0e2a\u0e37\u0e2d\u0e19\u0e35\u0e49&#8221; (p\u014fm ch\u00e2wp n\u0103ng s\u011bu n\u00e9e) t\u00e4hendab &#8220;mulle (subjekt) meeldib (verb) see raamat (objekt)&#8221;.<\/p>\n\n\n\n<h3 class=\"wp-block-heading\" id=\"h-5-immerse-yourself-in-thai-practice-makes-perfect\">5. Sukelduge tai keelde: harjutamine teeb meistriks<\/h3>\n\n\n\n<p><a href=\"https:\/\/talkpal.ai\/thai-grammar\/\">Tai keele grammatika<\/a> m\u00f5istmine ja valdamine v\u00f5ib esialgu tunduda keeruline, kuid v\u00f5ti on p\u00fcsivus ja j\u00e4rjepidev praktika. Kaasake k\u00f5ik oma meeled, sukeldudes keelde, lugedes, kirjutades, kuulates ja suheldes emakeelena k\u00f5nelejatega. Mida rohkem kokkupuudet Tai grammatikaga on, seda rohkem tunnevad need eksootilised m\u00f5isted tuttavat ja mugavat.<\/p>\n\n\n\n<p>Niisiis, kas olete valmis sukelduma Tai grammatika p\u00f5nevasse maailma? V\u00f5tke omaks tai keele v\u00e4ljakutse ja ainulaadsed omadused ning aja, p\u00fchendumuse ja seiklustundega saate avada tai keele k\u00fctkestava ilu.<\/p>\n<\/div><\/div>\n\r\n<section class=\"learnNavigationSection\">\r\n            \r\n        <a href=\"https:\/\/talkpal.ai\/et\/opi-tai-keel\/\">\r\n            <div class=\"learnNavigationWrapper\">\r\n                <div class=\"learnNavigationContent\">\r\n                    <img decoding=\"async\" src=\"https:\/\/talkpal.ai\/wp-content\/uploads\/2024\/08\/Thai.jpg\" alt=\"Thai Flag\">\r\n                    <div>\r\n                        <h4>Tai \u00f5ppimise kohta<\/h4>\r\n                        <p>Uuri k\u00f5ike tai grammatika kohta.<\/p>\r\n                    <\/div>\r\n                <\/div>\r\n            <\/div>\r\n        <\/a>\r\n\r\n        \r\n        <a href=\"https:\/\/talkpal.ai\/et\/tai-keele-grammatika-harjutused\/\">\r\n            <div class=\"learnNavigationWrapper\">\r\n                <div class=\"learnNavigationContent\">\r\n                    <img decoding=\"async\" src=\"https:\/\/talkpal.ai\/wp-content\/uploads\/2024\/08\/Thai.jpg\" alt=\"Thai Flag\">\r\n                    <div>\r\n                        <h4>Tai keele grammatika harjutus<\/h4>\r\n                        <p>Harjuta tai grammatikat.<\/p>\r\n                    <\/div>\r\n                <\/div>\r\n            <\/div>\r\n        <\/a>\r\n\r\n        \r\n        <a href=\"https:\/\/talkpal.ai\/vocabulary_language\/thai\/\">\r\n            <div class=\"learnNavigationWrapper\">\r\n                <div class=\"learnNavigationContent\">\r\n                    <img decoding=\"async\" src=\"https:\/\/talkpal.ai\/wp-content\/uploads\/2024\/08\/Thai.jpg\" alt=\"Thai Flag\">\r\n                    <div>\r\n                        <h4>Tai s\u00f5navara<\/h4>\r\n                        <p>Laiendage oma Tai s\u00f5navara.<\/p>\r\n                    <\/div>\r\n                <\/div>\r\n            <\/div>\r\n        <\/a>\r\n\r\n            <\/section>","protected":false},"excerpt":{"rendered":"<p>Tai grammatika: ainulaadse keelemaailma uurimine Tai keele grammatika &#8211; n\u00e4iliselt salap\u00e4rane, eksootiline ja k\u00fctkestav. Tai keele \u00f5ppimise teekonnal asudes v\u00f5ite leida end ootamatult vaimustuses selle grammatikast. \u00c4rge kartke, mu keeleuurijad! Oleme siin, et pakkuda juhiseid ja tuge sellel p\u00f5neval seiklusel! Selles artiklis s\u00fcveneme Tai grammatika p\u00f5hiaspektidesse, jagades p\u00f5him\u00f5isteid, selgitades reegleid ja isegi lihtsustades keerukust. Liituge [&hellip;]<\/p>\n","protected":false},"author":1,"featured_media":120873,"parent":0,"menu_order":0,"comment_status":"closed","ping_status":"closed","template":"LearningContentPage.php","meta":{"_acf_changed":false,"footnotes":""},"class_list":["post-153400","page","type-page","status-publish","has-post-thumbnail","hentry"],"acf":[],"yoast_head":"<!-- This site is optimized with the Yoast SEO Premium plugin v27.2 (Yoast SEO v27.2) - https:\/\/yoast.com\/product\/yoast-seo-premium-wordpress\/ -->\n<title>Tai keele grammatika - Talkpal<\/title>\n<meta name=\"description\" content=\"Avastage Tai keele grammatika p\u00f5nevat maailma. Avastage selle lihtsus ja ainulaadsed funktsioonid, mis muudavad \u00f5ppimise nauditavaks.\" \/>\n<meta name=\"robots\" content=\"index, follow, max-snippet:-1, max-image-preview:large, max-video-preview:-1\" \/>\n<link rel=\"canonical\" href=\"https:\/\/talkpal.ai\/et\/tai-keele-grammatika\/\" \/>\n<meta property=\"og:locale\" content=\"et_EE\" \/>\n<meta property=\"og:type\" content=\"article\" \/>\n<meta property=\"og:title\" content=\"Tai keele grammatika\" \/>\n<meta property=\"og:description\" content=\"Tai grammatika: ainulaadse keelemaailma uurimine Tai keele grammatika - n\u00e4iliselt salap\u00e4rane, eksootiline ja k\u00fctkestav. Tai keele \u00f5ppimise teekonnal\" \/>\n<meta property=\"og:url\" content=\"https:\/\/talkpal.ai\/et\/tai-keele-grammatika\/\" \/>\n<meta property=\"og:site_name\" content=\"Talkpal\" \/>\n<meta property=\"article:publisher\" content=\"https:\/\/www.facebook.com\/profile.php?id=100090733639311\" \/>\n<meta property=\"article:modified_time\" content=\"2025-12-13T15:48:50+00:00\" \/>\n<meta property=\"og:image\" content=\"https:\/\/talkpal.ai\/wp-content\/uploads\/2023\/05\/thailand.png\" \/>\n\t<meta property=\"og:image:width\" content=\"512\" \/>\n\t<meta property=\"og:image:height\" content=\"512\" \/>\n\t<meta property=\"og:image:type\" content=\"image\/png\" \/>\n<meta name=\"twitter:card\" content=\"summary_large_image\" \/>\n<meta name=\"twitter:site\" content=\"@talkpalai\" \/>\n<meta name=\"twitter:label1\" content=\"Est. reading time\" \/>\n\t<meta name=\"twitter:data1\" content=\"2 minutit\" \/>\n<script type=\"application\/ld+json\" class=\"yoast-schema-graph\">{\"@context\":\"https:\/\/schema.org\",\"@graph\":[{\"@type\":\"WebPage\",\"@id\":\"https:\/\/talkpal.ai\/et\/tai-keele-grammatika\/\",\"url\":\"https:\/\/talkpal.ai\/et\/tai-keele-grammatika\/\",\"name\":\"Tai keele grammatika - Talkpal\",\"isPartOf\":{\"@id\":\"https:\/\/talkpal.ai\/et\/#website\"},\"primaryImageOfPage\":{\"@id\":\"https:\/\/talkpal.ai\/et\/tai-keele-grammatika\/#primaryimage\"},\"image\":{\"@id\":\"https:\/\/talkpal.ai\/et\/tai-keele-grammatika\/#primaryimage\"},\"thumbnailUrl\":\"https:\/\/talkpal.ai\/wp-content\/uploads\/2023\/05\/thailand.png\",\"datePublished\":\"2023-05-14T14:24:42+00:00\",\"dateModified\":\"2025-12-13T15:48:50+00:00\",\"description\":\"Avastage Tai keele grammatika p\u00f5nevat maailma. Avastage selle lihtsus ja ainulaadsed funktsioonid, mis muudavad \u00f5ppimise nauditavaks.\",\"breadcrumb\":{\"@id\":\"https:\/\/talkpal.ai\/et\/tai-keele-grammatika\/#breadcrumb\"},\"inLanguage\":\"et\",\"potentialAction\":[{\"@type\":\"ReadAction\",\"target\":[\"https:\/\/talkpal.ai\/et\/tai-keele-grammatika\/\"]}]},{\"@type\":\"ImageObject\",\"inLanguage\":\"et\",\"@id\":\"https:\/\/talkpal.ai\/et\/tai-keele-grammatika\/#primaryimage\",\"url\":\"https:\/\/talkpal.ai\/wp-content\/uploads\/2023\/05\/thailand.png\",\"contentUrl\":\"https:\/\/talkpal.ai\/wp-content\/uploads\/2023\/05\/thailand.png\",\"width\":512,\"height\":512},{\"@type\":\"BreadcrumbList\",\"@id\":\"https:\/\/talkpal.ai\/et\/tai-keele-grammatika\/#breadcrumb\",\"itemListElement\":[{\"@type\":\"ListItem\",\"position\":1,\"name\":\"Homepage\",\"item\":\"https:\/\/talkpal.ai\/et\/\"},{\"@type\":\"ListItem\",\"position\":2,\"name\":\"Tai keele grammatika\"}]},{\"@type\":\"WebSite\",\"@id\":\"https:\/\/talkpal.ai\/et\/#website\",\"url\":\"https:\/\/talkpal.ai\/et\/\",\"name\":\"Talkpal\",\"description\":\"AI Language Learning\",\"publisher\":{\"@id\":\"https:\/\/talkpal.ai\/et\/#organization\"},\"alternateName\":\"Talkpal AI\",\"potentialAction\":[{\"@type\":\"SearchAction\",\"target\":{\"@type\":\"EntryPoint\",\"urlTemplate\":\"https:\/\/talkpal.ai\/et\/?s={search_term_string}\"},\"query-input\":{\"@type\":\"PropertyValueSpecification\",\"valueRequired\":true,\"valueName\":\"search_term_string\"}}],\"inLanguage\":\"et\"},{\"@type\":\"Organization\",\"@id\":\"https:\/\/talkpal.ai\/et\/#organization\",\"name\":\"Talkpal, Inc.\",\"alternateName\":\"Talkpal AI\",\"url\":\"https:\/\/talkpal.ai\/et\/\",\"logo\":{\"@type\":\"ImageObject\",\"inLanguage\":\"et\",\"@id\":\"https:\/\/talkpal.ai\/et\/#\/schema\/logo\/image\/\",\"url\":\"https:\/\/talkpal.ai\/wp-content\/uploads\/2024\/03\/Talkpal-Logo-Icon.png\",\"contentUrl\":\"https:\/\/talkpal.ai\/wp-content\/uploads\/2024\/03\/Talkpal-Logo-Icon.png\",\"width\":2880,\"height\":2880,\"caption\":\"Talkpal, Inc.\"},\"image\":{\"@id\":\"https:\/\/talkpal.ai\/et\/#\/schema\/logo\/image\/\"},\"sameAs\":[\"https:\/\/www.facebook.com\/profile.php?id=100090733639311\",\"https:\/\/x.com\/talkpalai\",\"https:\/\/www.linkedin.com\/company\/talkpal\/\",\"https:\/\/www.youtube.com\/@TalkPal\/\",\"https:\/\/www.tiktok.com\/@talkpal\",\"https:\/\/www.instagram.com\/talkpal_ai\/\",\"https:\/\/www.crunchbase.com\/organization\/talkpal-9cde\",\"https:\/\/www.g2.com\/products\/talkpal-for-business\/\",\"https:\/\/www.trustpilot.com\/review\/talkpal.ai\",\"https:\/\/www.capterra.com\/p\/10006800\/TalkPal\/\"],\"description\":\"Talkpal is a language learning web and mobile education app, powered by the latest AI technologies, that provides engaging experiences to its customers in many different languages to help them improve their language skills. Users can chat about unlimited amount of topics with the app and use other modes to practice their language learning.\",\"email\":\"support@talkpal.ai\",\"legalName\":\"Talkpal, Inc.\",\"foundingDate\":\"2023-04-03\",\"duns\":\"118989042\",\"numberOfEmployees\":{\"@type\":\"QuantitativeValue\",\"minValue\":\"11\",\"maxValue\":\"50\"},\"publishingPrinciples\":\"https:\/\/talkpal.ai\/publishing-principles\/\",\"actionableFeedbackPolicy\":\"https:\/\/talkpal.ai\/actionable-feedback-policy\/\",\"correctionsPolicy\":\"https:\/\/talkpal.ai\/corrections-policy\/\",\"ethicsPolicy\":\"https:\/\/talkpal.ai\/ethics-policy\/\",\"diversityPolicy\":\"https:\/\/talkpal.ai\/diversity-policy\/\",\"diversityStaffingReport\":\"https:\/\/talkpal.ai\/diversity-policy\/\"}]}<\/script>\n<!-- \/ Yoast SEO Premium plugin. -->","yoast_head_json":{"title":"Tai keele grammatika - Talkpal","description":"Avastage Tai keele grammatika p\u00f5nevat maailma. Avastage selle lihtsus ja ainulaadsed funktsioonid, mis muudavad \u00f5ppimise nauditavaks.","robots":{"index":"index","follow":"follow","max-snippet":"max-snippet:-1","max-image-preview":"max-image-preview:large","max-video-preview":"max-video-preview:-1"},"canonical":"https:\/\/talkpal.ai\/et\/tai-keele-grammatika\/","og_locale":"et_EE","og_type":"article","og_title":"Tai keele grammatika","og_description":"Tai grammatika: ainulaadse keelemaailma uurimine Tai keele grammatika - n\u00e4iliselt salap\u00e4rane, eksootiline ja k\u00fctkestav. Tai keele \u00f5ppimise teekonnal","og_url":"https:\/\/talkpal.ai\/et\/tai-keele-grammatika\/","og_site_name":"Talkpal","article_publisher":"https:\/\/www.facebook.com\/profile.php?id=100090733639311","article_modified_time":"2025-12-13T15:48:50+00:00","og_image":[{"width":512,"height":512,"url":"https:\/\/talkpal.ai\/wp-content\/uploads\/2023\/05\/thailand.png","type":"image\/png"}],"twitter_card":"summary_large_image","twitter_site":"@talkpalai","twitter_misc":{"Est. reading time":"2 minutit"},"schema":{"@context":"https:\/\/schema.org","@graph":[{"@type":"WebPage","@id":"https:\/\/talkpal.ai\/et\/tai-keele-grammatika\/","url":"https:\/\/talkpal.ai\/et\/tai-keele-grammatika\/","name":"Tai keele grammatika - Talkpal","isPartOf":{"@id":"https:\/\/talkpal.ai\/et\/#website"},"primaryImageOfPage":{"@id":"https:\/\/talkpal.ai\/et\/tai-keele-grammatika\/#primaryimage"},"image":{"@id":"https:\/\/talkpal.ai\/et\/tai-keele-grammatika\/#primaryimage"},"thumbnailUrl":"https:\/\/talkpal.ai\/wp-content\/uploads\/2023\/05\/thailand.png","datePublished":"2023-05-14T14:24:42+00:00","dateModified":"2025-12-13T15:48:50+00:00","description":"Avastage Tai keele grammatika p\u00f5nevat maailma. Avastage selle lihtsus ja ainulaadsed funktsioonid, mis muudavad \u00f5ppimise nauditavaks.","breadcrumb":{"@id":"https:\/\/talkpal.ai\/et\/tai-keele-grammatika\/#breadcrumb"},"inLanguage":"et","potentialAction":[{"@type":"ReadAction","target":["https:\/\/talkpal.ai\/et\/tai-keele-grammatika\/"]}]},{"@type":"ImageObject","inLanguage":"et","@id":"https:\/\/talkpal.ai\/et\/tai-keele-grammatika\/#primaryimage","url":"https:\/\/talkpal.ai\/wp-content\/uploads\/2023\/05\/thailand.png","contentUrl":"https:\/\/talkpal.ai\/wp-content\/uploads\/2023\/05\/thailand.png","width":512,"height":512},{"@type":"BreadcrumbList","@id":"https:\/\/talkpal.ai\/et\/tai-keele-grammatika\/#breadcrumb","itemListElement":[{"@type":"ListItem","position":1,"name":"Homepage","item":"https:\/\/talkpal.ai\/et\/"},{"@type":"ListItem","position":2,"name":"Tai keele grammatika"}]},{"@type":"WebSite","@id":"https:\/\/talkpal.ai\/et\/#website","url":"https:\/\/talkpal.ai\/et\/","name":"Talkpal","description":"AI Language Learning","publisher":{"@id":"https:\/\/talkpal.ai\/et\/#organization"},"alternateName":"Talkpal AI","potentialAction":[{"@type":"SearchAction","target":{"@type":"EntryPoint","urlTemplate":"https:\/\/talkpal.ai\/et\/?s={search_term_string}"},"query-input":{"@type":"PropertyValueSpecification","valueRequired":true,"valueName":"search_term_string"}}],"inLanguage":"et"},{"@type":"Organization","@id":"https:\/\/talkpal.ai\/et\/#organization","name":"Talkpal, Inc.","alternateName":"Talkpal AI","url":"https:\/\/talkpal.ai\/et\/","logo":{"@type":"ImageObject","inLanguage":"et","@id":"https:\/\/talkpal.ai\/et\/#\/schema\/logo\/image\/","url":"https:\/\/talkpal.ai\/wp-content\/uploads\/2024\/03\/Talkpal-Logo-Icon.png","contentUrl":"https:\/\/talkpal.ai\/wp-content\/uploads\/2024\/03\/Talkpal-Logo-Icon.png","width":2880,"height":2880,"caption":"Talkpal, Inc."},"image":{"@id":"https:\/\/talkpal.ai\/et\/#\/schema\/logo\/image\/"},"sameAs":["https:\/\/www.facebook.com\/profile.php?id=100090733639311","https:\/\/x.com\/talkpalai","https:\/\/www.linkedin.com\/company\/talkpal\/","https:\/\/www.youtube.com\/@TalkPal\/","https:\/\/www.tiktok.com\/@talkpal","https:\/\/www.instagram.com\/talkpal_ai\/","https:\/\/www.crunchbase.com\/organization\/talkpal-9cde","https:\/\/www.g2.com\/products\/talkpal-for-business\/","https:\/\/www.trustpilot.com\/review\/talkpal.ai","https:\/\/www.capterra.com\/p\/10006800\/TalkPal\/"],"description":"Talkpal is a language learning web and mobile education app, powered by the latest AI technologies, that provides engaging experiences to its customers in many different languages to help them improve their language skills. Users can chat about unlimited amount of topics with the app and use other modes to practice their language learning.","email":"support@talkpal.ai","legalName":"Talkpal, Inc.","foundingDate":"2023-04-03","duns":"118989042","numberOfEmployees":{"@type":"QuantitativeValue","minValue":"11","maxValue":"50"},"publishingPrinciples":"https:\/\/talkpal.ai\/publishing-principles\/","actionableFeedbackPolicy":"https:\/\/talkpal.ai\/actionable-feedback-policy\/","correctionsPolicy":"https:\/\/talkpal.ai\/corrections-policy\/","ethicsPolicy":"https:\/\/talkpal.ai\/ethics-policy\/","diversityPolicy":"https:\/\/talkpal.ai\/diversity-policy\/","diversityStaffingReport":"https:\/\/talkpal.ai\/diversity-policy\/"}]}},"_links":{"self":[{"href":"https:\/\/talkpal.ai\/et\/wp-json\/wp\/v2\/pages\/153400","targetHints":{"allow":["GET"]}}],"collection":[{"href":"https:\/\/talkpal.ai\/et\/wp-json\/wp\/v2\/pages"}],"about":[{"href":"https:\/\/talkpal.ai\/et\/wp-json\/wp\/v2\/types\/page"}],"author":[{"embeddable":true,"href":"https:\/\/talkpal.ai\/et\/wp-json\/wp\/v2\/users\/1"}],"replies":[{"embeddable":true,"href":"https:\/\/talkpal.ai\/et\/wp-json\/wp\/v2\/comments?post=153400"}],"version-history":[{"count":0,"href":"https:\/\/talkpal.ai\/et\/wp-json\/wp\/v2\/pages\/153400\/revisions"}],"wp:featuredmedia":[{"embeddable":true,"href":"https:\/\/talkpal.ai\/et\/wp-json\/wp\/v2\/media\/120873"}],"wp:attachment":[{"href":"https:\/\/talkpal.ai\/et\/wp-json\/wp\/v2\/media?parent=153400"}],"curies":[{"name":"wp","href":"https:\/\/api.w.org\/{rel}","templated":true}]}}