{"id":153098,"date":"2023-05-14T14:23:49","date_gmt":"2023-05-14T14:23:49","guid":{"rendered":"http:\/\/talkpal.ai\/turgi-keele-grammatika\/"},"modified":"2025-12-13T15:57:05","modified_gmt":"2025-12-13T15:57:05","slug":"turgi-keele-grammatika","status":"publish","type":"page","link":"https:\/\/talkpal.ai\/et\/turgi-keele-grammatika\/","title":{"rendered":"T\u00fcrgi keele grammatika"},"content":{"rendered":"\r\n\r\n\r\n<section class=\"languageChallengeSection\">\r\n    <div class=\"languageInfoWrapper\">\r\n        \r\n        <h1>T\u00fcrgi keele grammatika<\/h1>\r\n        <p>Soovid t\u00fcrgi keelt \u00f5ppida? Tutvuge t\u00fcrgi keele grammatikaga ja vaadake, kuidas selle loogiline \u00fclesehitus, h\u00e4\u00e4likuharmoonia ja kergesti j\u00e4lgitavad verbimustrid muudavad selle nii p\u00f5nevaks kui ka k\u00e4ttesaadavaks. Alustage oma teekonda juba t\u00e4na &#8211; t\u00fcrgi keele <a href=\"https:\/\/talkpal.ai\/greek-grammar\/\">grammatika<\/a> omandamine on teie v\u00f5ti ladusaks suhtlemiseks ja elava kultuuri- ja \u00fchendusmaailma avamiseks!<\/p>\r\n\r\n                            <a class=\"getStartedHidden\" href=\"https:\/\/app.talkpal.ai\/et\/signup?lng=\">Alusta<\/a>\r\n        \r\n    <\/div>\r\n\r\n    <figure>\r\n    <img decoding=\"async\" width=\"768\" height=\"768\" src=\"https:\/\/talkpal.ai\/wp-content\/uploads\/2023\/06\/turkish-768x768.png\" class=\"languageImage no-lazy\" alt=\"Language learning for increased focus\" fetchpriority=\"high\" sizes=\"(max-width: 768px) 150px, 768px\" srcset=\"https:\/\/talkpal.ai\/wp-content\/uploads\/2023\/06\/turkish-768x768.png 768w, https:\/\/talkpal.ai\/wp-content\/uploads\/2023\/06\/turkish-300x300.png 300w\" \/>\r\n    \r\n\r\n    <\/figure>\r\n\r\n            <a class=\"getStartedVisible\" href=\"https:\/\/app.talkpal.ai\/et\/signup?lng=\">Alusta<\/a>\r\n    \r\n<\/section>\r\n<section class=\"promotionalBanner\">\r\n    <p class=\"promotionalText\">K\u00f5ige t\u00f5husam viis keele \u00f5ppimiseks<\/p>\r\n    <a class=\"promotionalLink\" href=\"https:\/\/app.talkpal.ai\/et\/signup?lng=\">Proovige Talkpal tasuta<\/a>\r\n<\/section>\n<div class=\"wp-block-group pageContainerStyle\"><div class=\"wp-block-group__inner-container is-layout-constrained wp-block-group-is-layout-constrained\">\n<h2 class=\"wp-block-heading\" id=\"h-the-ultimate-guide-to-turkish-grammar-navigating-the-intricacies-of-a-unique-language\">T\u00fcrgi grammatika \u00fclim juhend: ainulaadse keele keerukuses navigeerimine<\/h2>\n\n\n\n<p>T\u00fcrgi grammatika, nagu ka keel <a href=\"https:\/\/talkpal.ai\/locations\/language-courses-in-ise\/\">ise<\/a>, esitab rikkaliku ja p\u00f5neva keeleliste elementide gobel\u00e4\u00e4ni. T\u00fcrgi keeleperekonna liikmena v\u00f5lub <a href=\"https:\/\/talkpal.ai\/et\/opi-turgi-keel\/\">t\u00fcrgi keel<\/a> \u00f5ppijaid oma mitmekesiste omadustega ja esitab v\u00e4ljakutseid isegi k\u00f5ige vilunumatele k\u00f5nelejatele. Selles juhendis tutvustame <a href=\"https:\/\/talkpal.ai\/turkish-grammar\/\">t\u00fcrgi keele grammatika<\/a> p\u00f5hiprintsiipe, selgitame selle keerukust ja toetame teid selle paeluvas keeles sujuvalt hakkama saamisel. Alustame!<\/p>\n\n\n\n<h3 class=\"wp-block-heading\" id=\"h-the-nuts-and-bolts-turkish-sentence-structure\">Mutrid ja poldid: T\u00fcrgi lauseehitus<\/h3>\n\n\n\n<p>Selle keskmes on t\u00fcrgi keele grammatika \u00fcsna lihtne. Erinevalt <a href=\"https:\/\/talkpal.ai\/learn-english\/\">inglise<\/a> keelest ja paljudest teistest keeltest j\u00e4rgib keel \u00fcldiselt subjekti-objekti-verbi (SOV) lausestruktuuri. N\u00e4iteks lause &#8220;Ma s\u00f6\u00f6n \u00f5una&#8221; on t\u00f5lkes &#8220;Ben elma yiyorum&#8221; (Ben=I, elma=\u00f5un, yiyorum=s\u00f6\u00f6ma). Lihtne, eks? Kui me aga s\u00fcgavamale kaevume, kohtate t\u00fcrgi keele grammatika m\u00f5ningaid intrigeerivaid ja erip\u00e4raseid omadusi.<\/p>\n\n\n\n<h3 class=\"wp-block-heading\" id=\"h-meet-the-family-turkish-nouns-and-their-suffixes\">Tutvuge perekonnaga: T\u00fcrgi nimis\u00f5nad ja nende j\u00e4relliited<\/h3>\n\n\n\n<p>T\u00fcrgi grammatika \u00fcks omap\u00e4rasemaid omadusi on sufikside kasutamine erinevate grammatiliste suhete v\u00e4ljendamiseks. T\u00fcrgi keeles ei ole eess\u00f5nu; Nende asemel on nimis\u00f5nadele lisatud sufiksid, et n\u00e4idata valdust, otseseid esemeid ja asukohta.<\/p>\n\n\n\n<p>V\u00f5tame n\u00e4iteks s\u00f5na &#8220;elma&#8221; (elma), mis t\u00e4hendab &#8220;\u00f5un&#8221;:<\/p>\n\n\n\n<p><strong>&#8211; Omandamine: Benim elmam (Minu \u00f5un)<\/strong><\/p>\n\n\n\n<p><strong>&#8211; Otsene objekt: Elmay\u0131 yedim (ma s\u00f5in \u00f5una).<\/strong><\/p>\n\n\n\n<p><strong>&#8211; Asukoht: Elmada (\u00d5una juures)<\/strong><\/p>\n\n\n\n<p>Oluline on tutvuda nende sufiksitega, sest need v\u00f5ivad teie lausete t\u00e4hendust oluliselt muuta.<\/p>\n\n\n\n<h3 class=\"wp-block-heading\" id=\"h-playing-with-numbers-turkish-plurals-and-genders\">Numbritega m\u00e4ngimine: T\u00fcrgi mitmused ja sood<\/h3>\n\n\n\n<p>T\u00fcrgi keele mitmuse moodustamisel on oluline lisada vaid \u00fcks sufiks: -ler v\u00f5i -lar, s\u00f5ltuvalt s\u00f5na l\u00e4himast h\u00e4\u00e4likust. Erinevalt paljudest teistest keeltest ei ole t\u00fcrgi keeles grammatilist sugu. See t\u00e4hendab, et te ei pea muretsema, et \u00f5ppida erinevaid l\u00f5ppe v\u00f5i vorme meheliku, naiseliku v\u00f5i neutraalse noomeni jaoks.<\/p>\n\n\n\n<p>N\u00e4iteks &#8220;k\u00f6pek&#8221; (k\u00f6pek, substantiiv, mis t\u00e4hendab &#8220;koer&#8221;) muutub &#8220;k\u00f6pekler&#8221; (k\u00f6pekler, koerad) ja &#8220;kedi&#8221; (kedi, substantiiv, mis t\u00e4hendab &#8220;kass&#8221;) muutub &#8220;kediler&#8221; (kediler, kassid).<\/p>\n\n\n\n<h3 class=\"wp-block-heading\" id=\"h-the-art-of-conjugation-turkish-verbs\">Konjugatsiooni kunst: t\u00fcrgi verbid<\/h3>\n\n\n\n<p>T\u00fcrgi verbid v\u00f5ivad alguses tunduda hirmutavad oma arvukate ajastuste, meeleolude ja konjugatsioonide t\u00f5ttu. Kuid nende m\u00f5istmise v\u00f5ti on \u00fchiste mustrite \u00e4ratundmine ja regulaarne harjutamine.<\/p>\n\n\n\n<p>T\u00fcrgi keeles kasutavad tegus\u00f5nad erinevaid sufikseid, et n\u00e4idata pinget, meeleolu ja inimest. Verbi t\u00fcvi j\u00e4\u00e4b muutumatuks. V\u00f5tame n\u00e4iteks verbi &#8220;yemek&#8221; (yemek, &#8220;s\u00fc\u00fca&#8221;):<\/p>\n\n\n\n<p><strong>Praegune pidev pinge: Yiyorum (ma s\u00f6\u00f6n)<\/strong><\/p>\n\n\n\n<p><strong>Minevik: Yedim (s\u00f5in)<\/strong><\/p>\n\n\n\n<p><strong>Tuleviku pingeline: Yiyece\u011fim (ma s\u00f6\u00f6n)<\/strong><\/p>\n\n\n\n<p>Nagu n\u00e4ete, muutuvad l\u00f5pud vastavalt pingele ja inimesele. Harjutamise ja kannatlikkusega hakkate mustreid \u00e4ra tundma ja vallutate selle v\u00e4ljakutse.<\/p>\n\n\n\n<h3 class=\"wp-block-heading\" id=\"h-the-finishing-touches-turkish-adjectives-adverbs-and-more\">Viimane puudutus: T\u00fcrgi omaduss\u00f5nad, m\u00e4\u00e4rs\u00f5nad ja palju muud<\/h3>\n\n\n\n<p>T\u00fcrgi omaduss\u00f5nade ja m\u00e4\u00e4rs\u00f5nade puhul m\u00e4ngivad nad kriitilist rolli teie k\u00f5ne s\u00fcgavuse ja keerukuse lisamisel. T\u00fcrgi keele omaduss\u00f5nad ei pea n\u00f5ustuma nende modifitseeritavate nimis\u00f5nadega, mist\u00f5ttu on neid lihtsam k\u00e4sitleda kui paljudes teistes keeltes.<\/p>\n\n\n\n<p>N\u00e4iteks &#8220;g\u00fczel&#8221; (g\u00fczel) t\u00e4hendab &#8220;ilus&#8221; ja seda v\u00f5ib n\u00e4ha kui &#8220;g\u00fczel \u00e7i\u00e7ek&#8221; (g\u00fczel \u00e7i\u00e7ek, &#8220;ilus lill&#8221;) v\u00f5i &#8220;g\u00fczel k\u00f6pek&#8221; (g\u00fczel k\u00f6pek, &#8220;ilus koer&#8221;), kusjuures mitmus ja sugu ei muutu.<\/p>\n\n\n\n<p>Adverbid j\u00e4rgivad tavaliselt sarnaseid mustreid, mis on sageli tuletatud omaduss\u00f5nadest. T\u00fcrgi keeles v\u00f5ib paljusid m\u00e4\u00e4rs\u00f5nu moodustada, lisades omaduss\u00f5nadele sufiksi -ce v\u00f5i -ca, s\u00f5ltuvalt l\u00e4himast vokaalist.<\/p>\n\n\n\n<p>Kokkuv\u00f5tteks v\u00f5ib \u00f6elda, et t\u00fcrgi keele grammatika keerukus ja erip\u00e4ra on k\u00fcll keeruline, kuid annab sellele keelele oma lummava ilu ja iseloomu. Kombineerides visaduse, uudishimu ja praktilise rakendamise, saate peagi h\u00f5lpsasti ja enesekindlalt hakkama t\u00fcrgi keele grammatikaga. Head \u00f5ppimist!<\/p>\n<\/div><\/div>\n\r\n<section class=\"learnNavigationSection\">\r\n            \r\n        <a href=\"https:\/\/talkpal.ai\/et\/opi-turgi-keel\/\">\r\n            <div class=\"learnNavigationWrapper\">\r\n                <div class=\"learnNavigationContent\">\r\n                    <img decoding=\"async\" src=\"https:\/\/talkpal.ai\/wp-content\/uploads\/2024\/08\/Turkish.jpg\" alt=\"Turkish Flag\">\r\n                    <div>\r\n                        <h4>T\u00fcrgi keele \u00f5ppimise kohta<\/h4>\r\n                        <p>Uuri k\u00f5ike t\u00fcrgi keele grammatika kohta.<\/p>\r\n                    <\/div>\r\n                <\/div>\r\n            <\/div>\r\n        <\/a>\r\n\r\n        \r\n        <a href=\"https:\/\/talkpal.ai\/et\/turgi-keele-grammatika-harjutused\/\">\r\n            <div class=\"learnNavigationWrapper\">\r\n                <div class=\"learnNavigationContent\">\r\n                    <img decoding=\"async\" src=\"https:\/\/talkpal.ai\/wp-content\/uploads\/2024\/08\/Turkish.jpg\" alt=\"Turkish Flag\">\r\n                    <div>\r\n                        <h4>T\u00fcrgi keele grammatika harjutus<\/h4>\r\n                        <p>Harjutage t\u00fcrgi keele grammatikat.<\/p>\r\n                    <\/div>\r\n                <\/div>\r\n            <\/div>\r\n        <\/a>\r\n\r\n        \r\n        <a href=\"https:\/\/talkpal.ai\/vocabulary_language\/turkish\/\">\r\n            <div class=\"learnNavigationWrapper\">\r\n                <div class=\"learnNavigationContent\">\r\n                    <img decoding=\"async\" src=\"https:\/\/talkpal.ai\/wp-content\/uploads\/2024\/08\/Turkish.jpg\" alt=\"Turkish Flag\">\r\n                    <div>\r\n                        <h4>T\u00fcrgi keele s\u00f5navara<\/h4>\r\n                        <p>Laiendage oma t\u00fcrgi keele s\u00f5navara.<\/p>\r\n                    <\/div>\r\n                <\/div>\r\n            <\/div>\r\n        <\/a>\r\n\r\n            <\/section>","protected":false},"excerpt":{"rendered":"<p>T\u00fcrgi grammatika \u00fclim juhend: ainulaadse keele keerukuses navigeerimine T\u00fcrgi grammatika, nagu ka keel ise, esitab rikkaliku ja p\u00f5neva keeleliste elementide gobel\u00e4\u00e4ni. T\u00fcrgi keeleperekonna liikmena v\u00f5lub t\u00fcrgi keel \u00f5ppijaid oma mitmekesiste omadustega ja esitab v\u00e4ljakutseid isegi k\u00f5ige vilunumatele k\u00f5nelejatele. Selles juhendis tutvustame t\u00fcrgi keele grammatika p\u00f5hiprintsiipe, selgitame selle keerukust ja toetame teid selle paeluvas keeles sujuvalt [&hellip;]<\/p>\n","protected":false},"author":1,"featured_media":121040,"parent":0,"menu_order":0,"comment_status":"closed","ping_status":"closed","template":"LearningContentPage.php","meta":{"_acf_changed":false,"footnotes":""},"class_list":["post-153098","page","type-page","status-publish","has-post-thumbnail","hentry"],"acf":[],"yoast_head":"<!-- This site is optimized with the Yoast SEO Premium plugin v27.2 (Yoast SEO v27.2) - https:\/\/yoast.com\/product\/yoast-seo-premium-wordpress\/ -->\n<title>T\u00fcrgi keele grammatika - Talkpal<\/title>\n<meta name=\"description\" content=\"Avastage t\u00fcrgi keele grammatika saladused meie p\u00f5hjaliku juhendi abil, mis tutvustab selle peamisi p\u00f5him\u00f5tteid ja lauseehitust.\" \/>\n<meta name=\"robots\" content=\"index, follow, max-snippet:-1, max-image-preview:large, max-video-preview:-1\" \/>\n<link rel=\"canonical\" href=\"https:\/\/talkpal.ai\/et\/turgi-keele-grammatika\/\" \/>\n<meta property=\"og:locale\" content=\"et_EE\" \/>\n<meta property=\"og:type\" content=\"article\" \/>\n<meta property=\"og:title\" content=\"T\u00fcrgi keele grammatika\" \/>\n<meta property=\"og:description\" content=\"T\u00fcrgi grammatika \u00fclim juhend: ainulaadse keele keerukuses navigeerimine T\u00fcrgi grammatika, nagu ka keel ise, esitab rikkaliku ja p\u00f5neva keeleliste\" \/>\n<meta property=\"og:url\" content=\"https:\/\/talkpal.ai\/et\/turgi-keele-grammatika\/\" \/>\n<meta property=\"og:site_name\" content=\"Talkpal\" \/>\n<meta property=\"article:publisher\" content=\"https:\/\/www.facebook.com\/profile.php?id=100090733639311\" \/>\n<meta property=\"article:modified_time\" content=\"2025-12-13T15:57:05+00:00\" \/>\n<meta property=\"og:image\" content=\"https:\/\/talkpal.ai\/wp-content\/uploads\/2023\/05\/turkish.png\" \/>\n\t<meta property=\"og:image:width\" content=\"512\" \/>\n\t<meta property=\"og:image:height\" content=\"512\" \/>\n\t<meta property=\"og:image:type\" content=\"image\/png\" \/>\n<meta name=\"twitter:card\" content=\"summary_large_image\" \/>\n<meta name=\"twitter:site\" content=\"@talkpalai\" \/>\n<meta name=\"twitter:label1\" content=\"Est. reading time\" \/>\n\t<meta name=\"twitter:data1\" content=\"3 minutit\" \/>\n<script type=\"application\/ld+json\" class=\"yoast-schema-graph\">{\"@context\":\"https:\/\/schema.org\",\"@graph\":[{\"@type\":\"WebPage\",\"@id\":\"https:\/\/talkpal.ai\/et\/turgi-keele-grammatika\/\",\"url\":\"https:\/\/talkpal.ai\/et\/turgi-keele-grammatika\/\",\"name\":\"T\u00fcrgi keele grammatika - Talkpal\",\"isPartOf\":{\"@id\":\"https:\/\/talkpal.ai\/et\/#website\"},\"primaryImageOfPage\":{\"@id\":\"https:\/\/talkpal.ai\/et\/turgi-keele-grammatika\/#primaryimage\"},\"image\":{\"@id\":\"https:\/\/talkpal.ai\/et\/turgi-keele-grammatika\/#primaryimage\"},\"thumbnailUrl\":\"https:\/\/talkpal.ai\/wp-content\/uploads\/2023\/05\/turkish.png\",\"datePublished\":\"2023-05-14T14:23:49+00:00\",\"dateModified\":\"2025-12-13T15:57:05+00:00\",\"description\":\"Avastage t\u00fcrgi keele grammatika saladused meie p\u00f5hjaliku juhendi abil, mis tutvustab selle peamisi p\u00f5him\u00f5tteid ja lauseehitust.\",\"breadcrumb\":{\"@id\":\"https:\/\/talkpal.ai\/et\/turgi-keele-grammatika\/#breadcrumb\"},\"inLanguage\":\"et\",\"potentialAction\":[{\"@type\":\"ReadAction\",\"target\":[\"https:\/\/talkpal.ai\/et\/turgi-keele-grammatika\/\"]}]},{\"@type\":\"ImageObject\",\"inLanguage\":\"et\",\"@id\":\"https:\/\/talkpal.ai\/et\/turgi-keele-grammatika\/#primaryimage\",\"url\":\"https:\/\/talkpal.ai\/wp-content\/uploads\/2023\/05\/turkish.png\",\"contentUrl\":\"https:\/\/talkpal.ai\/wp-content\/uploads\/2023\/05\/turkish.png\",\"width\":512,\"height\":512},{\"@type\":\"BreadcrumbList\",\"@id\":\"https:\/\/talkpal.ai\/et\/turgi-keele-grammatika\/#breadcrumb\",\"itemListElement\":[{\"@type\":\"ListItem\",\"position\":1,\"name\":\"Homepage\",\"item\":\"https:\/\/talkpal.ai\/et\/\"},{\"@type\":\"ListItem\",\"position\":2,\"name\":\"T\u00fcrgi keele grammatika\"}]},{\"@type\":\"WebSite\",\"@id\":\"https:\/\/talkpal.ai\/et\/#website\",\"url\":\"https:\/\/talkpal.ai\/et\/\",\"name\":\"Talkpal\",\"description\":\"AI Language Learning\",\"publisher\":{\"@id\":\"https:\/\/talkpal.ai\/et\/#organization\"},\"alternateName\":\"Talkpal AI\",\"potentialAction\":[{\"@type\":\"SearchAction\",\"target\":{\"@type\":\"EntryPoint\",\"urlTemplate\":\"https:\/\/talkpal.ai\/et\/?s={search_term_string}\"},\"query-input\":{\"@type\":\"PropertyValueSpecification\",\"valueRequired\":true,\"valueName\":\"search_term_string\"}}],\"inLanguage\":\"et\"},{\"@type\":\"Organization\",\"@id\":\"https:\/\/talkpal.ai\/et\/#organization\",\"name\":\"Talkpal, Inc.\",\"alternateName\":\"Talkpal AI\",\"url\":\"https:\/\/talkpal.ai\/et\/\",\"logo\":{\"@type\":\"ImageObject\",\"inLanguage\":\"et\",\"@id\":\"https:\/\/talkpal.ai\/et\/#\/schema\/logo\/image\/\",\"url\":\"https:\/\/talkpal.ai\/wp-content\/uploads\/2024\/03\/Talkpal-Logo-Icon.png\",\"contentUrl\":\"https:\/\/talkpal.ai\/wp-content\/uploads\/2024\/03\/Talkpal-Logo-Icon.png\",\"width\":2880,\"height\":2880,\"caption\":\"Talkpal, Inc.\"},\"image\":{\"@id\":\"https:\/\/talkpal.ai\/et\/#\/schema\/logo\/image\/\"},\"sameAs\":[\"https:\/\/www.facebook.com\/profile.php?id=100090733639311\",\"https:\/\/x.com\/talkpalai\",\"https:\/\/www.linkedin.com\/company\/talkpal\/\",\"https:\/\/www.youtube.com\/@TalkPal\/\",\"https:\/\/www.tiktok.com\/@talkpal\",\"https:\/\/www.instagram.com\/talkpal_ai\/\",\"https:\/\/www.crunchbase.com\/organization\/talkpal-9cde\",\"https:\/\/www.g2.com\/products\/talkpal-for-business\/\",\"https:\/\/www.trustpilot.com\/review\/talkpal.ai\",\"https:\/\/www.capterra.com\/p\/10006800\/TalkPal\/\"],\"description\":\"Talkpal is a language learning web and mobile education app, powered by the latest AI technologies, that provides engaging experiences to its customers in many different languages to help them improve their language skills. Users can chat about unlimited amount of topics with the app and use other modes to practice their language learning.\",\"email\":\"support@talkpal.ai\",\"legalName\":\"Talkpal, Inc.\",\"foundingDate\":\"2023-04-03\",\"duns\":\"118989042\",\"numberOfEmployees\":{\"@type\":\"QuantitativeValue\",\"minValue\":\"11\",\"maxValue\":\"50\"},\"publishingPrinciples\":\"https:\/\/talkpal.ai\/publishing-principles\/\",\"actionableFeedbackPolicy\":\"https:\/\/talkpal.ai\/actionable-feedback-policy\/\",\"correctionsPolicy\":\"https:\/\/talkpal.ai\/corrections-policy\/\",\"ethicsPolicy\":\"https:\/\/talkpal.ai\/ethics-policy\/\",\"diversityPolicy\":\"https:\/\/talkpal.ai\/diversity-policy\/\",\"diversityStaffingReport\":\"https:\/\/talkpal.ai\/diversity-policy\/\"}]}<\/script>\n<!-- \/ Yoast SEO Premium plugin. -->","yoast_head_json":{"title":"T\u00fcrgi keele grammatika - Talkpal","description":"Avastage t\u00fcrgi keele grammatika saladused meie p\u00f5hjaliku juhendi abil, mis tutvustab selle peamisi p\u00f5him\u00f5tteid ja lauseehitust.","robots":{"index":"index","follow":"follow","max-snippet":"max-snippet:-1","max-image-preview":"max-image-preview:large","max-video-preview":"max-video-preview:-1"},"canonical":"https:\/\/talkpal.ai\/et\/turgi-keele-grammatika\/","og_locale":"et_EE","og_type":"article","og_title":"T\u00fcrgi keele grammatika","og_description":"T\u00fcrgi grammatika \u00fclim juhend: ainulaadse keele keerukuses navigeerimine T\u00fcrgi grammatika, nagu ka keel ise, esitab rikkaliku ja p\u00f5neva keeleliste","og_url":"https:\/\/talkpal.ai\/et\/turgi-keele-grammatika\/","og_site_name":"Talkpal","article_publisher":"https:\/\/www.facebook.com\/profile.php?id=100090733639311","article_modified_time":"2025-12-13T15:57:05+00:00","og_image":[{"width":512,"height":512,"url":"https:\/\/talkpal.ai\/wp-content\/uploads\/2023\/05\/turkish.png","type":"image\/png"}],"twitter_card":"summary_large_image","twitter_site":"@talkpalai","twitter_misc":{"Est. reading time":"3 minutit"},"schema":{"@context":"https:\/\/schema.org","@graph":[{"@type":"WebPage","@id":"https:\/\/talkpal.ai\/et\/turgi-keele-grammatika\/","url":"https:\/\/talkpal.ai\/et\/turgi-keele-grammatika\/","name":"T\u00fcrgi keele grammatika - Talkpal","isPartOf":{"@id":"https:\/\/talkpal.ai\/et\/#website"},"primaryImageOfPage":{"@id":"https:\/\/talkpal.ai\/et\/turgi-keele-grammatika\/#primaryimage"},"image":{"@id":"https:\/\/talkpal.ai\/et\/turgi-keele-grammatika\/#primaryimage"},"thumbnailUrl":"https:\/\/talkpal.ai\/wp-content\/uploads\/2023\/05\/turkish.png","datePublished":"2023-05-14T14:23:49+00:00","dateModified":"2025-12-13T15:57:05+00:00","description":"Avastage t\u00fcrgi keele grammatika saladused meie p\u00f5hjaliku juhendi abil, mis tutvustab selle peamisi p\u00f5him\u00f5tteid ja lauseehitust.","breadcrumb":{"@id":"https:\/\/talkpal.ai\/et\/turgi-keele-grammatika\/#breadcrumb"},"inLanguage":"et","potentialAction":[{"@type":"ReadAction","target":["https:\/\/talkpal.ai\/et\/turgi-keele-grammatika\/"]}]},{"@type":"ImageObject","inLanguage":"et","@id":"https:\/\/talkpal.ai\/et\/turgi-keele-grammatika\/#primaryimage","url":"https:\/\/talkpal.ai\/wp-content\/uploads\/2023\/05\/turkish.png","contentUrl":"https:\/\/talkpal.ai\/wp-content\/uploads\/2023\/05\/turkish.png","width":512,"height":512},{"@type":"BreadcrumbList","@id":"https:\/\/talkpal.ai\/et\/turgi-keele-grammatika\/#breadcrumb","itemListElement":[{"@type":"ListItem","position":1,"name":"Homepage","item":"https:\/\/talkpal.ai\/et\/"},{"@type":"ListItem","position":2,"name":"T\u00fcrgi keele grammatika"}]},{"@type":"WebSite","@id":"https:\/\/talkpal.ai\/et\/#website","url":"https:\/\/talkpal.ai\/et\/","name":"Talkpal","description":"AI Language Learning","publisher":{"@id":"https:\/\/talkpal.ai\/et\/#organization"},"alternateName":"Talkpal AI","potentialAction":[{"@type":"SearchAction","target":{"@type":"EntryPoint","urlTemplate":"https:\/\/talkpal.ai\/et\/?s={search_term_string}"},"query-input":{"@type":"PropertyValueSpecification","valueRequired":true,"valueName":"search_term_string"}}],"inLanguage":"et"},{"@type":"Organization","@id":"https:\/\/talkpal.ai\/et\/#organization","name":"Talkpal, Inc.","alternateName":"Talkpal AI","url":"https:\/\/talkpal.ai\/et\/","logo":{"@type":"ImageObject","inLanguage":"et","@id":"https:\/\/talkpal.ai\/et\/#\/schema\/logo\/image\/","url":"https:\/\/talkpal.ai\/wp-content\/uploads\/2024\/03\/Talkpal-Logo-Icon.png","contentUrl":"https:\/\/talkpal.ai\/wp-content\/uploads\/2024\/03\/Talkpal-Logo-Icon.png","width":2880,"height":2880,"caption":"Talkpal, Inc."},"image":{"@id":"https:\/\/talkpal.ai\/et\/#\/schema\/logo\/image\/"},"sameAs":["https:\/\/www.facebook.com\/profile.php?id=100090733639311","https:\/\/x.com\/talkpalai","https:\/\/www.linkedin.com\/company\/talkpal\/","https:\/\/www.youtube.com\/@TalkPal\/","https:\/\/www.tiktok.com\/@talkpal","https:\/\/www.instagram.com\/talkpal_ai\/","https:\/\/www.crunchbase.com\/organization\/talkpal-9cde","https:\/\/www.g2.com\/products\/talkpal-for-business\/","https:\/\/www.trustpilot.com\/review\/talkpal.ai","https:\/\/www.capterra.com\/p\/10006800\/TalkPal\/"],"description":"Talkpal is a language learning web and mobile education app, powered by the latest AI technologies, that provides engaging experiences to its customers in many different languages to help them improve their language skills. Users can chat about unlimited amount of topics with the app and use other modes to practice their language learning.","email":"support@talkpal.ai","legalName":"Talkpal, Inc.","foundingDate":"2023-04-03","duns":"118989042","numberOfEmployees":{"@type":"QuantitativeValue","minValue":"11","maxValue":"50"},"publishingPrinciples":"https:\/\/talkpal.ai\/publishing-principles\/","actionableFeedbackPolicy":"https:\/\/talkpal.ai\/actionable-feedback-policy\/","correctionsPolicy":"https:\/\/talkpal.ai\/corrections-policy\/","ethicsPolicy":"https:\/\/talkpal.ai\/ethics-policy\/","diversityPolicy":"https:\/\/talkpal.ai\/diversity-policy\/","diversityStaffingReport":"https:\/\/talkpal.ai\/diversity-policy\/"}]}},"_links":{"self":[{"href":"https:\/\/talkpal.ai\/et\/wp-json\/wp\/v2\/pages\/153098","targetHints":{"allow":["GET"]}}],"collection":[{"href":"https:\/\/talkpal.ai\/et\/wp-json\/wp\/v2\/pages"}],"about":[{"href":"https:\/\/talkpal.ai\/et\/wp-json\/wp\/v2\/types\/page"}],"author":[{"embeddable":true,"href":"https:\/\/talkpal.ai\/et\/wp-json\/wp\/v2\/users\/1"}],"replies":[{"embeddable":true,"href":"https:\/\/talkpal.ai\/et\/wp-json\/wp\/v2\/comments?post=153098"}],"version-history":[{"count":0,"href":"https:\/\/talkpal.ai\/et\/wp-json\/wp\/v2\/pages\/153098\/revisions"}],"wp:featuredmedia":[{"embeddable":true,"href":"https:\/\/talkpal.ai\/et\/wp-json\/wp\/v2\/media\/121040"}],"wp:attachment":[{"href":"https:\/\/talkpal.ai\/et\/wp-json\/wp\/v2\/media?parent=153098"}],"curies":[{"name":"wp","href":"https:\/\/api.w.org\/{rel}","templated":true}]}}