{"id":152791,"date":"2023-05-14T14:23:21","date_gmt":"2023-05-14T14:23:21","guid":{"rendered":"http:\/\/talkpal.ai\/tagalogi-grammatika\/"},"modified":"2025-12-17T15:39:40","modified_gmt":"2025-12-17T15:39:40","slug":"tagalogi-grammatika","status":"publish","type":"page","link":"https:\/\/talkpal.ai\/et\/tagalogi-grammatika\/","title":{"rendered":"Tagalogi grammatika"},"content":{"rendered":"\r\n\r\n\r\n<section class=\"languageChallengeSection\">\r\n    <div class=\"languageInfoWrapper\">\r\n        \r\n        <h1>Tagalogi grammatika<\/h1>\r\n        <p>Kas olete <a href=\"https:\/\/talkpal.ai\/learn-tagalog\/\">tagalogi<\/a> \u00f5ppimisest p\u00f5nevil? Avastage tagalogi grammatikat, kus ainulaadsed verbide fookuss\u00fcsteemid, paindlik lausej\u00e4rjekord ja kasulikud partiklid loovad keele, mis on nii v\u00e4ljendusrikas kui ka huvitav. Alustage oma teekonda kohe &#8211; <a href=\"https:\/\/talkpal.ai\/tagalog-grammar\/\">tagalogi grammatika<\/a> valdamine annab teile v\u00f5imaluse enesekindlalt suhelda ja sukelduda Filipiinide elavasse kultuuri!<\/p>\r\n\r\n                            <a class=\"getStartedHidden\" href=\"https:\/\/app.talkpal.ai\/et\/signup?lng=\">Alusta<\/a>\r\n        \r\n    <\/div>\r\n\r\n    <figure>\r\n    <img decoding=\"async\" width=\"768\" height=\"768\" src=\"https:\/\/talkpal.ai\/wp-content\/uploads\/2023\/06\/tagalog-768x768.png\" class=\"languageImage no-lazy\" alt=\"Overcoming challenges in language learning\" fetchpriority=\"high\" sizes=\"(max-width: 768px) 150px, 768px\" srcset=\"https:\/\/talkpal.ai\/wp-content\/uploads\/2023\/06\/tagalog-768x768.png 768w, https:\/\/talkpal.ai\/wp-content\/uploads\/2023\/06\/tagalog-300x300.png 300w\" \/>\r\n    \r\n\r\n    <\/figure>\r\n\r\n            <a class=\"getStartedVisible\" href=\"https:\/\/app.talkpal.ai\/et\/signup?lng=\">Alusta<\/a>\r\n    \r\n<\/section>\r\n<section class=\"promotionalBanner\">\r\n    <p class=\"promotionalText\">K\u00f5ige t\u00f5husam viis keele \u00f5ppimiseks<\/p>\r\n    <a class=\"promotionalLink\" href=\"https:\/\/app.talkpal.ai\/et\/signup?lng=\">Proovige Talkpal tasuta<\/a>\r\n<\/section>\n<div class=\"wp-block-group pageContainerStyle\"><div class=\"wp-block-group__inner-container is-layout-constrained wp-block-group-is-layout-constrained\">\n<h1 class=\"wp-block-heading\" id=\"h-tagalog-grammar-get-to-know-the-heart-of-filipino-language\">Tagalogi grammatika: \u00f5ppige tundma filipiini keele s\u00fcdant<\/h1>\n\n\n\n<p>Tagalogi, Filipiinide riigikeele, filipiinlase, keelt r\u00e4\u00e4givad miljonid inimesed kogu maailmas. Tagalogi \u00f5ppimiseks peate k\u00f5igepealt m\u00f5istma selle keerulist ja p\u00f5nevat grammatikat. Selles artiklis s\u00fcveneme Tagalogi <a href=\"https:\/\/talkpal.ai\/greek-grammar\/\">grammatika<\/a> olulistesse aspektidesse, aidates teil seda ilusat keelt vestluslikult ja s\u00f5bralikult hinnata.<\/p>\n\n\n\n<h3 class=\"wp-block-heading\" id=\"h-1-nouns-genderless-countable-and-uncountable\">1. Nimis\u00f5nad \u2013 sootu, loendatav ja loendamatu<\/h3>\n\n\n\n<p>Tagalogis ei liigitata nimis\u00f5nu (pangngalan) soo j\u00e4rgi, mist\u00f5ttu on seda lihtsam hallata kui m\u00f5nes teises keeles. Tavalised nimis\u00f5nad viitavad inimestele, loomadele, kohtadele, asjadele v\u00f5i ideedele, kusjuures \u00f5iged nimis\u00f5nad t\u00e4histavad konkreetseid nimesid. Sa kohtad nii loendatavaid (tahanan, mis t\u00e4hendab &#8220;maja&#8221;) kui ka loendamatuid nimis\u00f5nu (tubig, mis t\u00e4hendab &#8220;vesi&#8221;). Substantive saab muuta ka mitmuse vormideks, lisades spetsiifilisi t\u00e4hiseid nagu &#8220;mga&#8221;.<\/p>\n\n\n\n<h3 class=\"wp-block-heading\" id=\"h-2-adjectives-describing-with-flair\">2. Omaduss\u00f5nad \u2013 elegantsiga kirjeldamine<\/h3>\n\n\n\n<p>Omaduss\u00f5nad (pang-uri) annavad nimis\u00f5nade kohta rohkem teavet, kusjuures omaduss\u00f5nade kasutamiseks tagalogis on mitu v\u00f5imalust. Substantivide v\u00f5rdlemine saavutatakse omaduss\u00f5nade abil, kasutades markereid &#8220;mas&#8221; ja &#8220;pinaka&#8221;, et luua v\u00f5rdleva ja \u00fcliv\u00f5rreldise astmeid. N\u00e4iteks &#8220;maganda&#8221; t\u00e4hendab &#8220;ilus&#8221;, &#8220;mas maganda&#8221; t\u00e4hendab &#8220;ilusam&#8221; ja &#8220;pinakamaganda&#8221; t\u00e4hendab &#8220;k\u00f5ige ilusam&#8221;.<\/p>\n\n\n\n<h3 class=\"wp-block-heading\" id=\"h-3-pronouns-keeping-it-personal\">3. Ases\u00f5nad \u2013 isikup\u00e4rane hoidmine<\/h3>\n\n\n\n<p>Tagalogi grammatika koosneb isikulistest, omastavast, demonstratiivsetest, \u00fclekuulatavatest ja suhtelistest ases\u00f5nadest. Isiklikud ases\u00f5nad on kolmel juhul: nominatiivne (n\u00e4itab subjekti), genitiivne (n\u00e4itab valdust) ja akuutne (n\u00e4itab objekti). Demonstratiivseid pronoome, nagu &#8220;ito&#8221; (see) ja &#8220;iyan&#8221; (see), kasutatakse konkreetsete asjade m\u00e4rkimiseks, samas kui k\u00fcsivaid pronoome kasutatakse k\u00fcsimuste esitamiseks.<\/p>\n\n\n\n<h3 class=\"wp-block-heading\" id=\"h-4-verbs-conjugation-and-focus\">4. Tegus\u00f5nad &#8211; konjugatsioon ja fookus<\/h3>\n\n\n\n<p>Tagalogi verbid (pandiwa) m\u00e4ngivad lauseehituses olulist rolli ja nende konjugatsioon on erinev. Pingeliste muutuste asemel h\u00f5lmavad verbi konjugatsioonid Tagalogis aspektimuutusi. Verbi aspekte on kolm: l\u00f5petatud (perfektiivne), l\u00f5petamata (imperfektiivne) ja m\u00f5tiskletud (tulevik).  <\/p>\n\n\n\n<p>Lisaks on Tagalogil verbidega seotud ainulaadne fookuss\u00fcsteem. Selles s\u00fcsteemis muutub verbi vorm s\u00f5ltuvalt sellest, milline lause osa on keskendunud, n\u00e4iteks tegevuse objekt, teema v\u00f5i suund. V\u00f5tmem\u00e4rgid nagu &#8220;um-&#8220;, &#8220;mag-&#8221; ja &#8220;-in&#8221; aitavad edastada erinevaid n\u00fcansse lausetes.<\/p>\n\n\n\n<h3 class=\"wp-block-heading\" id=\"h-5-embracing-the-journey\">5. Teekonna omaksv\u00f5tmine<\/h3>\n\n\n\n<p>Tagalogi grammatika <a href=\"https:\/\/talkpal.ai\/et\/oppimine\/\">\u00f5ppimine<\/a> n\u00f5uab aega, vaeva ja kannatlikkust. Kuid selle ainulaadsus, kui see on omandatud, annab v\u00f5rreldamatu \u00fclevaate filipiinlaste kultuurist ja p\u00e4randist. Olge avatud, harjutage j\u00e4rjekindlalt ja \u00e4rge kartke esinemise ajal vigu teha.<\/p>\n\n\n\n<p>Kui te sukeldute s\u00fcgavamale tagalogi keele grammatika n\u00fcanssidesse, v\u00f5tke aega, et nautida selle elurikkust ja rikkust. Nautige oma arusaamist keerukusest, mis muudavad selle keele t\u00f5eliselt erakordseks. Maligayang pag-aaral \u2014 \u00f5nnelik \u00f5ppimine!<\/p>\n<\/div><\/div>\n\r\n<section class=\"learnNavigationSection\">\r\n            \r\n        <a href=\"https:\/\/talkpal.ai\/et\/opi-tagalogi\/\">\r\n            <div class=\"learnNavigationWrapper\">\r\n                <div class=\"learnNavigationContent\">\r\n                    <img decoding=\"async\" src=\"https:\/\/talkpal.ai\/wp-content\/uploads\/2024\/08\/Tagalog.jpg\" alt=\"Philippines Flag\">\r\n                    <div>\r\n                        <h4>Tagalogi keele \u00f5ppimise kohta<\/h4>\r\n                        <p>Uuri k\u00f5ike tagalogi grammatika kohta.<\/p>\r\n                    <\/div>\r\n                <\/div>\r\n            <\/div>\r\n        <\/a>\r\n\r\n        \r\n        <a href=\"https:\/\/talkpal.ai\/et\/tagalogi-grammatikaharjutused\/\">\r\n            <div class=\"learnNavigationWrapper\">\r\n                <div class=\"learnNavigationContent\">\r\n                    <img decoding=\"async\" src=\"https:\/\/talkpal.ai\/wp-content\/uploads\/2024\/08\/Tagalog.jpg\" alt=\"Philippines Flag\">\r\n                    <div>\r\n                        <h4>Tagalogi keele grammatika harjutus<\/h4>\r\n                        <p>Harjutage tagalogi grammatikat.<\/p>\r\n                    <\/div>\r\n                <\/div>\r\n            <\/div>\r\n        <\/a>\r\n\r\n        \r\n        <a href=\"https:\/\/talkpal.ai\/vocabulary_language\/tagalog\/\">\r\n            <div class=\"learnNavigationWrapper\">\r\n                <div class=\"learnNavigationContent\">\r\n                    <img decoding=\"async\" src=\"https:\/\/talkpal.ai\/wp-content\/uploads\/2024\/08\/Tagalog.jpg\" alt=\"Philippines Flag\">\r\n                    <div>\r\n                        <h4>Tagalogi keele s\u00f5navara<\/h4>\r\n                        <p>Laiendage oma tagalogi keele s\u00f5navara.<\/p>\r\n                    <\/div>\r\n                <\/div>\r\n            <\/div>\r\n        <\/a>\r\n\r\n            <\/section>","protected":false},"excerpt":{"rendered":"<p>Tagalogi grammatika: \u00f5ppige tundma filipiini keele s\u00fcdant Tagalogi, Filipiinide riigikeele, filipiinlase, keelt r\u00e4\u00e4givad miljonid inimesed kogu maailmas. Tagalogi \u00f5ppimiseks peate k\u00f5igepealt m\u00f5istma selle keerulist ja p\u00f5nevat grammatikat. Selles artiklis s\u00fcveneme Tagalogi grammatika olulistesse aspektidesse, aidates teil seda ilusat keelt vestluslikult ja s\u00f5bralikult hinnata. 1. Nimis\u00f5nad \u2013 sootu, loendatav ja loendamatu Tagalogis ei liigitata nimis\u00f5nu (pangngalan) [&hellip;]<\/p>\n","protected":false},"author":1,"featured_media":120088,"parent":0,"menu_order":0,"comment_status":"closed","ping_status":"closed","template":"LearningContentPage.php","meta":{"_acf_changed":false,"footnotes":""},"class_list":["post-152791","page","type-page","status-publish","has-post-thumbnail","hentry"],"acf":[],"yoast_head":"<!-- This site is optimized with the Yoast SEO Premium plugin v27.2 (Yoast SEO v27.2) - https:\/\/yoast.com\/product\/yoast-seo-premium-wordpress\/ -->\n<title>Tagalogi grammatika - Talkpal<\/title>\n<meta name=\"description\" content=\"Uurige tagalogi grammatika p\u00f5hit\u00f5desid ja \u00f5ppige, kuidas seda kaunist keelt lihtsal ja s\u00f5bralikul viisil hinnata.\" \/>\n<meta name=\"robots\" content=\"index, follow, max-snippet:-1, max-image-preview:large, max-video-preview:-1\" \/>\n<link rel=\"canonical\" href=\"https:\/\/talkpal.ai\/et\/tagalogi-grammatika\/\" \/>\n<meta property=\"og:locale\" content=\"et_EE\" \/>\n<meta property=\"og:type\" content=\"article\" \/>\n<meta property=\"og:title\" content=\"Tagalogi grammatika\" \/>\n<meta property=\"og:description\" content=\"Tagalogi grammatika: \u00f5ppige tundma filipiini keele s\u00fcdant Tagalogi, Filipiinide riigikeele, filipiinlase, keelt r\u00e4\u00e4givad miljonid inimesed kogu maailmas.\" \/>\n<meta property=\"og:url\" content=\"https:\/\/talkpal.ai\/et\/tagalogi-grammatika\/\" \/>\n<meta property=\"og:site_name\" content=\"Talkpal\" \/>\n<meta property=\"article:publisher\" content=\"https:\/\/www.facebook.com\/profile.php?id=100090733639311\" \/>\n<meta property=\"article:modified_time\" content=\"2025-12-17T15:39:40+00:00\" \/>\n<meta property=\"og:image\" content=\"https:\/\/talkpal.ai\/wp-content\/uploads\/2023\/05\/Tagalog-philippines.png\" \/>\n\t<meta property=\"og:image:width\" content=\"512\" \/>\n\t<meta property=\"og:image:height\" content=\"512\" \/>\n\t<meta property=\"og:image:type\" content=\"image\/png\" \/>\n<meta name=\"twitter:card\" content=\"summary_large_image\" \/>\n<meta name=\"twitter:site\" content=\"@talkpalai\" \/>\n<meta name=\"twitter:label1\" content=\"Est. reading time\" \/>\n\t<meta name=\"twitter:data1\" content=\"2 minutit\" \/>\n<script type=\"application\/ld+json\" class=\"yoast-schema-graph\">{\"@context\":\"https:\/\/schema.org\",\"@graph\":[{\"@type\":\"WebPage\",\"@id\":\"https:\/\/talkpal.ai\/et\/tagalogi-grammatika\/\",\"url\":\"https:\/\/talkpal.ai\/et\/tagalogi-grammatika\/\",\"name\":\"Tagalogi grammatika - Talkpal\",\"isPartOf\":{\"@id\":\"https:\/\/talkpal.ai\/et\/#website\"},\"primaryImageOfPage\":{\"@id\":\"https:\/\/talkpal.ai\/et\/tagalogi-grammatika\/#primaryimage\"},\"image\":{\"@id\":\"https:\/\/talkpal.ai\/et\/tagalogi-grammatika\/#primaryimage\"},\"thumbnailUrl\":\"https:\/\/talkpal.ai\/wp-content\/uploads\/2023\/05\/Tagalog-philippines.png\",\"datePublished\":\"2023-05-14T14:23:21+00:00\",\"dateModified\":\"2025-12-17T15:39:40+00:00\",\"description\":\"Uurige tagalogi grammatika p\u00f5hit\u00f5desid ja \u00f5ppige, kuidas seda kaunist keelt lihtsal ja s\u00f5bralikul viisil hinnata.\",\"breadcrumb\":{\"@id\":\"https:\/\/talkpal.ai\/et\/tagalogi-grammatika\/#breadcrumb\"},\"inLanguage\":\"et\",\"potentialAction\":[{\"@type\":\"ReadAction\",\"target\":[\"https:\/\/talkpal.ai\/et\/tagalogi-grammatika\/\"]}]},{\"@type\":\"ImageObject\",\"inLanguage\":\"et\",\"@id\":\"https:\/\/talkpal.ai\/et\/tagalogi-grammatika\/#primaryimage\",\"url\":\"https:\/\/talkpal.ai\/wp-content\/uploads\/2023\/05\/Tagalog-philippines.png\",\"contentUrl\":\"https:\/\/talkpal.ai\/wp-content\/uploads\/2023\/05\/Tagalog-philippines.png\",\"width\":512,\"height\":512},{\"@type\":\"BreadcrumbList\",\"@id\":\"https:\/\/talkpal.ai\/et\/tagalogi-grammatika\/#breadcrumb\",\"itemListElement\":[{\"@type\":\"ListItem\",\"position\":1,\"name\":\"Homepage\",\"item\":\"https:\/\/talkpal.ai\/et\/\"},{\"@type\":\"ListItem\",\"position\":2,\"name\":\"Tagalogi grammatika\"}]},{\"@type\":\"WebSite\",\"@id\":\"https:\/\/talkpal.ai\/et\/#website\",\"url\":\"https:\/\/talkpal.ai\/et\/\",\"name\":\"Talkpal\",\"description\":\"AI Language Learning\",\"publisher\":{\"@id\":\"https:\/\/talkpal.ai\/et\/#organization\"},\"alternateName\":\"Talkpal AI\",\"potentialAction\":[{\"@type\":\"SearchAction\",\"target\":{\"@type\":\"EntryPoint\",\"urlTemplate\":\"https:\/\/talkpal.ai\/et\/?s={search_term_string}\"},\"query-input\":{\"@type\":\"PropertyValueSpecification\",\"valueRequired\":true,\"valueName\":\"search_term_string\"}}],\"inLanguage\":\"et\"},{\"@type\":\"Organization\",\"@id\":\"https:\/\/talkpal.ai\/et\/#organization\",\"name\":\"Talkpal, Inc.\",\"alternateName\":\"Talkpal AI\",\"url\":\"https:\/\/talkpal.ai\/et\/\",\"logo\":{\"@type\":\"ImageObject\",\"inLanguage\":\"et\",\"@id\":\"https:\/\/talkpal.ai\/et\/#\/schema\/logo\/image\/\",\"url\":\"https:\/\/talkpal.ai\/wp-content\/uploads\/2024\/03\/Talkpal-Logo-Icon.png\",\"contentUrl\":\"https:\/\/talkpal.ai\/wp-content\/uploads\/2024\/03\/Talkpal-Logo-Icon.png\",\"width\":2880,\"height\":2880,\"caption\":\"Talkpal, Inc.\"},\"image\":{\"@id\":\"https:\/\/talkpal.ai\/et\/#\/schema\/logo\/image\/\"},\"sameAs\":[\"https:\/\/www.facebook.com\/profile.php?id=100090733639311\",\"https:\/\/x.com\/talkpalai\",\"https:\/\/www.linkedin.com\/company\/talkpal\/\",\"https:\/\/www.youtube.com\/@TalkPal\/\",\"https:\/\/www.tiktok.com\/@talkpal\",\"https:\/\/www.instagram.com\/talkpal_ai\/\",\"https:\/\/www.crunchbase.com\/organization\/talkpal-9cde\",\"https:\/\/www.g2.com\/products\/talkpal-for-business\/\",\"https:\/\/www.trustpilot.com\/review\/talkpal.ai\",\"https:\/\/www.capterra.com\/p\/10006800\/TalkPal\/\"],\"description\":\"Talkpal is a language learning web and mobile education app, powered by the latest AI technologies, that provides engaging experiences to its customers in many different languages to help them improve their language skills. Users can chat about unlimited amount of topics with the app and use other modes to practice their language learning.\",\"email\":\"support@talkpal.ai\",\"legalName\":\"Talkpal, Inc.\",\"foundingDate\":\"2023-04-03\",\"duns\":\"118989042\",\"numberOfEmployees\":{\"@type\":\"QuantitativeValue\",\"minValue\":\"11\",\"maxValue\":\"50\"},\"publishingPrinciples\":\"https:\/\/talkpal.ai\/publishing-principles\/\",\"actionableFeedbackPolicy\":\"https:\/\/talkpal.ai\/actionable-feedback-policy\/\",\"correctionsPolicy\":\"https:\/\/talkpal.ai\/corrections-policy\/\",\"ethicsPolicy\":\"https:\/\/talkpal.ai\/ethics-policy\/\",\"diversityPolicy\":\"https:\/\/talkpal.ai\/diversity-policy\/\",\"diversityStaffingReport\":\"https:\/\/talkpal.ai\/diversity-policy\/\"}]}<\/script>\n<!-- \/ Yoast SEO Premium plugin. -->","yoast_head_json":{"title":"Tagalogi grammatika - Talkpal","description":"Uurige tagalogi grammatika p\u00f5hit\u00f5desid ja \u00f5ppige, kuidas seda kaunist keelt lihtsal ja s\u00f5bralikul viisil hinnata.","robots":{"index":"index","follow":"follow","max-snippet":"max-snippet:-1","max-image-preview":"max-image-preview:large","max-video-preview":"max-video-preview:-1"},"canonical":"https:\/\/talkpal.ai\/et\/tagalogi-grammatika\/","og_locale":"et_EE","og_type":"article","og_title":"Tagalogi grammatika","og_description":"Tagalogi grammatika: \u00f5ppige tundma filipiini keele s\u00fcdant Tagalogi, Filipiinide riigikeele, filipiinlase, keelt r\u00e4\u00e4givad miljonid inimesed kogu maailmas.","og_url":"https:\/\/talkpal.ai\/et\/tagalogi-grammatika\/","og_site_name":"Talkpal","article_publisher":"https:\/\/www.facebook.com\/profile.php?id=100090733639311","article_modified_time":"2025-12-17T15:39:40+00:00","og_image":[{"width":512,"height":512,"url":"https:\/\/talkpal.ai\/wp-content\/uploads\/2023\/05\/Tagalog-philippines.png","type":"image\/png"}],"twitter_card":"summary_large_image","twitter_site":"@talkpalai","twitter_misc":{"Est. reading time":"2 minutit"},"schema":{"@context":"https:\/\/schema.org","@graph":[{"@type":"WebPage","@id":"https:\/\/talkpal.ai\/et\/tagalogi-grammatika\/","url":"https:\/\/talkpal.ai\/et\/tagalogi-grammatika\/","name":"Tagalogi grammatika - Talkpal","isPartOf":{"@id":"https:\/\/talkpal.ai\/et\/#website"},"primaryImageOfPage":{"@id":"https:\/\/talkpal.ai\/et\/tagalogi-grammatika\/#primaryimage"},"image":{"@id":"https:\/\/talkpal.ai\/et\/tagalogi-grammatika\/#primaryimage"},"thumbnailUrl":"https:\/\/talkpal.ai\/wp-content\/uploads\/2023\/05\/Tagalog-philippines.png","datePublished":"2023-05-14T14:23:21+00:00","dateModified":"2025-12-17T15:39:40+00:00","description":"Uurige tagalogi grammatika p\u00f5hit\u00f5desid ja \u00f5ppige, kuidas seda kaunist keelt lihtsal ja s\u00f5bralikul viisil hinnata.","breadcrumb":{"@id":"https:\/\/talkpal.ai\/et\/tagalogi-grammatika\/#breadcrumb"},"inLanguage":"et","potentialAction":[{"@type":"ReadAction","target":["https:\/\/talkpal.ai\/et\/tagalogi-grammatika\/"]}]},{"@type":"ImageObject","inLanguage":"et","@id":"https:\/\/talkpal.ai\/et\/tagalogi-grammatika\/#primaryimage","url":"https:\/\/talkpal.ai\/wp-content\/uploads\/2023\/05\/Tagalog-philippines.png","contentUrl":"https:\/\/talkpal.ai\/wp-content\/uploads\/2023\/05\/Tagalog-philippines.png","width":512,"height":512},{"@type":"BreadcrumbList","@id":"https:\/\/talkpal.ai\/et\/tagalogi-grammatika\/#breadcrumb","itemListElement":[{"@type":"ListItem","position":1,"name":"Homepage","item":"https:\/\/talkpal.ai\/et\/"},{"@type":"ListItem","position":2,"name":"Tagalogi grammatika"}]},{"@type":"WebSite","@id":"https:\/\/talkpal.ai\/et\/#website","url":"https:\/\/talkpal.ai\/et\/","name":"Talkpal","description":"AI Language Learning","publisher":{"@id":"https:\/\/talkpal.ai\/et\/#organization"},"alternateName":"Talkpal AI","potentialAction":[{"@type":"SearchAction","target":{"@type":"EntryPoint","urlTemplate":"https:\/\/talkpal.ai\/et\/?s={search_term_string}"},"query-input":{"@type":"PropertyValueSpecification","valueRequired":true,"valueName":"search_term_string"}}],"inLanguage":"et"},{"@type":"Organization","@id":"https:\/\/talkpal.ai\/et\/#organization","name":"Talkpal, Inc.","alternateName":"Talkpal AI","url":"https:\/\/talkpal.ai\/et\/","logo":{"@type":"ImageObject","inLanguage":"et","@id":"https:\/\/talkpal.ai\/et\/#\/schema\/logo\/image\/","url":"https:\/\/talkpal.ai\/wp-content\/uploads\/2024\/03\/Talkpal-Logo-Icon.png","contentUrl":"https:\/\/talkpal.ai\/wp-content\/uploads\/2024\/03\/Talkpal-Logo-Icon.png","width":2880,"height":2880,"caption":"Talkpal, Inc."},"image":{"@id":"https:\/\/talkpal.ai\/et\/#\/schema\/logo\/image\/"},"sameAs":["https:\/\/www.facebook.com\/profile.php?id=100090733639311","https:\/\/x.com\/talkpalai","https:\/\/www.linkedin.com\/company\/talkpal\/","https:\/\/www.youtube.com\/@TalkPal\/","https:\/\/www.tiktok.com\/@talkpal","https:\/\/www.instagram.com\/talkpal_ai\/","https:\/\/www.crunchbase.com\/organization\/talkpal-9cde","https:\/\/www.g2.com\/products\/talkpal-for-business\/","https:\/\/www.trustpilot.com\/review\/talkpal.ai","https:\/\/www.capterra.com\/p\/10006800\/TalkPal\/"],"description":"Talkpal is a language learning web and mobile education app, powered by the latest AI technologies, that provides engaging experiences to its customers in many different languages to help them improve their language skills. Users can chat about unlimited amount of topics with the app and use other modes to practice their language learning.","email":"support@talkpal.ai","legalName":"Talkpal, Inc.","foundingDate":"2023-04-03","duns":"118989042","numberOfEmployees":{"@type":"QuantitativeValue","minValue":"11","maxValue":"50"},"publishingPrinciples":"https:\/\/talkpal.ai\/publishing-principles\/","actionableFeedbackPolicy":"https:\/\/talkpal.ai\/actionable-feedback-policy\/","correctionsPolicy":"https:\/\/talkpal.ai\/corrections-policy\/","ethicsPolicy":"https:\/\/talkpal.ai\/ethics-policy\/","diversityPolicy":"https:\/\/talkpal.ai\/diversity-policy\/","diversityStaffingReport":"https:\/\/talkpal.ai\/diversity-policy\/"}]}},"_links":{"self":[{"href":"https:\/\/talkpal.ai\/et\/wp-json\/wp\/v2\/pages\/152791","targetHints":{"allow":["GET"]}}],"collection":[{"href":"https:\/\/talkpal.ai\/et\/wp-json\/wp\/v2\/pages"}],"about":[{"href":"https:\/\/talkpal.ai\/et\/wp-json\/wp\/v2\/types\/page"}],"author":[{"embeddable":true,"href":"https:\/\/talkpal.ai\/et\/wp-json\/wp\/v2\/users\/1"}],"replies":[{"embeddable":true,"href":"https:\/\/talkpal.ai\/et\/wp-json\/wp\/v2\/comments?post=152791"}],"version-history":[{"count":0,"href":"https:\/\/talkpal.ai\/et\/wp-json\/wp\/v2\/pages\/152791\/revisions"}],"wp:featuredmedia":[{"embeddable":true,"href":"https:\/\/talkpal.ai\/et\/wp-json\/wp\/v2\/media\/120088"}],"wp:attachment":[{"href":"https:\/\/talkpal.ai\/et\/wp-json\/wp\/v2\/media?parent=152791"}],"curies":[{"name":"wp","href":"https:\/\/api.w.org\/{rel}","templated":true}]}}