{"id":152490,"date":"2023-05-14T14:23:00","date_gmt":"2023-05-14T14:23:00","guid":{"rendered":"http:\/\/talkpal.ai\/vietnami-grammatika\/"},"modified":"2025-12-12T10:56:44","modified_gmt":"2025-12-12T10:56:44","slug":"vietnami-grammatika","status":"publish","type":"page","link":"https:\/\/talkpal.ai\/et\/vietnami-grammatika\/","title":{"rendered":"Vietnami grammatika"},"content":{"rendered":"\r\n\r\n\r\n<section class=\"languageChallengeSection\">\r\n    <div class=\"languageInfoWrapper\">\r\n        \r\n        <h1>Vietnami grammatika<\/h1>\r\n        <p><a href=\"https:\/\/talkpal.ai\/learn-vietnamese\/\">Vietnami<\/a> keele <a href=\"https:\/\/talkpal.ai\/greek-grammar\/\">grammatika<\/a> on tuntud oma lihtsuse ja loogilise \u00fclesehituse poolest, mis teeb selle uute \u00f5ppijate jaoks lihtsaks. T\u00e4nu ladina t\u00e4hestikule, verbide liits\u00f5nade puudumisele ja mitmuse minimaalsele kasutamisele saavad \u00f5pilased kiiresti keskenduda s\u00f5navara ja vestlusoskuste arendamisele. Vietnami keele uurimine ei t\u00e4henda ainult keele \u00f5ppimist &#8211; see avab ka akna riigi rikkalikule kultuurile ja ajaloole.<\/p>\r\n\r\n                            <a class=\"getStartedHidden\" href=\"https:\/\/app.talkpal.ai\/et\/signup?lng=\">Alusta<\/a>\r\n        \r\n    <\/div>\r\n\r\n    <figure>\r\n    <img decoding=\"async\" width=\"768\" height=\"768\" src=\"https:\/\/talkpal.ai\/wp-content\/uploads\/2023\/06\/vietnamese-768x768.png\" class=\"languageImage no-lazy\" alt=\"Language learning for extensive cultural knowledge\" fetchpriority=\"high\" sizes=\"(max-width: 768px) 150px, 768px\" srcset=\"https:\/\/talkpal.ai\/wp-content\/uploads\/2023\/06\/vietnamese-768x768.png 768w, https:\/\/talkpal.ai\/wp-content\/uploads\/2023\/06\/vietnamese-300x300.png 300w\" \/>\r\n    \r\n\r\n    <\/figure>\r\n\r\n            <a class=\"getStartedVisible\" href=\"https:\/\/app.talkpal.ai\/et\/signup?lng=\">Alusta<\/a>\r\n    \r\n<\/section>\r\n<section class=\"promotionalBanner\">\r\n    <p class=\"promotionalText\">K\u00f5ige t\u00f5husam viis keele \u00f5ppimiseks<\/p>\r\n    <a class=\"promotionalLink\" href=\"https:\/\/app.talkpal.ai\/et\/signup?lng=\">Proovige Talkpal tasuta<\/a>\r\n<\/section>\n<div class=\"wp-block-group pageContainerStyle\"><div class=\"wp-block-group__inner-container is-layout-constrained wp-block-group-is-layout-constrained\">\n<h2 class=\"wp-block-heading\" id=\"h-the-intricacies-of-vietnamese-grammar-an-engaging-exploration\">Vietnami grammatika keerukused: kaasahaarav uurimine<\/h2>\n\n\n\n<p><a href=\"https:\/\/talkpal.ai\/et\/opi-vietnami-keel\/\">Vietnami keel<\/a> oma s\u00fcgavate ajalooliste juurte ja ainulaadse kultuurilise taustaga pakub ahvatlevat seiklust nii keeleteadlastele kui ka keele\u00f5ppijatele. Kuigi Vietnami grammatika v\u00f5ib esialgu osutuda v\u00e4ljakutseks, sillutab selle lihtne loogika ja j\u00e4rjepidevus teed p\u00f5nevale \u00f5pikogemusele. Niisiis, pange end intrigeerivale keelereisile, kui s\u00fcveneme Vietnami grammatika ise\u00e4rasustesse.<\/p>\n\n\n\n<h3 class=\"wp-block-heading\" id=\"h-1-the-alphabet-a-gift-from-the-past\">1. T\u00e4hestik: kingitus minevikust<\/h3>\n\n\n\n<p>Vietnami t\u00e4hestik, mis koosneb 29 t\u00e4hest, tuleneb peamiselt ladina t\u00e4hestikust, <a href=\"https:\/\/talkpal.ai\/learn-portuguese\/\">portugali<\/a> ja prantsuse algusega. T\u00e4nu Qu\u1ed1c Ng\u1eef skriptile on \u00fcleminek romaniseeritud skriptile muutnud t\u00e4hestiku tuttavaks ja h\u00f5lpsasti k\u00e4ttesaadavaks teiste ladina keelel p\u00f5hinevate keelte k\u00f5nelejatele. See v\u00f5imaldab algajatele sujuvat sisenemispunkti keskenduda keele ainulaadsetele helidele ja h\u00e4\u00e4ldusele.<\/p>\n\n\n\n<h3 class=\"wp-block-heading\" id=\"h-2-tones-vietnamese-s-musical-notation\">2. Toonid: Vietnami muusikaline m\u00e4rkimine<\/h3>\n\n\n\n<p>Vietnami keel on tonaalne keel, millel on kuus eristavat tooni, mis muudavad s\u00f5na t\u00e4hendust erinevate diakriitiliste m\u00e4rkide abil. Nende toonide valdamise omandamine v\u00f5ib olla keeruline, kuid see lisab keelele musikaalsust ja n\u00fcansse, mis muudab selle veelgi k\u00fctkestavamaks. Kannatlikkus ja praktika muudavad selle t\u00e4iuslikuks, v\u00f5imaldades teil t\u00e4ielikult hinnata Vietnami meloodilist ilu.<\/p>\n\n\n\n<h3 class=\"wp-block-heading\" id=\"h-3-word-order-unraveling-the-vietnamese-sentence-structure\">3. S\u00f5nade j\u00e4rjekord: Vietnami lausestruktuuri lahti harutamine<\/h3>\n\n\n\n<p>\u00d5nneks on Vietnami s\u00f5nade j\u00e4rjekord \u00fcsna lihtne, j\u00e4rgides tuttavat Subject-Verb-Object (SVO) vormingut. See juurdep\u00e4\u00e4setav struktuur h\u00f5lbustab <a href=\"https:\/\/talkpal.ai\/learn-english\/\">inglise<\/a> keelt k\u00f5nelevatel inimestel vietnami keeles lausete moodustamist, ilma et keeleteaduses toimuks suur muutus. V\u00f5tame n\u00e4iteks &#8220;T\u00f4i y\u00eau Vi\u1ec7t Nam!&#8221;. (Ma armastan Vietnami!), kus m\u00f5lemad keeled jagavad paralleelseid konstruktsioone.<\/p>\n\n\n\n<h3 class=\"wp-block-heading\" id=\"h-4-no-more-plural-nouns-or-verb-conjugations\">4. Enam pole mitmuses nimis\u00f5nu ega verbi konjugatsioone<\/h3>\n\n\n\n<p>Vietnami keeles ei muuda nimis\u00f5nad oma vormi, et n\u00e4idata paljusust, ja tegus\u00f5nad j\u00e4\u00e4vad j\u00e4rjekindlaks, olenemata pingest v\u00f5i teemast. Kuigi see v\u00f5ib alguses tunduda segane, lihtsustab see oluliselt grammatikareeglite \u00f5ppimist. Selle asemel selgitab kontekst ja t\u00e4iendavate s\u00f5nade kasutamine lause t\u00e4hendust. Niisiis, hingake kergendatult, kui j\u00e4tate h\u00fcvasti konjugatsiooni vaevaga.<\/p>\n\n\n\n<h3 class=\"wp-block-heading\" id=\"h-5-immerse-yourself-in-the-vietnamese-mindset\">5. Sukelduge Vietnami m\u00f5tteviisi<\/h3>\n\n\n\n<p>Vietnami keele <a href=\"https:\/\/talkpal.ai\/et\/oppimine\/\">\u00f5ppimine<\/a> ei t\u00e4henda mitte ainult grammatika omandamist, vaid ka selle keele kultuurilise, ajaloolise ja sotsiaalse konteksti omaksv\u00f5tmist, mis on seda keelt kujundanud. Suhtle emakeelsete k\u00f5nelejatega, uuri vietnami kirjandust ja kunsti ning p\u00fc\u00fca leida sidet selle rahva v\u00e4\u00e4rtuste ja tavadega. See terviklik l\u00e4henemine mitte ainult ei paranda teie keeleoskust, vaid s\u00fcvendab ka teie arusaamist Vietnami mitmek\u00fclgsest ilust.<\/p>\n\n\n\n<h3 class=\"wp-block-heading\" id=\"h-in-conclusion-relish-the-charm-of-vietnamese-grammar\">Kokkuv\u00f5tteks: nautige Vietnami grammatika v\u00f5lu<\/h3>\n\n\n\n<p>Kuigi Vietnami grammatika v\u00f5ib pealtn\u00e4ha tunduda h\u00e4mmingus, kutsuvad selle p\u00f5nev struktuur ja loomup\u00e4rane lihtsus \u00f5ppijaid alustama rahuldustpakkuvat keelelist teekonda. Vietnami keelde s\u00fcvenedes imestate selle grammatika elegantsuse ja ilu ning rikkaliku kultuurilise mitmekesisuse \u00fcle, mis on seda keelt sajandite jooksul kujundanud. Niisiis, minge edasi ja uurige Vietnami grammatika imesid, kui navigeerite selle lummava keele keelemaastikul.<\/p>\n<\/div><\/div>\n\r\n<section class=\"learnNavigationSection\">\r\n            \r\n        <a href=\"https:\/\/talkpal.ai\/et\/opi-vietnami-keel\/\">\r\n            <div class=\"learnNavigationWrapper\">\r\n                <div class=\"learnNavigationContent\">\r\n                    <img decoding=\"async\" src=\"https:\/\/talkpal.ai\/wp-content\/uploads\/2024\/08\/Vietnamese.jpg\" alt=\"Vietnamise Flag\">\r\n                    <div>\r\n                        <h4>Vietnami keele \u00f5ppimise kohta<\/h4>\r\n                        <p>Uuri k\u00f5ike Vietnami grammatika kohta .<\/p>\r\n                    <\/div>\r\n                <\/div>\r\n            <\/div>\r\n        <\/a>\r\n\r\n        \r\n        <a href=\"https:\/\/talkpal.ai\/et\/vietnami-grammatika-harjutused\/\">\r\n            <div class=\"learnNavigationWrapper\">\r\n                <div class=\"learnNavigationContent\">\r\n                    <img decoding=\"async\" src=\"https:\/\/talkpal.ai\/wp-content\/uploads\/2024\/08\/Vietnamese.jpg\" alt=\"Vietnamise Flag\">\r\n                    <div>\r\n                        <h4>Vietnami keele grammatika harjutus<\/h4>\r\n                        <p>Harjutage Vietnami grammatikat.<\/p>\r\n                    <\/div>\r\n                <\/div>\r\n            <\/div>\r\n        <\/a>\r\n\r\n        \r\n        <a href=\"https:\/\/talkpal.ai\/vocabulary_language\/vietnamese\/\">\r\n            <div class=\"learnNavigationWrapper\">\r\n                <div class=\"learnNavigationContent\">\r\n                    <img decoding=\"async\" src=\"https:\/\/talkpal.ai\/wp-content\/uploads\/2024\/08\/Vietnamese.jpg\" alt=\"Vietnamise Flag\">\r\n                    <div>\r\n                        <h4>Vietnami keele s\u00f5navara<\/h4>\r\n                        <p>Laiendage oma vietnami keele s\u00f5navara.<\/p>\r\n                    <\/div>\r\n                <\/div>\r\n            <\/div>\r\n        <\/a>\r\n\r\n            <\/section>","protected":false},"excerpt":{"rendered":"<p>Vietnami grammatika keerukused: kaasahaarav uurimine Vietnami keel oma s\u00fcgavate ajalooliste juurte ja ainulaadse kultuurilise taustaga pakub ahvatlevat seiklust nii keeleteadlastele kui ka keele\u00f5ppijatele. Kuigi Vietnami grammatika v\u00f5ib esialgu osutuda v\u00e4ljakutseks, sillutab selle lihtne loogika ja j\u00e4rjepidevus teed p\u00f5nevale \u00f5pikogemusele. Niisiis, pange end intrigeerivale keelereisile, kui s\u00fcveneme Vietnami grammatika ise\u00e4rasustesse. 1. T\u00e4hestik: kingitus minevikust Vietnami t\u00e4hestik, [&hellip;]<\/p>\n","protected":false},"author":1,"featured_media":120566,"parent":0,"menu_order":0,"comment_status":"closed","ping_status":"closed","template":"LearningContentPage.php","meta":{"_acf_changed":false,"footnotes":""},"class_list":["post-152490","page","type-page","status-publish","has-post-thumbnail","hentry"],"acf":[],"yoast_head":"<!-- This site is optimized with the Yoast SEO Premium plugin v27.2 (Yoast SEO v27.2) - https:\/\/yoast.com\/product\/yoast-seo-premium-wordpress\/ -->\n<title>Vietnami grammatika - Talkpal<\/title>\n<meta name=\"description\" content=\"Tutvuge vietnami keele grammatika p\u00f5nevate aspektidega ja avastage selle ainulaadse keele \u00f5ppimise r\u00f5\u00f5mud.\" \/>\n<meta name=\"robots\" content=\"index, follow, max-snippet:-1, max-image-preview:large, max-video-preview:-1\" \/>\n<link rel=\"canonical\" href=\"https:\/\/talkpal.ai\/et\/vietnami-grammatika\/\" \/>\n<meta property=\"og:locale\" content=\"et_EE\" \/>\n<meta property=\"og:type\" content=\"article\" \/>\n<meta property=\"og:title\" content=\"Vietnami grammatika\" \/>\n<meta property=\"og:description\" content=\"Vietnami grammatika keerukused: kaasahaarav uurimine Vietnami keel oma s\u00fcgavate ajalooliste juurte ja ainulaadse kultuurilise taustaga pakub ahvatlevat\" \/>\n<meta property=\"og:url\" content=\"https:\/\/talkpal.ai\/et\/vietnami-grammatika\/\" \/>\n<meta property=\"og:site_name\" content=\"Talkpal\" \/>\n<meta property=\"article:publisher\" content=\"https:\/\/www.facebook.com\/profile.php?id=100090733639311\" \/>\n<meta property=\"article:modified_time\" content=\"2025-12-12T10:56:44+00:00\" \/>\n<meta property=\"og:image\" content=\"https:\/\/talkpal.ai\/wp-content\/uploads\/2023\/05\/vietnam.png\" \/>\n\t<meta property=\"og:image:width\" content=\"512\" \/>\n\t<meta property=\"og:image:height\" content=\"512\" \/>\n\t<meta property=\"og:image:type\" content=\"image\/png\" \/>\n<meta name=\"twitter:card\" content=\"summary_large_image\" \/>\n<meta name=\"twitter:site\" content=\"@talkpalai\" \/>\n<meta name=\"twitter:label1\" content=\"Est. reading time\" \/>\n\t<meta name=\"twitter:data1\" content=\"2 minutit\" \/>\n<script type=\"application\/ld+json\" class=\"yoast-schema-graph\">{\"@context\":\"https:\/\/schema.org\",\"@graph\":[{\"@type\":\"WebPage\",\"@id\":\"https:\/\/talkpal.ai\/et\/vietnami-grammatika\/\",\"url\":\"https:\/\/talkpal.ai\/et\/vietnami-grammatika\/\",\"name\":\"Vietnami grammatika - Talkpal\",\"isPartOf\":{\"@id\":\"https:\/\/talkpal.ai\/et\/#website\"},\"primaryImageOfPage\":{\"@id\":\"https:\/\/talkpal.ai\/et\/vietnami-grammatika\/#primaryimage\"},\"image\":{\"@id\":\"https:\/\/talkpal.ai\/et\/vietnami-grammatika\/#primaryimage\"},\"thumbnailUrl\":\"https:\/\/talkpal.ai\/wp-content\/uploads\/2023\/05\/vietnam.png\",\"datePublished\":\"2023-05-14T14:23:00+00:00\",\"dateModified\":\"2025-12-12T10:56:44+00:00\",\"description\":\"Tutvuge vietnami keele grammatika p\u00f5nevate aspektidega ja avastage selle ainulaadse keele \u00f5ppimise r\u00f5\u00f5mud.\",\"breadcrumb\":{\"@id\":\"https:\/\/talkpal.ai\/et\/vietnami-grammatika\/#breadcrumb\"},\"inLanguage\":\"et\",\"potentialAction\":[{\"@type\":\"ReadAction\",\"target\":[\"https:\/\/talkpal.ai\/et\/vietnami-grammatika\/\"]}]},{\"@type\":\"ImageObject\",\"inLanguage\":\"et\",\"@id\":\"https:\/\/talkpal.ai\/et\/vietnami-grammatika\/#primaryimage\",\"url\":\"https:\/\/talkpal.ai\/wp-content\/uploads\/2023\/05\/vietnam.png\",\"contentUrl\":\"https:\/\/talkpal.ai\/wp-content\/uploads\/2023\/05\/vietnam.png\",\"width\":512,\"height\":512},{\"@type\":\"BreadcrumbList\",\"@id\":\"https:\/\/talkpal.ai\/et\/vietnami-grammatika\/#breadcrumb\",\"itemListElement\":[{\"@type\":\"ListItem\",\"position\":1,\"name\":\"Homepage\",\"item\":\"https:\/\/talkpal.ai\/et\/\"},{\"@type\":\"ListItem\",\"position\":2,\"name\":\"Vietnami grammatika\"}]},{\"@type\":\"WebSite\",\"@id\":\"https:\/\/talkpal.ai\/et\/#website\",\"url\":\"https:\/\/talkpal.ai\/et\/\",\"name\":\"Talkpal\",\"description\":\"AI Language Learning\",\"publisher\":{\"@id\":\"https:\/\/talkpal.ai\/et\/#organization\"},\"alternateName\":\"Talkpal AI\",\"potentialAction\":[{\"@type\":\"SearchAction\",\"target\":{\"@type\":\"EntryPoint\",\"urlTemplate\":\"https:\/\/talkpal.ai\/et\/?s={search_term_string}\"},\"query-input\":{\"@type\":\"PropertyValueSpecification\",\"valueRequired\":true,\"valueName\":\"search_term_string\"}}],\"inLanguage\":\"et\"},{\"@type\":\"Organization\",\"@id\":\"https:\/\/talkpal.ai\/et\/#organization\",\"name\":\"Talkpal, Inc.\",\"alternateName\":\"Talkpal AI\",\"url\":\"https:\/\/talkpal.ai\/et\/\",\"logo\":{\"@type\":\"ImageObject\",\"inLanguage\":\"et\",\"@id\":\"https:\/\/talkpal.ai\/et\/#\/schema\/logo\/image\/\",\"url\":\"https:\/\/talkpal.ai\/wp-content\/uploads\/2024\/03\/Talkpal-Logo-Icon.png\",\"contentUrl\":\"https:\/\/talkpal.ai\/wp-content\/uploads\/2024\/03\/Talkpal-Logo-Icon.png\",\"width\":2880,\"height\":2880,\"caption\":\"Talkpal, Inc.\"},\"image\":{\"@id\":\"https:\/\/talkpal.ai\/et\/#\/schema\/logo\/image\/\"},\"sameAs\":[\"https:\/\/www.facebook.com\/profile.php?id=100090733639311\",\"https:\/\/x.com\/talkpalai\",\"https:\/\/www.linkedin.com\/company\/talkpal\/\",\"https:\/\/www.youtube.com\/@TalkPal\/\",\"https:\/\/www.tiktok.com\/@talkpal\",\"https:\/\/www.instagram.com\/talkpal_ai\/\",\"https:\/\/www.crunchbase.com\/organization\/talkpal-9cde\",\"https:\/\/www.g2.com\/products\/talkpal-for-business\/\",\"https:\/\/www.trustpilot.com\/review\/talkpal.ai\",\"https:\/\/www.capterra.com\/p\/10006800\/TalkPal\/\"],\"description\":\"Talkpal is a language learning web and mobile education app, powered by the latest AI technologies, that provides engaging experiences to its customers in many different languages to help them improve their language skills. Users can chat about unlimited amount of topics with the app and use other modes to practice their language learning.\",\"email\":\"support@talkpal.ai\",\"legalName\":\"Talkpal, Inc.\",\"foundingDate\":\"2023-04-03\",\"duns\":\"118989042\",\"numberOfEmployees\":{\"@type\":\"QuantitativeValue\",\"minValue\":\"11\",\"maxValue\":\"50\"},\"publishingPrinciples\":\"https:\/\/talkpal.ai\/publishing-principles\/\",\"actionableFeedbackPolicy\":\"https:\/\/talkpal.ai\/actionable-feedback-policy\/\",\"correctionsPolicy\":\"https:\/\/talkpal.ai\/corrections-policy\/\",\"ethicsPolicy\":\"https:\/\/talkpal.ai\/ethics-policy\/\",\"diversityPolicy\":\"https:\/\/talkpal.ai\/diversity-policy\/\",\"diversityStaffingReport\":\"https:\/\/talkpal.ai\/diversity-policy\/\"}]}<\/script>\n<!-- \/ Yoast SEO Premium plugin. -->","yoast_head_json":{"title":"Vietnami grammatika - Talkpal","description":"Tutvuge vietnami keele grammatika p\u00f5nevate aspektidega ja avastage selle ainulaadse keele \u00f5ppimise r\u00f5\u00f5mud.","robots":{"index":"index","follow":"follow","max-snippet":"max-snippet:-1","max-image-preview":"max-image-preview:large","max-video-preview":"max-video-preview:-1"},"canonical":"https:\/\/talkpal.ai\/et\/vietnami-grammatika\/","og_locale":"et_EE","og_type":"article","og_title":"Vietnami grammatika","og_description":"Vietnami grammatika keerukused: kaasahaarav uurimine Vietnami keel oma s\u00fcgavate ajalooliste juurte ja ainulaadse kultuurilise taustaga pakub ahvatlevat","og_url":"https:\/\/talkpal.ai\/et\/vietnami-grammatika\/","og_site_name":"Talkpal","article_publisher":"https:\/\/www.facebook.com\/profile.php?id=100090733639311","article_modified_time":"2025-12-12T10:56:44+00:00","og_image":[{"width":512,"height":512,"url":"https:\/\/talkpal.ai\/wp-content\/uploads\/2023\/05\/vietnam.png","type":"image\/png"}],"twitter_card":"summary_large_image","twitter_site":"@talkpalai","twitter_misc":{"Est. reading time":"2 minutit"},"schema":{"@context":"https:\/\/schema.org","@graph":[{"@type":"WebPage","@id":"https:\/\/talkpal.ai\/et\/vietnami-grammatika\/","url":"https:\/\/talkpal.ai\/et\/vietnami-grammatika\/","name":"Vietnami grammatika - Talkpal","isPartOf":{"@id":"https:\/\/talkpal.ai\/et\/#website"},"primaryImageOfPage":{"@id":"https:\/\/talkpal.ai\/et\/vietnami-grammatika\/#primaryimage"},"image":{"@id":"https:\/\/talkpal.ai\/et\/vietnami-grammatika\/#primaryimage"},"thumbnailUrl":"https:\/\/talkpal.ai\/wp-content\/uploads\/2023\/05\/vietnam.png","datePublished":"2023-05-14T14:23:00+00:00","dateModified":"2025-12-12T10:56:44+00:00","description":"Tutvuge vietnami keele grammatika p\u00f5nevate aspektidega ja avastage selle ainulaadse keele \u00f5ppimise r\u00f5\u00f5mud.","breadcrumb":{"@id":"https:\/\/talkpal.ai\/et\/vietnami-grammatika\/#breadcrumb"},"inLanguage":"et","potentialAction":[{"@type":"ReadAction","target":["https:\/\/talkpal.ai\/et\/vietnami-grammatika\/"]}]},{"@type":"ImageObject","inLanguage":"et","@id":"https:\/\/talkpal.ai\/et\/vietnami-grammatika\/#primaryimage","url":"https:\/\/talkpal.ai\/wp-content\/uploads\/2023\/05\/vietnam.png","contentUrl":"https:\/\/talkpal.ai\/wp-content\/uploads\/2023\/05\/vietnam.png","width":512,"height":512},{"@type":"BreadcrumbList","@id":"https:\/\/talkpal.ai\/et\/vietnami-grammatika\/#breadcrumb","itemListElement":[{"@type":"ListItem","position":1,"name":"Homepage","item":"https:\/\/talkpal.ai\/et\/"},{"@type":"ListItem","position":2,"name":"Vietnami grammatika"}]},{"@type":"WebSite","@id":"https:\/\/talkpal.ai\/et\/#website","url":"https:\/\/talkpal.ai\/et\/","name":"Talkpal","description":"AI Language Learning","publisher":{"@id":"https:\/\/talkpal.ai\/et\/#organization"},"alternateName":"Talkpal AI","potentialAction":[{"@type":"SearchAction","target":{"@type":"EntryPoint","urlTemplate":"https:\/\/talkpal.ai\/et\/?s={search_term_string}"},"query-input":{"@type":"PropertyValueSpecification","valueRequired":true,"valueName":"search_term_string"}}],"inLanguage":"et"},{"@type":"Organization","@id":"https:\/\/talkpal.ai\/et\/#organization","name":"Talkpal, Inc.","alternateName":"Talkpal AI","url":"https:\/\/talkpal.ai\/et\/","logo":{"@type":"ImageObject","inLanguage":"et","@id":"https:\/\/talkpal.ai\/et\/#\/schema\/logo\/image\/","url":"https:\/\/talkpal.ai\/wp-content\/uploads\/2024\/03\/Talkpal-Logo-Icon.png","contentUrl":"https:\/\/talkpal.ai\/wp-content\/uploads\/2024\/03\/Talkpal-Logo-Icon.png","width":2880,"height":2880,"caption":"Talkpal, Inc."},"image":{"@id":"https:\/\/talkpal.ai\/et\/#\/schema\/logo\/image\/"},"sameAs":["https:\/\/www.facebook.com\/profile.php?id=100090733639311","https:\/\/x.com\/talkpalai","https:\/\/www.linkedin.com\/company\/talkpal\/","https:\/\/www.youtube.com\/@TalkPal\/","https:\/\/www.tiktok.com\/@talkpal","https:\/\/www.instagram.com\/talkpal_ai\/","https:\/\/www.crunchbase.com\/organization\/talkpal-9cde","https:\/\/www.g2.com\/products\/talkpal-for-business\/","https:\/\/www.trustpilot.com\/review\/talkpal.ai","https:\/\/www.capterra.com\/p\/10006800\/TalkPal\/"],"description":"Talkpal is a language learning web and mobile education app, powered by the latest AI technologies, that provides engaging experiences to its customers in many different languages to help them improve their language skills. Users can chat about unlimited amount of topics with the app and use other modes to practice their language learning.","email":"support@talkpal.ai","legalName":"Talkpal, Inc.","foundingDate":"2023-04-03","duns":"118989042","numberOfEmployees":{"@type":"QuantitativeValue","minValue":"11","maxValue":"50"},"publishingPrinciples":"https:\/\/talkpal.ai\/publishing-principles\/","actionableFeedbackPolicy":"https:\/\/talkpal.ai\/actionable-feedback-policy\/","correctionsPolicy":"https:\/\/talkpal.ai\/corrections-policy\/","ethicsPolicy":"https:\/\/talkpal.ai\/ethics-policy\/","diversityPolicy":"https:\/\/talkpal.ai\/diversity-policy\/","diversityStaffingReport":"https:\/\/talkpal.ai\/diversity-policy\/"}]}},"_links":{"self":[{"href":"https:\/\/talkpal.ai\/et\/wp-json\/wp\/v2\/pages\/152490","targetHints":{"allow":["GET"]}}],"collection":[{"href":"https:\/\/talkpal.ai\/et\/wp-json\/wp\/v2\/pages"}],"about":[{"href":"https:\/\/talkpal.ai\/et\/wp-json\/wp\/v2\/types\/page"}],"author":[{"embeddable":true,"href":"https:\/\/talkpal.ai\/et\/wp-json\/wp\/v2\/users\/1"}],"replies":[{"embeddable":true,"href":"https:\/\/talkpal.ai\/et\/wp-json\/wp\/v2\/comments?post=152490"}],"version-history":[{"count":0,"href":"https:\/\/talkpal.ai\/et\/wp-json\/wp\/v2\/pages\/152490\/revisions"}],"wp:featuredmedia":[{"embeddable":true,"href":"https:\/\/talkpal.ai\/et\/wp-json\/wp\/v2\/media\/120566"}],"wp:attachment":[{"href":"https:\/\/talkpal.ai\/et\/wp-json\/wp\/v2\/media?parent=152490"}],"curies":[{"name":"wp","href":"https:\/\/api.w.org\/{rel}","templated":true}]}}