{"id":152181,"date":"2023-05-14T14:22:39","date_gmt":"2023-05-14T14:22:39","guid":{"rendered":"http:\/\/talkpal.ai\/urdu-grammatika\/"},"modified":"2025-12-11T16:27:03","modified_gmt":"2025-12-11T16:27:03","slug":"urdu-grammatika","status":"publish","type":"page","link":"https:\/\/talkpal.ai\/et\/urdu-grammatika\/","title":{"rendered":"Urdu grammatika"},"content":{"rendered":"\r\n\r\n\r\n<section class=\"languageChallengeSection\">\r\n    <div class=\"languageInfoWrapper\">\r\n        \r\n        <h1>Urdu grammatika<\/h1>\r\n        <p>Kas olete huvitatud <a href=\"https:\/\/talkpal.ai\/learn-urdu\/\">urdu<\/a> keele \u00f5ppimisest? Sukelduge <a href=\"https:\/\/talkpal.ai\/learn-urdu\/\">urdu<\/a> keele grammatikasse, kus elegantne kirjaviis, soop\u00f5hised nimis\u00f5nad ja v\u00e4ljendusrikkad verbivormid loovad keele, mis on nii poeetiline kui ka praktiline. Alustage oma urdu keele teekonda juba t\u00e4na &#8211; selle <a href=\"https:\/\/talkpal.ai\/greek-grammar\/\">grammatika<\/a> omandamine avab teile uusi suhtlemisv\u00f5imalusi ja \u00fchendab teid s\u00fcgavalt L\u00f5una-Aasia rikkalike kirjandus- ja kultuuritraditsioonidega!<\/p>\r\n\r\n                            <a class=\"getStartedHidden\" href=\"https:\/\/app.talkpal.ai\/et\/signup?lng=\">Alusta<\/a>\r\n        \r\n    <\/div>\r\n\r\n    <figure>\r\n    <img decoding=\"async\" width=\"768\" height=\"768\" src=\"https:\/\/talkpal.ai\/wp-content\/uploads\/2023\/06\/urdu-768x768.png\" class=\"languageImage no-lazy\" alt=\"Language learning for global understanding\" fetchpriority=\"high\" sizes=\"(max-width: 768px) 150px, 768px\" srcset=\"https:\/\/talkpal.ai\/wp-content\/uploads\/2023\/06\/urdu-768x768.png 768w, https:\/\/talkpal.ai\/wp-content\/uploads\/2023\/06\/urdu-300x300.png 300w\" \/>\r\n    \r\n\r\n    <\/figure>\r\n\r\n            <a class=\"getStartedVisible\" href=\"https:\/\/app.talkpal.ai\/et\/signup?lng=\">Alusta<\/a>\r\n    \r\n<\/section>\r\n<section class=\"promotionalBanner\">\r\n    <p class=\"promotionalText\">K\u00f5ige t\u00f5husam viis keele \u00f5ppimiseks<\/p>\r\n    <a class=\"promotionalLink\" href=\"https:\/\/app.talkpal.ai\/et\/signup?lng=\">Proovige Talkpal tasuta<\/a>\r\n<\/section>\n<div class=\"wp-block-group pageContainerStyle\"><div class=\"wp-block-group__inner-container is-layout-constrained wp-block-group-is-layout-constrained\">\n<h2 class=\"wp-block-heading\" id=\"h-urdu-grammar-exploring-the-beauty-and-intricacies-of-the-indo-aryan-language\">Urdu grammatika: indo-aaria keele ilu ja keerukuse uurimine<\/h2>\n\n\n\n<p><a href=\"https:\/\/talkpal.ai\/talkpal-discount-for-language-enthusiasts\/\">Keelehuvilised<\/a> ja uudishimulikud \u00f5ppijad, kas olete valmis sukelduma <a href=\"https:\/\/talkpal.ai\/urdu-grammar\/\">urdu grammatika<\/a> p\u00f5nevasse maailma? Urdu, indo-aaria keel, on Pakistani riigikeel ja \u00fcks India ametlikest keeltest. Ligikaudu 70 miljoni k\u00f5nelejaga kogu maailmas ei ole urdu keel mitte ainult rikas ja v\u00e4ljendusrikas keel, vaid ka sild elava kultuuri ja ajaloo juurde. Selles artiklis uurime urdu keele grammatika unikaalseid aspekte ja avastame, mis eristab seda teistest keeltest.<\/p>\n\n\n\n<h3 class=\"wp-block-heading\" id=\"h-script-and-pronunciation-the-elegant-nastaliq\">Skript ja h\u00e4\u00e4ldus: elegantne Nastaliq<\/h3>\n\n\n\n<p>Urdu skript p\u00f5hineb <a href=\"https:\/\/talkpal.ai\/learn-persian\/\">p\u00e4rsia<\/a>-araabia Nastaliqi stiilil, mis on kirjutatud ja loetud paremalt vasakule. Nastaliqi skript, mis koosneb 38 t\u00e4hest koos t\u00e4iendavate diakriitiliste m\u00e4rkidega t\u00e4ish\u00e4\u00e4likute ja h\u00e4\u00e4lduse jaoks, on nii elegantne kui ka voolav. Kirjutuse <a href=\"https:\/\/talkpal.ai\/et\/oppimine\/\">\u00f5ppimine<\/a> ja urdu keele h\u00e4\u00e4lduse omandamine on teie esimene samm keele grammatika m\u00f5istmise suunas.<\/p>\n\n\n\n<h3 class=\"wp-block-heading\" id=\"h-nouns-and-pronouns-exploring-gender-number-and-case\">Nimis\u00f5nad ja ases\u00f5nad: soo, arvu ja juhtumi uurimine<\/h3>\n\n\n\n<p>Urdu nimis\u00f5nad liigitatakse soo (mehelik v\u00f5i naiselik), numbri (ainsus v\u00f5i mitmus) ja juhtumi (otsene v\u00f5i kaldus) j\u00e4rgi. Keeles ei ole artikleid (nagu &#8220;a&#8221; v\u00f5i &#8220;the&#8221;), selle asemel toetutakse kontekstile, et edastada m\u00e4\u00e4ratletust. Urdu ases\u00f5nad j\u00e4rgivad ka soo, arvu ja juhtumite erinevusi ning neil on erinevad viisakuse ja tuttavlikkuse vormid.<\/p>\n\n\n\n<h3 class=\"wp-block-heading\" id=\"h-postpositions-and-cases-urdu-s-unique-approach-to-indicating-relationships\">Ametikohad ja juhtumid: Urdu keele ainulaadne l\u00e4henemine suhete m\u00e4rkimisele<\/h3>\n\n\n\n<p>Eess\u00f5nade asemel kasutab Urdu postpositsioone \u2013 s\u00f5nu, mis tulevad p\u00e4rast nimis\u00f5nu, mida nad valitsevad. Seda erip\u00e4ra v\u00f5ib n\u00e4ha kogu keeles ja see m\u00f5jutab oluliselt juhtumite m\u00e4rgistust. Urdu keele kahte k\u00e4\u00e4ndel\u00f5ppu, otsest ja k\u00f5rvalist, kasutatakse koos postpositsioonidega, et n\u00e4idata s\u00f5nade vahelisi suhteid.<\/p>\n\n\n\n<h3 class=\"wp-block-heading\" id=\"h-harnessing-the-power-of-verbs-tense-aspect-and-moods\">Tegus\u00f5nade j\u00f5u rakendamine: pinge, aspekt ja meeleolud<\/h3>\n\n\n\n<p>Urdu verbid on p\u00f5nevad oma mitmekesiste ajastuste (minevik, olevik ja tulevik), aspektide (t\u00e4iuslikud, ebat\u00e4iuslikud ja harjumusp\u00e4rased) ja meeleolude (soovituslikud, imperatiivsed ja subjunktiivsed) poolest. Keel kasutab laialdaselt ka abis\u00f5nu, et moodustada liitvorme, v\u00e4ljendades n\u00fcansse ajas ja tegevuste l\u00f5puleviimist.<\/p>\n\n\n\n<p>Tegus\u00f5nad n\u00f5ustuvad ka oma teemadega soo ja arvu poolest, mis lisab Urdu grammatikale veelgi keerukuse ja rikkuse kihte.<\/p>\n\n\n\n<h3 class=\"wp-block-heading\" id=\"h-adjectives-adverbs-and-more-adding-color-to-your-language\">Omaduss\u00f5nad, m\u00e4\u00e4rs\u00f5nad ja palju muud: keelele v\u00e4rvi lisamine<\/h3>\n\n\n\n<p>Urdu omaduss\u00f5nad j\u00e4rgivad tavaliselt nimis\u00f5nu, mida nad muudavad, ja n\u00f5ustuvad nendega soo ja arvu osas. Omaduss\u00f5nu saab intensiivistada, kasutades v\u00f5rdlusi ja \u00fcliv\u00f5rdeid, lisades kirjeldustele s\u00fcgavust. Urdu adverbid, mis on tuletatud omaduss\u00f5nadest v\u00f5i eksisteerivad iseseisvalt, m\u00e4ngivad ka keeles olulist rolli, <a href=\"https:\/\/talkpal.ai\/locations\/language-courses-in-andes\/\">andes<\/a> teavet aja, viisi, koha ja kraadi kohta.<\/p>\n\n\n\n<p><a href=\"https:\/\/talkpal.ai\/urdu-grammar\/\">Urdu grammatika<\/a> uhkeldab paljude sides\u00f5nade, vaheleh\u00fc\u00fcete, osakeste ja muuga, aidates teil luua rikkalikke, sisukaid ja v\u00e4ljendusrikkaid lauseid.<\/p>\n\n\n\n<h3 class=\"wp-block-heading\" id=\"h-embracing-the-world-of-urdu-grammar\">Urdu grammatika maailma omaksv\u00f5tmine<\/h3>\n\n\n\n<p>Urdu keele grammatika v\u00f5ib esialgu tunduda keeruline, kuid kui s\u00fcvenete selle keerukustesse, leiate, et see keel on t\u00e4is ilu ja v\u00e4ljendusrikkust. Urdu \u00f5ppimine mitte ainult ei paranda teie arusaamist indo-aaria keeleperekonnast, vaid aitab teil ka \u00fchendust luua lummava kultuuri, kirjanduse ja ajalooga.<\/p>\n\n\n\n<p>Niisiis, miks mitte alustada p\u00f5nevat teekonda Urdu grammatika \u00f5ppimiseks? P\u00fchendumise ja uudishimuga v\u00f5ite peagi leida end suhtlemas emakeelena k\u00f5nelejatega, vahetades ideid ja lugusid selles v\u00f5imsas keeles. Head \u00f5ppimist!<\/p>\n<\/div><\/div>\n\r\n<section class=\"learnNavigationSection\">\r\n            \r\n        <a href=\"https:\/\/talkpal.ai\/et\/opi-urdu\/\">\r\n            <div class=\"learnNavigationWrapper\">\r\n                <div class=\"learnNavigationContent\">\r\n                    <img decoding=\"async\" src=\"https:\/\/talkpal.ai\/wp-content\/uploads\/2024\/08\/Urdu.jpg\" alt=\"Pakistani Flag\">\r\n                    <div>\r\n                        <h4>Urdu keele \u00f5ppimise kohta<\/h4>\r\n                        <p>Uuri k\u00f5ike Urdu grammatika kohta.<\/p>\r\n                    <\/div>\r\n                <\/div>\r\n            <\/div>\r\n        <\/a>\r\n\r\n        \r\n        <a href=\"https:\/\/talkpal.ai\/et\/urdu-grammatika-harjutused\/\">\r\n            <div class=\"learnNavigationWrapper\">\r\n                <div class=\"learnNavigationContent\">\r\n                    <img decoding=\"async\" src=\"https:\/\/talkpal.ai\/wp-content\/uploads\/2024\/08\/Urdu.jpg\" alt=\"Pakistani Flag\">\r\n                    <div>\r\n                        <h4>Urdu keele grammatika harjutus<\/h4>\r\n                        <p>Harjutage Urdu grammatikat.<\/p>\r\n                    <\/div>\r\n                <\/div>\r\n            <\/div>\r\n        <\/a>\r\n\r\n        \r\n        <a href=\"https:\/\/talkpal.ai\/vocabulary_language\/urdu\/\">\r\n            <div class=\"learnNavigationWrapper\">\r\n                <div class=\"learnNavigationContent\">\r\n                    <img decoding=\"async\" src=\"https:\/\/talkpal.ai\/wp-content\/uploads\/2024\/08\/Urdu.jpg\" alt=\"Pakistani Flag\">\r\n                    <div>\r\n                        <h4>Urdu keele s\u00f5navara<\/h4>\r\n                        <p>Laiendage oma urdu keele s\u00f5navara.<\/p>\r\n                    <\/div>\r\n                <\/div>\r\n            <\/div>\r\n        <\/a>\r\n\r\n            <\/section>","protected":false},"excerpt":{"rendered":"<p>Urdu grammatika: indo-aaria keele ilu ja keerukuse uurimine Keelehuvilised ja uudishimulikud \u00f5ppijad, kas olete valmis sukelduma urdu grammatika p\u00f5nevasse maailma? Urdu, indo-aaria keel, on Pakistani riigikeel ja \u00fcks India ametlikest keeltest. Ligikaudu 70 miljoni k\u00f5nelejaga kogu maailmas ei ole urdu keel mitte ainult rikas ja v\u00e4ljendusrikas keel, vaid ka sild elava kultuuri ja ajaloo juurde. [&hellip;]<\/p>\n","protected":false},"author":1,"featured_media":121291,"parent":0,"menu_order":0,"comment_status":"closed","ping_status":"closed","template":"LearningContentPage.php","meta":{"_acf_changed":false,"footnotes":""},"class_list":["post-152181","page","type-page","status-publish","has-post-thumbnail","hentry"],"acf":[],"yoast_head":"<!-- This site is optimized with the Yoast SEO Premium plugin v27.2 (Yoast SEO v27.2) - https:\/\/yoast.com\/product\/yoast-seo-premium-wordpress\/ -->\n<title>Urdu grammatika - Talkpal<\/title>\n<meta name=\"description\" content=\"Avage urdu keele grammatika ilu. Uurige selle ainulaadseid aspekte, k\u00e4sikirja ja seda, kuidas see on seotud kultuuri ja ajalooga.\" \/>\n<meta name=\"robots\" content=\"index, follow, max-snippet:-1, max-image-preview:large, max-video-preview:-1\" \/>\n<link rel=\"canonical\" href=\"https:\/\/talkpal.ai\/et\/urdu-grammatika\/\" \/>\n<meta property=\"og:locale\" content=\"et_EE\" \/>\n<meta property=\"og:type\" content=\"article\" \/>\n<meta property=\"og:title\" content=\"Urdu grammatika\" \/>\n<meta property=\"og:description\" content=\"Urdu grammatika: indo-aaria keele ilu ja keerukuse uurimine Keelehuvilised ja uudishimulikud \u00f5ppijad, kas olete valmis sukelduma urdu grammatika p\u00f5nevasse\" \/>\n<meta property=\"og:url\" content=\"https:\/\/talkpal.ai\/et\/urdu-grammatika\/\" \/>\n<meta property=\"og:site_name\" content=\"Talkpal\" \/>\n<meta property=\"article:publisher\" content=\"https:\/\/www.facebook.com\/profile.php?id=100090733639311\" \/>\n<meta property=\"article:modified_time\" content=\"2025-12-11T16:27:03+00:00\" \/>\n<meta property=\"og:image\" content=\"https:\/\/talkpal.ai\/wp-content\/uploads\/2023\/05\/Urdu-pakistan.png\" \/>\n\t<meta property=\"og:image:width\" content=\"512\" \/>\n\t<meta property=\"og:image:height\" content=\"512\" \/>\n\t<meta property=\"og:image:type\" content=\"image\/png\" \/>\n<meta name=\"twitter:card\" content=\"summary_large_image\" \/>\n<meta name=\"twitter:site\" content=\"@talkpalai\" \/>\n<meta name=\"twitter:label1\" content=\"Est. reading time\" \/>\n\t<meta name=\"twitter:data1\" content=\"3 minutit\" \/>\n<script type=\"application\/ld+json\" class=\"yoast-schema-graph\">{\"@context\":\"https:\/\/schema.org\",\"@graph\":[{\"@type\":\"WebPage\",\"@id\":\"https:\/\/talkpal.ai\/et\/urdu-grammatika\/\",\"url\":\"https:\/\/talkpal.ai\/et\/urdu-grammatika\/\",\"name\":\"Urdu grammatika - Talkpal\",\"isPartOf\":{\"@id\":\"https:\/\/talkpal.ai\/et\/#website\"},\"primaryImageOfPage\":{\"@id\":\"https:\/\/talkpal.ai\/et\/urdu-grammatika\/#primaryimage\"},\"image\":{\"@id\":\"https:\/\/talkpal.ai\/et\/urdu-grammatika\/#primaryimage\"},\"thumbnailUrl\":\"https:\/\/talkpal.ai\/wp-content\/uploads\/2023\/05\/Urdu-pakistan.png\",\"datePublished\":\"2023-05-14T14:22:39+00:00\",\"dateModified\":\"2025-12-11T16:27:03+00:00\",\"description\":\"Avage urdu keele grammatika ilu. Uurige selle ainulaadseid aspekte, k\u00e4sikirja ja seda, kuidas see on seotud kultuuri ja ajalooga.\",\"breadcrumb\":{\"@id\":\"https:\/\/talkpal.ai\/et\/urdu-grammatika\/#breadcrumb\"},\"inLanguage\":\"et\",\"potentialAction\":[{\"@type\":\"ReadAction\",\"target\":[\"https:\/\/talkpal.ai\/et\/urdu-grammatika\/\"]}]},{\"@type\":\"ImageObject\",\"inLanguage\":\"et\",\"@id\":\"https:\/\/talkpal.ai\/et\/urdu-grammatika\/#primaryimage\",\"url\":\"https:\/\/talkpal.ai\/wp-content\/uploads\/2023\/05\/Urdu-pakistan.png\",\"contentUrl\":\"https:\/\/talkpal.ai\/wp-content\/uploads\/2023\/05\/Urdu-pakistan.png\",\"width\":512,\"height\":512},{\"@type\":\"BreadcrumbList\",\"@id\":\"https:\/\/talkpal.ai\/et\/urdu-grammatika\/#breadcrumb\",\"itemListElement\":[{\"@type\":\"ListItem\",\"position\":1,\"name\":\"Homepage\",\"item\":\"https:\/\/talkpal.ai\/et\/\"},{\"@type\":\"ListItem\",\"position\":2,\"name\":\"Urdu grammatika\"}]},{\"@type\":\"WebSite\",\"@id\":\"https:\/\/talkpal.ai\/et\/#website\",\"url\":\"https:\/\/talkpal.ai\/et\/\",\"name\":\"Talkpal\",\"description\":\"AI Language Learning\",\"publisher\":{\"@id\":\"https:\/\/talkpal.ai\/et\/#organization\"},\"alternateName\":\"Talkpal AI\",\"potentialAction\":[{\"@type\":\"SearchAction\",\"target\":{\"@type\":\"EntryPoint\",\"urlTemplate\":\"https:\/\/talkpal.ai\/et\/?s={search_term_string}\"},\"query-input\":{\"@type\":\"PropertyValueSpecification\",\"valueRequired\":true,\"valueName\":\"search_term_string\"}}],\"inLanguage\":\"et\"},{\"@type\":\"Organization\",\"@id\":\"https:\/\/talkpal.ai\/et\/#organization\",\"name\":\"Talkpal, Inc.\",\"alternateName\":\"Talkpal AI\",\"url\":\"https:\/\/talkpal.ai\/et\/\",\"logo\":{\"@type\":\"ImageObject\",\"inLanguage\":\"et\",\"@id\":\"https:\/\/talkpal.ai\/et\/#\/schema\/logo\/image\/\",\"url\":\"https:\/\/talkpal.ai\/wp-content\/uploads\/2024\/03\/Talkpal-Logo-Icon.png\",\"contentUrl\":\"https:\/\/talkpal.ai\/wp-content\/uploads\/2024\/03\/Talkpal-Logo-Icon.png\",\"width\":2880,\"height\":2880,\"caption\":\"Talkpal, Inc.\"},\"image\":{\"@id\":\"https:\/\/talkpal.ai\/et\/#\/schema\/logo\/image\/\"},\"sameAs\":[\"https:\/\/www.facebook.com\/profile.php?id=100090733639311\",\"https:\/\/x.com\/talkpalai\",\"https:\/\/www.linkedin.com\/company\/talkpal\/\",\"https:\/\/www.youtube.com\/@TalkPal\/\",\"https:\/\/www.tiktok.com\/@talkpal\",\"https:\/\/www.instagram.com\/talkpal_ai\/\",\"https:\/\/www.crunchbase.com\/organization\/talkpal-9cde\",\"https:\/\/www.g2.com\/products\/talkpal-for-business\/\",\"https:\/\/www.trustpilot.com\/review\/talkpal.ai\",\"https:\/\/www.capterra.com\/p\/10006800\/TalkPal\/\"],\"description\":\"Talkpal is a language learning web and mobile education app, powered by the latest AI technologies, that provides engaging experiences to its customers in many different languages to help them improve their language skills. Users can chat about unlimited amount of topics with the app and use other modes to practice their language learning.\",\"email\":\"support@talkpal.ai\",\"legalName\":\"Talkpal, Inc.\",\"foundingDate\":\"2023-04-03\",\"duns\":\"118989042\",\"numberOfEmployees\":{\"@type\":\"QuantitativeValue\",\"minValue\":\"11\",\"maxValue\":\"50\"},\"publishingPrinciples\":\"https:\/\/talkpal.ai\/publishing-principles\/\",\"actionableFeedbackPolicy\":\"https:\/\/talkpal.ai\/actionable-feedback-policy\/\",\"correctionsPolicy\":\"https:\/\/talkpal.ai\/corrections-policy\/\",\"ethicsPolicy\":\"https:\/\/talkpal.ai\/ethics-policy\/\",\"diversityPolicy\":\"https:\/\/talkpal.ai\/diversity-policy\/\",\"diversityStaffingReport\":\"https:\/\/talkpal.ai\/diversity-policy\/\"}]}<\/script>\n<!-- \/ Yoast SEO Premium plugin. -->","yoast_head_json":{"title":"Urdu grammatika - Talkpal","description":"Avage urdu keele grammatika ilu. Uurige selle ainulaadseid aspekte, k\u00e4sikirja ja seda, kuidas see on seotud kultuuri ja ajalooga.","robots":{"index":"index","follow":"follow","max-snippet":"max-snippet:-1","max-image-preview":"max-image-preview:large","max-video-preview":"max-video-preview:-1"},"canonical":"https:\/\/talkpal.ai\/et\/urdu-grammatika\/","og_locale":"et_EE","og_type":"article","og_title":"Urdu grammatika","og_description":"Urdu grammatika: indo-aaria keele ilu ja keerukuse uurimine Keelehuvilised ja uudishimulikud \u00f5ppijad, kas olete valmis sukelduma urdu grammatika p\u00f5nevasse","og_url":"https:\/\/talkpal.ai\/et\/urdu-grammatika\/","og_site_name":"Talkpal","article_publisher":"https:\/\/www.facebook.com\/profile.php?id=100090733639311","article_modified_time":"2025-12-11T16:27:03+00:00","og_image":[{"width":512,"height":512,"url":"https:\/\/talkpal.ai\/wp-content\/uploads\/2023\/05\/Urdu-pakistan.png","type":"image\/png"}],"twitter_card":"summary_large_image","twitter_site":"@talkpalai","twitter_misc":{"Est. reading time":"3 minutit"},"schema":{"@context":"https:\/\/schema.org","@graph":[{"@type":"WebPage","@id":"https:\/\/talkpal.ai\/et\/urdu-grammatika\/","url":"https:\/\/talkpal.ai\/et\/urdu-grammatika\/","name":"Urdu grammatika - Talkpal","isPartOf":{"@id":"https:\/\/talkpal.ai\/et\/#website"},"primaryImageOfPage":{"@id":"https:\/\/talkpal.ai\/et\/urdu-grammatika\/#primaryimage"},"image":{"@id":"https:\/\/talkpal.ai\/et\/urdu-grammatika\/#primaryimage"},"thumbnailUrl":"https:\/\/talkpal.ai\/wp-content\/uploads\/2023\/05\/Urdu-pakistan.png","datePublished":"2023-05-14T14:22:39+00:00","dateModified":"2025-12-11T16:27:03+00:00","description":"Avage urdu keele grammatika ilu. Uurige selle ainulaadseid aspekte, k\u00e4sikirja ja seda, kuidas see on seotud kultuuri ja ajalooga.","breadcrumb":{"@id":"https:\/\/talkpal.ai\/et\/urdu-grammatika\/#breadcrumb"},"inLanguage":"et","potentialAction":[{"@type":"ReadAction","target":["https:\/\/talkpal.ai\/et\/urdu-grammatika\/"]}]},{"@type":"ImageObject","inLanguage":"et","@id":"https:\/\/talkpal.ai\/et\/urdu-grammatika\/#primaryimage","url":"https:\/\/talkpal.ai\/wp-content\/uploads\/2023\/05\/Urdu-pakistan.png","contentUrl":"https:\/\/talkpal.ai\/wp-content\/uploads\/2023\/05\/Urdu-pakistan.png","width":512,"height":512},{"@type":"BreadcrumbList","@id":"https:\/\/talkpal.ai\/et\/urdu-grammatika\/#breadcrumb","itemListElement":[{"@type":"ListItem","position":1,"name":"Homepage","item":"https:\/\/talkpal.ai\/et\/"},{"@type":"ListItem","position":2,"name":"Urdu grammatika"}]},{"@type":"WebSite","@id":"https:\/\/talkpal.ai\/et\/#website","url":"https:\/\/talkpal.ai\/et\/","name":"Talkpal","description":"AI Language Learning","publisher":{"@id":"https:\/\/talkpal.ai\/et\/#organization"},"alternateName":"Talkpal AI","potentialAction":[{"@type":"SearchAction","target":{"@type":"EntryPoint","urlTemplate":"https:\/\/talkpal.ai\/et\/?s={search_term_string}"},"query-input":{"@type":"PropertyValueSpecification","valueRequired":true,"valueName":"search_term_string"}}],"inLanguage":"et"},{"@type":"Organization","@id":"https:\/\/talkpal.ai\/et\/#organization","name":"Talkpal, Inc.","alternateName":"Talkpal AI","url":"https:\/\/talkpal.ai\/et\/","logo":{"@type":"ImageObject","inLanguage":"et","@id":"https:\/\/talkpal.ai\/et\/#\/schema\/logo\/image\/","url":"https:\/\/talkpal.ai\/wp-content\/uploads\/2024\/03\/Talkpal-Logo-Icon.png","contentUrl":"https:\/\/talkpal.ai\/wp-content\/uploads\/2024\/03\/Talkpal-Logo-Icon.png","width":2880,"height":2880,"caption":"Talkpal, Inc."},"image":{"@id":"https:\/\/talkpal.ai\/et\/#\/schema\/logo\/image\/"},"sameAs":["https:\/\/www.facebook.com\/profile.php?id=100090733639311","https:\/\/x.com\/talkpalai","https:\/\/www.linkedin.com\/company\/talkpal\/","https:\/\/www.youtube.com\/@TalkPal\/","https:\/\/www.tiktok.com\/@talkpal","https:\/\/www.instagram.com\/talkpal_ai\/","https:\/\/www.crunchbase.com\/organization\/talkpal-9cde","https:\/\/www.g2.com\/products\/talkpal-for-business\/","https:\/\/www.trustpilot.com\/review\/talkpal.ai","https:\/\/www.capterra.com\/p\/10006800\/TalkPal\/"],"description":"Talkpal is a language learning web and mobile education app, powered by the latest AI technologies, that provides engaging experiences to its customers in many different languages to help them improve their language skills. Users can chat about unlimited amount of topics with the app and use other modes to practice their language learning.","email":"support@talkpal.ai","legalName":"Talkpal, Inc.","foundingDate":"2023-04-03","duns":"118989042","numberOfEmployees":{"@type":"QuantitativeValue","minValue":"11","maxValue":"50"},"publishingPrinciples":"https:\/\/talkpal.ai\/publishing-principles\/","actionableFeedbackPolicy":"https:\/\/talkpal.ai\/actionable-feedback-policy\/","correctionsPolicy":"https:\/\/talkpal.ai\/corrections-policy\/","ethicsPolicy":"https:\/\/talkpal.ai\/ethics-policy\/","diversityPolicy":"https:\/\/talkpal.ai\/diversity-policy\/","diversityStaffingReport":"https:\/\/talkpal.ai\/diversity-policy\/"}]}},"_links":{"self":[{"href":"https:\/\/talkpal.ai\/et\/wp-json\/wp\/v2\/pages\/152181","targetHints":{"allow":["GET"]}}],"collection":[{"href":"https:\/\/talkpal.ai\/et\/wp-json\/wp\/v2\/pages"}],"about":[{"href":"https:\/\/talkpal.ai\/et\/wp-json\/wp\/v2\/types\/page"}],"author":[{"embeddable":true,"href":"https:\/\/talkpal.ai\/et\/wp-json\/wp\/v2\/users\/1"}],"replies":[{"embeddable":true,"href":"https:\/\/talkpal.ai\/et\/wp-json\/wp\/v2\/comments?post=152181"}],"version-history":[{"count":0,"href":"https:\/\/talkpal.ai\/et\/wp-json\/wp\/v2\/pages\/152181\/revisions"}],"wp:featuredmedia":[{"embeddable":true,"href":"https:\/\/talkpal.ai\/et\/wp-json\/wp\/v2\/media\/121291"}],"wp:attachment":[{"href":"https:\/\/talkpal.ai\/et\/wp-json\/wp\/v2\/media?parent=152181"}],"curies":[{"name":"wp","href":"https:\/\/api.w.org\/{rel}","templated":true}]}}