{"id":151875,"date":"2023-05-14T14:22:16","date_gmt":"2023-05-14T14:22:16","guid":{"rendered":"http:\/\/talkpal.ai\/tamili-grammatika\/"},"modified":"2025-12-12T11:03:26","modified_gmt":"2025-12-12T11:03:26","slug":"tamili-grammatika","status":"publish","type":"page","link":"https:\/\/talkpal.ai\/et\/tamili-grammatika\/","title":{"rendered":"Tamili grammatika"},"content":{"rendered":"\r\n\r\n\r\n<section class=\"languageChallengeSection\">\r\n    <div class=\"languageInfoWrapper\">\r\n        \r\n        <h1>Tamili grammatika<\/h1>\r\n        <p>Viige oma <a href=\"https:\/\/talkpal.ai\/learn-tamil\/\">tamili<\/a> keele oskus j\u00e4rgmisele tasemele, omandades <a href=\"https:\/\/talkpal.ai\/greek-grammar\/\">grammatika<\/a> p\u00f5hit\u00f5ed ja edasij\u00f5udnud m\u00f5isted. Tutvuge selgete selgituste, praktiliste n\u00e4idete ja interaktiivsete harjutustega, mis on m\u00f5eldud teie enesekindluse suurendamiseks. Alustage lauseehituse, verbi konjugatsiooni ja oluliste reeglite \u00f5ppimist juba t\u00e4na. Alustage oma teekonda, et r\u00e4\u00e4kida ja kirjutada tamili keelt t\u00e4pselt ja lihtsalt!<\/p>\r\n\r\n                            <a class=\"getStartedHidden\" href=\"https:\/\/app.talkpal.ai\/et\/signup?lng=\">Alusta<\/a>\r\n        \r\n    <\/div>\r\n\r\n    <figure>\r\n    <img decoding=\"async\" width=\"768\" height=\"768\" src=\"https:\/\/talkpal.ai\/wp-content\/uploads\/2023\/06\/tamil-768x768.png\" class=\"languageImage no-lazy\" alt=\"Language learning for enhanced creativity\" fetchpriority=\"high\" sizes=\"(max-width: 768px) 150px, 768px\" srcset=\"https:\/\/talkpal.ai\/wp-content\/uploads\/2023\/06\/tamil-768x768.png 768w, https:\/\/talkpal.ai\/wp-content\/uploads\/2023\/06\/tamil-300x300.png 300w\" \/>\r\n    \r\n\r\n    <\/figure>\r\n\r\n            <a class=\"getStartedVisible\" href=\"https:\/\/app.talkpal.ai\/et\/signup?lng=\">Alusta<\/a>\r\n    \r\n<\/section>\r\n<section class=\"promotionalBanner\">\r\n    <p class=\"promotionalText\">K\u00f5ige t\u00f5husam viis keele \u00f5ppimiseks<\/p>\r\n    <a class=\"promotionalLink\" href=\"https:\/\/app.talkpal.ai\/et\/signup?lng=\">Proovige Talkpal tasuta<\/a>\r\n<\/section>\n<div class=\"wp-block-group pageContainerStyle\"><div class=\"wp-block-group__inner-container is-layout-constrained wp-block-group-is-layout-constrained\">\n<h2 class=\"wp-block-heading\" id=\"h-tamil-grammar-understanding-the-richness-of-the-tamil-language\">Tamili grammatika: tamili keele rikkuse m\u00f5istmine<\/h2>\n\n\n\n<p>Kui hakkate \u00f5ppima tamili keelt &#8211; \u00fcht maailma vanimatest elavatest keeltest -, on oluline selle grammatika keerukuse ja rikkuse lahtim\u00f5testamine. Tamili keel, millel on \u00fcle 2,000 aasta pikkune kirjalik traditsioon, on endiselt 70 miljoni k\u00f5neleja peamine keel kogu maailmas. Alustamiseks kirjeldatakse selles artiklis m\u00f5ningaid <a href=\"https:\/\/talkpal.ai\/tamil-grammar\/\">tamili grammatika<\/a> p\u00f5hiaspekte vestlusliku ja mitteametliku l\u00e4henemisviisiga.<\/p>\n\n\n\n<h3 class=\"wp-block-heading\" id=\"h-1-nouns-classifications-and-cases\">1. Nimis\u00f5nad \u2013 klassifikatsioonid ja juhtumid<\/h3>\n\n\n\n<p><a href=\"https:\/\/talkpal.ai\/tamil-grammar\/\">Tamili grammatika<\/a> oluline aspekt on selle nimis\u00f5nad, mis liigitatakse soo (mehelik, naiselik ja neuter), arvu (ainsus ja mitmus) ja juhtumi (nominatiivne, akusatiivne, datiivne, genitiivne, lokatiivne, instrumentaalne, komitatiivne, abessiivne ja k\u00f5nek\u00e4\u00e4nd) alusel. Kuigi see v\u00f5ib tunduda \u00fcle j\u00f5u k\u00e4iv, on see oluline, et m\u00f5ista s\u00f5nade vahelisi seoseid lausetes ja dekodeerida tamili keelele omast loogikat.<\/p>\n\n\n\n<p>N\u00e4iteks tamili keeles on s\u00f5na &#8220;raamat&#8221; &#8220;\u0baa\u0bc1\u0ba4\u0bcd\u0ba4\u0b95\u0bae\u0bcd&#8221; (puththakam). Kui \u00fctleksite &#8220;ma lugesin raamatut&#8221;, kasutaksite akusatiivi, mis t\u00e4hendab, et raamat on tegevuse objekt: &#8220;\u0ba8\u0bbe\u0ba9\u0bcd \u0baa\u0bc1\u0ba4\u0bcd\u0ba4\u0b95\u0ba4\u0bcd\u0ba4\u0bc8 \u0bb5\u0bbe\u0b9a\u0bbf\u0b95\u0bcd\u0b95\u0bbf\u0ba9\u0bcd\u0bb1\u0bc7\u0ba9\u0bcd&#8221; (Naan puththakaththai vaasikkiren).<\/p>\n\n\n\n<h3 class=\"wp-block-heading\" id=\"h-2-adjectives-and-pronouns-consistent-harmony\">2. Omaduss\u00f5nad ja ases\u00f5nad \u2013 j\u00e4rjepidev harmoonia<\/h3>\n\n\n\n<p>Tamilis j\u00e4rgivad omaduss\u00f5nad (\u0baa\u0ba3\u0bcd\u0baa\u0bc1\u0b9f\u0bc8\u0bae\u0bc8) ja ases\u00f5nad (\u0ba4\u0ba9\u0bbf\u0baa\u0bcd\u0baa\u0bca\u0bb0\u0bc1\u0bb3\u0bcd) olulist reeglit: nad peavad soo ja arvu poolest kokku leppima nimis\u00f5nadega, mida nad muudavad. See j\u00e4rjepidevus soodustab keelelist harmooniat ja suurendab v\u00e4ljenduse selgust.<\/p>\n\n\n\n<h3 class=\"wp-block-heading\" id=\"h-3-verbs-conjugation-and-tenses\">3. Tegus\u00f5nad \u2013 konjugatsioon ja ajavormid<\/h3>\n\n\n\n<p>Tamili tegus\u00f5nad m\u00e4ngivad lausete kujundamisel otsustavat rolli. Tegus\u00f5nad l\u00e4bivad konjugatsiooni, mis p\u00f5hineb isikul, arvul, pingel, h\u00e4\u00e4lel ja meeleolul. Tamilil on kolm peamist ajavormi (minevik, olevik ja tulevik) ja kolm meeleolu (soovituslik, imperatiivne ja subjunktiivne). Konjugatsioon v\u00f5ib alguses tunduda hirmutav, kuid selle valdamine aitab teil v\u00e4ljendada paljusid emotsioone, tegevusi ja n\u00fcansse.<\/p>\n\n\n\n<h3 class=\"wp-block-heading\" id=\"h-4-sentence-structure-word-order-and-agreement\">4. Lauseehitus \u2013 s\u00f5nade j\u00e4rjekord ja kokkulepe<\/h3>\n\n\n\n<p>Tamili j\u00e4rgib subjekti-objekti-verbi (SOV) s\u00f5nade j\u00e4rjekorda, muutes selle erinevaks <a href=\"https:\/\/talkpal.ai\/learn-english\/\">inglise<\/a> keelest, mis j\u00e4rgib subjekti-verbi-objekti (SVO) struktuuri. Lisaks r\u00f5hutab tamili grammatika s\u00f5nade kokkulepet, tagades nimis\u00f5nade, omaduss\u00f5nade ja ases\u00f5nade j\u00e4rjepidevuse.<\/p>\n\n\n\n<p>N\u00e4iteks tamili keeles kirjutatakse lause &#8220;Ta s\u00f6\u00f6b \u00f5una&#8221; j\u00e4rgmiselt: &#8220;\u0b85\u0bb5\u0bb3\u0bcd \u0b92\u0bb0\u0bc1 \u0b86\u0baa\u0bcd\u0baa\u0bbf\u0bb3\u0bcd \u0b9a\u0bbe\u0baa\u0bcd\u0baa\u0bbf\u0b9f\u0bc1\u0b95\u0bbf\u0bb1\u0bbe\u0bb3\u0bcd&#8221; (Ava\u1e37 oru \u0101ppi\u1e37 s\u0101ppi\u1e6dugi\u1e5f\u0101\u1e37), kus tegus\u00f5na ja verbi on nii soo kui ka arvu poolest \u00fchesugused.<\/p>\n\n\n\n<h3 class=\"wp-block-heading\" id=\"h-5-embrace-the-journey\">5. V\u00f5tke teekond omaks<\/h3>\n\n\n\n<p>Tamili grammatika <a href=\"https:\/\/talkpal.ai\/et\/oppimine\/\">\u00f5ppimine<\/a> v\u00f5ib olla keeruline, kuid see pakub v\u00e4ravat elava kirjandustraditsiooni ja rikkaliku kultuurip\u00e4randi juurde. Pea meeles, et oluline on astuda \u00fcks samm korraga ja hinnata neid \u00fcksikasju, mis teevad tamili keele nii eriliseks.<\/p>\n\n\n\n<p>Tamili keele grammatika keerukust uurides veenduge, et harjutate regulaarselt, suhtlete emakeelek\u00f5nelejatega ja olete enda suhtes kannatlik. P\u00fchendumisega avate selle iidse keele ilu ja rikkuse. \u0b87\u0ba9\u0bbf\u0baf \u0b95\u0bb1\u0bcd\u0bb1\u0bb2\u0bcd &#8211; Iniy ka\u1e5f\u1e5f\u1e5fal (head \u00f5ppimist)!<\/p>\n<\/div><\/div>\n\r\n<section class=\"learnNavigationSection\">\r\n            \r\n        <a href=\"https:\/\/talkpal.ai\/et\/opi-tamili\/\">\r\n            <div class=\"learnNavigationWrapper\">\r\n                <div class=\"learnNavigationContent\">\r\n                    <img decoding=\"async\" src=\"https:\/\/talkpal.ai\/wp-content\/uploads\/2024\/08\/Tamil.jpg\" alt=\"Indian Simplified Flag\">\r\n                    <div>\r\n                        <h4>Tamil keele \u00f5ppimise kohta<\/h4>\r\n                        <p>Uuri k\u00f5ike tamili grammatika kohta.<\/p>\r\n                    <\/div>\r\n                <\/div>\r\n            <\/div>\r\n        <\/a>\r\n\r\n        \r\n        <a href=\"https:\/\/talkpal.ai\/et\/tamili-grammatika-harjutused\/\">\r\n            <div class=\"learnNavigationWrapper\">\r\n                <div class=\"learnNavigationContent\">\r\n                    <img decoding=\"async\" src=\"https:\/\/talkpal.ai\/wp-content\/uploads\/2024\/08\/Tamil.jpg\" alt=\"Indian Simplified Flag\">\r\n                    <div>\r\n                        <h4>Tamil keele grammatika harjutus<\/h4>\r\n                        <p>Harjutage tamili grammatikat.<\/p>\r\n                    <\/div>\r\n                <\/div>\r\n            <\/div>\r\n        <\/a>\r\n\r\n        \r\n        <a href=\"https:\/\/talkpal.ai\/vocabulary_language\/tamil\/\">\r\n            <div class=\"learnNavigationWrapper\">\r\n                <div class=\"learnNavigationContent\">\r\n                    <img decoding=\"async\" src=\"https:\/\/talkpal.ai\/wp-content\/uploads\/2024\/08\/Tamil.jpg\" alt=\"Indian Simplified Flag\">\r\n                    <div>\r\n                        <h4>Tamili keele s\u00f5navara<\/h4>\r\n                        <p>Laiendage oma tamili keele s\u00f5navara.<\/p>\r\n                    <\/div>\r\n                <\/div>\r\n            <\/div>\r\n        <\/a>\r\n\r\n            <\/section>","protected":false},"excerpt":{"rendered":"<p>Tamili grammatika: tamili keele rikkuse m\u00f5istmine Kui hakkate \u00f5ppima tamili keelt &#8211; \u00fcht maailma vanimatest elavatest keeltest -, on oluline selle grammatika keerukuse ja rikkuse lahtim\u00f5testamine. Tamili keel, millel on \u00fcle 2,000 aasta pikkune kirjalik traditsioon, on endiselt 70 miljoni k\u00f5neleja peamine keel kogu maailmas. Alustamiseks kirjeldatakse selles artiklis m\u00f5ningaid tamili grammatika p\u00f5hiaspekte vestlusliku ja [&hellip;]<\/p>\n","protected":false},"author":1,"featured_media":120399,"parent":0,"menu_order":0,"comment_status":"closed","ping_status":"closed","template":"LearningContentPage.php","meta":{"_acf_changed":false,"footnotes":""},"class_list":["post-151875","page","type-page","status-publish","has-post-thumbnail","hentry"],"acf":[],"yoast_head":"<!-- This site is optimized with the Yoast SEO Premium plugin v27.2 (Yoast SEO v27.2) - https:\/\/yoast.com\/product\/yoast-seo-premium-wordpress\/ -->\n<title>Tamili grammatika - Talkpal<\/title>\n<meta name=\"description\" content=\"Tutvuge tamili keele grammatika p\u00f5hialustega ja parandage oma arusaamist sellest rikkalikust keelest.\" \/>\n<meta name=\"robots\" content=\"index, follow, max-snippet:-1, max-image-preview:large, max-video-preview:-1\" \/>\n<link rel=\"canonical\" href=\"https:\/\/talkpal.ai\/et\/tamili-grammatika\/\" \/>\n<meta property=\"og:locale\" content=\"et_EE\" \/>\n<meta property=\"og:type\" content=\"article\" \/>\n<meta property=\"og:title\" content=\"Tamili grammatika\" \/>\n<meta property=\"og:description\" content=\"Tamili grammatika: tamili keele rikkuse m\u00f5istmine Kui hakkate \u00f5ppima tamili keelt - \u00fcht maailma vanimatest elavatest keeltest -, on oluline selle\" \/>\n<meta property=\"og:url\" content=\"https:\/\/talkpal.ai\/et\/tamili-grammatika\/\" \/>\n<meta property=\"og:site_name\" content=\"Talkpal\" \/>\n<meta property=\"article:publisher\" content=\"https:\/\/www.facebook.com\/profile.php?id=100090733639311\" \/>\n<meta property=\"article:modified_time\" content=\"2025-12-12T11:03:26+00:00\" \/>\n<meta property=\"og:image\" content=\"https:\/\/talkpal.ai\/wp-content\/uploads\/2023\/05\/Tamil-india.png\" \/>\n\t<meta property=\"og:image:width\" content=\"512\" \/>\n\t<meta property=\"og:image:height\" content=\"512\" \/>\n\t<meta property=\"og:image:type\" content=\"image\/png\" \/>\n<meta name=\"twitter:card\" content=\"summary_large_image\" \/>\n<meta name=\"twitter:site\" content=\"@talkpalai\" \/>\n<meta name=\"twitter:label1\" content=\"Est. reading time\" \/>\n\t<meta name=\"twitter:data1\" content=\"2 minutit\" \/>\n<script type=\"application\/ld+json\" class=\"yoast-schema-graph\">{\"@context\":\"https:\/\/schema.org\",\"@graph\":[{\"@type\":\"WebPage\",\"@id\":\"https:\/\/talkpal.ai\/et\/tamili-grammatika\/\",\"url\":\"https:\/\/talkpal.ai\/et\/tamili-grammatika\/\",\"name\":\"Tamili grammatika - Talkpal\",\"isPartOf\":{\"@id\":\"https:\/\/talkpal.ai\/et\/#website\"},\"primaryImageOfPage\":{\"@id\":\"https:\/\/talkpal.ai\/et\/tamili-grammatika\/#primaryimage\"},\"image\":{\"@id\":\"https:\/\/talkpal.ai\/et\/tamili-grammatika\/#primaryimage\"},\"thumbnailUrl\":\"https:\/\/talkpal.ai\/wp-content\/uploads\/2023\/05\/Tamil-india.png\",\"datePublished\":\"2023-05-14T14:22:16+00:00\",\"dateModified\":\"2025-12-12T11:03:26+00:00\",\"description\":\"Tutvuge tamili keele grammatika p\u00f5hialustega ja parandage oma arusaamist sellest rikkalikust keelest.\",\"breadcrumb\":{\"@id\":\"https:\/\/talkpal.ai\/et\/tamili-grammatika\/#breadcrumb\"},\"inLanguage\":\"et\",\"potentialAction\":[{\"@type\":\"ReadAction\",\"target\":[\"https:\/\/talkpal.ai\/et\/tamili-grammatika\/\"]}]},{\"@type\":\"ImageObject\",\"inLanguage\":\"et\",\"@id\":\"https:\/\/talkpal.ai\/et\/tamili-grammatika\/#primaryimage\",\"url\":\"https:\/\/talkpal.ai\/wp-content\/uploads\/2023\/05\/Tamil-india.png\",\"contentUrl\":\"https:\/\/talkpal.ai\/wp-content\/uploads\/2023\/05\/Tamil-india.png\",\"width\":512,\"height\":512},{\"@type\":\"BreadcrumbList\",\"@id\":\"https:\/\/talkpal.ai\/et\/tamili-grammatika\/#breadcrumb\",\"itemListElement\":[{\"@type\":\"ListItem\",\"position\":1,\"name\":\"Homepage\",\"item\":\"https:\/\/talkpal.ai\/et\/\"},{\"@type\":\"ListItem\",\"position\":2,\"name\":\"Tamili grammatika\"}]},{\"@type\":\"WebSite\",\"@id\":\"https:\/\/talkpal.ai\/et\/#website\",\"url\":\"https:\/\/talkpal.ai\/et\/\",\"name\":\"Talkpal\",\"description\":\"AI Language Learning\",\"publisher\":{\"@id\":\"https:\/\/talkpal.ai\/et\/#organization\"},\"alternateName\":\"Talkpal AI\",\"potentialAction\":[{\"@type\":\"SearchAction\",\"target\":{\"@type\":\"EntryPoint\",\"urlTemplate\":\"https:\/\/talkpal.ai\/et\/?s={search_term_string}\"},\"query-input\":{\"@type\":\"PropertyValueSpecification\",\"valueRequired\":true,\"valueName\":\"search_term_string\"}}],\"inLanguage\":\"et\"},{\"@type\":\"Organization\",\"@id\":\"https:\/\/talkpal.ai\/et\/#organization\",\"name\":\"Talkpal, Inc.\",\"alternateName\":\"Talkpal AI\",\"url\":\"https:\/\/talkpal.ai\/et\/\",\"logo\":{\"@type\":\"ImageObject\",\"inLanguage\":\"et\",\"@id\":\"https:\/\/talkpal.ai\/et\/#\/schema\/logo\/image\/\",\"url\":\"https:\/\/talkpal.ai\/wp-content\/uploads\/2024\/03\/Talkpal-Logo-Icon.png\",\"contentUrl\":\"https:\/\/talkpal.ai\/wp-content\/uploads\/2024\/03\/Talkpal-Logo-Icon.png\",\"width\":2880,\"height\":2880,\"caption\":\"Talkpal, Inc.\"},\"image\":{\"@id\":\"https:\/\/talkpal.ai\/et\/#\/schema\/logo\/image\/\"},\"sameAs\":[\"https:\/\/www.facebook.com\/profile.php?id=100090733639311\",\"https:\/\/x.com\/talkpalai\",\"https:\/\/www.linkedin.com\/company\/talkpal\/\",\"https:\/\/www.youtube.com\/@TalkPal\/\",\"https:\/\/www.tiktok.com\/@talkpal\",\"https:\/\/www.instagram.com\/talkpal_ai\/\",\"https:\/\/www.crunchbase.com\/organization\/talkpal-9cde\",\"https:\/\/www.g2.com\/products\/talkpal-for-business\/\",\"https:\/\/www.trustpilot.com\/review\/talkpal.ai\",\"https:\/\/www.capterra.com\/p\/10006800\/TalkPal\/\"],\"description\":\"Talkpal is a language learning web and mobile education app, powered by the latest AI technologies, that provides engaging experiences to its customers in many different languages to help them improve their language skills. Users can chat about unlimited amount of topics with the app and use other modes to practice their language learning.\",\"email\":\"support@talkpal.ai\",\"legalName\":\"Talkpal, Inc.\",\"foundingDate\":\"2023-04-03\",\"duns\":\"118989042\",\"numberOfEmployees\":{\"@type\":\"QuantitativeValue\",\"minValue\":\"11\",\"maxValue\":\"50\"},\"publishingPrinciples\":\"https:\/\/talkpal.ai\/publishing-principles\/\",\"actionableFeedbackPolicy\":\"https:\/\/talkpal.ai\/actionable-feedback-policy\/\",\"correctionsPolicy\":\"https:\/\/talkpal.ai\/corrections-policy\/\",\"ethicsPolicy\":\"https:\/\/talkpal.ai\/ethics-policy\/\",\"diversityPolicy\":\"https:\/\/talkpal.ai\/diversity-policy\/\",\"diversityStaffingReport\":\"https:\/\/talkpal.ai\/diversity-policy\/\"}]}<\/script>\n<!-- \/ Yoast SEO Premium plugin. -->","yoast_head_json":{"title":"Tamili grammatika - Talkpal","description":"Tutvuge tamili keele grammatika p\u00f5hialustega ja parandage oma arusaamist sellest rikkalikust keelest.","robots":{"index":"index","follow":"follow","max-snippet":"max-snippet:-1","max-image-preview":"max-image-preview:large","max-video-preview":"max-video-preview:-1"},"canonical":"https:\/\/talkpal.ai\/et\/tamili-grammatika\/","og_locale":"et_EE","og_type":"article","og_title":"Tamili grammatika","og_description":"Tamili grammatika: tamili keele rikkuse m\u00f5istmine Kui hakkate \u00f5ppima tamili keelt - \u00fcht maailma vanimatest elavatest keeltest -, on oluline selle","og_url":"https:\/\/talkpal.ai\/et\/tamili-grammatika\/","og_site_name":"Talkpal","article_publisher":"https:\/\/www.facebook.com\/profile.php?id=100090733639311","article_modified_time":"2025-12-12T11:03:26+00:00","og_image":[{"width":512,"height":512,"url":"https:\/\/talkpal.ai\/wp-content\/uploads\/2023\/05\/Tamil-india.png","type":"image\/png"}],"twitter_card":"summary_large_image","twitter_site":"@talkpalai","twitter_misc":{"Est. reading time":"2 minutit"},"schema":{"@context":"https:\/\/schema.org","@graph":[{"@type":"WebPage","@id":"https:\/\/talkpal.ai\/et\/tamili-grammatika\/","url":"https:\/\/talkpal.ai\/et\/tamili-grammatika\/","name":"Tamili grammatika - Talkpal","isPartOf":{"@id":"https:\/\/talkpal.ai\/et\/#website"},"primaryImageOfPage":{"@id":"https:\/\/talkpal.ai\/et\/tamili-grammatika\/#primaryimage"},"image":{"@id":"https:\/\/talkpal.ai\/et\/tamili-grammatika\/#primaryimage"},"thumbnailUrl":"https:\/\/talkpal.ai\/wp-content\/uploads\/2023\/05\/Tamil-india.png","datePublished":"2023-05-14T14:22:16+00:00","dateModified":"2025-12-12T11:03:26+00:00","description":"Tutvuge tamili keele grammatika p\u00f5hialustega ja parandage oma arusaamist sellest rikkalikust keelest.","breadcrumb":{"@id":"https:\/\/talkpal.ai\/et\/tamili-grammatika\/#breadcrumb"},"inLanguage":"et","potentialAction":[{"@type":"ReadAction","target":["https:\/\/talkpal.ai\/et\/tamili-grammatika\/"]}]},{"@type":"ImageObject","inLanguage":"et","@id":"https:\/\/talkpal.ai\/et\/tamili-grammatika\/#primaryimage","url":"https:\/\/talkpal.ai\/wp-content\/uploads\/2023\/05\/Tamil-india.png","contentUrl":"https:\/\/talkpal.ai\/wp-content\/uploads\/2023\/05\/Tamil-india.png","width":512,"height":512},{"@type":"BreadcrumbList","@id":"https:\/\/talkpal.ai\/et\/tamili-grammatika\/#breadcrumb","itemListElement":[{"@type":"ListItem","position":1,"name":"Homepage","item":"https:\/\/talkpal.ai\/et\/"},{"@type":"ListItem","position":2,"name":"Tamili grammatika"}]},{"@type":"WebSite","@id":"https:\/\/talkpal.ai\/et\/#website","url":"https:\/\/talkpal.ai\/et\/","name":"Talkpal","description":"AI Language Learning","publisher":{"@id":"https:\/\/talkpal.ai\/et\/#organization"},"alternateName":"Talkpal AI","potentialAction":[{"@type":"SearchAction","target":{"@type":"EntryPoint","urlTemplate":"https:\/\/talkpal.ai\/et\/?s={search_term_string}"},"query-input":{"@type":"PropertyValueSpecification","valueRequired":true,"valueName":"search_term_string"}}],"inLanguage":"et"},{"@type":"Organization","@id":"https:\/\/talkpal.ai\/et\/#organization","name":"Talkpal, Inc.","alternateName":"Talkpal AI","url":"https:\/\/talkpal.ai\/et\/","logo":{"@type":"ImageObject","inLanguage":"et","@id":"https:\/\/talkpal.ai\/et\/#\/schema\/logo\/image\/","url":"https:\/\/talkpal.ai\/wp-content\/uploads\/2024\/03\/Talkpal-Logo-Icon.png","contentUrl":"https:\/\/talkpal.ai\/wp-content\/uploads\/2024\/03\/Talkpal-Logo-Icon.png","width":2880,"height":2880,"caption":"Talkpal, Inc."},"image":{"@id":"https:\/\/talkpal.ai\/et\/#\/schema\/logo\/image\/"},"sameAs":["https:\/\/www.facebook.com\/profile.php?id=100090733639311","https:\/\/x.com\/talkpalai","https:\/\/www.linkedin.com\/company\/talkpal\/","https:\/\/www.youtube.com\/@TalkPal\/","https:\/\/www.tiktok.com\/@talkpal","https:\/\/www.instagram.com\/talkpal_ai\/","https:\/\/www.crunchbase.com\/organization\/talkpal-9cde","https:\/\/www.g2.com\/products\/talkpal-for-business\/","https:\/\/www.trustpilot.com\/review\/talkpal.ai","https:\/\/www.capterra.com\/p\/10006800\/TalkPal\/"],"description":"Talkpal is a language learning web and mobile education app, powered by the latest AI technologies, that provides engaging experiences to its customers in many different languages to help them improve their language skills. Users can chat about unlimited amount of topics with the app and use other modes to practice their language learning.","email":"support@talkpal.ai","legalName":"Talkpal, Inc.","foundingDate":"2023-04-03","duns":"118989042","numberOfEmployees":{"@type":"QuantitativeValue","minValue":"11","maxValue":"50"},"publishingPrinciples":"https:\/\/talkpal.ai\/publishing-principles\/","actionableFeedbackPolicy":"https:\/\/talkpal.ai\/actionable-feedback-policy\/","correctionsPolicy":"https:\/\/talkpal.ai\/corrections-policy\/","ethicsPolicy":"https:\/\/talkpal.ai\/ethics-policy\/","diversityPolicy":"https:\/\/talkpal.ai\/diversity-policy\/","diversityStaffingReport":"https:\/\/talkpal.ai\/diversity-policy\/"}]}},"_links":{"self":[{"href":"https:\/\/talkpal.ai\/et\/wp-json\/wp\/v2\/pages\/151875","targetHints":{"allow":["GET"]}}],"collection":[{"href":"https:\/\/talkpal.ai\/et\/wp-json\/wp\/v2\/pages"}],"about":[{"href":"https:\/\/talkpal.ai\/et\/wp-json\/wp\/v2\/types\/page"}],"author":[{"embeddable":true,"href":"https:\/\/talkpal.ai\/et\/wp-json\/wp\/v2\/users\/1"}],"replies":[{"embeddable":true,"href":"https:\/\/talkpal.ai\/et\/wp-json\/wp\/v2\/comments?post=151875"}],"version-history":[{"count":0,"href":"https:\/\/talkpal.ai\/et\/wp-json\/wp\/v2\/pages\/151875\/revisions"}],"wp:featuredmedia":[{"embeddable":true,"href":"https:\/\/talkpal.ai\/et\/wp-json\/wp\/v2\/media\/120399"}],"wp:attachment":[{"href":"https:\/\/talkpal.ai\/et\/wp-json\/wp\/v2\/media?parent=151875"}],"curies":[{"name":"wp","href":"https:\/\/api.w.org\/{rel}","templated":true}]}}