{"id":150717,"date":"2023-05-14T14:20:10","date_gmt":"2023-05-14T14:20:10","guid":{"rendered":"http:\/\/talkpal.ai\/sloveeni-keele-grammatika\/"},"modified":"2025-12-12T11:07:49","modified_gmt":"2025-12-12T11:07:49","slug":"sloveeni-keele-grammatika","status":"publish","type":"page","link":"https:\/\/talkpal.ai\/et\/sloveeni-keele-grammatika\/","title":{"rendered":"sloveeni keele grammatika"},"content":{"rendered":"\r\n\r\n\r\n<section class=\"languageChallengeSection\">\r\n    <div class=\"languageInfoWrapper\">\r\n        \r\n        <h1>sloveeni keele grammatika<\/h1>\r\n        <p>Avage sloveeni keele eriline v\u00f5lu, omandades selle p\u00f5hilised grammatikareeglid. Sloveeniakeele <a href=\"https:\/\/talkpal.ai\/greek-grammar\/\">grammatika<\/a> hea valdamisega saate suhelda emakeele k\u00f5nelejatega ja hinnata paremini riigi rikkalikku kultuurip\u00e4randit. Alusta <a href=\"https:\/\/talkpal.ai\/slovenian-grammar\/\">sloveeni keele grammatika<\/a> \u00f5ppimist juba t\u00e4na ja astu esimene samm sujuva keeleoskuse suunas!<\/p>\r\n\r\n                            <a class=\"getStartedHidden\" href=\"https:\/\/app.talkpal.ai\/et\/signup?lng=\">Alusta<\/a>\r\n        \r\n    <\/div>\r\n\r\n    <figure>\r\n    <img decoding=\"async\" width=\"768\" height=\"768\" src=\"https:\/\/talkpal.ai\/wp-content\/uploads\/2023\/06\/slovenian-768x768.png\" class=\"languageImage no-lazy\" alt=\"Language learning for broader perspectives\" fetchpriority=\"high\" sizes=\"(max-width: 768px) 150px, 768px\" srcset=\"https:\/\/talkpal.ai\/wp-content\/uploads\/2023\/06\/slovenian-768x768.png 768w, https:\/\/talkpal.ai\/wp-content\/uploads\/2023\/06\/slovenian-300x300.png 300w\" \/>\r\n    \r\n\r\n    <\/figure>\r\n\r\n            <a class=\"getStartedVisible\" href=\"https:\/\/app.talkpal.ai\/et\/signup?lng=\">Alusta<\/a>\r\n    \r\n<\/section>\r\n<section class=\"promotionalBanner\">\r\n    <p class=\"promotionalText\">K\u00f5ige t\u00f5husam viis keele \u00f5ppimiseks<\/p>\r\n    <a class=\"promotionalLink\" href=\"https:\/\/app.talkpal.ai\/et\/signup?lng=\">Proovige Talkpal tasuta<\/a>\r\n<\/section>\n<div class=\"wp-block-group pageContainerStyle\"><div class=\"wp-block-group__inner-container is-layout-constrained wp-block-group-is-layout-constrained\">\n<h1 class=\"wp-block-heading\" id=\"h-slovenian-grammar-a-short-introduction-for-language-lovers\">Sloveeni grammatika: l\u00fchitutvustus keelehuvilistele<\/h1>\n\n\n\n<p>Kas olete valmis sukelduma sloveeni lummavasse maailma, vapustavasse slaavi keelde? Teid ootab maiuspala! See l\u00fchike juhend annab teile \u00fclevaate sloveeni keele grammatikast, mis on selle k\u00fctkestava keele m\u00f5istmiseks ja valdamiseks h\u00e4davajalik. Nii et alustame seda keelelist seiklust ja uurime samm-sammult sloveeni keele grammatika keerukusi.<\/p>\n\n\n\n<p>Sloveeni keelt, mida tuntakse ka sloveeni nime all, r\u00e4\u00e4gib Sloveenias peamiselt umbes 2,5 miljonit inimest. L\u00f5unaslaavi keelena jagab see oma l\u00e4hisugulastega mitmeid funktsioone, nagu <a href=\"https:\/\/talkpal.ai\/learn-serbian\/\">serbia<\/a>, <a href=\"https:\/\/talkpal.ai\/learn-croatian\/\">horvaadi<\/a> ja <a href=\"https:\/\/talkpal.ai\/learn-bulgarian\/\">bulgaaria<\/a> keel. <a href=\"https:\/\/talkpal.ai\/learn-slovenian\/\">Sloveenia<\/a> uhkeldab aga oma ainulaadsete keerdk\u00e4ikude ja elegantsiga.<\/p>\n\n\n\n<p>Ilma pikema jututa tutvume sloveeni keele grammatika p\u00f5hiaspektidega:<\/p>\n\n\n\n<h3 class=\"wp-block-heading\" id=\"h-1-nouns-and-cases\">1. Nimis\u00f5nad ja juhtumid:<\/h3>\n\n\n\n<p>Sloveenia nimis\u00f5nad on kolmest soost \u2013 mehelik, naiselik ja neuter. <a href=\"https:\/\/talkpal.ai\/locations\/language-courses-in-iga\/\">Iga<\/a> nimis\u00f5na saab kasutada \u00fches kuuest Sloveenia juhtumist: nominatiivne, genitiivne, datiivne, akusatiivne, lokatiivne ja instrumentaalne. Need k\u00e4\u00e4nded v\u00e4ljendavad erinevaid grammatilisi funktsioone v\u00f5i s\u00f5nade vahelisi suhteid, seega on v\u00e4ga oluline \u00f5ppida nende \u00f5iget kasutamist kontekstis.<\/p>\n\n\n\n<h3 class=\"wp-block-heading\" id=\"h-2-articles\">2. Artiklid:<\/h3>\n\n\n\n<p>Siin on hea uudis &#8211; sloveeni keeles ei kasutata artikleid nagu &#8220;the&#8221; v\u00f5i &#8220;a&#8221;! Selle asemel antakse t\u00e4hendus edasi juhtumite ja s\u00f5nade j\u00e4rjekorra abil. See v\u00f5ib muuta teie sloveeni keele \u00f5ppimise veidi lihtsamaks, eriti kui te ei ole harjunud keeruliste artikulaars\u00fcsteemidega keelte juurde.<\/p>\n\n\n\n<h3 class=\"wp-block-heading\" id=\"h-3-adjectives\">3. Omaduss\u00f5nad:<\/h3>\n\n\n\n<p>Nii nagu nimis\u00f5nad, n\u00f5ustuvad ka sloveeni keeles omaduss\u00f5nad soo, arvu ja juhtumiga nimis\u00f5naga, mida nad muudavad. See muudab omaduss\u00f5nade kasutamise veidi keerulisemaks kui <a href=\"https:\/\/talkpal.ai\/learn-english\/\">inglise<\/a> keeles, kuid \u00e4rge kartke &#8211; harjutades saate sloveeni omaduss\u00f5nade kasutamise kiiresti selgeks!<\/p>\n\n\n\n<h3 class=\"wp-block-heading\" id=\"h-4-verbs\">4. Tegus\u00f5nad:<\/h3>\n\n\n\n<p>Sloveeniakeeles on kolmeastmeline verbis\u00fcsteem: kolm konjugatsioonigruppi s\u00f5ltuvalt verbit\u00fcvest, mis l\u00f5pevad infinitiivivormiga. Sloveenia verbidel on ka erinevad ajad ja meeleolud, sealhulgas ainulaadne kahekordne vorm, mida kasutatakse kahele subjektile v\u00f5i objektile viidates. Olge valmis veetma aega sloveeni verbi konjugatsioonide \u00f5ppimiseks ja harjutamiseks, et saada enesekindlust oma keeleoskuses.<\/p>\n\n\n\n<h3 class=\"wp-block-heading\" id=\"h-5-word-order\">5. S\u00f5nade j\u00e4rjekord:<\/h3>\n\n\n\n<p>Sloveeni keeles j\u00e4rgitakse \u00fcldiselt subjekti-verbi-objekti (SVO) s\u00f5nade j\u00e4rjekorda, mis peaks olema inglise keele k\u00f5nelejatele tuttav. Kuid keelel on teatav paindlikkus, mis v\u00f5imaldab teil r\u00f5hutada lause konkreetseid osi, vahetades s\u00f5nade j\u00e4rjekorda. Oluline on kasutada juhtumeid \u00f5igesti, et v\u00e4ltida segadust ja anda edasi soovitud t\u00e4hendust.<\/p>\n\n\n\n<h3 class=\"wp-block-heading\" id=\"h-6-pronouns-and-prepositions\">6. Ases\u00f5nad ja eess\u00f5nad:<\/h3>\n\n\n\n<p>Sloveenia ases\u00f5nu, nagu ka teisi keele elemente, m\u00f5jutavad sugu, arv ja juhtum. Neid on erinevates vormides, nagu isiklik, omastav, demonstratiivne ja refleksiivne. Sloveenia eess\u00f5nadega tutvumine aitab teil ka s\u00f5nu ja fraase \u00fchendada, et luua keerukamaid lauseid.<\/p>\n\n\n\n<p>Nii et n\u00fc\u00fcd on teil p\u00f5hilised teadmised sloveeni keele grammatikast! Pidage meeles, et mis tahes keele valdamine n\u00f5uab p\u00fchendumist ja harjutamist. V\u00f5tke vastu v\u00e4ljakutsed ja \u00e4rge kartke oma vigadest \u00f5ppida. Pidage meeles, et uue keele \u00f5ppimine on p\u00f5nev teekond, mis on t\u00e4is meeldej\u00e4\u00e4vaid kogemusi ja rahuldust pakkuvaid avastusi. Sre\u010dno!<\/p>\n<\/div><\/div>\n\r\n<section class=\"learnNavigationSection\">\r\n            \r\n        <a href=\"https:\/\/talkpal.ai\/et\/opi-sloveeni-keel\/\">\r\n            <div class=\"learnNavigationWrapper\">\r\n                <div class=\"learnNavigationContent\">\r\n                    <img decoding=\"async\" src=\"https:\/\/talkpal.ai\/wp-content\/uploads\/2024\/08\/Slovenian.jpg\" alt=\"Slovenian Flag\">\r\n                    <div>\r\n                        <h4>Sloveenia \u00f5ppimise kohta<\/h4>\r\n                        <p>Siit leiate k\u00f5ike sloveeni keele grammatika kohta.<\/p>\r\n                    <\/div>\r\n                <\/div>\r\n            <\/div>\r\n        <\/a>\r\n\r\n        \r\n        <a href=\"https:\/\/talkpal.ai\/et\/sloveenia-keele-grammatika-harjutused\/\">\r\n            <div class=\"learnNavigationWrapper\">\r\n                <div class=\"learnNavigationContent\">\r\n                    <img decoding=\"async\" src=\"https:\/\/talkpal.ai\/wp-content\/uploads\/2024\/08\/Slovenian.jpg\" alt=\"Slovenian Flag\">\r\n                    <div>\r\n                        <h4>Sloveenia keele grammatika harjutus<\/h4>\r\n                        <p>Harjutage sloveeni keele grammatikat.<\/p>\r\n                    <\/div>\r\n                <\/div>\r\n            <\/div>\r\n        <\/a>\r\n\r\n        \r\n        <a href=\"https:\/\/talkpal.ai\/vocabulary_language\/slovenian\/\">\r\n            <div class=\"learnNavigationWrapper\">\r\n                <div class=\"learnNavigationContent\">\r\n                    <img decoding=\"async\" src=\"https:\/\/talkpal.ai\/wp-content\/uploads\/2024\/08\/Slovenian.jpg\" alt=\"Slovenian Flag\">\r\n                    <div>\r\n                        <h4>Sloveenia keele s\u00f5navara<\/h4>\r\n                        <p>Laiendage oma sloveeni keele s\u00f5navara.<\/p>\r\n                    <\/div>\r\n                <\/div>\r\n            <\/div>\r\n        <\/a>\r\n\r\n            <\/section>","protected":false},"excerpt":{"rendered":"<p>Sloveeni grammatika: l\u00fchitutvustus keelehuvilistele Kas olete valmis sukelduma sloveeni lummavasse maailma, vapustavasse slaavi keelde? Teid ootab maiuspala! See l\u00fchike juhend annab teile \u00fclevaate sloveeni keele grammatikast, mis on selle k\u00fctkestava keele m\u00f5istmiseks ja valdamiseks h\u00e4davajalik. Nii et alustame seda keelelist seiklust ja uurime samm-sammult sloveeni keele grammatika keerukusi. Sloveeni keelt, mida tuntakse ka sloveeni nime [&hellip;]<\/p>\n","protected":false},"author":1,"featured_media":119600,"parent":0,"menu_order":0,"comment_status":"closed","ping_status":"closed","template":"LearningContentPage.php","meta":{"_acf_changed":false,"footnotes":""},"class_list":["post-150717","page","type-page","status-publish","has-post-thumbnail","hentry"],"acf":[],"yoast_head":"<!-- This site is optimized with the Yoast SEO Premium plugin v27.2 (Yoast SEO v27.2) - https:\/\/yoast.com\/product\/yoast-seo-premium-wordpress\/ -->\n<title>sloveeni keele grammatika - Talkpal<\/title>\n<meta name=\"description\" content=\"Tutvuge sloveeni keele grammatika keerukustega, et parandada keeleoskust ja arusaamist. Meisterda grammatika kunsti juba t\u00e4na.\" \/>\n<meta name=\"robots\" content=\"index, follow, max-snippet:-1, max-image-preview:large, max-video-preview:-1\" \/>\n<link rel=\"canonical\" href=\"https:\/\/talkpal.ai\/et\/sloveeni-keele-grammatika\/\" \/>\n<meta property=\"og:locale\" content=\"et_EE\" \/>\n<meta property=\"og:type\" content=\"article\" \/>\n<meta property=\"og:title\" content=\"sloveeni keele grammatika\" \/>\n<meta property=\"og:description\" content=\"Sloveeni grammatika: l\u00fchitutvustus keelehuvilistele Kas olete valmis sukelduma sloveeni lummavasse maailma, vapustavasse slaavi keelde? Teid ootab\" \/>\n<meta property=\"og:url\" content=\"https:\/\/talkpal.ai\/et\/sloveeni-keele-grammatika\/\" \/>\n<meta property=\"og:site_name\" content=\"Talkpal\" \/>\n<meta property=\"article:publisher\" content=\"https:\/\/www.facebook.com\/profile.php?id=100090733639311\" \/>\n<meta property=\"article:modified_time\" content=\"2025-12-12T11:07:49+00:00\" \/>\n<meta property=\"og:image\" content=\"https:\/\/talkpal.ai\/wp-content\/uploads\/2023\/05\/slovenia.png\" \/>\n\t<meta property=\"og:image:width\" content=\"512\" \/>\n\t<meta property=\"og:image:height\" content=\"512\" \/>\n\t<meta property=\"og:image:type\" content=\"image\/png\" \/>\n<meta name=\"twitter:card\" content=\"summary_large_image\" \/>\n<meta name=\"twitter:site\" content=\"@talkpalai\" \/>\n<meta name=\"twitter:label1\" content=\"Est. reading time\" \/>\n\t<meta name=\"twitter:data1\" content=\"2 minutit\" \/>\n<script type=\"application\/ld+json\" class=\"yoast-schema-graph\">{\"@context\":\"https:\/\/schema.org\",\"@graph\":[{\"@type\":\"WebPage\",\"@id\":\"https:\/\/talkpal.ai\/et\/sloveeni-keele-grammatika\/\",\"url\":\"https:\/\/talkpal.ai\/et\/sloveeni-keele-grammatika\/\",\"name\":\"sloveeni keele grammatika - Talkpal\",\"isPartOf\":{\"@id\":\"https:\/\/talkpal.ai\/et\/#website\"},\"primaryImageOfPage\":{\"@id\":\"https:\/\/talkpal.ai\/et\/sloveeni-keele-grammatika\/#primaryimage\"},\"image\":{\"@id\":\"https:\/\/talkpal.ai\/et\/sloveeni-keele-grammatika\/#primaryimage\"},\"thumbnailUrl\":\"https:\/\/talkpal.ai\/wp-content\/uploads\/2023\/05\/slovenia.png\",\"datePublished\":\"2023-05-14T14:20:10+00:00\",\"dateModified\":\"2025-12-12T11:07:49+00:00\",\"description\":\"Tutvuge sloveeni keele grammatika keerukustega, et parandada keeleoskust ja arusaamist. Meisterda grammatika kunsti juba t\u00e4na.\",\"breadcrumb\":{\"@id\":\"https:\/\/talkpal.ai\/et\/sloveeni-keele-grammatika\/#breadcrumb\"},\"inLanguage\":\"et\",\"potentialAction\":[{\"@type\":\"ReadAction\",\"target\":[\"https:\/\/talkpal.ai\/et\/sloveeni-keele-grammatika\/\"]}]},{\"@type\":\"ImageObject\",\"inLanguage\":\"et\",\"@id\":\"https:\/\/talkpal.ai\/et\/sloveeni-keele-grammatika\/#primaryimage\",\"url\":\"https:\/\/talkpal.ai\/wp-content\/uploads\/2023\/05\/slovenia.png\",\"contentUrl\":\"https:\/\/talkpal.ai\/wp-content\/uploads\/2023\/05\/slovenia.png\",\"width\":512,\"height\":512},{\"@type\":\"BreadcrumbList\",\"@id\":\"https:\/\/talkpal.ai\/et\/sloveeni-keele-grammatika\/#breadcrumb\",\"itemListElement\":[{\"@type\":\"ListItem\",\"position\":1,\"name\":\"Homepage\",\"item\":\"https:\/\/talkpal.ai\/et\/\"},{\"@type\":\"ListItem\",\"position\":2,\"name\":\"sloveeni keele grammatika\"}]},{\"@type\":\"WebSite\",\"@id\":\"https:\/\/talkpal.ai\/et\/#website\",\"url\":\"https:\/\/talkpal.ai\/et\/\",\"name\":\"Talkpal\",\"description\":\"AI Language Learning\",\"publisher\":{\"@id\":\"https:\/\/talkpal.ai\/et\/#organization\"},\"alternateName\":\"Talkpal AI\",\"potentialAction\":[{\"@type\":\"SearchAction\",\"target\":{\"@type\":\"EntryPoint\",\"urlTemplate\":\"https:\/\/talkpal.ai\/et\/?s={search_term_string}\"},\"query-input\":{\"@type\":\"PropertyValueSpecification\",\"valueRequired\":true,\"valueName\":\"search_term_string\"}}],\"inLanguage\":\"et\"},{\"@type\":\"Organization\",\"@id\":\"https:\/\/talkpal.ai\/et\/#organization\",\"name\":\"Talkpal, Inc.\",\"alternateName\":\"Talkpal AI\",\"url\":\"https:\/\/talkpal.ai\/et\/\",\"logo\":{\"@type\":\"ImageObject\",\"inLanguage\":\"et\",\"@id\":\"https:\/\/talkpal.ai\/et\/#\/schema\/logo\/image\/\",\"url\":\"https:\/\/talkpal.ai\/wp-content\/uploads\/2024\/03\/Talkpal-Logo-Icon.png\",\"contentUrl\":\"https:\/\/talkpal.ai\/wp-content\/uploads\/2024\/03\/Talkpal-Logo-Icon.png\",\"width\":2880,\"height\":2880,\"caption\":\"Talkpal, Inc.\"},\"image\":{\"@id\":\"https:\/\/talkpal.ai\/et\/#\/schema\/logo\/image\/\"},\"sameAs\":[\"https:\/\/www.facebook.com\/profile.php?id=100090733639311\",\"https:\/\/x.com\/talkpalai\",\"https:\/\/www.linkedin.com\/company\/talkpal\/\",\"https:\/\/www.youtube.com\/@TalkPal\/\",\"https:\/\/www.tiktok.com\/@talkpal\",\"https:\/\/www.instagram.com\/talkpal_ai\/\",\"https:\/\/www.crunchbase.com\/organization\/talkpal-9cde\",\"https:\/\/www.g2.com\/products\/talkpal-for-business\/\",\"https:\/\/www.trustpilot.com\/review\/talkpal.ai\",\"https:\/\/www.capterra.com\/p\/10006800\/TalkPal\/\"],\"description\":\"Talkpal is a language learning web and mobile education app, powered by the latest AI technologies, that provides engaging experiences to its customers in many different languages to help them improve their language skills. Users can chat about unlimited amount of topics with the app and use other modes to practice their language learning.\",\"email\":\"support@talkpal.ai\",\"legalName\":\"Talkpal, Inc.\",\"foundingDate\":\"2023-04-03\",\"duns\":\"118989042\",\"numberOfEmployees\":{\"@type\":\"QuantitativeValue\",\"minValue\":\"11\",\"maxValue\":\"50\"},\"publishingPrinciples\":\"https:\/\/talkpal.ai\/publishing-principles\/\",\"actionableFeedbackPolicy\":\"https:\/\/talkpal.ai\/actionable-feedback-policy\/\",\"correctionsPolicy\":\"https:\/\/talkpal.ai\/corrections-policy\/\",\"ethicsPolicy\":\"https:\/\/talkpal.ai\/ethics-policy\/\",\"diversityPolicy\":\"https:\/\/talkpal.ai\/diversity-policy\/\",\"diversityStaffingReport\":\"https:\/\/talkpal.ai\/diversity-policy\/\"}]}<\/script>\n<!-- \/ Yoast SEO Premium plugin. -->","yoast_head_json":{"title":"sloveeni keele grammatika - Talkpal","description":"Tutvuge sloveeni keele grammatika keerukustega, et parandada keeleoskust ja arusaamist. Meisterda grammatika kunsti juba t\u00e4na.","robots":{"index":"index","follow":"follow","max-snippet":"max-snippet:-1","max-image-preview":"max-image-preview:large","max-video-preview":"max-video-preview:-1"},"canonical":"https:\/\/talkpal.ai\/et\/sloveeni-keele-grammatika\/","og_locale":"et_EE","og_type":"article","og_title":"sloveeni keele grammatika","og_description":"Sloveeni grammatika: l\u00fchitutvustus keelehuvilistele Kas olete valmis sukelduma sloveeni lummavasse maailma, vapustavasse slaavi keelde? Teid ootab","og_url":"https:\/\/talkpal.ai\/et\/sloveeni-keele-grammatika\/","og_site_name":"Talkpal","article_publisher":"https:\/\/www.facebook.com\/profile.php?id=100090733639311","article_modified_time":"2025-12-12T11:07:49+00:00","og_image":[{"width":512,"height":512,"url":"https:\/\/talkpal.ai\/wp-content\/uploads\/2023\/05\/slovenia.png","type":"image\/png"}],"twitter_card":"summary_large_image","twitter_site":"@talkpalai","twitter_misc":{"Est. reading time":"2 minutit"},"schema":{"@context":"https:\/\/schema.org","@graph":[{"@type":"WebPage","@id":"https:\/\/talkpal.ai\/et\/sloveeni-keele-grammatika\/","url":"https:\/\/talkpal.ai\/et\/sloveeni-keele-grammatika\/","name":"sloveeni keele grammatika - Talkpal","isPartOf":{"@id":"https:\/\/talkpal.ai\/et\/#website"},"primaryImageOfPage":{"@id":"https:\/\/talkpal.ai\/et\/sloveeni-keele-grammatika\/#primaryimage"},"image":{"@id":"https:\/\/talkpal.ai\/et\/sloveeni-keele-grammatika\/#primaryimage"},"thumbnailUrl":"https:\/\/talkpal.ai\/wp-content\/uploads\/2023\/05\/slovenia.png","datePublished":"2023-05-14T14:20:10+00:00","dateModified":"2025-12-12T11:07:49+00:00","description":"Tutvuge sloveeni keele grammatika keerukustega, et parandada keeleoskust ja arusaamist. Meisterda grammatika kunsti juba t\u00e4na.","breadcrumb":{"@id":"https:\/\/talkpal.ai\/et\/sloveeni-keele-grammatika\/#breadcrumb"},"inLanguage":"et","potentialAction":[{"@type":"ReadAction","target":["https:\/\/talkpal.ai\/et\/sloveeni-keele-grammatika\/"]}]},{"@type":"ImageObject","inLanguage":"et","@id":"https:\/\/talkpal.ai\/et\/sloveeni-keele-grammatika\/#primaryimage","url":"https:\/\/talkpal.ai\/wp-content\/uploads\/2023\/05\/slovenia.png","contentUrl":"https:\/\/talkpal.ai\/wp-content\/uploads\/2023\/05\/slovenia.png","width":512,"height":512},{"@type":"BreadcrumbList","@id":"https:\/\/talkpal.ai\/et\/sloveeni-keele-grammatika\/#breadcrumb","itemListElement":[{"@type":"ListItem","position":1,"name":"Homepage","item":"https:\/\/talkpal.ai\/et\/"},{"@type":"ListItem","position":2,"name":"sloveeni keele grammatika"}]},{"@type":"WebSite","@id":"https:\/\/talkpal.ai\/et\/#website","url":"https:\/\/talkpal.ai\/et\/","name":"Talkpal","description":"AI Language Learning","publisher":{"@id":"https:\/\/talkpal.ai\/et\/#organization"},"alternateName":"Talkpal AI","potentialAction":[{"@type":"SearchAction","target":{"@type":"EntryPoint","urlTemplate":"https:\/\/talkpal.ai\/et\/?s={search_term_string}"},"query-input":{"@type":"PropertyValueSpecification","valueRequired":true,"valueName":"search_term_string"}}],"inLanguage":"et"},{"@type":"Organization","@id":"https:\/\/talkpal.ai\/et\/#organization","name":"Talkpal, Inc.","alternateName":"Talkpal AI","url":"https:\/\/talkpal.ai\/et\/","logo":{"@type":"ImageObject","inLanguage":"et","@id":"https:\/\/talkpal.ai\/et\/#\/schema\/logo\/image\/","url":"https:\/\/talkpal.ai\/wp-content\/uploads\/2024\/03\/Talkpal-Logo-Icon.png","contentUrl":"https:\/\/talkpal.ai\/wp-content\/uploads\/2024\/03\/Talkpal-Logo-Icon.png","width":2880,"height":2880,"caption":"Talkpal, Inc."},"image":{"@id":"https:\/\/talkpal.ai\/et\/#\/schema\/logo\/image\/"},"sameAs":["https:\/\/www.facebook.com\/profile.php?id=100090733639311","https:\/\/x.com\/talkpalai","https:\/\/www.linkedin.com\/company\/talkpal\/","https:\/\/www.youtube.com\/@TalkPal\/","https:\/\/www.tiktok.com\/@talkpal","https:\/\/www.instagram.com\/talkpal_ai\/","https:\/\/www.crunchbase.com\/organization\/talkpal-9cde","https:\/\/www.g2.com\/products\/talkpal-for-business\/","https:\/\/www.trustpilot.com\/review\/talkpal.ai","https:\/\/www.capterra.com\/p\/10006800\/TalkPal\/"],"description":"Talkpal is a language learning web and mobile education app, powered by the latest AI technologies, that provides engaging experiences to its customers in many different languages to help them improve their language skills. Users can chat about unlimited amount of topics with the app and use other modes to practice their language learning.","email":"support@talkpal.ai","legalName":"Talkpal, Inc.","foundingDate":"2023-04-03","duns":"118989042","numberOfEmployees":{"@type":"QuantitativeValue","minValue":"11","maxValue":"50"},"publishingPrinciples":"https:\/\/talkpal.ai\/publishing-principles\/","actionableFeedbackPolicy":"https:\/\/talkpal.ai\/actionable-feedback-policy\/","correctionsPolicy":"https:\/\/talkpal.ai\/corrections-policy\/","ethicsPolicy":"https:\/\/talkpal.ai\/ethics-policy\/","diversityPolicy":"https:\/\/talkpal.ai\/diversity-policy\/","diversityStaffingReport":"https:\/\/talkpal.ai\/diversity-policy\/"}]}},"_links":{"self":[{"href":"https:\/\/talkpal.ai\/et\/wp-json\/wp\/v2\/pages\/150717","targetHints":{"allow":["GET"]}}],"collection":[{"href":"https:\/\/talkpal.ai\/et\/wp-json\/wp\/v2\/pages"}],"about":[{"href":"https:\/\/talkpal.ai\/et\/wp-json\/wp\/v2\/types\/page"}],"author":[{"embeddable":true,"href":"https:\/\/talkpal.ai\/et\/wp-json\/wp\/v2\/users\/1"}],"replies":[{"embeddable":true,"href":"https:\/\/talkpal.ai\/et\/wp-json\/wp\/v2\/comments?post=150717"}],"version-history":[{"count":0,"href":"https:\/\/talkpal.ai\/et\/wp-json\/wp\/v2\/pages\/150717\/revisions"}],"wp:featuredmedia":[{"embeddable":true,"href":"https:\/\/talkpal.ai\/et\/wp-json\/wp\/v2\/media\/119600"}],"wp:attachment":[{"href":"https:\/\/talkpal.ai\/et\/wp-json\/wp\/v2\/media?parent=150717"}],"curies":[{"name":"wp","href":"https:\/\/api.w.org\/{rel}","templated":true}]}}