{"id":150200,"date":"2023-05-14T14:19:49","date_gmt":"2023-05-14T14:19:49","guid":{"rendered":"http:\/\/talkpal.ai\/slovaki-keele-grammatika\/"},"modified":"2025-12-12T11:12:46","modified_gmt":"2025-12-12T11:12:46","slug":"slovaki-keele-grammatika","status":"publish","type":"page","link":"https:\/\/talkpal.ai\/et\/slovaki-keele-grammatika\/","title":{"rendered":"Slovaki keele grammatika"},"content":{"rendered":"\r\n\r\n\r\n<section class=\"languageChallengeSection\">\r\n    <div class=\"languageInfoWrapper\">\r\n        \r\n        <h1>Slovaki keele grammatika<\/h1>\r\n        <p>Avage slovaki keele ilu, \u00f5ppides selle p\u00f5hilisi grammatikareegleid. <a href=\"https:\/\/talkpal.ai\/slovak-grammar\/\">Slovaki keele grammatika<\/a> m\u00f5istmine aitab teil suhelda enesekindlalt ja luua s\u00fcgavamaid sidemeid Slovakkia rikkalike traditsioonidega. Alusta oma teekonda juba t\u00e4na ja astu esimene samm slovaki keele omandamise suunas!\n\n<\/p>\r\n\r\n                            <a class=\"getStartedHidden\" href=\"https:\/\/app.talkpal.ai\/et\/signup?lng=\">Alusta<\/a>\r\n        \r\n    <\/div>\r\n\r\n    <figure>\r\n    <img decoding=\"async\" width=\"768\" height=\"768\" src=\"https:\/\/talkpal.ai\/wp-content\/uploads\/2023\/06\/slovak-768x768.png\" class=\"languageImage no-lazy\" alt=\"Language learning for cross-cultural competence\" fetchpriority=\"high\" sizes=\"(max-width: 768px) 150px, 768px\" srcset=\"https:\/\/talkpal.ai\/wp-content\/uploads\/2023\/06\/slovak-768x768.png 768w, https:\/\/talkpal.ai\/wp-content\/uploads\/2023\/06\/slovak-300x300.png 300w\" \/>\r\n    \r\n\r\n    <\/figure>\r\n\r\n            <a class=\"getStartedVisible\" href=\"https:\/\/app.talkpal.ai\/et\/signup?lng=\">Alusta<\/a>\r\n    \r\n<\/section>\r\n<section class=\"promotionalBanner\">\r\n    <p class=\"promotionalText\">K\u00f5ige t\u00f5husam viis keele \u00f5ppimiseks<\/p>\r\n    <a class=\"promotionalLink\" href=\"https:\/\/app.talkpal.ai\/et\/signup?lng=\">Proovige Talkpal tasuta<\/a>\r\n<\/section>\n<div class=\"wp-block-group pageContainerStyle\"><div class=\"wp-block-group__inner-container is-layout-constrained wp-block-group-is-layout-constrained\">\n<h2 class=\"wp-block-heading\" id=\"h-slovak-grammar-the-key-to-unlocking-a-beautiful-language\">Slovaki keele grammatika: ilusa keele avamise v\u00f5ti<\/h2>\n\n\n\n<p>Kas plaanite \u00f5ppida slovaki keelt v\u00f5i olete lihtsalt uudishimulik selle ainulaadse <a href=\"https:\/\/talkpal.ai\/greek-grammar\/\">grammatika<\/a> vastu? Sa oled \u00f5iges kohas! Slovakkia keele grammatika v\u00f5ib esmapilgul tunduda hirmutav, kuid \u00e4rge muretsege &#8211; see on tegelikult \u00fcsna loogiline ja hallatav. Selles artiklis uurime <a href=\"https:\/\/talkpal.ai\/slovak-grammar\/\">slovaki keele grammatika<\/a> \u00fcksikasju, et aidata teil selle ilu paremini m\u00f5ista ja hinnata.<\/p>\n\n\n\n<p>Alustame k\u00f5igepealt v\u00e4ikese taustaga. <a href=\"https:\/\/talkpal.ai\/et\/opi-slovaki-keel\/\">Slovaki keel<\/a> on l\u00e4\u00e4neslaavi keel, mida k\u00f5neldakse peamiselt Slovakkias, kuid k\u00f5nelejaid v\u00f5ib leida ka \u00fcmbritsevatest riikidest. Slaavi keelena on sellel palju sarnasusi piirkonna teiste keeltega, nagu <a href=\"https:\/\/talkpal.ai\/learn-czech\/\">t\u0161ehhi<\/a> ja <a href=\"https:\/\/talkpal.ai\/et\/opi-poola-keel\/\">poola keel<\/a>. Kuid sellel on oma erinevad grammatikareeglid ja kasutusmustrid, mis seda eristavad.<\/p>\n\n\n\n<p>Sukeldume n\u00fc\u00fcd m\u00f5nedesse slovaki keele grammatika k\u00f5ige olulisematesse aspektidesse.<\/p>\n\n\n\n<h3 class=\"wp-block-heading\" id=\"h-1-nouns-and-their-cases\">1. Nimis\u00f5nad ja nende juhtumid<\/h3>\n\n\n\n<p>Slovaki keele grammatika \u00fcks silmatorkavamaid tunnuseid on selle keeruline juhtumis\u00fcsteem. Kui olete tuttav saksa v\u00f5i <a href=\"https:\/\/talkpal.ai\/learn-russian\/\">vene<\/a> keelega, siis teate, millest me r\u00e4\u00e4gime: Slovaki keele nimis\u00f5nad muudavad oma vormi s\u00f5ltuvalt nende funktsioonist lauses. Seitsme koha (nominatiiv, genitiiv, datiiv, akusatiiv, lokatiiv, instrumentaal ja vokaal) puhul v\u00f5ib see esialgu tunduda \u00fcle j\u00f5u k\u00e4ivana, kuid \u00e4rge andke alla! Kui oled selle selgeks saanud, on see uskumatult loogiline ja isegi l\u00f5bus.<\/p>\n\n\n\n<p>V\u00f5tame n\u00e4iteks nimis\u00f5na &#8220;chlapec&#8221; (poiss). See v\u00f5ib muutuda &#8220;chlapca&#8221;, &#8220;chlapcovi&#8221;, &#8220;chlapcom&#8221; ja nii edasi, s\u00f5ltuvalt sellest, kas tegemist on subjekti, objekti v\u00f5i vastuv\u00f5tjaga. L\u00f5pps\u00f5nad s\u00f5ltuvad ka nimis\u00f5na soost (maskuliinne, feminiinne v\u00f5i neutraalne), mis annab keelele veelgi rohkem mitmekesisust.<\/p>\n\n\n\n<h3 class=\"wp-block-heading\" id=\"h-2-verb-conjugation-and-tenses\">2. Verbi konjugatsioon ja ajad<\/h3>\n\n\n\n<p>Slovaki verbid muudavad oma l\u00f5ppu subjekti isiku ja numbri (ainsuse v\u00f5i mitmuse) alusel. N\u00e4iteks verbist &#8220;vidie\u0165&#8221; (n\u00e4ha) v\u00f5ib saada &#8220;vid\u00edm&#8221; (ma n\u00e4en), &#8220;vid\u00ed\u0161&#8221; (sa n\u00e4ed), &#8220;vidia&#8221; (nad n\u00e4evad) ja muud.<\/p>\n\n\n\n<p>Slovaki keeles on kolm peamist ajastust: minevik, olevik ja tulevik. Huvitav on see, et erinevalt <a href=\"https:\/\/talkpal.ai\/learn-english\/\">inglise<\/a> keelest ei kasuta <a href=\"https:\/\/talkpal.ai\/et\/opi-slovaki-keel\/\">slovaki keel<\/a> nende aegade moodustamiseks tavaliselt abis\u00f5nu. Selle asemel moodustatakse need verbil\u00f5ppude muutmisega. N\u00e4iteks &#8220;ma n\u00e4en&#8221; on &#8220;vid\u00edm&#8221;, &#8220;ma n\u00e4gin&#8221; on &#8220;videl som&#8221; ja &#8220;ma n\u00e4en&#8221; on &#8220;uvid\u00edm&#8221;.<\/p>\n\n\n\n<h3 class=\"wp-block-heading\" id=\"h-3-sentence-structure-and-word-order\">3. Lauseehitus ja s\u00f5nade j\u00e4rjekord<\/h3>\n\n\n\n<p>Slovaki keeles on suhteliselt paindlik s\u00f5nade j\u00e4rjekord t\u00e4nu nimis\u00f5na juhtumile ja verbi konjugatsioonis\u00fcsteemile. See t\u00e4hendab, et erinevalt inglise keelest v\u00f5ib s\u00f5nu paigutada lauses erinevatesse kohtadesse, muutmata selle t\u00e4hendust &#8211; n\u00e4iteks &#8220;chlapec vid\u00ed psa&#8221; (poiss n\u00e4eb koera) v\u00f5ib olla ka &#8220;psa vid\u00ed chlapec&#8221; ja selle t\u00e4hendus j\u00e4\u00e4b samaks.<\/p>\n\n\n\n<p>See t\u00e4hendab, et k\u00f5ige tavalisem s\u00f5nade j\u00e4rjekord slovaki keeles on subjekt-verb-objekt v\u00f5i SVO. See on sarnane inglise keelega ja see on suurep\u00e4rane l\u00e4htepunkt \u00f5ppijatele. Kui muutute keelega mugavamaks, saate katsetada erinevaid s\u00f5naj\u00e4rjestusi, et lisada oma lausetele r\u00f5hku v\u00f5i n\u00fcansse.<\/p>\n\n\n\n<h3 class=\"wp-block-heading\" id=\"h-4-adjectives-and-adverbs\">4. Omaduss\u00f5nad ja m\u00e4\u00e4rs\u00f5nad<\/h3>\n\n\n\n<p>Nii nagu paljudes teistes keeltes, kasutatakse nimis\u00f5nade ja tegus\u00f5nade kirjeldamiseks slovaki keeles omaduss\u00f5nu ja m\u00e4\u00e4rs\u00f5nu. Kuid neil on ka oma juhtumikokkulepe ja soolise v\u00f5rd\u00f5iguslikkuse kokkuleppe reeglid, mis v\u00f5ivad asja veidi keerulisemaks muuta. \u00d5nneks, kui olete nimis\u00f5na juhtumid ja verbi konjugatsioonid omandanud, tulevad need reeglid loomulikumalt.<\/p>\n\n\n\n<p>Niisiis, kas olete valmis tegelema slovaki keele grammatikaga? \u00d5ige m\u00f5tteviisi ja ressurssidega on slovaki keele \u00f5ppimine rahuldust pakkuv kogemus, mis v\u00f5ib avada uksed rikkale kultuurile ja kaunile riigile. Astuge samm-sammult, harjutage regulaarselt ja \u00e4rge kartke teha vigu &#8211; nii me k\u00f5ik \u00f5pime ju. Ve\u013ea \u0161\u0165astia! (\u00d5nn kaasa!)<\/p>\n<\/div><\/div>\n\r\n<section class=\"learnNavigationSection\">\r\n            \r\n        <a href=\"https:\/\/talkpal.ai\/et\/opi-slovaki-keel\/\">\r\n            <div class=\"learnNavigationWrapper\">\r\n                <div class=\"learnNavigationContent\">\r\n                    <img decoding=\"async\" src=\"https:\/\/talkpal.ai\/wp-content\/uploads\/2024\/08\/Slovak.jpg\" alt=\"Slovak Flag\">\r\n                    <div>\r\n                        <h4>Slovakkia \u00f5ppimise kohta<\/h4>\r\n                        <p>Siit leiate k\u00f5ike slovaki keele grammatika kohta.<\/p>\r\n                    <\/div>\r\n                <\/div>\r\n            <\/div>\r\n        <\/a>\r\n\r\n        \r\n        <a href=\"https:\/\/talkpal.ai\/et\/slovaki-keele-grammatikaharjutused\/\">\r\n            <div class=\"learnNavigationWrapper\">\r\n                <div class=\"learnNavigationContent\">\r\n                    <img decoding=\"async\" src=\"https:\/\/talkpal.ai\/wp-content\/uploads\/2024\/08\/Slovak.jpg\" alt=\"Slovak Flag\">\r\n                    <div>\r\n                        <h4>Slovaki keele grammatika harjutus<\/h4>\r\n                        <p>Harjutage slovaki keele grammatikat.<\/p>\r\n                    <\/div>\r\n                <\/div>\r\n            <\/div>\r\n        <\/a>\r\n\r\n        \r\n        <a href=\"https:\/\/talkpal.ai\/vocabulary_language\/slovak\/\">\r\n            <div class=\"learnNavigationWrapper\">\r\n                <div class=\"learnNavigationContent\">\r\n                    <img decoding=\"async\" src=\"https:\/\/talkpal.ai\/wp-content\/uploads\/2024\/08\/Slovak.jpg\" alt=\"Slovak Flag\">\r\n                    <div>\r\n                        <h4>Slovaki keele s\u00f5navara<\/h4>\r\n                        <p>Laiendage oma slovaki keele s\u00f5navara.<\/p>\r\n                    <\/div>\r\n                <\/div>\r\n            <\/div>\r\n        <\/a>\r\n\r\n            <\/section>","protected":false},"excerpt":{"rendered":"<p>Slovaki keele grammatika: ilusa keele avamise v\u00f5ti Kas plaanite \u00f5ppida slovaki keelt v\u00f5i olete lihtsalt uudishimulik selle ainulaadse grammatika vastu? Sa oled \u00f5iges kohas! Slovakkia keele grammatika v\u00f5ib esmapilgul tunduda hirmutav, kuid \u00e4rge muretsege &#8211; see on tegelikult \u00fcsna loogiline ja hallatav. Selles artiklis uurime slovaki keele grammatika \u00fcksikasju, et aidata teil selle ilu paremini [&hellip;]<\/p>\n","protected":false},"author":1,"featured_media":118542,"parent":0,"menu_order":0,"comment_status":"closed","ping_status":"closed","template":"LearningContentPage.php","meta":{"_acf_changed":false,"footnotes":""},"class_list":["post-150200","page","type-page","status-publish","has-post-thumbnail","hentry"],"acf":[],"yoast_head":"<!-- This site is optimized with the Yoast SEO Premium plugin v27.2 (Yoast SEO v27.2) - https:\/\/yoast.com\/product\/yoast-seo-premium-wordpress\/ -->\n<title>Slovaki keele grammatika - Talkpal<\/title>\n<meta name=\"description\" content=\"\u00d5ppige slovaki keele grammatikat selgete selgituste, praktiliste n\u00e4idete ja interaktiivsete harjutuste abil. Parandage oma oskusi!\" \/>\n<meta name=\"robots\" content=\"index, follow, max-snippet:-1, max-image-preview:large, max-video-preview:-1\" \/>\n<link rel=\"canonical\" href=\"https:\/\/talkpal.ai\/et\/slovaki-keele-grammatika\/\" \/>\n<meta property=\"og:locale\" content=\"et_EE\" \/>\n<meta property=\"og:type\" content=\"article\" \/>\n<meta property=\"og:title\" content=\"Slovaki keele grammatika\" \/>\n<meta property=\"og:description\" content=\"Slovaki keele grammatika: ilusa keele avamise v\u00f5ti Kas plaanite \u00f5ppida slovaki keelt v\u00f5i olete lihtsalt uudishimulik selle ainulaadse grammatika vastu? Sa\" \/>\n<meta property=\"og:url\" content=\"https:\/\/talkpal.ai\/et\/slovaki-keele-grammatika\/\" \/>\n<meta property=\"og:site_name\" content=\"Talkpal\" \/>\n<meta property=\"article:publisher\" content=\"https:\/\/www.facebook.com\/profile.php?id=100090733639311\" \/>\n<meta property=\"article:modified_time\" content=\"2025-12-12T11:12:46+00:00\" \/>\n<meta property=\"og:image\" content=\"https:\/\/talkpal.ai\/wp-content\/uploads\/2023\/05\/slovakia.png\" \/>\n\t<meta property=\"og:image:width\" content=\"512\" \/>\n\t<meta property=\"og:image:height\" content=\"512\" \/>\n\t<meta property=\"og:image:type\" content=\"image\/png\" \/>\n<meta name=\"twitter:card\" content=\"summary_large_image\" \/>\n<meta name=\"twitter:site\" content=\"@talkpalai\" \/>\n<meta name=\"twitter:label1\" content=\"Est. reading time\" \/>\n\t<meta name=\"twitter:data1\" content=\"3 minutit\" \/>\n<script type=\"application\/ld+json\" class=\"yoast-schema-graph\">{\"@context\":\"https:\/\/schema.org\",\"@graph\":[{\"@type\":\"WebPage\",\"@id\":\"https:\/\/talkpal.ai\/et\/slovaki-keele-grammatika\/\",\"url\":\"https:\/\/talkpal.ai\/et\/slovaki-keele-grammatika\/\",\"name\":\"Slovaki keele grammatika - Talkpal\",\"isPartOf\":{\"@id\":\"https:\/\/talkpal.ai\/et\/#website\"},\"primaryImageOfPage\":{\"@id\":\"https:\/\/talkpal.ai\/et\/slovaki-keele-grammatika\/#primaryimage\"},\"image\":{\"@id\":\"https:\/\/talkpal.ai\/et\/slovaki-keele-grammatika\/#primaryimage\"},\"thumbnailUrl\":\"https:\/\/talkpal.ai\/wp-content\/uploads\/2023\/05\/slovakia.png\",\"datePublished\":\"2023-05-14T14:19:49+00:00\",\"dateModified\":\"2025-12-12T11:12:46+00:00\",\"description\":\"\u00d5ppige slovaki keele grammatikat selgete selgituste, praktiliste n\u00e4idete ja interaktiivsete harjutuste abil. Parandage oma oskusi!\",\"breadcrumb\":{\"@id\":\"https:\/\/talkpal.ai\/et\/slovaki-keele-grammatika\/#breadcrumb\"},\"inLanguage\":\"et\",\"potentialAction\":[{\"@type\":\"ReadAction\",\"target\":[\"https:\/\/talkpal.ai\/et\/slovaki-keele-grammatika\/\"]}]},{\"@type\":\"ImageObject\",\"inLanguage\":\"et\",\"@id\":\"https:\/\/talkpal.ai\/et\/slovaki-keele-grammatika\/#primaryimage\",\"url\":\"https:\/\/talkpal.ai\/wp-content\/uploads\/2023\/05\/slovakia.png\",\"contentUrl\":\"https:\/\/talkpal.ai\/wp-content\/uploads\/2023\/05\/slovakia.png\",\"width\":512,\"height\":512},{\"@type\":\"BreadcrumbList\",\"@id\":\"https:\/\/talkpal.ai\/et\/slovaki-keele-grammatika\/#breadcrumb\",\"itemListElement\":[{\"@type\":\"ListItem\",\"position\":1,\"name\":\"Homepage\",\"item\":\"https:\/\/talkpal.ai\/et\/\"},{\"@type\":\"ListItem\",\"position\":2,\"name\":\"Slovaki keele grammatika\"}]},{\"@type\":\"WebSite\",\"@id\":\"https:\/\/talkpal.ai\/et\/#website\",\"url\":\"https:\/\/talkpal.ai\/et\/\",\"name\":\"Talkpal\",\"description\":\"AI Language Learning\",\"publisher\":{\"@id\":\"https:\/\/talkpal.ai\/et\/#organization\"},\"alternateName\":\"Talkpal AI\",\"potentialAction\":[{\"@type\":\"SearchAction\",\"target\":{\"@type\":\"EntryPoint\",\"urlTemplate\":\"https:\/\/talkpal.ai\/et\/?s={search_term_string}\"},\"query-input\":{\"@type\":\"PropertyValueSpecification\",\"valueRequired\":true,\"valueName\":\"search_term_string\"}}],\"inLanguage\":\"et\"},{\"@type\":\"Organization\",\"@id\":\"https:\/\/talkpal.ai\/et\/#organization\",\"name\":\"Talkpal, Inc.\",\"alternateName\":\"Talkpal AI\",\"url\":\"https:\/\/talkpal.ai\/et\/\",\"logo\":{\"@type\":\"ImageObject\",\"inLanguage\":\"et\",\"@id\":\"https:\/\/talkpal.ai\/et\/#\/schema\/logo\/image\/\",\"url\":\"https:\/\/talkpal.ai\/wp-content\/uploads\/2024\/03\/Talkpal-Logo-Icon.png\",\"contentUrl\":\"https:\/\/talkpal.ai\/wp-content\/uploads\/2024\/03\/Talkpal-Logo-Icon.png\",\"width\":2880,\"height\":2880,\"caption\":\"Talkpal, Inc.\"},\"image\":{\"@id\":\"https:\/\/talkpal.ai\/et\/#\/schema\/logo\/image\/\"},\"sameAs\":[\"https:\/\/www.facebook.com\/profile.php?id=100090733639311\",\"https:\/\/x.com\/talkpalai\",\"https:\/\/www.linkedin.com\/company\/talkpal\/\",\"https:\/\/www.youtube.com\/@TalkPal\/\",\"https:\/\/www.tiktok.com\/@talkpal\",\"https:\/\/www.instagram.com\/talkpal_ai\/\",\"https:\/\/www.crunchbase.com\/organization\/talkpal-9cde\",\"https:\/\/www.g2.com\/products\/talkpal-for-business\/\",\"https:\/\/www.trustpilot.com\/review\/talkpal.ai\",\"https:\/\/www.capterra.com\/p\/10006800\/TalkPal\/\"],\"description\":\"Talkpal is a language learning web and mobile education app, powered by the latest AI technologies, that provides engaging experiences to its customers in many different languages to help them improve their language skills. Users can chat about unlimited amount of topics with the app and use other modes to practice their language learning.\",\"email\":\"support@talkpal.ai\",\"legalName\":\"Talkpal, Inc.\",\"foundingDate\":\"2023-04-03\",\"duns\":\"118989042\",\"numberOfEmployees\":{\"@type\":\"QuantitativeValue\",\"minValue\":\"11\",\"maxValue\":\"50\"},\"publishingPrinciples\":\"https:\/\/talkpal.ai\/publishing-principles\/\",\"actionableFeedbackPolicy\":\"https:\/\/talkpal.ai\/actionable-feedback-policy\/\",\"correctionsPolicy\":\"https:\/\/talkpal.ai\/corrections-policy\/\",\"ethicsPolicy\":\"https:\/\/talkpal.ai\/ethics-policy\/\",\"diversityPolicy\":\"https:\/\/talkpal.ai\/diversity-policy\/\",\"diversityStaffingReport\":\"https:\/\/talkpal.ai\/diversity-policy\/\"}]}<\/script>\n<!-- \/ Yoast SEO Premium plugin. -->","yoast_head_json":{"title":"Slovaki keele grammatika - Talkpal","description":"\u00d5ppige slovaki keele grammatikat selgete selgituste, praktiliste n\u00e4idete ja interaktiivsete harjutuste abil. Parandage oma oskusi!","robots":{"index":"index","follow":"follow","max-snippet":"max-snippet:-1","max-image-preview":"max-image-preview:large","max-video-preview":"max-video-preview:-1"},"canonical":"https:\/\/talkpal.ai\/et\/slovaki-keele-grammatika\/","og_locale":"et_EE","og_type":"article","og_title":"Slovaki keele grammatika","og_description":"Slovaki keele grammatika: ilusa keele avamise v\u00f5ti Kas plaanite \u00f5ppida slovaki keelt v\u00f5i olete lihtsalt uudishimulik selle ainulaadse grammatika vastu? Sa","og_url":"https:\/\/talkpal.ai\/et\/slovaki-keele-grammatika\/","og_site_name":"Talkpal","article_publisher":"https:\/\/www.facebook.com\/profile.php?id=100090733639311","article_modified_time":"2025-12-12T11:12:46+00:00","og_image":[{"width":512,"height":512,"url":"https:\/\/talkpal.ai\/wp-content\/uploads\/2023\/05\/slovakia.png","type":"image\/png"}],"twitter_card":"summary_large_image","twitter_site":"@talkpalai","twitter_misc":{"Est. reading time":"3 minutit"},"schema":{"@context":"https:\/\/schema.org","@graph":[{"@type":"WebPage","@id":"https:\/\/talkpal.ai\/et\/slovaki-keele-grammatika\/","url":"https:\/\/talkpal.ai\/et\/slovaki-keele-grammatika\/","name":"Slovaki keele grammatika - Talkpal","isPartOf":{"@id":"https:\/\/talkpal.ai\/et\/#website"},"primaryImageOfPage":{"@id":"https:\/\/talkpal.ai\/et\/slovaki-keele-grammatika\/#primaryimage"},"image":{"@id":"https:\/\/talkpal.ai\/et\/slovaki-keele-grammatika\/#primaryimage"},"thumbnailUrl":"https:\/\/talkpal.ai\/wp-content\/uploads\/2023\/05\/slovakia.png","datePublished":"2023-05-14T14:19:49+00:00","dateModified":"2025-12-12T11:12:46+00:00","description":"\u00d5ppige slovaki keele grammatikat selgete selgituste, praktiliste n\u00e4idete ja interaktiivsete harjutuste abil. Parandage oma oskusi!","breadcrumb":{"@id":"https:\/\/talkpal.ai\/et\/slovaki-keele-grammatika\/#breadcrumb"},"inLanguage":"et","potentialAction":[{"@type":"ReadAction","target":["https:\/\/talkpal.ai\/et\/slovaki-keele-grammatika\/"]}]},{"@type":"ImageObject","inLanguage":"et","@id":"https:\/\/talkpal.ai\/et\/slovaki-keele-grammatika\/#primaryimage","url":"https:\/\/talkpal.ai\/wp-content\/uploads\/2023\/05\/slovakia.png","contentUrl":"https:\/\/talkpal.ai\/wp-content\/uploads\/2023\/05\/slovakia.png","width":512,"height":512},{"@type":"BreadcrumbList","@id":"https:\/\/talkpal.ai\/et\/slovaki-keele-grammatika\/#breadcrumb","itemListElement":[{"@type":"ListItem","position":1,"name":"Homepage","item":"https:\/\/talkpal.ai\/et\/"},{"@type":"ListItem","position":2,"name":"Slovaki keele grammatika"}]},{"@type":"WebSite","@id":"https:\/\/talkpal.ai\/et\/#website","url":"https:\/\/talkpal.ai\/et\/","name":"Talkpal","description":"AI Language Learning","publisher":{"@id":"https:\/\/talkpal.ai\/et\/#organization"},"alternateName":"Talkpal AI","potentialAction":[{"@type":"SearchAction","target":{"@type":"EntryPoint","urlTemplate":"https:\/\/talkpal.ai\/et\/?s={search_term_string}"},"query-input":{"@type":"PropertyValueSpecification","valueRequired":true,"valueName":"search_term_string"}}],"inLanguage":"et"},{"@type":"Organization","@id":"https:\/\/talkpal.ai\/et\/#organization","name":"Talkpal, Inc.","alternateName":"Talkpal AI","url":"https:\/\/talkpal.ai\/et\/","logo":{"@type":"ImageObject","inLanguage":"et","@id":"https:\/\/talkpal.ai\/et\/#\/schema\/logo\/image\/","url":"https:\/\/talkpal.ai\/wp-content\/uploads\/2024\/03\/Talkpal-Logo-Icon.png","contentUrl":"https:\/\/talkpal.ai\/wp-content\/uploads\/2024\/03\/Talkpal-Logo-Icon.png","width":2880,"height":2880,"caption":"Talkpal, Inc."},"image":{"@id":"https:\/\/talkpal.ai\/et\/#\/schema\/logo\/image\/"},"sameAs":["https:\/\/www.facebook.com\/profile.php?id=100090733639311","https:\/\/x.com\/talkpalai","https:\/\/www.linkedin.com\/company\/talkpal\/","https:\/\/www.youtube.com\/@TalkPal\/","https:\/\/www.tiktok.com\/@talkpal","https:\/\/www.instagram.com\/talkpal_ai\/","https:\/\/www.crunchbase.com\/organization\/talkpal-9cde","https:\/\/www.g2.com\/products\/talkpal-for-business\/","https:\/\/www.trustpilot.com\/review\/talkpal.ai","https:\/\/www.capterra.com\/p\/10006800\/TalkPal\/"],"description":"Talkpal is a language learning web and mobile education app, powered by the latest AI technologies, that provides engaging experiences to its customers in many different languages to help them improve their language skills. Users can chat about unlimited amount of topics with the app and use other modes to practice their language learning.","email":"support@talkpal.ai","legalName":"Talkpal, Inc.","foundingDate":"2023-04-03","duns":"118989042","numberOfEmployees":{"@type":"QuantitativeValue","minValue":"11","maxValue":"50"},"publishingPrinciples":"https:\/\/talkpal.ai\/publishing-principles\/","actionableFeedbackPolicy":"https:\/\/talkpal.ai\/actionable-feedback-policy\/","correctionsPolicy":"https:\/\/talkpal.ai\/corrections-policy\/","ethicsPolicy":"https:\/\/talkpal.ai\/ethics-policy\/","diversityPolicy":"https:\/\/talkpal.ai\/diversity-policy\/","diversityStaffingReport":"https:\/\/talkpal.ai\/diversity-policy\/"}]}},"_links":{"self":[{"href":"https:\/\/talkpal.ai\/et\/wp-json\/wp\/v2\/pages\/150200","targetHints":{"allow":["GET"]}}],"collection":[{"href":"https:\/\/talkpal.ai\/et\/wp-json\/wp\/v2\/pages"}],"about":[{"href":"https:\/\/talkpal.ai\/et\/wp-json\/wp\/v2\/types\/page"}],"author":[{"embeddable":true,"href":"https:\/\/talkpal.ai\/et\/wp-json\/wp\/v2\/users\/1"}],"replies":[{"embeddable":true,"href":"https:\/\/talkpal.ai\/et\/wp-json\/wp\/v2\/comments?post=150200"}],"version-history":[{"count":0,"href":"https:\/\/talkpal.ai\/et\/wp-json\/wp\/v2\/pages\/150200\/revisions"}],"wp:featuredmedia":[{"embeddable":true,"href":"https:\/\/talkpal.ai\/et\/wp-json\/wp\/v2\/media\/118542"}],"wp:attachment":[{"href":"https:\/\/talkpal.ai\/et\/wp-json\/wp\/v2\/media?parent=150200"}],"curies":[{"name":"wp","href":"https:\/\/api.w.org\/{rel}","templated":true}]}}