{"id":149775,"date":"2023-05-14T14:19:26","date_gmt":"2023-05-14T14:19:26","guid":{"rendered":"http:\/\/talkpal.ai\/serbia-grammatika\/"},"modified":"2025-12-17T15:37:38","modified_gmt":"2025-12-17T15:37:38","slug":"serbia-grammatika","status":"publish","type":"page","link":"https:\/\/talkpal.ai\/et\/serbia-grammatika\/","title":{"rendered":"Serbia grammatika"},"content":{"rendered":"\r\n\r\n\r\n<section class=\"languageChallengeSection\">\r\n    <div class=\"languageInfoWrapper\">\r\n        \r\n        <h1>Serbia grammatika<\/h1>\r\n        <p>Alustage oma seiklust vene keelega ja avage uksed rikkalikku kultuuri ja ajalukku. Vene keele <a href=\"https:\/\/talkpal.ai\/greek-grammar\/\">grammatika<\/a> ja s\u00f5navara omandamine parandab teie reisi-, karj\u00e4\u00e4ri- ja suhtlemisv\u00f5imalusi. Alusta vene keele \u00f5ppimist juba t\u00e4na ja astu esimene samm sujuva keeleoskuse suunas!\n\n<\/p>\r\n\r\n                            <a class=\"getStartedHidden\" href=\"https:\/\/app.talkpal.ai\/et\/signup?lng=\">Alusta<\/a>\r\n        \r\n    <\/div>\r\n\r\n    <figure>\r\n    <img decoding=\"async\" width=\"768\" height=\"768\" src=\"https:\/\/talkpal.ai\/wp-content\/uploads\/2023\/06\/serbian-768x768.png\" class=\"languageImage no-lazy\" alt=\"Fast-track to fluency with language learning\" fetchpriority=\"high\" sizes=\"(max-width: 768px) 150px, 768px\" srcset=\"https:\/\/talkpal.ai\/wp-content\/uploads\/2023\/06\/serbian-768x768.png 768w, https:\/\/talkpal.ai\/wp-content\/uploads\/2023\/06\/serbian-300x300.png 300w\" \/>\r\n    \r\n\r\n    <\/figure>\r\n\r\n            <a class=\"getStartedVisible\" href=\"https:\/\/app.talkpal.ai\/et\/signup?lng=\">Alusta<\/a>\r\n    \r\n<\/section>\r\n<section class=\"promotionalBanner\">\r\n    <p class=\"promotionalText\">K\u00f5ige t\u00f5husam viis keele \u00f5ppimiseks<\/p>\r\n    <a class=\"promotionalLink\" href=\"https:\/\/app.talkpal.ai\/et\/signup?lng=\">Proovige Talkpal tasuta<\/a>\r\n<\/section>\n<div class=\"wp-block-group pageContainerStyle\"><div class=\"wp-block-group__inner-container is-layout-constrained wp-block-group-is-layout-constrained\">\n<h1 class=\"wp-block-heading\" id=\"h-serbian-grammar-unraveling-the-intricacies-of-the-south-slavic-language\">Serbia grammatika: l\u00f5unaslaavi keele keerukuse lahtiharutamine<\/h1>\n\n\n\n<p>Kutsume k\u00f5iki keelehuvilisi ja Balkani austajaid! Kas olete kunagi kaalunud sukeldumist <a href=\"https:\/\/talkpal.ai\/serbian-grammar\/\">serbia grammatika<\/a> maailma? <a href=\"https:\/\/talkpal.ai\/et\/opi-serbia-keel\/\">Serbia keel<\/a>, l\u00f5unaslaavi keel, on <a href=\"https:\/\/talkpal.ai\/learn-serbian\/\">Serbia<\/a> ametlik keel ning \u00fcks <a href=\"https:\/\/talkpal.ai\/learn-bosnian\/\">Bosnia<\/a> ja Hertsegoviina ametlikest keeltest. Umbes 9 miljoni emakeelena k\u00f5nelejaga on sellel intrigeerival keelel sarnasusi <a href=\"https:\/\/talkpal.ai\/learn-croatian\/\">horvaadi<\/a>, <a href=\"https:\/\/talkpal.ai\/learn-bosnian\/\">bosnia<\/a> ja <a href=\"https:\/\/talkpal.ai\/locations\/language-courses-in-montenegro\/\">montenegro<\/a> keelega, kuid sellel on erip\u00e4ra, mis seda eristab. Selles artiklis uurime <a href=\"https:\/\/talkpal.ai\/learn-serbian\/\">serbia<\/a> keele grammatika p\u00f5nevaid aspekte.<\/p>\n\n\n\n<h3 class=\"wp-block-heading\" id=\"h-the-dual-alphabet-cyrillic-and-latin\">Kahekordne t\u00e4hestik: kirillitsa ja ladina keel<\/h3>\n\n\n\n<p>\u00dcks esimesi asju, mida serbia keele puhul m\u00e4rkate, on kahe t\u00e4hestiku kasutamine: Kirillitsat ja ladina kirja. Serbia kirillitsa t\u00e4hestik, millel on 30 t\u00e4hte, standardiseeris keeleteadlane Vuk Karad\u017ei\u0107 1818. aastal ja see on riigi ametlik t\u00e4hestik. Kuid ladina t\u00e4hestikku, mis koosneb ka 30 t\u00e4hest, kasutatakse laialdaselt, eriti digitaalse suhtluse ja mitteametlike kontekstide jaoks. Kahe t\u00e4hestiku kasutamine annab serbiale ainulaadse ja mitmek\u00fclgse iseloomu.<\/p>\n\n\n\n<h3 class=\"wp-block-heading\" id=\"h-the-building-blocks-nouns-pronouns-and-cases\">Koosteelemendid: nimis\u00f5nad, ases\u00f5nad ja juhtumid<\/h3>\n\n\n\n<p>Nagu teisedki slaavi keeled, keerleb <a href=\"https:\/\/talkpal.ai\/serbian-grammar\/\">serbia grammatika<\/a> k\u00e4\u00e4nde \u00fcmber, kus s\u00f5nad muudavad oma l\u00f5ppu vastavalt nende grammatilisele funktsioonile. See on k\u00f5ige ilmsem nimis\u00f5nades, ases\u00f5nades ja omaduss\u00f5nades. Serbial on seitse juhtumit:<\/p>\n\n\n\n<p><strong>1. Nominatiiv &#8211; t\u00e4histab lause subjekti.<\/strong><\/p>\n\n\n\n<p><strong>2. Genitiiv &#8211; n\u00e4itab valdust, eituse objekti v\u00f5i partitiivset t\u00e4hendust.<\/strong><\/p>\n\n\n\n<p><strong>3. Datiiv &#8211; t\u00e4histab kaudset objekti<\/strong><\/p>\n\n\n\n<p><strong>4. Akusatiiv &#8211; t\u00e4histab otsest objekti<\/strong><\/p>\n\n\n\n<p><strong>5. Vokatiiv &#8211; kasutatakse kellegi poole p\u00f6\u00f6rdumiseks v\u00f5i kutsumiseks.<\/strong><\/p>\n\n\n\n<p><strong>6. Instrumentaalne &#8211; v\u00e4ljendab tegevuse vahendit v\u00f5i meetodit.<\/strong><\/p>\n\n\n\n<p><strong>7. Lokaator &#8211; m\u00e4\u00e4rab teatud prepositsioonide asukoha v\u00f5i objekti.<\/strong><\/p>\n\n\n\n<p>Serbia nimis\u00f5nadel on kolm sugu (mehelik, naiselik ja neuter) ja kaks numbrit (ainsus ja mitmus). Iga soo ja numbri erilised l\u00f5pud varieeruvad s\u00f5ltuvalt juhtumist, seega on oluline need l\u00f5pud meelde j\u00e4tta, et moodustada grammatiliselt korrektseid lauseid.<\/p>\n\n\n\n<h3 class=\"wp-block-heading\" id=\"h-get-moving-with-verbs-tenses-aspects-and-moods\">Hakka liikuma tegus\u00f5nadega: ajavormid, aspektid ja meeleolud<\/h3>\n\n\n\n<p>Serbia verbidel on p\u00f5nev keerukus oma ajavormidega (minevik, olevik ja tulevik), aspektidega (t\u00e4iuslik ja ebat\u00e4iuslik) ja meeleoludega (soovituslik, imperatiivne ja tingimuslik). Aspekt m\u00e4ngib Serbia verbides olulist rolli, kuna see annab edasi, kas tegevust peetakse l\u00f5petatuks (t\u00e4iuslik) v\u00f5i k\u00e4imasolevaks (ebat\u00e4iuslik). Paljud tegus\u00f5nad tulevad paaridena, mis n\u00e4itavad erinevaid aspekte, sageli konkreetsete eesliidete v\u00f5i j\u00e4relliidete abil.<\/p>\n\n\n\n<h3 class=\"wp-block-heading\" id=\"h-adjectives-adverbs-and-all-that-jazz\">Omaduss\u00f5nad, m\u00e4\u00e4rs\u00f5nad ja k\u00f5ik see jazz<\/h3>\n\n\n\n<p>Serbia omaduss\u00f5nad n\u00f5ustuvad nimis\u00f5nadega, mida nad soo, arvu ja juhtumi osas muudavad. Neil on ka v\u00f5rdlevad ja \u00fcliv\u00f5rded, et v\u00e4ljendada erinevaid omadusi. Lisaks on m\u00e4\u00e4rs\u00f5nad sageli tuletatud omaduss\u00f5nadest ja annavad edasi erinevaid t\u00e4hendusi, nagu aeg, viis, koht ja aste.<\/p>\n\n\n\n<p>Serbia keeles on ka hulgaliselt sides\u00f5nu, eess\u00f5nu, numbreid ja osakesi, mis aitavad kaasa keele ilule ja aitavad luua keerulisi, sisukaid lauseid.<\/p>\n\n\n\n<h3 class=\"wp-block-heading\" id=\"h-embracing-the-world-of-serbian-grammar\">Serbia grammatika maailma omaksv\u00f5tmine<\/h3>\n\n\n\n<p>Serbia keele grammatika v\u00f5ib esmapilgul tunduda \u00fclekaalukas. Kui aga s\u00fcvenete s\u00fcgavamalt selle rikkalikku maastikku, mis koosneb juhtumitest, aspektidest ja keelelistest veidrustest, avastate elava ja v\u00e4ljendusrikka keele. Serbia keele \u00f5ppimine mitte ainult ei teravda teie arusaamist slaavi keeleperekonnast, vaid aitab teil ka \u00fchendust v\u00f5tta k\u00fctkestava ajaloo ja kultuuriga.<\/p>\n\n\n\n<p>Miks siis mitte v\u00f5tta vastu v\u00e4ljakutse uurida edasi Serbia grammatikat? Visaduse ja kirega v\u00f5ite \u00fchel p\u00e4eval leida end Belgradi t\u00e4navatel jalutamas, kohalikega nende emakeeles elavaid vestlusi pidamas. Head \u00f5ppimist!<\/p>\n<\/div><\/div>\n\r\n<section class=\"learnNavigationSection\">\r\n            \r\n        <a href=\"https:\/\/talkpal.ai\/et\/opi-serbia-keel\/\">\r\n            <div class=\"learnNavigationWrapper\">\r\n                <div class=\"learnNavigationContent\">\r\n                    <img decoding=\"async\" src=\"https:\/\/talkpal.ai\/wp-content\/uploads\/2024\/08\/Serbian.jpg\" alt=\"Serbian Flag\">\r\n                    <div>\r\n                        <h4>Serbia \u00f5ppimise kohta<\/h4>\r\n                        <p>Uuri k\u00f5ike Serbia grammatika kohta.<\/p>\r\n                    <\/div>\r\n                <\/div>\r\n            <\/div>\r\n        <\/a>\r\n\r\n        \r\n        <a href=\"https:\/\/talkpal.ai\/et\/serbia-keele-grammatika-harjutused\/\">\r\n            <div class=\"learnNavigationWrapper\">\r\n                <div class=\"learnNavigationContent\">\r\n                    <img decoding=\"async\" src=\"https:\/\/talkpal.ai\/wp-content\/uploads\/2024\/08\/Serbian.jpg\" alt=\"Serbian Flag\">\r\n                    <div>\r\n                        <h4>Serbia keele grammatika harjutus<\/h4>\r\n                        <p>Harjutage serbia grammatikat.<\/p>\r\n                    <\/div>\r\n                <\/div>\r\n            <\/div>\r\n        <\/a>\r\n\r\n        \r\n        <a href=\"https:\/\/talkpal.ai\/vocabulary_language\/serbian\/\">\r\n            <div class=\"learnNavigationWrapper\">\r\n                <div class=\"learnNavigationContent\">\r\n                    <img decoding=\"async\" src=\"https:\/\/talkpal.ai\/wp-content\/uploads\/2024\/08\/Serbian.jpg\" alt=\"Serbian Flag\">\r\n                    <div>\r\n                        <h4>Serbia s\u00f5navara<\/h4>\r\n                        <p>Laiendage oma serbia keele s\u00f5navara.<\/p>\r\n                    <\/div>\r\n                <\/div>\r\n            <\/div>\r\n        <\/a>\r\n\r\n            <\/section>","protected":false},"excerpt":{"rendered":"<p>Serbia grammatika: l\u00f5unaslaavi keele keerukuse lahtiharutamine Kutsume k\u00f5iki keelehuvilisi ja Balkani austajaid! Kas olete kunagi kaalunud sukeldumist serbia grammatika maailma? Serbia keel, l\u00f5unaslaavi keel, on Serbia ametlik keel ning \u00fcks Bosnia ja Hertsegoviina ametlikest keeltest. Umbes 9 miljoni emakeelena k\u00f5nelejaga on sellel intrigeerival keelel sarnasusi horvaadi, bosnia ja montenegro keelega, kuid sellel on erip\u00e4ra, mis [&hellip;]<\/p>\n","protected":false},"author":1,"featured_media":118103,"parent":0,"menu_order":0,"comment_status":"closed","ping_status":"closed","template":"LearningContentPage.php","meta":{"_acf_changed":false,"footnotes":""},"class_list":["post-149775","page","type-page","status-publish","has-post-thumbnail","hentry"],"acf":[],"yoast_head":"<!-- This site is optimized with the Yoast SEO Premium plugin v27.2 (Yoast SEO v27.2) - https:\/\/yoast.com\/product\/yoast-seo-premium-wordpress\/ -->\n<title>Serbia grammatika - Talkpal<\/title>\n<meta name=\"description\" content=\"Tutvuge serbia keele grammatika keerukusega ja avastage selle ainulaadsed omadused, mis eristavad seda teistest Balkani keeltest.\" \/>\n<meta name=\"robots\" content=\"index, follow, max-snippet:-1, max-image-preview:large, max-video-preview:-1\" \/>\n<link rel=\"canonical\" href=\"https:\/\/talkpal.ai\/et\/serbia-grammatika\/\" \/>\n<meta property=\"og:locale\" content=\"et_EE\" \/>\n<meta property=\"og:type\" content=\"article\" \/>\n<meta property=\"og:title\" content=\"Serbia grammatika\" \/>\n<meta property=\"og:description\" content=\"Serbia grammatika: l\u00f5unaslaavi keele keerukuse lahtiharutamine Kutsume k\u00f5iki keelehuvilisi ja Balkani austajaid! Kas olete kunagi kaalunud sukeldumist\" \/>\n<meta property=\"og:url\" content=\"https:\/\/talkpal.ai\/et\/serbia-grammatika\/\" \/>\n<meta property=\"og:site_name\" content=\"Talkpal\" \/>\n<meta property=\"article:publisher\" content=\"https:\/\/www.facebook.com\/profile.php?id=100090733639311\" \/>\n<meta property=\"article:modified_time\" content=\"2025-12-17T15:37:38+00:00\" \/>\n<meta property=\"og:image\" content=\"https:\/\/talkpal.ai\/wp-content\/uploads\/2023\/05\/serbia.png\" \/>\n\t<meta property=\"og:image:width\" content=\"512\" \/>\n\t<meta property=\"og:image:height\" content=\"512\" \/>\n\t<meta property=\"og:image:type\" content=\"image\/png\" \/>\n<meta name=\"twitter:card\" content=\"summary_large_image\" \/>\n<meta name=\"twitter:site\" content=\"@talkpalai\" \/>\n<meta name=\"twitter:label1\" content=\"Est. reading time\" \/>\n\t<meta name=\"twitter:data1\" content=\"3 minutit\" \/>\n<script type=\"application\/ld+json\" class=\"yoast-schema-graph\">{\"@context\":\"https:\/\/schema.org\",\"@graph\":[{\"@type\":\"WebPage\",\"@id\":\"https:\/\/talkpal.ai\/et\/serbia-grammatika\/\",\"url\":\"https:\/\/talkpal.ai\/et\/serbia-grammatika\/\",\"name\":\"Serbia grammatika - Talkpal\",\"isPartOf\":{\"@id\":\"https:\/\/talkpal.ai\/et\/#website\"},\"primaryImageOfPage\":{\"@id\":\"https:\/\/talkpal.ai\/et\/serbia-grammatika\/#primaryimage\"},\"image\":{\"@id\":\"https:\/\/talkpal.ai\/et\/serbia-grammatika\/#primaryimage\"},\"thumbnailUrl\":\"https:\/\/talkpal.ai\/wp-content\/uploads\/2023\/05\/serbia.png\",\"datePublished\":\"2023-05-14T14:19:26+00:00\",\"dateModified\":\"2025-12-17T15:37:38+00:00\",\"description\":\"Tutvuge serbia keele grammatika keerukusega ja avastage selle ainulaadsed omadused, mis eristavad seda teistest Balkani keeltest.\",\"breadcrumb\":{\"@id\":\"https:\/\/talkpal.ai\/et\/serbia-grammatika\/#breadcrumb\"},\"inLanguage\":\"et\",\"potentialAction\":[{\"@type\":\"ReadAction\",\"target\":[\"https:\/\/talkpal.ai\/et\/serbia-grammatika\/\"]}]},{\"@type\":\"ImageObject\",\"inLanguage\":\"et\",\"@id\":\"https:\/\/talkpal.ai\/et\/serbia-grammatika\/#primaryimage\",\"url\":\"https:\/\/talkpal.ai\/wp-content\/uploads\/2023\/05\/serbia.png\",\"contentUrl\":\"https:\/\/talkpal.ai\/wp-content\/uploads\/2023\/05\/serbia.png\",\"width\":512,\"height\":512},{\"@type\":\"BreadcrumbList\",\"@id\":\"https:\/\/talkpal.ai\/et\/serbia-grammatika\/#breadcrumb\",\"itemListElement\":[{\"@type\":\"ListItem\",\"position\":1,\"name\":\"Homepage\",\"item\":\"https:\/\/talkpal.ai\/et\/\"},{\"@type\":\"ListItem\",\"position\":2,\"name\":\"Serbia grammatika\"}]},{\"@type\":\"WebSite\",\"@id\":\"https:\/\/talkpal.ai\/et\/#website\",\"url\":\"https:\/\/talkpal.ai\/et\/\",\"name\":\"Talkpal\",\"description\":\"AI Language Learning\",\"publisher\":{\"@id\":\"https:\/\/talkpal.ai\/et\/#organization\"},\"alternateName\":\"Talkpal AI\",\"potentialAction\":[{\"@type\":\"SearchAction\",\"target\":{\"@type\":\"EntryPoint\",\"urlTemplate\":\"https:\/\/talkpal.ai\/et\/?s={search_term_string}\"},\"query-input\":{\"@type\":\"PropertyValueSpecification\",\"valueRequired\":true,\"valueName\":\"search_term_string\"}}],\"inLanguage\":\"et\"},{\"@type\":\"Organization\",\"@id\":\"https:\/\/talkpal.ai\/et\/#organization\",\"name\":\"Talkpal, Inc.\",\"alternateName\":\"Talkpal AI\",\"url\":\"https:\/\/talkpal.ai\/et\/\",\"logo\":{\"@type\":\"ImageObject\",\"inLanguage\":\"et\",\"@id\":\"https:\/\/talkpal.ai\/et\/#\/schema\/logo\/image\/\",\"url\":\"https:\/\/talkpal.ai\/wp-content\/uploads\/2024\/03\/Talkpal-Logo-Icon.png\",\"contentUrl\":\"https:\/\/talkpal.ai\/wp-content\/uploads\/2024\/03\/Talkpal-Logo-Icon.png\",\"width\":2880,\"height\":2880,\"caption\":\"Talkpal, Inc.\"},\"image\":{\"@id\":\"https:\/\/talkpal.ai\/et\/#\/schema\/logo\/image\/\"},\"sameAs\":[\"https:\/\/www.facebook.com\/profile.php?id=100090733639311\",\"https:\/\/x.com\/talkpalai\",\"https:\/\/www.linkedin.com\/company\/talkpal\/\",\"https:\/\/www.youtube.com\/@TalkPal\/\",\"https:\/\/www.tiktok.com\/@talkpal\",\"https:\/\/www.instagram.com\/talkpal_ai\/\",\"https:\/\/www.crunchbase.com\/organization\/talkpal-9cde\",\"https:\/\/www.g2.com\/products\/talkpal-for-business\/\",\"https:\/\/www.trustpilot.com\/review\/talkpal.ai\",\"https:\/\/www.capterra.com\/p\/10006800\/TalkPal\/\"],\"description\":\"Talkpal is a language learning web and mobile education app, powered by the latest AI technologies, that provides engaging experiences to its customers in many different languages to help them improve their language skills. Users can chat about unlimited amount of topics with the app and use other modes to practice their language learning.\",\"email\":\"support@talkpal.ai\",\"legalName\":\"Talkpal, Inc.\",\"foundingDate\":\"2023-04-03\",\"duns\":\"118989042\",\"numberOfEmployees\":{\"@type\":\"QuantitativeValue\",\"minValue\":\"11\",\"maxValue\":\"50\"},\"publishingPrinciples\":\"https:\/\/talkpal.ai\/publishing-principles\/\",\"actionableFeedbackPolicy\":\"https:\/\/talkpal.ai\/actionable-feedback-policy\/\",\"correctionsPolicy\":\"https:\/\/talkpal.ai\/corrections-policy\/\",\"ethicsPolicy\":\"https:\/\/talkpal.ai\/ethics-policy\/\",\"diversityPolicy\":\"https:\/\/talkpal.ai\/diversity-policy\/\",\"diversityStaffingReport\":\"https:\/\/talkpal.ai\/diversity-policy\/\"}]}<\/script>\n<!-- \/ Yoast SEO Premium plugin. -->","yoast_head_json":{"title":"Serbia grammatika - Talkpal","description":"Tutvuge serbia keele grammatika keerukusega ja avastage selle ainulaadsed omadused, mis eristavad seda teistest Balkani keeltest.","robots":{"index":"index","follow":"follow","max-snippet":"max-snippet:-1","max-image-preview":"max-image-preview:large","max-video-preview":"max-video-preview:-1"},"canonical":"https:\/\/talkpal.ai\/et\/serbia-grammatika\/","og_locale":"et_EE","og_type":"article","og_title":"Serbia grammatika","og_description":"Serbia grammatika: l\u00f5unaslaavi keele keerukuse lahtiharutamine Kutsume k\u00f5iki keelehuvilisi ja Balkani austajaid! Kas olete kunagi kaalunud sukeldumist","og_url":"https:\/\/talkpal.ai\/et\/serbia-grammatika\/","og_site_name":"Talkpal","article_publisher":"https:\/\/www.facebook.com\/profile.php?id=100090733639311","article_modified_time":"2025-12-17T15:37:38+00:00","og_image":[{"width":512,"height":512,"url":"https:\/\/talkpal.ai\/wp-content\/uploads\/2023\/05\/serbia.png","type":"image\/png"}],"twitter_card":"summary_large_image","twitter_site":"@talkpalai","twitter_misc":{"Est. reading time":"3 minutit"},"schema":{"@context":"https:\/\/schema.org","@graph":[{"@type":"WebPage","@id":"https:\/\/talkpal.ai\/et\/serbia-grammatika\/","url":"https:\/\/talkpal.ai\/et\/serbia-grammatika\/","name":"Serbia grammatika - Talkpal","isPartOf":{"@id":"https:\/\/talkpal.ai\/et\/#website"},"primaryImageOfPage":{"@id":"https:\/\/talkpal.ai\/et\/serbia-grammatika\/#primaryimage"},"image":{"@id":"https:\/\/talkpal.ai\/et\/serbia-grammatika\/#primaryimage"},"thumbnailUrl":"https:\/\/talkpal.ai\/wp-content\/uploads\/2023\/05\/serbia.png","datePublished":"2023-05-14T14:19:26+00:00","dateModified":"2025-12-17T15:37:38+00:00","description":"Tutvuge serbia keele grammatika keerukusega ja avastage selle ainulaadsed omadused, mis eristavad seda teistest Balkani keeltest.","breadcrumb":{"@id":"https:\/\/talkpal.ai\/et\/serbia-grammatika\/#breadcrumb"},"inLanguage":"et","potentialAction":[{"@type":"ReadAction","target":["https:\/\/talkpal.ai\/et\/serbia-grammatika\/"]}]},{"@type":"ImageObject","inLanguage":"et","@id":"https:\/\/talkpal.ai\/et\/serbia-grammatika\/#primaryimage","url":"https:\/\/talkpal.ai\/wp-content\/uploads\/2023\/05\/serbia.png","contentUrl":"https:\/\/talkpal.ai\/wp-content\/uploads\/2023\/05\/serbia.png","width":512,"height":512},{"@type":"BreadcrumbList","@id":"https:\/\/talkpal.ai\/et\/serbia-grammatika\/#breadcrumb","itemListElement":[{"@type":"ListItem","position":1,"name":"Homepage","item":"https:\/\/talkpal.ai\/et\/"},{"@type":"ListItem","position":2,"name":"Serbia grammatika"}]},{"@type":"WebSite","@id":"https:\/\/talkpal.ai\/et\/#website","url":"https:\/\/talkpal.ai\/et\/","name":"Talkpal","description":"AI Language Learning","publisher":{"@id":"https:\/\/talkpal.ai\/et\/#organization"},"alternateName":"Talkpal AI","potentialAction":[{"@type":"SearchAction","target":{"@type":"EntryPoint","urlTemplate":"https:\/\/talkpal.ai\/et\/?s={search_term_string}"},"query-input":{"@type":"PropertyValueSpecification","valueRequired":true,"valueName":"search_term_string"}}],"inLanguage":"et"},{"@type":"Organization","@id":"https:\/\/talkpal.ai\/et\/#organization","name":"Talkpal, Inc.","alternateName":"Talkpal AI","url":"https:\/\/talkpal.ai\/et\/","logo":{"@type":"ImageObject","inLanguage":"et","@id":"https:\/\/talkpal.ai\/et\/#\/schema\/logo\/image\/","url":"https:\/\/talkpal.ai\/wp-content\/uploads\/2024\/03\/Talkpal-Logo-Icon.png","contentUrl":"https:\/\/talkpal.ai\/wp-content\/uploads\/2024\/03\/Talkpal-Logo-Icon.png","width":2880,"height":2880,"caption":"Talkpal, Inc."},"image":{"@id":"https:\/\/talkpal.ai\/et\/#\/schema\/logo\/image\/"},"sameAs":["https:\/\/www.facebook.com\/profile.php?id=100090733639311","https:\/\/x.com\/talkpalai","https:\/\/www.linkedin.com\/company\/talkpal\/","https:\/\/www.youtube.com\/@TalkPal\/","https:\/\/www.tiktok.com\/@talkpal","https:\/\/www.instagram.com\/talkpal_ai\/","https:\/\/www.crunchbase.com\/organization\/talkpal-9cde","https:\/\/www.g2.com\/products\/talkpal-for-business\/","https:\/\/www.trustpilot.com\/review\/talkpal.ai","https:\/\/www.capterra.com\/p\/10006800\/TalkPal\/"],"description":"Talkpal is a language learning web and mobile education app, powered by the latest AI technologies, that provides engaging experiences to its customers in many different languages to help them improve their language skills. Users can chat about unlimited amount of topics with the app and use other modes to practice their language learning.","email":"support@talkpal.ai","legalName":"Talkpal, Inc.","foundingDate":"2023-04-03","duns":"118989042","numberOfEmployees":{"@type":"QuantitativeValue","minValue":"11","maxValue":"50"},"publishingPrinciples":"https:\/\/talkpal.ai\/publishing-principles\/","actionableFeedbackPolicy":"https:\/\/talkpal.ai\/actionable-feedback-policy\/","correctionsPolicy":"https:\/\/talkpal.ai\/corrections-policy\/","ethicsPolicy":"https:\/\/talkpal.ai\/ethics-policy\/","diversityPolicy":"https:\/\/talkpal.ai\/diversity-policy\/","diversityStaffingReport":"https:\/\/talkpal.ai\/diversity-policy\/"}]}},"_links":{"self":[{"href":"https:\/\/talkpal.ai\/et\/wp-json\/wp\/v2\/pages\/149775","targetHints":{"allow":["GET"]}}],"collection":[{"href":"https:\/\/talkpal.ai\/et\/wp-json\/wp\/v2\/pages"}],"about":[{"href":"https:\/\/talkpal.ai\/et\/wp-json\/wp\/v2\/types\/page"}],"author":[{"embeddable":true,"href":"https:\/\/talkpal.ai\/et\/wp-json\/wp\/v2\/users\/1"}],"replies":[{"embeddable":true,"href":"https:\/\/talkpal.ai\/et\/wp-json\/wp\/v2\/comments?post=149775"}],"version-history":[{"count":0,"href":"https:\/\/talkpal.ai\/et\/wp-json\/wp\/v2\/pages\/149775\/revisions"}],"wp:featuredmedia":[{"embeddable":true,"href":"https:\/\/talkpal.ai\/et\/wp-json\/wp\/v2\/media\/118103"}],"wp:attachment":[{"href":"https:\/\/talkpal.ai\/et\/wp-json\/wp\/v2\/media?parent=149775"}],"curies":[{"name":"wp","href":"https:\/\/api.w.org\/{rel}","templated":true}]}}