{"id":149328,"date":"2023-05-14T14:19:07","date_gmt":"2023-05-14T14:19:07","guid":{"rendered":"http:\/\/talkpal.ai\/rumeenia-keele-grammatika\/"},"modified":"2025-12-17T15:35:22","modified_gmt":"2025-12-17T15:35:22","slug":"rumeenia-keele-grammatika","status":"publish","type":"page","link":"https:\/\/talkpal.ai\/et\/rumeenia-keele-grammatika\/","title":{"rendered":"Rumeenia keele grammatika"},"content":{"rendered":"\r\n\r\n\r\n<section class=\"languageChallengeSection\">\r\n    <div class=\"languageInfoWrapper\">\r\n        \r\n        <h1>Rumeenia keele grammatika<\/h1>\r\n        <p>Avage <a href=\"https:\/\/talkpal.ai\/learn-romanian\/\">rumeenia<\/a> keele ilu, \u00f5ppides selle p\u00f5hilisi grammatikareegleid. <a href=\"https:\/\/talkpal.ai\/romanian-grammar\/\">Rumeenia keele grammatika<\/a> valdamine aitab teil enesekindlalt suhelda ja luua sidet <a href=\"https:\/\/talkpal.ai\/learn-romanian\/\">Rumeenia<\/a> rikkaliku kultuuri ja ajalooga. Alusta rumeenia keele grammatika \u00f5ppimist juba t\u00e4na ja astu esimene samm sujuva keeleoskuse suunas!<\/p>\r\n\r\n                            <a class=\"getStartedHidden\" href=\"https:\/\/app.talkpal.ai\/et\/signup?lng=\">Alusta<\/a>\r\n        \r\n    <\/div>\r\n\r\n    <figure>\r\n    <img decoding=\"async\" width=\"768\" height=\"768\" src=\"https:\/\/talkpal.ai\/wp-content\/uploads\/2023\/06\/romanian-768x768.png\" class=\"languageImage no-lazy\" alt=\"Language learning for intellectual challenge\" fetchpriority=\"high\" sizes=\"(max-width: 768px) 150px, 768px\" srcset=\"https:\/\/talkpal.ai\/wp-content\/uploads\/2023\/06\/romanian-768x768.png 768w, https:\/\/talkpal.ai\/wp-content\/uploads\/2023\/06\/romanian-300x300.png 300w\" \/>\r\n    \r\n\r\n    <\/figure>\r\n\r\n            <a class=\"getStartedVisible\" href=\"https:\/\/app.talkpal.ai\/et\/signup?lng=\">Alusta<\/a>\r\n    \r\n<\/section>\r\n<section class=\"promotionalBanner\">\r\n    <p class=\"promotionalText\">K\u00f5ige t\u00f5husam viis keele \u00f5ppimiseks<\/p>\r\n    <a class=\"promotionalLink\" href=\"https:\/\/app.talkpal.ai\/et\/signup?lng=\">Proovige Talkpal tasuta<\/a>\r\n<\/section>\n<div class=\"wp-block-group pageContainerStyle\"><div class=\"wp-block-group__inner-container is-layout-constrained wp-block-group-is-layout-constrained\">\n<h2 class=\"wp-block-heading\" id=\"h-unraveling-the-mysteries-of-romanian-grammar\">Rumeenia grammatika saladuste lahti harutamine<\/h2>\n\n\n\n<p><a href=\"https:\/\/talkpal.ai\/et\/opi-rumeenia-keel\/\">Rumeenia keel<\/a>, ainus romaani keel, mida r\u00e4\u00e4gitakse Ida-Euroopas, pakub ainulaadset ja huvitavat keelelist teekonda. H\u00f5lmates nii ladina kui ka slaavi maailma kultuurip\u00e4randit, on rumeenia keelel p\u00f5nev ajalugu ja p\u00f5nev grammatikas\u00fcsteem, mida uurida. Nii et olenemata sellest, kas olete pol\u00fcglottide entusiast v\u00f5i lihtsalt otsite uut keeleseiklust, kinnitage turvav\u00f6\u00f6 ja olge valmis avastama rumeenia keele grammatika ilu!<\/p>\n\n\n\n<h3 class=\"wp-block-heading\" id=\"h-1-the-alphabet-a-familiar-friend-with-a-twist\">1. T\u00e4hestik: tuttav s\u00f5ber, kellel on keerdk\u00e4ik<\/h3>\n\n\n\n<p>Rumeenia t\u00e4hestik p\u00f5hineb ladina t\u00e4hestikul, mis koosneb 31 t\u00e4hest. <a href=\"https:\/\/talkpal.ai\/learn-english\/\">Inglise<\/a> keele k\u00f5nelejate \u00f5nneks on see \u00fcsna sarnane <a href=\"https:\/\/talkpal.ai\/learn-english\/\">inglise<\/a> keele t\u00e4hestikule, kus on ainult m\u00f5ned lisat\u00e4hed, mis t\u00e4histavad konkreetseid rumeenia helisid. Natuke harjutades on p\u00f5hit\u00f5dede omandamine (n\u00e4iteks nime \u00f5igekiri v\u00f5i t\u00e4navasiltide lugemine) imelihtne!<\/p>\n\n\n\n<h3 class=\"wp-block-heading\" id=\"h-2-nouns-meet-cases-the-dynamic-duo\">2. Nimis\u00f5nad kohtuvad juhtumitega: d\u00fcnaamiline duo<\/h3>\n\n\n\n<p>Rumeenia nimis\u00f5nad jagunevad kolme sugu (mehelik, naiselik ja neuter) ning nad muutuvad vormi s\u00f5ltuvalt grammatilisest juhtumist (nominatiivne, genitiivne, datiivne, akusatiivne v\u00f5i kutsuv). Kuigi see v\u00f5ib alguses tunduda hirmutav, annab see s\u00fcsteem rumeenia keelele rikkuse, mis v\u00f5imaldab lausete koostamisel n\u00fcansse ja loovust, muutes teie keelelise teekonna veelgi rahuldustpakkuvamaks.<\/p>\n\n\n\n<h3 class=\"wp-block-heading\" id=\"h-3-verbs-conjugating-your-way-to-success\">3. Tegus\u00f5nad: oma tee edule konjugeerimine<\/h3>\n\n\n\n<p>Rumeenia verbi konjugatsioon, kuigi veidi sirgjoonelisem kui nimis\u00f5na deklensioon, on siiski mitmetahuline protsess. Verbid muudavad vormi s\u00f5ltuvalt ajavormist, meeleolust, h\u00e4\u00e4likust ning subjekti isikust ja numbrist. Nagu peenelt h\u00e4\u00e4lestatud instrument, v\u00f5ivad rumeenia verbid edastada mitmesuguseid tegevusi, emotsioone ja kavatsusi, v\u00f5imaldades nii t\u00e4pset kui ka poeetilist v\u00e4ljendust.<\/p>\n\n\n\n<h3 class=\"wp-block-heading\" id=\"h-4-flexible-word-order-shuffle-the-sentences\">4. Paindlik s\u00f5nade j\u00e4rjekord: segage lauseid<\/h3>\n\n\n\n<p>Rumeenia keel on s\u00f5nade j\u00e4rjekorra osas \u00fcsna paindlik, v\u00f5imaldades teil korraldada teemasid, tegus\u00f5nu ja objekte mitmel viisil, ilma et see kahjustaks t\u00e4hendust. See paindlikkus v\u00f5ib lisada r\u00f5hku, luua kontraste v\u00f5i lihtsalt muuta k\u00f5ne kaasahaaravamaks. Kui te hakkate rumeenia keelt \u00fcha paremini valdama, on teil l\u00f5bus katsetada erinevaid viise, kuidas <a href=\"https:\/\/talkpal.ai\/locations\/language-courses-in-sama\/\">sama<\/a> asja \u00f6elda, leides igas olukorras sobivaima tooni.<\/p>\n\n\n\n<h3 class=\"wp-block-heading\" id=\"h-5-wading-deeper-language-through-culture\">5. S\u00fcvenemine: keel kultuuri kaudu<\/h3>\n\n\n\n<p>Rumeenia keele t\u00f5eliseks hindamiseks peate sukelduma s\u00fcgavamale kultuuri, ajalukku ja m\u00f5tteviisi, mis keelt kujundas. Suhelge emakeelena k\u00f5nelejatega, uurige Rumeenia kirjandust ning sukelduge kohalikesse tavadesse ja traditsioonidesse. Seda tehes ei paranda mitte ainult oma keeleoskust, vaid avastad ka Rumeenia kultuuri mitmek\u00fclgset ilu.<\/p>\n\n\n\n<h3 class=\"wp-block-heading\" id=\"h-in-conclusion-embrace-the-magic-of-romanian-grammar\">Kokkuv\u00f5tteks: v\u00f5tke omaks rumeenia grammatika maagia<\/h3>\n\n\n\n<p>Rumeenia keele grammatika v\u00f5ib esialgu tunduda m\u00f5istatusena, kuid aja, kannatlikkuse ja suure keelehuviga suudate selle t\u00e4helepanuv\u00e4\u00e4rse keeleaarde saladused avada. Miks siis oodata? Alustage oma rumeenia keele teekonda juba t\u00e4na ja nautige selle grammatika, kultuuri ja kaasahaarava maailma ilu, mida see teile avab.<\/p>\n<\/div><\/div>\n\r\n<section class=\"learnNavigationSection\">\r\n            \r\n        <a href=\"https:\/\/talkpal.ai\/et\/opi-rumeenia-keel\/\">\r\n            <div class=\"learnNavigationWrapper\">\r\n                <div class=\"learnNavigationContent\">\r\n                    <img decoding=\"async\" src=\"https:\/\/talkpal.ai\/wp-content\/uploads\/2024\/08\/Romanian.jpg\" alt=\"Romanian Flag\">\r\n                    <div>\r\n                        <h4>Rumeenia keele \u00f5ppimise kohta<\/h4>\r\n                        <p>Uuri k\u00f5ike rumeenia keele grammatika kohta.<\/p>\r\n                    <\/div>\r\n                <\/div>\r\n            <\/div>\r\n        <\/a>\r\n\r\n        \r\n        <a href=\"https:\/\/talkpal.ai\/et\/rumeenia-keele-grammatika-harjutused\/\">\r\n            <div class=\"learnNavigationWrapper\">\r\n                <div class=\"learnNavigationContent\">\r\n                    <img decoding=\"async\" src=\"https:\/\/talkpal.ai\/wp-content\/uploads\/2024\/08\/Romanian.jpg\" alt=\"Romanian Flag\">\r\n                    <div>\r\n                        <h4>Rumeenia keele grammatika harjutus<\/h4>\r\n                        <p>Harjutage rumeenia keele grammatikat.<\/p>\r\n                    <\/div>\r\n                <\/div>\r\n            <\/div>\r\n        <\/a>\r\n\r\n        \r\n        <a href=\"https:\/\/talkpal.ai\/vocabulary_language\/romanian\/\">\r\n            <div class=\"learnNavigationWrapper\">\r\n                <div class=\"learnNavigationContent\">\r\n                    <img decoding=\"async\" src=\"https:\/\/talkpal.ai\/wp-content\/uploads\/2024\/08\/Romanian.jpg\" alt=\"Romanian Flag\">\r\n                    <div>\r\n                        <h4>Rumeenia keele s\u00f5navara<\/h4>\r\n                        <p>Laiendage oma rumeenia keele s\u00f5navara.<\/p>\r\n                    <\/div>\r\n                <\/div>\r\n            <\/div>\r\n        <\/a>\r\n\r\n            <\/section>","protected":false},"excerpt":{"rendered":"<p>Rumeenia grammatika saladuste lahti harutamine Rumeenia keel, ainus romaani keel, mida r\u00e4\u00e4gitakse Ida-Euroopas, pakub ainulaadset ja huvitavat keelelist teekonda. H\u00f5lmates nii ladina kui ka slaavi maailma kultuurip\u00e4randit, on rumeenia keelel p\u00f5nev ajalugu ja p\u00f5nev grammatikas\u00fcsteem, mida uurida. Nii et olenemata sellest, kas olete pol\u00fcglottide entusiast v\u00f5i lihtsalt otsite uut keeleseiklust, kinnitage turvav\u00f6\u00f6 ja olge valmis [&hellip;]<\/p>\n","protected":false},"author":1,"featured_media":117773,"parent":0,"menu_order":0,"comment_status":"closed","ping_status":"closed","template":"LearningContentPage.php","meta":{"_acf_changed":false,"footnotes":""},"class_list":["post-149328","page","type-page","status-publish","has-post-thumbnail","hentry"],"acf":[],"yoast_head":"<!-- This site is optimized with the Yoast SEO Premium plugin v27.2 (Yoast SEO v27.2) - https:\/\/yoast.com\/product\/yoast-seo-premium-wordpress\/ -->\n<title>Rumeenia keele grammatika - Talkpal<\/title>\n<meta name=\"description\" content=\"Avastage rumeenia keele grammatika p\u00f5nevat maailma ja avastage selle kauni romaani keele ainulaadsed omadused.\" \/>\n<meta name=\"robots\" content=\"index, follow, max-snippet:-1, max-image-preview:large, max-video-preview:-1\" \/>\n<link rel=\"canonical\" href=\"https:\/\/talkpal.ai\/et\/rumeenia-keele-grammatika\/\" \/>\n<meta property=\"og:locale\" content=\"et_EE\" \/>\n<meta property=\"og:type\" content=\"article\" \/>\n<meta property=\"og:title\" content=\"Rumeenia keele grammatika\" \/>\n<meta property=\"og:description\" content=\"Rumeenia grammatika saladuste lahti harutamine Rumeenia keel, ainus romaani keel, mida r\u00e4\u00e4gitakse Ida-Euroopas, pakub ainulaadset ja huvitavat keelelist\" \/>\n<meta property=\"og:url\" content=\"https:\/\/talkpal.ai\/et\/rumeenia-keele-grammatika\/\" \/>\n<meta property=\"og:site_name\" content=\"Talkpal\" \/>\n<meta property=\"article:publisher\" content=\"https:\/\/www.facebook.com\/profile.php?id=100090733639311\" \/>\n<meta property=\"article:modified_time\" content=\"2025-12-17T15:35:22+00:00\" \/>\n<meta property=\"og:image\" content=\"https:\/\/talkpal.ai\/wp-content\/uploads\/2023\/05\/romania.png\" \/>\n\t<meta property=\"og:image:width\" content=\"512\" \/>\n\t<meta property=\"og:image:height\" content=\"512\" \/>\n\t<meta property=\"og:image:type\" content=\"image\/png\" \/>\n<meta name=\"twitter:card\" content=\"summary_large_image\" \/>\n<meta name=\"twitter:site\" content=\"@talkpalai\" \/>\n<meta name=\"twitter:label1\" content=\"Est. reading time\" \/>\n\t<meta name=\"twitter:data1\" content=\"2 minutit\" \/>\n<script type=\"application\/ld+json\" class=\"yoast-schema-graph\">{\"@context\":\"https:\/\/schema.org\",\"@graph\":[{\"@type\":\"WebPage\",\"@id\":\"https:\/\/talkpal.ai\/et\/rumeenia-keele-grammatika\/\",\"url\":\"https:\/\/talkpal.ai\/et\/rumeenia-keele-grammatika\/\",\"name\":\"Rumeenia keele grammatika - Talkpal\",\"isPartOf\":{\"@id\":\"https:\/\/talkpal.ai\/et\/#website\"},\"primaryImageOfPage\":{\"@id\":\"https:\/\/talkpal.ai\/et\/rumeenia-keele-grammatika\/#primaryimage\"},\"image\":{\"@id\":\"https:\/\/talkpal.ai\/et\/rumeenia-keele-grammatika\/#primaryimage\"},\"thumbnailUrl\":\"https:\/\/talkpal.ai\/wp-content\/uploads\/2023\/05\/romania.png\",\"datePublished\":\"2023-05-14T14:19:07+00:00\",\"dateModified\":\"2025-12-17T15:35:22+00:00\",\"description\":\"Avastage rumeenia keele grammatika p\u00f5nevat maailma ja avastage selle kauni romaani keele ainulaadsed omadused.\",\"breadcrumb\":{\"@id\":\"https:\/\/talkpal.ai\/et\/rumeenia-keele-grammatika\/#breadcrumb\"},\"inLanguage\":\"et\",\"potentialAction\":[{\"@type\":\"ReadAction\",\"target\":[\"https:\/\/talkpal.ai\/et\/rumeenia-keele-grammatika\/\"]}]},{\"@type\":\"ImageObject\",\"inLanguage\":\"et\",\"@id\":\"https:\/\/talkpal.ai\/et\/rumeenia-keele-grammatika\/#primaryimage\",\"url\":\"https:\/\/talkpal.ai\/wp-content\/uploads\/2023\/05\/romania.png\",\"contentUrl\":\"https:\/\/talkpal.ai\/wp-content\/uploads\/2023\/05\/romania.png\",\"width\":512,\"height\":512},{\"@type\":\"BreadcrumbList\",\"@id\":\"https:\/\/talkpal.ai\/et\/rumeenia-keele-grammatika\/#breadcrumb\",\"itemListElement\":[{\"@type\":\"ListItem\",\"position\":1,\"name\":\"Homepage\",\"item\":\"https:\/\/talkpal.ai\/et\/\"},{\"@type\":\"ListItem\",\"position\":2,\"name\":\"Rumeenia keele grammatika\"}]},{\"@type\":\"WebSite\",\"@id\":\"https:\/\/talkpal.ai\/et\/#website\",\"url\":\"https:\/\/talkpal.ai\/et\/\",\"name\":\"Talkpal\",\"description\":\"AI Language Learning\",\"publisher\":{\"@id\":\"https:\/\/talkpal.ai\/et\/#organization\"},\"alternateName\":\"Talkpal AI\",\"potentialAction\":[{\"@type\":\"SearchAction\",\"target\":{\"@type\":\"EntryPoint\",\"urlTemplate\":\"https:\/\/talkpal.ai\/et\/?s={search_term_string}\"},\"query-input\":{\"@type\":\"PropertyValueSpecification\",\"valueRequired\":true,\"valueName\":\"search_term_string\"}}],\"inLanguage\":\"et\"},{\"@type\":\"Organization\",\"@id\":\"https:\/\/talkpal.ai\/et\/#organization\",\"name\":\"Talkpal, Inc.\",\"alternateName\":\"Talkpal AI\",\"url\":\"https:\/\/talkpal.ai\/et\/\",\"logo\":{\"@type\":\"ImageObject\",\"inLanguage\":\"et\",\"@id\":\"https:\/\/talkpal.ai\/et\/#\/schema\/logo\/image\/\",\"url\":\"https:\/\/talkpal.ai\/wp-content\/uploads\/2024\/03\/Talkpal-Logo-Icon.png\",\"contentUrl\":\"https:\/\/talkpal.ai\/wp-content\/uploads\/2024\/03\/Talkpal-Logo-Icon.png\",\"width\":2880,\"height\":2880,\"caption\":\"Talkpal, Inc.\"},\"image\":{\"@id\":\"https:\/\/talkpal.ai\/et\/#\/schema\/logo\/image\/\"},\"sameAs\":[\"https:\/\/www.facebook.com\/profile.php?id=100090733639311\",\"https:\/\/x.com\/talkpalai\",\"https:\/\/www.linkedin.com\/company\/talkpal\/\",\"https:\/\/www.youtube.com\/@TalkPal\/\",\"https:\/\/www.tiktok.com\/@talkpal\",\"https:\/\/www.instagram.com\/talkpal_ai\/\",\"https:\/\/www.crunchbase.com\/organization\/talkpal-9cde\",\"https:\/\/www.g2.com\/products\/talkpal-for-business\/\",\"https:\/\/www.trustpilot.com\/review\/talkpal.ai\",\"https:\/\/www.capterra.com\/p\/10006800\/TalkPal\/\"],\"description\":\"Talkpal is a language learning web and mobile education app, powered by the latest AI technologies, that provides engaging experiences to its customers in many different languages to help them improve their language skills. Users can chat about unlimited amount of topics with the app and use other modes to practice their language learning.\",\"email\":\"support@talkpal.ai\",\"legalName\":\"Talkpal, Inc.\",\"foundingDate\":\"2023-04-03\",\"duns\":\"118989042\",\"numberOfEmployees\":{\"@type\":\"QuantitativeValue\",\"minValue\":\"11\",\"maxValue\":\"50\"},\"publishingPrinciples\":\"https:\/\/talkpal.ai\/publishing-principles\/\",\"actionableFeedbackPolicy\":\"https:\/\/talkpal.ai\/actionable-feedback-policy\/\",\"correctionsPolicy\":\"https:\/\/talkpal.ai\/corrections-policy\/\",\"ethicsPolicy\":\"https:\/\/talkpal.ai\/ethics-policy\/\",\"diversityPolicy\":\"https:\/\/talkpal.ai\/diversity-policy\/\",\"diversityStaffingReport\":\"https:\/\/talkpal.ai\/diversity-policy\/\"}]}<\/script>\n<!-- \/ Yoast SEO Premium plugin. -->","yoast_head_json":{"title":"Rumeenia keele grammatika - Talkpal","description":"Avastage rumeenia keele grammatika p\u00f5nevat maailma ja avastage selle kauni romaani keele ainulaadsed omadused.","robots":{"index":"index","follow":"follow","max-snippet":"max-snippet:-1","max-image-preview":"max-image-preview:large","max-video-preview":"max-video-preview:-1"},"canonical":"https:\/\/talkpal.ai\/et\/rumeenia-keele-grammatika\/","og_locale":"et_EE","og_type":"article","og_title":"Rumeenia keele grammatika","og_description":"Rumeenia grammatika saladuste lahti harutamine Rumeenia keel, ainus romaani keel, mida r\u00e4\u00e4gitakse Ida-Euroopas, pakub ainulaadset ja huvitavat keelelist","og_url":"https:\/\/talkpal.ai\/et\/rumeenia-keele-grammatika\/","og_site_name":"Talkpal","article_publisher":"https:\/\/www.facebook.com\/profile.php?id=100090733639311","article_modified_time":"2025-12-17T15:35:22+00:00","og_image":[{"width":512,"height":512,"url":"https:\/\/talkpal.ai\/wp-content\/uploads\/2023\/05\/romania.png","type":"image\/png"}],"twitter_card":"summary_large_image","twitter_site":"@talkpalai","twitter_misc":{"Est. reading time":"2 minutit"},"schema":{"@context":"https:\/\/schema.org","@graph":[{"@type":"WebPage","@id":"https:\/\/talkpal.ai\/et\/rumeenia-keele-grammatika\/","url":"https:\/\/talkpal.ai\/et\/rumeenia-keele-grammatika\/","name":"Rumeenia keele grammatika - Talkpal","isPartOf":{"@id":"https:\/\/talkpal.ai\/et\/#website"},"primaryImageOfPage":{"@id":"https:\/\/talkpal.ai\/et\/rumeenia-keele-grammatika\/#primaryimage"},"image":{"@id":"https:\/\/talkpal.ai\/et\/rumeenia-keele-grammatika\/#primaryimage"},"thumbnailUrl":"https:\/\/talkpal.ai\/wp-content\/uploads\/2023\/05\/romania.png","datePublished":"2023-05-14T14:19:07+00:00","dateModified":"2025-12-17T15:35:22+00:00","description":"Avastage rumeenia keele grammatika p\u00f5nevat maailma ja avastage selle kauni romaani keele ainulaadsed omadused.","breadcrumb":{"@id":"https:\/\/talkpal.ai\/et\/rumeenia-keele-grammatika\/#breadcrumb"},"inLanguage":"et","potentialAction":[{"@type":"ReadAction","target":["https:\/\/talkpal.ai\/et\/rumeenia-keele-grammatika\/"]}]},{"@type":"ImageObject","inLanguage":"et","@id":"https:\/\/talkpal.ai\/et\/rumeenia-keele-grammatika\/#primaryimage","url":"https:\/\/talkpal.ai\/wp-content\/uploads\/2023\/05\/romania.png","contentUrl":"https:\/\/talkpal.ai\/wp-content\/uploads\/2023\/05\/romania.png","width":512,"height":512},{"@type":"BreadcrumbList","@id":"https:\/\/talkpal.ai\/et\/rumeenia-keele-grammatika\/#breadcrumb","itemListElement":[{"@type":"ListItem","position":1,"name":"Homepage","item":"https:\/\/talkpal.ai\/et\/"},{"@type":"ListItem","position":2,"name":"Rumeenia keele grammatika"}]},{"@type":"WebSite","@id":"https:\/\/talkpal.ai\/et\/#website","url":"https:\/\/talkpal.ai\/et\/","name":"Talkpal","description":"AI Language Learning","publisher":{"@id":"https:\/\/talkpal.ai\/et\/#organization"},"alternateName":"Talkpal AI","potentialAction":[{"@type":"SearchAction","target":{"@type":"EntryPoint","urlTemplate":"https:\/\/talkpal.ai\/et\/?s={search_term_string}"},"query-input":{"@type":"PropertyValueSpecification","valueRequired":true,"valueName":"search_term_string"}}],"inLanguage":"et"},{"@type":"Organization","@id":"https:\/\/talkpal.ai\/et\/#organization","name":"Talkpal, Inc.","alternateName":"Talkpal AI","url":"https:\/\/talkpal.ai\/et\/","logo":{"@type":"ImageObject","inLanguage":"et","@id":"https:\/\/talkpal.ai\/et\/#\/schema\/logo\/image\/","url":"https:\/\/talkpal.ai\/wp-content\/uploads\/2024\/03\/Talkpal-Logo-Icon.png","contentUrl":"https:\/\/talkpal.ai\/wp-content\/uploads\/2024\/03\/Talkpal-Logo-Icon.png","width":2880,"height":2880,"caption":"Talkpal, Inc."},"image":{"@id":"https:\/\/talkpal.ai\/et\/#\/schema\/logo\/image\/"},"sameAs":["https:\/\/www.facebook.com\/profile.php?id=100090733639311","https:\/\/x.com\/talkpalai","https:\/\/www.linkedin.com\/company\/talkpal\/","https:\/\/www.youtube.com\/@TalkPal\/","https:\/\/www.tiktok.com\/@talkpal","https:\/\/www.instagram.com\/talkpal_ai\/","https:\/\/www.crunchbase.com\/organization\/talkpal-9cde","https:\/\/www.g2.com\/products\/talkpal-for-business\/","https:\/\/www.trustpilot.com\/review\/talkpal.ai","https:\/\/www.capterra.com\/p\/10006800\/TalkPal\/"],"description":"Talkpal is a language learning web and mobile education app, powered by the latest AI technologies, that provides engaging experiences to its customers in many different languages to help them improve their language skills. Users can chat about unlimited amount of topics with the app and use other modes to practice their language learning.","email":"support@talkpal.ai","legalName":"Talkpal, Inc.","foundingDate":"2023-04-03","duns":"118989042","numberOfEmployees":{"@type":"QuantitativeValue","minValue":"11","maxValue":"50"},"publishingPrinciples":"https:\/\/talkpal.ai\/publishing-principles\/","actionableFeedbackPolicy":"https:\/\/talkpal.ai\/actionable-feedback-policy\/","correctionsPolicy":"https:\/\/talkpal.ai\/corrections-policy\/","ethicsPolicy":"https:\/\/talkpal.ai\/ethics-policy\/","diversityPolicy":"https:\/\/talkpal.ai\/diversity-policy\/","diversityStaffingReport":"https:\/\/talkpal.ai\/diversity-policy\/"}]}},"_links":{"self":[{"href":"https:\/\/talkpal.ai\/et\/wp-json\/wp\/v2\/pages\/149328","targetHints":{"allow":["GET"]}}],"collection":[{"href":"https:\/\/talkpal.ai\/et\/wp-json\/wp\/v2\/pages"}],"about":[{"href":"https:\/\/talkpal.ai\/et\/wp-json\/wp\/v2\/types\/page"}],"author":[{"embeddable":true,"href":"https:\/\/talkpal.ai\/et\/wp-json\/wp\/v2\/users\/1"}],"replies":[{"embeddable":true,"href":"https:\/\/talkpal.ai\/et\/wp-json\/wp\/v2\/comments?post=149328"}],"version-history":[{"count":0,"href":"https:\/\/talkpal.ai\/et\/wp-json\/wp\/v2\/pages\/149328\/revisions"}],"wp:featuredmedia":[{"embeddable":true,"href":"https:\/\/talkpal.ai\/et\/wp-json\/wp\/v2\/media\/117773"}],"wp:attachment":[{"href":"https:\/\/talkpal.ai\/et\/wp-json\/wp\/v2\/media?parent=149328"}],"curies":[{"name":"wp","href":"https:\/\/api.w.org\/{rel}","templated":true}]}}