{"id":148976,"date":"2023-05-14T14:18:46","date_gmt":"2023-05-14T14:18:46","guid":{"rendered":"http:\/\/talkpal.ai\/poola-keele-grammatika\/"},"modified":"2025-12-17T17:16:44","modified_gmt":"2025-12-17T17:16:44","slug":"poola-keele-grammatika","status":"publish","type":"page","link":"https:\/\/talkpal.ai\/et\/poola-keele-grammatika\/","title":{"rendered":"Poola keele grammatika"},"content":{"rendered":"\r\n\r\n\r\n<section class=\"languageChallengeSection\">\r\n    <div class=\"languageInfoWrapper\">\r\n        \r\n        <h1>Poola keele grammatika<\/h1>\r\n        <p>S\u00fcvenege <a href=\"https:\/\/talkpal.ai\/learn-polish\/\">poola<\/a> keele <a href=\"https:\/\/talkpal.ai\/greek-grammar\/\">grammatika<\/a> p\u00f5nevasse maailma ja avastage \u00fche Kesk-Euroopa k\u00f5ige levinuma keele alused. Oluliste reeglite omandamisega saate t\u00f5husamalt suhelda ja m\u00f5ista paremini <a href=\"https:\/\/talkpal.ai\/learn-polish\/\">poola<\/a> kultuuri. Alustage poola keele grammatika \u00f5ppimist juba t\u00e4na ja astuge esimene samm sujuva keeleoskuse suunas!<\/p>\r\n\r\n                            <a class=\"getStartedHidden\" href=\"https:\/\/app.talkpal.ai\/et\/signup?lng=\">Alusta<\/a>\r\n        \r\n    <\/div>\r\n\r\n    <figure>\r\n    <img decoding=\"async\" width=\"768\" height=\"768\" src=\"https:\/\/talkpal.ai\/wp-content\/uploads\/2023\/06\/polish-768x768.png\" class=\"languageImage no-lazy\" alt=\"Practical tips on language learning techniques\" fetchpriority=\"high\" sizes=\"(max-width: 768px) 150px, 768px\" srcset=\"https:\/\/talkpal.ai\/wp-content\/uploads\/2023\/06\/polish-768x768.png 768w, https:\/\/talkpal.ai\/wp-content\/uploads\/2023\/06\/polish-300x300.png 300w\" \/>\r\n    \r\n\r\n    <\/figure>\r\n\r\n            <a class=\"getStartedVisible\" href=\"https:\/\/app.talkpal.ai\/et\/signup?lng=\">Alusta<\/a>\r\n    \r\n<\/section>\r\n<section class=\"promotionalBanner\">\r\n    <p class=\"promotionalText\">K\u00f5ige t\u00f5husam viis keele \u00f5ppimiseks<\/p>\r\n    <a class=\"promotionalLink\" href=\"https:\/\/app.talkpal.ai\/et\/signup?lng=\">Proovige Talkpal tasuta<\/a>\r\n<\/section>\n<div class=\"wp-block-group pageContainerStyle\"><div class=\"wp-block-group__inner-container is-layout-constrained wp-block-group-is-layout-constrained\">\n<h2 class=\"wp-block-heading\" id=\"h-breaking-down-the-puzzle-of-polish-grammar\">Poola grammatika m\u00f5istatuse murdmine<\/h2>\n\n\n\n<p><a href=\"https:\/\/talkpal.ai\/et\/opi-poola-keel\/\">Poola keel<\/a>, slaavi keel, on ainulaadset keeleseiklust otsivatele keele\u00f5ppijatele nii v\u00e4ljakutsuv kui ka rahuldust pakkuv. Poola keelde sukeldudes avastate p\u00f5neva ajaloo ja kultuuri, mis t\u00e4iendab keele enda rikkust. Kuigi poola keele grammatika v\u00f5ib tunduda keeruline, muudab selle dekonstrueerimine hallatavateks elementideks \u00f5ppeprotsessi k\u00e4ttesaadavamaks. Selle artikli eesm\u00e4rk on tutvustada teile poola keele grammatika k\u00fctkestavat maailma ja anda juhiseid selle keerukuse lahendamiseks.<\/p>\n\n\n\n<h3 class=\"wp-block-heading\" id=\"h-1-noun-gender-and-cases\">1. Nimis\u00f5na sugu ja juhtumid<\/h3>\n\n\n\n<p>Poolakeelsetel nimis\u00f5nadel on grammatiline sugu &#8211; maskuliinne, feminiinne ja neutraalne -, mis m\u00f5jutab nendega seotud omaduss\u00f5nade, pronoomenite ja verbide vorme. Lisaks on poola keeles seitse grammatilist juhtumit: nominatiivne, genitiivne, datiivne, akusatiivne, instrumentaalne, lokatiivne ja vokaalne. Soo- ja juhtumis\u00fcsteemiga tutvumine on t\u00e4psete poolakeelsete lausete m\u00f5istmiseks ja koostamiseks \u00fclioluline.<\/p>\n\n\n\n<h3 class=\"wp-block-heading\" id=\"h-2-verb-conjugation-person-tense-and-aspect\">2. Verbi konjugatsioon: isik, pinge ja aspekt<\/h3>\n\n\n\n<p>Poola verbid tuleb konjugeerida vastavalt pingele, aspektile ja isikule (esimene, teine v\u00f5i kolmas). On kolm peamist ajastust: olevik, minevik ja tulevik. Lisaks on poola verbidel kaks aspekti: t\u00e4iuslik (l\u00f5petatud tegevuste puhul) ja ebat\u00e4iuslik (k\u00e4imasolevate v\u00f5i harjumusp\u00e4raselt teostatud toimingute puhul). Nende konjugatsioonireeglite valdamine parandab oluliselt teie verbaalset suhtlemisoskust poola keeles.<\/p>\n\n\n\n<h3 class=\"wp-block-heading\" id=\"h-3-adjectives-agreement-and-placement\">3. Omaduss\u00f5nad: leping ja paigutus<\/h3>\n\n\n\n<p>Poola omaduss\u00f5nad peavad n\u00f5ustuma nimis\u00f5naga, mida nad muudavad soo, arvu ja juhtumi osas. Omaduss\u00f5nad eelnevad tavaliselt nimis\u00f5nale, pakkudes lausele olulist kirjeldavat konteksti.<\/p>\n\n\n\n<p>N\u00e4ited:<\/p>\n\n\n\n<p>&#8211; czerwona sukienka (punane kleit)<\/p>\n\n\n\n<p>&#8211; pi\u0119kny ogr\u00f3d (ilus aed)<\/p>\n\n\n\n<h3 class=\"wp-block-heading\" id=\"h-4-pronouns-types-and-uses\">4. Ases\u00f5nad: t\u00fc\u00fcbid ja kasutusalad<\/h3>\n\n\n\n<p>Poola ases\u00f5nad on erinevates vormides, sealhulgas isiklikud, omastavad, refleksiivsed, demonstratiivsed ja k\u00fcsivad ases\u00f5nad. M\u00f5istmine, kuidas ja millal neid ases\u00f5nu kasutada, muudab teie poola keele grammatika t\u00e4psemaks ja parandab teie \u00fcldist keeleoskust.<\/p>\n\n\n\n<h3 class=\"wp-block-heading\" id=\"h-5-negation-conveying-the-opposite\">5. Eitus: vastupidise edastamine<\/h3>\n\n\n\n<p>Poola keele grammatikas saavutatakse eitamine, lisades s\u00f5na &#8220;nie&#8221; enne verbe, omaduss\u00f5nu, omaduss\u00f5nu v\u00f5i pronoomenit. Nimis\u00f5nadega lausete eitamise suhtes kehtivad siiski erireeglid, mis v\u00f5ivad n\u00f5uda t\u00e4iendavat eess\u00f5na v\u00f5i teistsugust nimis\u00f5na vormi. Nende eitusmustrite \u00e4ratundmine aitab teil oma kavandatud t\u00e4hendust poola keeles selgelt edasi anda.<\/p>\n\n\n\n<h3 class=\"wp-block-heading\" id=\"h-6-engage-with-the-language\">6. Suhelge keelega<\/h3>\n\n\n\n<p>K\u00f5ige t\u00f5husam viis poola keele grammatika m\u00f5istmiseks ja sisestamiseks on keelega regulaarselt suhelda. Alates poola kirjanduse lugemisest, poola filmide vaatamisest v\u00f5i aktiivselt emakeelena k\u00f5nelejatega suhtlemisest tugevdab erinevatesse kontekstidesse sukeldumine teie arusaamist grammatikast, laiendades samal ajal oma s\u00f5navara.<\/p>\n\n\n\n<h3 class=\"wp-block-heading\" id=\"h-conclusion\">Kokkuv\u00f5te<\/h3>\n\n\n\n<p>Kuigi poola keele grammatika v\u00f5ib tunduda keeruline, aitab j\u00e4rjepidev harjutamine ja sellega samm-sammult tegelemine teil seda ainulaadset keelt osata. V\u00f5tke v\u00e4ljakutse vastu, kui alustate oma poola keele teekonda, ja peagi leiate end enesekindlalt dekodeerimas selle grammatika keerukust. \u00d5nn oma \u00f5pingutes ja nautige poola keele grammatika kihtide uurimist!<\/p>\n<\/div><\/div>\n\r\n<section class=\"learnNavigationSection\">\r\n            \r\n        <a href=\"https:\/\/talkpal.ai\/et\/opi-poola-keel\/\">\r\n            <div class=\"learnNavigationWrapper\">\r\n                <div class=\"learnNavigationContent\">\r\n                    <img decoding=\"async\" src=\"https:\/\/talkpal.ai\/wp-content\/uploads\/2024\/08\/Polish.jpg\" alt=\"Polish Flag\">\r\n                    <div>\r\n                        <h4>Poola \u00f5ppimise kohta<\/h4>\r\n                        <p>Uuri k\u00f5ike poola keele grammatika kohta.<\/p>\r\n                    <\/div>\r\n                <\/div>\r\n            <\/div>\r\n        <\/a>\r\n\r\n        \r\n        <a href=\"https:\/\/talkpal.ai\/et\/poola-keele-grammatika-harjutused\/\">\r\n            <div class=\"learnNavigationWrapper\">\r\n                <div class=\"learnNavigationContent\">\r\n                    <img decoding=\"async\" src=\"https:\/\/talkpal.ai\/wp-content\/uploads\/2024\/08\/Polish.jpg\" alt=\"Polish Flag\">\r\n                    <div>\r\n                        <h4>Poola keele grammatika harjutus<\/h4>\r\n                        <p>Harjutage poola keele grammatikat.<\/p>\r\n                    <\/div>\r\n                <\/div>\r\n            <\/div>\r\n        <\/a>\r\n\r\n        \r\n        <a href=\"https:\/\/talkpal.ai\/vocabulary_language\/polish\/\">\r\n            <div class=\"learnNavigationWrapper\">\r\n                <div class=\"learnNavigationContent\">\r\n                    <img decoding=\"async\" src=\"https:\/\/talkpal.ai\/wp-content\/uploads\/2024\/08\/Polish.jpg\" alt=\"Polish Flag\">\r\n                    <div>\r\n                        <h4>Poola keele s\u00f5navara<\/h4>\r\n                        <p>Laiendage oma poola keele s\u00f5navara.<\/p>\r\n                    <\/div>\r\n                <\/div>\r\n            <\/div>\r\n        <\/a>\r\n\r\n            <\/section>","protected":false},"excerpt":{"rendered":"<p>Poola grammatika m\u00f5istatuse murdmine Poola keel, slaavi keel, on ainulaadset keeleseiklust otsivatele keele\u00f5ppijatele nii v\u00e4ljakutsuv kui ka rahuldust pakkuv. Poola keelde sukeldudes avastate p\u00f5neva ajaloo ja kultuuri, mis t\u00e4iendab keele enda rikkust. Kuigi poola keele grammatika v\u00f5ib tunduda keeruline, muudab selle dekonstrueerimine hallatavateks elementideks \u00f5ppeprotsessi k\u00e4ttesaadavamaks. Selle artikli eesm\u00e4rk on tutvustada teile poola keele grammatika [&hellip;]<\/p>\n","protected":false},"author":1,"featured_media":117461,"parent":0,"menu_order":0,"comment_status":"closed","ping_status":"closed","template":"LearningContentPage.php","meta":{"_acf_changed":false,"footnotes":""},"class_list":["post-148976","page","type-page","status-publish","has-post-thumbnail","hentry"],"acf":[],"yoast_head":"<!-- This site is optimized with the Yoast SEO Premium plugin v27.2 (Yoast SEO v27.2) - https:\/\/yoast.com\/product\/yoast-seo-premium-wordpress\/ -->\n<title>Poola keele grammatika - Talkpal<\/title>\n<meta name=\"description\" content=\"\u00d5ppige poola keele grammatikat interaktiivsete harjutustega, mis on m\u00f5eldud k\u00f5igile \u00f5ppetasemetele. T\u00f5husta oma poola keele oskust!\" \/>\n<meta name=\"robots\" content=\"index, follow, max-snippet:-1, max-image-preview:large, max-video-preview:-1\" \/>\n<link rel=\"canonical\" href=\"https:\/\/talkpal.ai\/et\/poola-keele-grammatika\/\" \/>\n<meta property=\"og:locale\" content=\"et_EE\" \/>\n<meta property=\"og:type\" content=\"article\" \/>\n<meta property=\"og:title\" content=\"Poola keele grammatika\" \/>\n<meta property=\"og:description\" content=\"Poola grammatika m\u00f5istatuse murdmine Poola keel, slaavi keel, on ainulaadset keeleseiklust otsivatele keele\u00f5ppijatele nii v\u00e4ljakutsuv kui ka rahuldust\" \/>\n<meta property=\"og:url\" content=\"https:\/\/talkpal.ai\/et\/poola-keele-grammatika\/\" \/>\n<meta property=\"og:site_name\" content=\"Talkpal\" \/>\n<meta property=\"article:publisher\" content=\"https:\/\/www.facebook.com\/profile.php?id=100090733639311\" \/>\n<meta property=\"article:modified_time\" content=\"2025-12-17T17:16:44+00:00\" \/>\n<meta property=\"og:image\" content=\"https:\/\/talkpal.ai\/wp-content\/uploads\/2023\/05\/poland.png\" \/>\n\t<meta property=\"og:image:width\" content=\"512\" \/>\n\t<meta property=\"og:image:height\" content=\"512\" \/>\n\t<meta property=\"og:image:type\" content=\"image\/png\" \/>\n<meta name=\"twitter:card\" content=\"summary_large_image\" \/>\n<meta name=\"twitter:site\" content=\"@talkpalai\" \/>\n<meta name=\"twitter:label1\" content=\"Est. reading time\" \/>\n\t<meta name=\"twitter:data1\" content=\"2 minutit\" \/>\n<script type=\"application\/ld+json\" class=\"yoast-schema-graph\">{\"@context\":\"https:\/\/schema.org\",\"@graph\":[{\"@type\":\"WebPage\",\"@id\":\"https:\/\/talkpal.ai\/et\/poola-keele-grammatika\/\",\"url\":\"https:\/\/talkpal.ai\/et\/poola-keele-grammatika\/\",\"name\":\"Poola keele grammatika - Talkpal\",\"isPartOf\":{\"@id\":\"https:\/\/talkpal.ai\/et\/#website\"},\"primaryImageOfPage\":{\"@id\":\"https:\/\/talkpal.ai\/et\/poola-keele-grammatika\/#primaryimage\"},\"image\":{\"@id\":\"https:\/\/talkpal.ai\/et\/poola-keele-grammatika\/#primaryimage\"},\"thumbnailUrl\":\"https:\/\/talkpal.ai\/wp-content\/uploads\/2023\/05\/poland.png\",\"datePublished\":\"2023-05-14T14:18:46+00:00\",\"dateModified\":\"2025-12-17T17:16:44+00:00\",\"description\":\"\u00d5ppige poola keele grammatikat interaktiivsete harjutustega, mis on m\u00f5eldud k\u00f5igile \u00f5ppetasemetele. T\u00f5husta oma poola keele oskust!\",\"breadcrumb\":{\"@id\":\"https:\/\/talkpal.ai\/et\/poola-keele-grammatika\/#breadcrumb\"},\"inLanguage\":\"et\",\"potentialAction\":[{\"@type\":\"ReadAction\",\"target\":[\"https:\/\/talkpal.ai\/et\/poola-keele-grammatika\/\"]}]},{\"@type\":\"ImageObject\",\"inLanguage\":\"et\",\"@id\":\"https:\/\/talkpal.ai\/et\/poola-keele-grammatika\/#primaryimage\",\"url\":\"https:\/\/talkpal.ai\/wp-content\/uploads\/2023\/05\/poland.png\",\"contentUrl\":\"https:\/\/talkpal.ai\/wp-content\/uploads\/2023\/05\/poland.png\",\"width\":512,\"height\":512},{\"@type\":\"BreadcrumbList\",\"@id\":\"https:\/\/talkpal.ai\/et\/poola-keele-grammatika\/#breadcrumb\",\"itemListElement\":[{\"@type\":\"ListItem\",\"position\":1,\"name\":\"Homepage\",\"item\":\"https:\/\/talkpal.ai\/et\/\"},{\"@type\":\"ListItem\",\"position\":2,\"name\":\"Poola keele grammatika\"}]},{\"@type\":\"WebSite\",\"@id\":\"https:\/\/talkpal.ai\/et\/#website\",\"url\":\"https:\/\/talkpal.ai\/et\/\",\"name\":\"Talkpal\",\"description\":\"AI Language Learning\",\"publisher\":{\"@id\":\"https:\/\/talkpal.ai\/et\/#organization\"},\"alternateName\":\"Talkpal AI\",\"potentialAction\":[{\"@type\":\"SearchAction\",\"target\":{\"@type\":\"EntryPoint\",\"urlTemplate\":\"https:\/\/talkpal.ai\/et\/?s={search_term_string}\"},\"query-input\":{\"@type\":\"PropertyValueSpecification\",\"valueRequired\":true,\"valueName\":\"search_term_string\"}}],\"inLanguage\":\"et\"},{\"@type\":\"Organization\",\"@id\":\"https:\/\/talkpal.ai\/et\/#organization\",\"name\":\"Talkpal, Inc.\",\"alternateName\":\"Talkpal AI\",\"url\":\"https:\/\/talkpal.ai\/et\/\",\"logo\":{\"@type\":\"ImageObject\",\"inLanguage\":\"et\",\"@id\":\"https:\/\/talkpal.ai\/et\/#\/schema\/logo\/image\/\",\"url\":\"https:\/\/talkpal.ai\/wp-content\/uploads\/2024\/03\/Talkpal-Logo-Icon.png\",\"contentUrl\":\"https:\/\/talkpal.ai\/wp-content\/uploads\/2024\/03\/Talkpal-Logo-Icon.png\",\"width\":2880,\"height\":2880,\"caption\":\"Talkpal, Inc.\"},\"image\":{\"@id\":\"https:\/\/talkpal.ai\/et\/#\/schema\/logo\/image\/\"},\"sameAs\":[\"https:\/\/www.facebook.com\/profile.php?id=100090733639311\",\"https:\/\/x.com\/talkpalai\",\"https:\/\/www.linkedin.com\/company\/talkpal\/\",\"https:\/\/www.youtube.com\/@TalkPal\/\",\"https:\/\/www.tiktok.com\/@talkpal\",\"https:\/\/www.instagram.com\/talkpal_ai\/\",\"https:\/\/www.crunchbase.com\/organization\/talkpal-9cde\",\"https:\/\/www.g2.com\/products\/talkpal-for-business\/\",\"https:\/\/www.trustpilot.com\/review\/talkpal.ai\",\"https:\/\/www.capterra.com\/p\/10006800\/TalkPal\/\"],\"description\":\"Talkpal is a language learning web and mobile education app, powered by the latest AI technologies, that provides engaging experiences to its customers in many different languages to help them improve their language skills. Users can chat about unlimited amount of topics with the app and use other modes to practice their language learning.\",\"email\":\"support@talkpal.ai\",\"legalName\":\"Talkpal, Inc.\",\"foundingDate\":\"2023-04-03\",\"duns\":\"118989042\",\"numberOfEmployees\":{\"@type\":\"QuantitativeValue\",\"minValue\":\"11\",\"maxValue\":\"50\"},\"publishingPrinciples\":\"https:\/\/talkpal.ai\/publishing-principles\/\",\"actionableFeedbackPolicy\":\"https:\/\/talkpal.ai\/actionable-feedback-policy\/\",\"correctionsPolicy\":\"https:\/\/talkpal.ai\/corrections-policy\/\",\"ethicsPolicy\":\"https:\/\/talkpal.ai\/ethics-policy\/\",\"diversityPolicy\":\"https:\/\/talkpal.ai\/diversity-policy\/\",\"diversityStaffingReport\":\"https:\/\/talkpal.ai\/diversity-policy\/\"}]}<\/script>\n<!-- \/ Yoast SEO Premium plugin. -->","yoast_head_json":{"title":"Poola keele grammatika - Talkpal","description":"\u00d5ppige poola keele grammatikat interaktiivsete harjutustega, mis on m\u00f5eldud k\u00f5igile \u00f5ppetasemetele. T\u00f5husta oma poola keele oskust!","robots":{"index":"index","follow":"follow","max-snippet":"max-snippet:-1","max-image-preview":"max-image-preview:large","max-video-preview":"max-video-preview:-1"},"canonical":"https:\/\/talkpal.ai\/et\/poola-keele-grammatika\/","og_locale":"et_EE","og_type":"article","og_title":"Poola keele grammatika","og_description":"Poola grammatika m\u00f5istatuse murdmine Poola keel, slaavi keel, on ainulaadset keeleseiklust otsivatele keele\u00f5ppijatele nii v\u00e4ljakutsuv kui ka rahuldust","og_url":"https:\/\/talkpal.ai\/et\/poola-keele-grammatika\/","og_site_name":"Talkpal","article_publisher":"https:\/\/www.facebook.com\/profile.php?id=100090733639311","article_modified_time":"2025-12-17T17:16:44+00:00","og_image":[{"width":512,"height":512,"url":"https:\/\/talkpal.ai\/wp-content\/uploads\/2023\/05\/poland.png","type":"image\/png"}],"twitter_card":"summary_large_image","twitter_site":"@talkpalai","twitter_misc":{"Est. reading time":"2 minutit"},"schema":{"@context":"https:\/\/schema.org","@graph":[{"@type":"WebPage","@id":"https:\/\/talkpal.ai\/et\/poola-keele-grammatika\/","url":"https:\/\/talkpal.ai\/et\/poola-keele-grammatika\/","name":"Poola keele grammatika - Talkpal","isPartOf":{"@id":"https:\/\/talkpal.ai\/et\/#website"},"primaryImageOfPage":{"@id":"https:\/\/talkpal.ai\/et\/poola-keele-grammatika\/#primaryimage"},"image":{"@id":"https:\/\/talkpal.ai\/et\/poola-keele-grammatika\/#primaryimage"},"thumbnailUrl":"https:\/\/talkpal.ai\/wp-content\/uploads\/2023\/05\/poland.png","datePublished":"2023-05-14T14:18:46+00:00","dateModified":"2025-12-17T17:16:44+00:00","description":"\u00d5ppige poola keele grammatikat interaktiivsete harjutustega, mis on m\u00f5eldud k\u00f5igile \u00f5ppetasemetele. T\u00f5husta oma poola keele oskust!","breadcrumb":{"@id":"https:\/\/talkpal.ai\/et\/poola-keele-grammatika\/#breadcrumb"},"inLanguage":"et","potentialAction":[{"@type":"ReadAction","target":["https:\/\/talkpal.ai\/et\/poola-keele-grammatika\/"]}]},{"@type":"ImageObject","inLanguage":"et","@id":"https:\/\/talkpal.ai\/et\/poola-keele-grammatika\/#primaryimage","url":"https:\/\/talkpal.ai\/wp-content\/uploads\/2023\/05\/poland.png","contentUrl":"https:\/\/talkpal.ai\/wp-content\/uploads\/2023\/05\/poland.png","width":512,"height":512},{"@type":"BreadcrumbList","@id":"https:\/\/talkpal.ai\/et\/poola-keele-grammatika\/#breadcrumb","itemListElement":[{"@type":"ListItem","position":1,"name":"Homepage","item":"https:\/\/talkpal.ai\/et\/"},{"@type":"ListItem","position":2,"name":"Poola keele grammatika"}]},{"@type":"WebSite","@id":"https:\/\/talkpal.ai\/et\/#website","url":"https:\/\/talkpal.ai\/et\/","name":"Talkpal","description":"AI Language Learning","publisher":{"@id":"https:\/\/talkpal.ai\/et\/#organization"},"alternateName":"Talkpal AI","potentialAction":[{"@type":"SearchAction","target":{"@type":"EntryPoint","urlTemplate":"https:\/\/talkpal.ai\/et\/?s={search_term_string}"},"query-input":{"@type":"PropertyValueSpecification","valueRequired":true,"valueName":"search_term_string"}}],"inLanguage":"et"},{"@type":"Organization","@id":"https:\/\/talkpal.ai\/et\/#organization","name":"Talkpal, Inc.","alternateName":"Talkpal AI","url":"https:\/\/talkpal.ai\/et\/","logo":{"@type":"ImageObject","inLanguage":"et","@id":"https:\/\/talkpal.ai\/et\/#\/schema\/logo\/image\/","url":"https:\/\/talkpal.ai\/wp-content\/uploads\/2024\/03\/Talkpal-Logo-Icon.png","contentUrl":"https:\/\/talkpal.ai\/wp-content\/uploads\/2024\/03\/Talkpal-Logo-Icon.png","width":2880,"height":2880,"caption":"Talkpal, Inc."},"image":{"@id":"https:\/\/talkpal.ai\/et\/#\/schema\/logo\/image\/"},"sameAs":["https:\/\/www.facebook.com\/profile.php?id=100090733639311","https:\/\/x.com\/talkpalai","https:\/\/www.linkedin.com\/company\/talkpal\/","https:\/\/www.youtube.com\/@TalkPal\/","https:\/\/www.tiktok.com\/@talkpal","https:\/\/www.instagram.com\/talkpal_ai\/","https:\/\/www.crunchbase.com\/organization\/talkpal-9cde","https:\/\/www.g2.com\/products\/talkpal-for-business\/","https:\/\/www.trustpilot.com\/review\/talkpal.ai","https:\/\/www.capterra.com\/p\/10006800\/TalkPal\/"],"description":"Talkpal is a language learning web and mobile education app, powered by the latest AI technologies, that provides engaging experiences to its customers in many different languages to help them improve their language skills. Users can chat about unlimited amount of topics with the app and use other modes to practice their language learning.","email":"support@talkpal.ai","legalName":"Talkpal, Inc.","foundingDate":"2023-04-03","duns":"118989042","numberOfEmployees":{"@type":"QuantitativeValue","minValue":"11","maxValue":"50"},"publishingPrinciples":"https:\/\/talkpal.ai\/publishing-principles\/","actionableFeedbackPolicy":"https:\/\/talkpal.ai\/actionable-feedback-policy\/","correctionsPolicy":"https:\/\/talkpal.ai\/corrections-policy\/","ethicsPolicy":"https:\/\/talkpal.ai\/ethics-policy\/","diversityPolicy":"https:\/\/talkpal.ai\/diversity-policy\/","diversityStaffingReport":"https:\/\/talkpal.ai\/diversity-policy\/"}]}},"_links":{"self":[{"href":"https:\/\/talkpal.ai\/et\/wp-json\/wp\/v2\/pages\/148976","targetHints":{"allow":["GET"]}}],"collection":[{"href":"https:\/\/talkpal.ai\/et\/wp-json\/wp\/v2\/pages"}],"about":[{"href":"https:\/\/talkpal.ai\/et\/wp-json\/wp\/v2\/types\/page"}],"author":[{"embeddable":true,"href":"https:\/\/talkpal.ai\/et\/wp-json\/wp\/v2\/users\/1"}],"replies":[{"embeddable":true,"href":"https:\/\/talkpal.ai\/et\/wp-json\/wp\/v2\/comments?post=148976"}],"version-history":[{"count":0,"href":"https:\/\/talkpal.ai\/et\/wp-json\/wp\/v2\/pages\/148976\/revisions"}],"wp:featuredmedia":[{"embeddable":true,"href":"https:\/\/talkpal.ai\/et\/wp-json\/wp\/v2\/media\/117461"}],"wp:attachment":[{"href":"https:\/\/talkpal.ai\/et\/wp-json\/wp\/v2\/media?parent=148976"}],"curies":[{"name":"wp","href":"https:\/\/api.w.org\/{rel}","templated":true}]}}