{"id":148653,"date":"2023-05-14T14:18:22","date_gmt":"2023-05-14T14:18:22","guid":{"rendered":"http:\/\/talkpal.ai\/parsia-keele-grammatika\/"},"modified":"2025-12-12T10:54:17","modified_gmt":"2025-12-12T10:54:17","slug":"parsia-keele-grammatika","status":"publish","type":"page","link":"https:\/\/talkpal.ai\/et\/parsia-keele-grammatika\/","title":{"rendered":"P\u00e4rsia keele grammatika"},"content":{"rendered":"\r\n\r\n\r\n<section class=\"languageChallengeSection\">\r\n    <div class=\"languageInfoWrapper\">\r\n        \r\n        <h1>P\u00e4rsia keele grammatika<\/h1>\r\n        <p><a href=\"https:\/\/talkpal.ai\/learn-persian\/\">P\u00e4rsia<\/a> keelest huvitatud? Tutvuge <a href=\"https:\/\/talkpal.ai\/learn-persian\/\">p\u00e4rsia<\/a> keele grammatikaga, mis on tuntud oma lihtsuse poolest &#8211; no substantiivi sugu, lihtsad verbi\u00fchendused ja paindlik lauseehitus teevad selle v\u00e4rskendavalt k\u00e4ttesaadavaks. Alustage oma p\u00e4rsia keele seiklust juba t\u00e4na &#8211; selle keele <a href=\"https:\/\/talkpal.ai\/greek-grammar\/\">grammatika<\/a> omandamine avab teile uusi suhtlemisv\u00f5imalusi ning aitab teil tutvuda Iraani ja teiste riikide rikkaliku luule ja kultuuriga!<\/p>\r\n\r\n                            <a class=\"getStartedHidden\" href=\"https:\/\/app.talkpal.ai\/et\/signup?lng=\">Alusta<\/a>\r\n        \r\n    <\/div>\r\n\r\n    <figure>\r\n    <img decoding=\"async\" width=\"768\" height=\"768\" src=\"https:\/\/talkpal.ai\/wp-content\/uploads\/2023\/06\/persian-768x768.png\" class=\"languageImage no-lazy\" alt=\"Language learning to comprehend global news\" fetchpriority=\"high\" sizes=\"(max-width: 768px) 150px, 768px\" srcset=\"https:\/\/talkpal.ai\/wp-content\/uploads\/2023\/06\/persian-768x768.png 768w, https:\/\/talkpal.ai\/wp-content\/uploads\/2023\/06\/persian-300x300.png 300w\" \/>\r\n    \r\n\r\n    <\/figure>\r\n\r\n            <a class=\"getStartedVisible\" href=\"https:\/\/app.talkpal.ai\/et\/signup?lng=\">Alusta<\/a>\r\n    \r\n<\/section>\r\n<section class=\"promotionalBanner\">\r\n    <p class=\"promotionalText\">K\u00f5ige t\u00f5husam viis keele \u00f5ppimiseks<\/p>\r\n    <a class=\"promotionalLink\" href=\"https:\/\/app.talkpal.ai\/et\/signup?lng=\">Proovige Talkpal tasuta<\/a>\r\n<\/section>\n<div class=\"wp-block-group pageContainerStyle\"><div class=\"wp-block-group__inner-container is-layout-constrained wp-block-group-is-layout-constrained\">\n<h2 class=\"wp-block-heading\" id=\"h-mastering-persian-grammar-your-ultimate-guide\">P\u00e4rsia grammatika valdamine: teie \u00fclim juhend<\/h2>\n\n\n\n<p>Salam, <a href=\"https:\/\/talkpal.ai\/talkpal-discount-for-language-enthusiasts\/\">keelehuvilised<\/a>! Kas olete valmis <a href=\"https:\/\/talkpal.ai\/ko\/ai-%ec%96%b8%ec%96%b4-%ea%b5%90%ec%82%ac\/\">alustama<\/a> teekonda <a href=\"https:\/\/talkpal.ai\/persian-grammar\/\">p\u00e4rsia keele grammatika<\/a> maailma? Olete j\u00f5udnud \u00f5igesse kohta. See artikkel, mis on t\u00e4is kergesti m\u00f5istetavat teavet ja vestluslikku tooni, juhatab teid l\u00e4bi p\u00e4rsia grammatika k\u00fctkestava valdkonna. Peagi suudate luua lauseid ja pidada emakeelena k\u00f5nelejatega sisukaid vestlusi. Niisiis, alustame p\u00e4rsia keele grammatika saladuste avamist!<\/p>\n\n\n\n<p><strong>Aga k\u00f5igepealt, miks p\u00e4rsia grammatika?<\/strong><\/p>\n\n\n\n<p>Kui \u00f5pite p\u00e4rsia keelt, on grammatika tugev alus oluline, et vabalt r\u00e4\u00e4kida, lugeda ja kirjutada. Kuigi p\u00e4rsia keele grammatika v\u00f5ib esialgu tunduda keeruline, muutub see ligip\u00e4\u00e4setavamaks, kui jagate selle v\u00e4iksemateks, paremini hallatavateks segmentideks. Niisiis, alustame oma teekonda p\u00e4rsia keele grammatika omandamiseks!<\/p>\n\n\n\n<h3 class=\"wp-block-heading\" id=\"h-1-nouns-gender-and-number\">1. Nimis\u00f5nad, sugu ja arv<\/h3>\n\n\n\n<p>P\u00e4rsia keeles ei ole nimis\u00f5nadel sugu, mis teeb selle lihtsamaks kui paljudes teistes keeltes. Nimis\u00f5nade ainsuse vorm j\u00e4\u00e4b samaks, samas kui mitmuse vorm l\u00f5peb tavaliselt &#8220;-\u0647\u0627&#8221; v\u00f5i &#8220;-\u0627\u0646&#8221;. N\u00e4iteks:<\/p>\n\n\n\n<p>&#8211; \u06a9\u062a\u0627\u0628 (ket\u0101b &#8211; raamat)<\/p>\n\n\n\n<p>&#8211; \u06a9\u062a\u0627\u0628\u0647\u0627 (ket\u0101b-h\u0101 &#8211; raamatud)<\/p>\n\n\n\n<h3 class=\"wp-block-heading\" id=\"h-2-adjectives-agreement-and-definite-articles\">2. Omaduss\u00f5nad, kokkulepe ja kindlad artiklid<\/h3>\n\n\n\n<p>P\u00e4rsia keele omaduss\u00f5nad j\u00e4rgnevad tavaliselt p\u00f5his\u00f5nale, mida nad modifitseerivad, ja ei pea olema sugu v\u00f5i arvult \u00fchesugused. N\u00e4iteks:<\/p>\n\n\n\n<p><strong>&#8211; \u062e\u0627\u0646\u0647 \u0628\u0632\u0631\u06af (kh\u0101ne bozorg &#8211; suur maja)<\/strong><\/p>\n\n\n\n<p><strong>&#8211; \u0645\u0646\u0632\u0644 \u06a9\u0648\u0686\u06a9 (manzel kuchak &#8211; v\u00e4ike maja)<\/strong><\/p>\n\n\n\n<p>P\u00e4rsia keeles puudub m\u00e4\u00e4rav artikkel, kuid m\u00e4\u00e4ramata artikkel lisatakse j\u00e4relliite &#8220;-\u06cc&#8221; (i) abil ainsuses olevate s\u00f5nade puhul.<\/p>\n\n\n\n<h3 class=\"wp-block-heading\" id=\"h-3-verbs-tense-and-conjugation\">3. Verbid, ajavormid ja konjugatsioon<\/h3>\n\n\n\n<p>P\u00e4rsia verbid m\u00e4ngivad grammatikas kriitilist rolli ja on lausete konstrueerimiseks h\u00e4davajalikud. Igal verbil on juur, mis \u00fchendab erinevaid eesliiteid ja sufikseid, et n\u00e4idata pinget ja kokkulepet teemaga.<\/p>\n\n\n\n<p>Et anda teile l\u00fchi\u00fclevaade, arutame korrap\u00e4raseid verbe oleviku ajas:<\/p>\n\n\n\n<p><strong>&#8211; \u0645\u0646 \u0645\u06cc\u062e\u0648\u0627\u0646\u0645 (man mikh\u0101nam &#8211; ma loen)<\/strong><\/p>\n\n\n\n<p><strong>&#8211; \u062a\u0648 \u0645\u06cc\u062e\u0648\u0627\u0646\u06cc (to mikh\u0101ni &#8211; sa loed, mitteametlik)<\/strong><\/p>\n\n\n\n<p><strong>&#8211; \u0627\u0648 \u0645\u06cc\u062e\u0648\u0627\u0646\u062f (u mikh\u0101nad &#8211; ta\/ne loeb)<\/strong><\/p>\n\n\n\n<p>Pidage meeles, et see on alles algus! P\u00e4rsia grammatikasse s\u00fcvenedes kohtate mitmesuguseid muid ajavorme, ebaregulaarseid tegus\u00f5nu ja keerukusi.<\/p>\n\n\n\n<h3 class=\"wp-block-heading\" id=\"h-4-pronouns-prepositions-and-more\">4. Ases\u00f5nad, eess\u00f5nad ja palju muud!<\/h3>\n\n\n\n<p>P\u00e4rsia keele grammatika h\u00f5lmab ka teisi komponente, nagu pronoomenid (\u0645\u0646, \u062a\u0648, \u0627\u0648 jne), prepositsioonid (\u0628\u0647, \u0627\u0632, \u062f\u0631 jne) ja idiomaatilised v\u00e4ljendid. <a href=\"https:\/\/talkpal.ai\/locations\/language-courses-in-iga\/\">Iga<\/a> elemendi omandamine samm-sammult on v\u00f5ti p\u00e4rsia keele sujuva valdamise saavutamiseks.<\/p>\n\n\n\n<p>Kokkuv\u00f5tteks, p\u00e4rsia keele grammatika omandamiseks ei ole mingit otseteed. See n\u00f5uab p\u00fcsivust, harjutamist ja kannatlikkust. Kuid kui olete selle keerukust m\u00f5istnud, olete h\u00e4sti varustatud, et hinnata p\u00e4rsia keeles vestlemise n\u00fcansse, uurida p\u00e4rsia keelt k\u00f5nelevate piirkondade rikkalikku kultuuri ja ajalugu ning s\u00fcvendada oma armastust selle keele vastu. \u0645\u0648\u0641\u0642 \u0628\u0627\u0634\u06cc\u062f (movaffagh b\u0101shid &#8211; palju \u00f5nne)!<\/p>\n<\/div><\/div>\n\r\n<section class=\"learnNavigationSection\">\r\n            \r\n        <a href=\"https:\/\/talkpal.ai\/et\/opi-parsia-keel\/\">\r\n            <div class=\"learnNavigationWrapper\">\r\n                <div class=\"learnNavigationContent\">\r\n                    <img decoding=\"async\" src=\"https:\/\/talkpal.ai\/wp-content\/uploads\/2024\/08\/Persian.jpg\" alt=\"Persian Flag\">\r\n                    <div>\r\n                        <h4>P\u00e4rsia keele \u00f5ppimise kohta<\/h4>\r\n                        <p>Uuri k\u00f5ike p\u00e4rsia keele grammatika kohta.<\/p>\r\n                    <\/div>\r\n                <\/div>\r\n            <\/div>\r\n        <\/a>\r\n\r\n        \r\n        <a href=\"https:\/\/talkpal.ai\/et\/parsia-keele-grammatika-harjutused\/\">\r\n            <div class=\"learnNavigationWrapper\">\r\n                <div class=\"learnNavigationContent\">\r\n                    <img decoding=\"async\" src=\"https:\/\/talkpal.ai\/wp-content\/uploads\/2024\/08\/Persian.jpg\" alt=\"Persian Flag\">\r\n                    <div>\r\n                        <h4>P\u00e4rsia keele grammatika harjutus<\/h4>\r\n                        <p>Harjutage p\u00e4rsia keele grammatikat.<\/p>\r\n                    <\/div>\r\n                <\/div>\r\n            <\/div>\r\n        <\/a>\r\n\r\n        \r\n        <a href=\"https:\/\/talkpal.ai\/vocabulary_language\/persian\/\">\r\n            <div class=\"learnNavigationWrapper\">\r\n                <div class=\"learnNavigationContent\">\r\n                    <img decoding=\"async\" src=\"https:\/\/talkpal.ai\/wp-content\/uploads\/2024\/08\/Persian.jpg\" alt=\"Persian Flag\">\r\n                    <div>\r\n                        <h4>P\u00e4rsia keele s\u00f5navara<\/h4>\r\n                        <p>Laiendage oma p\u00e4rsia keele s\u00f5navara.<\/p>\r\n                    <\/div>\r\n                <\/div>\r\n            <\/div>\r\n        <\/a>\r\n\r\n            <\/section>","protected":false},"excerpt":{"rendered":"<p>P\u00e4rsia grammatika valdamine: teie \u00fclim juhend Salam, keelehuvilised! Kas olete valmis alustama teekonda p\u00e4rsia keele grammatika maailma? Olete j\u00f5udnud \u00f5igesse kohta. See artikkel, mis on t\u00e4is kergesti m\u00f5istetavat teavet ja vestluslikku tooni, juhatab teid l\u00e4bi p\u00e4rsia grammatika k\u00fctkestava valdkonna. Peagi suudate luua lauseid ja pidada emakeelena k\u00f5nelejatega sisukaid vestlusi. Niisiis, alustame p\u00e4rsia keele grammatika saladuste [&hellip;]<\/p>\n","protected":false},"author":1,"featured_media":117227,"parent":0,"menu_order":0,"comment_status":"closed","ping_status":"closed","template":"LearningContentPage.php","meta":{"_acf_changed":false,"footnotes":""},"class_list":["post-148653","page","type-page","status-publish","has-post-thumbnail","hentry"],"acf":[],"yoast_head":"<!-- This site is optimized with the Yoast SEO Premium plugin v27.2 (Yoast SEO v27.2) - https:\/\/yoast.com\/product\/yoast-seo-premium-wordpress\/ -->\n<title>P\u00e4rsia keele grammatika - Talkpal<\/title>\n<meta name=\"description\" content=\"Tutvuge p\u00e4rsia keele grammatika keerukustega, et parandada oma arusaamist p\u00e4rsia keelest ja selle ladusat valdamist.\" \/>\n<meta name=\"robots\" content=\"index, follow, max-snippet:-1, max-image-preview:large, max-video-preview:-1\" \/>\n<link rel=\"canonical\" href=\"https:\/\/talkpal.ai\/et\/parsia-keele-grammatika\/\" \/>\n<meta property=\"og:locale\" content=\"et_EE\" \/>\n<meta property=\"og:type\" content=\"article\" \/>\n<meta property=\"og:title\" content=\"P\u00e4rsia keele grammatika\" \/>\n<meta property=\"og:description\" content=\"P\u00e4rsia grammatika valdamine: teie \u00fclim juhend Salam, keelehuvilised! Kas olete valmis alustama teekonda p\u00e4rsia keele grammatika maailma? Olete j\u00f5udnud\" \/>\n<meta property=\"og:url\" content=\"https:\/\/talkpal.ai\/et\/parsia-keele-grammatika\/\" \/>\n<meta property=\"og:site_name\" content=\"Talkpal\" \/>\n<meta property=\"article:publisher\" content=\"https:\/\/www.facebook.com\/profile.php?id=100090733639311\" \/>\n<meta property=\"article:modified_time\" content=\"2025-12-12T10:54:17+00:00\" \/>\n<meta property=\"og:image\" content=\"https:\/\/talkpal.ai\/wp-content\/uploads\/2023\/05\/Persian-iran.png\" \/>\n\t<meta property=\"og:image:width\" content=\"512\" \/>\n\t<meta property=\"og:image:height\" content=\"512\" \/>\n\t<meta property=\"og:image:type\" content=\"image\/png\" \/>\n<meta name=\"twitter:card\" content=\"summary_large_image\" \/>\n<meta name=\"twitter:site\" content=\"@talkpalai\" \/>\n<meta name=\"twitter:label1\" content=\"Est. reading time\" \/>\n\t<meta name=\"twitter:data1\" content=\"2 minutit\" \/>\n<script type=\"application\/ld+json\" class=\"yoast-schema-graph\">{\"@context\":\"https:\/\/schema.org\",\"@graph\":[{\"@type\":\"WebPage\",\"@id\":\"https:\/\/talkpal.ai\/et\/parsia-keele-grammatika\/\",\"url\":\"https:\/\/talkpal.ai\/et\/parsia-keele-grammatika\/\",\"name\":\"P\u00e4rsia keele grammatika - Talkpal\",\"isPartOf\":{\"@id\":\"https:\/\/talkpal.ai\/et\/#website\"},\"primaryImageOfPage\":{\"@id\":\"https:\/\/talkpal.ai\/et\/parsia-keele-grammatika\/#primaryimage\"},\"image\":{\"@id\":\"https:\/\/talkpal.ai\/et\/parsia-keele-grammatika\/#primaryimage\"},\"thumbnailUrl\":\"https:\/\/talkpal.ai\/wp-content\/uploads\/2023\/05\/Persian-iran.png\",\"datePublished\":\"2023-05-14T14:18:22+00:00\",\"dateModified\":\"2025-12-12T10:54:17+00:00\",\"description\":\"Tutvuge p\u00e4rsia keele grammatika keerukustega, et parandada oma arusaamist p\u00e4rsia keelest ja selle ladusat valdamist.\",\"breadcrumb\":{\"@id\":\"https:\/\/talkpal.ai\/et\/parsia-keele-grammatika\/#breadcrumb\"},\"inLanguage\":\"et\",\"potentialAction\":[{\"@type\":\"ReadAction\",\"target\":[\"https:\/\/talkpal.ai\/et\/parsia-keele-grammatika\/\"]}]},{\"@type\":\"ImageObject\",\"inLanguage\":\"et\",\"@id\":\"https:\/\/talkpal.ai\/et\/parsia-keele-grammatika\/#primaryimage\",\"url\":\"https:\/\/talkpal.ai\/wp-content\/uploads\/2023\/05\/Persian-iran.png\",\"contentUrl\":\"https:\/\/talkpal.ai\/wp-content\/uploads\/2023\/05\/Persian-iran.png\",\"width\":512,\"height\":512},{\"@type\":\"BreadcrumbList\",\"@id\":\"https:\/\/talkpal.ai\/et\/parsia-keele-grammatika\/#breadcrumb\",\"itemListElement\":[{\"@type\":\"ListItem\",\"position\":1,\"name\":\"Homepage\",\"item\":\"https:\/\/talkpal.ai\/et\/\"},{\"@type\":\"ListItem\",\"position\":2,\"name\":\"P\u00e4rsia keele grammatika\"}]},{\"@type\":\"WebSite\",\"@id\":\"https:\/\/talkpal.ai\/et\/#website\",\"url\":\"https:\/\/talkpal.ai\/et\/\",\"name\":\"Talkpal\",\"description\":\"AI Language Learning\",\"publisher\":{\"@id\":\"https:\/\/talkpal.ai\/et\/#organization\"},\"alternateName\":\"Talkpal AI\",\"potentialAction\":[{\"@type\":\"SearchAction\",\"target\":{\"@type\":\"EntryPoint\",\"urlTemplate\":\"https:\/\/talkpal.ai\/et\/?s={search_term_string}\"},\"query-input\":{\"@type\":\"PropertyValueSpecification\",\"valueRequired\":true,\"valueName\":\"search_term_string\"}}],\"inLanguage\":\"et\"},{\"@type\":\"Organization\",\"@id\":\"https:\/\/talkpal.ai\/et\/#organization\",\"name\":\"Talkpal, Inc.\",\"alternateName\":\"Talkpal AI\",\"url\":\"https:\/\/talkpal.ai\/et\/\",\"logo\":{\"@type\":\"ImageObject\",\"inLanguage\":\"et\",\"@id\":\"https:\/\/talkpal.ai\/et\/#\/schema\/logo\/image\/\",\"url\":\"https:\/\/talkpal.ai\/wp-content\/uploads\/2024\/03\/Talkpal-Logo-Icon.png\",\"contentUrl\":\"https:\/\/talkpal.ai\/wp-content\/uploads\/2024\/03\/Talkpal-Logo-Icon.png\",\"width\":2880,\"height\":2880,\"caption\":\"Talkpal, Inc.\"},\"image\":{\"@id\":\"https:\/\/talkpal.ai\/et\/#\/schema\/logo\/image\/\"},\"sameAs\":[\"https:\/\/www.facebook.com\/profile.php?id=100090733639311\",\"https:\/\/x.com\/talkpalai\",\"https:\/\/www.linkedin.com\/company\/talkpal\/\",\"https:\/\/www.youtube.com\/@TalkPal\/\",\"https:\/\/www.tiktok.com\/@talkpal\",\"https:\/\/www.instagram.com\/talkpal_ai\/\",\"https:\/\/www.crunchbase.com\/organization\/talkpal-9cde\",\"https:\/\/www.g2.com\/products\/talkpal-for-business\/\",\"https:\/\/www.trustpilot.com\/review\/talkpal.ai\",\"https:\/\/www.capterra.com\/p\/10006800\/TalkPal\/\"],\"description\":\"Talkpal is a language learning web and mobile education app, powered by the latest AI technologies, that provides engaging experiences to its customers in many different languages to help them improve their language skills. Users can chat about unlimited amount of topics with the app and use other modes to practice their language learning.\",\"email\":\"support@talkpal.ai\",\"legalName\":\"Talkpal, Inc.\",\"foundingDate\":\"2023-04-03\",\"duns\":\"118989042\",\"numberOfEmployees\":{\"@type\":\"QuantitativeValue\",\"minValue\":\"11\",\"maxValue\":\"50\"},\"publishingPrinciples\":\"https:\/\/talkpal.ai\/publishing-principles\/\",\"actionableFeedbackPolicy\":\"https:\/\/talkpal.ai\/actionable-feedback-policy\/\",\"correctionsPolicy\":\"https:\/\/talkpal.ai\/corrections-policy\/\",\"ethicsPolicy\":\"https:\/\/talkpal.ai\/ethics-policy\/\",\"diversityPolicy\":\"https:\/\/talkpal.ai\/diversity-policy\/\",\"diversityStaffingReport\":\"https:\/\/talkpal.ai\/diversity-policy\/\"}]}<\/script>\n<!-- \/ Yoast SEO Premium plugin. -->","yoast_head_json":{"title":"P\u00e4rsia keele grammatika - Talkpal","description":"Tutvuge p\u00e4rsia keele grammatika keerukustega, et parandada oma arusaamist p\u00e4rsia keelest ja selle ladusat valdamist.","robots":{"index":"index","follow":"follow","max-snippet":"max-snippet:-1","max-image-preview":"max-image-preview:large","max-video-preview":"max-video-preview:-1"},"canonical":"https:\/\/talkpal.ai\/et\/parsia-keele-grammatika\/","og_locale":"et_EE","og_type":"article","og_title":"P\u00e4rsia keele grammatika","og_description":"P\u00e4rsia grammatika valdamine: teie \u00fclim juhend Salam, keelehuvilised! Kas olete valmis alustama teekonda p\u00e4rsia keele grammatika maailma? Olete j\u00f5udnud","og_url":"https:\/\/talkpal.ai\/et\/parsia-keele-grammatika\/","og_site_name":"Talkpal","article_publisher":"https:\/\/www.facebook.com\/profile.php?id=100090733639311","article_modified_time":"2025-12-12T10:54:17+00:00","og_image":[{"width":512,"height":512,"url":"https:\/\/talkpal.ai\/wp-content\/uploads\/2023\/05\/Persian-iran.png","type":"image\/png"}],"twitter_card":"summary_large_image","twitter_site":"@talkpalai","twitter_misc":{"Est. reading time":"2 minutit"},"schema":{"@context":"https:\/\/schema.org","@graph":[{"@type":"WebPage","@id":"https:\/\/talkpal.ai\/et\/parsia-keele-grammatika\/","url":"https:\/\/talkpal.ai\/et\/parsia-keele-grammatika\/","name":"P\u00e4rsia keele grammatika - Talkpal","isPartOf":{"@id":"https:\/\/talkpal.ai\/et\/#website"},"primaryImageOfPage":{"@id":"https:\/\/talkpal.ai\/et\/parsia-keele-grammatika\/#primaryimage"},"image":{"@id":"https:\/\/talkpal.ai\/et\/parsia-keele-grammatika\/#primaryimage"},"thumbnailUrl":"https:\/\/talkpal.ai\/wp-content\/uploads\/2023\/05\/Persian-iran.png","datePublished":"2023-05-14T14:18:22+00:00","dateModified":"2025-12-12T10:54:17+00:00","description":"Tutvuge p\u00e4rsia keele grammatika keerukustega, et parandada oma arusaamist p\u00e4rsia keelest ja selle ladusat valdamist.","breadcrumb":{"@id":"https:\/\/talkpal.ai\/et\/parsia-keele-grammatika\/#breadcrumb"},"inLanguage":"et","potentialAction":[{"@type":"ReadAction","target":["https:\/\/talkpal.ai\/et\/parsia-keele-grammatika\/"]}]},{"@type":"ImageObject","inLanguage":"et","@id":"https:\/\/talkpal.ai\/et\/parsia-keele-grammatika\/#primaryimage","url":"https:\/\/talkpal.ai\/wp-content\/uploads\/2023\/05\/Persian-iran.png","contentUrl":"https:\/\/talkpal.ai\/wp-content\/uploads\/2023\/05\/Persian-iran.png","width":512,"height":512},{"@type":"BreadcrumbList","@id":"https:\/\/talkpal.ai\/et\/parsia-keele-grammatika\/#breadcrumb","itemListElement":[{"@type":"ListItem","position":1,"name":"Homepage","item":"https:\/\/talkpal.ai\/et\/"},{"@type":"ListItem","position":2,"name":"P\u00e4rsia keele grammatika"}]},{"@type":"WebSite","@id":"https:\/\/talkpal.ai\/et\/#website","url":"https:\/\/talkpal.ai\/et\/","name":"Talkpal","description":"AI Language Learning","publisher":{"@id":"https:\/\/talkpal.ai\/et\/#organization"},"alternateName":"Talkpal AI","potentialAction":[{"@type":"SearchAction","target":{"@type":"EntryPoint","urlTemplate":"https:\/\/talkpal.ai\/et\/?s={search_term_string}"},"query-input":{"@type":"PropertyValueSpecification","valueRequired":true,"valueName":"search_term_string"}}],"inLanguage":"et"},{"@type":"Organization","@id":"https:\/\/talkpal.ai\/et\/#organization","name":"Talkpal, Inc.","alternateName":"Talkpal AI","url":"https:\/\/talkpal.ai\/et\/","logo":{"@type":"ImageObject","inLanguage":"et","@id":"https:\/\/talkpal.ai\/et\/#\/schema\/logo\/image\/","url":"https:\/\/talkpal.ai\/wp-content\/uploads\/2024\/03\/Talkpal-Logo-Icon.png","contentUrl":"https:\/\/talkpal.ai\/wp-content\/uploads\/2024\/03\/Talkpal-Logo-Icon.png","width":2880,"height":2880,"caption":"Talkpal, Inc."},"image":{"@id":"https:\/\/talkpal.ai\/et\/#\/schema\/logo\/image\/"},"sameAs":["https:\/\/www.facebook.com\/profile.php?id=100090733639311","https:\/\/x.com\/talkpalai","https:\/\/www.linkedin.com\/company\/talkpal\/","https:\/\/www.youtube.com\/@TalkPal\/","https:\/\/www.tiktok.com\/@talkpal","https:\/\/www.instagram.com\/talkpal_ai\/","https:\/\/www.crunchbase.com\/organization\/talkpal-9cde","https:\/\/www.g2.com\/products\/talkpal-for-business\/","https:\/\/www.trustpilot.com\/review\/talkpal.ai","https:\/\/www.capterra.com\/p\/10006800\/TalkPal\/"],"description":"Talkpal is a language learning web and mobile education app, powered by the latest AI technologies, that provides engaging experiences to its customers in many different languages to help them improve their language skills. Users can chat about unlimited amount of topics with the app and use other modes to practice their language learning.","email":"support@talkpal.ai","legalName":"Talkpal, Inc.","foundingDate":"2023-04-03","duns":"118989042","numberOfEmployees":{"@type":"QuantitativeValue","minValue":"11","maxValue":"50"},"publishingPrinciples":"https:\/\/talkpal.ai\/publishing-principles\/","actionableFeedbackPolicy":"https:\/\/talkpal.ai\/actionable-feedback-policy\/","correctionsPolicy":"https:\/\/talkpal.ai\/corrections-policy\/","ethicsPolicy":"https:\/\/talkpal.ai\/ethics-policy\/","diversityPolicy":"https:\/\/talkpal.ai\/diversity-policy\/","diversityStaffingReport":"https:\/\/talkpal.ai\/diversity-policy\/"}]}},"_links":{"self":[{"href":"https:\/\/talkpal.ai\/et\/wp-json\/wp\/v2\/pages\/148653","targetHints":{"allow":["GET"]}}],"collection":[{"href":"https:\/\/talkpal.ai\/et\/wp-json\/wp\/v2\/pages"}],"about":[{"href":"https:\/\/talkpal.ai\/et\/wp-json\/wp\/v2\/types\/page"}],"author":[{"embeddable":true,"href":"https:\/\/talkpal.ai\/et\/wp-json\/wp\/v2\/users\/1"}],"replies":[{"embeddable":true,"href":"https:\/\/talkpal.ai\/et\/wp-json\/wp\/v2\/comments?post=148653"}],"version-history":[{"count":0,"href":"https:\/\/talkpal.ai\/et\/wp-json\/wp\/v2\/pages\/148653\/revisions"}],"wp:featuredmedia":[{"embeddable":true,"href":"https:\/\/talkpal.ai\/et\/wp-json\/wp\/v2\/media\/117227"}],"wp:attachment":[{"href":"https:\/\/talkpal.ai\/et\/wp-json\/wp\/v2\/media?parent=148653"}],"curies":[{"name":"wp","href":"https:\/\/api.w.org\/{rel}","templated":true}]}}