{"id":148367,"date":"2023-05-14T14:13:06","date_gmt":"2023-05-14T14:13:06","guid":{"rendered":"http:\/\/talkpal.ai\/norra-keele-grammatika\/"},"modified":"2025-12-17T17:36:41","modified_gmt":"2025-12-17T17:36:41","slug":"norra-keele-grammatika","status":"publish","type":"page","link":"https:\/\/talkpal.ai\/et\/norra-keele-grammatika\/","title":{"rendered":"Norra keele grammatika"},"content":{"rendered":"\r\n\r\n\r\n<section class=\"languageChallengeSection\">\r\n    <div class=\"languageInfoWrapper\">\r\n        \r\n        <h1>Norra keele grammatika<\/h1>\r\n        <p>Avastage <a href=\"https:\/\/talkpal.ai\/learn-norwegian\/\">norra<\/a> keele <a href=\"https:\/\/talkpal.ai\/greek-grammar\/\">grammatika<\/a> p\u00f5hit\u00f5ed ja avage v\u00f5ime suhelda kindlalt \u00fches Skandinaavia kaunimas keeles. <a href=\"https:\/\/talkpal.ai\/learn-norwegian\/\">Norra<\/a> keele grammatika m\u00f5istmine avab uksed uutele kultuurikogemustele ja sisukatele vestlustele. Alusta <a href=\"https:\/\/talkpal.ai\/norwegian-grammar\/\">norra keele grammatika<\/a> \u00f5ppimist juba t\u00e4na ja astu esimene samm sujuva keeleoskuse suunas!<\/p>\r\n\r\n                            <a class=\"getStartedHidden\" href=\"https:\/\/app.talkpal.ai\/et\/signup?lng=\">Alusta<\/a>\r\n        \r\n    <\/div>\r\n\r\n    <figure>\r\n    <img decoding=\"async\" width=\"768\" height=\"768\" src=\"https:\/\/talkpal.ai\/wp-content\/uploads\/2023\/06\/norwegian-768x768.png\" class=\"languageImage no-lazy\" alt=\"Language learning for extensive vocabulary\" fetchpriority=\"high\" sizes=\"(max-width: 768px) 150px, 768px\" srcset=\"https:\/\/talkpal.ai\/wp-content\/uploads\/2023\/06\/norwegian-768x768.png 768w, https:\/\/talkpal.ai\/wp-content\/uploads\/2023\/06\/norwegian-300x300.png 300w\" \/>\r\n    \r\n\r\n    <\/figure>\r\n\r\n            <a class=\"getStartedVisible\" href=\"https:\/\/app.talkpal.ai\/et\/signup?lng=\">Alusta<\/a>\r\n    \r\n<\/section>\r\n<section class=\"promotionalBanner\">\r\n    <p class=\"promotionalText\">K\u00f5ige t\u00f5husam viis keele \u00f5ppimiseks<\/p>\r\n    <a class=\"promotionalLink\" href=\"https:\/\/app.talkpal.ai\/et\/signup?lng=\">Proovige Talkpal tasuta<\/a>\r\n<\/section>\n<div class=\"wp-block-group pageContainerStyle\"><div class=\"wp-block-group__inner-container is-layout-constrained wp-block-group-is-layout-constrained\">\n<h2 class=\"wp-block-heading\" id=\"h-dive-into-norwegian-grammar-a-comprehensive-guide\">Sukelduge norra keele grammatikasse: p\u00f5hjalik juhend<\/h2>\n\n\n\n<p><a href=\"https:\/\/talkpal.ai\/et\/opi-norra-keel\/\">Norra keel<\/a>, p\u00f5nev ja v\u00e4ljendusrikas keel, pakub keele\u00f5ppijatele ainulaadset v\u00f5imalust tutvuda Norra rikkaliku kultuuri- ja ajaloop\u00e4randiga. Hea uudis on see, et norra keele grammatikal on m\u00f5ningaid sarnasusi <a href=\"https:\/\/talkpal.ai\/learn-english\/\">inglise<\/a> keelega, mist\u00f5ttu on see \u00f5ppimiseks k\u00e4ttesaadav keel. See artikkel juhatab teid l\u00e4bi norra keele grammatika oluliste aspektide, tagades, et loote tugeva aluse ja m\u00f5istate keelt enesekindlalt.<\/p>\n\n\n\n<h3 class=\"wp-block-heading\" id=\"h-1-embracing-norwegian-nouns-and-articles\">1. Norra nimis\u00f5nade ja artiklite omaksv\u00f5tmine<\/h3>\n\n\n\n<p>Norra nimis\u00f5nad, nagu ka nende inglise kolleegid, esindavad inimesi, kohti, asju v\u00f5i ideid. Nad liigitatakse kolme sugupoole: mehelik, naiselik ja kastreeritud. Sugu on otsustava t\u00e4htsusega, et m\u00e4\u00e4rata kindlaks nimis\u00f5na l\u00f5pud ja artiklid, millega see peaks olema seotud.<\/p>\n\n\n\n<p>Norra keeles on kahte t\u00fc\u00fcpi artikleid: kindel ja m\u00e4\u00e4ramata. Kindlad artiklid ilmuvad nimis\u00f5nade l\u00f5pus j\u00e4relliidetena, samas kui m\u00e4\u00e4ramata artiklid on eraldi s\u00f5nad, mis eelnevad nimis\u00f5nadele. Artiklid peavad n\u00f5ustuma nimis\u00f5nadega soos ja arvus.<\/p>\n\n\n\n<p><strong>&#8211; M\u00e4\u00e4ratletud artiklid: -en (maskuliinne), -a (feminiinne), -et (neutraalne).<\/strong><\/p>\n\n\n\n<p><strong>&#8211; M\u00e4\u00e4ratlemata artiklid: en (maskuliinne), ei (feminiinne), et (neutraalne)<\/strong><\/p>\n\n\n\n<h3 class=\"wp-block-heading\" id=\"h-2-mastering-norwegian-verbs-conjugation-and-tenses\">2. Norra verbide valdamine: konjugatsioon ja ajad<\/h3>\n\n\n\n<p>Norra verbe on suhteliselt lihtne \u00f5ppida, kuna neil on v\u00e4hem konjugatsioone kui paljudes teistes keeltes. Verbid konjugeeritakse vastavalt pingele ja meeleolule. Norra verbid jagunevad peamiselt nelja r\u00fchma, millest iga\u00fchel on oma konjugatsioonimuster. Hea uudis on aga see, et erinevalt paljudest teistest keeltest ei muuda norra verbid oma vormi teema v\u00f5i numbri alusel.<\/p>\n\n\n\n<p>Norra keeles on v\u00e4hem ajavorme kui inglise keeles, ainult kolme ajaga: praegune pingeline, minevik ja minevik t\u00e4iuslik pinge. Praegust pinget kasutatakse praeguste ja tulevaste s\u00fcndmuste v\u00e4ljendamiseks, samas kui minevik t\u00e4histab l\u00f5petatud tegevusi ja mineviku t\u00e4iuslik pinge n\u00e4itab kogemusi v\u00f5i seisundeid, mis juhtusid enne mineviku konkreetset punkti.<\/p>\n\n\n\n<h3 class=\"wp-block-heading\" id=\"h-3-expressing-yourself-with-norwegian-adjectives-and-adverbs\">3. Enda v\u00e4ljendamine norra omaduss\u00f5nade ja m\u00e4\u00e4rs\u00f5nadega<\/h3>\n\n\n\n<p>Omaduss\u00f5nade kasutamine suurendab t\u00f5husalt teie v\u00f5imet end norra keeles v\u00e4ljendada. Omaduss\u00f5nad kirjeldavad nimis\u00f5nade omadusi v\u00f5i omadusi ning peavad n\u00f5ustuma nimis\u00f5nadega soos ja arvus. Norra keeles on omaduss\u00f5nad tavaliselt enne nimis\u00f5na, mida nad kirjeldavad.<\/p>\n\n\n\n<p>Norra keele m\u00e4\u00e4rs\u00f5nad muudavad tegus\u00f5nu, omaduss\u00f5nu v\u00f5i muid m\u00e4\u00e4rs\u00f5nu. Nad edastavad teavet selle kohta, kuidas, millal, kus ja millises ulatuses tegevus toimub. Erinevalt omaduss\u00f5nadest j\u00e4\u00e4vad m\u00e4\u00e4rs\u00f5nad samaks, olenemata kirjeldatavate nimis\u00f5nade soost v\u00f5i arvust.<\/p>\n\n\n\n<h3 class=\"wp-block-heading\" id=\"h-4-constructing-sentences-with-norwegian-pronouns-and-word-order\">4. Lausete koostamine norra ases\u00f5nade ja s\u00f5nade j\u00e4rjekorraga<\/h3>\n\n\n\n<p>Norra ases\u00f5nad asendavad nimis\u00f5nu ja n\u00f5ustuvad tavaliselt nimis\u00f5naga, mida nad esindavad soo, arvu ja juhtumi poolest. Norra keeles on mitmesuguseid ases\u00f5nu, sealhulgas isiklikke, omastavaid, demonstratiivseid, refleksiivseid, suhtelisi ja k\u00fcsitavaid ases\u00f5nu.<\/p>\n\n\n\n<p>Norra lauseehitus j\u00e4rgib sarnaselt inglise keelega subjekti-verbi-objekti (SVO) j\u00e4rjekorda. Kuid see kasutab ka verbi-teise (V2) reeglit, milles verb on tavaliselt p\u00f5hilausetes teisel positsioonil. Norra s\u00f5nade j\u00e4rjekorra m\u00f5istmine ja harjutamine on keele sujuvuse saavutamiseks h\u00e4davajalik.<\/p>\n\n\n\n<h3 class=\"wp-block-heading\" id=\"h-conclusion\">Kokkuv\u00f5te<\/h3>\n\n\n\n<p>Norra keele sujuva grammatika omandamine n\u00f5uab p\u00fchendumist, harjutamist ja avatud meelt, et uurida keele erip\u00e4ra. Olenemata sellest, kas olete huvitatud Norra kultuuri s\u00fcvenemisest v\u00f5i uue keele \u00f5ppimisest, norra keele grammatika omandamine loob aluse edukaks suhtlemiseks. Kui s\u00fcvenete norra nimis\u00f5nadesse, tegus\u00f5nadesse, omaduss\u00f5nadesse ja s\u00f5nade j\u00e4rjekorda, \u00e4rge unustage protsessi nautida ja hellitada teid ootavaid rikkalikke keelekogemusi. <a href=\"https:\/\/talkpal.ai\/culture\/how-do-you-say-good-luck-with-that-in-norwegian\/\">Lykke til<\/a>!<\/p>\n<\/div><\/div>\n\r\n<section class=\"learnNavigationSection\">\r\n            \r\n        <a href=\"https:\/\/talkpal.ai\/et\/opi-norra-keel\/\">\r\n            <div class=\"learnNavigationWrapper\">\r\n                <div class=\"learnNavigationContent\">\r\n                    <img decoding=\"async\" src=\"https:\/\/talkpal.ai\/wp-content\/uploads\/2024\/08\/Norwegian.jpg\" alt=\"Norwegian Flag\">\r\n                    <div>\r\n                        <h4>Norra \u00f5ppimise kohta<\/h4>\r\n                        <p>Uuri k\u00f5ike norra keele grammatika kohta.<\/p>\r\n                    <\/div>\r\n                <\/div>\r\n            <\/div>\r\n        <\/a>\r\n\r\n        \r\n        <a href=\"https:\/\/talkpal.ai\/et\/norra-keele-grammatikaharjutused\/\">\r\n            <div class=\"learnNavigationWrapper\">\r\n                <div class=\"learnNavigationContent\">\r\n                    <img decoding=\"async\" src=\"https:\/\/talkpal.ai\/wp-content\/uploads\/2024\/08\/Norwegian.jpg\" alt=\"Norwegian Flag\">\r\n                    <div>\r\n                        <h4>Norra keele grammatika harjutus<\/h4>\r\n                        <p>Harjutage norra keele grammatikat.<\/p>\r\n                    <\/div>\r\n                <\/div>\r\n            <\/div>\r\n        <\/a>\r\n\r\n        \r\n        <a href=\"https:\/\/talkpal.ai\/vocabulary_language\/norwegian\/\">\r\n            <div class=\"learnNavigationWrapper\">\r\n                <div class=\"learnNavigationContent\">\r\n                    <img decoding=\"async\" src=\"https:\/\/talkpal.ai\/wp-content\/uploads\/2024\/08\/Norwegian.jpg\" alt=\"Norwegian Flag\">\r\n                    <div>\r\n                        <h4>Norra keele s\u00f5navara<\/h4>\r\n                        <p>Laiendage oma norra keele s\u00f5navara.<\/p>\r\n                    <\/div>\r\n                <\/div>\r\n            <\/div>\r\n        <\/a>\r\n\r\n            <\/section>","protected":false},"excerpt":{"rendered":"<p>Sukelduge norra keele grammatikasse: p\u00f5hjalik juhend Norra keel, p\u00f5nev ja v\u00e4ljendusrikas keel, pakub keele\u00f5ppijatele ainulaadset v\u00f5imalust tutvuda Norra rikkaliku kultuuri- ja ajaloop\u00e4randiga. Hea uudis on see, et norra keele grammatikal on m\u00f5ningaid sarnasusi inglise keelega, mist\u00f5ttu on see \u00f5ppimiseks k\u00e4ttesaadav keel. See artikkel juhatab teid l\u00e4bi norra keele grammatika oluliste aspektide, tagades, et loote tugeva [&hellip;]<\/p>\n","protected":false},"author":1,"featured_media":116951,"parent":0,"menu_order":0,"comment_status":"closed","ping_status":"closed","template":"LearningContentPage.php","meta":{"_acf_changed":false,"footnotes":""},"class_list":["post-148367","page","type-page","status-publish","has-post-thumbnail","hentry"],"acf":[],"yoast_head":"<!-- This site is optimized with the Yoast SEO Premium plugin v27.2 (Yoast SEO v27.2) - https:\/\/yoast.com\/product\/yoast-seo-premium-wordpress\/ -->\n<title>Norra keele grammatika - Talkpal<\/title>\n<meta name=\"description\" content=\"Avastage norra keele grammatika keerukusi ja t\u00f5stke oma keeleoskust j\u00e4rgmisele tasemele.\" \/>\n<meta name=\"robots\" content=\"index, follow, max-snippet:-1, max-image-preview:large, max-video-preview:-1\" \/>\n<link rel=\"canonical\" href=\"https:\/\/talkpal.ai\/et\/norra-keele-grammatika\/\" \/>\n<meta property=\"og:locale\" content=\"et_EE\" \/>\n<meta property=\"og:type\" content=\"article\" \/>\n<meta property=\"og:title\" content=\"Norra keele grammatika\" \/>\n<meta property=\"og:description\" content=\"Sukelduge norra keele grammatikasse: p\u00f5hjalik juhend Norra keel, p\u00f5nev ja v\u00e4ljendusrikas keel, pakub keele\u00f5ppijatele ainulaadset v\u00f5imalust tutvuda Norra\" \/>\n<meta property=\"og:url\" content=\"https:\/\/talkpal.ai\/et\/norra-keele-grammatika\/\" \/>\n<meta property=\"og:site_name\" content=\"Talkpal\" \/>\n<meta property=\"article:publisher\" content=\"https:\/\/www.facebook.com\/profile.php?id=100090733639311\" \/>\n<meta property=\"article:modified_time\" content=\"2025-12-17T17:36:41+00:00\" \/>\n<meta property=\"og:image\" content=\"https:\/\/talkpal.ai\/wp-content\/uploads\/2023\/05\/norway.png\" \/>\n\t<meta property=\"og:image:width\" content=\"512\" \/>\n\t<meta property=\"og:image:height\" content=\"512\" \/>\n\t<meta property=\"og:image:type\" content=\"image\/png\" \/>\n<meta name=\"twitter:card\" content=\"summary_large_image\" \/>\n<meta name=\"twitter:site\" content=\"@talkpalai\" \/>\n<meta name=\"twitter:label1\" content=\"Est. reading time\" \/>\n\t<meta name=\"twitter:data1\" content=\"3 minutit\" \/>\n<script type=\"application\/ld+json\" class=\"yoast-schema-graph\">{\"@context\":\"https:\/\/schema.org\",\"@graph\":[{\"@type\":\"WebPage\",\"@id\":\"https:\/\/talkpal.ai\/et\/norra-keele-grammatika\/\",\"url\":\"https:\/\/talkpal.ai\/et\/norra-keele-grammatika\/\",\"name\":\"Norra keele grammatika - Talkpal\",\"isPartOf\":{\"@id\":\"https:\/\/talkpal.ai\/et\/#website\"},\"primaryImageOfPage\":{\"@id\":\"https:\/\/talkpal.ai\/et\/norra-keele-grammatika\/#primaryimage\"},\"image\":{\"@id\":\"https:\/\/talkpal.ai\/et\/norra-keele-grammatika\/#primaryimage\"},\"thumbnailUrl\":\"https:\/\/talkpal.ai\/wp-content\/uploads\/2023\/05\/norway.png\",\"datePublished\":\"2023-05-14T14:13:06+00:00\",\"dateModified\":\"2025-12-17T17:36:41+00:00\",\"description\":\"Avastage norra keele grammatika keerukusi ja t\u00f5stke oma keeleoskust j\u00e4rgmisele tasemele.\",\"breadcrumb\":{\"@id\":\"https:\/\/talkpal.ai\/et\/norra-keele-grammatika\/#breadcrumb\"},\"inLanguage\":\"et\",\"potentialAction\":[{\"@type\":\"ReadAction\",\"target\":[\"https:\/\/talkpal.ai\/et\/norra-keele-grammatika\/\"]}]},{\"@type\":\"ImageObject\",\"inLanguage\":\"et\",\"@id\":\"https:\/\/talkpal.ai\/et\/norra-keele-grammatika\/#primaryimage\",\"url\":\"https:\/\/talkpal.ai\/wp-content\/uploads\/2023\/05\/norway.png\",\"contentUrl\":\"https:\/\/talkpal.ai\/wp-content\/uploads\/2023\/05\/norway.png\",\"width\":512,\"height\":512},{\"@type\":\"BreadcrumbList\",\"@id\":\"https:\/\/talkpal.ai\/et\/norra-keele-grammatika\/#breadcrumb\",\"itemListElement\":[{\"@type\":\"ListItem\",\"position\":1,\"name\":\"Homepage\",\"item\":\"https:\/\/talkpal.ai\/et\/\"},{\"@type\":\"ListItem\",\"position\":2,\"name\":\"Norra keele grammatika\"}]},{\"@type\":\"WebSite\",\"@id\":\"https:\/\/talkpal.ai\/et\/#website\",\"url\":\"https:\/\/talkpal.ai\/et\/\",\"name\":\"Talkpal\",\"description\":\"AI Language Learning\",\"publisher\":{\"@id\":\"https:\/\/talkpal.ai\/et\/#organization\"},\"alternateName\":\"Talkpal AI\",\"potentialAction\":[{\"@type\":\"SearchAction\",\"target\":{\"@type\":\"EntryPoint\",\"urlTemplate\":\"https:\/\/talkpal.ai\/et\/?s={search_term_string}\"},\"query-input\":{\"@type\":\"PropertyValueSpecification\",\"valueRequired\":true,\"valueName\":\"search_term_string\"}}],\"inLanguage\":\"et\"},{\"@type\":\"Organization\",\"@id\":\"https:\/\/talkpal.ai\/et\/#organization\",\"name\":\"Talkpal, Inc.\",\"alternateName\":\"Talkpal AI\",\"url\":\"https:\/\/talkpal.ai\/et\/\",\"logo\":{\"@type\":\"ImageObject\",\"inLanguage\":\"et\",\"@id\":\"https:\/\/talkpal.ai\/et\/#\/schema\/logo\/image\/\",\"url\":\"https:\/\/talkpal.ai\/wp-content\/uploads\/2024\/03\/Talkpal-Logo-Icon.png\",\"contentUrl\":\"https:\/\/talkpal.ai\/wp-content\/uploads\/2024\/03\/Talkpal-Logo-Icon.png\",\"width\":2880,\"height\":2880,\"caption\":\"Talkpal, Inc.\"},\"image\":{\"@id\":\"https:\/\/talkpal.ai\/et\/#\/schema\/logo\/image\/\"},\"sameAs\":[\"https:\/\/www.facebook.com\/profile.php?id=100090733639311\",\"https:\/\/x.com\/talkpalai\",\"https:\/\/www.linkedin.com\/company\/talkpal\/\",\"https:\/\/www.youtube.com\/@TalkPal\/\",\"https:\/\/www.tiktok.com\/@talkpal\",\"https:\/\/www.instagram.com\/talkpal_ai\/\",\"https:\/\/www.crunchbase.com\/organization\/talkpal-9cde\",\"https:\/\/www.g2.com\/products\/talkpal-for-business\/\",\"https:\/\/www.trustpilot.com\/review\/talkpal.ai\",\"https:\/\/www.capterra.com\/p\/10006800\/TalkPal\/\"],\"description\":\"Talkpal is a language learning web and mobile education app, powered by the latest AI technologies, that provides engaging experiences to its customers in many different languages to help them improve their language skills. Users can chat about unlimited amount of topics with the app and use other modes to practice their language learning.\",\"email\":\"support@talkpal.ai\",\"legalName\":\"Talkpal, Inc.\",\"foundingDate\":\"2023-04-03\",\"duns\":\"118989042\",\"numberOfEmployees\":{\"@type\":\"QuantitativeValue\",\"minValue\":\"11\",\"maxValue\":\"50\"},\"publishingPrinciples\":\"https:\/\/talkpal.ai\/publishing-principles\/\",\"actionableFeedbackPolicy\":\"https:\/\/talkpal.ai\/actionable-feedback-policy\/\",\"correctionsPolicy\":\"https:\/\/talkpal.ai\/corrections-policy\/\",\"ethicsPolicy\":\"https:\/\/talkpal.ai\/ethics-policy\/\",\"diversityPolicy\":\"https:\/\/talkpal.ai\/diversity-policy\/\",\"diversityStaffingReport\":\"https:\/\/talkpal.ai\/diversity-policy\/\"}]}<\/script>\n<!-- \/ Yoast SEO Premium plugin. -->","yoast_head_json":{"title":"Norra keele grammatika - Talkpal","description":"Avastage norra keele grammatika keerukusi ja t\u00f5stke oma keeleoskust j\u00e4rgmisele tasemele.","robots":{"index":"index","follow":"follow","max-snippet":"max-snippet:-1","max-image-preview":"max-image-preview:large","max-video-preview":"max-video-preview:-1"},"canonical":"https:\/\/talkpal.ai\/et\/norra-keele-grammatika\/","og_locale":"et_EE","og_type":"article","og_title":"Norra keele grammatika","og_description":"Sukelduge norra keele grammatikasse: p\u00f5hjalik juhend Norra keel, p\u00f5nev ja v\u00e4ljendusrikas keel, pakub keele\u00f5ppijatele ainulaadset v\u00f5imalust tutvuda Norra","og_url":"https:\/\/talkpal.ai\/et\/norra-keele-grammatika\/","og_site_name":"Talkpal","article_publisher":"https:\/\/www.facebook.com\/profile.php?id=100090733639311","article_modified_time":"2025-12-17T17:36:41+00:00","og_image":[{"width":512,"height":512,"url":"https:\/\/talkpal.ai\/wp-content\/uploads\/2023\/05\/norway.png","type":"image\/png"}],"twitter_card":"summary_large_image","twitter_site":"@talkpalai","twitter_misc":{"Est. reading time":"3 minutit"},"schema":{"@context":"https:\/\/schema.org","@graph":[{"@type":"WebPage","@id":"https:\/\/talkpal.ai\/et\/norra-keele-grammatika\/","url":"https:\/\/talkpal.ai\/et\/norra-keele-grammatika\/","name":"Norra keele grammatika - Talkpal","isPartOf":{"@id":"https:\/\/talkpal.ai\/et\/#website"},"primaryImageOfPage":{"@id":"https:\/\/talkpal.ai\/et\/norra-keele-grammatika\/#primaryimage"},"image":{"@id":"https:\/\/talkpal.ai\/et\/norra-keele-grammatika\/#primaryimage"},"thumbnailUrl":"https:\/\/talkpal.ai\/wp-content\/uploads\/2023\/05\/norway.png","datePublished":"2023-05-14T14:13:06+00:00","dateModified":"2025-12-17T17:36:41+00:00","description":"Avastage norra keele grammatika keerukusi ja t\u00f5stke oma keeleoskust j\u00e4rgmisele tasemele.","breadcrumb":{"@id":"https:\/\/talkpal.ai\/et\/norra-keele-grammatika\/#breadcrumb"},"inLanguage":"et","potentialAction":[{"@type":"ReadAction","target":["https:\/\/talkpal.ai\/et\/norra-keele-grammatika\/"]}]},{"@type":"ImageObject","inLanguage":"et","@id":"https:\/\/talkpal.ai\/et\/norra-keele-grammatika\/#primaryimage","url":"https:\/\/talkpal.ai\/wp-content\/uploads\/2023\/05\/norway.png","contentUrl":"https:\/\/talkpal.ai\/wp-content\/uploads\/2023\/05\/norway.png","width":512,"height":512},{"@type":"BreadcrumbList","@id":"https:\/\/talkpal.ai\/et\/norra-keele-grammatika\/#breadcrumb","itemListElement":[{"@type":"ListItem","position":1,"name":"Homepage","item":"https:\/\/talkpal.ai\/et\/"},{"@type":"ListItem","position":2,"name":"Norra keele grammatika"}]},{"@type":"WebSite","@id":"https:\/\/talkpal.ai\/et\/#website","url":"https:\/\/talkpal.ai\/et\/","name":"Talkpal","description":"AI Language Learning","publisher":{"@id":"https:\/\/talkpal.ai\/et\/#organization"},"alternateName":"Talkpal AI","potentialAction":[{"@type":"SearchAction","target":{"@type":"EntryPoint","urlTemplate":"https:\/\/talkpal.ai\/et\/?s={search_term_string}"},"query-input":{"@type":"PropertyValueSpecification","valueRequired":true,"valueName":"search_term_string"}}],"inLanguage":"et"},{"@type":"Organization","@id":"https:\/\/talkpal.ai\/et\/#organization","name":"Talkpal, Inc.","alternateName":"Talkpal AI","url":"https:\/\/talkpal.ai\/et\/","logo":{"@type":"ImageObject","inLanguage":"et","@id":"https:\/\/talkpal.ai\/et\/#\/schema\/logo\/image\/","url":"https:\/\/talkpal.ai\/wp-content\/uploads\/2024\/03\/Talkpal-Logo-Icon.png","contentUrl":"https:\/\/talkpal.ai\/wp-content\/uploads\/2024\/03\/Talkpal-Logo-Icon.png","width":2880,"height":2880,"caption":"Talkpal, Inc."},"image":{"@id":"https:\/\/talkpal.ai\/et\/#\/schema\/logo\/image\/"},"sameAs":["https:\/\/www.facebook.com\/profile.php?id=100090733639311","https:\/\/x.com\/talkpalai","https:\/\/www.linkedin.com\/company\/talkpal\/","https:\/\/www.youtube.com\/@TalkPal\/","https:\/\/www.tiktok.com\/@talkpal","https:\/\/www.instagram.com\/talkpal_ai\/","https:\/\/www.crunchbase.com\/organization\/talkpal-9cde","https:\/\/www.g2.com\/products\/talkpal-for-business\/","https:\/\/www.trustpilot.com\/review\/talkpal.ai","https:\/\/www.capterra.com\/p\/10006800\/TalkPal\/"],"description":"Talkpal is a language learning web and mobile education app, powered by the latest AI technologies, that provides engaging experiences to its customers in many different languages to help them improve their language skills. Users can chat about unlimited amount of topics with the app and use other modes to practice their language learning.","email":"support@talkpal.ai","legalName":"Talkpal, Inc.","foundingDate":"2023-04-03","duns":"118989042","numberOfEmployees":{"@type":"QuantitativeValue","minValue":"11","maxValue":"50"},"publishingPrinciples":"https:\/\/talkpal.ai\/publishing-principles\/","actionableFeedbackPolicy":"https:\/\/talkpal.ai\/actionable-feedback-policy\/","correctionsPolicy":"https:\/\/talkpal.ai\/corrections-policy\/","ethicsPolicy":"https:\/\/talkpal.ai\/ethics-policy\/","diversityPolicy":"https:\/\/talkpal.ai\/diversity-policy\/","diversityStaffingReport":"https:\/\/talkpal.ai\/diversity-policy\/"}]}},"_links":{"self":[{"href":"https:\/\/talkpal.ai\/et\/wp-json\/wp\/v2\/pages\/148367","targetHints":{"allow":["GET"]}}],"collection":[{"href":"https:\/\/talkpal.ai\/et\/wp-json\/wp\/v2\/pages"}],"about":[{"href":"https:\/\/talkpal.ai\/et\/wp-json\/wp\/v2\/types\/page"}],"author":[{"embeddable":true,"href":"https:\/\/talkpal.ai\/et\/wp-json\/wp\/v2\/users\/1"}],"replies":[{"embeddable":true,"href":"https:\/\/talkpal.ai\/et\/wp-json\/wp\/v2\/comments?post=148367"}],"version-history":[{"count":0,"href":"https:\/\/talkpal.ai\/et\/wp-json\/wp\/v2\/pages\/148367\/revisions"}],"wp:featuredmedia":[{"embeddable":true,"href":"https:\/\/talkpal.ai\/et\/wp-json\/wp\/v2\/media\/116951"}],"wp:attachment":[{"href":"https:\/\/talkpal.ai\/et\/wp-json\/wp\/v2\/media?parent=148367"}],"curies":[{"name":"wp","href":"https:\/\/api.w.org\/{rel}","templated":true}]}}