{"id":148016,"date":"2023-05-14T14:12:45","date_gmt":"2023-05-14T14:12:45","guid":{"rendered":"http:\/\/talkpal.ai\/nepali-grammatika\/"},"modified":"2025-12-17T17:00:45","modified_gmt":"2025-12-17T17:00:45","slug":"nepali-grammatika","status":"publish","type":"page","link":"https:\/\/talkpal.ai\/et\/nepali-grammatika\/","title":{"rendered":"Nepali grammatika"},"content":{"rendered":"\r\n\r\n\r\n<section class=\"languageChallengeSection\">\r\n    <div class=\"languageInfoWrapper\">\r\n        \r\n        <h1>Nepali grammatika<\/h1>\r\n        <p>Uudishimulik <a href=\"https:\/\/talkpal.ai\/learn-nepali\/\">nepali<\/a> keele kohta? Avastage nepali keele <a href=\"https:\/\/talkpal.ai\/greek-grammar\/\">grammatika<\/a>, mis sisaldab soop\u00f5hiseid nimis\u00f5nu, postpositsioone ja paindlikku lauseehitust, mis muudab keele nii v\u00e4ljendusrikkaks kui ka k\u00f6itvaks. Alusta \u00f5ppimist juba t\u00e4na &#8211; nepali keele grammatika omandamine avab sisukad vestlused ja \u00fchendab sind Nepali mitmekesiste kultuuride ja traditsioonidega!<\/p>\r\n\r\n                            <a class=\"getStartedHidden\" href=\"https:\/\/app.talkpal.ai\/et\/signup?lng=\">Alusta<\/a>\r\n        \r\n    <\/div>\r\n\r\n    <figure>\r\n    <img decoding=\"async\" width=\"768\" height=\"768\" src=\"https:\/\/talkpal.ai\/wp-content\/uploads\/2023\/06\/nepali-768x768.png\" class=\"languageImage no-lazy\" alt=\"Practical language learning for real-life application\" fetchpriority=\"high\" sizes=\"(max-width: 768px) 150px, 768px\" srcset=\"https:\/\/talkpal.ai\/wp-content\/uploads\/2023\/06\/nepali-768x768.png 768w, https:\/\/talkpal.ai\/wp-content\/uploads\/2023\/06\/nepali-300x300.png 300w\" \/>\r\n    \r\n\r\n    <\/figure>\r\n\r\n            <a class=\"getStartedVisible\" href=\"https:\/\/app.talkpal.ai\/et\/signup?lng=\">Alusta<\/a>\r\n    \r\n<\/section>\r\n<section class=\"promotionalBanner\">\r\n    <p class=\"promotionalText\">K\u00f5ige t\u00f5husam viis keele \u00f5ppimiseks<\/p>\r\n    <a class=\"promotionalLink\" href=\"https:\/\/app.talkpal.ai\/et\/signup?lng=\">Proovige Talkpal tasuta<\/a>\r\n<\/section>\n<div class=\"wp-block-group pageContainerStyle\"><div class=\"wp-block-group__inner-container is-layout-constrained wp-block-group-is-layout-constrained\">\n<h2 class=\"wp-block-heading\" id=\"h-delving-into-the-richness-of-nepali-grammar-an-insightful-guide\">Nepali grammatika rikkusesse s\u00fcvenemine: l\u00e4bin\u00e4gelik juhend<\/h2>\n\n\n\n<p>Nepali, indo-aaria keel, mida r\u00e4\u00e4gib Nepalis ja naaberpiirkondades \u00fcle 25 miljoni inimese, on veetlev keel, mis n\u00e4itab L\u00f5una-Aasia kultuurilist rikkust ja keelelist mitmekesisust. Nepalis t\u00f5husaks suhtlemiseks ja selle ilu t\u00f5eliseks hindamiseks tuleb m\u00f5ista selle grammatikat. Selles artiklis anname \u00fclevaate <a href=\"https:\/\/talkpal.ai\/nepali-grammar\/\">Nepali grammatika<\/a> olulistest aspektidest ja pakume praktilisi n\u00e4pun\u00e4iteid, mis aitavad teil seda p\u00f5nevat keelt omandada.<\/p>\n\n\n\n<h3 class=\"wp-block-heading\" id=\"h-key-aspects-of-nepali-grammar\">Nepali grammatika p\u00f5hiaspektid:<\/h3>\n\n\n\n<p>Nepali grammatika v\u00f5ib esialgu tunduda keeruline, kuid aja ja praktikaga saate sellest aru. Siin on m\u00f5ned Nepali grammatika p\u00f5hikomponendid, millega tutvuda:<\/p>\n\n\n\n<p><strong>1. Nimis\u00f5nad:<\/strong> Nepali nimis\u00f5nadel ei ole grammatilist sugu, mis muudab \u00f5ppijate jaoks lihtsamaks, kuna <a href=\"https:\/\/talkpal.ai\/locations\/language-courses-in-iga\/\">iga<\/a> nimis\u00f5na sugu ei ole vaja meelde j\u00e4tta. Nimis\u00f5nad k\u00e4\u00e4natakse aga arvu (ainsus ja mitmus) ja juhtumi (nominatiivne, genitiivne, datiiv jne) jaoks.<\/p>\n\n\n\n<p><strong>2. Ases\u00f5nad<\/strong> : Isikulistel ases\u00f5nadel on Nepalis kolm vormi: subjektiivne, objektiivne ja omastav. Nad n\u00f5ustuvad nimis\u00f5naga, millele nad viitavad arvu, kuid mitte soo osas. Samuti on erinevaid ases\u00f5nu ja verbi konjugatsioonivorme, mis p\u00f5hinevad formaalsuse tasemel (viisakas, tuttav v\u00f5i intiimne).<\/p>\n\n\n\n<p><strong>3. Tegus\u00f5nad:<\/strong> Nepali verbid on k\u00e4\u00e4natud pingelise (olevik, minevik ja tulevik), meeleolu (soovituslik, imperatiivne v\u00f5i subjunktiivne) ja aspekti (pidev, t\u00e4iuslik v\u00f5i lihtne) jaoks. Samuti on olemas erinevad verbide liitusviisid, mis s\u00f5ltuvad subjekti formaalsuse tasemest.<\/p>\n\n\n\n<p><strong>4. Omaduss\u00f5nad ja m\u00e4\u00e4rs\u00f5nad: Nepali omaduss\u00f5nad<\/strong> j\u00e4rgivad tavaliselt nimis\u00f5na, mida nad muudavad ja n\u00f5ustuvad arvu ja juhtumiga. Adverbe saab kasutada lisateabe andmiseks ja \u00fcldiselt ei muuda nende vormi.<\/p>\n\n\n\n<p><strong>5. Lauseehitus:<\/strong> t\u00fc\u00fcpiline Nepali lauseehitus j\u00e4rgib subjekti-objekti-verbi (SOV) j\u00e4rjekorda. Kuid s\u00f5nade j\u00e4rjekord v\u00f5ib olla paindlik, s\u00f5ltuvalt r\u00f5huasetusest ja kontekstist.<\/p>\n\n\n\n<h3 class=\"wp-block-heading\" id=\"h-tips-for-learning-nepali-grammar\">N\u00e4pun\u00e4iteid Nepali grammatika \u00f5ppimiseks:<\/h3>\n\n\n\n<p>Siin on m\u00f5ned t\u00f5husad strateegiad, kuidas muuta oma Nepali grammatika \u00f5ppimise teekond sujuvamaks:<\/p>\n\n\n\n<p><strong>1. Alustage p\u00f5hit\u00f5dedest:<\/strong> Keskenduge Nepali grammatika p\u00f5hialuste, n\u00e4iteks nimis\u00f5najuhtumite, ases\u00f5nade ja verbi konjugatsiooni \u00f5ppimisele. Kui teie arusaamine suureneb, lisage j\u00e4rk-j\u00e4rgult keerukamaid struktuure ja reegleid.<\/p>\n\n\n\n<p><strong>2. Harjutage regulaarselt:<\/strong> j\u00e4rjepidevus on uue keele \u00f5ppimisel kriitilise t\u00e4htsusega. Eraldage iga p\u00e4ev v\u00f5i n\u00e4dal kindlad kellaajad, et harjutada Nepalis grammatikaharjutusi, lugemist ja kirjutamist.<\/p>\n\n\n\n<p><strong>3. Kasutage kohalikke ressursse:<\/strong> sukelduge autentsetesse Nepali materjalidesse, nagu kirjandus, uudisteartiklid ja taskuh\u00e4\u00e4lingusaated. See mitte ainult ei aita teil m\u00f5ista Nepali grammatikat kontekstis, vaid parandab ka teie \u00fcldist keeleoskust.<\/p>\n\n\n\n<p>4. V\u00f5tke \u00fchendust emakeelena k\u00f5nelejatega: Nepali keelt <strong>emakeelena k\u00f5nelejatega<\/strong> vestlustes osalemine v\u00f5imaldab teil harjutada grammatikat reaalsetes olukordades ja saada v\u00e4\u00e4rtuslikku tagasisidet. Kaaluge liitumist keelevahetusr\u00fchmade v\u00f5i veebifoorumitega, et suhelda Nepali keelt k\u00f5nelevate inimestega.<\/p>\n\n\n\n<p><strong>5. Ole kannatlik ja p\u00fcsiv:<\/strong> pidage meeles, et uue keele <a href=\"https:\/\/talkpal.ai\/et\/oppimine\/\">\u00f5ppimine<\/a> n\u00f5uab aega, visadust ja kannatlikkust. V\u00f5tke vastu v\u00e4ljakutsed ja t\u00e4histage oma edusamme sellel teel.<\/p>\n\n\n\n<h3 class=\"wp-block-heading\" id=\"h-conclusion\">J\u00e4reldus:<\/h3>\n\n\n\n<p>Nepali grammatika oma ainulaadsete omaduste ja seostega indo-aaria keeleperekonnaga pakub p\u00f5nevat keelelist teekonda. Kui m\u00f5istate selle peamisi aspekte ja j\u00e4rgite meie praktilisi n\u00f5uandeid, sillutate teed keeleoskuse suunas ja saavutate nepali keele s\u00fcgavama tunnustuse. Niisiis, astuge entusiasmi ja uudishimuga edasi ning v\u00f5tke omaks Nepali keelelised aarded!<\/p>\n<\/div><\/div>\n\r\n<section class=\"learnNavigationSection\">\r\n            \r\n        <a href=\"https:\/\/talkpal.ai\/et\/opi-nepali\/\">\r\n            <div class=\"learnNavigationWrapper\">\r\n                <div class=\"learnNavigationContent\">\r\n                    <img decoding=\"async\" src=\"https:\/\/talkpal.ai\/wp-content\/uploads\/2024\/08\/Nepali.jpg\" alt=\"Nepali Flag\">\r\n                    <div>\r\n                        <h4>Nepali keele \u00f5ppimise kohta<\/h4>\r\n                        <p>Uuri k\u00f5ike Nepali grammatika kohta.<\/p>\r\n                    <\/div>\r\n                <\/div>\r\n            <\/div>\r\n        <\/a>\r\n\r\n        \r\n        <a href=\"https:\/\/talkpal.ai\/et\/nepali-grammatika-harjutused\/\">\r\n            <div class=\"learnNavigationWrapper\">\r\n                <div class=\"learnNavigationContent\">\r\n                    <img decoding=\"async\" src=\"https:\/\/talkpal.ai\/wp-content\/uploads\/2024\/08\/Nepali.jpg\" alt=\"Nepali Flag\">\r\n                    <div>\r\n                        <h4>Nepali keele grammatika harjutus<\/h4>\r\n                        <p>Harjutage Nepali grammatikat.<\/p>\r\n                    <\/div>\r\n                <\/div>\r\n            <\/div>\r\n        <\/a>\r\n\r\n        \r\n        <a href=\"https:\/\/talkpal.ai\/vocabulary_language\/nepali\/\">\r\n            <div class=\"learnNavigationWrapper\">\r\n                <div class=\"learnNavigationContent\">\r\n                    <img decoding=\"async\" src=\"https:\/\/talkpal.ai\/wp-content\/uploads\/2024\/08\/Nepali.jpg\" alt=\"Nepali Flag\">\r\n                    <div>\r\n                        <h4>Nepali keele s\u00f5navara<\/h4>\r\n                        <p>Laiendage oma nepali keele s\u00f5navara.<\/p>\r\n                    <\/div>\r\n                <\/div>\r\n            <\/div>\r\n        <\/a>\r\n\r\n            <\/section>","protected":false},"excerpt":{"rendered":"<p>Nepali grammatika rikkusesse s\u00fcvenemine: l\u00e4bin\u00e4gelik juhend Nepali, indo-aaria keel, mida r\u00e4\u00e4gib Nepalis ja naaberpiirkondades \u00fcle 25 miljoni inimese, on veetlev keel, mis n\u00e4itab L\u00f5una-Aasia kultuurilist rikkust ja keelelist mitmekesisust. Nepalis t\u00f5husaks suhtlemiseks ja selle ilu t\u00f5eliseks hindamiseks tuleb m\u00f5ista selle grammatikat. Selles artiklis anname \u00fclevaate Nepali grammatika olulistest aspektidest ja pakume praktilisi n\u00e4pun\u00e4iteid, mis aitavad [&hellip;]<\/p>\n","protected":false},"author":1,"featured_media":116217,"parent":0,"menu_order":0,"comment_status":"closed","ping_status":"closed","template":"LearningContentPage.php","meta":{"_acf_changed":false,"footnotes":""},"class_list":["post-148016","page","type-page","status-publish","has-post-thumbnail","hentry"],"acf":[],"yoast_head":"<!-- This site is optimized with the Yoast SEO Premium plugin v27.2 (Yoast SEO v27.2) - https:\/\/yoast.com\/product\/yoast-seo-premium-wordpress\/ -->\n<title>Nepali grammatika - Talkpal<\/title>\n<meta name=\"description\" content=\"Tutvuge nepali keele grammatikaga ja parandage oma keele m\u00f5istmist selgete ja \u00fclevaatlike selgituste abil.\" \/>\n<meta name=\"robots\" content=\"index, follow, max-snippet:-1, max-image-preview:large, max-video-preview:-1\" \/>\n<link rel=\"canonical\" href=\"https:\/\/talkpal.ai\/et\/nepali-grammatika\/\" \/>\n<meta property=\"og:locale\" content=\"et_EE\" \/>\n<meta property=\"og:type\" content=\"article\" \/>\n<meta property=\"og:title\" content=\"Nepali grammatika\" \/>\n<meta property=\"og:description\" content=\"Nepali grammatika rikkusesse s\u00fcvenemine: l\u00e4bin\u00e4gelik juhend Nepali, indo-aaria keel, mida r\u00e4\u00e4gib Nepalis ja naaberpiirkondades \u00fcle 25 miljoni inimese, on\" \/>\n<meta property=\"og:url\" content=\"https:\/\/talkpal.ai\/et\/nepali-grammatika\/\" \/>\n<meta property=\"og:site_name\" content=\"Talkpal\" \/>\n<meta property=\"article:publisher\" content=\"https:\/\/www.facebook.com\/profile.php?id=100090733639311\" \/>\n<meta property=\"article:modified_time\" content=\"2025-12-17T17:00:45+00:00\" \/>\n<meta property=\"og:image\" content=\"https:\/\/talkpal.ai\/wp-content\/uploads\/2023\/05\/nepal.png\" \/>\n\t<meta property=\"og:image:width\" content=\"512\" \/>\n\t<meta property=\"og:image:height\" content=\"512\" \/>\n\t<meta property=\"og:image:type\" content=\"image\/png\" \/>\n<meta name=\"twitter:card\" content=\"summary_large_image\" \/>\n<meta name=\"twitter:site\" content=\"@talkpalai\" \/>\n<meta name=\"twitter:label1\" content=\"Est. reading time\" \/>\n\t<meta name=\"twitter:data1\" content=\"3 minutit\" \/>\n<script type=\"application\/ld+json\" class=\"yoast-schema-graph\">{\"@context\":\"https:\/\/schema.org\",\"@graph\":[{\"@type\":\"WebPage\",\"@id\":\"https:\/\/talkpal.ai\/et\/nepali-grammatika\/\",\"url\":\"https:\/\/talkpal.ai\/et\/nepali-grammatika\/\",\"name\":\"Nepali grammatika - Talkpal\",\"isPartOf\":{\"@id\":\"https:\/\/talkpal.ai\/et\/#website\"},\"primaryImageOfPage\":{\"@id\":\"https:\/\/talkpal.ai\/et\/nepali-grammatika\/#primaryimage\"},\"image\":{\"@id\":\"https:\/\/talkpal.ai\/et\/nepali-grammatika\/#primaryimage\"},\"thumbnailUrl\":\"https:\/\/talkpal.ai\/wp-content\/uploads\/2023\/05\/nepal.png\",\"datePublished\":\"2023-05-14T14:12:45+00:00\",\"dateModified\":\"2025-12-17T17:00:45+00:00\",\"description\":\"Tutvuge nepali keele grammatikaga ja parandage oma keele m\u00f5istmist selgete ja \u00fclevaatlike selgituste abil.\",\"breadcrumb\":{\"@id\":\"https:\/\/talkpal.ai\/et\/nepali-grammatika\/#breadcrumb\"},\"inLanguage\":\"et\",\"potentialAction\":[{\"@type\":\"ReadAction\",\"target\":[\"https:\/\/talkpal.ai\/et\/nepali-grammatika\/\"]}]},{\"@type\":\"ImageObject\",\"inLanguage\":\"et\",\"@id\":\"https:\/\/talkpal.ai\/et\/nepali-grammatika\/#primaryimage\",\"url\":\"https:\/\/talkpal.ai\/wp-content\/uploads\/2023\/05\/nepal.png\",\"contentUrl\":\"https:\/\/talkpal.ai\/wp-content\/uploads\/2023\/05\/nepal.png\",\"width\":512,\"height\":512},{\"@type\":\"BreadcrumbList\",\"@id\":\"https:\/\/talkpal.ai\/et\/nepali-grammatika\/#breadcrumb\",\"itemListElement\":[{\"@type\":\"ListItem\",\"position\":1,\"name\":\"Homepage\",\"item\":\"https:\/\/talkpal.ai\/et\/\"},{\"@type\":\"ListItem\",\"position\":2,\"name\":\"Nepali grammatika\"}]},{\"@type\":\"WebSite\",\"@id\":\"https:\/\/talkpal.ai\/et\/#website\",\"url\":\"https:\/\/talkpal.ai\/et\/\",\"name\":\"Talkpal\",\"description\":\"AI Language Learning\",\"publisher\":{\"@id\":\"https:\/\/talkpal.ai\/et\/#organization\"},\"alternateName\":\"Talkpal AI\",\"potentialAction\":[{\"@type\":\"SearchAction\",\"target\":{\"@type\":\"EntryPoint\",\"urlTemplate\":\"https:\/\/talkpal.ai\/et\/?s={search_term_string}\"},\"query-input\":{\"@type\":\"PropertyValueSpecification\",\"valueRequired\":true,\"valueName\":\"search_term_string\"}}],\"inLanguage\":\"et\"},{\"@type\":\"Organization\",\"@id\":\"https:\/\/talkpal.ai\/et\/#organization\",\"name\":\"Talkpal, Inc.\",\"alternateName\":\"Talkpal AI\",\"url\":\"https:\/\/talkpal.ai\/et\/\",\"logo\":{\"@type\":\"ImageObject\",\"inLanguage\":\"et\",\"@id\":\"https:\/\/talkpal.ai\/et\/#\/schema\/logo\/image\/\",\"url\":\"https:\/\/talkpal.ai\/wp-content\/uploads\/2024\/03\/Talkpal-Logo-Icon.png\",\"contentUrl\":\"https:\/\/talkpal.ai\/wp-content\/uploads\/2024\/03\/Talkpal-Logo-Icon.png\",\"width\":2880,\"height\":2880,\"caption\":\"Talkpal, Inc.\"},\"image\":{\"@id\":\"https:\/\/talkpal.ai\/et\/#\/schema\/logo\/image\/\"},\"sameAs\":[\"https:\/\/www.facebook.com\/profile.php?id=100090733639311\",\"https:\/\/x.com\/talkpalai\",\"https:\/\/www.linkedin.com\/company\/talkpal\/\",\"https:\/\/www.youtube.com\/@TalkPal\/\",\"https:\/\/www.tiktok.com\/@talkpal\",\"https:\/\/www.instagram.com\/talkpal_ai\/\",\"https:\/\/www.crunchbase.com\/organization\/talkpal-9cde\",\"https:\/\/www.g2.com\/products\/talkpal-for-business\/\",\"https:\/\/www.trustpilot.com\/review\/talkpal.ai\",\"https:\/\/www.capterra.com\/p\/10006800\/TalkPal\/\"],\"description\":\"Talkpal is a language learning web and mobile education app, powered by the latest AI technologies, that provides engaging experiences to its customers in many different languages to help them improve their language skills. Users can chat about unlimited amount of topics with the app and use other modes to practice their language learning.\",\"email\":\"support@talkpal.ai\",\"legalName\":\"Talkpal, Inc.\",\"foundingDate\":\"2023-04-03\",\"duns\":\"118989042\",\"numberOfEmployees\":{\"@type\":\"QuantitativeValue\",\"minValue\":\"11\",\"maxValue\":\"50\"},\"publishingPrinciples\":\"https:\/\/talkpal.ai\/publishing-principles\/\",\"actionableFeedbackPolicy\":\"https:\/\/talkpal.ai\/actionable-feedback-policy\/\",\"correctionsPolicy\":\"https:\/\/talkpal.ai\/corrections-policy\/\",\"ethicsPolicy\":\"https:\/\/talkpal.ai\/ethics-policy\/\",\"diversityPolicy\":\"https:\/\/talkpal.ai\/diversity-policy\/\",\"diversityStaffingReport\":\"https:\/\/talkpal.ai\/diversity-policy\/\"}]}<\/script>\n<!-- \/ Yoast SEO Premium plugin. -->","yoast_head_json":{"title":"Nepali grammatika - Talkpal","description":"Tutvuge nepali keele grammatikaga ja parandage oma keele m\u00f5istmist selgete ja \u00fclevaatlike selgituste abil.","robots":{"index":"index","follow":"follow","max-snippet":"max-snippet:-1","max-image-preview":"max-image-preview:large","max-video-preview":"max-video-preview:-1"},"canonical":"https:\/\/talkpal.ai\/et\/nepali-grammatika\/","og_locale":"et_EE","og_type":"article","og_title":"Nepali grammatika","og_description":"Nepali grammatika rikkusesse s\u00fcvenemine: l\u00e4bin\u00e4gelik juhend Nepali, indo-aaria keel, mida r\u00e4\u00e4gib Nepalis ja naaberpiirkondades \u00fcle 25 miljoni inimese, on","og_url":"https:\/\/talkpal.ai\/et\/nepali-grammatika\/","og_site_name":"Talkpal","article_publisher":"https:\/\/www.facebook.com\/profile.php?id=100090733639311","article_modified_time":"2025-12-17T17:00:45+00:00","og_image":[{"width":512,"height":512,"url":"https:\/\/talkpal.ai\/wp-content\/uploads\/2023\/05\/nepal.png","type":"image\/png"}],"twitter_card":"summary_large_image","twitter_site":"@talkpalai","twitter_misc":{"Est. reading time":"3 minutit"},"schema":{"@context":"https:\/\/schema.org","@graph":[{"@type":"WebPage","@id":"https:\/\/talkpal.ai\/et\/nepali-grammatika\/","url":"https:\/\/talkpal.ai\/et\/nepali-grammatika\/","name":"Nepali grammatika - Talkpal","isPartOf":{"@id":"https:\/\/talkpal.ai\/et\/#website"},"primaryImageOfPage":{"@id":"https:\/\/talkpal.ai\/et\/nepali-grammatika\/#primaryimage"},"image":{"@id":"https:\/\/talkpal.ai\/et\/nepali-grammatika\/#primaryimage"},"thumbnailUrl":"https:\/\/talkpal.ai\/wp-content\/uploads\/2023\/05\/nepal.png","datePublished":"2023-05-14T14:12:45+00:00","dateModified":"2025-12-17T17:00:45+00:00","description":"Tutvuge nepali keele grammatikaga ja parandage oma keele m\u00f5istmist selgete ja \u00fclevaatlike selgituste abil.","breadcrumb":{"@id":"https:\/\/talkpal.ai\/et\/nepali-grammatika\/#breadcrumb"},"inLanguage":"et","potentialAction":[{"@type":"ReadAction","target":["https:\/\/talkpal.ai\/et\/nepali-grammatika\/"]}]},{"@type":"ImageObject","inLanguage":"et","@id":"https:\/\/talkpal.ai\/et\/nepali-grammatika\/#primaryimage","url":"https:\/\/talkpal.ai\/wp-content\/uploads\/2023\/05\/nepal.png","contentUrl":"https:\/\/talkpal.ai\/wp-content\/uploads\/2023\/05\/nepal.png","width":512,"height":512},{"@type":"BreadcrumbList","@id":"https:\/\/talkpal.ai\/et\/nepali-grammatika\/#breadcrumb","itemListElement":[{"@type":"ListItem","position":1,"name":"Homepage","item":"https:\/\/talkpal.ai\/et\/"},{"@type":"ListItem","position":2,"name":"Nepali grammatika"}]},{"@type":"WebSite","@id":"https:\/\/talkpal.ai\/et\/#website","url":"https:\/\/talkpal.ai\/et\/","name":"Talkpal","description":"AI Language Learning","publisher":{"@id":"https:\/\/talkpal.ai\/et\/#organization"},"alternateName":"Talkpal AI","potentialAction":[{"@type":"SearchAction","target":{"@type":"EntryPoint","urlTemplate":"https:\/\/talkpal.ai\/et\/?s={search_term_string}"},"query-input":{"@type":"PropertyValueSpecification","valueRequired":true,"valueName":"search_term_string"}}],"inLanguage":"et"},{"@type":"Organization","@id":"https:\/\/talkpal.ai\/et\/#organization","name":"Talkpal, Inc.","alternateName":"Talkpal AI","url":"https:\/\/talkpal.ai\/et\/","logo":{"@type":"ImageObject","inLanguage":"et","@id":"https:\/\/talkpal.ai\/et\/#\/schema\/logo\/image\/","url":"https:\/\/talkpal.ai\/wp-content\/uploads\/2024\/03\/Talkpal-Logo-Icon.png","contentUrl":"https:\/\/talkpal.ai\/wp-content\/uploads\/2024\/03\/Talkpal-Logo-Icon.png","width":2880,"height":2880,"caption":"Talkpal, Inc."},"image":{"@id":"https:\/\/talkpal.ai\/et\/#\/schema\/logo\/image\/"},"sameAs":["https:\/\/www.facebook.com\/profile.php?id=100090733639311","https:\/\/x.com\/talkpalai","https:\/\/www.linkedin.com\/company\/talkpal\/","https:\/\/www.youtube.com\/@TalkPal\/","https:\/\/www.tiktok.com\/@talkpal","https:\/\/www.instagram.com\/talkpal_ai\/","https:\/\/www.crunchbase.com\/organization\/talkpal-9cde","https:\/\/www.g2.com\/products\/talkpal-for-business\/","https:\/\/www.trustpilot.com\/review\/talkpal.ai","https:\/\/www.capterra.com\/p\/10006800\/TalkPal\/"],"description":"Talkpal is a language learning web and mobile education app, powered by the latest AI technologies, that provides engaging experiences to its customers in many different languages to help them improve their language skills. Users can chat about unlimited amount of topics with the app and use other modes to practice their language learning.","email":"support@talkpal.ai","legalName":"Talkpal, Inc.","foundingDate":"2023-04-03","duns":"118989042","numberOfEmployees":{"@type":"QuantitativeValue","minValue":"11","maxValue":"50"},"publishingPrinciples":"https:\/\/talkpal.ai\/publishing-principles\/","actionableFeedbackPolicy":"https:\/\/talkpal.ai\/actionable-feedback-policy\/","correctionsPolicy":"https:\/\/talkpal.ai\/corrections-policy\/","ethicsPolicy":"https:\/\/talkpal.ai\/ethics-policy\/","diversityPolicy":"https:\/\/talkpal.ai\/diversity-policy\/","diversityStaffingReport":"https:\/\/talkpal.ai\/diversity-policy\/"}]}},"_links":{"self":[{"href":"https:\/\/talkpal.ai\/et\/wp-json\/wp\/v2\/pages\/148016","targetHints":{"allow":["GET"]}}],"collection":[{"href":"https:\/\/talkpal.ai\/et\/wp-json\/wp\/v2\/pages"}],"about":[{"href":"https:\/\/talkpal.ai\/et\/wp-json\/wp\/v2\/types\/page"}],"author":[{"embeddable":true,"href":"https:\/\/talkpal.ai\/et\/wp-json\/wp\/v2\/users\/1"}],"replies":[{"embeddable":true,"href":"https:\/\/talkpal.ai\/et\/wp-json\/wp\/v2\/comments?post=148016"}],"version-history":[{"count":0,"href":"https:\/\/talkpal.ai\/et\/wp-json\/wp\/v2\/pages\/148016\/revisions"}],"wp:featuredmedia":[{"embeddable":true,"href":"https:\/\/talkpal.ai\/et\/wp-json\/wp\/v2\/media\/116217"}],"wp:attachment":[{"href":"https:\/\/talkpal.ai\/et\/wp-json\/wp\/v2\/media?parent=148016"}],"curies":[{"name":"wp","href":"https:\/\/api.w.org\/{rel}","templated":true}]}}