{"id":147707,"date":"2023-05-14T14:12:25","date_gmt":"2023-05-14T14:12:25","guid":{"rendered":"http:\/\/talkpal.ai\/maoori-grammatika\/"},"modified":"2025-12-17T16:44:51","modified_gmt":"2025-12-17T16:44:51","slug":"maoori-grammatika","status":"publish","type":"page","link":"https:\/\/talkpal.ai\/et\/maoori-grammatika\/","title":{"rendered":"Maoori grammatika"},"content":{"rendered":"\r\n\r\n\r\n<section class=\"languageChallengeSection\">\r\n    <div class=\"languageInfoWrapper\">\r\n        \r\n        <h1>Maoori grammatika<\/h1>\r\n        <p>Soovid \u00f5ppida m\u0101ori keelt? Tutvuge m\u0101ori keele grammatikaga, mis on tuntud oma lihtsuse, artiklite kasutamise ja t\u00e4henduslike partiklite t\u00e4htsa rolli poolest. Alusta juba t\u00e4na &#8211; m\u0101ori keele <a href=\"https:\/\/talkpal.ai\/greek-grammar\/\">grammatika<\/a> omandamine aitab sul s\u00fcgavamalt siduda end selle keele rikkaliku p\u00e4randi ja Uus-Meremaa elava kultuuriga!<\/p>\r\n\r\n                            <a class=\"getStartedHidden\" href=\"https:\/\/app.talkpal.ai\/et\/signup?lng=\">Alusta<\/a>\r\n        \r\n    <\/div>\r\n\r\n    <figure>\r\n    <img decoding=\"async\" width=\"768\" height=\"768\" src=\"https:\/\/talkpal.ai\/wp-content\/uploads\/2023\/06\/maori-768x768.png\" class=\"languageImage no-lazy\" alt=\"Language learning for social and professional settings\" fetchpriority=\"high\" sizes=\"(max-width: 768px) 150px, 768px\" srcset=\"https:\/\/talkpal.ai\/wp-content\/uploads\/2023\/06\/maori-768x768.png 768w, https:\/\/talkpal.ai\/wp-content\/uploads\/2023\/06\/maori-300x300.png 300w\" \/>\r\n    \r\n\r\n    <\/figure>\r\n\r\n            <a class=\"getStartedVisible\" href=\"https:\/\/app.talkpal.ai\/et\/signup?lng=\">Alusta<\/a>\r\n    \r\n<\/section>\r\n<section class=\"promotionalBanner\">\r\n    <p class=\"promotionalText\">K\u00f5ige t\u00f5husam viis keele \u00f5ppimiseks<\/p>\r\n    <a class=\"promotionalLink\" href=\"https:\/\/app.talkpal.ai\/et\/signup?lng=\">Proovige Talkpal tasuta<\/a>\r\n<\/section>\n<div class=\"wp-block-group pageContainerStyle\"><div class=\"wp-block-group__inner-container is-layout-constrained wp-block-group-is-layout-constrained\">\n<h2 class=\"wp-block-heading\" id=\"h-maori-grammar-your-ticket-to-a-vibrant-bicultural-world\">Maoori grammatika: teie pilet elavasse kahekultuurilisse maailma<\/h2>\n\n\n\n<p><a href=\"https:\/\/talkpal.ai\/culture\/how-do-you-say-lets-go-in-maori\/\">Kia ora<\/a>! Tere tulemast maoori keele imelisse maailma. Uus-Meremaa p\u00f5lisrahvaste keel, maoori keel ehk te reo maoori keel, pakub teile ainulaadset v\u00f5imalust luua side iidse kultuuri ja selle k\u00f5nelejate eluj\u00f5ulise kogukonnaga. Nagu <a href=\"https:\/\/talkpal.ai\/locations\/language-courses-in-iga\/\">iga<\/a> keel, v\u00f5ib ka maoori keele grammatika tunduda keeruline, kuid \u00e4rge muretsege! See algajas\u00f5bralik juhend lihtsustab <a href=\"https:\/\/talkpal.ai\/maori-grammar\/\">maoori grammatika<\/a> p\u00f5hikomponente visuaalselt kaasahaaravaks ja informatiivseks teekonnaks.<\/p>\n\n\n\n<h3 class=\"wp-block-heading\" id=\"h-1-starting-with-the-basics-maori-alphabet-and-pronunciation\">1. Alustades p\u00f5hit\u00f5dedest: maoori t\u00e4hestik ja h\u00e4\u00e4ldus<\/h3>\n\n\n\n<p><a href=\"https:\/\/talkpal.ai\/learn-maori\/\">Maori<\/a> kasutab modifitseeritud ladina t\u00e4hestikku, mis koosneb vaid 15 t\u00e4hest: viis t\u00e4ish\u00e4\u00e4likut (a, e, i, o ja u) ja k\u00fcmme kaash\u00e4\u00e4likut (h, k, m, n, p, r, t, w, ng ja wh). Tutvuge nende t\u00e4htede ja nende erinevate h\u00e4\u00e4ldustega, kuna need panevad aluse kogu j\u00e4rgnevale <a href=\"https:\/\/talkpal.ai\/maori-grammar\/\">maoori grammatika<\/a> \u00f5ppimisele.<\/p>\n\n\n\n<h3 class=\"wp-block-heading\" id=\"h-2-exploring-maori-sentence-structure\">2. Maoori lauseehituse uurimine<\/h3>\n\n\n\n<p>Selle keskmes j\u00e4rgib maoori grammatika lihtsat subjekti-verbi (-objekti) struktuuri, kusjuures verb eelneb tavaliselt subjektile. K\u00f5ige selgem viis selle struktuuri m\u00f5istmiseks on n\u00e4ha seda tegevuses:<\/p>\n\n\n\n<p><strong>Inglise keel: Laps m\u00e4ngib.<\/strong><\/p>\n\n\n\n<p><strong>Maori: Kei te t\u0101karo te tamaiti.<\/strong><\/p>\n\n\n\n<p>Maori keeles n\u00e4idatakse verbi ajavormi partiklite kombinatsiooni abil v\u00f5i lisades lausele aja t\u00e4hise.<\/p>\n\n\n\n<h3 class=\"wp-block-heading\" id=\"h-3-demystifying-particles-building-blocks-of-maori-grammar\">3. Dem\u00fcstifitseerivad osakesed: maoori grammatika ehitusplokid<\/h3>\n\n\n\n<p>Osakesed m\u00e4ngivad maoori grammatikas olulist rolli, sidudes s\u00f5nu ja fraase omavahel, et luua sidusaid ja v\u00e4ljendusrikkaid lauseid. Algajana keskenduge m\u00f5ne olulise osakese m\u00f5istmisele:<\/p>\n\n\n\n<p><strong>&#8211; Kia: kasutatakse k\u00e4skude, soovide ja tegevuse eesm\u00e4rgi m\u00e4rkimiseks.<\/strong><\/p>\n\n\n\n<p><strong>&#8211; Kei: kasutatakse pideva ajavormi moodustamiseks.<\/strong><\/p>\n\n\n\n<p><strong>&#8211; Ko: kasutatakse lause subjekti t\u00e4histamiseks.<\/strong><\/p>\n\n\n\n<h3 class=\"wp-block-heading\" id=\"h-4-getting-to-know-maori-pronouns\">4. Maoori ases\u00f5nade tundma\u00f5ppimine<\/h3>\n\n\n\n<p>Maoori ases\u00f5nad asendavad nimis\u00f5nu ja aitavad hoida teie vestlusi loomulikuna ja sujuvana. Algajana keskenduge isiklike ja omastavate ases\u00f5nade m\u00f5istmisele:<\/p>\n\n\n\n<p>Isikulised ases\u00f5nad: ahau (I), koe (sina, ainsus), ia (ta\/ta), t\u0101ua (meie, kaasa arvatud inimene, kellega r\u00e4\u00e4gitakse), m\u0101ua (meie, v\u00e4lja arvatud inimene, kellega r\u00e4\u00e4gitakse), koutou (sina, mitmuses), r\u0101tau (nemad)<\/p>\n\n\n\n<p>Omastavad ases\u00f5nad: taku\/t\u014dku (minu), t\u014du (sinu, ainsus), t\u014dna (tema), t\u014d t\u0101ua (meie, sealhulgas k\u00f5neleja ja kuulaja), t\u014d m\u0101ua (meie, k\u00f5neleja ja keegi teine), t\u014d koutou (teie, mitmuses), t\u014d r\u0101tau (nende)<\/p>\n\n\n\n<h3 class=\"wp-block-heading\" id=\"h-5-navigating-maori-nouns-and-adjectives\">5. Maoori nimis\u00f5nade ja omaduss\u00f5nade navigeerimine<\/h3>\n\n\n\n<p>Maoori nimis\u00f5nad ja omaduss\u00f5nad j\u00e4rgivad lihtsaid grammatilisi reegleid, mist\u00f5ttu algajatele on lihtne aru saada. Omaduss\u00f5nad j\u00e4rgnevad tavaliselt kirjeldatavale nimis\u00f5nale ja nimis\u00f5nade mitmuse puhul lisatakse lihtsalt partikkel &#8220;ng\u0101&#8221; enne nimis\u00f5na. N\u00e4iteks:<\/p>\n\n\n\n<p><strong>Te whare nui &#8211; &#8220;suur maja&#8221;<\/strong><\/p>\n\n\n\n<p><strong>Ng\u0101 tamariki &#8211; &#8220;lapsed&#8221;<\/strong><\/p>\n\n\n\n<p>Seal see on! Olete astunud esimesed sammud maoori keele grammatika omandamise suunas ning rikastanud oma teekonda maoori keele ja kultuuriga. Pidage meeles, et harjutamine, sihikindlus ja keelek\u00fcmblus on edu saavutamiseks h\u00e4davajalikud, nii et suhelge emakeelena k\u00f5nelejatega, uurige maoori tekste ja tugevdage oma keele alust. Kia kaha! (Mine tugevaks!)<\/p>\n<\/div><\/div>\n\r\n<section class=\"learnNavigationSection\">\r\n            \r\n        <a href=\"https:\/\/talkpal.ai\/et\/opi-maori\/\">\r\n            <div class=\"learnNavigationWrapper\">\r\n                <div class=\"learnNavigationContent\">\r\n                    <img decoding=\"async\" src=\"https:\/\/talkpal.ai\/wp-content\/uploads\/2024\/08\/Maori.jpg\" alt=\"New Zealand Flag\">\r\n                    <div>\r\n                        <h4>Maori keele grammatika \u00f5ppet\u00f6\u00f6<\/h4>\r\n                        <p>Uuri k\u00f5ike maoori keele grammatika kohta.<\/p>\r\n                    <\/div>\r\n                <\/div>\r\n            <\/div>\r\n        <\/a>\r\n\r\n        \r\n        <a href=\"https:\/\/talkpal.ai\/et\/maoori-grammatika-harjutused\/\">\r\n            <div class=\"learnNavigationWrapper\">\r\n                <div class=\"learnNavigationContent\">\r\n                    <img decoding=\"async\" src=\"https:\/\/talkpal.ai\/wp-content\/uploads\/2024\/08\/Maori.jpg\" alt=\"New Zealand Flag\">\r\n                    <div>\r\n                        <h4>Maori keele grammatika harjutus<\/h4>\r\n                        <p>Harjutage maoori keele grammatikat.<\/p>\r\n                    <\/div>\r\n                <\/div>\r\n            <\/div>\r\n        <\/a>\r\n\r\n        \r\n        <a href=\"https:\/\/talkpal.ai\/vocabulary_language\/maori\/\">\r\n            <div class=\"learnNavigationWrapper\">\r\n                <div class=\"learnNavigationContent\">\r\n                    <img decoding=\"async\" src=\"https:\/\/talkpal.ai\/wp-content\/uploads\/2024\/08\/Maori.jpg\" alt=\"New Zealand Flag\">\r\n                    <div>\r\n                        <h4>Maoori s\u00f5navara<\/h4>\r\n                        <p>Laiendage oma maoori s\u00f5navara.<\/p>\r\n                    <\/div>\r\n                <\/div>\r\n            <\/div>\r\n        <\/a>\r\n\r\n            <\/section>","protected":false},"excerpt":{"rendered":"<p>Maoori grammatika: teie pilet elavasse kahekultuurilisse maailma Kia ora! Tere tulemast maoori keele imelisse maailma. Uus-Meremaa p\u00f5lisrahvaste keel, maoori keel ehk te reo maoori keel, pakub teile ainulaadset v\u00f5imalust luua side iidse kultuuri ja selle k\u00f5nelejate eluj\u00f5ulise kogukonnaga. Nagu iga keel, v\u00f5ib ka maoori keele grammatika tunduda keeruline, kuid \u00e4rge muretsege! See algajas\u00f5bralik juhend lihtsustab [&hellip;]<\/p>\n","protected":false},"author":1,"featured_media":116789,"parent":0,"menu_order":0,"comment_status":"closed","ping_status":"closed","template":"LearningContentPage.php","meta":{"_acf_changed":false,"footnotes":""},"class_list":["post-147707","page","type-page","status-publish","has-post-thumbnail","hentry"],"acf":[],"yoast_head":"<!-- This site is optimized with the Yoast SEO Premium plugin v27.2 (Yoast SEO v27.2) - https:\/\/yoast.com\/product\/yoast-seo-premium-wordpress\/ -->\n<title>Maoori grammatika - Talkpal<\/title>\n<meta name=\"description\" content=\"Tutvuge maoori keele grammatika p\u00f5hit\u00f5dedega meie algajatele m\u00f5eldud juhendi abil. Avastage 15 t\u00e4hte ja p\u00f5hireeglid te reo maori keeles.\" \/>\n<meta name=\"robots\" content=\"index, follow, max-snippet:-1, max-image-preview:large, max-video-preview:-1\" \/>\n<link rel=\"canonical\" href=\"https:\/\/talkpal.ai\/et\/maoori-grammatika\/\" \/>\n<meta property=\"og:locale\" content=\"et_EE\" \/>\n<meta property=\"og:type\" content=\"article\" \/>\n<meta property=\"og:title\" content=\"Maoori grammatika\" \/>\n<meta property=\"og:description\" content=\"Maoori grammatika: teie pilet elavasse kahekultuurilisse maailma Kia ora! Tere tulemast maoori keele imelisse maailma. Uus-Meremaa p\u00f5lisrahvaste keel,\" \/>\n<meta property=\"og:url\" content=\"https:\/\/talkpal.ai\/et\/maoori-grammatika\/\" \/>\n<meta property=\"og:site_name\" content=\"Talkpal\" \/>\n<meta property=\"article:publisher\" content=\"https:\/\/www.facebook.com\/profile.php?id=100090733639311\" \/>\n<meta property=\"article:modified_time\" content=\"2025-12-17T16:44:51+00:00\" \/>\n<meta property=\"og:image\" content=\"https:\/\/talkpal.ai\/wp-content\/uploads\/2023\/05\/Maori-new-zealand.png\" \/>\n\t<meta property=\"og:image:width\" content=\"512\" \/>\n\t<meta property=\"og:image:height\" content=\"512\" \/>\n\t<meta property=\"og:image:type\" content=\"image\/png\" \/>\n<meta name=\"twitter:card\" content=\"summary_large_image\" \/>\n<meta name=\"twitter:site\" content=\"@talkpalai\" \/>\n<meta name=\"twitter:label1\" content=\"Est. reading time\" \/>\n\t<meta name=\"twitter:data1\" content=\"2 minutit\" \/>\n<script type=\"application\/ld+json\" class=\"yoast-schema-graph\">{\"@context\":\"https:\/\/schema.org\",\"@graph\":[{\"@type\":\"WebPage\",\"@id\":\"https:\/\/talkpal.ai\/et\/maoori-grammatika\/\",\"url\":\"https:\/\/talkpal.ai\/et\/maoori-grammatika\/\",\"name\":\"Maoori grammatika - Talkpal\",\"isPartOf\":{\"@id\":\"https:\/\/talkpal.ai\/et\/#website\"},\"primaryImageOfPage\":{\"@id\":\"https:\/\/talkpal.ai\/et\/maoori-grammatika\/#primaryimage\"},\"image\":{\"@id\":\"https:\/\/talkpal.ai\/et\/maoori-grammatika\/#primaryimage\"},\"thumbnailUrl\":\"https:\/\/talkpal.ai\/wp-content\/uploads\/2023\/05\/Maori-new-zealand.png\",\"datePublished\":\"2023-05-14T14:12:25+00:00\",\"dateModified\":\"2025-12-17T16:44:51+00:00\",\"description\":\"Tutvuge maoori keele grammatika p\u00f5hit\u00f5dedega meie algajatele m\u00f5eldud juhendi abil. Avastage 15 t\u00e4hte ja p\u00f5hireeglid te reo maori keeles.\",\"breadcrumb\":{\"@id\":\"https:\/\/talkpal.ai\/et\/maoori-grammatika\/#breadcrumb\"},\"inLanguage\":\"et\",\"potentialAction\":[{\"@type\":\"ReadAction\",\"target\":[\"https:\/\/talkpal.ai\/et\/maoori-grammatika\/\"]}]},{\"@type\":\"ImageObject\",\"inLanguage\":\"et\",\"@id\":\"https:\/\/talkpal.ai\/et\/maoori-grammatika\/#primaryimage\",\"url\":\"https:\/\/talkpal.ai\/wp-content\/uploads\/2023\/05\/Maori-new-zealand.png\",\"contentUrl\":\"https:\/\/talkpal.ai\/wp-content\/uploads\/2023\/05\/Maori-new-zealand.png\",\"width\":512,\"height\":512},{\"@type\":\"BreadcrumbList\",\"@id\":\"https:\/\/talkpal.ai\/et\/maoori-grammatika\/#breadcrumb\",\"itemListElement\":[{\"@type\":\"ListItem\",\"position\":1,\"name\":\"Homepage\",\"item\":\"https:\/\/talkpal.ai\/et\/\"},{\"@type\":\"ListItem\",\"position\":2,\"name\":\"Maoori grammatika\"}]},{\"@type\":\"WebSite\",\"@id\":\"https:\/\/talkpal.ai\/et\/#website\",\"url\":\"https:\/\/talkpal.ai\/et\/\",\"name\":\"Talkpal\",\"description\":\"AI Language Learning\",\"publisher\":{\"@id\":\"https:\/\/talkpal.ai\/et\/#organization\"},\"alternateName\":\"Talkpal AI\",\"potentialAction\":[{\"@type\":\"SearchAction\",\"target\":{\"@type\":\"EntryPoint\",\"urlTemplate\":\"https:\/\/talkpal.ai\/et\/?s={search_term_string}\"},\"query-input\":{\"@type\":\"PropertyValueSpecification\",\"valueRequired\":true,\"valueName\":\"search_term_string\"}}],\"inLanguage\":\"et\"},{\"@type\":\"Organization\",\"@id\":\"https:\/\/talkpal.ai\/et\/#organization\",\"name\":\"Talkpal, Inc.\",\"alternateName\":\"Talkpal AI\",\"url\":\"https:\/\/talkpal.ai\/et\/\",\"logo\":{\"@type\":\"ImageObject\",\"inLanguage\":\"et\",\"@id\":\"https:\/\/talkpal.ai\/et\/#\/schema\/logo\/image\/\",\"url\":\"https:\/\/talkpal.ai\/wp-content\/uploads\/2024\/03\/Talkpal-Logo-Icon.png\",\"contentUrl\":\"https:\/\/talkpal.ai\/wp-content\/uploads\/2024\/03\/Talkpal-Logo-Icon.png\",\"width\":2880,\"height\":2880,\"caption\":\"Talkpal, Inc.\"},\"image\":{\"@id\":\"https:\/\/talkpal.ai\/et\/#\/schema\/logo\/image\/\"},\"sameAs\":[\"https:\/\/www.facebook.com\/profile.php?id=100090733639311\",\"https:\/\/x.com\/talkpalai\",\"https:\/\/www.linkedin.com\/company\/talkpal\/\",\"https:\/\/www.youtube.com\/@TalkPal\/\",\"https:\/\/www.tiktok.com\/@talkpal\",\"https:\/\/www.instagram.com\/talkpal_ai\/\",\"https:\/\/www.crunchbase.com\/organization\/talkpal-9cde\",\"https:\/\/www.g2.com\/products\/talkpal-for-business\/\",\"https:\/\/www.trustpilot.com\/review\/talkpal.ai\",\"https:\/\/www.capterra.com\/p\/10006800\/TalkPal\/\"],\"description\":\"Talkpal is a language learning web and mobile education app, powered by the latest AI technologies, that provides engaging experiences to its customers in many different languages to help them improve their language skills. Users can chat about unlimited amount of topics with the app and use other modes to practice their language learning.\",\"email\":\"support@talkpal.ai\",\"legalName\":\"Talkpal, Inc.\",\"foundingDate\":\"2023-04-03\",\"duns\":\"118989042\",\"numberOfEmployees\":{\"@type\":\"QuantitativeValue\",\"minValue\":\"11\",\"maxValue\":\"50\"},\"publishingPrinciples\":\"https:\/\/talkpal.ai\/publishing-principles\/\",\"actionableFeedbackPolicy\":\"https:\/\/talkpal.ai\/actionable-feedback-policy\/\",\"correctionsPolicy\":\"https:\/\/talkpal.ai\/corrections-policy\/\",\"ethicsPolicy\":\"https:\/\/talkpal.ai\/ethics-policy\/\",\"diversityPolicy\":\"https:\/\/talkpal.ai\/diversity-policy\/\",\"diversityStaffingReport\":\"https:\/\/talkpal.ai\/diversity-policy\/\"}]}<\/script>\n<!-- \/ Yoast SEO Premium plugin. -->","yoast_head_json":{"title":"Maoori grammatika - Talkpal","description":"Tutvuge maoori keele grammatika p\u00f5hit\u00f5dedega meie algajatele m\u00f5eldud juhendi abil. Avastage 15 t\u00e4hte ja p\u00f5hireeglid te reo maori keeles.","robots":{"index":"index","follow":"follow","max-snippet":"max-snippet:-1","max-image-preview":"max-image-preview:large","max-video-preview":"max-video-preview:-1"},"canonical":"https:\/\/talkpal.ai\/et\/maoori-grammatika\/","og_locale":"et_EE","og_type":"article","og_title":"Maoori grammatika","og_description":"Maoori grammatika: teie pilet elavasse kahekultuurilisse maailma Kia ora! Tere tulemast maoori keele imelisse maailma. Uus-Meremaa p\u00f5lisrahvaste keel,","og_url":"https:\/\/talkpal.ai\/et\/maoori-grammatika\/","og_site_name":"Talkpal","article_publisher":"https:\/\/www.facebook.com\/profile.php?id=100090733639311","article_modified_time":"2025-12-17T16:44:51+00:00","og_image":[{"width":512,"height":512,"url":"https:\/\/talkpal.ai\/wp-content\/uploads\/2023\/05\/Maori-new-zealand.png","type":"image\/png"}],"twitter_card":"summary_large_image","twitter_site":"@talkpalai","twitter_misc":{"Est. reading time":"2 minutit"},"schema":{"@context":"https:\/\/schema.org","@graph":[{"@type":"WebPage","@id":"https:\/\/talkpal.ai\/et\/maoori-grammatika\/","url":"https:\/\/talkpal.ai\/et\/maoori-grammatika\/","name":"Maoori grammatika - Talkpal","isPartOf":{"@id":"https:\/\/talkpal.ai\/et\/#website"},"primaryImageOfPage":{"@id":"https:\/\/talkpal.ai\/et\/maoori-grammatika\/#primaryimage"},"image":{"@id":"https:\/\/talkpal.ai\/et\/maoori-grammatika\/#primaryimage"},"thumbnailUrl":"https:\/\/talkpal.ai\/wp-content\/uploads\/2023\/05\/Maori-new-zealand.png","datePublished":"2023-05-14T14:12:25+00:00","dateModified":"2025-12-17T16:44:51+00:00","description":"Tutvuge maoori keele grammatika p\u00f5hit\u00f5dedega meie algajatele m\u00f5eldud juhendi abil. Avastage 15 t\u00e4hte ja p\u00f5hireeglid te reo maori keeles.","breadcrumb":{"@id":"https:\/\/talkpal.ai\/et\/maoori-grammatika\/#breadcrumb"},"inLanguage":"et","potentialAction":[{"@type":"ReadAction","target":["https:\/\/talkpal.ai\/et\/maoori-grammatika\/"]}]},{"@type":"ImageObject","inLanguage":"et","@id":"https:\/\/talkpal.ai\/et\/maoori-grammatika\/#primaryimage","url":"https:\/\/talkpal.ai\/wp-content\/uploads\/2023\/05\/Maori-new-zealand.png","contentUrl":"https:\/\/talkpal.ai\/wp-content\/uploads\/2023\/05\/Maori-new-zealand.png","width":512,"height":512},{"@type":"BreadcrumbList","@id":"https:\/\/talkpal.ai\/et\/maoori-grammatika\/#breadcrumb","itemListElement":[{"@type":"ListItem","position":1,"name":"Homepage","item":"https:\/\/talkpal.ai\/et\/"},{"@type":"ListItem","position":2,"name":"Maoori grammatika"}]},{"@type":"WebSite","@id":"https:\/\/talkpal.ai\/et\/#website","url":"https:\/\/talkpal.ai\/et\/","name":"Talkpal","description":"AI Language Learning","publisher":{"@id":"https:\/\/talkpal.ai\/et\/#organization"},"alternateName":"Talkpal AI","potentialAction":[{"@type":"SearchAction","target":{"@type":"EntryPoint","urlTemplate":"https:\/\/talkpal.ai\/et\/?s={search_term_string}"},"query-input":{"@type":"PropertyValueSpecification","valueRequired":true,"valueName":"search_term_string"}}],"inLanguage":"et"},{"@type":"Organization","@id":"https:\/\/talkpal.ai\/et\/#organization","name":"Talkpal, Inc.","alternateName":"Talkpal AI","url":"https:\/\/talkpal.ai\/et\/","logo":{"@type":"ImageObject","inLanguage":"et","@id":"https:\/\/talkpal.ai\/et\/#\/schema\/logo\/image\/","url":"https:\/\/talkpal.ai\/wp-content\/uploads\/2024\/03\/Talkpal-Logo-Icon.png","contentUrl":"https:\/\/talkpal.ai\/wp-content\/uploads\/2024\/03\/Talkpal-Logo-Icon.png","width":2880,"height":2880,"caption":"Talkpal, Inc."},"image":{"@id":"https:\/\/talkpal.ai\/et\/#\/schema\/logo\/image\/"},"sameAs":["https:\/\/www.facebook.com\/profile.php?id=100090733639311","https:\/\/x.com\/talkpalai","https:\/\/www.linkedin.com\/company\/talkpal\/","https:\/\/www.youtube.com\/@TalkPal\/","https:\/\/www.tiktok.com\/@talkpal","https:\/\/www.instagram.com\/talkpal_ai\/","https:\/\/www.crunchbase.com\/organization\/talkpal-9cde","https:\/\/www.g2.com\/products\/talkpal-for-business\/","https:\/\/www.trustpilot.com\/review\/talkpal.ai","https:\/\/www.capterra.com\/p\/10006800\/TalkPal\/"],"description":"Talkpal is a language learning web and mobile education app, powered by the latest AI technologies, that provides engaging experiences to its customers in many different languages to help them improve their language skills. Users can chat about unlimited amount of topics with the app and use other modes to practice their language learning.","email":"support@talkpal.ai","legalName":"Talkpal, Inc.","foundingDate":"2023-04-03","duns":"118989042","numberOfEmployees":{"@type":"QuantitativeValue","minValue":"11","maxValue":"50"},"publishingPrinciples":"https:\/\/talkpal.ai\/publishing-principles\/","actionableFeedbackPolicy":"https:\/\/talkpal.ai\/actionable-feedback-policy\/","correctionsPolicy":"https:\/\/talkpal.ai\/corrections-policy\/","ethicsPolicy":"https:\/\/talkpal.ai\/ethics-policy\/","diversityPolicy":"https:\/\/talkpal.ai\/diversity-policy\/","diversityStaffingReport":"https:\/\/talkpal.ai\/diversity-policy\/"}]}},"_links":{"self":[{"href":"https:\/\/talkpal.ai\/et\/wp-json\/wp\/v2\/pages\/147707","targetHints":{"allow":["GET"]}}],"collection":[{"href":"https:\/\/talkpal.ai\/et\/wp-json\/wp\/v2\/pages"}],"about":[{"href":"https:\/\/talkpal.ai\/et\/wp-json\/wp\/v2\/types\/page"}],"author":[{"embeddable":true,"href":"https:\/\/talkpal.ai\/et\/wp-json\/wp\/v2\/users\/1"}],"replies":[{"embeddable":true,"href":"https:\/\/talkpal.ai\/et\/wp-json\/wp\/v2\/comments?post=147707"}],"version-history":[{"count":0,"href":"https:\/\/talkpal.ai\/et\/wp-json\/wp\/v2\/pages\/147707\/revisions"}],"wp:featuredmedia":[{"embeddable":true,"href":"https:\/\/talkpal.ai\/et\/wp-json\/wp\/v2\/media\/116789"}],"wp:attachment":[{"href":"https:\/\/talkpal.ai\/et\/wp-json\/wp\/v2\/media?parent=147707"}],"curies":[{"name":"wp","href":"https:\/\/api.w.org\/{rel}","templated":true}]}}