{"id":1476039,"date":"2025-11-12T17:34:19","date_gmt":"2025-11-12T17:34:19","guid":{"rendered":"https:\/\/talkpal.ai\/zulu-grammatika\/"},"modified":"2025-12-30T13:31:26","modified_gmt":"2025-12-30T13:31:26","slug":"zulu-grammatika","status":"publish","type":"page","link":"https:\/\/talkpal.ai\/et\/zulu-grammatika\/","title":{"rendered":"Zulu grammatika"},"content":{"rendered":"\r\n\r\n\r\n<section class=\"languageChallengeSection\">\r\n    <div class=\"languageInfoWrapper\">\r\n        \r\n        <h1>Zulu grammatika<\/h1>\r\n        <p><a href=\"https:\/\/talkpal.ai\/zulu-grammar\/\">Zulu grammatika<\/a> v\u00f5ib alguses tunduda keeruline, kuid selle ainulaadsed omadused muudavad keele \u00f5ppimise rahuldust pakkuvaks kogemuseks. Uurides selle t\u00e4hestikku, mutatsioone ja grammatikareegleid, saate \u00fclevaate rikkalikust keeletraditsioonist. Alustage oma teekonda ja avastage Zulu ilu!<\/p>\r\n\r\n                            <a class=\"getStartedHidden\" href=\"https:\/\/app.talkpal.ai\/et\/signup?lng=\">Alusta<\/a>\r\n        \r\n    <\/div>\r\n\r\n    <figure>\r\n    <img decoding=\"async\" width=\"768\" height=\"768\" src=\"https:\/\/talkpal.ai\/wp-content\/uploads\/2023\/06\/welsh-768x768.png\" class=\"languageImage no-lazy\" alt=\"Language learning for better cognitive abilities\" fetchpriority=\"high\" sizes=\"(max-width: 768px) 150px, 768px\" srcset=\"https:\/\/talkpal.ai\/wp-content\/uploads\/2023\/06\/welsh-768x768.png 768w, https:\/\/talkpal.ai\/wp-content\/uploads\/2023\/06\/welsh-300x300.png 300w\" \/>\r\n    \r\n\r\n    <\/figure>\r\n\r\n            <a class=\"getStartedVisible\" href=\"https:\/\/app.talkpal.ai\/et\/signup?lng=\">Alusta<\/a>\r\n    \r\n<\/section><section class=\"promotionalBanner\">\r\n    <p class=\"promotionalText\">K\u00f5ige t\u00f5husam viis keele \u00f5ppimiseks<\/p>\r\n    <a class=\"promotionalLink\" href=\"https:\/\/app.talkpal.ai\/et\/signup?lng=\">Proovige Talkpal tasuta<\/a>\r\n<\/section>\n<div class=\"wp-block-group pageContainerStyle\"><div class=\"wp-block-group__inner-container is-layout-constrained wp-block-group-is-layout-constrained\">\n<h2 class=\"wp-block-heading\" id=\"h-navigating-the-intricacies-of-zulu-grammar\">Zulu grammatika keerukuses navigeerimine<\/h2>\n\n\n\n<p><a href=\"https:\/\/talkpal.ai\/et\/oppige-zulu-keelt\/\">Suulu<\/a>, nguni r\u00fchma l\u00f5unabantu keel, millel on rikkalik ajalugu ja kultuuriline t\u00e4htsus, pakub p\u00f5nevat keelekogemust neile, kes soovivad uurida selle ainulaadset grammatikas\u00fcsteemi. <a href=\"https:\/\/talkpal.ai\/learn-zulu\/\">Suulu<\/a> valdkonda sisenedes ei rikasta te mitte ainult oma keelelist repertuaari, vaid v\u00f5tate omaks ka p\u00f5neva kultuurilise teekonna. Kuigi <a href=\"https:\/\/talkpal.ai\/learn-zulu\/\">suulu<\/a> <a href=\"https:\/\/talkpal.ai\/greek-grammar\/\">grammatika<\/a> v\u00f5ib alguses tunduda keeruline, muudab selle p\u00f5hikomponentideks jagamine keele \u00f5ppimise ligip\u00e4\u00e4setavamaks. Selles artiklis uurime suulu grammatika k\u00fctkestavat maailma ja anname n\u00e4pun\u00e4iteid selle keerukuse valdamiseks.<\/p>\n\n\n\n<h3 class=\"wp-block-heading\" id=\"h-1-zulu-alphabet-and-phonetics\">1. Zulu t\u00e4hestik ja foneetika<\/h3>\n\n\n\n<p>Zulu kirjas\u00fcsteem kasutab ladina t\u00e4hestikku ja esindab eristavaid helisid, sealhulgas kl\u00f5psukaash\u00e4\u00e4likuid, mis on kirjutatud kui c, q ja x, samuti aspireeritud kaash\u00e4\u00e4likuid, mis on kirjutatud digraafidega, nagu ph, th ja kh. Zulu keeles on viis t\u00e4ish\u00e4\u00e4likut\u00e4hte (a, e, i, o, u) ja see on tonaalne keel, kus helik\u00f5rgus suudab t\u00e4hendust eristada, kuigi tooni ei m\u00e4rgita tavalises ortograafias. Zulu grammatika \u00f5ppimiseks on \u00fclioluline selle helis\u00fcsteemiga tuttavaks saada, harjutades zulu keeles lugemist, kuulamist ja r\u00e4\u00e4kimist.<\/p>\n\n\n\n<h3 class=\"wp-block-heading\" id=\"h-2-noun-classes-and-concords-a-distinctive-zulu-feature\">2. Nimis\u00f5nade klassid ja konkordid: suulu erip\u00e4ra<\/h3>\n\n\n\n<p>Zulu grammatika \u00fcks silmatorkavamaid aspekte on selle ulatuslik nimis\u00f5naklasside s\u00fcsteem, millest iga\u00fcks on t\u00e4histatud kindla eesliitega ja \u00fchendatud konkordide v\u00f5rgustikuga. Nimis\u00f5nade klassid juhivad lauses \u00fcksmeelt, m\u00f5jutades subjektimarkereid, objektimarkereid, omaduss\u00f5nu, omastavaid m\u00e4rke, demonstratiive ja sugulasi. M\u00f5istmine, millal ja kuidas need koosk\u00f5lad ilmnevad, on suulu keeles t\u00e4pse suhtluse jaoks \u00fclioluline.<\/p>\n\n\n\n<h3 class=\"wp-block-heading\" id=\"h-3-nouns-and-pronouns-noun-classes-and-agreement\">3. Nimis\u00f5nad ja ases\u00f5nad: nimis\u00f5nade klassid ja kokkulepe<\/h3>\n\n\n\n<p>Zulu nimis\u00f5nad kuuluvad pigem nimis\u00f5nade klassidesse kui grammatilistesse sugudesse ja nende mitmuse vormid on m\u00e4\u00e4ratud klassipaaridega (n\u00e4iteks umuntu, abantu). Zulu keeles on ases\u00f5nade hulka kuuluvad iseseisvad vormid (mina, wena, yena, thina, nina, bona), omastavad vormid, mis on ehitatud omastavate t\u00fcvedega, nagu -ami, -akho, -akhe, mis \u00fchtivad nimis\u00f5naklassiga (incwadi yami, izincwadi zami), refleksiivne m\u00e4rgistus tegus\u00f5nadel (zi-), nimis\u00f5naklassiga koosk\u00f5las olevad demonstratiivid (lo, laba, le, lezi) ja k\u00fcsitlejad (ubani, ini, kuphi, nini, kanjani). Nende vormide ja nende kokkuleppemustritega tutvumine parandab oluliselt teie arusaamist suulu grammatikast.<\/p>\n\n\n\n<h3 class=\"wp-block-heading\" id=\"h-4-verbs-structure-and-conjugation\">4. Tegus\u00f5nad: struktuur ja konjugatsioon<\/h3>\n\n\n\n<p>Zulu verbid j\u00e4rgivad rikkalikku aglutineerivat struktuuri, mis kodeerib subjekti, objekti, ajavormi, aspekti, meeleolu ja polaarsuse. Tuumaajavormide hulka kuuluvad olevik (ngiyabona v\u00f5i ngibona), minevik (t\u00e4iuslik -ile, ngibonile) ja tulevik zo- (ngizobona), koos t\u00e4iendavate meeleoludega, nagu subjunktiiv (l\u00f5pp-e) ja imperatiiv (hamba, hambani). Eitus on tavaliselt t\u00e4histatud a- ja l\u00f5puga -i (angiboni, akaboni). Verbimalli ja tavaliste laiendite (p\u00f5hjuslik -isa, aplikatiiv -ela, vastastikune -ana, passiivne -wa) <a href=\"https:\/\/talkpal.ai\/et\/oppimine\/\">\u00f5ppimine<\/a> parandab teie v\u00f5imet suulu keeles t\u00f5husalt suhelda.<\/p>\n\n\n\n<h3 class=\"wp-block-heading\" id=\"h-5-adjectives-agreement-and-placement\">5. Omaduss\u00f5nad: kokkulepe ja paigutus<\/h3>\n\n\n\n<p>Zulu grammatikas j\u00e4rgivad omaduss\u00f5nad tavaliselt nimis\u00f5na, mida nad muudavad, ja n\u00f5ustuvad nimis\u00f5na klassiga, kasutades omaduss\u00f5na koosk\u00f5la. Zulu keeles on piiratud hulk t\u00f5elisi omaduss\u00f5nat\u00fcvi (n\u00e4iteks -khulu suur, -ncane v\u00e4ike, -mnyama tume, -de k\u00f5rge) ja paljud kirjeldavad t\u00e4hendused on v\u00e4ljendatud suhteliste konstruktsioonidega. V\u00f5rdlevad ja \u00fcliv\u00f5rded moodustatakse tavaliselt perifrastiliselt, n\u00e4iteks kasutades kakhulu (v\u00e4ga) ja v\u00f5rdlust ukwedlula v\u00f5i ngaphezu kukaga &#8220;rohkem kui&#8221;.<\/p>\n\n\n\n<p><strong>N\u00e4ited:<\/strong><\/p>\n\n\n\n<p><strong>\u2013 Uthando Olukhulu (suur armastus)<\/strong><\/p>\n\n\n\n<p><strong>\u2013 izingane etsinkaan (v\u00e4ikesed lapsed)<\/strong><\/p>\n\n\n\n<h3 class=\"wp-block-heading\" id=\"h-6-engaging-with-the-language\">6. Keelega tegelemine<\/h3>\n\n\n\n<p>K\u00f5ige t\u00f5husam viis suulu grammatika t\u00e4ielikuks m\u00f5istmiseks ja sisestamiseks on keelega j\u00e4rjepidevalt tegeleda. Lugedes zulu kirjandust, vaadates zulu filme v\u00f5i telesarju, kuulates zulu keeles raadiot ja muusikat ning suheldes aktiivselt emakeelena k\u00f5nelejatega, tugevdate oma arusaamist grammatikast, laiendades samal ajal oma s\u00f5navara.<\/p>\n\n\n\n<h3 class=\"wp-block-heading\" id=\"h-conclusion\">Kokkuv\u00f5te<\/h3>\n\n\n\n<p>Kuigi suulu grammatika v\u00f5ib tunduda keeruline, saate seda kaunist keelt valdada p\u00fchendumise, harjutamise ja entusiasmiga. Keskendudes p\u00f5hireeglitele ja tegeledes keelega erinevates kontekstides, parandate kiiresti oma suulu <a href=\"https:\/\/talkpal.ai\/et\/grammatika\/\">keele grammatikaoskusi<\/a>. Inhlanhla enhle (edu) oma suulu keele teekonnal ja nautige suulu grammatika m\u00f5istatusliku, kuid k\u00fctkestava maailma lahtiharutamist!<\/p>\n<\/div><\/div>\n\r\n<section class=\"learnNavigationSection\">\r\n            \r\n        <a href=\"https:\/\/talkpal.ai\/et\/oppige-zulu-keelt\/\">\r\n            <div class=\"learnNavigationWrapper\">\r\n                <div class=\"learnNavigationContent\">\r\n                    <img decoding=\"async\" src=\"https:\/\/talkpal.ai\/wp-content\/uploads\/2025\/11\/Zulu.png\" alt=\"South African Flag\">\r\n                    <div>\r\n                        <h4>Zulu \u00f5ppimise kohta<\/h4>\r\n                        <p>Uurige k\u00f5ike Zulu grammatika kohta.<\/p>\r\n                    <\/div>\r\n                <\/div>\r\n            <\/div>\r\n        <\/a>\r\n\r\n        \r\n        <a href=\"https:\/\/talkpal.ai\/et\/zulu-grammatikaharjutused\/\">\r\n            <div class=\"learnNavigationWrapper\">\r\n                <div class=\"learnNavigationContent\">\r\n                    <img decoding=\"async\" src=\"https:\/\/talkpal.ai\/wp-content\/uploads\/2025\/11\/Zulu.png\" alt=\"South African Flag\">\r\n                    <div>\r\n                        <h4>Zulu grammatikaharjutus<\/h4>\r\n                        <p>Harjutage suulu grammatikat.<\/p>\r\n                    <\/div>\r\n                <\/div>\r\n            <\/div>\r\n        <\/a>\r\n\r\n            <\/section>","protected":false},"excerpt":{"rendered":"<p>Zulu grammatika keerukuses navigeerimine Suulu, nguni r\u00fchma l\u00f5unabantu keel, millel on rikkalik ajalugu ja kultuuriline t\u00e4htsus, pakub p\u00f5nevat keelekogemust neile, kes soovivad uurida selle ainulaadset grammatikas\u00fcsteemi. Suulu valdkonda sisenedes ei rikasta te mitte ainult oma keelelist repertuaari, vaid v\u00f5tate omaks ka p\u00f5neva kultuurilise teekonna. Kuigi suulu grammatika v\u00f5ib alguses tunduda keeruline, muudab selle p\u00f5hikomponentideks jagamine [&hellip;]<\/p>\n","protected":false},"author":20,"featured_media":0,"parent":0,"menu_order":0,"comment_status":"closed","ping_status":"closed","template":"LearningContentPage.php","meta":{"_acf_changed":false,"footnotes":""},"class_list":["post-1476039","page","type-page","status-publish","hentry"],"acf":[],"yoast_head":"<!-- This site is optimized with the Yoast SEO Premium plugin v27.2 (Yoast SEO v27.2) - https:\/\/yoast.com\/product\/yoast-seo-premium-wordpress\/ -->\n<title>Zulu grammatika - Talkpal<\/title>\n<meta name=\"description\" content=\"\u00d5ppige zulu keele grammatika keerukust meie p\u00f5hjaliku tehisintellekti abil, mis on loodud kiireks ja t\u00f5husaks keele\u00f5ppeks.\" \/>\n<meta name=\"robots\" content=\"index, follow, max-snippet:-1, max-image-preview:large, max-video-preview:-1\" \/>\n<link rel=\"canonical\" href=\"https:\/\/talkpal.ai\/et\/zulu-grammatika\/\" \/>\n<meta property=\"og:locale\" content=\"et_EE\" \/>\n<meta property=\"og:type\" content=\"article\" \/>\n<meta property=\"og:title\" content=\"Zulu grammatika\" \/>\n<meta property=\"og:description\" content=\"Zulu grammatika keerukuses navigeerimine Suulu, nguni r\u00fchma l\u00f5unabantu keel, millel on rikkalik ajalugu ja kultuuriline t\u00e4htsus, pakub p\u00f5nevat\" \/>\n<meta property=\"og:url\" content=\"https:\/\/talkpal.ai\/et\/zulu-grammatika\/\" \/>\n<meta property=\"og:site_name\" content=\"Talkpal\" \/>\n<meta property=\"article:publisher\" content=\"https:\/\/www.facebook.com\/profile.php?id=100090733639311\" \/>\n<meta property=\"article:modified_time\" content=\"2025-12-30T13:31:26+00:00\" \/>\n<meta property=\"og:image\" content=\"https:\/\/talkpal.ai\/wp-content\/uploads\/2025\/02\/Progress-tab-16_9.png\" \/>\n\t<meta property=\"og:image:width\" content=\"2880\" \/>\n\t<meta property=\"og:image:height\" content=\"1620\" \/>\n\t<meta property=\"og:image:type\" content=\"image\/png\" \/>\n<meta name=\"twitter:card\" content=\"summary_large_image\" \/>\n<meta name=\"twitter:site\" content=\"@talkpalai\" \/>\n<meta name=\"twitter:label1\" content=\"Est. reading time\" \/>\n\t<meta name=\"twitter:data1\" content=\"3 minutit\" \/>\n<script type=\"application\/ld+json\" class=\"yoast-schema-graph\">{\"@context\":\"https:\/\/schema.org\",\"@graph\":[{\"@type\":\"WebPage\",\"@id\":\"https:\/\/talkpal.ai\/et\/zulu-grammatika\/\",\"url\":\"https:\/\/talkpal.ai\/et\/zulu-grammatika\/\",\"name\":\"Zulu grammatika - Talkpal\",\"isPartOf\":{\"@id\":\"https:\/\/talkpal.ai\/et\/#website\"},\"datePublished\":\"2025-11-12T17:34:19+00:00\",\"dateModified\":\"2025-12-30T13:31:26+00:00\",\"description\":\"\u00d5ppige zulu keele grammatika keerukust meie p\u00f5hjaliku tehisintellekti abil, mis on loodud kiireks ja t\u00f5husaks keele\u00f5ppeks.\",\"breadcrumb\":{\"@id\":\"https:\/\/talkpal.ai\/et\/zulu-grammatika\/#breadcrumb\"},\"inLanguage\":\"et\",\"potentialAction\":[{\"@type\":\"ReadAction\",\"target\":[\"https:\/\/talkpal.ai\/et\/zulu-grammatika\/\"]}]},{\"@type\":\"BreadcrumbList\",\"@id\":\"https:\/\/talkpal.ai\/et\/zulu-grammatika\/#breadcrumb\",\"itemListElement\":[{\"@type\":\"ListItem\",\"position\":1,\"name\":\"Homepage\",\"item\":\"https:\/\/talkpal.ai\/et\/\"},{\"@type\":\"ListItem\",\"position\":2,\"name\":\"Zulu grammatika\"}]},{\"@type\":\"WebSite\",\"@id\":\"https:\/\/talkpal.ai\/et\/#website\",\"url\":\"https:\/\/talkpal.ai\/et\/\",\"name\":\"Talkpal\",\"description\":\"AI Language Learning\",\"publisher\":{\"@id\":\"https:\/\/talkpal.ai\/et\/#organization\"},\"alternateName\":\"Talkpal AI\",\"potentialAction\":[{\"@type\":\"SearchAction\",\"target\":{\"@type\":\"EntryPoint\",\"urlTemplate\":\"https:\/\/talkpal.ai\/et\/?s={search_term_string}\"},\"query-input\":{\"@type\":\"PropertyValueSpecification\",\"valueRequired\":true,\"valueName\":\"search_term_string\"}}],\"inLanguage\":\"et\"},{\"@type\":\"Organization\",\"@id\":\"https:\/\/talkpal.ai\/et\/#organization\",\"name\":\"Talkpal, Inc.\",\"alternateName\":\"Talkpal AI\",\"url\":\"https:\/\/talkpal.ai\/et\/\",\"logo\":{\"@type\":\"ImageObject\",\"inLanguage\":\"et\",\"@id\":\"https:\/\/talkpal.ai\/et\/#\/schema\/logo\/image\/\",\"url\":\"https:\/\/talkpal.ai\/wp-content\/uploads\/2024\/03\/Talkpal-Logo-Icon.png\",\"contentUrl\":\"https:\/\/talkpal.ai\/wp-content\/uploads\/2024\/03\/Talkpal-Logo-Icon.png\",\"width\":2880,\"height\":2880,\"caption\":\"Talkpal, Inc.\"},\"image\":{\"@id\":\"https:\/\/talkpal.ai\/et\/#\/schema\/logo\/image\/\"},\"sameAs\":[\"https:\/\/www.facebook.com\/profile.php?id=100090733639311\",\"https:\/\/x.com\/talkpalai\",\"https:\/\/www.linkedin.com\/company\/talkpal\/\",\"https:\/\/www.youtube.com\/@TalkPal\/\",\"https:\/\/www.tiktok.com\/@talkpal\",\"https:\/\/www.instagram.com\/talkpal_ai\/\",\"https:\/\/www.crunchbase.com\/organization\/talkpal-9cde\",\"https:\/\/www.g2.com\/products\/talkpal-for-business\/\",\"https:\/\/www.trustpilot.com\/review\/talkpal.ai\",\"https:\/\/www.capterra.com\/p\/10006800\/TalkPal\/\"],\"description\":\"Talkpal is a language learning web and mobile education app, powered by the latest AI technologies, that provides engaging experiences to its customers in many different languages to help them improve their language skills. Users can chat about unlimited amount of topics with the app and use other modes to practice their language learning.\",\"email\":\"support@talkpal.ai\",\"legalName\":\"Talkpal, Inc.\",\"foundingDate\":\"2023-04-03\",\"duns\":\"118989042\",\"numberOfEmployees\":{\"@type\":\"QuantitativeValue\",\"minValue\":\"11\",\"maxValue\":\"50\"},\"publishingPrinciples\":\"https:\/\/talkpal.ai\/publishing-principles\/\",\"actionableFeedbackPolicy\":\"https:\/\/talkpal.ai\/actionable-feedback-policy\/\",\"correctionsPolicy\":\"https:\/\/talkpal.ai\/corrections-policy\/\",\"ethicsPolicy\":\"https:\/\/talkpal.ai\/ethics-policy\/\",\"diversityPolicy\":\"https:\/\/talkpal.ai\/diversity-policy\/\",\"diversityStaffingReport\":\"https:\/\/talkpal.ai\/diversity-policy\/\"}]}<\/script>\n<!-- \/ Yoast SEO Premium plugin. -->","yoast_head_json":{"title":"Zulu grammatika - Talkpal","description":"\u00d5ppige zulu keele grammatika keerukust meie p\u00f5hjaliku tehisintellekti abil, mis on loodud kiireks ja t\u00f5husaks keele\u00f5ppeks.","robots":{"index":"index","follow":"follow","max-snippet":"max-snippet:-1","max-image-preview":"max-image-preview:large","max-video-preview":"max-video-preview:-1"},"canonical":"https:\/\/talkpal.ai\/et\/zulu-grammatika\/","og_locale":"et_EE","og_type":"article","og_title":"Zulu grammatika","og_description":"Zulu grammatika keerukuses navigeerimine Suulu, nguni r\u00fchma l\u00f5unabantu keel, millel on rikkalik ajalugu ja kultuuriline t\u00e4htsus, pakub p\u00f5nevat","og_url":"https:\/\/talkpal.ai\/et\/zulu-grammatika\/","og_site_name":"Talkpal","article_publisher":"https:\/\/www.facebook.com\/profile.php?id=100090733639311","article_modified_time":"2025-12-30T13:31:26+00:00","og_image":[{"width":2880,"height":1620,"url":"https:\/\/talkpal.ai\/wp-content\/uploads\/2025\/02\/Progress-tab-16_9.png","type":"image\/png"}],"twitter_card":"summary_large_image","twitter_site":"@talkpalai","twitter_misc":{"Est. reading time":"3 minutit"},"schema":{"@context":"https:\/\/schema.org","@graph":[{"@type":"WebPage","@id":"https:\/\/talkpal.ai\/et\/zulu-grammatika\/","url":"https:\/\/talkpal.ai\/et\/zulu-grammatika\/","name":"Zulu grammatika - Talkpal","isPartOf":{"@id":"https:\/\/talkpal.ai\/et\/#website"},"datePublished":"2025-11-12T17:34:19+00:00","dateModified":"2025-12-30T13:31:26+00:00","description":"\u00d5ppige zulu keele grammatika keerukust meie p\u00f5hjaliku tehisintellekti abil, mis on loodud kiireks ja t\u00f5husaks keele\u00f5ppeks.","breadcrumb":{"@id":"https:\/\/talkpal.ai\/et\/zulu-grammatika\/#breadcrumb"},"inLanguage":"et","potentialAction":[{"@type":"ReadAction","target":["https:\/\/talkpal.ai\/et\/zulu-grammatika\/"]}]},{"@type":"BreadcrumbList","@id":"https:\/\/talkpal.ai\/et\/zulu-grammatika\/#breadcrumb","itemListElement":[{"@type":"ListItem","position":1,"name":"Homepage","item":"https:\/\/talkpal.ai\/et\/"},{"@type":"ListItem","position":2,"name":"Zulu grammatika"}]},{"@type":"WebSite","@id":"https:\/\/talkpal.ai\/et\/#website","url":"https:\/\/talkpal.ai\/et\/","name":"Talkpal","description":"AI Language Learning","publisher":{"@id":"https:\/\/talkpal.ai\/et\/#organization"},"alternateName":"Talkpal AI","potentialAction":[{"@type":"SearchAction","target":{"@type":"EntryPoint","urlTemplate":"https:\/\/talkpal.ai\/et\/?s={search_term_string}"},"query-input":{"@type":"PropertyValueSpecification","valueRequired":true,"valueName":"search_term_string"}}],"inLanguage":"et"},{"@type":"Organization","@id":"https:\/\/talkpal.ai\/et\/#organization","name":"Talkpal, Inc.","alternateName":"Talkpal AI","url":"https:\/\/talkpal.ai\/et\/","logo":{"@type":"ImageObject","inLanguage":"et","@id":"https:\/\/talkpal.ai\/et\/#\/schema\/logo\/image\/","url":"https:\/\/talkpal.ai\/wp-content\/uploads\/2024\/03\/Talkpal-Logo-Icon.png","contentUrl":"https:\/\/talkpal.ai\/wp-content\/uploads\/2024\/03\/Talkpal-Logo-Icon.png","width":2880,"height":2880,"caption":"Talkpal, Inc."},"image":{"@id":"https:\/\/talkpal.ai\/et\/#\/schema\/logo\/image\/"},"sameAs":["https:\/\/www.facebook.com\/profile.php?id=100090733639311","https:\/\/x.com\/talkpalai","https:\/\/www.linkedin.com\/company\/talkpal\/","https:\/\/www.youtube.com\/@TalkPal\/","https:\/\/www.tiktok.com\/@talkpal","https:\/\/www.instagram.com\/talkpal_ai\/","https:\/\/www.crunchbase.com\/organization\/talkpal-9cde","https:\/\/www.g2.com\/products\/talkpal-for-business\/","https:\/\/www.trustpilot.com\/review\/talkpal.ai","https:\/\/www.capterra.com\/p\/10006800\/TalkPal\/"],"description":"Talkpal is a language learning web and mobile education app, powered by the latest AI technologies, that provides engaging experiences to its customers in many different languages to help them improve their language skills. Users can chat about unlimited amount of topics with the app and use other modes to practice their language learning.","email":"support@talkpal.ai","legalName":"Talkpal, Inc.","foundingDate":"2023-04-03","duns":"118989042","numberOfEmployees":{"@type":"QuantitativeValue","minValue":"11","maxValue":"50"},"publishingPrinciples":"https:\/\/talkpal.ai\/publishing-principles\/","actionableFeedbackPolicy":"https:\/\/talkpal.ai\/actionable-feedback-policy\/","correctionsPolicy":"https:\/\/talkpal.ai\/corrections-policy\/","ethicsPolicy":"https:\/\/talkpal.ai\/ethics-policy\/","diversityPolicy":"https:\/\/talkpal.ai\/diversity-policy\/","diversityStaffingReport":"https:\/\/talkpal.ai\/diversity-policy\/"}]}},"_links":{"self":[{"href":"https:\/\/talkpal.ai\/et\/wp-json\/wp\/v2\/pages\/1476039","targetHints":{"allow":["GET"]}}],"collection":[{"href":"https:\/\/talkpal.ai\/et\/wp-json\/wp\/v2\/pages"}],"about":[{"href":"https:\/\/talkpal.ai\/et\/wp-json\/wp\/v2\/types\/page"}],"author":[{"embeddable":true,"href":"https:\/\/talkpal.ai\/et\/wp-json\/wp\/v2\/users\/20"}],"replies":[{"embeddable":true,"href":"https:\/\/talkpal.ai\/et\/wp-json\/wp\/v2\/comments?post=1476039"}],"version-history":[{"count":0,"href":"https:\/\/talkpal.ai\/et\/wp-json\/wp\/v2\/pages\/1476039\/revisions"}],"wp:attachment":[{"href":"https:\/\/talkpal.ai\/et\/wp-json\/wp\/v2\/media?parent=1476039"}],"curies":[{"name":"wp","href":"https:\/\/api.w.org\/{rel}","templated":true}]}}