{"id":1475998,"date":"2025-11-12T17:23:13","date_gmt":"2025-11-12T17:23:13","guid":{"rendered":"https:\/\/talkpal.ai\/usbeki-keele-grammatika\/"},"modified":"2025-12-30T13:34:12","modified_gmt":"2025-12-30T13:34:12","slug":"usbeki-keele-grammatika","status":"publish","type":"page","link":"https:\/\/talkpal.ai\/et\/usbeki-keele-grammatika\/","title":{"rendered":"Usbeki keele grammatika"},"content":{"rendered":"\r\n\r\n\r\n<section class=\"languageChallengeSection\">\r\n    <div class=\"languageInfoWrapper\">\r\n        \r\n        <h1>Usbeki keele grammatika<\/h1>\r\n        <p><a href=\"https:\/\/talkpal.ai\/et\/usbeki-keele-grammatikaharjutused\/\">Usbeki keele<\/a> <a href=\"https:\/\/talkpal.ai\/greek-grammar\/\">grammatika<\/a> v\u00f5ib alguses tunduda keeruline, kuid selle ainulaadsed omadused muudavad keele \u00f5ppimise rahuldust pakkuvaks kogemuseks. Uurides selle t\u00e4hestikku, mutatsioone ja grammatikareegleid, saate \u00fclevaate rikkalikust keeletraditsioonist. Alustage oma teekonda ja avastage usbeki ilu!<\/p>\r\n\r\n                            <a class=\"getStartedHidden\" href=\"https:\/\/app.talkpal.ai\/et\/signup?lng=\">Alusta<\/a>\r\n        \r\n    <\/div>\r\n\r\n    <figure>\r\n    <img decoding=\"async\" width=\"768\" height=\"768\" src=\"https:\/\/talkpal.ai\/wp-content\/uploads\/2023\/06\/welsh-768x768.png\" class=\"languageImage no-lazy\" alt=\"Language learning for better cognitive abilities\" fetchpriority=\"high\" sizes=\"(max-width: 768px) 150px, 768px\" srcset=\"https:\/\/talkpal.ai\/wp-content\/uploads\/2023\/06\/welsh-768x768.png 768w, https:\/\/talkpal.ai\/wp-content\/uploads\/2023\/06\/welsh-300x300.png 300w\" \/>\r\n    \r\n\r\n    <\/figure>\r\n\r\n            <a class=\"getStartedVisible\" href=\"https:\/\/app.talkpal.ai\/et\/signup?lng=\">Alusta<\/a>\r\n    \r\n<\/section><section class=\"promotionalBanner\">\r\n    <p class=\"promotionalText\">K\u00f5ige t\u00f5husam viis keele \u00f5ppimiseks<\/p>\r\n    <a class=\"promotionalLink\" href=\"https:\/\/app.talkpal.ai\/et\/signup?lng=\">Proovige Talkpal tasuta<\/a>\r\n<\/section>\n<div class=\"wp-block-group pageContainerStyle\"><div class=\"wp-block-group__inner-container is-layout-constrained wp-block-group-is-layout-constrained\">\n<h2 class=\"wp-block-heading\" id=\"h-navigating-the-intricacies-of-uzbek-grammar\">Usbeki keele grammatika keerukuses navigeerimine<\/h2>\n\n\n\n<p><a href=\"https:\/\/talkpal.ai\/et\/oppige-usbeki-keelt\/\">Usbeki<\/a> keel, rikkaliku ajaloo ja kultuurilise t\u00e4htsusega <a href=\"https:\/\/talkpal.ai\/et\/opi-turgi-keel\/\">t\u00fcrgi keel<\/a>, pakub p\u00f5nevat keelelist kogemust neile, kes soovivad uurida selle ainulaadset grammatikas\u00fcsteemi. Usbeki keele valdkonda sisenedes ei rikasta te mitte ainult oma keelelist repertuaari, vaid v\u00f5tate omaks ka p\u00f5neva kultuuriteekonna. Kuigi usbeki keele grammatika v\u00f5ib alguses tunduda keeruline, muudab selle p\u00f5hikomponentideks jaotamine keele \u00f5ppimise ligip\u00e4\u00e4setavamaks. Selles artiklis uurime usbeki keele grammatika k\u00fctkestavat maailma ja anname n\u00e4pun\u00e4iteid selle keerukuse valdamiseks.<\/p>\n\n\n\n<h3 class=\"wp-block-heading\" id=\"h-1-uzbek-alphabet-and-phonetics\">1. Usbeki t\u00e4hestik ja foneetika<\/h3>\n\n\n\n<p>Usbeki ladina t\u00e4hestik koosneb 29 t\u00e4hest, sealhulgas eristavatest t\u00e4htedest, nagu O\u02bb, G\u02bb ja digraafid Sh, Ch ja Ng. Sellel on ka sellised t\u00e4hed nagu Q ja X, mille helid on paljudele \u00f5ppijatele tundmatud. Usbeki keele grammatika \u00f5ppimiseks on \u00fclioluline tutvuda selle kirjas\u00fcsteemiga, harjutades usbeki keeles lugemist ja kirjutamist.<\/p>\n\n\n\n<h3 class=\"wp-block-heading\" id=\"h-2-agglutination-a-peculiar-uzbek-feature\">2. Aglutinatsioon: omap\u00e4rane usbeki omadus<\/h3>\n\n\n\n<p>Usbeki keele grammatika \u00fcks silmatorkavamaid aspekte on aglutinatsioon, kus s\u00f5nad ehitatakse \u00fcles j\u00e4relliidete ahelate lisamise teel. Paljudel j\u00e4relliidetel on variandid, mis s\u00f5ltuvad \u00fcmbritsevatest h\u00e4\u00e4likutest, nagu -ga\/-ka\/-qa ja -da\/-ta, ning puhverkonsonandid nagu -y- ja -n- n\u00e4ivad h\u00e4\u00e4ldust h\u00f5lbustavat. Usbeki keeles t\u00e4pse suhtluse jaoks on \u00fclioluline m\u00f5ista, millal ja kuidas need j\u00e4relliited kinnituvad.<\/p>\n\n\n\n<h3 class=\"wp-block-heading\" id=\"h-3-nouns-and-pronouns-gender-and-cases\">3. Nimis\u00f5nad ja ases\u00f5nad: sugu ja juhtumid<\/h3>\n\n\n\n<p>Usbeki nimis\u00f5nadel ei ole grammatilist sugu ja mitmus moodustatakse tavaliselt -lariga. Usbeki keeles kasutatakse rikkalikku k\u00e4\u00e4ndes\u00fcsteemi, mida t\u00e4histavad j\u00e4relliited, sealhulgas genitiiv -ning, daatiiv -ga, akusatiiv -ni, lokatiiv -da ja ablatiivi -dan, kusjuures komitatiivi v\u00e4ljendab sageli bilan. Ases\u00f5nade hulka kuuluvad isikulised ases\u00f5nad (men, sen, u, biz, siz, ular), j\u00e4relliidetega v\u00e4ljendatud omastavad vormid (-im, -ing, -i jne) ning demonstratiivsed ja k\u00fcsivad ases\u00f5nad nagu bu, shu, o&#8217;sha, kim ja nima. Nende ases\u00f5nade ja nende vormidega tutvumine parandab oluliselt teie arusaamist usbeki keele grammatikast.<\/p>\n\n\n\n<h3 class=\"wp-block-heading\" id=\"h-4-verbs-structure-and-conjugation\">4. Tegus\u00f5nad: struktuur ja konjugatsioon<\/h3>\n\n\n\n<p>Usbeki verbid konjugeeritakse aja, aspekti, meeleolu ja viisakuse j\u00e4relliidete kaudu ning subjekti ases\u00f5nad j\u00e4etakse sageli v\u00e4lja. P\u00f5hiajavormid ja aspektid h\u00f5lmavad oleviku harjumusp\u00e4raseid -adi, oleviku pidevaid -yapti, minevikku -di ja tulevikku v\u00f5i kavatsusi -moqchiga. Meeleolude hulka kuuluvad tingimuslikud -sa ja imperatiivsed vormid, kusjuures eituse moodustab -ma. Verbide konjugatsiooni ja tavaliste abis\u00f5nade, nagu bo&#8217;lmoq, valdamine parandab teie v\u00f5imet usbeki keeles t\u00f5husalt suhelda.<\/p>\n\n\n\n<h3 class=\"wp-block-heading\" id=\"h-5-adjectives-agreement-and-placement\">5. Omaduss\u00f5nad: kokkulepe ja paigutus<\/h3>\n\n\n\n<p>Usbeki grammatikas eelnevad omaduss\u00f5nad tavaliselt nimis\u00f5nale, mida nad muudavad, ega \u00fchti nimis\u00f5naga arvu ega k\u00e4\u00e4nde poolest. V\u00f5rdlevad ja \u00fcliv\u00f5rded moodustatakse tavaliselt s\u00f5nadega -roq ja eng. Nende mustrite <a href=\"https:\/\/talkpal.ai\/et\/oppimine\/\">\u00f5ppimine<\/a> on loomulikuma suhtlemise jaoks h\u00e4davajalik.<\/p>\n\n\n\n<p><strong>N\u00e4ited:<\/strong><\/p>\n\n\n\n<p><strong>\u2013 Katta Muhabbat (suur armastus)<\/strong><\/p>\n\n\n\n<p><strong>\u2013 Kichik Bozalar (v\u00e4ikesed lapsed)<\/strong><\/p>\n\n\n\n<h3 class=\"wp-block-heading\" id=\"h-6-engaging-with-the-language\">6. Keelega tegelemine<\/h3>\n\n\n\n<p>K\u00f5ige t\u00f5husam viis usbeki keele grammatika t\u00e4ielikuks m\u00f5istmiseks ja omaks v\u00f5tmiseks on keelega j\u00e4rjepidevalt tegeleda. Usbeki kirjandust lugedes, usbeki filme v\u00f5i telesarju vaadates ja emakeelena k\u00f5nelejatega aktiivselt suheldes tugevdate oma arusaamist grammatikast, laiendades samal ajal oma s\u00f5navara.<\/p>\n\n\n\n<h3 class=\"wp-block-heading\" id=\"h-conclusion\">Kokkuv\u00f5te<\/h3>\n\n\n\n<p>Kuigi usbeki keele grammatika v\u00f5ib tunduda keeruline, saate seda kaunist keelt valdada p\u00fchendumise, harjutamise ja entusiasmiga. Keskendudes p\u00f5hireeglitele ja tegeledes keelega erinevates kontekstides, parandate kiiresti oma usbeki <a href=\"https:\/\/talkpal.ai\/et\/grammatika\/\">keele grammatikaoskust<\/a>. Omad (edu) oma usbeki keele teekonnal ja nautige usbeki keele grammatika m\u00f5istatusliku, kuid k\u00fctkestava maailma lahtiharutamist!<\/p>\n<\/div><\/div>\n\r\n<section class=\"learnNavigationSection\">\r\n            \r\n        <a href=\"https:\/\/talkpal.ai\/et\/oppige-usbeki-keelt\/\">\r\n            <div class=\"learnNavigationWrapper\">\r\n                <div class=\"learnNavigationContent\">\r\n                    <img decoding=\"async\" src=\"https:\/\/talkpal.ai\/wp-content\/uploads\/2025\/11\/Uzbek.png\" alt=\"Uzbek Flag\">\r\n                    <div>\r\n                        <h4>Usbeki keele \u00f5ppimise kohta<\/h4>\r\n                        <p>Uurige k\u00f5ike usbeki keele grammatika kohta.<\/p>\r\n                    <\/div>\r\n                <\/div>\r\n            <\/div>\r\n        <\/a>\r\n\r\n        \r\n        <a href=\"https:\/\/talkpal.ai\/et\/usbeki-keele-grammatikaharjutused\/\">\r\n            <div class=\"learnNavigationWrapper\">\r\n                <div class=\"learnNavigationContent\">\r\n                    <img decoding=\"async\" src=\"https:\/\/talkpal.ai\/wp-content\/uploads\/2025\/11\/Uzbek.png\" alt=\"Uzbek Flag\">\r\n                    <div>\r\n                        <h4>Usbeki keele grammatikaharjutus<\/h4>\r\n                        <p>Harjutage usbeki keele grammatikat.<\/p>\r\n                    <\/div>\r\n                <\/div>\r\n            <\/div>\r\n        <\/a>\r\n\r\n            <\/section>","protected":false},"excerpt":{"rendered":"<p>Usbeki keele grammatika keerukuses navigeerimine Usbeki keel, rikkaliku ajaloo ja kultuurilise t\u00e4htsusega t\u00fcrgi keel, pakub p\u00f5nevat keelelist kogemust neile, kes soovivad uurida selle ainulaadset grammatikas\u00fcsteemi. Usbeki keele valdkonda sisenedes ei rikasta te mitte ainult oma keelelist repertuaari, vaid v\u00f5tate omaks ka p\u00f5neva kultuuriteekonna. Kuigi usbeki keele grammatika v\u00f5ib alguses tunduda keeruline, muudab selle p\u00f5hikomponentideks jaotamine [&hellip;]<\/p>\n","protected":false},"author":20,"featured_media":0,"parent":0,"menu_order":0,"comment_status":"closed","ping_status":"closed","template":"LearningContentPage.php","meta":{"_acf_changed":false,"footnotes":""},"class_list":["post-1475998","page","type-page","status-publish","hentry"],"acf":[],"yoast_head":"<!-- This site is optimized with the Yoast SEO Premium plugin v27.2 (Yoast SEO v27.2) - https:\/\/yoast.com\/product\/yoast-seo-premium-wordpress\/ -->\n<title>Usbeki keele grammatika - Talkpal<\/title>\n<meta name=\"description\" content=\"\u00d5ppige meie p\u00f5hjaliku juhendi abil usbeki keele grammatika p\u00f5hit\u00f5desid, sealhulgas t\u00e4hestikku, foneetikat ja verbide konjugatsiooni.\" \/>\n<meta name=\"robots\" content=\"index, follow, max-snippet:-1, max-image-preview:large, max-video-preview:-1\" \/>\n<link rel=\"canonical\" href=\"https:\/\/talkpal.ai\/et\/usbeki-keele-grammatika\/\" \/>\n<meta property=\"og:locale\" content=\"et_EE\" \/>\n<meta property=\"og:type\" content=\"article\" \/>\n<meta property=\"og:title\" content=\"Usbeki keele grammatika\" \/>\n<meta property=\"og:description\" content=\"Usbeki keele grammatika keerukuses navigeerimine Usbeki keel, rikkaliku ajaloo ja kultuurilise t\u00e4htsusega t\u00fcrgi keel, pakub p\u00f5nevat keelelist kogemust\" \/>\n<meta property=\"og:url\" content=\"https:\/\/talkpal.ai\/et\/usbeki-keele-grammatika\/\" \/>\n<meta property=\"og:site_name\" content=\"Talkpal\" \/>\n<meta property=\"article:publisher\" content=\"https:\/\/www.facebook.com\/profile.php?id=100090733639311\" \/>\n<meta property=\"article:modified_time\" content=\"2025-12-30T13:34:12+00:00\" \/>\n<meta property=\"og:image\" content=\"https:\/\/talkpal.ai\/wp-content\/uploads\/2025\/02\/Progress-tab-16_9.png\" \/>\n\t<meta property=\"og:image:width\" content=\"2880\" \/>\n\t<meta property=\"og:image:height\" content=\"1620\" \/>\n\t<meta property=\"og:image:type\" content=\"image\/png\" \/>\n<meta name=\"twitter:card\" content=\"summary_large_image\" \/>\n<meta name=\"twitter:site\" content=\"@talkpalai\" \/>\n<meta name=\"twitter:label1\" content=\"Est. reading time\" \/>\n\t<meta name=\"twitter:data1\" content=\"3 minutit\" \/>\n<script type=\"application\/ld+json\" class=\"yoast-schema-graph\">{\"@context\":\"https:\/\/schema.org\",\"@graph\":[{\"@type\":\"WebPage\",\"@id\":\"https:\/\/talkpal.ai\/et\/usbeki-keele-grammatika\/\",\"url\":\"https:\/\/talkpal.ai\/et\/usbeki-keele-grammatika\/\",\"name\":\"Usbeki keele grammatika - Talkpal\",\"isPartOf\":{\"@id\":\"https:\/\/talkpal.ai\/et\/#website\"},\"datePublished\":\"2025-11-12T17:23:13+00:00\",\"dateModified\":\"2025-12-30T13:34:12+00:00\",\"description\":\"\u00d5ppige meie p\u00f5hjaliku juhendi abil usbeki keele grammatika p\u00f5hit\u00f5desid, sealhulgas t\u00e4hestikku, foneetikat ja verbide konjugatsiooni.\",\"breadcrumb\":{\"@id\":\"https:\/\/talkpal.ai\/et\/usbeki-keele-grammatika\/#breadcrumb\"},\"inLanguage\":\"et\",\"potentialAction\":[{\"@type\":\"ReadAction\",\"target\":[\"https:\/\/talkpal.ai\/et\/usbeki-keele-grammatika\/\"]}]},{\"@type\":\"BreadcrumbList\",\"@id\":\"https:\/\/talkpal.ai\/et\/usbeki-keele-grammatika\/#breadcrumb\",\"itemListElement\":[{\"@type\":\"ListItem\",\"position\":1,\"name\":\"Homepage\",\"item\":\"https:\/\/talkpal.ai\/et\/\"},{\"@type\":\"ListItem\",\"position\":2,\"name\":\"Usbeki keele grammatika\"}]},{\"@type\":\"WebSite\",\"@id\":\"https:\/\/talkpal.ai\/et\/#website\",\"url\":\"https:\/\/talkpal.ai\/et\/\",\"name\":\"Talkpal\",\"description\":\"AI Language Learning\",\"publisher\":{\"@id\":\"https:\/\/talkpal.ai\/et\/#organization\"},\"alternateName\":\"Talkpal AI\",\"potentialAction\":[{\"@type\":\"SearchAction\",\"target\":{\"@type\":\"EntryPoint\",\"urlTemplate\":\"https:\/\/talkpal.ai\/et\/?s={search_term_string}\"},\"query-input\":{\"@type\":\"PropertyValueSpecification\",\"valueRequired\":true,\"valueName\":\"search_term_string\"}}],\"inLanguage\":\"et\"},{\"@type\":\"Organization\",\"@id\":\"https:\/\/talkpal.ai\/et\/#organization\",\"name\":\"Talkpal, Inc.\",\"alternateName\":\"Talkpal AI\",\"url\":\"https:\/\/talkpal.ai\/et\/\",\"logo\":{\"@type\":\"ImageObject\",\"inLanguage\":\"et\",\"@id\":\"https:\/\/talkpal.ai\/et\/#\/schema\/logo\/image\/\",\"url\":\"https:\/\/talkpal.ai\/wp-content\/uploads\/2024\/03\/Talkpal-Logo-Icon.png\",\"contentUrl\":\"https:\/\/talkpal.ai\/wp-content\/uploads\/2024\/03\/Talkpal-Logo-Icon.png\",\"width\":2880,\"height\":2880,\"caption\":\"Talkpal, Inc.\"},\"image\":{\"@id\":\"https:\/\/talkpal.ai\/et\/#\/schema\/logo\/image\/\"},\"sameAs\":[\"https:\/\/www.facebook.com\/profile.php?id=100090733639311\",\"https:\/\/x.com\/talkpalai\",\"https:\/\/www.linkedin.com\/company\/talkpal\/\",\"https:\/\/www.youtube.com\/@TalkPal\/\",\"https:\/\/www.tiktok.com\/@talkpal\",\"https:\/\/www.instagram.com\/talkpal_ai\/\",\"https:\/\/www.crunchbase.com\/organization\/talkpal-9cde\",\"https:\/\/www.g2.com\/products\/talkpal-for-business\/\",\"https:\/\/www.trustpilot.com\/review\/talkpal.ai\",\"https:\/\/www.capterra.com\/p\/10006800\/TalkPal\/\"],\"description\":\"Talkpal is a language learning web and mobile education app, powered by the latest AI technologies, that provides engaging experiences to its customers in many different languages to help them improve their language skills. Users can chat about unlimited amount of topics with the app and use other modes to practice their language learning.\",\"email\":\"support@talkpal.ai\",\"legalName\":\"Talkpal, Inc.\",\"foundingDate\":\"2023-04-03\",\"duns\":\"118989042\",\"numberOfEmployees\":{\"@type\":\"QuantitativeValue\",\"minValue\":\"11\",\"maxValue\":\"50\"},\"publishingPrinciples\":\"https:\/\/talkpal.ai\/publishing-principles\/\",\"actionableFeedbackPolicy\":\"https:\/\/talkpal.ai\/actionable-feedback-policy\/\",\"correctionsPolicy\":\"https:\/\/talkpal.ai\/corrections-policy\/\",\"ethicsPolicy\":\"https:\/\/talkpal.ai\/ethics-policy\/\",\"diversityPolicy\":\"https:\/\/talkpal.ai\/diversity-policy\/\",\"diversityStaffingReport\":\"https:\/\/talkpal.ai\/diversity-policy\/\"}]}<\/script>\n<!-- \/ Yoast SEO Premium plugin. -->","yoast_head_json":{"title":"Usbeki keele grammatika - Talkpal","description":"\u00d5ppige meie p\u00f5hjaliku juhendi abil usbeki keele grammatika p\u00f5hit\u00f5desid, sealhulgas t\u00e4hestikku, foneetikat ja verbide konjugatsiooni.","robots":{"index":"index","follow":"follow","max-snippet":"max-snippet:-1","max-image-preview":"max-image-preview:large","max-video-preview":"max-video-preview:-1"},"canonical":"https:\/\/talkpal.ai\/et\/usbeki-keele-grammatika\/","og_locale":"et_EE","og_type":"article","og_title":"Usbeki keele grammatika","og_description":"Usbeki keele grammatika keerukuses navigeerimine Usbeki keel, rikkaliku ajaloo ja kultuurilise t\u00e4htsusega t\u00fcrgi keel, pakub p\u00f5nevat keelelist kogemust","og_url":"https:\/\/talkpal.ai\/et\/usbeki-keele-grammatika\/","og_site_name":"Talkpal","article_publisher":"https:\/\/www.facebook.com\/profile.php?id=100090733639311","article_modified_time":"2025-12-30T13:34:12+00:00","og_image":[{"width":2880,"height":1620,"url":"https:\/\/talkpal.ai\/wp-content\/uploads\/2025\/02\/Progress-tab-16_9.png","type":"image\/png"}],"twitter_card":"summary_large_image","twitter_site":"@talkpalai","twitter_misc":{"Est. reading time":"3 minutit"},"schema":{"@context":"https:\/\/schema.org","@graph":[{"@type":"WebPage","@id":"https:\/\/talkpal.ai\/et\/usbeki-keele-grammatika\/","url":"https:\/\/talkpal.ai\/et\/usbeki-keele-grammatika\/","name":"Usbeki keele grammatika - Talkpal","isPartOf":{"@id":"https:\/\/talkpal.ai\/et\/#website"},"datePublished":"2025-11-12T17:23:13+00:00","dateModified":"2025-12-30T13:34:12+00:00","description":"\u00d5ppige meie p\u00f5hjaliku juhendi abil usbeki keele grammatika p\u00f5hit\u00f5desid, sealhulgas t\u00e4hestikku, foneetikat ja verbide konjugatsiooni.","breadcrumb":{"@id":"https:\/\/talkpal.ai\/et\/usbeki-keele-grammatika\/#breadcrumb"},"inLanguage":"et","potentialAction":[{"@type":"ReadAction","target":["https:\/\/talkpal.ai\/et\/usbeki-keele-grammatika\/"]}]},{"@type":"BreadcrumbList","@id":"https:\/\/talkpal.ai\/et\/usbeki-keele-grammatika\/#breadcrumb","itemListElement":[{"@type":"ListItem","position":1,"name":"Homepage","item":"https:\/\/talkpal.ai\/et\/"},{"@type":"ListItem","position":2,"name":"Usbeki keele grammatika"}]},{"@type":"WebSite","@id":"https:\/\/talkpal.ai\/et\/#website","url":"https:\/\/talkpal.ai\/et\/","name":"Talkpal","description":"AI Language Learning","publisher":{"@id":"https:\/\/talkpal.ai\/et\/#organization"},"alternateName":"Talkpal AI","potentialAction":[{"@type":"SearchAction","target":{"@type":"EntryPoint","urlTemplate":"https:\/\/talkpal.ai\/et\/?s={search_term_string}"},"query-input":{"@type":"PropertyValueSpecification","valueRequired":true,"valueName":"search_term_string"}}],"inLanguage":"et"},{"@type":"Organization","@id":"https:\/\/talkpal.ai\/et\/#organization","name":"Talkpal, Inc.","alternateName":"Talkpal AI","url":"https:\/\/talkpal.ai\/et\/","logo":{"@type":"ImageObject","inLanguage":"et","@id":"https:\/\/talkpal.ai\/et\/#\/schema\/logo\/image\/","url":"https:\/\/talkpal.ai\/wp-content\/uploads\/2024\/03\/Talkpal-Logo-Icon.png","contentUrl":"https:\/\/talkpal.ai\/wp-content\/uploads\/2024\/03\/Talkpal-Logo-Icon.png","width":2880,"height":2880,"caption":"Talkpal, Inc."},"image":{"@id":"https:\/\/talkpal.ai\/et\/#\/schema\/logo\/image\/"},"sameAs":["https:\/\/www.facebook.com\/profile.php?id=100090733639311","https:\/\/x.com\/talkpalai","https:\/\/www.linkedin.com\/company\/talkpal\/","https:\/\/www.youtube.com\/@TalkPal\/","https:\/\/www.tiktok.com\/@talkpal","https:\/\/www.instagram.com\/talkpal_ai\/","https:\/\/www.crunchbase.com\/organization\/talkpal-9cde","https:\/\/www.g2.com\/products\/talkpal-for-business\/","https:\/\/www.trustpilot.com\/review\/talkpal.ai","https:\/\/www.capterra.com\/p\/10006800\/TalkPal\/"],"description":"Talkpal is a language learning web and mobile education app, powered by the latest AI technologies, that provides engaging experiences to its customers in many different languages to help them improve their language skills. Users can chat about unlimited amount of topics with the app and use other modes to practice their language learning.","email":"support@talkpal.ai","legalName":"Talkpal, Inc.","foundingDate":"2023-04-03","duns":"118989042","numberOfEmployees":{"@type":"QuantitativeValue","minValue":"11","maxValue":"50"},"publishingPrinciples":"https:\/\/talkpal.ai\/publishing-principles\/","actionableFeedbackPolicy":"https:\/\/talkpal.ai\/actionable-feedback-policy\/","correctionsPolicy":"https:\/\/talkpal.ai\/corrections-policy\/","ethicsPolicy":"https:\/\/talkpal.ai\/ethics-policy\/","diversityPolicy":"https:\/\/talkpal.ai\/diversity-policy\/","diversityStaffingReport":"https:\/\/talkpal.ai\/diversity-policy\/"}]}},"_links":{"self":[{"href":"https:\/\/talkpal.ai\/et\/wp-json\/wp\/v2\/pages\/1475998","targetHints":{"allow":["GET"]}}],"collection":[{"href":"https:\/\/talkpal.ai\/et\/wp-json\/wp\/v2\/pages"}],"about":[{"href":"https:\/\/talkpal.ai\/et\/wp-json\/wp\/v2\/types\/page"}],"author":[{"embeddable":true,"href":"https:\/\/talkpal.ai\/et\/wp-json\/wp\/v2\/users\/20"}],"replies":[{"embeddable":true,"href":"https:\/\/talkpal.ai\/et\/wp-json\/wp\/v2\/comments?post=1475998"}],"version-history":[{"count":0,"href":"https:\/\/talkpal.ai\/et\/wp-json\/wp\/v2\/pages\/1475998\/revisions"}],"wp:attachment":[{"href":"https:\/\/talkpal.ai\/et\/wp-json\/wp\/v2\/media?parent=1475998"}],"curies":[{"name":"wp","href":"https:\/\/api.w.org\/{rel}","templated":true}]}}