{"id":1475827,"date":"2025-11-12T16:58:05","date_gmt":"2025-11-12T16:58:05","guid":{"rendered":"https:\/\/talkpal.ai\/somaalia-keele-grammatika\/"},"modified":"2025-12-30T11:13:18","modified_gmt":"2025-12-30T11:13:18","slug":"somaalia-keele-grammatika","status":"publish","type":"page","link":"https:\/\/talkpal.ai\/et\/somaalia-keele-grammatika\/","title":{"rendered":"Somaalia keele grammatika"},"content":{"rendered":"\r\n\r\n\r\n<section class=\"languageChallengeSection\">\r\n    <div class=\"languageInfoWrapper\">\r\n        \r\n        <h1>Somaalia keele grammatika<\/h1>\r\n        <p><a href=\"https:\/\/talkpal.ai\/learn-somali\/\">Somaalia<\/a> keele <a href=\"https:\/\/talkpal.ai\/greek-grammar\/\">grammatika<\/a> v\u00f5ib alguses tunduda keeruline, kuid selle ainulaadsed omadused muudavad keele \u00f5ppimise rahuldust pakkuvaks kogemuseks. Uurides selle t\u00e4hestikku, mutatsioone ja grammatikareegleid, saate \u00fclevaate rikkalikust keeletraditsioonist. Alustage oma teekonda ja avastage <a href=\"https:\/\/talkpal.ai\/learn-somali\/\">Somaalia<\/a> ilu!<\/p>\r\n\r\n                            <a class=\"getStartedHidden\" href=\"https:\/\/app.talkpal.ai\/et\/signup?lng=\">Alusta<\/a>\r\n        \r\n    <\/div>\r\n\r\n    <figure>\r\n    <img decoding=\"async\" width=\"768\" height=\"768\" src=\"https:\/\/talkpal.ai\/wp-content\/uploads\/2023\/06\/welsh-768x768.png\" class=\"languageImage no-lazy\" alt=\"Language learning for better cognitive abilities\" fetchpriority=\"high\" sizes=\"(max-width: 768px) 150px, 768px\" srcset=\"https:\/\/talkpal.ai\/wp-content\/uploads\/2023\/06\/welsh-768x768.png 768w, https:\/\/talkpal.ai\/wp-content\/uploads\/2023\/06\/welsh-300x300.png 300w\" \/>\r\n    \r\n\r\n    <\/figure>\r\n\r\n            <a class=\"getStartedVisible\" href=\"https:\/\/app.talkpal.ai\/et\/signup?lng=\">Alusta<\/a>\r\n    \r\n<\/section><section class=\"promotionalBanner\">\r\n    <p class=\"promotionalText\">K\u00f5ige t\u00f5husam viis keele \u00f5ppimiseks<\/p>\r\n    <a class=\"promotionalLink\" href=\"https:\/\/app.talkpal.ai\/et\/signup?lng=\">Proovige Talkpal tasuta<\/a>\r\n<\/section>\n<div class=\"wp-block-group pageContainerStyle\"><div class=\"wp-block-group__inner-container is-layout-constrained wp-block-group-is-layout-constrained\">\n<h2 class=\"wp-block-heading\" id=\"h-navigating-the-intricacies-of-somali-grammar\">Somaalia keele grammatika keerukuses navigeerimine<\/h2>\n\n\n\n<p><a href=\"https:\/\/talkpal.ai\/et\/oppige-somaali-keelt\/\">Somaali keel<\/a>, rikkaliku ajaloo ja kultuurilise t\u00e4htsusega afroaasia perekonna ku\u0161iidi keel, pakub p\u00f5nevat keelekogemust neile, kes soovivad uurida selle ainulaadset grammatikas\u00fcsteemi. Somaali keele valdkonda sisenedes ei rikasta te mitte ainult oma keelelist repertuaari, vaid v\u00f5tate omaks ka p\u00f5neva kultuuriteekonna. Kuigi somaalia keele grammatika v\u00f5ib alguses tunduda keeruline, muudab selle p\u00f5hikomponentideks jaotamine keele \u00f5ppimise ligip\u00e4\u00e4setavamaks. Selles artiklis uurime Somaalia grammatika k\u00fctkestavat maailma ja anname n\u00e4pun\u00e4iteid selle keerukuse valdamiseks.<\/p>\n\n\n\n<h3 class=\"wp-block-heading\" id=\"h-1-somali-alphabet-and-phonetics\">1. Somaalia t\u00e4hestik ja foneetika<\/h3>\n\n\n\n<p>Somaalia kirjas\u00fcsteem kasutab ladina t\u00e4hestikku, millel on viis t\u00e4ish\u00e4\u00e4likut ja kaash\u00e4\u00e4likute komplekt, mis sisaldab somaali keelele ainulaadseid helisid, nagu c, x ja q. Samuti kohtate selliseid digraafe nagu dh, kh ja sh, samuti kontrastset t\u00e4ish\u00e4\u00e4liku ja kaash\u00e4\u00e4liku pikkust, mis v\u00f5ivad t\u00e4hendust muuta. Somaalia grammatika \u00f5ppimiseks on \u00fclioluline tutvuda selle oman\u00e4olise kirjas\u00fcsteemiga, harjutades somaali keeles lugemist ja kirjutamist.<\/p>\n\n\n\n<h3 class=\"wp-block-heading\" id=\"h-2-phonology-and-prosody-distinctive-somali-features\">2. Fonoloogia ja prosoodia: Somaalia iseloomulikud omadused<\/h3>\n\n\n\n<p>Somaalia keele \u00fcks silmatorkavamaid aspekte on t\u00e4ish\u00e4\u00e4liku pikkuse, kaash\u00e4\u00e4liku pikkuse ja helik\u00f5rguse aktsendi t\u00e4htsus, mis koos eristavad muidu sarnaste s\u00f5nade t\u00e4hendusi. Somaali keeles on ka neelu ja uvulaarsed kaash\u00e4\u00e4likud, mis on paljudes keeltes haruldased. Pikkuse, aktsendi ja nende kaash\u00e4\u00e4likute toimimise m\u00f5istmine on somaali keeles t\u00e4pse h\u00e4\u00e4lduse ja suhtlemise jaoks \u00fclioluline.<\/p>\n\n\n\n<h3 class=\"wp-block-heading\" id=\"h-3-nouns-and-pronouns-gender-and-cases\">3. Nimis\u00f5nad ja ases\u00f5nad: sugu ja juhtumid<\/h3>\n\n\n\n<p>Somaalia nimis\u00f5nadel on grammatiline sugu (meessoost v\u00f5i naissoost) ja mitmus moodustub mitmel viisil, sageli l\u00f5ppude muutustega ja m\u00f5nikord ainsuse ja mitmuse vahelise soolise polaarsusega. M\u00e4\u00e4ratust t\u00e4histatakse j\u00e4relliidetega nagu -ka, -ta, -ga ja -da, mis varieeruvad vastavalt h\u00e4\u00e4likumustritele ja soole. Somaali kasutab juhtumite s\u00fcsteemi, et t\u00e4histada rolle nagu subjekt ja genitiivsed suhted. Somaalia keeles on ases\u00f5nad isiklikud, omastavad, refleksiivsed, demonstratiivsed ja k\u00fcsivad vormid. Nende ases\u00f5nade ja nende vormidega tutvumine parandab oluliselt teie arusaamist somaalia keele grammatikast.<\/p>\n\n\n\n<h3 class=\"wp-block-heading\" id=\"h-4-verbs-structure-and-conjugation\">4. Tegus\u00f5nad: struktuur ja konjugatsioon<\/h3>\n\n\n\n<p>Somaalia verbid j\u00e4rgivad mustreid, mis peegeldavad aega, aspekti, meeleolu ja isikut. Tavaliselt kasutatavad ajavormid ja aspektid h\u00f5lmavad olevikku, minevikku ja tulevikku ning selliseid meeleolusid nagu tingimuslik, imperatiiv ja subjunktiiv. Eitus moodustatakse tavaliselt verbi ette asetatud osakestega ning isiku n\u00f5usolekut n\u00e4idatakse afikside ja osakeste kaudu. Verbide konjugatsioonireeglite ja lausepartiklite <a href=\"https:\/\/talkpal.ai\/et\/oppimine\/\">\u00f5ppimine<\/a> parandab teie v\u00f5imet somaali keeles t\u00f5husalt suhelda.<\/p>\n\n\n\n<h3 class=\"wp-block-heading\" id=\"h-5-adjectives-agreement-and-placement\">5. Omaduss\u00f5nad: kokkulepe ja paigutus<\/h3>\n\n\n\n<p>Somaalia grammatikas j\u00e4rgivad omaduss\u00f5nad tavaliselt nimis\u00f5na, mida nad muudavad, ja peaksid vajaduse korral olema soo ja arvu poolest nimis\u00f5naga koosk\u00f5las. V\u00f5rdlevad ja \u00fcliv\u00f5rded moodustatakse sageli markeritega, nagu ka v\u00f5rdleva ja ugu \u00fcliv\u00f5rde, ning m\u00f5nel omaduss\u00f5nal on ebakorrap\u00e4rased mustrid, mis on loomulikuma suhtlemise \u00f5ppimiseks h\u00e4davajalikud.<\/p>\n\n\n\n<p><strong>N\u00e4ited:<\/strong><\/p>\n\n\n\n<p><strong>\u2013 Jacayl Weyn (suur armastus)<\/strong><\/p>\n\n\n\n<p><strong>\u2013 Caruur Yar (v\u00e4ikesed lapsed)<\/strong><\/p>\n\n\n\n<h3 class=\"wp-block-heading\" id=\"h-6-engaging-with-the-language\">6. Keelega tegelemine<\/h3>\n\n\n\n<p>K\u00f5ige t\u00f5husam viis somaalia grammatika t\u00e4ielikuks m\u00f5istmiseks ja sisestamiseks on keelega j\u00e4rjepidevalt tegeleda. Lugedes Somaalia kirjandust, kuulates Somaalia raadiot, vaadates Somaalia filme v\u00f5i telesarju ning suheldes aktiivselt emakeelena k\u00f5nelejatega, tugevdate oma arusaamist grammatikast, laiendades samal ajal oma s\u00f5navara.<\/p>\n\n\n\n<h3 class=\"wp-block-heading\" id=\"h-conclusion\">Kokkuv\u00f5te<\/h3>\n\n\n\n<p>Kuigi somaalia keele grammatika v\u00f5ib tunduda keeruline, saate seda kaunist keelt valdada p\u00fchendumise, harjutamise ja entusiasmiga. Keskendudes p\u00f5hireeglitele ja tegeledes keelega erinevates kontekstides, parandate kiiresti oma somaalia <a href=\"https:\/\/talkpal.ai\/et\/grammatika\/\">keele grammatikaoskusi<\/a>. Nasiib wacan (edu) oma somaali keele teekonnal ja nautige somaalia grammatika m\u00f5istatusliku, kuid k\u00fctkestava maailma lahtiharutamist!<\/p>\n<\/div><\/div>\n\r\n<section class=\"learnNavigationSection\">\r\n            \r\n        <a href=\"https:\/\/talkpal.ai\/et\/oppige-somaali-keelt\/\">\r\n            <div class=\"learnNavigationWrapper\">\r\n                <div class=\"learnNavigationContent\">\r\n                    <img decoding=\"async\" src=\"https:\/\/talkpal.ai\/wp-content\/uploads\/2025\/11\/Somali.png\" alt=\"Somalian Flag\">\r\n                    <div>\r\n                        <h4>Somaalia keele \u00f5ppimise kohta<\/h4>\r\n                        <p>Uurige k\u00f5ike Somaalia keele grammatika kohta.<\/p>\r\n                    <\/div>\r\n                <\/div>\r\n            <\/div>\r\n        <\/a>\r\n\r\n        \r\n        <a href=\"https:\/\/talkpal.ai\/et\/somaalia-keele-grammatikaharjutused\/\">\r\n            <div class=\"learnNavigationWrapper\">\r\n                <div class=\"learnNavigationContent\">\r\n                    <img decoding=\"async\" src=\"https:\/\/talkpal.ai\/wp-content\/uploads\/2025\/11\/Somali.png\" alt=\"Somalian Flag\">\r\n                    <div>\r\n                        <h4>Somaalia keele grammatikaharjutus<\/h4>\r\n                        <p>Harjutage somaalia keele grammatikat.<\/p>\r\n                    <\/div>\r\n                <\/div>\r\n            <\/div>\r\n        <\/a>\r\n\r\n            <\/section>","protected":false},"excerpt":{"rendered":"<p>Somaalia keele grammatika keerukuses navigeerimine Somaali keel, rikkaliku ajaloo ja kultuurilise t\u00e4htsusega afroaasia perekonna ku\u0161iidi keel, pakub p\u00f5nevat keelekogemust neile, kes soovivad uurida selle ainulaadset grammatikas\u00fcsteemi. Somaali keele valdkonda sisenedes ei rikasta te mitte ainult oma keelelist repertuaari, vaid v\u00f5tate omaks ka p\u00f5neva kultuuriteekonna. Kuigi somaalia keele grammatika v\u00f5ib alguses tunduda keeruline, muudab selle p\u00f5hikomponentideks [&hellip;]<\/p>\n","protected":false},"author":20,"featured_media":0,"parent":0,"menu_order":0,"comment_status":"closed","ping_status":"closed","template":"LearningContentPage.php","meta":{"_acf_changed":false,"footnotes":""},"class_list":["post-1475827","page","type-page","status-publish","hentry"],"acf":[],"yoast_head":"<!-- This site is optimized with the Yoast SEO Premium plugin v27.2 (Yoast SEO v27.2) - https:\/\/yoast.com\/product\/yoast-seo-premium-wordpress\/ -->\n<title>Somaalia keele grammatika - Talkpal<\/title>\n<meta name=\"description\" content=\"Saate meie p\u00f5hjaliku \u00f5pijuhendiga omandada somaali keele grammatika keerukuse, alates t\u00e4hestikust kuni verbi\u00fchendusteni.\" \/>\n<meta name=\"robots\" content=\"index, follow, max-snippet:-1, max-image-preview:large, max-video-preview:-1\" \/>\n<link rel=\"canonical\" href=\"https:\/\/talkpal.ai\/et\/somaalia-keele-grammatika\/\" \/>\n<meta property=\"og:locale\" content=\"et_EE\" \/>\n<meta property=\"og:type\" content=\"article\" \/>\n<meta property=\"og:title\" content=\"Somaalia keele grammatika\" \/>\n<meta property=\"og:description\" content=\"Somaalia keele grammatika keerukuses navigeerimine Somaali keel, rikkaliku ajaloo ja kultuurilise t\u00e4htsusega afroaasia perekonna ku\u0161iidi keel, pakub\" \/>\n<meta property=\"og:url\" content=\"https:\/\/talkpal.ai\/et\/somaalia-keele-grammatika\/\" \/>\n<meta property=\"og:site_name\" content=\"Talkpal\" \/>\n<meta property=\"article:publisher\" content=\"https:\/\/www.facebook.com\/profile.php?id=100090733639311\" \/>\n<meta property=\"article:modified_time\" content=\"2025-12-30T11:13:18+00:00\" \/>\n<meta property=\"og:image\" content=\"https:\/\/talkpal.ai\/wp-content\/uploads\/2025\/02\/Progress-tab-16_9.png\" \/>\n\t<meta property=\"og:image:width\" content=\"2880\" \/>\n\t<meta property=\"og:image:height\" content=\"1620\" \/>\n\t<meta property=\"og:image:type\" content=\"image\/png\" \/>\n<meta name=\"twitter:card\" content=\"summary_large_image\" \/>\n<meta name=\"twitter:site\" content=\"@talkpalai\" \/>\n<meta name=\"twitter:label1\" content=\"Est. reading time\" \/>\n\t<meta name=\"twitter:data1\" content=\"3 minutit\" \/>\n<script type=\"application\/ld+json\" class=\"yoast-schema-graph\">{\"@context\":\"https:\/\/schema.org\",\"@graph\":[{\"@type\":\"WebPage\",\"@id\":\"https:\/\/talkpal.ai\/et\/somaalia-keele-grammatika\/\",\"url\":\"https:\/\/talkpal.ai\/et\/somaalia-keele-grammatika\/\",\"name\":\"Somaalia keele grammatika - Talkpal\",\"isPartOf\":{\"@id\":\"https:\/\/talkpal.ai\/et\/#website\"},\"datePublished\":\"2025-11-12T16:58:05+00:00\",\"dateModified\":\"2025-12-30T11:13:18+00:00\",\"description\":\"Saate meie p\u00f5hjaliku \u00f5pijuhendiga omandada somaali keele grammatika keerukuse, alates t\u00e4hestikust kuni verbi\u00fchendusteni.\",\"breadcrumb\":{\"@id\":\"https:\/\/talkpal.ai\/et\/somaalia-keele-grammatika\/#breadcrumb\"},\"inLanguage\":\"et\",\"potentialAction\":[{\"@type\":\"ReadAction\",\"target\":[\"https:\/\/talkpal.ai\/et\/somaalia-keele-grammatika\/\"]}]},{\"@type\":\"BreadcrumbList\",\"@id\":\"https:\/\/talkpal.ai\/et\/somaalia-keele-grammatika\/#breadcrumb\",\"itemListElement\":[{\"@type\":\"ListItem\",\"position\":1,\"name\":\"Homepage\",\"item\":\"https:\/\/talkpal.ai\/et\/\"},{\"@type\":\"ListItem\",\"position\":2,\"name\":\"Somaalia keele grammatika\"}]},{\"@type\":\"WebSite\",\"@id\":\"https:\/\/talkpal.ai\/et\/#website\",\"url\":\"https:\/\/talkpal.ai\/et\/\",\"name\":\"Talkpal\",\"description\":\"AI Language Learning\",\"publisher\":{\"@id\":\"https:\/\/talkpal.ai\/et\/#organization\"},\"alternateName\":\"Talkpal AI\",\"potentialAction\":[{\"@type\":\"SearchAction\",\"target\":{\"@type\":\"EntryPoint\",\"urlTemplate\":\"https:\/\/talkpal.ai\/et\/?s={search_term_string}\"},\"query-input\":{\"@type\":\"PropertyValueSpecification\",\"valueRequired\":true,\"valueName\":\"search_term_string\"}}],\"inLanguage\":\"et\"},{\"@type\":\"Organization\",\"@id\":\"https:\/\/talkpal.ai\/et\/#organization\",\"name\":\"Talkpal, Inc.\",\"alternateName\":\"Talkpal AI\",\"url\":\"https:\/\/talkpal.ai\/et\/\",\"logo\":{\"@type\":\"ImageObject\",\"inLanguage\":\"et\",\"@id\":\"https:\/\/talkpal.ai\/et\/#\/schema\/logo\/image\/\",\"url\":\"https:\/\/talkpal.ai\/wp-content\/uploads\/2024\/03\/Talkpal-Logo-Icon.png\",\"contentUrl\":\"https:\/\/talkpal.ai\/wp-content\/uploads\/2024\/03\/Talkpal-Logo-Icon.png\",\"width\":2880,\"height\":2880,\"caption\":\"Talkpal, Inc.\"},\"image\":{\"@id\":\"https:\/\/talkpal.ai\/et\/#\/schema\/logo\/image\/\"},\"sameAs\":[\"https:\/\/www.facebook.com\/profile.php?id=100090733639311\",\"https:\/\/x.com\/talkpalai\",\"https:\/\/www.linkedin.com\/company\/talkpal\/\",\"https:\/\/www.youtube.com\/@TalkPal\/\",\"https:\/\/www.tiktok.com\/@talkpal\",\"https:\/\/www.instagram.com\/talkpal_ai\/\",\"https:\/\/www.crunchbase.com\/organization\/talkpal-9cde\",\"https:\/\/www.g2.com\/products\/talkpal-for-business\/\",\"https:\/\/www.trustpilot.com\/review\/talkpal.ai\",\"https:\/\/www.capterra.com\/p\/10006800\/TalkPal\/\"],\"description\":\"Talkpal is a language learning web and mobile education app, powered by the latest AI technologies, that provides engaging experiences to its customers in many different languages to help them improve their language skills. Users can chat about unlimited amount of topics with the app and use other modes to practice their language learning.\",\"email\":\"support@talkpal.ai\",\"legalName\":\"Talkpal, Inc.\",\"foundingDate\":\"2023-04-03\",\"duns\":\"118989042\",\"numberOfEmployees\":{\"@type\":\"QuantitativeValue\",\"minValue\":\"11\",\"maxValue\":\"50\"},\"publishingPrinciples\":\"https:\/\/talkpal.ai\/publishing-principles\/\",\"actionableFeedbackPolicy\":\"https:\/\/talkpal.ai\/actionable-feedback-policy\/\",\"correctionsPolicy\":\"https:\/\/talkpal.ai\/corrections-policy\/\",\"ethicsPolicy\":\"https:\/\/talkpal.ai\/ethics-policy\/\",\"diversityPolicy\":\"https:\/\/talkpal.ai\/diversity-policy\/\",\"diversityStaffingReport\":\"https:\/\/talkpal.ai\/diversity-policy\/\"}]}<\/script>\n<!-- \/ Yoast SEO Premium plugin. -->","yoast_head_json":{"title":"Somaalia keele grammatika - Talkpal","description":"Saate meie p\u00f5hjaliku \u00f5pijuhendiga omandada somaali keele grammatika keerukuse, alates t\u00e4hestikust kuni verbi\u00fchendusteni.","robots":{"index":"index","follow":"follow","max-snippet":"max-snippet:-1","max-image-preview":"max-image-preview:large","max-video-preview":"max-video-preview:-1"},"canonical":"https:\/\/talkpal.ai\/et\/somaalia-keele-grammatika\/","og_locale":"et_EE","og_type":"article","og_title":"Somaalia keele grammatika","og_description":"Somaalia keele grammatika keerukuses navigeerimine Somaali keel, rikkaliku ajaloo ja kultuurilise t\u00e4htsusega afroaasia perekonna ku\u0161iidi keel, pakub","og_url":"https:\/\/talkpal.ai\/et\/somaalia-keele-grammatika\/","og_site_name":"Talkpal","article_publisher":"https:\/\/www.facebook.com\/profile.php?id=100090733639311","article_modified_time":"2025-12-30T11:13:18+00:00","og_image":[{"width":2880,"height":1620,"url":"https:\/\/talkpal.ai\/wp-content\/uploads\/2025\/02\/Progress-tab-16_9.png","type":"image\/png"}],"twitter_card":"summary_large_image","twitter_site":"@talkpalai","twitter_misc":{"Est. reading time":"3 minutit"},"schema":{"@context":"https:\/\/schema.org","@graph":[{"@type":"WebPage","@id":"https:\/\/talkpal.ai\/et\/somaalia-keele-grammatika\/","url":"https:\/\/talkpal.ai\/et\/somaalia-keele-grammatika\/","name":"Somaalia keele grammatika - Talkpal","isPartOf":{"@id":"https:\/\/talkpal.ai\/et\/#website"},"datePublished":"2025-11-12T16:58:05+00:00","dateModified":"2025-12-30T11:13:18+00:00","description":"Saate meie p\u00f5hjaliku \u00f5pijuhendiga omandada somaali keele grammatika keerukuse, alates t\u00e4hestikust kuni verbi\u00fchendusteni.","breadcrumb":{"@id":"https:\/\/talkpal.ai\/et\/somaalia-keele-grammatika\/#breadcrumb"},"inLanguage":"et","potentialAction":[{"@type":"ReadAction","target":["https:\/\/talkpal.ai\/et\/somaalia-keele-grammatika\/"]}]},{"@type":"BreadcrumbList","@id":"https:\/\/talkpal.ai\/et\/somaalia-keele-grammatika\/#breadcrumb","itemListElement":[{"@type":"ListItem","position":1,"name":"Homepage","item":"https:\/\/talkpal.ai\/et\/"},{"@type":"ListItem","position":2,"name":"Somaalia keele grammatika"}]},{"@type":"WebSite","@id":"https:\/\/talkpal.ai\/et\/#website","url":"https:\/\/talkpal.ai\/et\/","name":"Talkpal","description":"AI Language Learning","publisher":{"@id":"https:\/\/talkpal.ai\/et\/#organization"},"alternateName":"Talkpal AI","potentialAction":[{"@type":"SearchAction","target":{"@type":"EntryPoint","urlTemplate":"https:\/\/talkpal.ai\/et\/?s={search_term_string}"},"query-input":{"@type":"PropertyValueSpecification","valueRequired":true,"valueName":"search_term_string"}}],"inLanguage":"et"},{"@type":"Organization","@id":"https:\/\/talkpal.ai\/et\/#organization","name":"Talkpal, Inc.","alternateName":"Talkpal AI","url":"https:\/\/talkpal.ai\/et\/","logo":{"@type":"ImageObject","inLanguage":"et","@id":"https:\/\/talkpal.ai\/et\/#\/schema\/logo\/image\/","url":"https:\/\/talkpal.ai\/wp-content\/uploads\/2024\/03\/Talkpal-Logo-Icon.png","contentUrl":"https:\/\/talkpal.ai\/wp-content\/uploads\/2024\/03\/Talkpal-Logo-Icon.png","width":2880,"height":2880,"caption":"Talkpal, Inc."},"image":{"@id":"https:\/\/talkpal.ai\/et\/#\/schema\/logo\/image\/"},"sameAs":["https:\/\/www.facebook.com\/profile.php?id=100090733639311","https:\/\/x.com\/talkpalai","https:\/\/www.linkedin.com\/company\/talkpal\/","https:\/\/www.youtube.com\/@TalkPal\/","https:\/\/www.tiktok.com\/@talkpal","https:\/\/www.instagram.com\/talkpal_ai\/","https:\/\/www.crunchbase.com\/organization\/talkpal-9cde","https:\/\/www.g2.com\/products\/talkpal-for-business\/","https:\/\/www.trustpilot.com\/review\/talkpal.ai","https:\/\/www.capterra.com\/p\/10006800\/TalkPal\/"],"description":"Talkpal is a language learning web and mobile education app, powered by the latest AI technologies, that provides engaging experiences to its customers in many different languages to help them improve their language skills. Users can chat about unlimited amount of topics with the app and use other modes to practice their language learning.","email":"support@talkpal.ai","legalName":"Talkpal, Inc.","foundingDate":"2023-04-03","duns":"118989042","numberOfEmployees":{"@type":"QuantitativeValue","minValue":"11","maxValue":"50"},"publishingPrinciples":"https:\/\/talkpal.ai\/publishing-principles\/","actionableFeedbackPolicy":"https:\/\/talkpal.ai\/actionable-feedback-policy\/","correctionsPolicy":"https:\/\/talkpal.ai\/corrections-policy\/","ethicsPolicy":"https:\/\/talkpal.ai\/ethics-policy\/","diversityPolicy":"https:\/\/talkpal.ai\/diversity-policy\/","diversityStaffingReport":"https:\/\/talkpal.ai\/diversity-policy\/"}]}},"_links":{"self":[{"href":"https:\/\/talkpal.ai\/et\/wp-json\/wp\/v2\/pages\/1475827","targetHints":{"allow":["GET"]}}],"collection":[{"href":"https:\/\/talkpal.ai\/et\/wp-json\/wp\/v2\/pages"}],"about":[{"href":"https:\/\/talkpal.ai\/et\/wp-json\/wp\/v2\/types\/page"}],"author":[{"embeddable":true,"href":"https:\/\/talkpal.ai\/et\/wp-json\/wp\/v2\/users\/20"}],"replies":[{"embeddable":true,"href":"https:\/\/talkpal.ai\/et\/wp-json\/wp\/v2\/comments?post=1475827"}],"version-history":[{"count":0,"href":"https:\/\/talkpal.ai\/et\/wp-json\/wp\/v2\/pages\/1475827\/revisions"}],"wp:attachment":[{"href":"https:\/\/talkpal.ai\/et\/wp-json\/wp\/v2\/media?parent=1475827"}],"curies":[{"name":"wp","href":"https:\/\/api.w.org\/{rel}","templated":true}]}}