{"id":1475787,"date":"2025-11-12T16:33:49","date_gmt":"2025-11-12T16:33:49","guid":{"rendered":"https:\/\/talkpal.ai\/pandzabi-grammatikaharjutused\/"},"modified":"2025-12-30T11:21:00","modified_gmt":"2025-12-30T11:21:00","slug":"pandzabi-grammatikaharjutused","status":"publish","type":"page","link":"https:\/\/talkpal.ai\/et\/pandzabi-grammatikaharjutused\/","title":{"rendered":"Pand\u017eabi grammatikaharjutused"},"content":{"rendered":"\r\n\r\n\r\n<section class=\"languageChallengeSection\">\r\n    <div class=\"languageInfoWrapper\">\r\n        \r\n        <h1>Pand\u017eabi grammatikaharjutused<\/h1>\r\n        <p>Kas olete valmis sukelduma <a href=\"https:\/\/talkpal.ai\/learn-punjabi\/\">pand\u017eabi<\/a> grammatikasse? M\u00f5nede p\u00f5hit\u00f5dede harjutamine aitab teil selle ainulaadse ja ilusa keelega mugavalt hakkama saada. Proovige neid harjutusi, et suurendada oma enesekindlust ja l\u00f5butseda samal ajal!<\/p>\r\n\r\n                            <a class=\"getStartedHidden\" href=\"https:\/\/app.talkpal.ai\/et\/signup?lng=\">Alusta<\/a>\r\n        \r\n    <\/div>\r\n\r\n    <figure>\r\n    <img decoding=\"async\" width=\"768\" height=\"768\" src=\"https:\/\/talkpal.ai\/wp-content\/uploads\/2023\/06\/welsh-768x768.png\" class=\"languageImage no-lazy\" alt=\"Language learning for better cognitive abilities\" fetchpriority=\"high\" sizes=\"(max-width: 768px) 150px, 768px\" srcset=\"https:\/\/talkpal.ai\/wp-content\/uploads\/2023\/06\/welsh-768x768.png 768w, https:\/\/talkpal.ai\/wp-content\/uploads\/2023\/06\/welsh-300x300.png 300w\" \/>\r\n    \r\n\r\n    <\/figure>\r\n\r\n            <a class=\"getStartedVisible\" href=\"https:\/\/app.talkpal.ai\/et\/signup?lng=\">Alusta<\/a>\r\n    \r\n<\/section><section class=\"promotionalBanner\">\r\n    <p class=\"promotionalText\">K\u00f5ige t\u00f5husam viis keele \u00f5ppimiseks<\/p>\r\n    <a class=\"promotionalLink\" href=\"https:\/\/app.talkpal.ai\/et\/signup?lng=\">Proovige Talkpal tasuta<\/a>\r\n<\/section>\n<div class=\"wp-block-group pageContainerStyle\"><div class=\"wp-block-group__inner-container is-layout-constrained wp-block-group-is-layout-constrained\">\n<h2 class=\"wp-block-heading\" id=\"h-punjabi-grammar-topics\">Pand\u017eabi grammatika teemad<\/h2>\n\n\n\n<p><a href=\"https:\/\/talkpal.ai\/et\/suurimad-vead-mida-valtida-uue-keele-oppimisel\/\">Uue keele \u00f5ppimine<\/a> v\u00f5ib olla keeruline, kuid rahuldust pakkuv ettev\u00f5tmine. Pand\u017eabi keel, indoaaria keel, mida r\u00e4\u00e4gitakse peamiselt Pand\u017eabi piirkonnas ja diasporaa kogukondades, pole erand. Oma ainulaadsete omaduste ja struktuuridega n\u00f5uab pand\u017eabi keele <a href=\"https:\/\/talkpal.ai\/et\/talkpal-for-education\/\">\u00f5ppimine<\/a> s\u00fcstemaatilist l\u00e4henemist selle <a href=\"https:\/\/talkpal.ai\/greek-grammar\/\">grammatika<\/a> m\u00f5istmiseks. Selles juhendis kirjeldatakse <a href=\"https:\/\/talkpal.ai\/et\/pandzabi-grammatika\/\">pand\u017eabi keele grammatika <\/a>p\u00f5hivaldkondi <a href=\"https:\/\/talkpal.ai\/et\/talkpal-for-education\/\">keele\u00f5ppe<\/a> loogilises j\u00e4rjestuses, alustades p\u00f5hit\u00f5dedest, nagu nimis\u00f5nad ja artiklid, ning liikudes edasi keerukamate valdkondadeni, nagu ajavormid ja lauseehitus.<\/p>\n\n\n\n<h3 class=\"wp-block-heading\" id=\"h-1-nouns\">1. Nimis\u00f5nad:<\/h3>\n\n\n\n<p>Alustage oma pand\u017eabi keele teekonda nimis\u00f5nade \u00f5ppimisega. See h\u00f5lmab nimis\u00f5nade erinevate kategooriate, n\u00e4iteks tava- ja p\u00e4risnimede, nende soo (mees- ja naissoost) ja mitmuse vormide m\u00f5istmist.<\/p>\n\n\n\n<h3 class=\"wp-block-heading\" id=\"h-2-articles\">2. Artiklid:<\/h3>\n\n\n\n<p>Pand\u017eabi keeles artikleid ei kasutata nii, nagu <a href=\"https:\/\/talkpal.ai\/learn-english\/\">inglise<\/a> <a href=\"https:\/\/talkpal.ai\/ai-english-speaking-practice\/\">keeles<\/a>. Pand\u017eabi keeles ei ole kindlaid ega m\u00e4\u00e4ramatuid artikleid; M\u00e4\u00e4ratust v\u00e4ljendatakse konteksti v\u00f5i demonstratiivide kaudu ning arvuline ik v\u00f5ib m\u00f5nes kontekstis toimida nagu m\u00e4\u00e4ramatu artikkel.<\/p>\n\n\n\n<h3 class=\"wp-block-heading\" id=\"h-3-adjectives\">3. Omaduss\u00f5nad:<\/h3>\n\n\n\n<p>Pand\u017eabi omaduss\u00f5nad eelnevad tavaliselt nimis\u00f5nadele ja \u00fchtivad nimis\u00f5naga soo, arvu ja k\u00e4\u00e4nde poolest. Samuti peate \u00f5ppima, kuidas nende l\u00f5pud muutuvad ning kuidas moodustada v\u00f5rdlevaid ja \u00fcliv\u00f5rdeid, kasutades selliseid s\u00f5nu nagu hor ja sabh ton.<\/p>\n\n\n\n<h3 class=\"wp-block-heading\" id=\"h-4-pronouns-determiners\">4. Ases\u00f5nad\/m\u00e4\u00e4rajad:<\/h3>\n\n\n\n<p>Ases\u00f5nad ja m\u00e4\u00e4rajad on pand\u017eabi keeles olulised; need asendavad nimis\u00f5nu ja annavad teavet koguse, valduse ja muu kohta. \u00d5ppige otseseid ja kaldus vorme, mida kasutatakse postpositsioonides, samuti demonstratiive nagu eh ja oh ning omastavaid vorme nagu mera ja tera t\u00f5husaks suhtlemiseks.<\/p>\n\n\n\n<h3 class=\"wp-block-heading\" id=\"h-5-verbs\">5. Tegus\u00f5nad:<\/h3>\n\n\n\n<p>Pand\u017eabi verbidel on erinevad vormid s\u00f5ltuvalt ajavormist, aspektist, meeleolust ja h\u00e4\u00e4lest ning need t\u00f6\u00f6tavad tihedalt abiverbiga hona. Alustage praegustest harjumusp\u00e4rastest vormidest ja uurige j\u00e4rk-j\u00e4rgult perfektiivseid ja tulevasi vorme.<\/p>\n\n\n\n<h3 class=\"wp-block-heading\" id=\"h-6-tenses\">6. Ajavormid:<\/h3>\n\n\n\n<p>P\u00e4rast verbivormide valdamist s\u00fcvenege pand\u017eabi ajavormidesse. See h\u00f5lmab arusaamist, kuidas olevik, minevik ja tulevane aeg v\u00e4ljenduvad aspektuaalsete kesks\u00f5nade kaudu koos abis\u00f5nadega v\u00f5i s\u00fcnteetiliste tulevikuvormide kaudu ning kuidas neid erinevates kontekstides kasutatakse.<\/p>\n\n\n\n<h3 class=\"wp-block-heading\" id=\"h-7-tense-comparison\">7. Pingeline v\u00f5rdlus:<\/h3>\n\n\n\n<p>Pand\u017eabi ajavormide v\u00f5rdlemine aitab m\u00f5ista s\u00fcndmuste jada. <a href=\"https:\/\/talkpal.ai\/locations\/language-courses-in-sama\/\">Sama<\/a> verbi v\u00f5rdlemine erinevates ajavormides ja aspektides annab parema \u00fclevaate kokkuleppemustritest ja kasutusest.<\/p>\n\n\n\n<h3 class=\"wp-block-heading\" id=\"h-8-progressive\">8. Progressiivne:<\/h3>\n\n\n\n<p>Pand\u017eabi progressiivset kasutatakse k\u00e4imasolevate tegevuste v\u00e4ljendamiseks. See moodustatakse progressiivse kesks\u00f5na reha, rahi v\u00f5i rahe kasutamisel koos verbi sobiva vormiga olema.<\/p>\n\n\n\n<h3 class=\"wp-block-heading\" id=\"h-9-perfect-progressive\">9. T\u00e4iuslik progressiivne:<\/h3>\n\n\n\n<p>Seda kasutatakse toimingute v\u00e4ljendamiseks, mis on kestnud kuni teatud punktini. Pand\u017eabi keeles moodustatakse see progressiivse kesks\u00f5naga reha, rahi v\u00f5i rahe koos verbi t\u00e4iusliku v\u00f5i minevikuvormiga.<\/p>\n\n\n\n<h3 class=\"wp-block-heading\" id=\"h-10-conditionals\">10. Tingimused:<\/h3>\n\n\n\n<p>Tingimused v\u00e4ljendavad h\u00fcpoteetilisi olukordi ja nende v\u00f5imalikke tulemusi. Need on pand\u017eabi keele grammatika oluline osa ja kasutavad sageli je- ja then-lausetega struktuure koos sobivate verbivormide v\u00f5i modaalidega, et lisada teie keeleoskusele n\u00fcansse.<\/p>\n\n\n\n<h3 class=\"wp-block-heading\" id=\"h-11-adverbs\">11. M\u00e4\u00e4rs\u00f5nad:<\/h3>\n\n\n\n<p>Pand\u017eabi m\u00e4\u00e4rs\u00f5nad muudavad tegus\u00f5nu, omaduss\u00f5nu v\u00f5i muid m\u00e4\u00e4rs\u00f5nu. Need annavad teavet viisi, koha, aja, astme ja muu kohta ning on t\u00e4pse v\u00e4ljenduse jaoks h\u00e4davajalikud.<\/p>\n\n\n\n<h3 class=\"wp-block-heading\" id=\"h-12-prepositions\">12. Eess\u00f5nad:<\/h3>\n\n\n\n<p>Pand\u017eabi kasutab pigem postpositsioone kui eess\u00f5nu; nad j\u00e4rgivad nimis\u00f5na ja n\u00f5uavad sageli nimis\u00f5na kaldus k\u00e4\u00e4ndes. Nad v\u00e4ljendavad aja, koha, suuna ja muu suhteid.<\/p>\n\n\n\n<h3 class=\"wp-block-heading\" id=\"h-13-sentences\">13. Laused:<\/h3>\n\n\n\n<p>L\u00f5puks harjutage lausete koostamist. See h\u00f5lmab k\u00f5igi varem \u00f5pitud grammatikapunktide kasutamist kontekstis, tavaliselt subjekti objekti, verbi s\u00f5naj\u00e4rje ja postpositsioonidega, tagades seel\u00e4bi pand\u017eabi keele igak\u00fclgse m\u00f5istmise.<\/p>\n<\/div><\/div>\n\r\n<section class=\"learnNavigationSection\">\r\n            \r\n        <a href=\"https:\/\/talkpal.ai\/et\/oppige-pandzabi-keelt\/\">\r\n            <div class=\"learnNavigationWrapper\">\r\n                <div class=\"learnNavigationContent\">\r\n                    <img decoding=\"async\" src=\"https:\/\/talkpal.ai\/wp-content\/uploads\/2025\/11\/Punjabi.png\" alt=\"Indian Simplified Flag\">\r\n                    <div>\r\n                        <h4>Pand\u017eabi \u00f5ppimise kohta<\/h4>\r\n                        <p>Uurige k\u00f5ike pand\u017eabi grammatika kohta.<\/p>\r\n                    <\/div>\r\n                <\/div>\r\n            <\/div>\r\n        <\/a>\r\n\r\n        \r\n        <a href=\"https:\/\/talkpal.ai\/et\/pandzabi-grammatika\/\">\r\n            <div class=\"learnNavigationWrapper\">\r\n                <div class=\"learnNavigationContent\">\r\n                    <img decoding=\"async\" src=\"https:\/\/talkpal.ai\/wp-content\/uploads\/2025\/11\/Punjabi.png\" alt=\"Indian Simplified Flag\">\r\n                    <div>\r\n                        <h4>Pand\u017eabi grammatikatunnid<\/h4>\r\n                        <p>Harjutage pand\u017eabi grammatikat.<\/p>\r\n                    <\/div>\r\n                <\/div>\r\n            <\/div>\r\n        <\/a>\r\n\r\n            <\/section>","protected":false},"excerpt":{"rendered":"<p>Pand\u017eabi grammatika teemad Uue keele \u00f5ppimine v\u00f5ib olla keeruline, kuid rahuldust pakkuv ettev\u00f5tmine. Pand\u017eabi keel, indoaaria keel, mida r\u00e4\u00e4gitakse peamiselt Pand\u017eabi piirkonnas ja diasporaa kogukondades, pole erand. Oma ainulaadsete omaduste ja struktuuridega n\u00f5uab pand\u017eabi keele \u00f5ppimine s\u00fcstemaatilist l\u00e4henemist selle grammatika m\u00f5istmiseks. Selles juhendis kirjeldatakse pand\u017eabi keele grammatika p\u00f5hivaldkondi keele\u00f5ppe loogilises j\u00e4rjestuses, alustades p\u00f5hit\u00f5dedest, nagu nimis\u00f5nad [&hellip;]<\/p>\n","protected":false},"author":20,"featured_media":0,"parent":0,"menu_order":0,"comment_status":"closed","ping_status":"closed","template":"LearningContentPage.php","meta":{"_acf_changed":false,"footnotes":""},"class_list":["post-1475787","page","type-page","status-publish","hentry"],"acf":[],"yoast_head":"<!-- This site is optimized with the Yoast SEO Premium plugin v27.2 (Yoast SEO v27.2) - https:\/\/yoast.com\/product\/yoast-seo-premium-wordpress\/ -->\n<title>Pand\u017eabi grammatikaharjutused - Talkpal<\/title>\n<meta name=\"description\" content=\"\u00d5ppige punjabi keele grammatikat interaktiivsete harjutustega, mis on m\u00f5eldud teie keeleoskusele ja enesekindlusele.\" \/>\n<meta name=\"robots\" content=\"index, follow, max-snippet:-1, max-image-preview:large, max-video-preview:-1\" \/>\n<link rel=\"canonical\" href=\"https:\/\/talkpal.ai\/et\/pandzabi-grammatikaharjutused\/\" \/>\n<meta property=\"og:locale\" content=\"et_EE\" \/>\n<meta property=\"og:type\" content=\"article\" \/>\n<meta property=\"og:title\" content=\"Pand\u017eabi grammatikaharjutused\" \/>\n<meta property=\"og:description\" content=\"Pand\u017eabi grammatika teemad Uue keele \u00f5ppimine v\u00f5ib olla keeruline, kuid rahuldust pakkuv ettev\u00f5tmine. Pand\u017eabi keel, indoaaria keel, mida r\u00e4\u00e4gitakse\" \/>\n<meta property=\"og:url\" content=\"https:\/\/talkpal.ai\/et\/pandzabi-grammatikaharjutused\/\" \/>\n<meta property=\"og:site_name\" content=\"Talkpal\" \/>\n<meta property=\"article:publisher\" content=\"https:\/\/www.facebook.com\/profile.php?id=100090733639311\" \/>\n<meta property=\"article:modified_time\" content=\"2025-12-30T11:21:00+00:00\" \/>\n<meta property=\"og:image\" content=\"https:\/\/talkpal.ai\/wp-content\/uploads\/2025\/02\/Progress-tab-16_9.png\" \/>\n\t<meta property=\"og:image:width\" content=\"2880\" \/>\n\t<meta property=\"og:image:height\" content=\"1620\" \/>\n\t<meta property=\"og:image:type\" content=\"image\/png\" \/>\n<meta name=\"twitter:card\" content=\"summary_large_image\" \/>\n<meta name=\"twitter:site\" content=\"@talkpalai\" \/>\n<meta name=\"twitter:label1\" content=\"Est. reading time\" \/>\n\t<meta name=\"twitter:data1\" content=\"3 minutit\" \/>\n<script type=\"application\/ld+json\" class=\"yoast-schema-graph\">{\"@context\":\"https:\/\/schema.org\",\"@graph\":[{\"@type\":\"WebPage\",\"@id\":\"https:\/\/talkpal.ai\/et\/pandzabi-grammatikaharjutused\/\",\"url\":\"https:\/\/talkpal.ai\/et\/pandzabi-grammatikaharjutused\/\",\"name\":\"Pand\u017eabi grammatikaharjutused - Talkpal\",\"isPartOf\":{\"@id\":\"https:\/\/talkpal.ai\/et\/#website\"},\"datePublished\":\"2025-11-12T16:33:49+00:00\",\"dateModified\":\"2025-12-30T11:21:00+00:00\",\"description\":\"\u00d5ppige punjabi keele grammatikat interaktiivsete harjutustega, mis on m\u00f5eldud teie keeleoskusele ja enesekindlusele.\",\"breadcrumb\":{\"@id\":\"https:\/\/talkpal.ai\/et\/pandzabi-grammatikaharjutused\/#breadcrumb\"},\"inLanguage\":\"et\",\"potentialAction\":[{\"@type\":\"ReadAction\",\"target\":[\"https:\/\/talkpal.ai\/et\/pandzabi-grammatikaharjutused\/\"]}]},{\"@type\":\"BreadcrumbList\",\"@id\":\"https:\/\/talkpal.ai\/et\/pandzabi-grammatikaharjutused\/#breadcrumb\",\"itemListElement\":[{\"@type\":\"ListItem\",\"position\":1,\"name\":\"Homepage\",\"item\":\"https:\/\/talkpal.ai\/et\/\"},{\"@type\":\"ListItem\",\"position\":2,\"name\":\"Pand\u017eabi grammatikaharjutused\"}]},{\"@type\":\"WebSite\",\"@id\":\"https:\/\/talkpal.ai\/et\/#website\",\"url\":\"https:\/\/talkpal.ai\/et\/\",\"name\":\"Talkpal\",\"description\":\"AI Language Learning\",\"publisher\":{\"@id\":\"https:\/\/talkpal.ai\/et\/#organization\"},\"alternateName\":\"Talkpal AI\",\"potentialAction\":[{\"@type\":\"SearchAction\",\"target\":{\"@type\":\"EntryPoint\",\"urlTemplate\":\"https:\/\/talkpal.ai\/et\/?s={search_term_string}\"},\"query-input\":{\"@type\":\"PropertyValueSpecification\",\"valueRequired\":true,\"valueName\":\"search_term_string\"}}],\"inLanguage\":\"et\"},{\"@type\":\"Organization\",\"@id\":\"https:\/\/talkpal.ai\/et\/#organization\",\"name\":\"Talkpal, Inc.\",\"alternateName\":\"Talkpal AI\",\"url\":\"https:\/\/talkpal.ai\/et\/\",\"logo\":{\"@type\":\"ImageObject\",\"inLanguage\":\"et\",\"@id\":\"https:\/\/talkpal.ai\/et\/#\/schema\/logo\/image\/\",\"url\":\"https:\/\/talkpal.ai\/wp-content\/uploads\/2024\/03\/Talkpal-Logo-Icon.png\",\"contentUrl\":\"https:\/\/talkpal.ai\/wp-content\/uploads\/2024\/03\/Talkpal-Logo-Icon.png\",\"width\":2880,\"height\":2880,\"caption\":\"Talkpal, Inc.\"},\"image\":{\"@id\":\"https:\/\/talkpal.ai\/et\/#\/schema\/logo\/image\/\"},\"sameAs\":[\"https:\/\/www.facebook.com\/profile.php?id=100090733639311\",\"https:\/\/x.com\/talkpalai\",\"https:\/\/www.linkedin.com\/company\/talkpal\/\",\"https:\/\/www.youtube.com\/@TalkPal\/\",\"https:\/\/www.tiktok.com\/@talkpal\",\"https:\/\/www.instagram.com\/talkpal_ai\/\",\"https:\/\/www.crunchbase.com\/organization\/talkpal-9cde\",\"https:\/\/www.g2.com\/products\/talkpal-for-business\/\",\"https:\/\/www.trustpilot.com\/review\/talkpal.ai\",\"https:\/\/www.capterra.com\/p\/10006800\/TalkPal\/\"],\"description\":\"Talkpal is a language learning web and mobile education app, powered by the latest AI technologies, that provides engaging experiences to its customers in many different languages to help them improve their language skills. Users can chat about unlimited amount of topics with the app and use other modes to practice their language learning.\",\"email\":\"support@talkpal.ai\",\"legalName\":\"Talkpal, Inc.\",\"foundingDate\":\"2023-04-03\",\"duns\":\"118989042\",\"numberOfEmployees\":{\"@type\":\"QuantitativeValue\",\"minValue\":\"11\",\"maxValue\":\"50\"},\"publishingPrinciples\":\"https:\/\/talkpal.ai\/publishing-principles\/\",\"actionableFeedbackPolicy\":\"https:\/\/talkpal.ai\/actionable-feedback-policy\/\",\"correctionsPolicy\":\"https:\/\/talkpal.ai\/corrections-policy\/\",\"ethicsPolicy\":\"https:\/\/talkpal.ai\/ethics-policy\/\",\"diversityPolicy\":\"https:\/\/talkpal.ai\/diversity-policy\/\",\"diversityStaffingReport\":\"https:\/\/talkpal.ai\/diversity-policy\/\"}]}<\/script>\n<!-- \/ Yoast SEO Premium plugin. -->","yoast_head_json":{"title":"Pand\u017eabi grammatikaharjutused - Talkpal","description":"\u00d5ppige punjabi keele grammatikat interaktiivsete harjutustega, mis on m\u00f5eldud teie keeleoskusele ja enesekindlusele.","robots":{"index":"index","follow":"follow","max-snippet":"max-snippet:-1","max-image-preview":"max-image-preview:large","max-video-preview":"max-video-preview:-1"},"canonical":"https:\/\/talkpal.ai\/et\/pandzabi-grammatikaharjutused\/","og_locale":"et_EE","og_type":"article","og_title":"Pand\u017eabi grammatikaharjutused","og_description":"Pand\u017eabi grammatika teemad Uue keele \u00f5ppimine v\u00f5ib olla keeruline, kuid rahuldust pakkuv ettev\u00f5tmine. Pand\u017eabi keel, indoaaria keel, mida r\u00e4\u00e4gitakse","og_url":"https:\/\/talkpal.ai\/et\/pandzabi-grammatikaharjutused\/","og_site_name":"Talkpal","article_publisher":"https:\/\/www.facebook.com\/profile.php?id=100090733639311","article_modified_time":"2025-12-30T11:21:00+00:00","og_image":[{"width":2880,"height":1620,"url":"https:\/\/talkpal.ai\/wp-content\/uploads\/2025\/02\/Progress-tab-16_9.png","type":"image\/png"}],"twitter_card":"summary_large_image","twitter_site":"@talkpalai","twitter_misc":{"Est. reading time":"3 minutit"},"schema":{"@context":"https:\/\/schema.org","@graph":[{"@type":"WebPage","@id":"https:\/\/talkpal.ai\/et\/pandzabi-grammatikaharjutused\/","url":"https:\/\/talkpal.ai\/et\/pandzabi-grammatikaharjutused\/","name":"Pand\u017eabi grammatikaharjutused - Talkpal","isPartOf":{"@id":"https:\/\/talkpal.ai\/et\/#website"},"datePublished":"2025-11-12T16:33:49+00:00","dateModified":"2025-12-30T11:21:00+00:00","description":"\u00d5ppige punjabi keele grammatikat interaktiivsete harjutustega, mis on m\u00f5eldud teie keeleoskusele ja enesekindlusele.","breadcrumb":{"@id":"https:\/\/talkpal.ai\/et\/pandzabi-grammatikaharjutused\/#breadcrumb"},"inLanguage":"et","potentialAction":[{"@type":"ReadAction","target":["https:\/\/talkpal.ai\/et\/pandzabi-grammatikaharjutused\/"]}]},{"@type":"BreadcrumbList","@id":"https:\/\/talkpal.ai\/et\/pandzabi-grammatikaharjutused\/#breadcrumb","itemListElement":[{"@type":"ListItem","position":1,"name":"Homepage","item":"https:\/\/talkpal.ai\/et\/"},{"@type":"ListItem","position":2,"name":"Pand\u017eabi grammatikaharjutused"}]},{"@type":"WebSite","@id":"https:\/\/talkpal.ai\/et\/#website","url":"https:\/\/talkpal.ai\/et\/","name":"Talkpal","description":"AI Language Learning","publisher":{"@id":"https:\/\/talkpal.ai\/et\/#organization"},"alternateName":"Talkpal AI","potentialAction":[{"@type":"SearchAction","target":{"@type":"EntryPoint","urlTemplate":"https:\/\/talkpal.ai\/et\/?s={search_term_string}"},"query-input":{"@type":"PropertyValueSpecification","valueRequired":true,"valueName":"search_term_string"}}],"inLanguage":"et"},{"@type":"Organization","@id":"https:\/\/talkpal.ai\/et\/#organization","name":"Talkpal, Inc.","alternateName":"Talkpal AI","url":"https:\/\/talkpal.ai\/et\/","logo":{"@type":"ImageObject","inLanguage":"et","@id":"https:\/\/talkpal.ai\/et\/#\/schema\/logo\/image\/","url":"https:\/\/talkpal.ai\/wp-content\/uploads\/2024\/03\/Talkpal-Logo-Icon.png","contentUrl":"https:\/\/talkpal.ai\/wp-content\/uploads\/2024\/03\/Talkpal-Logo-Icon.png","width":2880,"height":2880,"caption":"Talkpal, Inc."},"image":{"@id":"https:\/\/talkpal.ai\/et\/#\/schema\/logo\/image\/"},"sameAs":["https:\/\/www.facebook.com\/profile.php?id=100090733639311","https:\/\/x.com\/talkpalai","https:\/\/www.linkedin.com\/company\/talkpal\/","https:\/\/www.youtube.com\/@TalkPal\/","https:\/\/www.tiktok.com\/@talkpal","https:\/\/www.instagram.com\/talkpal_ai\/","https:\/\/www.crunchbase.com\/organization\/talkpal-9cde","https:\/\/www.g2.com\/products\/talkpal-for-business\/","https:\/\/www.trustpilot.com\/review\/talkpal.ai","https:\/\/www.capterra.com\/p\/10006800\/TalkPal\/"],"description":"Talkpal is a language learning web and mobile education app, powered by the latest AI technologies, that provides engaging experiences to its customers in many different languages to help them improve their language skills. Users can chat about unlimited amount of topics with the app and use other modes to practice their language learning.","email":"support@talkpal.ai","legalName":"Talkpal, Inc.","foundingDate":"2023-04-03","duns":"118989042","numberOfEmployees":{"@type":"QuantitativeValue","minValue":"11","maxValue":"50"},"publishingPrinciples":"https:\/\/talkpal.ai\/publishing-principles\/","actionableFeedbackPolicy":"https:\/\/talkpal.ai\/actionable-feedback-policy\/","correctionsPolicy":"https:\/\/talkpal.ai\/corrections-policy\/","ethicsPolicy":"https:\/\/talkpal.ai\/ethics-policy\/","diversityPolicy":"https:\/\/talkpal.ai\/diversity-policy\/","diversityStaffingReport":"https:\/\/talkpal.ai\/diversity-policy\/"}]}},"_links":{"self":[{"href":"https:\/\/talkpal.ai\/et\/wp-json\/wp\/v2\/pages\/1475787","targetHints":{"allow":["GET"]}}],"collection":[{"href":"https:\/\/talkpal.ai\/et\/wp-json\/wp\/v2\/pages"}],"about":[{"href":"https:\/\/talkpal.ai\/et\/wp-json\/wp\/v2\/types\/page"}],"author":[{"embeddable":true,"href":"https:\/\/talkpal.ai\/et\/wp-json\/wp\/v2\/users\/20"}],"replies":[{"embeddable":true,"href":"https:\/\/talkpal.ai\/et\/wp-json\/wp\/v2\/comments?post=1475787"}],"version-history":[{"count":0,"href":"https:\/\/talkpal.ai\/et\/wp-json\/wp\/v2\/pages\/1475787\/revisions"}],"wp:attachment":[{"href":"https:\/\/talkpal.ai\/et\/wp-json\/wp\/v2\/media?parent=1475787"}],"curies":[{"name":"wp","href":"https:\/\/api.w.org\/{rel}","templated":true}]}}