{"id":1475748,"date":"2025-11-12T16:22:22","date_gmt":"2025-11-12T16:22:22","guid":{"rendered":"https:\/\/talkpal.ai\/pustu-grammatikaharjutused\/"},"modified":"2025-12-30T11:38:53","modified_gmt":"2025-12-30T11:38:53","slug":"pustu-grammatikaharjutused","status":"publish","type":"page","link":"https:\/\/talkpal.ai\/et\/pustu-grammatikaharjutused\/","title":{"rendered":"Pu\u0161tu grammatikaharjutused"},"content":{"rendered":"\r\n\r\n\r\n<section class=\"languageChallengeSection\">\r\n    <div class=\"languageInfoWrapper\">\r\n        \r\n        <h1>Pu\u0161tu grammatikaharjutused<\/h1>\r\n        <p>Kas olete valmis <a href=\"https:\/\/talkpal.ai\/learn-pashto\/\">pu\u0161tu<\/a> grammatikasse sukelduma? M\u00f5nede p\u00f5hit\u00f5dede harjutamine aitab teil selle ainulaadse ja ilusa keelega mugavalt hakkama saada. Proovige neid harjutusi, et suurendada oma enesekindlust ja l\u00f5butseda samal ajal!<\/p>\r\n\r\n                            <a class=\"getStartedHidden\" href=\"https:\/\/app.talkpal.ai\/et\/signup?lng=\">Alusta<\/a>\r\n        \r\n    <\/div>\r\n\r\n    <figure>\r\n    <img decoding=\"async\" width=\"768\" height=\"768\" src=\"https:\/\/talkpal.ai\/wp-content\/uploads\/2023\/06\/welsh-768x768.png\" class=\"languageImage no-lazy\" alt=\"Language learning for better cognitive abilities\" fetchpriority=\"high\" sizes=\"(max-width: 768px) 150px, 768px\" srcset=\"https:\/\/talkpal.ai\/wp-content\/uploads\/2023\/06\/welsh-768x768.png 768w, https:\/\/talkpal.ai\/wp-content\/uploads\/2023\/06\/welsh-300x300.png 300w\" \/>\r\n    \r\n\r\n    <\/figure>\r\n\r\n            <a class=\"getStartedVisible\" href=\"https:\/\/app.talkpal.ai\/et\/signup?lng=\">Alusta<\/a>\r\n    \r\n<\/section><section class=\"promotionalBanner\">\r\n    <p class=\"promotionalText\">K\u00f5ige t\u00f5husam viis keele \u00f5ppimiseks<\/p>\r\n    <a class=\"promotionalLink\" href=\"https:\/\/app.talkpal.ai\/et\/signup?lng=\">Proovige Talkpal tasuta<\/a>\r\n<\/section>\n<div class=\"wp-block-group pageContainerStyle\"><div class=\"wp-block-group__inner-container is-layout-constrained wp-block-group-is-layout-constrained\">\n<h2 class=\"wp-block-heading\" id=\"h-pashto-grammar-topics\">Pu\u0161tu grammatika teemad<\/h2>\n\n\n\n<p><a href=\"https:\/\/talkpal.ai\/et\/suurimad-vead-mida-valtida-uue-keele-oppimisel\/\">Uue keele \u00f5ppimine<\/a> v\u00f5ib olla keeruline, kuid rahuldust pakkuv ettev\u00f5tmine. Pu\u0161tu, ida-iraani keel, mida k\u00f5neldakse peamiselt Afganistanis ja Pakistanis, pole erand. Oma ainulaadsete omaduste ja struktuuridega n\u00f5uab pu\u0161tu keele <a href=\"https:\/\/talkpal.ai\/et\/talkpal-for-education\/\">\u00f5ppimine<\/a> s\u00fcstemaatilist l\u00e4henemist selle <a href=\"https:\/\/talkpal.ai\/greek-grammar\/\">grammatika<\/a> m\u00f5istmiseks. Selles juhendis kirjeldatakse <a href=\"https:\/\/talkpal.ai\/et\/pustu-grammatika\/\">pu\u0161tu keele grammatika<\/a> p\u00f5hivaldkondi <a href=\"https:\/\/talkpal.ai\/et\/talkpal-for-education\/\">keele\u00f5ppe<\/a> loogilises j\u00e4rjestuses, alustades p\u00f5hit\u00f5dedest, nagu nimis\u00f5nad ja artiklid, ning liikudes edasi keerukamate valdkondadeni, nagu ajavormid ja lauseehitus.<\/p>\n\n\n\n<h3 class=\"wp-block-heading\" id=\"h-1-nouns\">1. Nimis\u00f5nad:<\/h3>\n\n\n\n<p>Alustage oma pu\u0161tu keele teekonda nimis\u00f5nade \u00f5ppimisega. See h\u00f5lmab nimis\u00f5nade erinevate kategooriate, n\u00e4iteks tava- ja p\u00e4risnimede, nende grammatilise soo ja mitmuse vormide m\u00f5istmist.<\/p>\n\n\n\n<h3 class=\"wp-block-heading\" id=\"h-2-articles\">2. Artiklid:<\/h3>\n\n\n\n<p>Pu\u0161tukeelsed artiklid toimivad teisiti kui <a href=\"https:\/\/talkpal.ai\/ai-english-speaking-practice\/\">inglise keeles<\/a>. Pu\u0161tu keelel ei ole kindlat artiklit ja m\u00e4\u00e4ramatus on sageli t\u00e4histamata v\u00f5i n\u00e4idatud numbriga &#8220;yaw&#8221;, mis t\u00e4hendab &#8220;a&#8221;. Siit saate teada, kuidas m\u00e4\u00e4ratletust v\u00e4ljendatakse konteksti, demonstratiivide ja s\u00f5naj\u00e4rje kaudu.<\/p>\n\n\n\n<h3 class=\"wp-block-heading\" id=\"h-3-adjectives\">3. Omaduss\u00f5nad:<\/h3>\n\n\n\n<p>Pu\u0161tu keeles olevad omaduss\u00f5nad eelnevad tavaliselt nimis\u00f5nadele. Samuti peate \u00f5ppima tundma linkimish\u00e4\u00e4likut &#8220;-e&#8221;, mida kasutatakse nimis\u00f5nade ja modifikaatorite vahel paljudes kontekstides, ning kuidas moodustada v\u00f5rdlus- ja \u00fcliv\u00f5rdeid, tavaliselt s\u00f5nadega &#8220;tar&#8221; ja &#8220;tar tulo&#8221;.<\/p>\n\n\n\n<h3 class=\"wp-block-heading\" id=\"h-4-pronouns-determiners\">4. Ases\u00f5nad\/m\u00e4\u00e4rajad:<\/h3>\n\n\n\n<p>Ases\u00f5nad ja m\u00e4\u00e4rajad on pu\u0161tu keeles olulised; Need asendavad nimis\u00f5nu ja annavad teavet isiku, numbri, soo, omandi ja koguse kohta. Pu\u0161tu ases\u00f5nadel on otsesed ja kaldus vormid ning valdust t\u00e4histatakse sageli osakesega &#8220;da&#8221; v\u00f5i pronominaalse klitikaga.<\/p>\n\n\n\n<h3 class=\"wp-block-heading\" id=\"h-5-verbs\">5. Tegus\u00f5nad:<\/h3>\n\n\n\n<p>Pu\u0161tu verbidel on erinevad vormid s\u00f5ltuvalt ajast, aspektist, meeleolust, h\u00e4\u00e4lest, isikust ja numbrist. Paljud tegus\u00f5nad on liits\u00f5nad, kasutades sageli &#8220;kol&#8221; do v\u00f5i &#8220;kedal&#8221; teha. Alustage olevikust ja imperatiivist ning uurige j\u00e4rk-j\u00e4rgult mineviku ja tuleviku ajavorme.<\/p>\n\n\n\n<h3 class=\"wp-block-heading\" id=\"h-6-tenses\">6. Ajavormid:<\/h3>\n\n\n\n<p>P\u00e4rast verbivormide valdamist s\u00fcvenege pu\u0161tu ajavormi ja aspektide s\u00fcsteemi. See h\u00f5lmab oleviku, mineviku ja tuleviku m\u00f5istmist, samuti imperfektiivsete ja perfektiivsete aspektide kontrasti ning nende kasutamist erinevates kontekstides.<\/p>\n\n\n\n<h3 class=\"wp-block-heading\" id=\"h-7-tense-comparison\">7. Pingeline v\u00f5rdlus:<\/h3>\n\n\n\n<p>Pu\u0161tu keeles ajavormide v\u00f5rdlemine aitab m\u00f5ista s\u00fcndmuste aspekti ja jada. <a href=\"https:\/\/talkpal.ai\/locations\/language-courses-in-sama\/\">Sama<\/a> verbi v\u00f5rdlemine erinevates ajavormides, eriti perfektiivne versus imperfektiivne minevik, annab pu\u0161tu keele parema m\u00f5istmise.<\/p>\n\n\n\n<h3 class=\"wp-block-heading\" id=\"h-8-progressive\">8. Progressiivne:<\/h3>\n\n\n\n<p>Pu\u0161tu keele progressiivset aspekti v\u00e4ljendatakse sageli lihtsa olevikuga, eriti liitverbide puhul nagu &#8220;kar kol&#8221; t\u00f6\u00f6. Seda saab selges\u00f5naliseks teha ka osalusomaduss\u00f5nade abil, nagu &#8220;rawan&#8221;, mis k\u00e4ivad koos tegus\u00f5naga &#8220;olema&#8221;.<\/p>\n\n\n\n<h3 class=\"wp-block-heading\" id=\"h-9-perfect-progressive\">9. T\u00e4iuslik progressiivne:<\/h3>\n\n\n\n<p>Seda t\u00e4hendust v\u00e4ljendatakse tavaliselt ajav\u00e4ljendite ja aspektiliste konstruktsioonidega, n\u00e4iteks &#8220;keghegi &#8230; che + olevik&#8221; on juhtunud, et &#8230;, v\u00f5i kombineerides osalusvorme &#8220;olema&#8221; minevikuvormidega, olenevalt tegus\u00f5nast ja kontekstist.<\/p>\n\n\n\n<h3 class=\"wp-block-heading\" id=\"h-10-conditionals\">10. Tingimused:<\/h3>\n\n\n\n<p>Tingimused v\u00e4ljendavad h\u00fcpoteetilisi olukordi ja nende v\u00f5imalikke tulemusi. Pu\u0161tu keeles kasutage &#8220;ka&#8221; if. Reaaltingimustes kasutatakse sageli oleviku v\u00f5i tuleviku vorme, samas kui h\u00fcpoteetilised v\u00f5i kontrafaktuaalsed tingimused kasutavad minevikuvorme ja v\u00f5ivad sisaldada osakest &#8220;ba&#8221;, et v\u00e4ljendada oleks.<\/p>\n\n\n\n<h3 class=\"wp-block-heading\" id=\"h-11-adverbs\">11. M\u00e4\u00e4rs\u00f5nad:<\/h3>\n\n\n\n<p>Pu\u0161u keeles m\u00e4\u00e4rs\u00f5nadmuuta tegus\u00f5nu, omaduss\u00f5nu v\u00f5i muid m\u00e4\u00e4rs\u00f5nu. Need annavad teavet viisi, koha, aja, astme ja muu kohta ning on sageli moodustatud omaduss\u00f5nadest v\u00f5i v\u00e4ljendatud eess\u00f5nafraasidega.<\/p>\n\n\n\n<h3 class=\"wp-block-heading\" id=\"h-12-prepositions\">12. Eess\u00f5nad:<\/h3>\n\n\n\n<p>Eess\u00f5nad seovad s\u00f5nu ja fraase omavahel. Pu\u0161tu keeles on levinud eess\u00f5nad &#8220;pa&#8221;, &#8220;la&#8221;, &#8220;tar&#8221;, &#8220;par&#8221; ja &#8220;da&#8221;. Need v\u00e4ljendavad aja, koha, suuna, allika, valduse ja muu suhteid ning v\u00f5ivad n\u00f5uda ases\u00f5nade kaldus vorme.<\/p>\n\n\n\n<h3 class=\"wp-block-heading\" id=\"h-13-sentences\">13. Laused:<\/h3>\n\n\n\n<p>L\u00f5puks harjutage lausete koostamist. Pu\u0161tu keel j\u00e4rgib tavaliselt subjekti objekti verbide j\u00e4rjekorda, kusjuures verb on sageli l\u00f5pus. See h\u00f5lmab k\u00f5igi varem \u00f5pitud grammatikapunktide kasutamist kontekstis, tagades seel\u00e4bi pu\u0161tu keele igak\u00fclgse m\u00f5istmise.<\/p>\n<\/div><\/div>\n\r\n<section class=\"learnNavigationSection\">\r\n            \r\n        <a href=\"https:\/\/talkpal.ai\/et\/opi-pustu-keelt\/\">\r\n            <div class=\"learnNavigationWrapper\">\r\n                <div class=\"learnNavigationContent\">\r\n                    <img decoding=\"async\" src=\"https:\/\/talkpal.ai\/wp-content\/uploads\/2025\/11\/Pashto.png\" alt=\"Afghan Flag\">\r\n                    <div>\r\n                        <h4>Pu\u0161tu keele \u00f5ppimise kohta<\/h4>\r\n                        <p>Uurige k\u00f5ike pu\u0161tu grammatika kohta.<\/p>\r\n                    <\/div>\r\n                <\/div>\r\n            <\/div>\r\n        <\/a>\r\n\r\n        \r\n        <a href=\"https:\/\/talkpal.ai\/et\/pustu-grammatika\/\">\r\n            <div class=\"learnNavigationWrapper\">\r\n                <div class=\"learnNavigationContent\">\r\n                    <img decoding=\"async\" src=\"https:\/\/talkpal.ai\/wp-content\/uploads\/2025\/11\/Pashto.png\" alt=\"Afghan Flag\">\r\n                    <div>\r\n                        <h4>Pu\u0161tu grammatika tunnid<\/h4>\r\n                        <p>Harjutage pu\u0161tu keele grammatikat.<\/p>\r\n                    <\/div>\r\n                <\/div>\r\n            <\/div>\r\n        <\/a>\r\n\r\n            <\/section>","protected":false},"excerpt":{"rendered":"<p>Pu\u0161tu grammatika teemad Uue keele \u00f5ppimine v\u00f5ib olla keeruline, kuid rahuldust pakkuv ettev\u00f5tmine. Pu\u0161tu, ida-iraani keel, mida k\u00f5neldakse peamiselt Afganistanis ja Pakistanis, pole erand. Oma ainulaadsete omaduste ja struktuuridega n\u00f5uab pu\u0161tu keele \u00f5ppimine s\u00fcstemaatilist l\u00e4henemist selle grammatika m\u00f5istmiseks. Selles juhendis kirjeldatakse pu\u0161tu keele grammatika p\u00f5hivaldkondi keele\u00f5ppe loogilises j\u00e4rjestuses, alustades p\u00f5hit\u00f5dedest, nagu nimis\u00f5nad ja artiklid, ning [&hellip;]<\/p>\n","protected":false},"author":20,"featured_media":0,"parent":0,"menu_order":0,"comment_status":"closed","ping_status":"closed","template":"LearningContentPage.php","meta":{"_acf_changed":false,"footnotes":""},"class_list":["post-1475748","page","type-page","status-publish","hentry"],"acf":[],"yoast_head":"<!-- This site is optimized with the Yoast SEO Premium plugin v27.2 (Yoast SEO v27.2) - https:\/\/yoast.com\/product\/yoast-seo-premium-wordpress\/ -->\n<title>Pu\u0161tu grammatikaharjutused - Talkpal<\/title>\n<meta name=\"description\" content=\"\u00d5ppige \u00e4ra pashto keele grammatika p\u00f5hjalike harjutuste abil, mis h\u00f5lmavad noomenid, verbid, ajad ja lauseehitus, et keelt t\u00f5husalt \u00f5ppida.\" \/>\n<meta name=\"robots\" content=\"index, follow, max-snippet:-1, max-image-preview:large, max-video-preview:-1\" \/>\n<link rel=\"canonical\" href=\"https:\/\/talkpal.ai\/et\/pustu-grammatikaharjutused\/\" \/>\n<meta property=\"og:locale\" content=\"et_EE\" \/>\n<meta property=\"og:type\" content=\"article\" \/>\n<meta property=\"og:title\" content=\"Pu\u0161tu grammatikaharjutused\" \/>\n<meta property=\"og:description\" content=\"Pu\u0161tu grammatika teemad Uue keele \u00f5ppimine v\u00f5ib olla keeruline, kuid rahuldust pakkuv ettev\u00f5tmine. Pu\u0161tu, ida-iraani keel, mida k\u00f5neldakse peamiselt\" \/>\n<meta property=\"og:url\" content=\"https:\/\/talkpal.ai\/et\/pustu-grammatikaharjutused\/\" \/>\n<meta property=\"og:site_name\" content=\"Talkpal\" \/>\n<meta property=\"article:publisher\" content=\"https:\/\/www.facebook.com\/profile.php?id=100090733639311\" \/>\n<meta property=\"article:modified_time\" content=\"2025-12-30T11:38:53+00:00\" \/>\n<meta property=\"og:image\" content=\"https:\/\/talkpal.ai\/wp-content\/uploads\/2025\/02\/Progress-tab-16_9.png\" \/>\n\t<meta property=\"og:image:width\" content=\"2880\" \/>\n\t<meta property=\"og:image:height\" content=\"1620\" \/>\n\t<meta property=\"og:image:type\" content=\"image\/png\" \/>\n<meta name=\"twitter:card\" content=\"summary_large_image\" \/>\n<meta name=\"twitter:site\" content=\"@talkpalai\" \/>\n<meta name=\"twitter:label1\" content=\"Est. reading time\" \/>\n\t<meta name=\"twitter:data1\" content=\"3 minutit\" \/>\n<script type=\"application\/ld+json\" class=\"yoast-schema-graph\">{\"@context\":\"https:\/\/schema.org\",\"@graph\":[{\"@type\":\"WebPage\",\"@id\":\"https:\/\/talkpal.ai\/et\/pustu-grammatikaharjutused\/\",\"url\":\"https:\/\/talkpal.ai\/et\/pustu-grammatikaharjutused\/\",\"name\":\"Pu\u0161tu grammatikaharjutused - Talkpal\",\"isPartOf\":{\"@id\":\"https:\/\/talkpal.ai\/et\/#website\"},\"datePublished\":\"2025-11-12T16:22:22+00:00\",\"dateModified\":\"2025-12-30T11:38:53+00:00\",\"description\":\"\u00d5ppige \u00e4ra pashto keele grammatika p\u00f5hjalike harjutuste abil, mis h\u00f5lmavad noomenid, verbid, ajad ja lauseehitus, et keelt t\u00f5husalt \u00f5ppida.\",\"breadcrumb\":{\"@id\":\"https:\/\/talkpal.ai\/et\/pustu-grammatikaharjutused\/#breadcrumb\"},\"inLanguage\":\"et\",\"potentialAction\":[{\"@type\":\"ReadAction\",\"target\":[\"https:\/\/talkpal.ai\/et\/pustu-grammatikaharjutused\/\"]}]},{\"@type\":\"BreadcrumbList\",\"@id\":\"https:\/\/talkpal.ai\/et\/pustu-grammatikaharjutused\/#breadcrumb\",\"itemListElement\":[{\"@type\":\"ListItem\",\"position\":1,\"name\":\"Homepage\",\"item\":\"https:\/\/talkpal.ai\/et\/\"},{\"@type\":\"ListItem\",\"position\":2,\"name\":\"Pu\u0161tu grammatikaharjutused\"}]},{\"@type\":\"WebSite\",\"@id\":\"https:\/\/talkpal.ai\/et\/#website\",\"url\":\"https:\/\/talkpal.ai\/et\/\",\"name\":\"Talkpal\",\"description\":\"AI Language Learning\",\"publisher\":{\"@id\":\"https:\/\/talkpal.ai\/et\/#organization\"},\"alternateName\":\"Talkpal AI\",\"potentialAction\":[{\"@type\":\"SearchAction\",\"target\":{\"@type\":\"EntryPoint\",\"urlTemplate\":\"https:\/\/talkpal.ai\/et\/?s={search_term_string}\"},\"query-input\":{\"@type\":\"PropertyValueSpecification\",\"valueRequired\":true,\"valueName\":\"search_term_string\"}}],\"inLanguage\":\"et\"},{\"@type\":\"Organization\",\"@id\":\"https:\/\/talkpal.ai\/et\/#organization\",\"name\":\"Talkpal, Inc.\",\"alternateName\":\"Talkpal AI\",\"url\":\"https:\/\/talkpal.ai\/et\/\",\"logo\":{\"@type\":\"ImageObject\",\"inLanguage\":\"et\",\"@id\":\"https:\/\/talkpal.ai\/et\/#\/schema\/logo\/image\/\",\"url\":\"https:\/\/talkpal.ai\/wp-content\/uploads\/2024\/03\/Talkpal-Logo-Icon.png\",\"contentUrl\":\"https:\/\/talkpal.ai\/wp-content\/uploads\/2024\/03\/Talkpal-Logo-Icon.png\",\"width\":2880,\"height\":2880,\"caption\":\"Talkpal, Inc.\"},\"image\":{\"@id\":\"https:\/\/talkpal.ai\/et\/#\/schema\/logo\/image\/\"},\"sameAs\":[\"https:\/\/www.facebook.com\/profile.php?id=100090733639311\",\"https:\/\/x.com\/talkpalai\",\"https:\/\/www.linkedin.com\/company\/talkpal\/\",\"https:\/\/www.youtube.com\/@TalkPal\/\",\"https:\/\/www.tiktok.com\/@talkpal\",\"https:\/\/www.instagram.com\/talkpal_ai\/\",\"https:\/\/www.crunchbase.com\/organization\/talkpal-9cde\",\"https:\/\/www.g2.com\/products\/talkpal-for-business\/\",\"https:\/\/www.trustpilot.com\/review\/talkpal.ai\",\"https:\/\/www.capterra.com\/p\/10006800\/TalkPal\/\"],\"description\":\"Talkpal is a language learning web and mobile education app, powered by the latest AI technologies, that provides engaging experiences to its customers in many different languages to help them improve their language skills. Users can chat about unlimited amount of topics with the app and use other modes to practice their language learning.\",\"email\":\"support@talkpal.ai\",\"legalName\":\"Talkpal, Inc.\",\"foundingDate\":\"2023-04-03\",\"duns\":\"118989042\",\"numberOfEmployees\":{\"@type\":\"QuantitativeValue\",\"minValue\":\"11\",\"maxValue\":\"50\"},\"publishingPrinciples\":\"https:\/\/talkpal.ai\/publishing-principles\/\",\"actionableFeedbackPolicy\":\"https:\/\/talkpal.ai\/actionable-feedback-policy\/\",\"correctionsPolicy\":\"https:\/\/talkpal.ai\/corrections-policy\/\",\"ethicsPolicy\":\"https:\/\/talkpal.ai\/ethics-policy\/\",\"diversityPolicy\":\"https:\/\/talkpal.ai\/diversity-policy\/\",\"diversityStaffingReport\":\"https:\/\/talkpal.ai\/diversity-policy\/\"}]}<\/script>\n<!-- \/ Yoast SEO Premium plugin. -->","yoast_head_json":{"title":"Pu\u0161tu grammatikaharjutused - Talkpal","description":"\u00d5ppige \u00e4ra pashto keele grammatika p\u00f5hjalike harjutuste abil, mis h\u00f5lmavad noomenid, verbid, ajad ja lauseehitus, et keelt t\u00f5husalt \u00f5ppida.","robots":{"index":"index","follow":"follow","max-snippet":"max-snippet:-1","max-image-preview":"max-image-preview:large","max-video-preview":"max-video-preview:-1"},"canonical":"https:\/\/talkpal.ai\/et\/pustu-grammatikaharjutused\/","og_locale":"et_EE","og_type":"article","og_title":"Pu\u0161tu grammatikaharjutused","og_description":"Pu\u0161tu grammatika teemad Uue keele \u00f5ppimine v\u00f5ib olla keeruline, kuid rahuldust pakkuv ettev\u00f5tmine. Pu\u0161tu, ida-iraani keel, mida k\u00f5neldakse peamiselt","og_url":"https:\/\/talkpal.ai\/et\/pustu-grammatikaharjutused\/","og_site_name":"Talkpal","article_publisher":"https:\/\/www.facebook.com\/profile.php?id=100090733639311","article_modified_time":"2025-12-30T11:38:53+00:00","og_image":[{"width":2880,"height":1620,"url":"https:\/\/talkpal.ai\/wp-content\/uploads\/2025\/02\/Progress-tab-16_9.png","type":"image\/png"}],"twitter_card":"summary_large_image","twitter_site":"@talkpalai","twitter_misc":{"Est. reading time":"3 minutit"},"schema":{"@context":"https:\/\/schema.org","@graph":[{"@type":"WebPage","@id":"https:\/\/talkpal.ai\/et\/pustu-grammatikaharjutused\/","url":"https:\/\/talkpal.ai\/et\/pustu-grammatikaharjutused\/","name":"Pu\u0161tu grammatikaharjutused - Talkpal","isPartOf":{"@id":"https:\/\/talkpal.ai\/et\/#website"},"datePublished":"2025-11-12T16:22:22+00:00","dateModified":"2025-12-30T11:38:53+00:00","description":"\u00d5ppige \u00e4ra pashto keele grammatika p\u00f5hjalike harjutuste abil, mis h\u00f5lmavad noomenid, verbid, ajad ja lauseehitus, et keelt t\u00f5husalt \u00f5ppida.","breadcrumb":{"@id":"https:\/\/talkpal.ai\/et\/pustu-grammatikaharjutused\/#breadcrumb"},"inLanguage":"et","potentialAction":[{"@type":"ReadAction","target":["https:\/\/talkpal.ai\/et\/pustu-grammatikaharjutused\/"]}]},{"@type":"BreadcrumbList","@id":"https:\/\/talkpal.ai\/et\/pustu-grammatikaharjutused\/#breadcrumb","itemListElement":[{"@type":"ListItem","position":1,"name":"Homepage","item":"https:\/\/talkpal.ai\/et\/"},{"@type":"ListItem","position":2,"name":"Pu\u0161tu grammatikaharjutused"}]},{"@type":"WebSite","@id":"https:\/\/talkpal.ai\/et\/#website","url":"https:\/\/talkpal.ai\/et\/","name":"Talkpal","description":"AI Language Learning","publisher":{"@id":"https:\/\/talkpal.ai\/et\/#organization"},"alternateName":"Talkpal AI","potentialAction":[{"@type":"SearchAction","target":{"@type":"EntryPoint","urlTemplate":"https:\/\/talkpal.ai\/et\/?s={search_term_string}"},"query-input":{"@type":"PropertyValueSpecification","valueRequired":true,"valueName":"search_term_string"}}],"inLanguage":"et"},{"@type":"Organization","@id":"https:\/\/talkpal.ai\/et\/#organization","name":"Talkpal, Inc.","alternateName":"Talkpal AI","url":"https:\/\/talkpal.ai\/et\/","logo":{"@type":"ImageObject","inLanguage":"et","@id":"https:\/\/talkpal.ai\/et\/#\/schema\/logo\/image\/","url":"https:\/\/talkpal.ai\/wp-content\/uploads\/2024\/03\/Talkpal-Logo-Icon.png","contentUrl":"https:\/\/talkpal.ai\/wp-content\/uploads\/2024\/03\/Talkpal-Logo-Icon.png","width":2880,"height":2880,"caption":"Talkpal, Inc."},"image":{"@id":"https:\/\/talkpal.ai\/et\/#\/schema\/logo\/image\/"},"sameAs":["https:\/\/www.facebook.com\/profile.php?id=100090733639311","https:\/\/x.com\/talkpalai","https:\/\/www.linkedin.com\/company\/talkpal\/","https:\/\/www.youtube.com\/@TalkPal\/","https:\/\/www.tiktok.com\/@talkpal","https:\/\/www.instagram.com\/talkpal_ai\/","https:\/\/www.crunchbase.com\/organization\/talkpal-9cde","https:\/\/www.g2.com\/products\/talkpal-for-business\/","https:\/\/www.trustpilot.com\/review\/talkpal.ai","https:\/\/www.capterra.com\/p\/10006800\/TalkPal\/"],"description":"Talkpal is a language learning web and mobile education app, powered by the latest AI technologies, that provides engaging experiences to its customers in many different languages to help them improve their language skills. Users can chat about unlimited amount of topics with the app and use other modes to practice their language learning.","email":"support@talkpal.ai","legalName":"Talkpal, Inc.","foundingDate":"2023-04-03","duns":"118989042","numberOfEmployees":{"@type":"QuantitativeValue","minValue":"11","maxValue":"50"},"publishingPrinciples":"https:\/\/talkpal.ai\/publishing-principles\/","actionableFeedbackPolicy":"https:\/\/talkpal.ai\/actionable-feedback-policy\/","correctionsPolicy":"https:\/\/talkpal.ai\/corrections-policy\/","ethicsPolicy":"https:\/\/talkpal.ai\/ethics-policy\/","diversityPolicy":"https:\/\/talkpal.ai\/diversity-policy\/","diversityStaffingReport":"https:\/\/talkpal.ai\/diversity-policy\/"}]}},"_links":{"self":[{"href":"https:\/\/talkpal.ai\/et\/wp-json\/wp\/v2\/pages\/1475748","targetHints":{"allow":["GET"]}}],"collection":[{"href":"https:\/\/talkpal.ai\/et\/wp-json\/wp\/v2\/pages"}],"about":[{"href":"https:\/\/talkpal.ai\/et\/wp-json\/wp\/v2\/types\/page"}],"author":[{"embeddable":true,"href":"https:\/\/talkpal.ai\/et\/wp-json\/wp\/v2\/users\/20"}],"replies":[{"embeddable":true,"href":"https:\/\/talkpal.ai\/et\/wp-json\/wp\/v2\/comments?post=1475748"}],"version-history":[{"count":0,"href":"https:\/\/talkpal.ai\/et\/wp-json\/wp\/v2\/pages\/1475748\/revisions"}],"wp:attachment":[{"href":"https:\/\/talkpal.ai\/et\/wp-json\/wp\/v2\/media?parent=1475748"}],"curies":[{"name":"wp","href":"https:\/\/api.w.org\/{rel}","templated":true}]}}